{"id":3123,"date":"2020-08-17T14:36:07","date_gmt":"2020-08-17T14:36:07","guid":{"rendered":"https:\/\/www.datacolor.com\/colorreader\/welcome-to-colorreader-ez\/"},"modified":"2021-02-02T07:56:37","modified_gmt":"2021-02-02T07:56:37","slug":"welcome-to-colorreader-ez","status":"publish","type":"page","link":"https:\/\/www.datacolor.com\/colorreader\/es\/welcome-to-colorreader-ez\/","title":{"rendered":"Bienvenido a ColorReader EZ"},"content":{"rendered":"<div class=\"wpb-content-wrapper\"><p>[vc_row type=\u00bbboxed\u00bb el_id=\u00bbwelcome_hero\u00bb][vc_column][vc_column_text]<\/p>\n<h1 style=\"font-size: 3em; line-height: 95px; margin: 0px 16px 0px;\"><strong>Bienvenido a ColorReader EZ!<\/strong><\/h1>\n<p>[\/vc_column_text][vc_row_inner][vc_column_inner width=\u00bb7\/12&#8243;][vc_column_text el_class=\u00bbwelcome_intro\u00bb css=\u00bb.vc_custom_1597724562133{padding-top: 60px !important;padding-right: 15px !important;padding-bottom: 60px !important;padding-left: 15px !important;}\u00bb]\u00a1Prep\u00e1rese para la diversi\u00f3n de elegir el color de la pintura para su hogar! ColorReader EZ elimina la suposici\u00f3n y el estr\u00e9s de encontrar los colores adecuados para cualquier habitaci\u00f3n o proyecto.<\/p>\n<p>El color deber\u00eda hacerle feliz: ColorReader EZ est\u00e1 aqu\u00ed para ayudarle..[\/vc_column_text][\/vc_column_inner][vc_column_inner width=\u00bb5\/12&#8243;][vc_single_image image=\u00bb3435&#8243; img_size=\u00bblarge\u00bb alignment=\u00bbcenter\u00bb][\/vc_column_inner][\/vc_row_inner][\/vc_column][\/vc_row][vc_row type=\u00bbfull-nopad\u00bb css=\u00bb.vc_custom_1597851758457{margin-top: 32px !important;margin-bottom: 32px !important;padding-top: 0px !important;padding-bottom: 0px !important;background-color: #e8e8e8 !important;}\u00bb][vc_column][vc_column_text css=\u00bb.vc_custom_1597851724108{padding-top: 60px !important;padding-bottom: 60px !important;}\u00bb]<\/p>\n<h2 style=\"text-align: center; font-size: 2.5em;\"><strong>Empezando<\/strong><\/h2>\n<p>[\/vc_column_text][\/vc_column][\/vc_row][vc_row type=\u00bbboxed\u00bb content_placement=\u00bbmiddle\u00bb][vc_column width=\u00bb1\/2&#8243; css=\u00bb.vc_custom_1597677566038{padding-right: 64px !important;}\u00bb][vc_column_text css=\u00bb.vc_custom_1598259622354{margin-left: 64px !important;}\u00bb el_class=\u00bbgetstart_content\u00bb]<\/p>\n<ol>\n<li>Primero, descargue, instale y active la aplicaci\u00f3n Datacolor ColorReader en su tel\u00e9fono (consulte las tiendas de aplicaciones a continuaci\u00f3n).<\/li>\n<li>Presione el bot\u00f3n en el dispositivo (junto al nombre de Datacolor) para iniciar ColorReader EZ. El bot\u00f3n se iluminar\u00e1 cuando el dispositivo est\u00e9 encendido.<\/li>\n<li>Siga las simples instrucciones en la aplicaci\u00f3n para activar su dispositivo.<\/li>\n<li>Calibre su ColorReader EZ simplemente presionando la opci\u00f3n\u00bbCalibrar\u00bb que aparece en la aplicaci\u00f3n. Una vez que su dispositivo est\u00e9 calibrado, en la parte inferior del dispositivo, busque la tapa (como se ve en la foto de la derecha) y g\u00edrela hacia atr\u00e1s. \u00a1Ahora est\u00e1 listo para comenzar a combinar sus colores favoritos!<\/li>\n<li>Con la aplicaci\u00f3n ColorReader EZ abierta, coloque su dispositivo, con la apertura hacia abajo, sobre la superficie lisa y plana de cualquier color s\u00f3lido que desee igualar y toque el bot\u00f3n \u00abLeer\u00bb que aparece en la aplicaci\u00f3n de su tel\u00e9fono o presione el bot\u00f3n derecho en el dispositivo. \u00a1Ver\u00e1 instant\u00e1neamente sus 3 mejores combinaciones de colores de pintura! Toque el bot\u00f3n \u00abInformaci\u00f3n\u00bb para ver los valores de color medidos.<\/li>\n<\/ol>\n<p>[\/vc_column_text][\/vc_column][vc_column width=\u00bb1\/6&#8243; css=\u00bb.vc_custom_1597677764872{margin-right: -64px !important;}\u00bb][\/vc_column][vc_column width=\u00bb1\/3&#8243;][vc_single_image image=\u00bb2826&#8243; img_size=\u00bblarge\u00bb alignment=\u00bbright\u00bb][\/vc_column][\/vc_row][vc_row css=\u00bb.vc_custom_1597677636467{margin-top: 64px !important;margin-bottom: 64px !important;}\u00bb][vc_column width=\u00bb1\/3&#8243; offset=\u00bbvc_hidden-sm vc_hidden-xs\u00bb][\/vc_column][vc_column width=\u00bb1\/2&#8243; offset=\u00bbvc_col-lg-2 vc_col-md-2 vc_col-xs-12&#8243; css=\u00bb.vc_custom_1597725624732{padding-top: 20px !important;padding-bottom: 20px !important;}\u00bb][vc_single_image image=\u00bb2810&#8243; img_size=\u00bbfull\u00bb alignment=\u00bbcenter\u00bb onclick=\u00bbcustom_link\u00bb link=\u00bbhttps:\/\/itunes.apple.com\/us\/app\/datacolor-colorreader\/id1217566816&#8243;][\/vc_column][vc_column width=\u00bb1\/2&#8243; offset=\u00bbvc_col-lg-2 vc_col-md-2&#8243; css=\u00bb.vc_custom_1597725637005{padding-top: 20px !important;padding-bottom: 20px !important;}\u00bb][vc_single_image image=\u00bb2806&#8243; img_size=\u00bbfull\u00bb alignment=\u00bbcenter\u00bb onclick=\u00bbcustom_link\u00bb img_link_target=\u00bb_blank\u00bb link=\u00bbhttps:\/\/play.google.com\/store\/apps\/details?id=com.datacolor.colorreader\u00bb][\/vc_column][vc_column width=\u00bb1\/3&#8243; offset=\u00bbvc_hidden-sm vc_hidden-xs\u00bb][\/vc_column][\/vc_row][vc_row type=\u00bbboxed\u00bb equal_height=\u00bbyes\u00bb el_class=\u00bbdownloads\u00bb][vc_column css=\u00bb.vc_custom_1612252266751{margin-bottom: 32px !important;}\u00bb offset=\u00bbvc_col-lg-6 vc_col-md-6&#8243; el_class=\u00bbdownload_content\u00bb][vc_row_inner css=\u00bb.vc_custom_1612252385405{padding-top: 32px !important;}\u00bb][vc_column_inner][vc_column_text css=\u00bb.vc_custom_1598267625661{padding-right: 32px !important;padding-left: 32px !important;}\u00bb]<\/p>\n<h2>Descargar Gu\u00eda del Usuario<\/h2>\n<p>[\/vc_column_text][\/vc_column_inner][vc_column_inner width=\u00bb1\/2&#8243; css=\u00bb.vc_custom_1612252541171{padding-bottom: 32px !important;}\u00bb offset=\u00bbvc_col-lg-4 vc_col-xs-6&#8243;]\r\n\t\t\t<div class=\"nm_btn_align_center\">\r\n\t\t\t\t<a href=\"\/colorreader\/docs\/ColorReaderEZ-UserGuide-EN.pdf\" class=\"nm_btn nm_btn_md nm_btn_filled\">\r\n\t\t\t\t\t<span class=\"nm_btn_title\">Ingl\u00e9s<\/span>\r\n\t\t\t\t\t<span class=\"nm_btn_bg\" style=\"background-color:#dd3333;\"><\/span>\r\n\t\t\t\t<\/a>\r\n\t\t\t<\/div>[\/vc_column_inner][vc_column_inner width=\u00bb1\/2&#8243; css=\u00bb.vc_custom_1612252548136{padding-bottom: 32px !important;}\u00bb offset=\u00bbvc_col-lg-4 vc_col-xs-6&#8243;]\r\n\t\t\t<div class=\"nm_btn_align_center\">\r\n\t\t\t\t<a href=\"\/colorreader\/docs\/ColorReaderEZ-UserGuide-DE.pdf\" class=\"nm_btn nm_btn_md nm_btn_filled\">\r\n\t\t\t\t\t<span class=\"nm_btn_title\">Alem\u00e1n<\/span>\r\n\t\t\t\t\t<span class=\"nm_btn_bg\" style=\"background-color:#dd3333;\"><\/span>\r\n\t\t\t\t<\/a>\r\n\t\t\t<\/div>[\/vc_column_inner][vc_column_inner width=\u00bb1\/2&#8243; css=\u00bb.vc_custom_1612252555370{padding-bottom: 32px !important;}\u00bb offset=\u00bbvc_col-lg-4 vc_col-xs-6&#8243;]\r\n\t\t\t<div class=\"nm_btn_align_center\">\r\n\t\t\t\t<a href=\"\/colorreader\/docs\/ColorReaderEZ-UserGuide-FR.pdf\" class=\"nm_btn nm_btn_md nm_btn_filled\">\r\n\t\t\t\t\t<span class=\"nm_btn_title\">French<\/span>\r\n\t\t\t\t\t<span class=\"nm_btn_bg\" style=\"background-color:#dd3333;\"><\/span>\r\n\t\t\t\t<\/a>\r\n\t\t\t<\/div>[\/vc_column_inner][\/vc_row_inner][\/vc_column][vc_column css=\u00bb.vc_custom_1612252262590{margin-bottom: 32px !important;}\u00bb el_class=\u00bbdownload_content\u00bb offset=\u00bbvc_col-lg-6 vc_col-md-6&#8243;][vc_row_inner css=\u00bb.vc_custom_1612252385405{padding-top: 32px !important;}\u00bb][vc_column_inner][vc_column_text css=\u00bb.vc_custom_1598267702476{border-right-width: 16px !important;border-left-width: 16px !important;padding-right: 32px !important;padding-left: 32px !important;border-left-color: #ffffff !important;border-right-color: #ffffff !important;}\u00bb]<\/p>\n<h2>Descargar preguntas frecuentes<\/h2>\n<p>[\/vc_column_text][\/vc_column_inner][vc_column_inner width=\u00bb1\/2&#8243; css=\u00bb.vc_custom_1612252565414{padding-bottom: 32px !important;}\u00bb offset=\u00bbvc_col-lg-4 vc_col-xs-6&#8243;]\r\n\t\t\t<div class=\"nm_btn_align_center\">\r\n\t\t\t\t<a href=\"\/colorreader\/docs\/ColorReaderEZ-FAQs-ES.pdf\" class=\"nm_btn nm_btn_md nm_btn_filled\">\r\n\t\t\t\t\t<span class=\"nm_btn_title\">Espa\u00f1ol<\/span>\r\n\t\t\t\t\t<span class=\"nm_btn_bg\" style=\"background-color:#dd3333;\"><\/span>\r\n\t\t\t\t<\/a>\r\n\t\t\t<\/div>[\/vc_column_inner][vc_column_inner width=\u00bb1\/2&#8243; css=\u00bb.vc_custom_1612252571050{padding-bottom: 32px !important;}\u00bb offset=\u00bbvc_col-lg-4 vc_col-xs-6&#8243;]\r\n\t\t\t<div class=\"nm_btn_align_center\">\r\n\t\t\t\t<a href=\"\/colorreader\/docs\/ColorReaderEZ-FAQs-EN.pdf\" class=\"nm_btn nm_btn_md nm_btn_filled\">\r\n\t\t\t\t\t<span class=\"nm_btn_title\">Ingl\u00e9s<\/span>\r\n\t\t\t\t\t<span class=\"nm_btn_bg\" style=\"background-color:#dd3333;\"><\/span>\r\n\t\t\t\t<\/a>\r\n\t\t\t<\/div>[\/vc_column_inner][vc_column_inner width=\u00bb1\/2&#8243; css=\u00bb.vc_custom_1612252576833{padding-bottom: 32px !important;}\u00bb offset=\u00bbvc_col-lg-4 vc_col-xs-6&#8243;]\r\n\t\t\t<div class=\"nm_btn_align_center\">\r\n\t\t\t\t<a href=\"\/colorreader\/docs\/ColorReaderEZ-FAQs-DE.pdf\" class=\"nm_btn nm_btn_md nm_btn_filled\">\r\n\t\t\t\t\t<span class=\"nm_btn_title\">Alem\u00e1n<\/span>\r\n\t\t\t\t\t<span class=\"nm_btn_bg\" style=\"background-color:#dd3333;\"><\/span>\r\n\t\t\t\t<\/a>\r\n\t\t\t<\/div>[\/vc_column_inner][vc_column_inner width=\u00bb1\/2&#8243; css=\u00bb.vc_custom_1612252582491{padding-bottom: 32px !important;}\u00bb offset=\u00bbvc_col-lg-4 vc_col-xs-6&#8243;]\r\n\t\t\t<div class=\"nm_btn_align_center\">\r\n\t\t\t\t<a href=\"\/colorreader\/docs\/ColorReaderEZ-FAQs-FR.pdf\" class=\"nm_btn nm_btn_md nm_btn_filled\">\r\n\t\t\t\t\t<span class=\"nm_btn_title\">Franc\u00e9s<\/span>\r\n\t\t\t\t\t<span class=\"nm_btn_bg\" style=\"background-color:#dd3333;\"><\/span>\r\n\t\t\t\t<\/a>\r\n\t\t\t<\/div>[\/vc_column_inner][vc_column_inner width=\u00bb1\/2&#8243; css=\u00bb.vc_custom_1612252588221{padding-bottom: 32px !important;}\u00bb offset=\u00bbvc_col-lg-4 vc_col-xs-6&#8243;]\r\n\t\t\t<div class=\"nm_btn_align_center\">\r\n\t\t\t\t<a href=\"\/colorreader\/docs\/ColorReaderEZ-FAQs-IT.pdf\" class=\"nm_btn nm_btn_md nm_btn_filled\">\r\n\t\t\t\t\t<span class=\"nm_btn_title\">Italian<\/span>\r\n\t\t\t\t\t<span class=\"nm_btn_bg\" style=\"background-color:#dd3333;\"><\/span>\r\n\t\t\t\t<\/a>\r\n\t\t\t<\/div>[\/vc_column_inner][vc_column_inner width=\u00bb1\/2&#8243; css=\u00bb.vc_custom_1612252594428{padding-bottom: 32px !important;}\u00bb offset=\u00bbvc_col-lg-4 vc_col-xs-6&#8243;]\r\n\t\t\t<div class=\"nm_btn_align_center\">\r\n\t\t\t\t<a href=\"\/colorreader\/docs\/ColorReaderEZ-FAQs-RU.pdf\" class=\"nm_btn nm_btn_md nm_btn_filled\">\r\n\t\t\t\t\t<span class=\"nm_btn_title\">Ruso<\/span>\r\n\t\t\t\t\t<span class=\"nm_btn_bg\" style=\"background-color:#dd3333;\"><\/span>\r\n\t\t\t\t<\/a>\r\n\t\t\t<\/div>[\/vc_column_inner][\/vc_row_inner][\/vc_column][\/vc_row][vc_row type=\u00bbboxed\u00bb css=\u00bb.vc_custom_1597677486335{margin-top: 64px !important;}\u00bb][vc_column width=\u00bb2\/3&#8243;][vc_column_text]<\/p>\n<h3><b>\u00a1Vamos a colorear!<\/b><\/h3>\n<p>Lleve su ColorReader EZ port\u00e1til con Bluetooth ah\u00ed donde vaya para capturar la inspiraci\u00f3n del color desde cualquier lugar. Guarde sus colores, cree las paletas de colores que le gustan y comp\u00e1rtalas con familiares, amigos, dise\u00f1adores, contratistas de pintura&#8230; con cualquier persona.<\/p>\n<p>Una vez que haya encontrado su coincidencia de color, t\u00f3quelo para encontrar el bot\u00f3n \u00abCoordinar colores\u00bb, que responde a la pregunta \u00ab\u00bfQu\u00e9 colores van con esto?\u00bb antes de que preguntes! Utilice los colores coordinados que obtiene al combinar un color de pintura para cualquier cosa, desde una pared en sdu habitaci\u00f3n, para pintar muebles, almohadas, cubiertas de ventanas, cubiertas de pisos y m\u00e1s! [\/vc_column_text][\/vc_column][vc_column width=\u00bb1\/3&#8243;][vc_single_image image=\u00bb2874&#8243; img_size=\u00bblarge\u00bb alignment=\u00bbright\u00bb][\/vc_column][\/vc_row][vc_row type=\u00bbboxed\u00bb css=\u00bb.vc_custom_1597677455197{margin-top: 64px !important;}\u00bb][vc_column][vc_column_text]<\/p>\n<h3><b>Insp\u00edrese<\/b><\/h3>\n<p>\u00a1La inspiraci\u00f3n de los colores est\u00e1 a nuestro alrededor! Eche un vistazo a estas coloridas formas en las que ColorReader EZ puede ser utilizado para combinar, coordinar e incorporar sus colores favoritos en la decoraci\u00f3n de su casa.[\/vc_column_text][\/vc_column][\/vc_row][vc_row type=\u00bbboxed\u00bb css=\u00bb.vc_custom_1597677670376{margin-top: 64px !important;margin-bottom: 64px !important;}\u00bb][vc_column width=\u00bb1\/3&#8243;][vc_single_image image=\u00bb2832&#8243; img_size=\u00bblarge\u00bb][vc_column_text css=\u00bb.vc_custom_1597677413388{margin-top: 32px !important;}\u00bb]<strong>Una guarder\u00eda de cuento de hadas<\/strong>[\/vc_column_text][vc_column_text]La repetici\u00f3n de colores ayuda a unificar el aspecto de una habitaci\u00f3n, d\u00e1ndole ese aspecto de \u00abacabado\u00bb. Intente repetir un color en una habitaci\u00f3n 2 o 3 veces para obtener un aspecto coherente. Para una guarder\u00eda, piense en accesorios como juguetes o estampados de pared, ventanas o suelos, ropa de cama, paredes principales, librer\u00edas, juegos de escritorio y m\u00e1s para repetir los colores. El uso de ColorReader EZ facilita la combinaci\u00f3n de colores de la pintura y otros elementos de la habitaci\u00f3n para un aspecto que te encantar\u00e1.[\/vc_column_text][\/vc_column][vc_column width=\u00bb1\/3&#8243;][vc_single_image image=\u00bb2840&#8243; img_size=\u00bblarge\u00bb][vc_column_text css=\u00bb.vc_custom_1597677407830{margin-top: 32px !important;}\u00bb]<strong>Esp\u00edritu de equipo<\/strong>[\/vc_column_text][vc_column_text]\u00bfEs usted o alguien en su casa un fan\u00e1tico de los deportes? Ya sea que tu fanatismos se centren en deportistas profesionales o aficionados, abraza ese atleta que llevas dentro usando los colores de su equipo favorito como inspiraci\u00f3n para una paleta de color de una habitaci\u00f3n. ColorReader EZ hace que sea r\u00e1pido e impecable conseguir una combinaci\u00f3n perfecta de colores.[\/vc_column_text][\/vc_column][vc_column width=\u00bb1\/3&#8243;][vc_single_image image=\u00bb2836&#8243; img_size=\u00bblarge\u00bb][vc_column_text css=\u00bb.vc_custom_1597677401823{margin-top: 32px !important;}\u00bb]<strong>Siempre a la moda<\/strong>[\/vc_column_text][vc_column_text]\u00bfPor qu\u00e9 limitar los colores que te favorecen a tu vestuario y accesorios? Rod\u00e9ase de colores que le gusten y que le gustar\u00eda tambi\u00e9n tener en la paleta de colores de su habitaci\u00f3n. Escoja su jersey, zapatos o esmalte de u\u00f1as favorito y luego use ColorReader EZ para encontrar la combinaci\u00f3n de colores de pintura perfecta para usar en sus paredes.[\/vc_column_text][\/vc_column][\/vc_row][vc_row type=\u00bbfull-nopad\u00bb css=\u00bb.vc_custom_1597724864705{margin-top: 32px !important;margin-bottom: 32px !important;padding-top: 32px !important;padding-bottom: 32px !important;background-color: #e8e8e8 !important;}\u00bb][vc_column][vc_column_text css=\u00bb.vc_custom_1597730034477{padding-top: 60px !important;padding-bottom: 60px !important;}\u00bb]<\/p>\n<h2 style=\"text-align: center;\">Visite <strong><a href=\"\/?page_id=758\">nuestro blog<\/a><\/strong> para obtener m\u00e1s ideas inspiradoras y consejos \u00fatiles sobre el color.<\/h2>\n<p>[\/vc_column_text][\/vc_column][\/vc_row]<\/p>\n<\/div>","protected":false},"excerpt":{"rendered":"<p>[vc_row type=\u00bbboxed\u00bb el_id=\u00bbwelcome_hero\u00bb][vc_column][vc_column_text] Bienvenido a ColorReader EZ! [\/vc_column_text][vc_row_inner][vc_column_inner width=\u00bb7\/12&#8243;][vc_column_text el_class=\u00bbwelcome_intro\u00bb css=\u00bb.vc_custom_1597724562133{padding-top: 60px !important;padding-right: 15px !important;padding-bottom: 60px !important;padding-left: 15px !important;}\u00bb]\u00a1Prep\u00e1rese para la diversi\u00f3n de elegir el color de la pintura para su hogar! ColorReader EZ elimina la suposici\u00f3n y el estr\u00e9s de encontrar los colores adecuados para cualquier habitaci\u00f3n o proyecto. El color deber\u00eda hacerle feliz: &hellip;<\/p>\n","protected":false},"author":2,"featured_media":0,"parent":0,"menu_order":0,"comment_status":"closed","ping_status":"closed","template":"","meta":{"footnotes":""},"class_list":["post-3123","page","type-page","status-publish","hentry"],"_links":{"self":[{"href":"https:\/\/www.datacolor.com\/colorreader\/es\/wp-json\/wp\/v2\/pages\/3123","targetHints":{"allow":["GET"]}}],"collection":[{"href":"https:\/\/www.datacolor.com\/colorreader\/es\/wp-json\/wp\/v2\/pages"}],"about":[{"href":"https:\/\/www.datacolor.com\/colorreader\/es\/wp-json\/wp\/v2\/types\/page"}],"author":[{"embeddable":true,"href":"https:\/\/www.datacolor.com\/colorreader\/es\/wp-json\/wp\/v2\/users\/2"}],"replies":[{"embeddable":true,"href":"https:\/\/www.datacolor.com\/colorreader\/es\/wp-json\/wp\/v2\/comments?post=3123"}],"version-history":[{"count":0,"href":"https:\/\/www.datacolor.com\/colorreader\/es\/wp-json\/wp\/v2\/pages\/3123\/revisions"}],"wp:attachment":[{"href":"https:\/\/www.datacolor.com\/colorreader\/es\/wp-json\/wp\/v2\/media?parent=3123"}],"curies":[{"name":"wp","href":"https:\/\/api.w.org\/{rel}","templated":true}]}}