{"id":9108,"date":"2020-06-24T13:02:41","date_gmt":"2020-06-24T13:02:41","guid":{"rendered":"https:\/\/www.datacolor.com\/colorreader\/home\/"},"modified":"2023-01-24T13:21:52","modified_gmt":"2023-01-24T13:21:52","slug":"home","status":"publish","type":"page","link":"https:\/\/www.datacolor.com\/colorreader\/es\/","title":{"rendered":"Home"},"content":{"rendered":"<div class=\"wpb-content-wrapper\"><p>[vc_row css=\u00bb.vc_custom_1592967808068{margin-bottom: 60px !important;}\u00bb][vc_column]<div class=\"nm-banner-slider plugin-slick pagination-color-gray slick-slider slick-dots-inside has-pagination pagination-mobile-inside pagination-left\" data-adaptive-height=\"true\" data-arrows=\"true\" data-dots=\"true\" data-infinite=\"true\">\r\n\t\t\t<div class=\"nm-banner content-full image-type-fluid text-color-dark subtitle-below alt-mobile-layout\" style=\"background-color: #f3f3f3;\"><img decoding=\"async\" src=\"https:\/\/www.datacolor.com\/colorreader\/wp-content\/uploads\/2020\/09\/homepage-carousel_1.png\" alt=\"homepage carousel_1\" \/>\r\n\t\t\t\t<div class=\"nm-banner-content\">\r\n\t\t\t\t\t<div class=\"nm-banner-content-inner h_left v_center align_left\">\r\n\t\t\t\t\t\t<div class=\"nm-banner-text large\" style=\"max-width:45%;\">\r\n\t\t\t\t\t\t\t<div class=\"nm-banner-text-inner\"><h1 class=\"nm-banner-title\">Gesti\u00f3n precisa del color en un instante<\/h1><h2 class=\"nm-banner-subtitle nm-alt-font\">Desde datos de color precisos hasta coincidencias de color de pintura sin fisuras, Colorreader es el dispositivo de medici\u00f3n del color para obtener resultados profesionales cuando el color es importante.<\/h2><a href=\"https:\/\/www.datacolor.com\/colorreader\/es\/productos\/\" class=\"nm-banner-link type-btn\">M\u00e1s informaci\u00f3n<\/a><\/div>\r\n\t\t\t\t\t\t<\/div>\r\n\t\t\t\t\t<\/div>\r\n\t\t\t\t<\/div>\r\n\t\t\t<\/div>\r\n\t\t\t<div class=\"nm-banner content-full image-type-fluid text-color-dark subtitle-below alt-mobile-layout\" style=\"background-color: #f3f3f3;\"><img decoding=\"async\" src=\"https:\/\/www.datacolor.com\/colorreader\/wp-content\/uploads\/2020\/09\/homepage-carousel_2.png\" alt=\"homepage carousel_2\" \/>\r\n\t\t\t\t<div class=\"nm-banner-content\">\r\n\t\t\t\t\t<div class=\"nm-banner-content-inner h_left v_center align_left\">\r\n\t\t\t\t\t\t<div class=\"nm-banner-text large\" style=\"max-width:45%;\">\r\n\t\t\t\t\t\t\t<div class=\"nm-banner-text-inner\"><h1 class=\"nm-banner-title\">ColorReader EZ: combinaci\u00f3n precisa de colores para tu hogar y tus proyectos creativos<\/h1><h2 class=\"nm-banner-subtitle nm-alt-font\">F\u00e1cil de usar, ColorReader EZ te da la confianza en el color que har\u00e1 que todos los proyectos de bricolaje est\u00e9n libres de estr\u00e9s.<\/h2><a href=\"https:\/\/www.datacolor.com\/colorreader\/es\/productos\/colorreader-ez\/\" class=\"nm-banner-link type-btn\">M\u00e1s informaci\u00f3n<\/a><\/div>\r\n\t\t\t\t\t\t<\/div>\r\n\t\t\t\t\t<\/div>\r\n\t\t\t\t<\/div>\r\n\t\t\t<\/div>\r\n\t\t\t<div class=\"nm-banner content-full image-type-fluid text-color-dark subtitle-below alt-mobile-layout\" style=\"background-color: #f3f3f3;\"><img decoding=\"async\" src=\"https:\/\/www.datacolor.com\/colorreader\/wp-content\/uploads\/2020\/09\/colorreader-homebanner-03.png\" alt=\"colorreader-homebanner-03\" \/>\r\n\t\t\t\t<div class=\"nm-banner-content\">\r\n\t\t\t\t\t<div class=\"nm-banner-content-inner h_left v_center align_left\">\r\n\t\t\t\t\t\t<div class=\"nm-banner-text large\" style=\"max-width:45%;\">\r\n\t\t\t\t\t\t\t<div class=\"nm-banner-text-inner\"><h1 class=\"nm-banner-title\">ColorReader: precisi\u00f3n port\u00e1til en la medici\u00f3n del color<\/h1><h2 class=\"nm-banner-subtitle nm-alt-font\">Ligero y port\u00e1til, ColorReader te proporciona mediciones precisas del color con un solo toque.<\/h2><a href=\"https:\/\/www.datacolor.com\/colorreader\/es\/productos\/colorreader\/\" class=\"nm-banner-link type-btn\">M\u00e1s informaci\u00f3n<\/a><\/div>\r\n\t\t\t\t\t\t<\/div>\r\n\t\t\t\t\t<\/div>\r\n\t\t\t\t<\/div>\r\n\t\t\t<\/div>\r\n\t\t\t<div class=\"nm-banner content-full image-type-fluid text-color-dark subtitle-below alt-mobile-layout\" style=\"background-color: #f3f3f3;\"><img decoding=\"async\" src=\"https:\/\/www.datacolor.com\/colorreader\/wp-content\/uploads\/2020\/09\/colorreader-homebanner-04.png\" alt=\"colorreader-homebanner-04\" \/>\r\n\t\t\t\t<div class=\"nm-banner-content\">\r\n\t\t\t\t\t<div class=\"nm-banner-content-inner h_left v_center align_left\">\r\n\t\t\t\t\t\t<div class=\"nm-banner-text large\" style=\"max-width:45%;\">\r\n\t\t\t\t\t\t\t<div class=\"nm-banner-text-inner\"><h1 class=\"nm-banner-title\">ColorReader Pro: m\u00e1s flexibilidad, la misma precisi\u00f3n en la coincidencia de colores<\/h1><h2 class=\"nm-banner-subtitle nm-alt-font\">Cuenta con una pantalla de visualizaci\u00f3n directamente en el dispositivo para una mayor flexibilidad.<\/h2><a href=\"https:\/\/www.datacolor.com\/colorreader\/es\/productos\/colorreader-pro\/\" class=\"nm-banner-link type-btn\">M\u00e1s informaci\u00f3n<\/a><\/div>\r\n\t\t\t\t\t\t<\/div>\r\n\t\t\t\t\t<\/div>\r\n\t\t\t\t<\/div>\r\n\t\t\t<\/div><\/div>[\/vc_column][\/vc_row][vc_row type=\u00bbboxed\u00bb equal_height=\u00bbyes\u00bb el_id=\u00bbhome_feature\u00bb][vc_column width=\u00bb1\/2&#8243; el_class=\u00bbfeature_block\u00bb css=\u00bb.vc_custom_1593499424699{margin-bottom: 30px !important;}\u00bb][vc_row_inner type=\u00bbboxed\u00bb css=\u00bb.vc_custom_1593492537858{margin-right: 12px !important;margin-left: 12px !important;}\u00bb][vc_column_inner css=\u00bb.vc_custom_1594910183363{padding-bottom: 16px !important;background-color: #f2f2f2 !important;}\u00bb][vc_column_text css=\u00bb.vc_custom_1638962701526{margin-top: 30px !important;margin-bottom: 32px !important;padding-right: 15px !important;padding-left: 15px !important;}\u00bb el_class=\u00bbfeature_text\u00bb]<\/p>\n<h2 style=\"text-align: center;\">Iguala la pintura y los revestimientos<\/h2>\n<p style=\"text-align: center;\">Con una precisi\u00f3n inigualable, ColorReader iguala las principales marcas de pintura. Trabajando de antemano con Datacolor, \u00a1incluso puedes a\u00f1adir tus propias colecciones de colores personalizadas!<\/p>\n<p>[\/vc_column_text]\r\n\t\t\t<div class=\"nm_btn_align_center\">\r\n\t\t\t\t<a href=\"https:\/\/www.datacolor.com\/colorreader\/es\/productos\/\" class=\"nm_btn nm_btn_md nm_btn_filled\" title=\"Products\">\r\n\t\t\t\t\t<span class=\"nm_btn_title\">M\u00e1s informaci\u00f3n<\/span>\r\n\t\t\t\t\t<span class=\"nm_btn_bg\" style=\"background-color:#cb333b;\"><\/span>\r\n\t\t\t\t<\/a>\r\n\t\t\t<\/div>[\/vc_column_inner][\/vc_row_inner][vc_row_inner type=\u00bbfull-nopad\u00bb content_placement=\u00bbbottom\u00bb css=\u00bb.vc_custom_1593492546205{margin-right: 12px !important;margin-left: 12px !important;padding-right: 0px !important;padding-left: 0px !important;}\u00bb el_class=\u00bbinfo_img\u00bb][vc_column_inner][vc_single_image image=\u00bb1880&#8243; img_size=\u00bbfull\u00bb alignment=\u00bbcenter\u00bb][\/vc_column_inner][\/vc_row_inner][\/vc_column][vc_column width=\u00bb1\/2&#8243; el_class=\u00bbfeature_block\u00bb css=\u00bb.vc_custom_1593499430378{margin-bottom: 30px !important;}\u00bb][vc_row_inner type=\u00bbboxed\u00bb css=\u00bb.vc_custom_1593492558445{margin-right: 12px !important;margin-left: 12px !important;}\u00bb][vc_column_inner css=\u00bb.vc_custom_1594910192959{padding-bottom: 16px !important;background-color: #f2f2f2 !important;}\u00bb][vc_column_text css=\u00bb.vc_custom_1638962787446{margin-top: 30px !important;margin-bottom: 32px !important;padding-right: 15px !important;padding-left: 15px !important;}\u00bb el_class=\u00bbfeature_text\u00bb]<\/p>\n<h2 style=\"text-align: center;\">Coincidencia con los valores de color<\/h2>\n<p style=\"text-align: center;\">Con un solo toque, obt\u00e9n mediciones precisas de modelos de color digitales como <strong>CIE Lab<\/strong>, <strong>RGB<\/strong> y <strong>Hex<\/strong>. Con ColorReader y ColorReader Pro, tambi\u00e9n puedes obtener valores <strong>CMYK<\/strong>, <strong>LCH<\/strong> y <strong>LRV<\/strong>.<\/p>\n<p>[\/vc_column_text]\r\n\t\t\t<div class=\"nm_btn_align_center\">\r\n\t\t\t\t<a href=\"https:\/\/www.datacolor.com\/colorreader\/es\/productos\/\" class=\"nm_btn nm_btn_md nm_btn_filled\" title=\"Products\">\r\n\t\t\t\t\t<span class=\"nm_btn_title\">M\u00e1s informaci\u00f3n<\/span>\r\n\t\t\t\t\t<span class=\"nm_btn_bg\" style=\"background-color:#cb333b;\"><\/span>\r\n\t\t\t\t<\/a>\r\n\t\t\t<\/div>[\/vc_column_inner][\/vc_row_inner][vc_row_inner type=\u00bbboxed\u00bb content_placement=\u00bbbottom\u00bb css=\u00bb.vc_custom_1593492551606{margin-right: 12px !important;margin-left: 12px !important;padding-right: 0px !important;padding-left: 0px !important;}\u00bb el_class=\u00bbinfo_img\u00bb][vc_column_inner][vc_single_image image=\u00bb1876&#8243; img_size=\u00bbfull\u00bb alignment=\u00bbcenter\u00bb][\/vc_column_inner][\/vc_row_inner][\/vc_column][\/vc_row][vc_row type=\u00bbboxed\u00bb css=\u00bb.vc_custom_1593418941482{margin-top: 64px !important;margin-bottom: 64px !important;}\u00bb][vc_column][vc_separator][\/vc_column][\/vc_row][vc_row type=\u00bbboxed\u00bb css=\u00bb.vc_custom_1593012956281{margin-top: 64px !important;margin-bottom: 64px !important;}\u00bb][vc_column][vc_column_text]<\/p>\n<h2 style=\"text-align: left;\">Utilizar ColorReader es f\u00e1cil<\/h2>\n<p>Empieza descargando la aplicaci\u00f3n ColorReader y cargando el dispositivo, luego sigue los sencillos pasos de calibraci\u00f3n del color.[\/vc_column_text][\/vc_column][\/vc_row][vc_row type=\u00bbboxed\u00bb equal_height=\u00bbyes\u00bb css=\u00bb.vc_custom_1593010921174{margin-top: 64px !important;margin-bottom: 60px !important;}\u00bb][vc_column width=\u00bb1\/2&#8243; offset=\u00bbvc_col-lg-3 vc_col-md-6 vc_col-xs-12&#8243; css=\u00bb.vc_custom_1593012349952{margin-bottom: 40px !important;}\u00bb][vc_row_inner type=\u00bbfull-nopad\u00bb el_class=\u00bbfeature_img\u00bb][vc_column_inner][vc_single_image image=\u00bb2121&#8243; img_size=\u00bb570&#215;722&#8243; alignment=\u00bbcenter\u00bb][\/vc_column_inner][\/vc_row_inner][vc_column_text css=\u00bb.vc_custom_1638962855133{margin-top: 30px !important;padding-right: 15px !important;padding-left: 15px !important;}\u00bb]<strong><span style=\"color: #dd3333;\">Paso 1<\/span><\/strong><\/p>\n<p>Para el ColorReader EZ, pulsa el bot\u00f3n verde. \u200b<br \/>\n\u200b<br \/>\nPara el ColorReader, pulsa el bot\u00f3n situado junto al puerto de carga.\u200b<br \/>\n\u200b<br \/>\nPara el ColorReader Pro, pulsa la parte superior del dispositivo.[\/vc_column_text][\/vc_column][vc_column width=\u00bb1\/2&#8243; offset=\u00bbvc_col-lg-3 vc_col-md-6 vc_col-xs-12&#8243; css=\u00bb.vc_custom_1593012458470{margin-bottom: 40px !important;}\u00bb][vc_row_inner type=\u00bbfull-nopad\u00bb el_class=\u00bbfeature_img\u00bb][vc_column_inner][vc_single_image image=\u00bb1957&#8243; img_size=\u00bb570&#215;722&#8243; alignment=\u00bbcenter\u00bb][\/vc_column_inner][\/vc_row_inner][vc_column_text css=\u00bb.vc_custom_1638962876715{margin-top: 30px !important;padding-right: 15px !important;padding-left: 15px !important;}\u00bb]<strong><span style=\"color: #dd3333;\">Paso 2<\/span><\/strong><\/p>\n<p>Coloca el sensor del aparato sobre cualquier superficie plana y pulsa el bot\u00f3n \u00abLeer\u00bb de la aplicaci\u00f3n. \u200b<br \/>\n\u200b<br \/>\nPara el ColorReader EZ, tambi\u00e9n puedes pulsar el bot\u00f3n verde. \u200b<br \/>\n\u200b<br \/>\nPara el ColorReader Pro, tambi\u00e9n puedes pulsar la parte superior del dispositivo.[\/vc_column_text][\/vc_column][vc_column width=\u00bb1\/2&#8243; offset=\u00bbvc_col-lg-3 vc_col-md-6 vc_col-xs-12&#8243; css=\u00bb.vc_custom_1592982483445{margin-bottom: 40px !important;}\u00bb][vc_row_inner type=\u00bbfull-nopad\u00bb el_class=\u00bbfeature_img\u00bb][vc_column_inner][vc_single_image image=\u00bb9640&#8243; img_size=\u00bb570&#215;722&#8243; alignment=\u00bbcenter\u00bb][\/vc_column_inner][\/vc_row_inner][vc_column_text css=\u00bb.vc_custom_1638962894698{margin-top: 30px !important;padding-right: 15px !important;padding-left: 15px !important;}\u00bb]<strong><span style=\"color: #dd3333;\">Paso 3<\/span><\/strong><\/p>\n<p>En la aplicaci\u00f3n, puedes ver el color capturado a la izquierda y las coincidencias de pintura m\u00e1s cercanas a la derecha.\u200b<br \/>\n\u200b<br \/>\nEn el caso de ColorReader Pro, sincroniza las cubiertas del ventilador con el dispositivo para ver los resultados de color directamente en la pantalla.[\/vc_column_text][\/vc_column][vc_column width=\u00bb1\/2&#8243; css=\u00bb.vc_custom_1592982491174{margin-bottom: 40px !important;}\u00bb offset=\u00bbvc_col-lg-3 vc_col-md-6 vc_col-xs-1&#8243;][vc_row_inner type=\u00bbfull-nopad\u00bb el_class=\u00bbfeature_img\u00bb][vc_column_inner][vc_single_image image=\u00bb9649&#8243; img_size=\u00bb570&#215;722&#8243; alignment=\u00bbcenter\u00bb][\/vc_column_inner][\/vc_row_inner][vc_column_text css=\u00bb.vc_custom_1638962919979{margin-top: 30px !important;padding-right: 15px !important;padding-left: 15px !important;}\u00bb]<strong><span style=\"color: #dd3333;\">Paso 4<\/span><\/strong><\/p>\n<p>Toca la tira de color de la izquierda para ver los valores de color detallados de tu color capturado.[\/vc_column_text][\/vc_column][\/vc_row][vc_row type=\u00bbboxed\u00bb css=\u00bb.vc_custom_1593418904859{margin-top: 64px !important;margin-bottom: 64px !important;}\u00bb][vc_column][vc_separator][\/vc_column][\/vc_row][vc_row type=\u00bbboxed\u00bb css=\u00bb.vc_custom_1593418937038{margin-top: 64px !important;margin-bottom: 64px !important;}\u00bb][vc_column][vc_column_text]<\/p>\n<h2 style=\"text-align: center;\">Captura el color como nunca antes\u200b<\/h2>\n<p style=\"text-align: center;\">Los profesionales y los aficionados al bricolaje conf\u00edan en la capacidad de ColorReader para simplificar el proceso de identificaci\u00f3n del color, agilizando y a\u00f1adiendo confianza a los proyectos, lo que ahorra un tiempo y un dinero preciosos.<\/p>\n<p>[\/vc_column_text][\/vc_column][\/vc_row][vc_row type=\u00bbboxed\u00bb equal_height=\u00bbyes\u00bb][vc_column width=\u00bb1\/3&#8243;][vc_row_inner][vc_column_inner width=\u00bb1\/3&#8243; css=\u00bb.vc_custom_1593498044505{margin-bottom: 20px !important;}\u00bb][vc_single_image image=\u00bb1587&#8243; img_size=\u00bbfull\u00bb alignment=\u00bbcenter\u00bb onclick=\u00bbcustom_link\u00bb link=\u00bb\/colorreader\/es\/blog\/category\/painters-and-contractors\/\u00bb][vc_column_text css=\u00bb.vc_custom_1646927489598{margin-top: 16px !important;}\u00bb]<\/p>\n<h6 style=\"text-align: center;\"><a href=\"\/colorreader\/es\/blog\/category\/painters-and-contractors\/\"><span style=\"color: #dd3333;\">Pintores y contratistas<\/span><\/a><\/h6>\n<p>[\/vc_column_text][\/vc_column_inner][vc_column_inner width=\u00bb1\/3&#8243; offset=\u00bbvc_hidden-xs\u00bb][\/vc_column_inner][vc_column_inner width=\u00bb1\/3&#8243; css=\u00bb.vc_custom_1593498059940{margin-bottom: 20px !important;}\u00bb][vc_single_image image=\u00bb1591&#8243; img_size=\u00bbfull\u00bb alignment=\u00bbcenter\u00bb onclick=\u00bbcustom_link\u00bb link=\u00bb\/colorreader\/es\/blog\/category\/textiles\/\u00bb][vc_column_text css=\u00bb.vc_custom_1646927504761{margin-top: 16px !important;}\u00bb]<\/p>\n<h6 style=\"text-align: center;\"><a href=\"\/colorreader\/es\/blog\/category\/textiles\/\"><span style=\"color: #dd3333;\">Textiles<\/span><\/a><\/h6>\n<p>[\/vc_column_text][\/vc_column_inner][\/vc_row_inner][\/vc_column][vc_column width=\u00bb1\/3&#8243; css=\u00bb.vc_custom_1593417574835{margin-bottom: 20px !important;}\u00bb][vc_row_inner][vc_column_inner width=\u00bb1\/3&#8243; offset=\u00bbvc_hidden-xs\u00bb][\/vc_column_inner][vc_column_inner width=\u00bb1\/3&#8243; css=\u00bb.vc_custom_1593498074644{margin-bottom: 20px !important;}\u00bb][vc_single_image image=\u00bb1595&#8243; img_size=\u00bbfull\u00bb alignment=\u00bbcenter\u00bb onclick=\u00bbcustom_link\u00bb link=\u00bb\/colorreader\/es\/blog\/category\/disenadores-graficos-y-fotografos\/\u00bb][vc_column_text]<\/p>\n<h6 style=\"text-align: center;\"><a href=\"\/colorreader\/es\/blog\/category\/disenadores-graficos-y-fotografos\/\"><span style=\"color: #dd3333;\">Dise\u00f1adores gr\u00e1ficos y fot\u00f3grafos<\/span><\/a><\/h6>\n<p>[\/vc_column_text][\/vc_column_inner][vc_column_inner width=\u00bb1\/3&#8243; offset=\u00bbvc_hidden-xs\u00bb][\/vc_column_inner][\/vc_row_inner][\/vc_column][vc_column width=\u00bb1\/3&#8243; css=\u00bb.vc_custom_1593417580324{margin-bottom: 20px !important;}\u00bb][vc_row_inner][vc_column_inner width=\u00bb1\/3&#8243; css=\u00bb.vc_custom_1593498086603{margin-bottom: 20px !important;}\u00bb][vc_single_image image=\u00bb1599&#8243; img_size=\u00bbfull\u00bb alignment=\u00bbcenter\u00bb onclick=\u00bbcustom_link\u00bb link=\u00bb\/colorreader\/es\/blog\/category\/retailers\/\u00bb][vc_column_text]<\/p>\n<h6 style=\"text-align: center;\"><a href=\"\/colorreader\/es\/blog\/category\/retailers\/\"><span style=\"color: #dd3333;\">Comerciantes<\/span><\/a><\/h6>\n<p>[\/vc_column_text][\/vc_column_inner][vc_column_inner width=\u00bb1\/3&#8243; offset=\u00bbvc_hidden-xs\u00bb][\/vc_column_inner][vc_column_inner width=\u00bb1\/3&#8243; css=\u00bb.vc_custom_1593498097953{margin-bottom: 20px !important;}\u00bb][vc_single_image image=\u00bb1603&#8243; img_size=\u00bbfull\u00bb alignment=\u00bbcenter\u00bb onclick=\u00bbcustom_link\u00bb link=\u00bb\/colorreader\/es\/blog\/category\/architects\/\u00bb][vc_column_text]<\/p>\n<h6 style=\"text-align: center;\"><a href=\"\/colorreader\/es\/blog\/category\/architects\/\"><span style=\"color: #dd3333;\">Arquitectos<\/span><\/a><\/h6>\n<p>[\/vc_column_text][\/vc_column_inner][\/vc_row_inner][\/vc_column][\/vc_row][vc_row type=\u00bbboxed\u00bb equal_height=\u00bbyes\u00bb][vc_column width=\u00bb1\/3&#8243; css=\u00bb.vc_custom_1593416727533{margin-bottom: 20px !important;}\u00bb][vc_row_inner][vc_column_inner width=\u00bb1\/3&#8243; offset=\u00bbvc_hidden-xs\u00bb][\/vc_column_inner][vc_column_inner width=\u00bb1\/3&#8243; css=\u00bb.vc_custom_1593498139579{margin-bottom: 20px !important;}\u00bb][vc_single_image image=\u00bb1607&#8243; img_size=\u00bbfull\u00bb alignment=\u00bbcenter\u00bb onclick=\u00bbcustom_link\u00bb link=\u00bb\/colorreader\/es\/blog\/category\/disenadores-de-interiores-y-decoradores\/\u00bb][vc_column_text]<\/p>\n<h6 style=\"text-align: center;\"><a href=\"\/colorreader\/es\/blog\/category\/disenadores-de-interiores-y-decoradores\/\"><span style=\"color: #dd3333;\">Dise\u00f1adores de interiores y decoradores<\/span><\/a><\/h6>\n<p>[\/vc_column_text][\/vc_column_inner][vc_column_inner width=\u00bb1\/3&#8243; offset=\u00bbvc_hidden-xs\u00bb][\/vc_column_inner][\/vc_row_inner][\/vc_column][vc_column width=\u00bb1\/3&#8243; css=\u00bb.vc_custom_1593416732900{margin-bottom: 20px !important;}\u00bb][vc_row_inner][vc_column_inner width=\u00bb1\/3&#8243; css=\u00bb.vc_custom_1593498174610{margin-bottom: 20px !important;}\u00bb][vc_single_image image=\u00bb1611&#8243; img_size=\u00bbfull\u00bb alignment=\u00bbcenter\u00bb onclick=\u00bbcustom_link\u00bb link=\u00bb\/colorreader\/es\/blog\/category\/powder-coatings\/\u00bb][vc_column_text]<\/p>\n<h6 style=\"text-align: center;\"><a href=\"\/colorreader\/es\/blog\/category\/powder-coatings\/\"><span style=\"color: #dd3333;\">Recubrimientos en polvo<\/span><\/a><\/h6>\n<p>[\/vc_column_text][\/vc_column_inner][vc_column_inner width=\u00bb1\/3&#8243; offset=\u00bbvc_hidden-xs\u00bb][\/vc_column_inner][vc_column_inner width=\u00bb1\/3&#8243; css=\u00bb.vc_custom_1593498186986{margin-bottom: 20px !important;}\u00bb][vc_single_image image=\u00bb1615&#8243; img_size=\u00bbfull\u00bb alignment=\u00bbcenter\u00bb onclick=\u00bbcustom_link\u00bb link=\u00bb\/colorreader\/es\/blog\/category\/facility-managers\/\u00bb][vc_column_text]<\/p>\n<h6 style=\"text-align: center;\"><a href=\"\/colorreader\/es\/blog\/category\/facility-managers\/\"><span style=\"color: #dd3333;\">Administradores de instalaciones<\/span><\/a><\/h6>\n<p>[\/vc_column_text][\/vc_column_inner][\/vc_row_inner][\/vc_column][vc_column width=\u00bb1\/3&#8243; css=\u00bb.vc_custom_1593417595107{margin-bottom: 20px !important;}\u00bb][vc_row_inner][vc_column_inner width=\u00bb1\/3&#8243; offset=\u00bbvc_hidden-xs\u00bb][\/vc_column_inner][vc_column_inner width=\u00bb1\/3&#8243; css=\u00bb.vc_custom_1593498197695{margin-bottom: 20px !important;}\u00bb][vc_single_image image=\u00bb1619&#8243; img_size=\u00bbfull\u00bb alignment=\u00bbcenter\u00bb onclick=\u00bbcustom_link\u00bb link=\u00bb\/colorreader\/es\/blog\/category\/diyers\/\u00bb][vc_column_text]<\/p>\n<h6 style=\"text-align: center;\"><a href=\"\/colorreader\/es\/blog\/category\/diyers\/\"><span style=\"color: #dd3333;\">Manitas<\/span><\/a><\/h6>\n<p>[\/vc_column_text][\/vc_column_inner][vc_column_inner width=\u00bb1\/3&#8243; offset=\u00bbvc_hidden-xs\u00bb][\/vc_column_inner][\/vc_row_inner][\/vc_column][\/vc_row][vc_row type=\u00bbboxed\u00bb css=\u00bb.vc_custom_1593418920225{margin-top: 64px !important;margin-bottom: 64px !important;}\u00bb][vc_column][vc_separator][\/vc_column][\/vc_row][vc_row type=\u00bbboxed\u00bb css=\u00bb.vc_custom_1593012956281{margin-top: 64px !important;margin-bottom: 64px !important;}\u00bb][vc_column][vc_column_text]<\/p>\n<h2 style=\"text-align: left;\">ColorReader en las noticias<\/h2>\n<p>[\/vc_column_text][\/vc_column][\/vc_row][vc_row type=\u00bbboxed\u00bb equal_height=\u00bbyes\u00bb][vc_column width=\u00bb1\/2&#8243;][vc_raw_html]JTNDZGl2JTIwY2xhc3MlM0QlMjJuZXdzX2Jsb2NrJTIwbmV3c19ibG9ja18xJTIyJTIwc3R5bGUlM0QlMjJiYWNrZ3JvdW5kLWltYWdlJTNBdXJsJTI4JTI3JTJGY29sb3JyZWFkZXIlMkZ3cC1jb250ZW50JTJGdXBsb2FkcyUyRjIwMjElMkYwOCUyRmhvbWVwYWdlX2F3YXJkc18wODIxLmpwZyUyNyUyOSUzQiUyMiUzRSUwQSUzQ2ElMjBocmVmJTNEJTIyJTJGY29sb3JyZWFkZXIlMkZyZXZpZXdzLWFuZC1hd2FyZHMlMkYlMjIlM0UlMEElM0NkaXYlMjBjbGFzcyUzRCUyMm5ld3NfaGVhZGVyJTIyJTNFUHJlbWlvcyUzQyUyRmRpdiUzRSUwQSUzQyUyRmElM0UlMEElM0MlMkZkaXYlM0U=[\/vc_raw_html][vc_raw_html]JTNDZGl2JTIwY2xhc3MlM0QlMjJuZXdzX2Jsb2NrJTIwbmV3c19ibG9ja18yJTIyJTIwc3R5bGUlM0QlMjJiYWNrZ3JvdW5kLWltYWdlJTNBdXJsJTI4JTI3JTJGY29sb3JyZWFkZXIlMkZ3cC1jb250ZW50JTJGdXBsb2FkcyUyRjIwMjElMkYwMiUyRkNsaWNrLURTQzAwMTE1LWZpbmFsLmpwZyUyNyUyOSUzQiUyMiUzRSUwQSUzQ2ElMjBocmVmJTNEJTIyaHR0cHMlM0ElMkYlMkZ3d3cubXljbGlja21hZ2F6aW5lLmNvbSUyRmNvbG9ycmVhZGVyLWV6LXJldmlldyUyRiUyMiUyMCUyMHRhcmdldCUzRCUyMl9ibGFuayUyMiUzRSUwQSUzQ2RpdiUyMGNsYXNzJTNEJTIybmV3c19oZWFkZXIlMjIlM0VDbGljayUyME1hZ2F6aW5lJTNDJTJGZGl2JTNFJTBBJTNDZGl2JTIwY2xhc3MlM0QlMjJuZXdzX3N1YmhlYWRlciUyMiUzRTUlMjBSZWFzb25zJTIwd2UlRTIlODAlOTlyZSUyMGFic29sdXRlbHklMkMlMjBkZWZpbml0ZWx5JTIwYnV5aW5nJTIwdGhpcyUyMENvbG9yUmVhZGVyJTIwRVolM0MlMkZkaXYlM0UlMEElM0MlMkZhJTNFJTBBJTNDJTJGZGl2JTNF[\/vc_raw_html][\/vc_column][vc_column width=\u00bb1\/2&#8243;][vc_raw_html]JTNDZGl2JTIwY2xhc3MlM0QlMjJuZXdzX2Jsb2NrJTIwbmV3c19ibG9ja18zJTIyJTIwc3R5bGUlM0QlMjJiYWNrZ3JvdW5kLWltYWdlJTNBdXJsJTI4JTI3JTJGY29sb3JyZWFkZXIlMkZ3cC1jb250ZW50JTJGdXBsb2FkcyUyRjIwMjElMkYwMiUyRlJlbW9kZWxpc3RhLURTQzAwMDg4LWZpbmFsLWJpZ2dlci5qcGclMjclMjklM0IlMjIlM0UlMEElM0NhJTIwaHJlZiUzRCUyMmh0dHBzJTNBJTJGJTJGd3d3LnJlbW9kZWxpc3RhLmNvbSUyRnBvc3RzJTJGZGF0YWNvbG9yLWNvbG9yLW1hdGNoaW5nLXRvb2wtcGFpbnQtY29sb3JyZWFkZXItZXolMkYlMjIlMjB0YXJnZXQlM0QlMjJfYmxhbmslMjIlM0UlMEElM0NkaXYlMjBjbGFzcyUzRCUyMm5ld3NfaGVhZGVyJTIyJTNFUmVtb2RlbGlzdGElM0MlMkZkaXYlM0UlMEElM0NkaXYlMjBjbGFzcyUzRCUyMm5ld3Nfc3ViaGVhZGVyJTIyJTNFVGhlJTIwUGVyZmVjdCUyMFBhbGV0dGUlM0ElMjBBJTIwQ29sb3ItTWF0Y2hpbmclMjBUb29sJTIwZm9yJTIwRmluZGluZyUyMHRoZSUyMElkZWFsJTIwUGFpbnQlM0MlMkZkaXYlM0UlMEElM0MlMkZhJTNFJTBBJTNDJTJGZGl2JTNF[\/vc_raw_html][\/vc_column][\/vc_row]<\/p>\n<\/div>","protected":false},"excerpt":{"rendered":"<p>[vc_row css=\u00bb.vc_custom_1592967808068{margin-bottom: 60px !important;}\u00bb][vc_column][\/vc_column][\/vc_row][vc_row type=\u00bbboxed\u00bb equal_height=\u00bbyes\u00bb el_id=\u00bbhome_feature\u00bb][vc_column width=\u00bb1\/2&#8243; el_class=\u00bbfeature_block\u00bb css=\u00bb.vc_custom_1593499424699{margin-bottom: 30px !important;}\u00bb][vc_row_inner type=\u00bbboxed\u00bb css=\u00bb.vc_custom_1593492537858{margin-right: 12px !important;margin-left: 12px !important;}\u00bb][vc_column_inner css=\u00bb.vc_custom_1594910183363{padding-bottom: 16px !important;background-color: #f2f2f2 !important;}\u00bb][vc_column_text css=\u00bb.vc_custom_1638962701526{margin-top: 30px !important;margin-bottom: 32px !important;padding-right: 15px !important;padding-left: 15px !important;}\u00bb el_class=\u00bbfeature_text\u00bb] Iguala la pintura y los revestimientos Con una precisi\u00f3n inigualable, ColorReader iguala las principales marcas de pintura. Trabajando de antemano con Datacolor, &hellip;<\/p>\n","protected":false},"author":2,"featured_media":0,"parent":0,"menu_order":0,"comment_status":"closed","ping_status":"closed","template":"","meta":{"footnotes":""},"class_list":["post-9108","page","type-page","status-publish","hentry"],"_links":{"self":[{"href":"https:\/\/www.datacolor.com\/colorreader\/es\/wp-json\/wp\/v2\/pages\/9108","targetHints":{"allow":["GET"]}}],"collection":[{"href":"https:\/\/www.datacolor.com\/colorreader\/es\/wp-json\/wp\/v2\/pages"}],"about":[{"href":"https:\/\/www.datacolor.com\/colorreader\/es\/wp-json\/wp\/v2\/types\/page"}],"author":[{"embeddable":true,"href":"https:\/\/www.datacolor.com\/colorreader\/es\/wp-json\/wp\/v2\/users\/2"}],"replies":[{"embeddable":true,"href":"https:\/\/www.datacolor.com\/colorreader\/es\/wp-json\/wp\/v2\/comments?post=9108"}],"version-history":[{"count":8,"href":"https:\/\/www.datacolor.com\/colorreader\/es\/wp-json\/wp\/v2\/pages\/9108\/revisions"}],"predecessor-version":[{"id":12165,"href":"https:\/\/www.datacolor.com\/colorreader\/es\/wp-json\/wp\/v2\/pages\/9108\/revisions\/12165"}],"wp:attachment":[{"href":"https:\/\/www.datacolor.com\/colorreader\/es\/wp-json\/wp\/v2\/media?parent=9108"}],"curies":[{"name":"wp","href":"https:\/\/api.w.org\/{rel}","templated":true}]}}