{"id":9203,"date":"2021-12-08T14:27:42","date_gmt":"2021-12-08T14:27:42","guid":{"rendered":"https:\/\/www.datacolor.com\/colorreader\/hazte-distribuidor\/"},"modified":"2025-05-15T09:56:41","modified_gmt":"2025-05-15T09:56:41","slug":"hazte-distribuidor","status":"publish","type":"page","link":"https:\/\/www.datacolor.com\/colorreader\/es\/hazte-distribuidor\/","title":{"rendered":"Hazte distribuidor"},"content":{"rendered":"<div class=\"wpb-content-wrapper\"><p>[vc_row css=\u00bb.vc_custom_1593531090116{margin-bottom: 60px !important;}\u00bb][vc_column]<div class=\"nm-banner-slider plugin-slick pagination-color-gray slick-slider slick-dots-disabled\" data-adaptive-height=\"true\" >\r\n\t\t\t<div class=\"nm-banner content-full image-type-fluid text-color-dark subtitle-below alt-mobile-layout\" style=\"background-color: #f3f3f3;\"><img decoding=\"async\" src=\"https:\/\/www.datacolor.com\/colorreader\/wp-content\/uploads\/2020\/09\/reseller_main-banner.png\" alt=\"reseller_main banner\" \/>\r\n\t\t\t\t<div class=\"nm-banner-content\">\r\n\t\t\t\t\t<div class=\"nm-banner-content-inner h_left v_center align_left\">\r\n\t\t\t\t\t\t<div class=\"nm-banner-text large\" style=\"max-width:40%;\">\r\n\t\t\t\t\t\t\t<div class=\"nm-banner-text-inner\"><h1 class=\"nm-banner-title\">Hazte distribuidor de ColorReader<\/h1><a href=\"\" class=\"nm-banner-link type-txt\"><\/a><\/div>\r\n\t\t\t\t\t\t<\/div>\r\n\t\t\t\t\t<\/div>\r\n\t\t\t\t<\/div>\r\n\t\t\t<\/div><\/div>[\/vc_column][\/vc_row][vc_row type=\u00bbboxed\u00bb max_width=\u00bb1400&#8243; equal_height=\u00bbyes\u00bb][vc_column width=\u00bb1\/2&#8243;][vc_column_text]<\/p>\n<h2>Aumenta tus beneficios con ColorReader\u200b<\/h2>\n<p>Vender ColorReader es una forma estupenda de aumentar tus beneficios al tiempo que estableces relaciones con tus clientes. Esta herramienta de precisi\u00f3n para medir el color ayudar\u00e1 a tus clientes a agilizar sus proyectos y su workflow, ofreciendo la soluci\u00f3n perfecta para la dif\u00edcil tarea de identificar el color con precisi\u00f3n. \u00a1Tanto t\u00fa como tus clientes os benefici\u00e1is cuando vendes ColorReader![\/vc_column_text][\/vc_column][vc_column width=\u00bb1\/2&#8243;][vc_raw_html]JTNDc2NyaXB0JTIwc3JjJTNEJTIyJTJGJTJGYXBwLWFiMzEubWFya2V0by5jb20lMkZqcyUyRmZvcm1zMiUyRmpzJTJGZm9ybXMyLm1pbi5qcyUyMiUzRSUzQyUyRnNjcmlwdCUzRSUwQSUzQ2Zvcm0lMjBpZCUzRCUyMm1rdG9Gb3JtXzM4ODElMjIlM0UlM0MlMkZmb3JtJTNFJTBBJTNDc2NyaXB0JTNFTWt0b0Zvcm1zMi5sb2FkRm9ybSUyOCUyMiUyRiUyRmFwcC1hYjMxLm1hcmtldG8uY29tJTIyJTJDJTIwJTIyNzk5LU1IQS0xMjElMjIlMkMlMjAzODgxJTI5JTNCJTNDJTJGc2NyaXB0JTNFJTBBJTNDc2NyaXB0JTNFJTBBTWt0b0Zvcm1zMi53aGVuUmVhZHklMjhmdW5jdGlvbiUyMCUyOGZvcm0lMjklN0IlMEElMjAlMjB2YXIlMjBzYW1lUGFnZVRZRm9ybXMlMjAlM0QlMjAlNUIzODgxJTVEJTNCJTBBJTIwJTIwaWYlMjAlMjglMjBzYW1lUGFnZVRZRm9ybXMuaW5kZXhPZiUyOGZvcm0uZ2V0SWQlMjglMjklMjklMjAlMjElM0QlMjAtMSUyMCUyOSUyMCU3QiUwQSUyMCUyMCUyMCUyMCUyMGZvcm0ub25TdWNjZXNzJTI4ZnVuY3Rpb24lMjh2YWx1ZXMlMkMlMjBmb2xsb3dVcFVybCUyOSU3QiUwQSUyMCUyMCUyMCUyMCUyMCUyMCUyMCUyMHZhciUyMG9sZEhlaWdodCUyMCUzRCUyMGZvcm0uZ2V0Rm9ybUVsZW0lMjglMjkuY3NzJTI4JTI3aGVpZ2h0JTI3JTI5JTNCJTBBJTA5Zm9ybS5nZXRGb3JtRWxlbSUyOCUyOS5odG1sJTI4JTIyVGhhbmslMjB5b3UlMjBmb3IlMjB5b3VyJTIwbWVzc2FnZSUyMSUzQ2JyJTIwJTJGJTNFWW91JTI3bGwlMjBiZSUyMGhlYXJpbmclMjBmcm9tJTIwdXMlMjBzb29uLiUyMiUyOSUzQiUwQSUwOWZvcm0uZ2V0Rm9ybUVsZW0lMjglMjkuY3NzJTI4JTIydGV4dC1hbGlnbiUyMiUyQyUyMmNlbnRlciUyMiUyOSUzQiUwQSUwOWZvcm0uZ2V0Rm9ybUVsZW0lMjglMjkuY3NzJTI4JTIyZm9udC13ZWlnaHQlMjIlMkMlMjJib2xkJTIyJTI5JTNCJTBBJTA5Zm9ybS5nZXRGb3JtRWxlbSUyOCUyOS5jc3MlMjglMjJoZWlnaHQlMjIlMkNvbGRIZWlnaHQlMjklM0IlMEElMDlmb3JtLmdldEZvcm1FbGVtJTI4JTI5LmNzcyUyOCUyMnBhZGRpbmctdG9wJTIyJTJDJTIyMjAlMjUlMjIlMjklM0IlMEElMDlyZXR1cm4lMjBmYWxzZSUzQiUwQSUyMCUyMCUyMCUyMCUyMCU3RCUyOSUzQiUwQSUyMCUyMCU3RCUwQSU3RCUyOSUzQiUwQSUzQyUyRnNjcmlwdCUzRQ==[\/vc_raw_html][\/vc_column][\/vc_row][vc_row type=\u00bbboxed\u00bb][vc_column][vc_empty_space][vc_separator][vc_empty_space][\/vc_column][\/vc_row][vc_row type=\u00bbboxed\u00bb max_width=\u00bb1400&#8243;][vc_column width=\u00bb1\/2&#8243;][vc_column_text]<\/p>\n<h2>Personaliza la etiqueta de tu ColorReader<\/h2>\n<p>Impulsa tu marca y tus beneficios con nuestro programa de etiquetas personalizadas. Podemos personalizar con tus propias colecciones de colores y crear tu dispositivo y aplicaci\u00f3n ColorReader con tu propio logotipo y colores de marca.[\/vc_column_text][vc_single_image image=\u00bb1259&#8243; img_size=\u00bbfull\u00bb alignment=\u00bbcenter\u00bb][\/vc_column][vc_column width=\u00bb1\/2&#8243;][vc_raw_html]JTNDc2NyaXB0JTIwc3JjJTNEJTIyJTJGJTJGYXBwLWFiMzEubWFya2V0by5jb20lMkZqcyUyRmZvcm1zMiUyRmpzJTJGZm9ybXMyLm1pbi5qcyUyMiUzRSUzQyUyRnNjcmlwdCUzRSUwQSUzQ2Zvcm0lMjBpZCUzRCUyMm1rdG9Gb3JtXzM4ODQlMjIlM0UlM0MlMkZmb3JtJTNFJTBBJTNDc2NyaXB0JTNFTWt0b0Zvcm1zMi5sb2FkRm9ybSUyOCUyMiUyRiUyRmFwcC1hYjMxLm1hcmtldG8uY29tJTIyJTJDJTIwJTIyNzk5LU1IQS0xMjElMjIlMkMlMjAzODg0JTI5JTNCJTNDJTJGc2NyaXB0JTNFJTBBJTNDc2NyaXB0JTNFJTBBTWt0b0Zvcm1zMi53aGVuUmVhZHklMjhmdW5jdGlvbiUyMCUyOGZvcm0lMjklN0IlMEElMjAlMjB2YXIlMjBzYW1lUGFnZVRZRm9ybXMlMjAlM0QlMjAlNUIzODg0JTVEJTNCJTBBJTIwJTIwaWYlMjAlMjglMjBzYW1lUGFnZVRZRm9ybXMuaW5kZXhPZiUyOGZvcm0uZ2V0SWQlMjglMjklMjklMjAlMjElM0QlMjAtMSUyMCUyOSUyMCU3QiUwQSUyMCUyMCUyMCUyMCUyMGZvcm0ub25TdWNjZXNzJTI4ZnVuY3Rpb24lMjh2YWx1ZXMlMkMlMjBmb2xsb3dVcFVybCUyOSU3QiUwQSUyMCUyMCUyMCUyMCUyMCUyMCUyMCUyMHZhciUyMG9sZEhlaWdodCUyMCUzRCUyMGZvcm0uZ2V0Rm9ybUVsZW0lMjglMjkuY3NzJTI4JTI3aGVpZ2h0JTI3JTI5JTNCJTBBJTA5Zm9ybS5nZXRGb3JtRWxlbSUyOCUyOS5odG1sJTI4JTIyVGhhbmslMjB5b3UlMjBmb3IlMjB5b3VyJTIwbWVzc2FnZSUyMSUzQ2JyJTIwJTJGJTNFWW91JTI3bGwlMjBiZSUyMGhlYXJpbmclMjBmcm9tJTIwdXMlMjBzb29uLiUyMiUyOSUzQiUwQSUwOWZvcm0uZ2V0Rm9ybUVsZW0lMjglMjkuY3NzJTI4JTIydGV4dC1hbGlnbiUyMiUyQyUyMmNlbnRlciUyMiUyOSUzQiUwQSUwOWZvcm0uZ2V0Rm9ybUVsZW0lMjglMjkuY3NzJTI4JTIyZm9udC13ZWlnaHQlMjIlMkMlMjJib2xkJTIyJTI5JTNCJTBBJTA5Zm9ybS5nZXRGb3JtRWxlbSUyOCUyOS5jc3MlMjglMjJoZWlnaHQlMjIlMkNvbGRIZWlnaHQlMjklM0IlMEElMDlmb3JtLmdldEZvcm1FbGVtJTI4JTI5LmNzcyUyOCUyMnBhZGRpbmctdG9wJTIyJTJDJTIyMjAlMjUlMjIlMjklM0IlMEElMDlyZXR1cm4lMjBmYWxzZSUzQiUwQSUyMCUyMCUyMCUyMCUyMCU3RCUyOSUzQiUwQSUyMCUyMCU3RCUwQSU3RCUyOSUzQiUwQSUzQyUyRnNjcmlwdCUzRQ==[\/vc_raw_html][\/vc_column][\/vc_row][vc_row][vc_column][vc_empty_space][vc_separator][vc_empty_space][\/vc_column][\/vc_row][vc_row type=\u00bbboxed\u00bb max_width=\u00bb1400&#8243;][vc_column width=\u00bb1\/2&#8243;][vc_column_text]<\/p>\n<h2>Si tienes alguna duda, <a style=\"border-bottom: solid 1px currentColor;\" href=\"https:\/\/colorreader-support.datacolor.com\/\" target=\"_blank\" rel=\"noopener\">ponte en contacto con nosotros<\/a><\/h2>\n<p>[\/vc_column_text][\/vc_column][vc_column width=\u00bb1\/2&#8243;][vc_column_text]<div id=\"dci_region_5258\" data-region=\"RST\" style=\"display: none;\" class=\"dci_region_class\"><\/div><div id=\"dci_region_9844\" data-region=\"EMA\" style=\"display: none;\" class=\"dci_region_class\"><p><strong>Datacolor AG Europe<\/strong><br \/>\nOficina: +32 9243 8720<br \/>\nEmail: <a href=\"mailto:cv-admin@datacolor.com\">cv-admin@datacolor.com<\/a><\/p><\/div><div id=\"dci_region_1083\" data-region=\"DEF\" style=\"display: none;\" class=\"dci_region_class\"><\/div>[\/vc_column_text][\/vc_column][\/vc_row][vc_column width=\u00bb1\/3&#8243; css=\u00bb.vc_custom_1592884627494{margin-bottom: 60px !important;}\u00bb][\/vc_column]<\/p>\n<\/div>","protected":false},"excerpt":{"rendered":"<p>[vc_row css=\u00bb.vc_custom_1593531090116{margin-bottom: 60px !important;}\u00bb][vc_column][\/vc_column][\/vc_row][vc_row type=\u00bbboxed\u00bb max_width=\u00bb1400&#8243; equal_height=\u00bbyes\u00bb][vc_column width=\u00bb1\/2&#8243;][vc_column_text] Aumenta tus beneficios con ColorReader\u200b Vender ColorReader es una forma estupenda de aumentar tus beneficios al tiempo que estableces relaciones con tus clientes. Esta herramienta de precisi\u00f3n para medir el color ayudar\u00e1 a tus clientes a agilizar sus proyectos y su workflow, ofreciendo la soluci\u00f3n perfecta para &hellip;<\/p>\n","protected":false},"author":2,"featured_media":0,"parent":0,"menu_order":0,"comment_status":"closed","ping_status":"closed","template":"","meta":{"footnotes":""},"class_list":["post-9203","page","type-page","status-publish","hentry"],"_links":{"self":[{"href":"https:\/\/www.datacolor.com\/colorreader\/es\/wp-json\/wp\/v2\/pages\/9203","targetHints":{"allow":["GET"]}}],"collection":[{"href":"https:\/\/www.datacolor.com\/colorreader\/es\/wp-json\/wp\/v2\/pages"}],"about":[{"href":"https:\/\/www.datacolor.com\/colorreader\/es\/wp-json\/wp\/v2\/types\/page"}],"author":[{"embeddable":true,"href":"https:\/\/www.datacolor.com\/colorreader\/es\/wp-json\/wp\/v2\/users\/2"}],"replies":[{"embeddable":true,"href":"https:\/\/www.datacolor.com\/colorreader\/es\/wp-json\/wp\/v2\/comments?post=9203"}],"version-history":[{"count":5,"href":"https:\/\/www.datacolor.com\/colorreader\/es\/wp-json\/wp\/v2\/pages\/9203\/revisions"}],"predecessor-version":[{"id":10702,"href":"https:\/\/www.datacolor.com\/colorreader\/es\/wp-json\/wp\/v2\/pages\/9203\/revisions\/10702"}],"wp:attachment":[{"href":"https:\/\/www.datacolor.com\/colorreader\/es\/wp-json\/wp\/v2\/media?parent=9203"}],"curies":[{"name":"wp","href":"https:\/\/api.w.org\/{rel}","templated":true}]}}