{"id":9214,"date":"2021-12-08T14:34:12","date_gmt":"2021-12-08T14:34:12","guid":{"rendered":"https:\/\/www.datacolor.com\/colorreader\/contacto%e2%80%8b\/"},"modified":"2024-10-16T08:37:36","modified_gmt":"2024-10-16T08:37:36","slug":"subscribe-to-newsletter","status":"publish","type":"page","link":"https:\/\/www.datacolor.com\/colorreader\/es\/subscribe-to-newsletter\/","title":{"rendered":"Contacto\u200b"},"content":{"rendered":"<div class=\"wpb-content-wrapper\"><p>[vc_row type=\u00bbfull-nopad\u00bb css=\u00bb.vc_custom_1593531057961{margin-bottom: 60px !important;}\u00bb][vc_column]<div class=\"nm-banner-slider plugin-slick pagination-color-gray slick-slider slick-dots-disabled\" data-adaptive-height=\"true\" >\r\n\t\t\t<div class=\"nm-banner content-full image-type-fluid text-color-dark subtitle-below alt-mobile-layout\" style=\"background-color: #f3f3f3;\"><img decoding=\"async\" src=\"https:\/\/www.datacolor.com\/colorreader\/wp-content\/uploads\/2020\/06\/contact_main-banner.png\" alt=\"contact_main banner\" \/>\r\n\t\t\t\t<div class=\"nm-banner-content\">\r\n\t\t\t\t\t<div class=\"nm-banner-content-inner h_left v_center align_left\">\r\n\t\t\t\t\t\t<div class=\"nm-banner-text large\" style=\"max-width:40%;\">\r\n\t\t\t\t\t\t\t<div class=\"nm-banner-text-inner\"><h1 class=\"nm-banner-title\">Nos encantar\u00eda saber de ti<\/h1><a href=\"\" class=\"nm-banner-link type-txt\"><\/a><\/div>\r\n\t\t\t\t\t\t<\/div>\r\n\t\t\t\t\t<\/div>\r\n\t\t\t\t<\/div>\r\n\t\t\t<\/div><\/div>[\/vc_column][\/vc_row][vc_row type=\u00bbboxed\u00bb max_width=\u00bb1400&#8243; equal_height=\u00bbyes\u00bb][vc_column width=\u00bb1\/2&#8243;][vc_column_text el_id=\u00bbemailsign_intro\u00bb]<\/p>\n<h2>Suscripci\u00f3n al correo electr\u00f3nico<\/h2>\n<p>Para estar al d\u00eda de las novedades de Datacolor y ColorReader, le invitamos a suscribirse a nuestra lista de correo electr\u00f3nico. \u200b<\/p>\n<p>Siempre trataremos tus datos personales con el m\u00e1ximo cuidado, tal y como se describe en nuestra Pol\u00edtica de Privacidad, y nunca venderemos o alquilaremos tus datos a terceros.[\/vc_column_text][\/vc_column][vc_column width=\u00bb1\/2&#8243;][vc_raw_html css=\u00bb\u00bb]JTNDZGl2JTIwY2xhc3MlM0QlMjJrbGF2aXlvLWZvcm0tVUtwa2VEJTIyJTIwZGF0YS1pbnN0YW5jZSUzRCUyMk5TQSUyMiUzRSUzQyUyRmRpdiUzRSUwQSUzQ2RpdiUyMGNsYXNzJTNEJTIya2xhdml5by1mb3JtLVNDd25wbSUyMiUyMGRhdGEtaW5zdGFuY2UlM0QlMjJFTUElMjIlM0UlM0MlMkZkaXYlM0UlMEElM0NkaXYlMjBjbGFzcyUzRCUyMmtsYXZpeW8tZm9ybS1WdXcyZ2clMjIlMjBkYXRhLWluc3RhbmNlJTNEJTIyQVNQJTIyJTNFJTNDJTJGZGl2JTNF[\/vc_raw_html][vc_raw_html css=\u00bb\u00bb]JTNDZGl2JTIwaWQlM0QlMjJub2tsYXZpeW8lMjIlMjBzdHlsZSUzRCUyMmRpc3BsYXklM0ElMjBub25lJTNCJTIyJTNFJTBBJTIwJTIwJTIwJTIwJTNDcCUyMHN0eWxlJTNEJTIydGV4dC1hbGlnbiUzQSUyMGNlbnRlciUzQiUyMGZvbnQtd2VpZ2h0JTNBJTIwYm9sZCUzQiUyMiUzRSUwQVBvciUyMGZhdm9yJTJDJTIwYWNlcHRlJTIwbGFzJTIwY29va2llcyUyMGRlJTIwbWFya2V0aW5nJTIweSUyMGRlc2FjdGl2ZSUyMGxvcyUyMGJsb3F1ZWFkb3JlcyUyMGRlJTIwYW51bmNpb3MlMjBwYXJhJTIwbW9zdHJhciUyMGVsJTIwZm9ybXVsYXJpbyUwQSUyMCUyMCUyMCUyMCUzQyUyRnAlM0UlMEElM0MlMkZkaXYlM0UlMEElM0NzY3JpcHQlM0UlMEElMDklMkYlMkYlMjBGYWxsYmFjayUyMHRpbWVyJTIwZW5jYXNlJTIwYmxvY2tlZCUyMGJsb2NrZWQlMEElMDlzZXRUaW1lb3V0JTI4ZnVuY3Rpb24lMjglMjklMjAlN0IlMEElMDklMjAlMjAlMjAlMjBpZiUyMCUyOHR5cGVvZiUyMHdpbmRvdy5rbGF2aXlvJTIwJTNEJTNEJTNEJTIwJTI3dW5kZWZpbmVkJTI3JTI5JTIwJTdCJTBBJTA5JTA5JTA5Y29uc29sZS5sb2clMjglMjdLbGF2aXlvJTIwc2NyaXB0JTIwbWF5JTIwaGF2ZSUyMGJlZW4lMjBibG9ja2VkJTJDJTIwYXMlMjB0aGUlMjBLbGF2aXlvJTIwb2JqZWN0JTIwaXMlMjBub3QlMjBhdmFpbGFibGUuJTI3JTI5JTNCJTBBJTA5JTA5JTA5alF1ZXJ5JTI4JTI3JTIzbm9rbGF2aXlvJTI3JTI5LnNob3clMjglMjklM0IlMEElMDklMDklN0QlMEElMDklN0QlMkMlMjAzMDAwJTI5JTNCJTIwJTBBJTNDJTJGc2NyaXB0JTNF[\/vc_raw_html][\/vc_column][\/vc_row][vc_row type=\u00bbboxed\u00bb][vc_column][vc_raw_html]JTNDZGl2JTIwaWQlM0QlMjJjb25maXJtZm9ybSUyMiUyMHN0eWxlJTNEJTIyZGlzcGxheSUzQSUyMG5vbmUlM0IlMjAlMjIlM0UlMEElM0NwJTNFJTNDc3Ryb25nJTNFR3JhY2lhcyUyMHBvciUyMHN1c2NyaWJpcnRlJTIxJTNDJTJGc3Ryb25nJTNFJTNDJTJGcCUzRSUwQSUzQ3AlM0VFbiUyMGJyZXZlJTJDJTIwc2UlMjBlbnZpYXIlQzMlQTElMjB1biUyMGNvcnJlbyUyMGVsZWN0ciVDMyVCM25pY28lMjBhJTIwdHUlMjBiYW5kZWphJTIwZGUlMjBlbnRyYWRhJTIwcGFyYSUyMGNvbmZpcm1hciUyMHR1JTIwc3VzY3JpcGNpJUMzJUIzbi4lMjBTaSUyMG5vJTIwcmVjaWJlcyUyMGVsJTIwY29ycmVvJTIwZWxlY3RyJUMzJUIzbmljbyUyMGVuJTIwdHUlMjBiYW5kZWphJTIwZGUlMjBlbnRyYWRhJTIwJTI4eSUyMGhhcyUyMHJldmlzYWRvJTIwdHUlMjBjYXJwZXRhJTIwZGUlMjBjb3JyZW8lMjBubyUyMGRlc2VhZG8lMkMlMjB5YSUyMHNhYmVzJTJDJTIwcG9yJTIwc2klMjBhY2FzbyUyOSUyQyUyMHBvciUyMGZhdm9yJTIwZXNjciVDMyVBRGJlbm9zJTIwYSUyMCUzQ3N0cm9uZyUzRSUzQ2ElMjBocmVmJTNEJTIybWFpbHRvJTNBbWFya2V0aW5nJTQwZGF0YWNvbG9yLmNvbSUyMiUzRW1hcmtldGluZyU0MGRhdGFjb2xvci5jb20lM0MlMkZhJTNFJTNDJTJGc3Ryb25nJTNFJTIwcGFyYSUyMHJlY2liaXIlMjBhc2lzdGVuY2lhLiUzQyUyRnAlM0UlMEElM0MlMkZkaXYlM0U=[\/vc_raw_html][vc_empty_space][vc_separator][vc_empty_space][\/vc_column][\/vc_row][vc_row type=\u00bbboxed\u00bb max_width=\u00bb1400&#8243;][vc_column width=\u00bb1\/2&#8243;][vc_column_text]<\/p>\n<h2>Contacto<\/h2>\n<p>Si tiene alguna pregunta o comentario, p\u00f3ngase en contacto con nosotros y alguien de nuestro equipo se pondr\u00e1 en contacto con usted de inmediato.[\/vc_column_text][\/vc_column][vc_column width=\u00bb1\/2&#8243;][vc_row_inner][vc_column_inner][vc_single_image image=\u00bb8123&#8243; img_size=\u00bblarge\u00bb alignment=\u00bbcenter\u00bb onclick=\u00bbcustom_link\u00bb img_link_target=\u00bb_blank\u00bb link=\u00bbhttps:\/\/colorreader-support.datacolor.com\/\u00bb][vc_empty_space]\r\n\t\t\t<div class=\"nm_btn_align_center\">\r\n\t\t\t\t<a href=\"https:\/\/colorreader-support.datacolor.com\/\" class=\"nm_btn nm_btn_md nm_btn_filled\" title=\"Contact Support\"target=\"_blank\">\r\n\t\t\t\t\t<span class=\"nm_btn_title\">Soporte de ColorReader<\/span>\r\n\t\t\t\t\t<span class=\"nm_btn_bg\"><\/span>\r\n\t\t\t\t<\/a>\r\n\t\t\t<\/div>[\/vc_column_inner][\/vc_row_inner][\/vc_column][\/vc_row][vc_row][vc_column][vc_empty_space height=\u00bb64px\u00bb][\/vc_column][\/vc_row][vc_row][vc_column][vc_raw_html]JTNDc3R5bGUlMjB0eXBlJTNEJTIydGV4dCUyRmNzcyUyMiUzRSUwQSUyMCUyMCUyMCUyMC5ta3RvRm9ybSUyMCU3QmZvbnQtc2l6ZSUzQTE2cHglMjAlMjFpbXBvcnRhbnQlM0IlN0QlMEElMjAlMjAlMjAlMjAubWt0b0Zvcm0lMjAlN0J3aWR0aCUzQSUyMDEwMCUyNSUyMCUyMWltcG9ydGFudCUzQiU3RCUwQSUyMCUyMCUyMCUyMC5ta3RvRm9ybSUyMC5ta3RvRm9ybUNvbCUyMCU3QmZsb2F0JTNBJTIwbm9uZSUyMCUyMWltcG9ydGFudCUzQiU3RCUwQSUyMCUyMCUyMCUyMC5ta3RvRm9ybSUyMC5ta3RvT2Zmc2V0JTIwJTdCZmxvYXQlM0ElMjBub25lJTIwJTIxaW1wb3J0YW50JTNCJTdEJTBBJTIwJTIwJTIwJTIwLm1rdG9Gb3JtJTIwLm1rdG9GaWVsZFdyYXAlMjAlN0JmbG9hdCUzQSUyMG5vbmUlMjAlMjFpbXBvcnRhbnQlM0IlN0QlMEElMEElMjAlMjAlMjAlMjAubWt0b0Zvcm0lMjBmaWVsZHNldCUyMCU3QmJvcmRlciUzQSUyMG5vbmUlMjAlMjFpbXBvcnRhbnQlM0IlN0QlMEElMjAlMjAlMjAlMjAubWt0b0Zvcm0lMjBmaWVsZHNldCUyMC5ta3RvRm9ybUNvbCUyMCU3QmZsb2F0JTNBJTIwbGVmdCUyMCUyMWltcG9ydGFudCUzQiUyMG1heC13aWR0aCUzQSUyMDkwJTI1JTIwJTIwJTIxaW1wb3J0YW50JTNCJTdEJTBBJTIwJTIwJTIwJTIwLm1rdG9Gb3JtJTIwZmllbGRzZXQlMjAubWt0b0ZpZWxkV3JhcCUyMCUzRSUyMCUyM0xibHJlcXVlc3RPcHRJbiUyMCU3QmRpc3BsYXklM0ElMjBub25lJTNCJTdEJTBBJTIwJTIwJTIwJTIwc2V0JTIwLm1rdG9GaWVsZFdyYXAlMjAlM0UlMjAubWt0b0d1dHRlciUyMCU3QmRpc3BsYXklM0ElMjBub25lJTNCJTdEJTBBJTBBJTIwJTIwJTIwJTIwLm1rdG9Gb3JtJTIwLm1rdG9MYWJlbCUyMCU3QmZsb2F0JTNBJTIwbm9uZSUyMCUyMWltcG9ydGFudCUzQiUyMHdpZHRoJTNBJTIwMTAwJTI1JTIwJTIxaW1wb3J0YW50JTNCJTIwbWFyZ2luLWJvdHRvbSUzQSUyMDEwcHglM0IlN0QlMEElMjAlMjAlMjAlMjAubWt0b0Zvcm0lMjBpbnB1dCU1QnR5cGUlM0R0ZXh0JTVEJTJDJTIwLm1rdG9Gb3JtJTIwaW5wdXQlNUJ0eXBlJTNEdXJsJTVEJTJDJTIwLm1rdG9Gb3JtJTIwaW5wdXQlNUJ0eXBlJTNEZW1haWwlNUQlMkMlMjAubWt0b0Zvcm0lMjBpbnB1dCU1QnR5cGUlM0R0ZWwlNUQlMkMlMjAubWt0b0Zvcm0lMjBpbnB1dCU1QnR5cGUlM0RudW1iZXIlNUQlMkMlMjAubWt0b0Zvcm0lMjBpbnB1dCU1QnR5cGUlM0RkYXRlJTVEJTJDJTIwLm1rdG9Gb3JtJTIwc2VsZWN0Lm1rdG9GaWVsZCUyQyUyMC5ta3RvRm9ybSUyMHRleHRhcmVhLm1rdG9GaWVsZCUyMCU3QndpZHRoJTNBJTIwMTAwJTI1JTIwJTIxaW1wb3J0YW50JTNCJTIwcGFkZGluZyUzQSUyMDAuNWVtJTIwMC4zZW0lMjAlMjFpbXBvcnRhbnQlM0IlMjBib3JkZXItcmFkaXVzJTNBJTIwNHB4JTIwJTIxaW1wb3J0YW50JTNCJTIwJTdEJTBBJTIwJTIwJTIwJTIwLm1rdG9Gb3JtJTIwLm1rdG9Mb2dpY2FsRmllbGQlMjAlN0J3aWR0aCUzQSUyMDEwMCUyNSUyMCUyMWltcG9ydGFudCUzQiU3RCUwQSUyMCUyMCUyMCUyMC5ta3RvRm9ybSUyMC5ta3RvSHRtbFRleHQlMjAlN0J3aWR0aCUzQSUyMDEwMCUyNSUyMCUyMWltcG9ydGFudCUzQiU3RCUwQSUyMCUyMCUyMCUyMC5ta3RvQnV0dG9uUm93JTIwJTdCZGlzcGxheSUzQSUyMGJsb2NrJTIwJTIxaW1wb3J0YW50JTNCJTIwdGV4dC1hbGlnbiUzQSUyMGNlbnRlciUyMCUyMWltcG9ydGFudCUzQiUyMG1hcmdpbi10b3AlM0EzMHB4JTIwJTIxaW1wb3J0YW50JTNCJTdEJTBBJTIwJTIwJTIwJTIwLm1rdG9CdXR0b25Sb3clMjAubWt0b0J1dHRvbldyYXAlMjAlN0JtYXJnaW4tbGVmdCUzQSUyMDAlMjAlMjFpbXBvcnRhbnQlM0IlN0QlMEElMDkubWt0b0Zvcm0lMjAubWt0b0J1dHRvblJvdyUyMC5ta3RvQnV0dG9uV3JhcC5ta3RvVGhvdWdodGJvdCUyMC5ta3RvQnV0dG9uJTIwJTdCJTBBJTA5JTIwJTIwJTIwJTIwdHJhbnNpdGlvbiUzQSUyMGNvbG9yJTIwLjNzJTIwZWFzZS1vdXQlM0IlMEElMDklMjAlMjAlMjAlMjBib3JkZXItcmFkaXVzJTNBJTIwMCUzQiUwQSUwOSUyMCUyMCUyMCUyMGJveC1zaGFkb3clM0ElMjBub25lJTNCJTBBJTA5JTIwJTIwJTIwJTIwYmFja2dyb3VuZCUzQSUyMCUyM2Q3MTcyZiUzQiUwQSUwOSUyMCUyMCUyMCUyMGJvcmRlciUzQSUyMDAlM0IlMEElMDklMjAlMjAlMjAlMjBib3R0b20lM0ElMjBhdXRvJTNCJTBBJTA5JTIwJTIwJTIwJTIwYm94LXNpemluZyUzQSUyMGJvcmRlci1ib3glM0IlMEElMDklMjAlMjAlMjAlMjBjbGlwJTNBJTIwYXV0byUzQiUwQSUwOSUyMCUyMCUyMCUyMGZsb2F0JTNBJTIwbm9uZSUzQiUwQSUwOSUyMCUyMCUyMCUyMGZvbnQtZmFtaWx5JTNBJTIwaW5oZXJpdCUzQiUwQSUwOSUyMCUyMCUyMCUyMGhlaWdodCUzQSUyMGF1dG8lM0IlMEElMDklMjAlMjAlMjAlMjBsZWZ0JTNBJTIwYXV0byUzQiUwQSUwOSUyMCUyMCUyMCUyMGxpc3Qtc3R5bGUtdHlwZSUzQSUyMG5vbmUlM0IlMEElMDklMjAlMjAlMjAlMjBtaW4taGVpZ2h0JTNBJTIwYXV0byUzQiUwQSUwOSUyMCUyMCUyMCUyMG1heC1oZWlnaHQlM0ElMjBub25lJTNCJTBBJTA5JTIwJTIwJTIwJTIwbWluLXdpZHRoJTNBJTIwYXV0byUzQiUwQSUwOSUyMCUyMCUyMCUyMG1heC13aWR0aCUzQSUyMG5vbmUlM0IlMEElMDklMjAlMjAlMjAlMjBvcGFjaXR5JTNBJTIwMSUzQiUwQSUwOSUyMCUyMCUyMCUyMG91dGxpbmUlM0ElMjAwJTNCJTBBJTA5JTIwJTIwJTIwJTIwcG9pbnRlci1ldmVudHMlM0ElMjBhdXRvJTNCJTBBJTA5JTIwJTIwJTIwJTIwcmlnaHQlM0ElMjBhdXRvJTNCJTBBJTA5JTIwJTIwJTIwJTIwdGV4dC1pbmRlbnQlM0ElMjAwJTNCJTBBJTA5JTIwJTIwJTIwJTIwdGV4dC10cmFuc2Zvcm0lM0ElMjBub25lJTNCJTBBJTA5JTIwJTIwJTIwJTIwdHJhbnNmb3JtJTNBJTIwbm9uZSUzQiUwQSUwOSUyMCUyMCUyMCUyMHRvcCUzQSUyMGF1dG8lM0IlMEElMDklMjAlMjAlMjAlMjB2aXNpYmlsaXR5JTNBJTIwaW5oZXJpdCUzQiUwQSUwOSUyMCUyMCUyMCUyMHdpZHRoJTNBJTIwYXV0byUzQiUwQSUwOSUyMCUyMCUyMCUyMHdvcmQtd3JhcCUzQSUyMGJyZWFrLXdvcmQlM0IlMEElMDklMjAlMjAlMjAlMjB3aGl0ZS1zcGFjZSUzQSUyMG5vcm1hbCUzQiUwQSUwOSUyMCUyMCUyMCUyMGJvcmRlciUzQSUyMG5vbmUlM0IlMEElMDklMjAlMjAlMjAlMjBib3gtc2hhZG93JTNBJTIwMCUyMDVweCUyMDEwcHglMjAwJTIwcmdiJTI4MCUyMDAlMjAwJTIwJTJGJTIwMTUlMjUlMjklM0IlMEElMDklMjAlMjAlMjAlMjBjb2xvciUzQSUyMCUyM2ZmZiUzQiUwQSUwOSUyMCUyMCUyMCUyMGRpc3BsYXklM0ElMjBpbmxpbmUtYmxvY2slM0IlMEElMDklMjAlMjAlMjAlMjBmb250LXdlaWdodCUzQSUyMDkwMCUzQiUwQSUwOSUyMCUyMCUyMCUyMGxldHRlci1zcGFjaW5nJTNBJTIwbm9ybWFsJTNCJTBBJTA5JTIwJTIwJTIwJTIwb3ZlcmZsb3clM0ElMjBoaWRkZW4lM0IlMEElMDklMjAlMjAlMjAlMjBwb3NpdGlvbiUzQSUyMHJlbGF0aXZlJTNCJTBBJTA5JTIwJTIwJTIwJTIwdGV4dC1hbGlnbiUzQSUyMGNlbnRlciUzQiUwQSUwOSUyMCUyMCUyMCUyMHRleHQtZGVjb3JhdGlvbiUzQSUyMG5vbmUlM0IlMEElMDklMjAlMjAlMjAlMjB2ZXJ0aWNhbC1hbGlnbiUzQSUyMG1pZGRsZSUzQiUwQSUwOSUyMCUyMCUyMCUyMHotaW5kZXglM0ElMjAxJTNCJTBBJTA5JTIwJTIwJTIwJTIwZm9udC1zaXplJTNBJTIwMXJlbSUzQiUwQSUwOSUyMCUyMCUyMCUyMGxpbmUtaGVpZ2h0JTNBJTIwMS4yNXJlbSUzQiUwQSUwOSUyMCUyMCUyMCUyMHBhZGRpbmclM0ElMjAxM3B4JTIwMThweCUzQiUwQSUwOSUyMCUyMCUyMCUyMG1hcmdpbiUzQSUyMDAlM0IlMEElMDklN0QlMEElMDkubWt0b0Zvcm0lMjAubWt0b0J1dHRvblJvdyUyMC5ta3RvQnV0dG9uV3JhcC5ta3RvVGhvdWdodGJvdCUyMC5ta3RvQnV0dG9uJTNBYmVmb3JlJTIwJTdCJTBBJTA5JTIwJTIwJTIwJTIwY29udGVudCUzQSUyMCUyMiUyMiUzQiUwQSUwOSUyMCUyMCUyMCUyMHBvc2l0aW9uJTNBJTIwYWJzb2x1dGUlM0IlMEElMDklMjAlMjAlMjAlMjB6LWluZGV4JTNBJTIwLTElM0IlMEElMDklMjAlMjAlMjAlMjBiYWNrZ3JvdW5kLWNvbG9yJTNBJTIwJTIzYzAxNTJhJTNCJTBBJTA5JTIwJTIwJTIwJTIwdG9wJTNBJTIwMCUzQiUwQSUwOSUyMCUyMCUyMCUyMGxlZnQlM0ElMjAwJTNCJTBBJTA5JTIwJTIwJTIwJTIwYm90dG9tJTNBJTIwMCUzQiUwQSUwOSUyMCUyMCUyMCUyMHJpZ2h0JTNBJTIwLTFweCUzQiUwQSUwOSUyMCUyMCUyMCUyMHRyYW5zZm9ybSUzQSUyMHNjYWxlWCUyODAlMjklM0IlMEElMDklMjAlMjAlMjAlMjB0cmFuc2Zvcm0tb3JpZ2luJTNBJTIwMCUyMDUwJTI1JTNCJTBBJTA5JTIwJTIwJTIwJTIwdHJhbnNpdGlvbiUzQSUyMHRyYW5zZm9ybSUyMC4ycyUyMGVhc2Utb3V0JTNCJTBBJTA5JTdEJTBBJTA5Lm1rdG9Gb3JtJTIwLm1rdG9CdXR0b25Sb3clMjAubWt0b0J1dHRvbldyYXAubWt0b1Rob3VnaHRib3QlMjAubWt0b0J1dHRvbiUzQWhvdmVyJTNBYmVmb3JlJTIwJTdCJTBBJTIwJTIwJTIwJTIwJTA5dHJhbnNmb3JtJTNBJTIwc2NhbGVYJTI4MSUyOSUzQiUwQSUwOSU3RCUwQSUwOS5ta3RvRm9ybSUyMC5ta3RvQnV0dG9uUm93JTIwLm1rdG9CdXR0b25XcmFwLm1rdG9UaG91Z2h0Ym90JTIwLm1rdG9CdXR0b24lM0FhZnRlciUyMCU3QiUwQSUwOSUyMCUyMCUyMCUyMGNvbnRlbnQlM0ElMjAlMjIlRTIlODAlQkElMjIlM0IlMEElMDklMjAlMjAlMjAlMjBkaXNwbGF5JTNBJTIwaW5saW5lLWJsb2NrJTNCJTBBJTA5JTIwJTIwJTIwJTIwbWFyZ2luLWxlZnQlM0ElMjA1cHglM0IlMEElMDklN0QlMEElMDkubWt0b0Zvcm0lMjAubWt0b1JlcXVpcmVkRmllbGQlMjAubWt0b0FzdGVyaXglMjAlN0IlMEElMDklMDlkaXNwbGF5JTNBJTIwaW5saW5lLWJsb2NrJTNCJTBBJTA5JTA5ZmxvYXQlM0ElMjBub25lJTNCJTBBJTA5JTA5bWFyZ2luLXJpZ2h0JTNBJTIwNXB4JTNCJTBBJTA5JTdEJTBBJTNDJTJGc3R5bGUlM0U=[\/vc_raw_html][\/vc_column][\/vc_row]<\/p>\n<\/div>","protected":false},"excerpt":{"rendered":"<p>[vc_row type=\u00bbfull-nopad\u00bb css=\u00bb.vc_custom_1593531057961{margin-bottom: 60px !important;}\u00bb][vc_column][\/vc_column][\/vc_row][vc_row type=\u00bbboxed\u00bb max_width=\u00bb1400&#8243; equal_height=\u00bbyes\u00bb][vc_column width=\u00bb1\/2&#8243;][vc_column_text el_id=\u00bbemailsign_intro\u00bb] Suscripci\u00f3n al correo electr\u00f3nico Para estar al d\u00eda de las novedades de Datacolor y ColorReader, le invitamos a suscribirse a nuestra lista de correo electr\u00f3nico. \u200b Siempre trataremos tus datos personales con el m\u00e1ximo cuidado, tal y como se describe en nuestra Pol\u00edtica de Privacidad, &hellip;<\/p>\n","protected":false},"author":2,"featured_media":0,"parent":0,"menu_order":0,"comment_status":"closed","ping_status":"closed","template":"","meta":{"footnotes":""},"class_list":["post-9214","page","type-page","status-publish","hentry"],"_links":{"self":[{"href":"https:\/\/www.datacolor.com\/colorreader\/es\/wp-json\/wp\/v2\/pages\/9214","targetHints":{"allow":["GET"]}}],"collection":[{"href":"https:\/\/www.datacolor.com\/colorreader\/es\/wp-json\/wp\/v2\/pages"}],"about":[{"href":"https:\/\/www.datacolor.com\/colorreader\/es\/wp-json\/wp\/v2\/types\/page"}],"author":[{"embeddable":true,"href":"https:\/\/www.datacolor.com\/colorreader\/es\/wp-json\/wp\/v2\/users\/2"}],"replies":[{"embeddable":true,"href":"https:\/\/www.datacolor.com\/colorreader\/es\/wp-json\/wp\/v2\/comments?post=9214"}],"version-history":[{"count":9,"href":"https:\/\/www.datacolor.com\/colorreader\/es\/wp-json\/wp\/v2\/pages\/9214\/revisions"}],"predecessor-version":[{"id":13236,"href":"https:\/\/www.datacolor.com\/colorreader\/es\/wp-json\/wp\/v2\/pages\/9214\/revisions\/13236"}],"wp:attachment":[{"href":"https:\/\/www.datacolor.com\/colorreader\/es\/wp-json\/wp\/v2\/media?parent=9214"}],"curies":[{"name":"wp","href":"https:\/\/api.w.org\/{rel}","templated":true}]}}