{"id":9524,"date":"2021-12-20T13:26:37","date_gmt":"2021-12-20T13:26:37","guid":{"rendered":"https:\/\/www.datacolor.com\/colorreader\/getting-started\/"},"modified":"2021-12-20T13:44:26","modified_gmt":"2021-12-20T13:44:26","slug":"como-empezar","status":"publish","type":"page","link":"https:\/\/www.datacolor.com\/colorreader\/es\/como-empezar\/","title":{"rendered":"Getting Started"},"content":{"rendered":"<div class=\"wpb-content-wrapper\"><p>[vc_row][vc_column]<div class=\"nm-banner-slider plugin-slick pagination-color-gray slick-slider slick-dots-disabled\" data-adaptive-height=\"true\" >\r\n\t\t\t<div class=\"nm-banner content-full image-type-fluid text-color-dark subtitle-below alt-mobile-layout\" style=\"background-color: #f3f3f3;\"><img decoding=\"async\" src=\"https:\/\/www.datacolor.com\/colorreader\/wp-content\/uploads\/2020\/09\/prod-overview_main-banner.png\" alt=\"prod overview_main banner\" \/>\r\n\t\t\t\t<div class=\"nm-banner-content\">\r\n\t\t\t\t\t<div class=\"nm-banner-content-inner h_left v_center align_left\">\r\n\t\t\t\t\t\t<div class=\"nm-banner-text large\" style=\"max-width:45%;\">\r\n\t\t\t\t\t\t\t<div class=\"nm-banner-text-inner\"><h1 class=\"nm-banner-title\">C\u00f3mo empezar<\/h1><h2 class=\"nm-banner-subtitle nm-alt-font\">Sacar el m\u00e1ximo partido a tu ColorReader incluye utilizarlo adecuadamente y comprender sus funcionalidades<\/h2><\/div>\r\n\t\t\t\t\t\t<\/div>\r\n\t\t\t\t\t<\/div>\r\n\t\t\t\t<\/div>\r\n\t\t\t<\/div><\/div>[\/vc_column][\/vc_row][vc_row][vc_column][vc_empty_space height=\u00bb64px\u00bb][\/vc_column][\/vc_row][vc_row][vc_column][vc_toggle title=\u00bbC\u00f3mo empezar con tu dispositivo ColorReader\u00bb open=\u00bbtrue\u00bb]<\/p>\n<ul>\n<li>Aseg\u00farate de que tu <strong>ColorReader est\u00e1 completamente cargado<\/strong>. El ColorReader y el ColorReader Pro vienen con bater\u00edas de litio que puedes recargar mediante los cables USB que los acompa\u00f1an. El ColorReader EZ viene con dos pilas tipo moneda CR2032 que se pueden sustituir cuando sea necesario.<\/li>\n<li>Para el ColorReader y el ColorReader EZ, aseg\u00farate de que se han <strong>retirado las tapas protectoras del objetivo<\/strong> antes de intentar escanear un color.\n<ul>\n<li>ColorReader \u2013 Retira la tapa negra de la lente protectora atornillada.<\/li>\n<li>ColorReader EZ \u2013 Vuelve a colocar la tapa blanca de protecci\u00f3n del objetivo en la parte inferior del aparato.<\/li>\n<\/ul>\n<\/li>\n<li><strong>Enciende tu dispositivo ColorReader<\/strong>:\n<ul>\n<li>ColorReader Pro \u2013 Pulsa el bot\u00f3n negro del lateral del aparato. El indicador luminoso que se encuentra en el panel LCD se pondr\u00e1 verde cuando est\u00e9 encendido (y completamente cargado), adem\u00e1s de un mensaje que te indicar\u00e1 que el dispositivo est\u00e1 listo.<\/li>\n<li>ColorReader \u2013 Pulsa el peque\u00f1o bot\u00f3n negro situado junto al puerto USB. La luz indicadora que se encuentra junto a \u00e9l se pondr\u00e1 verde cuando el dispositivo est\u00e9 encendido y completamente cargado.<\/li>\n<li>ColorReader EZ \u2013 Pulsa el bot\u00f3n de la parte frontal del dispositivo.<\/li>\n<\/ul>\n<\/li>\n<li>Sigue las indicaciones para <strong>sincronizar tu dispositivo con tu m\u00f3vil<\/strong>. En el caso del ColorReader Pro, aseg\u00farate de sincronizar los abanicos que desees con el almacenamiento de color interno de tu dispositivo para poder utilizarlo sin la aplicaci\u00f3n y ver los resultados directamente en la pantalla LCD del dispositivo.<\/li>\n<li><strong>Calibra tu dispositivo para obtener la medici\u00f3n de color m\u00e1s precisa. Puedes encontrar tu ficha de calibraci\u00f3n:<\/strong>\n<ul>\n<li>ColorReader Pro \u2013 La baldosa de calibraci\u00f3n est\u00e1 separada del aparato y se encuentra en el malet\u00edn de transporte.<\/li>\n<li>ColorReader \u2013 La baldosa de calibraci\u00f3n est\u00e1 incrustada en la tapa protectora de rosca.<\/li>\n<li>ColorReader EZ \u2013 La tapa protectora de la lente abatible funciona como baldosa de calibraci\u00f3n cuando est\u00e1 cerrada.<\/li>\n<\/ul>\n<\/li>\n<\/ul>\n<p>[\/vc_toggle][vc_toggle title=\u00bbConsigue los mejores resultados de tus escaneos en color\u00bb]<\/p>\n<ul>\n<li>Las superficies planas, lisas y de un solo color te proporcionar\u00e1n <strong>los resultados m\u00e1s precisos<\/strong> del ColorReader.<\/li>\n<li>Coloca el aparato a ras de la superficie que vas a medir (toc\u00e1ndola, no s\u00f3lo apuntando hacia ella) para asegurarte de que no se filtre la luz circundante, lo que puede afectar a la precisi\u00f3n de la lectura del color.<\/li>\n<li>Las superficies con textura, como el estuco, las telas tejidas y las superficies de alto brillo pueden afectar a la precisi\u00f3n del color, al igual que las superficies de color degradado.<\/li>\n<li>Si vas a medir un color sobre un patr\u00f3n, aseg\u00farate de que la parte del color que vas a <strong>medir es lo suficientemente grande<\/strong> (al menos \u00bc\u00bb X \u00bc\u00bb\/ 0,635 X 0,635 cm) para garantizar que la lente cubre la superficie por completo.<\/li>\n<\/ul>\n<p>[\/vc_toggle][vc_toggle title=\u00bbPrecisi\u00f3n del color\/Resultados\u00bb]<\/p>\n<ul>\n<li>Ten en cuenta que <strong>los colores mostrados en la pantalla<\/strong> (o en tu tel\u00e9fono) pueden no representar la pintura real o los colores digitales debido a las variaciones en las pantallas de los dispositivos.<\/li>\n<li><strong>La pintura se desvanece con el tiempo<\/strong> y puede desgastarse de forma desigual debido a la exposici\u00f3n a los rayos UV de la luz solar, la suciedad, la mugre y los productos de limpieza utilizados, por lo que no recomendamos los retoques puntuales. Si no puedes repintar toda la habitaci\u00f3n, al menos repinta toda la pared o la zona de las molduras.<\/li>\n<li><strong>\u00bfQuieres escanear tu pared para que coincida exactamente el color de la pintura?<\/strong> Aseg\u00farate de utilizar la funci\u00f3n de la aplicaci\u00f3n que te permite seleccionar marcas de pintura espec\u00edficas para centrar tu b\u00fasqueda.<\/li>\n<li><strong>\u00bfHas probado tu ColorReader en una pared de la que conoces el color de la pintura<\/strong> (marca y nombre del color) o en un trozo de pintura de la tienda y te has encontrado con una coincidencia de color diferente? He aqu\u00ed el motivo:\n<ul>\n<li>Como hemos dicho antes, la pintura se desvanece con el tiempo -y los trozos de color tambi\u00e9n- por razones similares: Exposici\u00f3n al sol, suciedad, mugre, productos de limpieza. Tu ColorReader coincide con el color de pintura m\u00e1s parecido al que aparece ahora, que puede ser un nombre de color diferente e incluso una marca diferente si no has limitado tu b\u00fasqueda a determinadas marcas mediante la funci\u00f3n de selecci\u00f3n de marca de la aplicaci\u00f3n.<\/li>\n<li>\u00bfHas probado a escanear diferentes partes de tu pared s\u00f3lo para encontrar coincidencias de color diferentes para cada lugar? De nuevo, la pintura puede deste\u00f1ir de forma desigual seg\u00fan a lo que haya estado expuesta. Nuestros ojos \u00abven\u00bb un color, pero puede haber sutiles variaciones de tono que pasan desapercibidas.<\/li>\n<\/ul>\n<\/li>\n<\/ul>\n<p>[\/vc_toggle][vc_toggle title=\u00bbColorReader en dispositivos Android\u00bb]<strong>\u00bfTienes problemas de conexi\u00f3n con tu tel\u00e9fono Android? Prueba lo siguiente:<\/strong>:<\/p>\n<ul>\n<li>Aseg\u00farate de que tu dispositivo ColorReader est\u00e1 completamente cargado, luego borra la aplicaci\u00f3n ColorReader de tu tel\u00e9fono m\u00f3vil y reinicia tu tel\u00e9fono.<\/li>\n<li>A continuaci\u00f3n, enciende tu dispositivo y ve a los ajustes de Bluetooth\u00ae de Android. Aseg\u00farate de que tu ColorReader espec\u00edfico aparece como dispositivo disponible para sincronizar. No intentes sincronizar el dispositivo mediante los ajustes de Bluetooth\u00ae de Android.<\/li>\n<li>Ahora instala e inicia la aplicaci\u00f3n ColorReader. Aseg\u00farate de que la app ColorReader tiene permiso para acceder a los servicios de localizaci\u00f3n de Android, ya que s\u00f3lo as\u00ed la app ColorReader podr\u00e1 utilizar la funcionalidad Bluetooth de tu tel\u00e9fono m\u00f3vil. A continuaci\u00f3n, aseg\u00farate de que tu dispositivo ColorReader sigue encendido para conectar la app ColorReader a tu dispositivo ColorReader.<\/li>\n<\/ul>\n<p>[\/vc_toggle][\/vc_column][\/vc_row][vc_row][vc_column][vc_empty_space height=\u00bb64px\u00bb][vc_column_text el_class=\u00bbfaqsupport\u00bb css=\u00bb.vc_custom_1626172271648{padding-top: 32px !important;padding-right: 32px !important;padding-bottom: 32px !important;padding-left: 32px !important;background-color: #000000 !important;}\u00bb]<\/p>\n<p style=\"text-align: center;\">Si todav\u00eda tienes preguntas o necesitas ayuda, no dudes en ponerte en <strong><a href=\"https:\/\/colorreader-support.datacolor.com\/hc\/de\" target=\"_blank\" rel=\"noopener\">contacto con nuestro \u00fatil equipo de asistencia<\/a><\/strong>.<\/p>\n<p>[\/vc_column_text][vc_empty_space height=\u00bb64px\u00bb][\/vc_column][\/vc_row][vc_row][vc_column][vc_empty_space height=\u00bb64px\u00bb][\/vc_column][\/vc_row]<\/p>\n<\/div>","protected":false},"excerpt":{"rendered":"<p>[vc_row][vc_column][\/vc_column][\/vc_row][vc_row][vc_column][vc_empty_space height=\u00bb64px\u00bb][\/vc_column][\/vc_row][vc_row][vc_column][vc_toggle title=\u00bbC\u00f3mo empezar con tu dispositivo ColorReader\u00bb open=\u00bbtrue\u00bb] Aseg\u00farate de que tu ColorReader est\u00e1 completamente cargado. El ColorReader y el ColorReader Pro vienen con bater\u00edas de litio que puedes recargar mediante los cables USB que los acompa\u00f1an. El ColorReader EZ viene con dos pilas tipo moneda CR2032 que se pueden sustituir cuando sea necesario. &hellip;<\/p>\n","protected":false},"author":2,"featured_media":0,"parent":0,"menu_order":0,"comment_status":"closed","ping_status":"closed","template":"","meta":{"footnotes":""},"class_list":["post-9524","page","type-page","status-publish","hentry"],"_links":{"self":[{"href":"https:\/\/www.datacolor.com\/colorreader\/es\/wp-json\/wp\/v2\/pages\/9524","targetHints":{"allow":["GET"]}}],"collection":[{"href":"https:\/\/www.datacolor.com\/colorreader\/es\/wp-json\/wp\/v2\/pages"}],"about":[{"href":"https:\/\/www.datacolor.com\/colorreader\/es\/wp-json\/wp\/v2\/types\/page"}],"author":[{"embeddable":true,"href":"https:\/\/www.datacolor.com\/colorreader\/es\/wp-json\/wp\/v2\/users\/2"}],"replies":[{"embeddable":true,"href":"https:\/\/www.datacolor.com\/colorreader\/es\/wp-json\/wp\/v2\/comments?post=9524"}],"version-history":[{"count":13,"href":"https:\/\/www.datacolor.com\/colorreader\/es\/wp-json\/wp\/v2\/pages\/9524\/revisions"}],"predecessor-version":[{"id":9538,"href":"https:\/\/www.datacolor.com\/colorreader\/es\/wp-json\/wp\/v2\/pages\/9524\/revisions\/9538"}],"wp:attachment":[{"href":"https:\/\/www.datacolor.com\/colorreader\/es\/wp-json\/wp\/v2\/media?parent=9524"}],"curies":[{"name":"wp","href":"https:\/\/api.w.org\/{rel}","templated":true}]}}