{"id":160270,"date":"2021-12-17T16:45:20","date_gmt":"2021-12-17T22:45:20","guid":{"rendered":"https:\/\/dev.new.datacolor.eu\/noticias-prensa\/"},"modified":"2022-09-07T07:51:25","modified_gmt":"2022-09-07T12:51:25","slug":"noticias-prensa","status":"publish","type":"page","link":"https:\/\/www.datacolor.com\/es\/noticias-prensa\/","title":{"rendered":"Noticias y prensa"},"content":{"rendered":"<section id=\"gutenblock-block_620d6fb5ca426\" class=\"gutenblock gutenblock--oms-newsletter-bar bg-color-black text-white\">\n        <div class=\"container-fluid\">\n            <div class=\"l-newsletter-form__row row justify-content-center\">\n                <div class=\"l-newsletter-form__col col-12 col-lg-6 col-xxl-5\">\n                    <div class=\"newsletter-bar__content d-flex align-items-center\">\n                        <img decoding=\"async\" class=\"alignleft wp-image-17411\" src=\"https:\/\/www.datacolor.com\/wp-content\/uploads\/2022\/01\/color-wheel-300x300.png\" alt=\"Icon of a Color Wheel\" width=\"75\" height=\"75\" srcset=\"https:\/\/www.datacolor.com\/wp-content\/uploads\/2022\/01\/color-wheel-300x300.png 300w, https:\/\/www.datacolor.com\/wp-content\/uploads\/2022\/01\/color-wheel-150x150.png 150w, https:\/\/www.datacolor.com\/wp-content\/uploads\/2022\/01\/color-wheel-350x350.png 350w, https:\/\/www.datacolor.com\/wp-content\/uploads\/2022\/01\/color-wheel-500x500.png 500w, https:\/\/www.datacolor.com\/wp-content\/uploads\/2022\/01\/color-wheel.png 512w, https:\/\/www.datacolor.com\/wp-content\/uploads\/2022\/01\/color-wheel-200x200.png 200w, https:\/\/www.datacolor.com\/wp-content\/uploads\/2022\/01\/color-wheel-100x100.png 100w, https:\/\/www.datacolor.com\/wp-content\/uploads\/2022\/01\/color-wheel-175x175.png 175w\" sizes=\"(max-width: 75px) 100vw, 75px\" \/>\n                        <p>Siga la onda correcta de la gesti\u00f3n del color con las opiniones mensuales de m\u00e1s de 10.000 profesionales del color de todo el mundo<\/p>\n                    <\/div>\n                <\/div>\n                <div class=\"l-newsletter-form__col col-12 col-lg-6 col-xxl-5 d-flex\">\n                    <form action=\"https:\/\/www.datacolor.com\/es\/soluciones-empresariales\/suscripcion-al-boletin-de-noticias\/\" method=\"get\" class=\"newsletter-bar__form d-flex align-items-center\">\n    <label for=\"email-newsletter-block\" class=\"sr-only\">Email Address<\/label><input id=\"email-newsletter-block\" type=\"email\" name=\"email\" placeholder=\"Email Address\" \/><button type=\"submit\" class=\"btn-primary btn-primary--no-arrow\"><i class=\"u-icon fas fa-envelope\"><\/i> Inscr\u00edbete en Insights<\/button>\n<\/form>\n                <\/div>\n            <\/div>\n        <\/div>\n    <\/section><section id=\"gutenblock-block_6213cf3c17210\" class=\"gutenblock gutenblock--oms-archive bg-color-white\">\n        <div class=\"gutenblock-inner\">\n            <div class=\"container-fluid\">\n\n                \n                <div class=\"l-archive\">\n    <div class=\"l-archive__filters d-flex flex-column flex-md-row align-items-center\">\n        <div class=\"facetwp-filters-wrapper d-flex align-items-center flex-column flex-md-row\">\n            <div class=\"facetwp-facet facetwp-facet-press_search facetwp-type-search\" data-name=\"press_search\" data-type=\"search\"><\/div>        <\/div>\n        <button class=\"btn-secondary btn-secondary--no-arrow facetwp-submit\" onclick=\"FWP.refresh()\"><i class=\"fas fa-search\"><\/i>Find<\/button>\n        <button type=\"reset\" class=\"u-button-link facet-reset js-facet-reset\" onclick=\"FWP.reset()\"><i class=\"fas fa-times-circle\"><\/i> &#8211; Reset<\/button>\n    <\/div>\n    <div class=\"l-archive__count\">\n        <div class=\"facetwp-counts\"><\/div>    <\/div>\n    <a name=\"filter-top\"><\/a>\n    <div class=\"l-archive__results\">\n        <div class=\"facetwp-template\" data-name=\"press\">    <div class=\"row l-archive-results__row justify-content-start\">\n        \n            <div class=\"col-12 col-sm-6 col-lg-4 col-xl-3 l-archive-results__col\">\n                \n<a href=\"https:\/\/www.datacolor.com\/es\/news-press\/press-release\/datacolor-expands-global-color-technology-leadership-with-acquisition-of-techkon-2\/\" id=\"post-183329\" class=\"teaser teaser--press teaser--vertical post-183329 news_press type-news_press status-publish has-post-thumbnail hentry press_category-empresa\">\n    <div class=\"teaser__main\">\n\n        <img decoding=\"async\" width=\"368\" height=\"476\" src=\"https:\/\/www.datacolor.com\/wp-content\/uploads\/2025\/07\/TechkonUSA-platereader-spectroplate-900x560-1-368x476.jpg\" class=\"attachment-cpt-feed size-cpt-feed\" alt=\"\" \/>\n        <div class=\"teaser__overlay\">\n\n            \n            <h2 class=\"teaser__title\">Datacolor Adquiere TECHKON USA, ampliando su presencia en la industria de la impresi\u00f3n y el embalaje<\/h2>\n\n            <p class=\"post-meta post-meta--teaser\"><i class=\"fas fa-list-ul\"><\/i> Empresa<\/p>\n        <\/div>\n\n        \n    <\/div>\n\n    <\/a>\n\n<button type=\"button\" onclick=\"window.open('\/wp-admin\/post.php?post=183329&#038;action=edit')\" class=\"edit-link\" aria-hidden=\"true\">Edit Post<\/button>            <\/div>\n\n        \n            <div class=\"col-12 col-sm-6 col-lg-4 col-xl-3 l-archive-results__col\">\n                \n<a href=\"https:\/\/www.datacolor.com\/es\/news-press\/press-release\/datacolor-announces-launch-of-next-generation-of-precision-portable-spectrophotometers-spectro-p-series\/\" id=\"post-181877\" class=\"teaser teaser--press teaser--vertical post-181877 news_press type-news_press status-publish has-post-thumbnail hentry press_category-lanzamiento-de-productos\">\n    <div class=\"teaser__main\">\n\n        <img decoding=\"async\" width=\"368\" height=\"476\" src=\"https:\/\/www.datacolor.com\/wp-content\/uploads\/2025\/03\/PSeries-Industrial-368x476.jpg\" class=\"attachment-cpt-feed size-cpt-feed\" alt=\"\" \/>\n        <div class=\"teaser__overlay\">\n\n            \n            <h2 class=\"teaser__title\">Datacolor Anuncia el Lanzamiento de la Pr\u00f3xima Generaci\u00f3n de Espectrofot\u00f3metros Port\u00e1tiles de Precisi\u00f3n, la Serie Spectro P<\/h2>\n\n            <p class=\"post-meta post-meta--teaser\"><i class=\"fas fa-list-ul\"><\/i> Lanzamiento de productos<\/p>\n        <\/div>\n\n        \n    <\/div>\n\n    <\/a>\n\n<button type=\"button\" onclick=\"window.open('\/wp-admin\/post.php?post=181877&#038;action=edit')\" class=\"edit-link\" aria-hidden=\"true\">Edit Post<\/button>            <\/div>\n\n        \n            <div class=\"col-12 col-sm-6 col-lg-4 col-xl-3 l-archive-results__col\">\n                \n<a href=\"https:\/\/www.datacolor.com\/es\/news-press\/press-release\/datacolor-adquiere-matchmycolor\/\" id=\"post-168066\" class=\"teaser teaser--press teaser--vertical post-168066 news_press type-news_press status-publish has-post-thumbnail hentry press_category-empresa\">\n    <div class=\"teaser__main\">\n\n        <img decoding=\"async\" width=\"368\" height=\"476\" src=\"https:\/\/www.datacolor.com\/wp-content\/uploads\/2022\/03\/business-home-hero-1-368x476.png\" class=\"attachment-cpt-feed size-cpt-feed\" alt=\"\" \/>\n        <div class=\"teaser__overlay\">\n\n            \n            <h2 class=\"teaser__title\">Datacolor adquiere matchmycolor<\/h2>\n\n            <p class=\"post-meta post-meta--teaser\"><i class=\"fas fa-list-ul\"><\/i> Empresa<\/p>\n        <\/div>\n\n        \n    <\/div>\n\n    <\/a>\n\n<button type=\"button\" onclick=\"window.open('\/wp-admin\/post.php?post=168066&#038;action=edit')\" class=\"edit-link\" aria-hidden=\"true\">Edit Post<\/button>            <\/div>\n\n        \n            <div class=\"col-12 col-sm-6 col-lg-4 col-xl-3 l-archive-results__col\">\n                \n<a href=\"https:\/\/www.datacolor.com\/es\/news-press\/press-release\/new-datacolor-spyder-checkr-photo-get-color-right-from-the-start\/\" id=\"post-161613\" class=\"teaser teaser--press teaser--vertical post-161613 news_press type-news_press status-publish has-post-thumbnail hentry press_category-lanzamiento-de-productos\">\n    <div class=\"teaser__main\">\n\n        <img decoding=\"async\" width=\"368\" height=\"476\" src=\"https:\/\/www.datacolor.com\/wp-content\/uploads\/2022\/10\/SpyderCheckrPhoto-IMG_1000-700-368x476.jpg\" class=\"attachment-cpt-feed size-cpt-feed\" alt=\"Spyder Checkr Photo\" \/>\n        <div class=\"teaser__overlay\">\n\n            \n            <h2 class=\"teaser__title\">\u00a1Nuevo! Datacolor\u00ae Spyder\u00ae Checkr Photo; obtenga el color desde el principio<\/h2>\n\n            <p class=\"post-meta post-meta--teaser\"><i class=\"fas fa-list-ul\"><\/i> Lanzamiento de productos<\/p>\n        <\/div>\n\n        \n    <\/div>\n\n    <\/a>\n\n<button type=\"button\" onclick=\"window.open('\/wp-admin\/post.php?post=161613&#038;action=edit')\" class=\"edit-link\" aria-hidden=\"true\">Edit Post<\/button>            <\/div>\n\n        \n            <div class=\"col-12 col-sm-6 col-lg-4 col-xl-3 l-archive-results__col\">\n                \n<a href=\"https:\/\/www.datacolor.com\/es\/news-press\/press-release\/datacolor-anuncia-un-modelo-de-venta-directa-y-una-actualizacion-organizativa-en-los-paises-nordicos-2\/\" id=\"post-167446\" class=\"teaser teaser--press teaser--vertical post-167446 news_press type-news_press status-publish has-post-thumbnail hentry press_category-empresa\">\n    <div class=\"teaser__main\">\n\n        <img decoding=\"async\" width=\"368\" height=\"476\" src=\"https:\/\/www.datacolor.com\/wp-content\/uploads\/2022\/03\/header-locations-1000wide-368x476.jpg\" class=\"attachment-cpt-feed size-cpt-feed\" alt=\"\" \/>\n        <div class=\"teaser__overlay\">\n\n            \n            <h2 class=\"teaser__title\">Datacolor\u00ae anuncia su asociaci\u00f3n con expertos en color con sede en M\u00e9xico<\/h2>\n\n            <p class=\"post-meta post-meta--teaser\"><i class=\"fas fa-list-ul\"><\/i> Empresa<\/p>\n        <\/div>\n\n        \n    <\/div>\n\n    <\/a>\n\n<button type=\"button\" onclick=\"window.open('\/wp-admin\/post.php?post=167446&#038;action=edit')\" class=\"edit-link\" aria-hidden=\"true\">Edit Post<\/button>            <\/div>\n\n        \n            <div class=\"col-12 col-sm-6 col-lg-4 col-xl-3 l-archive-results__col\">\n                \n<a href=\"https:\/\/www.datacolor.com\/es\/news-press\/press-release\/datacolor-introduce-un-programa-de-pago-de-suscripcion-para-el-software-de-escritorio\/\" id=\"post-161611\" class=\"teaser teaser--press teaser--vertical post-161611 news_press type-news_press status-publish has-post-thumbnail hentry press_category-lanzamiento-de-productos\">\n    <div class=\"teaser__main\">\n\n        <img decoding=\"async\" width=\"368\" height=\"476\" src=\"https:\/\/www.datacolor.com\/wp-content\/uploads\/2022\/01\/800x800-Lifestyle-MatchPigment-1-368x476.jpg\" class=\"attachment-cpt-feed size-cpt-feed\" alt=\"\" \/>\n        <div class=\"teaser__overlay\">\n\n            \n            <h2 class=\"teaser__title\">Datacolor\u00ae presenta un programa de pago por suscripci\u00f3n para el software de escritorio<\/h2>\n\n            <p class=\"post-meta post-meta--teaser\"><i class=\"fas fa-list-ul\"><\/i> Lanzamiento de productos<\/p>\n        <\/div>\n\n        \n    <\/div>\n\n    <\/a>\n\n<button type=\"button\" onclick=\"window.open('\/wp-admin\/post.php?post=161611&#038;action=edit')\" class=\"edit-link\" aria-hidden=\"true\">Edit Post<\/button>            <\/div>\n\n        \n            <div class=\"col-12 col-sm-6 col-lg-4 col-xl-3 l-archive-results__col\">\n                \n<a href=\"https:\/\/www.datacolor.com\/es\/news-press\/press-release\/datacolor-and-samplize-align-to-make-paint-color-selection-easier-than-ever\/\" id=\"post-161600\" class=\"teaser teaser--press teaser--vertical post-161600 news_press type-news_press status-publish has-post-thumbnail hentry press_category-lanzamiento-de-productos\">\n    <div class=\"teaser__main\">\n\n        <img decoding=\"async\" width=\"368\" height=\"476\" src=\"https:\/\/www.datacolor.com\/wp-content\/uploads\/2021\/11\/Colorreader-Samplize-368x476.jpg\" class=\"attachment-cpt-feed size-cpt-feed\" alt=\"\" \/>\n        <div class=\"teaser__overlay\">\n\n            \n            <h2 class=\"teaser__title\">Datacolor y Samplize se al\u00edan para facilitar la selecci\u00f3n de colores de pintura<\/h2>\n\n            <p class=\"post-meta post-meta--teaser\"><i class=\"fas fa-list-ul\"><\/i> Lanzamiento de productos<\/p>\n        <\/div>\n\n        \n    <\/div>\n\n    <\/a>\n\n<button type=\"button\" onclick=\"window.open('\/wp-admin\/post.php?post=161600&#038;action=edit')\" class=\"edit-link\" aria-hidden=\"true\">Edit Post<\/button>            <\/div>\n\n        \n            <div class=\"col-12 col-sm-6 col-lg-4 col-xl-3 l-archive-results__col\">\n                \n<a href=\"https:\/\/www.datacolor.com\/es\/news-press\/press-release\/datacolor-introduce-cloudqc-viewer-a-saas-color-quality-control-application\/\" id=\"post-161606\" class=\"teaser teaser--press teaser--vertical post-161606 news_press type-news_press status-publish has-post-thumbnail hentry press_category-lanzamiento-de-productos\">\n    <div class=\"teaser__main\">\n\n        <img decoding=\"async\" width=\"368\" height=\"476\" src=\"https:\/\/www.datacolor.com\/wp-content\/uploads\/2021\/10\/CloudQC-Viewer-Dashbaord2-368x476.png\" class=\"attachment-cpt-feed size-cpt-feed\" alt=\"\" \/>\n        <div class=\"teaser__overlay\">\n\n            \n            <h2 class=\"teaser__title\">Datacolor\u00ae presenta CloudQC Viewer, una aplicaci\u00f3n SaaS de control de calidad del color<\/h2>\n\n            <p class=\"post-meta post-meta--teaser\"><i class=\"fas fa-list-ul\"><\/i> Lanzamiento de productos<\/p>\n        <\/div>\n\n        \n    <\/div>\n\n    <\/a>\n\n<button type=\"button\" onclick=\"window.open('\/wp-admin\/post.php?post=161606&#038;action=edit')\" class=\"edit-link\" aria-hidden=\"true\">Edit Post<\/button>            <\/div>\n\n        \n            <div class=\"col-12 col-sm-6 col-lg-4 col-xl-3 l-archive-results__col\">\n                \n<a href=\"https:\/\/www.datacolor.com\/es\/news-press\/press-release\/introducing-ral-colorreader-precise-portable-color-matching-tool-for-professional-and-consumers\/\" id=\"post-161612\" class=\"teaser teaser--press teaser--vertical post-161612 news_press type-news_press status-publish has-post-thumbnail hentry press_category-lanzamiento-de-productos\">\n    <div class=\"teaser__main\">\n\n        <img decoding=\"async\" width=\"368\" height=\"476\" src=\"https:\/\/www.datacolor.com\/wp-content\/uploads\/2021\/09\/RAL-ColorReader-368x476.jpg\" class=\"attachment-cpt-feed size-cpt-feed\" alt=\"\" \/>\n        <div class=\"teaser__overlay\">\n\n            \n            <h2 class=\"teaser__title\">Presentaci\u00f3n de RAL COLORREADER &#8211; Herramienta precisa y port\u00e1til de igualaci\u00f3n de colores para profesionales y consumidores<\/h2>\n\n            <p class=\"post-meta post-meta--teaser\"><i class=\"fas fa-list-ul\"><\/i> Lanzamiento de productos<\/p>\n        <\/div>\n\n        \n    <\/div>\n\n    <\/a>\n\n<button type=\"button\" onclick=\"window.open('\/wp-admin\/post.php?post=161612&#038;action=edit')\" class=\"edit-link\" aria-hidden=\"true\">Edit Post<\/button>            <\/div>\n\n        \n        \n    <\/div>\n<\/div><div class=\"facetwp-pager\"><\/div>    <\/div>\n<\/div>\n                \n\n            <\/div>\n        <\/div>\n    <\/section>","protected":false},"excerpt":{"rendered":"","protected":false},"author":2,"featured_media":0,"parent":0,"menu_order":17,"comment_status":"open","ping_status":"closed","template":"","meta":{"_acf_changed":false,"_relevanssi_hide_post":"","_relevanssi_hide_content":"","_relevanssi_pin_for_all":"","_relevanssi_pin_keywords":"","_relevanssi_unpin_keywords":"","_relevanssi_related_keywords":"","_relevanssi_related_include_ids":"","_relevanssi_related_exclude_ids":"","_relevanssi_related_no_append":"","_relevanssi_related_not_related":"","_relevanssi_related_posts":"","_relevanssi_noindex_reason":"","footnotes":""},"class_list":["post-160270","page","type-page","status-publish","hentry"],"acf":[],"yoast_head":"<!-- This site is optimized with the Yoast SEO plugin v26.6 - https:\/\/yoast.com\/wordpress\/plugins\/seo\/ -->\n<title>Noticias de Datacolor e informaci\u00f3n de prensa | Datacolor<\/title>\n<meta name=\"robots\" content=\"index, follow, max-snippet:-1, max-image-preview:large, max-video-preview:-1\" \/>\n<link rel=\"canonical\" href=\"https:\/\/www.datacolor.com\/es\/noticias-prensa\/\" \/>\n<meta property=\"og:locale\" content=\"es_ES\" \/>\n<meta property=\"og:type\" content=\"article\" \/>\n<meta property=\"og:title\" content=\"Noticias de Datacolor e informaci\u00f3n de prensa | Datacolor\" \/>\n<meta property=\"og:url\" content=\"https:\/\/www.datacolor.com\/es\/noticias-prensa\/\" \/>\n<meta property=\"og:site_name\" content=\"Datacolor\" \/>\n<meta property=\"article:publisher\" content=\"https:\/\/facebook.com\/DatacolorCorporate\" \/>\n<meta property=\"article:modified_time\" content=\"2022-09-07T12:51:25+00:00\" \/>\n<meta property=\"og:image\" content=\"https:\/\/www.datacolor.com\/wp-content\/uploads\/2022\/01\/collage-careers-800x700-1.jpg\" \/>\n\t<meta property=\"og:image:width\" content=\"800\" \/>\n\t<meta property=\"og:image:height\" content=\"700\" \/>\n\t<meta property=\"og:image:type\" content=\"image\/jpeg\" \/>\n<meta name=\"twitter:card\" content=\"summary_large_image\" \/>\n<!-- \/ Yoast SEO plugin. -->","yoast_head_json":{"title":"Noticias de Datacolor e informaci\u00f3n de prensa | Datacolor","robots":{"index":"index","follow":"follow","max-snippet":"max-snippet:-1","max-image-preview":"max-image-preview:large","max-video-preview":"max-video-preview:-1"},"canonical":"https:\/\/www.datacolor.com\/es\/noticias-prensa\/","og_locale":"es_ES","og_type":"article","og_title":"Noticias de Datacolor e informaci\u00f3n de prensa | Datacolor","og_url":"https:\/\/www.datacolor.com\/es\/noticias-prensa\/","og_site_name":"Datacolor","article_publisher":"https:\/\/facebook.com\/DatacolorCorporate","article_modified_time":"2022-09-07T12:51:25+00:00","og_image":[{"width":800,"height":700,"url":"https:\/\/www.datacolor.com\/wp-content\/uploads\/2022\/01\/collage-careers-800x700-1.jpg","type":"image\/jpeg"}],"twitter_card":"summary_large_image","schema":{"@context":"https:\/\/schema.org","@graph":[{"@type":"WebPage","@id":"https:\/\/www.datacolor.com\/es\/noticias-prensa\/","url":"https:\/\/www.datacolor.com\/es\/noticias-prensa\/","name":"Noticias de Datacolor e informaci\u00f3n de prensa | Datacolor","isPartOf":{"@id":"https:\/\/www.datacolor.com\/es\/#website"},"datePublished":"2021-12-17T22:45:20+00:00","dateModified":"2022-09-07T12:51:25+00:00","inLanguage":"es-ES","potentialAction":[{"@type":"ReadAction","target":["https:\/\/www.datacolor.com\/es\/noticias-prensa\/"]}]},{"@type":"WebSite","@id":"https:\/\/www.datacolor.com\/es\/#website","url":"https:\/\/www.datacolor.com\/es\/","name":"Datacolor","description":"Color Management Solutions","publisher":{"@id":"https:\/\/www.datacolor.com\/es\/#organization"},"potentialAction":[{"@type":"SearchAction","target":{"@type":"EntryPoint","urlTemplate":"https:\/\/www.datacolor.com\/es\/?s={search_term_string}"},"query-input":{"@type":"PropertyValueSpecification","valueRequired":true,"valueName":"search_term_string"}}],"inLanguage":"es-ES"},{"@type":"Organization","@id":"https:\/\/www.datacolor.com\/es\/#organization","name":"Datacolor","url":"https:\/\/www.datacolor.com\/es\/","logo":{"@type":"ImageObject","inLanguage":"es-ES","@id":"https:\/\/www.datacolor.com\/es\/#\/schema\/logo\/image\/","url":"https:\/\/www.datacolor.com\/wp-content\/uploads\/2021\/12\/logo-header.jpg","contentUrl":"https:\/\/www.datacolor.com\/wp-content\/uploads\/2021\/12\/logo-header.jpg","width":259,"height":45,"caption":"Datacolor"},"image":{"@id":"https:\/\/www.datacolor.com\/es\/#\/schema\/logo\/image\/"},"sameAs":["https:\/\/facebook.com\/DatacolorCorporate","https:\/\/linkedin.com\/company\/datacolor","https:\/\/www.youtube.com\/user\/DatacolorIndustrial"]}]}},"_links":{"self":[{"href":"https:\/\/www.datacolor.com\/es\/wp-json\/wp\/v2\/pages\/160270","targetHints":{"allow":["GET"]}}],"collection":[{"href":"https:\/\/www.datacolor.com\/es\/wp-json\/wp\/v2\/pages"}],"about":[{"href":"https:\/\/www.datacolor.com\/es\/wp-json\/wp\/v2\/types\/page"}],"author":[{"embeddable":true,"href":"https:\/\/www.datacolor.com\/es\/wp-json\/wp\/v2\/users\/2"}],"replies":[{"embeddable":true,"href":"https:\/\/www.datacolor.com\/es\/wp-json\/wp\/v2\/comments?post=160270"}],"version-history":[{"count":0,"href":"https:\/\/www.datacolor.com\/es\/wp-json\/wp\/v2\/pages\/160270\/revisions"}],"wp:attachment":[{"href":"https:\/\/www.datacolor.com\/es\/wp-json\/wp\/v2\/media?parent=160270"}],"curies":[{"name":"wp","href":"https:\/\/api.w.org\/{rel}","templated":true}]}}