{"id":160362,"date":"2022-02-16T15:24:50","date_gmt":"2022-02-16T20:24:50","guid":{"rendered":"https:\/\/dev.new.datacolor.eu\/soluciones-empresariales\/servicio-de-atencion-al-cliente\/contacto-soporte-cliente\/"},"modified":"2025-12-19T06:08:39","modified_gmt":"2025-12-19T11:08:39","slug":"contacto-soporte-cliente","status":"publish","type":"page","link":"https:\/\/www.datacolor.com\/es\/soluciones-empresariales\/servicio-de-atencion-al-cliente\/contacto-soporte-cliente\/","title":{"rendered":"Contactar con el servicio de atenci\u00f3n al cliente"},"content":{"rendered":"<section id=\"gutenblock-block_ceabeb55d4e4522ab507869779f23d5e\" class=\"gutenblock gutenblock--oms-form bg-color-white u-dots-bg\">\n                <span id=\"talk-to-us\"><\/span>\n        <div class=\"gutenblock-inner\">\n            <div class=\"container-fluid\">\n                <div class=\"row justify-content-center\">\n                    <div class=\"col-12 col-xl-10 col-xxl-8 d-flex flex-column-reverse flex-sm-column\">\n\n                        \n                        <div class=\"form bg-color-gray\">\n                            <div class=\"form__inner\">\n                                    <div class=\"gutenblock-header \">\n        <div class=\"row header_row justify-content-center\">\n            <div class=\"header_column\">\n                <h3 style=\"text-align: center;\">Sus retos de color son importantes para nosotros. \u00bfTiene alguna pregunta? Estaremos encantados de ayudarle.  <\/h3>\n<p>&nbsp;<\/p>\n<div style=\"padding:30px !important; border: 1px dashed #cccccc; border-radius:8px; color:#888888;\">\n<em>Si necesitas ayuda con Spyder o ColorReader, utiliza los formularios de soporte que aparecen a continuaci\u00f3n para recibir asistencia m\u00e1s r\u00e1pidamente. <\/em><a href=\"https:\/\/spyder-support.datacolor.com\/hc\/en-us\" target=\"_blank\"><em>Soporte Spyder<\/em><\/a> <em>|<\/em> <a href=\"https:\/\/colorreader-support.datacolor.com\/hc\/en-us\" target=\"_blank\"><em>Soporte ColorReader<\/em><\/a>\n<\/div>\n            <\/div>\n        <\/div>\n    <\/div>\n<script src=\"\/\/lp.datacolor.com\/js\/forms2\/js\/forms2.min.js\"><\/script> <form id=\"mktoForm_4134\"><\/form><form id=\"mktoForm_4135\"><\/form><form id=\"mktoForm_4366\"><\/form> <form id=\"mktoForm_4450\"><\/form> <form id=\"mktoForm_4451\"><\/form> <form id=\"mktoForm_4137\"><\/form> <form id=\"mktoForm_5863\"><\/form><script>var formId = 4134; var urlLang = window.location.pathname.split(\"\/\")[1]; if (urlLang == 'de') { formId = 4135; } if (urlLang == 'fr') { formId = 4366; } if (urlLang == 'es') { formId = 4450; } if (urlLang == 'pt-br') { formId = 4451; } if (urlLang == 'zh-hans') { formId = 4137; }  if (urlLang == 'it') { formId = 5863; } \r\n MktoForms2.loadForm(\"\/\/lp.datacolor.com\", \"799-MHA-121\", formId);<\/script>\r\n\n                            <\/div>\n                        <\/div>\n\n                    <\/div>\n                <\/div>\n            <\/div>\n        <\/div>\n    <\/section><div class=\"wp-core-gutenblock gutenblock bg-color-white core_html\">\n            <div class=\"container-fluid\">\n                <div class=\"row\">\n                    <div class=\"column\"><style type=\"text\/css\">.mktoForm {width: 100% !important;}\n    .mktoForm .mktoFormCol {float: none !important;}\n    .mktoForm .mktoOffset {float: none !important;}\n    .mktoForm .mktoFieldWrap {float: none !important;}\n\n    .mktoForm fieldset {border: none !important;}\n    .mktoForm fieldset .mktoFormCol {float: left !important; max-width: 90%  !important;}\n    .mktoForm fieldset .mktoFieldWrap > #LblrequestOptIn {display: none;}\n    set .mktoFieldWrap > .mktoGutter {display: none;}\n\n    .mktoForm .mktoLabel {float: none !important; width: 100% !important; margin-bottom: 10px;}\n    .mktoForm input[type=text], .mktoForm input[type=url], .mktoForm input[type=email], .mktoForm input[type=tel], .mktoForm input[type=number], .mktoForm input[type=date], .mktoForm select.mktoField, .mktoForm textarea.mktoField {width: 100% !important; padding: 0.5em 0.3em !important; border-radius: 4px !important; }\n    .mktoForm .mktoLogicalField {width: 100% !important;}\n    .mktoForm .mktoHtmlText {width: 100% !important;}\n    .mktoButtonRow {display: block !important; text-align: center !important; margin-top:30px !important;}\n    .mktoButtonRow .mktoButtonWrap {margin-left: 0 !important;}\n\t.mktoForm .mktoButtonRow .mktoButtonWrap.mktoThoughtbot .mktoButton {\n\t    transition: color .3s ease-out;\n\t    border-radius: 0;\n\t    box-shadow: none;\n\t    background: #d7172f;\n\t    border: 0;\n\t    bottom: auto;\n\t    box-sizing: border-box;\n\t    clip: auto;\n\t    float: none;\n\t    font-family: inherit;\n\t    height: auto;\n\t    left: auto;\n\t    list-style-type: none;\n\t    min-height: auto;\n\t    max-height: none;\n\t    min-width: auto;\n\t    max-width: none;\n\t    opacity: 1;\n\t    outline: 0;\n\t    pointer-events: auto;\n\t    right: auto;\n\t    text-indent: 0;\n\t    text-transform: none;\n\t    transform: none;\n\t    top: auto;\n\t    visibility: inherit;\n\t    width: auto;\n\t    word-wrap: break-word;\n\t    white-space: normal;\n\t    border: none;\n\t    box-shadow: 0 5px 10px 0 rgb(0 0 0 \/ 15%);\n\t    color: #fff;\n\t    display: inline-block;\n\t    font-weight: 900;\n\t    letter-spacing: normal;\n\t    overflow: hidden;\n\t    position: relative;\n\t    text-align: center;\n\t    text-decoration: none;\n\t    vertical-align: middle;\n\t    z-index: 1;\n\t    font-size: 1rem;\n\t    line-height: 1.25rem;\n\t    padding: 13px 18px;\n\t    margin: 0;\n\t}\n\t.mktoForm .mktoButtonRow .mktoButtonWrap.mktoThoughtbot .mktoButton:before {\n\t    content: \"\";\n\t    position: absolute;\n\t    z-index: -1;\n\t    background-color: #c0152a;\n\t    top: 0;\n\t    left: 0;\n\t    bottom: 0;\n\t    right: -1px;\n\t    transform: scaleX(0);\n\t    transform-origin: 0 50%;\n\t    transition: transform .2s ease-out;\n\t}\n\t.mktoForm .mktoButtonRow .mktoButtonWrap.mktoThoughtbot .mktoButton:hover:before {\n    \ttransform: scaleX(1);\n\t}\n\t.mktoForm .mktoButtonRow .mktoButtonWrap.mktoThoughtbot .mktoButton:after {\n\t    content: \"\u203a\";\n\t    display: inline-block;\n\t    margin-left: 5px;\n\t}\n\t.mktoForm .mktoRequiredField .mktoAsterix {\n\t\tdisplay: inline-block;\n\t\tfloat: none;\n\t\tmargin-right: 5px;\n\t}\n<\/style><\/div>\n                <\/div>\n            <\/div>\n        <\/div><div class=\"wp-core-gutenblock gutenblock bg-color-white core_html\">\n            <div class=\"container-fluid\">\n                <div class=\"row\">\n                    <div class=\"column\"><style type=\"text\/css\">#our_expert {width:280px; padding:15px 15px 30px 15px; background-color: #d7172f; position: fixed; left: 10px; top:40%; z-index: 99;}\n#our_expert .expert_img {text-align: center;}\n#our_expert .expert_img img {width:180px; height:180px; border-radius: 100px; border: solid 4px #ccc; object-fit: cover;}\n#our_expert .expert_name {text-align: center; margin: 10px 0;}\n#our_expert .expert_name a {color: #fff; font-weight:bold;}\n#our_expert .expert_desc {color: #fff; font-size:0.875em;}\n#our_expert .close_btn {text-align: center; margin-top: 20px;}\n#our_expert .close_btn a {color: #fff; font-size:0.875em;}\n.site-footer {z-index: 1;}\n<\/style><div id=\"our_expert\" class=\"d-none d-xl-block\"><div class=\"expert_img\"><img decoding=\"async\" src=\"https:\/\/www.datacolor.com\/wp-content\/uploads\/2024\/01\/Vincent-Lequeux.jpg\"\/><\/div><div class=\"expert_name\"><a href=\"https:\/\/www.datacolor.com\/es\/team\/vincent-lequeux\/\">Vincent Lequeux ><\/a><\/div><div class=\"expert_desc\">Hi, I\u2019m Vincent leading our support and service team. Color issues? Tech trouble? Whatever it is, we\u2019re here to help you get it sorted quickly.\u200b\n<\/div><div class=\"close_btn\"><a id=\"close_link\" href=\"#\">close<\/a><\/div><\/div><script>document.getElementById('close_link').addEventListener('click', function(event) {\n    event.preventDefault(); \/\/ Prevent the default link behavior\n    document.getElementById('our_expert').style.cssText = 'display:none !important';\n  });\n<\/script><\/div>\n                <\/div>\n            <\/div>\n        <\/div>","protected":false},"excerpt":{"rendered":"<p>Vincent Lequeux >Hi, I\u2019m Vincent leading our support and service team. Color issues? Tech trouble? Whatever it is, we\u2019re here to help you get it sorted quickly.\u200b close<\/p>\n","protected":false},"author":2,"featured_media":0,"parent":160284,"menu_order":0,"comment_status":"closed","ping_status":"closed","template":"","meta":{"_acf_changed":false,"_relevanssi_hide_post":"","_relevanssi_hide_content":"","_relevanssi_pin_for_all":"","_relevanssi_pin_keywords":"","_relevanssi_unpin_keywords":"","_relevanssi_related_keywords":"","_relevanssi_related_include_ids":"","_relevanssi_related_exclude_ids":"","_relevanssi_related_no_append":"","_relevanssi_related_not_related":"","_relevanssi_related_posts":"160721,161361,160673,160791,160781,160696","_relevanssi_noindex_reason":"","footnotes":""},"class_list":["post-160362","page","type-page","status-publish","hentry"],"acf":[],"yoast_head":"<!-- This site is optimized with the Yoast SEO plugin v26.6 - https:\/\/yoast.com\/wordpress\/plugins\/seo\/ -->\n<title>Contactar con Atenci\u00f3n al Cliente y Servicios de Asistencia | Datacolor<\/title>\n<meta name=\"description\" content=\"Contact Datacolor Customer Support. Get guidance &amp; support on products including color measurement instruments, color formation software, lab dyeing &amp; more.\" \/>\n<meta name=\"robots\" content=\"index, follow, max-snippet:-1, max-image-preview:large, max-video-preview:-1\" \/>\n<link rel=\"canonical\" href=\"https:\/\/www.datacolor.com\/es\/soluciones-empresariales\/servicio-de-atencion-al-cliente\/contacto-soporte-cliente\/\" \/>\n<meta property=\"og:locale\" content=\"es_ES\" \/>\n<meta property=\"og:type\" content=\"article\" \/>\n<meta property=\"og:title\" content=\"Contactar con Atenci\u00f3n al Cliente y Servicios de Asistencia | Datacolor\" \/>\n<meta property=\"og:description\" content=\"Contact Datacolor Customer Support. Get guidance &amp; support on products including color measurement instruments, color formation software, lab dyeing &amp; more.\" \/>\n<meta property=\"og:url\" content=\"https:\/\/www.datacolor.com\/es\/soluciones-empresariales\/servicio-de-atencion-al-cliente\/contacto-soporte-cliente\/\" \/>\n<meta property=\"og:site_name\" content=\"Datacolor\" \/>\n<meta property=\"article:publisher\" content=\"https:\/\/facebook.com\/DatacolorCorporate\" \/>\n<meta property=\"article:modified_time\" content=\"2025-12-19T11:08:39+00:00\" \/>\n<meta property=\"og:image\" content=\"https:\/\/www.datacolor.com\/wp-content\/uploads\/2024\/01\/Vincent-Lequeux.jpg\" \/>\n<meta name=\"twitter:card\" content=\"summary_large_image\" \/>\n<meta name=\"twitter:label1\" content=\"Tiempo de lectura\" \/>\n\t<meta name=\"twitter:data1\" content=\"1 minute\" \/>\n<!-- \/ Yoast SEO plugin. -->","yoast_head_json":{"title":"Contactar con Atenci\u00f3n al Cliente y Servicios de Asistencia | Datacolor","description":"Contact Datacolor Customer Support. Get guidance & support on products including color measurement instruments, color formation software, lab dyeing & more.","robots":{"index":"index","follow":"follow","max-snippet":"max-snippet:-1","max-image-preview":"max-image-preview:large","max-video-preview":"max-video-preview:-1"},"canonical":"https:\/\/www.datacolor.com\/es\/soluciones-empresariales\/servicio-de-atencion-al-cliente\/contacto-soporte-cliente\/","og_locale":"es_ES","og_type":"article","og_title":"Contactar con Atenci\u00f3n al Cliente y Servicios de Asistencia | Datacolor","og_description":"Contact Datacolor Customer Support. Get guidance & support on products including color measurement instruments, color formation software, lab dyeing & more.","og_url":"https:\/\/www.datacolor.com\/es\/soluciones-empresariales\/servicio-de-atencion-al-cliente\/contacto-soporte-cliente\/","og_site_name":"Datacolor","article_publisher":"https:\/\/facebook.com\/DatacolorCorporate","article_modified_time":"2025-12-19T11:08:39+00:00","og_image":[{"url":"https:\/\/www.datacolor.com\/wp-content\/uploads\/2024\/01\/Vincent-Lequeux.jpg","type":"","width":"","height":""}],"twitter_card":"summary_large_image","twitter_misc":{"Tiempo de lectura":"1 minute"},"schema":{"@context":"https:\/\/schema.org","@graph":[{"@type":"WebPage","@id":"https:\/\/www.datacolor.com\/es\/soluciones-empresariales\/servicio-de-atencion-al-cliente\/contacto-soporte-cliente\/","url":"https:\/\/www.datacolor.com\/es\/soluciones-empresariales\/servicio-de-atencion-al-cliente\/contacto-soporte-cliente\/","name":"Contactar con Atenci\u00f3n al Cliente y Servicios de Asistencia | Datacolor","isPartOf":{"@id":"https:\/\/www.datacolor.com\/es\/#website"},"primaryImageOfPage":{"@id":"https:\/\/www.datacolor.com\/es\/soluciones-empresariales\/servicio-de-atencion-al-cliente\/contacto-soporte-cliente\/#primaryimage"},"image":{"@id":"https:\/\/www.datacolor.com\/es\/soluciones-empresariales\/servicio-de-atencion-al-cliente\/contacto-soporte-cliente\/#primaryimage"},"thumbnailUrl":"https:\/\/www.datacolor.com\/wp-content\/uploads\/2024\/01\/Vincent-Lequeux.jpg","datePublished":"2022-02-16T20:24:50+00:00","dateModified":"2025-12-19T11:08:39+00:00","description":"Contact Datacolor Customer Support. Get guidance & support on products including color measurement instruments, color formation software, lab dyeing & more.","breadcrumb":{"@id":"https:\/\/www.datacolor.com\/es\/soluciones-empresariales\/servicio-de-atencion-al-cliente\/contacto-soporte-cliente\/#breadcrumb"},"inLanguage":"es-ES","potentialAction":[{"@type":"ReadAction","target":["https:\/\/www.datacolor.com\/es\/soluciones-empresariales\/servicio-de-atencion-al-cliente\/contacto-soporte-cliente\/"]}]},{"@type":"ImageObject","inLanguage":"es-ES","@id":"https:\/\/www.datacolor.com\/es\/soluciones-empresariales\/servicio-de-atencion-al-cliente\/contacto-soporte-cliente\/#primaryimage","url":"https:\/\/www.datacolor.com\/wp-content\/uploads\/2024\/01\/Vincent-Lequeux.jpg","contentUrl":"https:\/\/www.datacolor.com\/wp-content\/uploads\/2024\/01\/Vincent-Lequeux.jpg"},{"@type":"BreadcrumbList","@id":"https:\/\/www.datacolor.com\/es\/soluciones-empresariales\/servicio-de-atencion-al-cliente\/contacto-soporte-cliente\/#breadcrumb","itemListElement":[{"@type":"ListItem","position":1,"name":"Soluciones empresariales","item":"https:\/\/www.datacolor.com\/es\/soluciones-empresariales\/"},{"@type":"ListItem","position":2,"name":"Asistencia al cliente"}]},{"@type":"WebSite","@id":"https:\/\/www.datacolor.com\/es\/#website","url":"https:\/\/www.datacolor.com\/es\/","name":"Datacolor","description":"Color Management Solutions","publisher":{"@id":"https:\/\/www.datacolor.com\/es\/#organization"},"potentialAction":[{"@type":"SearchAction","target":{"@type":"EntryPoint","urlTemplate":"https:\/\/www.datacolor.com\/es\/?s={search_term_string}"},"query-input":{"@type":"PropertyValueSpecification","valueRequired":true,"valueName":"search_term_string"}}],"inLanguage":"es-ES"},{"@type":"Organization","@id":"https:\/\/www.datacolor.com\/es\/#organization","name":"Datacolor","url":"https:\/\/www.datacolor.com\/es\/","logo":{"@type":"ImageObject","inLanguage":"es-ES","@id":"https:\/\/www.datacolor.com\/es\/#\/schema\/logo\/image\/","url":"https:\/\/www.datacolor.com\/wp-content\/uploads\/2021\/12\/logo-header.jpg","contentUrl":"https:\/\/www.datacolor.com\/wp-content\/uploads\/2021\/12\/logo-header.jpg","width":259,"height":45,"caption":"Datacolor"},"image":{"@id":"https:\/\/www.datacolor.com\/es\/#\/schema\/logo\/image\/"},"sameAs":["https:\/\/facebook.com\/DatacolorCorporate","https:\/\/linkedin.com\/company\/datacolor","https:\/\/www.youtube.com\/user\/DatacolorIndustrial"]}]}},"_links":{"self":[{"href":"https:\/\/www.datacolor.com\/es\/wp-json\/wp\/v2\/pages\/160362","targetHints":{"allow":["GET"]}}],"collection":[{"href":"https:\/\/www.datacolor.com\/es\/wp-json\/wp\/v2\/pages"}],"about":[{"href":"https:\/\/www.datacolor.com\/es\/wp-json\/wp\/v2\/types\/page"}],"author":[{"embeddable":true,"href":"https:\/\/www.datacolor.com\/es\/wp-json\/wp\/v2\/users\/2"}],"replies":[{"embeddable":true,"href":"https:\/\/www.datacolor.com\/es\/wp-json\/wp\/v2\/comments?post=160362"}],"version-history":[{"count":2,"href":"https:\/\/www.datacolor.com\/es\/wp-json\/wp\/v2\/pages\/160362\/revisions"}],"predecessor-version":[{"id":185262,"href":"https:\/\/www.datacolor.com\/es\/wp-json\/wp\/v2\/pages\/160362\/revisions\/185262"}],"up":[{"embeddable":true,"href":"https:\/\/www.datacolor.com\/es\/wp-json\/wp\/v2\/pages\/160284"}],"wp:attachment":[{"href":"https:\/\/www.datacolor.com\/es\/wp-json\/wp\/v2\/media?parent=160362"}],"curies":[{"name":"wp","href":"https:\/\/api.w.org\/{rel}","templated":true}]}}