{"id":160395,"date":"2022-03-15T09:15:11","date_gmt":"2022-03-15T14:15:11","guid":{"rendered":"https:\/\/dev.new.datacolor.eu\/soluciones-empresariales\/datacolor-spectravision-savings-calculator-for-brands\/"},"modified":"2022-10-25T11:12:54","modified_gmt":"2022-10-25T16:12:54","slug":"datacolor-spectravision-savings-calculator","status":"publish","type":"page","link":"https:\/\/www.datacolor.com\/es\/soluciones-empresariales\/datacolor-spectravision-savings-calculator\/","title":{"rendered":"Calculadora de ahorro de Datacolor SpectraVision para marcas"},"content":{"rendered":"<section id=\"gutenblock-block_bf5f491a660a0c4bee1cc55ef3f61689\" class=\"gutenblock gutenblock--oms-calculator bg-color-white\">\n        <div class=\"container-fluid\">\n            <div class=\"row justify-content-center\">\n                <div class=\"col-12 col-xl-10\">\n                    <div class=\"calculator bg-color-gray\">\n                        <div class=\"calculator__inner\">\n                            <h2 style=\"font-size: 36px; text-align: center; color: #d7172f; padding-top:40px;\">Calculadora de ahorro Datacolor SpectraVision para marcas<\/h2>\n\n<hr style=\"border-top-width:2px\" \/>\n\n<form id=\"dci-spectravision-roi-form\">\n<div class=\"row align-items-center\" style=\"margin-bottom: 25px;\">\n  <div class=\"d-none d-md-block col-md-1\"><img decoding=\"async\" class=\"alignnone size-full wp-image-39696\" src=\"\/wp-content\/uploads\/2022\/03\/image-1.jpg\" alt=\"\" width=\"70\" style=\"vertical-align: middle; margin-right: 40px;\"\/><\/div>\n  <div class=\"col-xs-12 col-md-8 field-label\"><label for=\"q1\">\u00bfCu\u00e1ntos dise\u00f1os y otras solicitudes &#8220;no medibles&#8221; inicia usted anualmente?<\/label><\/div>\n  <div class=\"col-xs-12 col-md-3\"><div class=\"field-input\"><input id=\"q1\" name=\"q1\" type=\"text\" value=\"5000\" \/><\/div><\/div>\n<\/div>\n<div class=\"row align-items-center\" style=\"margin-bottom: 25px;\">\n  <div class=\"d-none d-md-block col-md-1\"><img decoding=\"async\" class=\"alignnone size-full wp-image-39695\" src=\"\/wp-content\/uploads\/2022\/03\/image-2.jpg\" alt=\"\" width=\"70\" style=\"vertical-align: middle; margin-right: 40px;\"\/><\/div>\n  <div class=\"col-xs-12 col-md-8 field-label\"><label for=\"q2\">\u00bfCu\u00e1l es el promedio de rondas que realiza antes de aprobar un color?<\/label><\/div>\n  <div class=\"col-xs-12 col-md-3 text-right\"><input id=\"q2\" name=\"q2\" type=\"text\" value=\"5\" \/><\/div>\n<\/div>\n<div class=\"row align-items-center\" style=\"margin-bottom: 25px;\">\n  <div class=\"d-none d-md-block col-md-1\"><img decoding=\"async\" class=\"alignnone size-full wp-image-39694\" src=\"\/wp-content\/uploads\/2022\/03\/image-3.jpg\" alt=\"\" width=\"70\" style=\"vertical-align: middle; margin-right: 40px;\"\/><\/div>\n  <div class=\"col-xs-12 col-md-8 field-label\">\u00bfSe env\u00eda la 1\u00aa de las muestras de producci\u00f3n para su aprobaci\u00f3n?<\/div>\n  <div class=\"col-xs-8 col-md-3\">\n    <div class=\"row align-items-center justify-content-md-end\">\n      <div class=\"col-xs-auto text-right\"><label for=\"q31\"><nobr><input type=\"radio\" id=\"q31\" name=\"samples\" value=\"Yes\" style=\"margin: 0 5px 0 0;\" checked=\"checked\"> Si<\/label><\/nobr><\/div>\n      <div class=\"col-xs-auto col-md-4 text-right\"><label for=\"q30\"><nobr><input type=\"radio\" id=\"q30\" name=\"samples\" value=\"No\" style=\"margin: 0 5px 0 0\"> No<\/nobr><\/label><\/div>\n    <\/div>\n  <\/div>\n<\/div>\n<div id=\"onlyonyes1\" class=\"row align-items-center\" style=\"margin-bottom: 25px;\">\n  <div class=\"d-none d-md-block col-md-1\"><\/div>\n  <div id=\"onlyonyes3\" class=\"col-xs-12 col-md-8 field-label\"><label for=\"q4\">\u00bfCu\u00e1ntas se env\u00edan?<\/label><\/div>\n  <div id=\"onlyonyes2\" class=\"col-xs-12 col-md-3 text-right\"><span class=\"text-right\"><input id=\"q4\" name=\"q4\" type=\"text\" value=\"1000\" \/><\/span><\/div>\n<\/div>\n<div class=\"row align-items-center\" style=\"margin-bottom: 25px;\">\n  <div class=\"d-none d-md-block col-md-1\"><img decoding=\"async\" class=\"alignnone size-full wp-image-39693\" src=\"\/wp-content\/uploads\/2022\/03\/image-4.jpg\" alt=\"\" width=\"70\" style=\"vertical-align: middle; margin-right: 40px;\"\/><\/div>\n  <div class=\"col-xs-12 col-md-8 field-label\"><label for=\"q5drop\">\u00bfD\u00f3nde se revisan las muestras principalmente para determinar su aceptabilidad?<\/label><\/div>\n  <div class=\"col-xs-12 col-md-3\"><select id=\"q5drop\" style=\"min-width: 190px;\" >\n  <option value=\"6000\">China<\/option>\n  <option value=\"28000\">France<\/option>\n  <option value=\"47000\">Germany<\/option>\n  <option value=\"28000\">Hong Kong<\/option>\n  <option value=\"28000\">Italy<\/option>\n  <option value=\"19000\">Korea<\/option>\n  <option value=\"26000\">Other <\/option>\n  <option value=\"21000\">Taiwan<\/option>\n  <option value=\"70000\" selected>United States<\/option>\n  <option value=\"1500\">Vietnam<\/option>\n<\/select><\/div>\n<\/div>\n<div class=\"row align-items-center\" style=\"margin-bottom: 25px;\">\n  <div class=\"d-none d-md-block col-md-1\"><img decoding=\"async\" class=\"alignnone size-full wp-image-39692\" src=\"\/wp-content\/uploads\/2022\/03\/image-5.jpg\" alt=\"\" width=\"70\" style=\"vertical-align: middle; margin-right: 40px;\"\/><\/div>\n  <div class=\"col-xs-12 col-md-8 field-label\"><label for=\"q6\">\u00bfCu\u00e1nto tiempo suele tomar para revisar y comunicar un env\u00edo multicolor o no medible (en minutos)?<\/label><\/div>\n  <div class=\"col-xs-12 col-md-3\"><span class=\"text-right\"><div class=\"field-input\"><input id=\"q6\" name=\"q6\" type=\"text\" value=\"30 minutes\" \/><\/div><\/span><\/div>\n<\/div>\n\n\n<hr style=\"border-top-width:2px;\" \/>\n\n<div class=\"row align-items-center\" style=\"margin-bottom: 25px;\">\n  <div class=\"d-none d-sm-block col-md-1\"><\/div>\n  <div class=\"col-xs-12 col-md-7 field-label\" style=\"text-align: right;\"><label style=\"font-size: 24px; padding-right:20px;\">Costo actual de la evaluaci\u00f3n de la muestra:<\/label><\/div>\n  <div class=\"col-xs-12 col-md-4 text-right\"><span class=\"text-right\"><input id=\"svcalc10\" name=\"svcalc10\" type=\"text\" disabled value=\"\" style=\"font-size: 24px;text-align:right\"\/><\/span><\/div>\n<\/div>\n<div class=\"row align-items-center\" style=\"margin-bottom: 25px;\">\n  <div class=\"d-none d-sm-block col-md-1\"><\/div>\n  <div class=\"col-xs-12 col-md-7 field-label\" style=\"text-align: right;\"><label style=\"font-size: 24px; padding-right:20px;\">Tiempo de aprobaci\u00f3n de color guardado con SpectraVision (semanas\/a\u00f1o):<\/label><\/div>\n  <div class=\"col-xs-12 col-md-4 text-right\"><span class=\"text-right\"><input id=\"svcalc12\" name=\"svcalc12\" type=\"text\" disabled value=\"\" style=\"font-size: 24px;text-align:right\" \/><\/span><\/div>\n<\/div>\n<div class=\"row align-items-center\" style=\"margin-bottom: 25px;\">\n  <div class=\"d-none d-sm-block col-md-1\"><\/div>\n  <div class=\"col-xs-12 col-md-7 field-label\" style=\"text-align: right;\"><label style=\"font-size: 24px; padding-right:20px;\">Posible ahorro de costos de mano de obra colorista de la marca:<\/label><\/div>\n  <div class=\"col-xs-12 col-md-4 text-right\"><span class=\"text-right\"><input id=\"svcalc13\" name=\"svcalc13\" type=\"text\" disabled value=\"\" style=\"font-size: 24px;text-align:right\"\/><\/span><\/div>\n<\/div>\n<div class=\"row align-items-center\" style=\"margin-bottom: 25px;\">\n  <div class=\"d-none d-sm-block col-md-1\"><\/div>\n  <div class=\"col-xs-12 col-md-7 field-label\" style=\"text-align: right;\"><label style=\"font-size: 24px; padding-right:20px; font-weight: bold;\">Sus ahorros potenciales<sup>*<\/sup>:<\/label><\/div>\n  <div class=\"col-xs-12 col-md-4 text-right\"><span class=\"text-right\"><input id=\"svcalc\" name=\"svcalc\" type=\"text\" disabled value=\"\" style=\"font-size: 24px;text-align:right;font-weight:600\"\/><\/span><\/div>\n<\/div>\n<\/form>\n\n<div style=\"clear: both;\"><\/div>\n\n<br\/>\n\n<div class=\"row align-items-center\" style=\"margin-bottom: 25px;\">\n    <div class=\"col-xs-12 col-md-6 field-label\"><a id=\"requestmoreinfo\" class=\"spectra btn-primary\" href=\"\/es\/soluciones-empresariales\/solicitar-mas-informacion\/\"><strong>Solicitar<\/strong> m\u00e1s informaci\u00f3n<\/a><\/div>\n    <!--    <div class=\"col-xs-12 col-md-6 text-right\"><a id=\"downloadpdf\" class=\"spectra btn-primary btn-primary--no-arrow\" href=\"\/wp-content\/themes\/orbit-media\/roi-calculators\/SpectraVision\/print-pdf.php\" target=\"_blank\"><strong>Descargar<\/strong> c\u00e1lculo<\/a><\/div> -->\n<\/div>\n\n<br\/>\n\n<span style=\"font-size: 0.8rem;\"><p><sup>*<\/sup> Los ahorros son solo para fines ilustrativos. Solicite m\u00e1s informaci\u00f3n para calcular sus ahorros espec\u00edficos.<\/p><\/span>\n\n                        <\/div>\n                    <\/div>\n                <\/div>\n            <\/div>\n        <\/div>\n    <\/section>","protected":false},"excerpt":{"rendered":"","protected":false},"author":2,"featured_media":0,"parent":160258,"menu_order":0,"comment_status":"closed","ping_status":"closed","template":"","meta":{"_acf_changed":false,"_relevanssi_hide_post":"","_relevanssi_hide_content":"","_relevanssi_pin_for_all":"","_relevanssi_pin_keywords":"","_relevanssi_unpin_keywords":"","_relevanssi_related_keywords":"","_relevanssi_related_include_ids":"","_relevanssi_related_exclude_ids":"","_relevanssi_related_no_append":"","_relevanssi_related_not_related":"","_relevanssi_related_posts":"","_relevanssi_noindex_reason":"","footnotes":""},"class_list":["post-160395","page","type-page","status-publish","hentry"],"acf":[],"yoast_head":"<!-- This site is optimized with the Yoast SEO plugin v26.6 - https:\/\/yoast.com\/wordpress\/plugins\/seo\/ -->\n<title>Calculadora de ahorro de Spectravision | Datacolor<\/title>\n<meta name=\"robots\" content=\"index, follow, max-snippet:-1, max-image-preview:large, max-video-preview:-1\" \/>\n<link rel=\"canonical\" href=\"https:\/\/www.datacolor.com\/es\/soluciones-empresariales\/datacolor-spectravision-savings-calculator\/\" \/>\n<meta property=\"og:locale\" content=\"es_ES\" \/>\n<meta property=\"og:type\" content=\"article\" \/>\n<meta property=\"og:title\" content=\"Calculadora de ahorro de Spectravision | Datacolor\" \/>\n<meta property=\"og:url\" content=\"https:\/\/www.datacolor.com\/es\/soluciones-empresariales\/datacolor-spectravision-savings-calculator\/\" \/>\n<meta property=\"og:site_name\" content=\"Datacolor\" \/>\n<meta property=\"article:publisher\" content=\"https:\/\/facebook.com\/DatacolorCorporate\" \/>\n<meta property=\"article:modified_time\" content=\"2022-10-25T16:12:54+00:00\" \/>\n<meta property=\"og:image\" content=\"https:\/\/www.datacolor.com\/wp-content\/uploads\/2022\/01\/collage-careers-800x700-1.jpg\" \/>\n\t<meta property=\"og:image:width\" content=\"800\" \/>\n\t<meta property=\"og:image:height\" content=\"700\" \/>\n\t<meta property=\"og:image:type\" content=\"image\/jpeg\" \/>\n<meta name=\"twitter:card\" content=\"summary_large_image\" \/>\n<!-- \/ Yoast SEO plugin. -->","yoast_head_json":{"title":"Calculadora de ahorro de Spectravision | Datacolor","robots":{"index":"index","follow":"follow","max-snippet":"max-snippet:-1","max-image-preview":"max-image-preview:large","max-video-preview":"max-video-preview:-1"},"canonical":"https:\/\/www.datacolor.com\/es\/soluciones-empresariales\/datacolor-spectravision-savings-calculator\/","og_locale":"es_ES","og_type":"article","og_title":"Calculadora de ahorro de Spectravision | Datacolor","og_url":"https:\/\/www.datacolor.com\/es\/soluciones-empresariales\/datacolor-spectravision-savings-calculator\/","og_site_name":"Datacolor","article_publisher":"https:\/\/facebook.com\/DatacolorCorporate","article_modified_time":"2022-10-25T16:12:54+00:00","og_image":[{"width":800,"height":700,"url":"https:\/\/www.datacolor.com\/wp-content\/uploads\/2022\/01\/collage-careers-800x700-1.jpg","type":"image\/jpeg"}],"twitter_card":"summary_large_image","schema":{"@context":"https:\/\/schema.org","@graph":[{"@type":"WebPage","@id":"https:\/\/www.datacolor.com\/es\/soluciones-empresariales\/datacolor-spectravision-savings-calculator\/","url":"https:\/\/www.datacolor.com\/es\/soluciones-empresariales\/datacolor-spectravision-savings-calculator\/","name":"Calculadora de ahorro de Spectravision | Datacolor","isPartOf":{"@id":"https:\/\/www.datacolor.com\/es\/#website"},"datePublished":"2022-03-15T14:15:11+00:00","dateModified":"2022-10-25T16:12:54+00:00","inLanguage":"es-ES","potentialAction":[{"@type":"ReadAction","target":["https:\/\/www.datacolor.com\/es\/soluciones-empresariales\/datacolor-spectravision-savings-calculator\/"]}]},{"@type":"WebSite","@id":"https:\/\/www.datacolor.com\/es\/#website","url":"https:\/\/www.datacolor.com\/es\/","name":"Datacolor","description":"Color Management Solutions","publisher":{"@id":"https:\/\/www.datacolor.com\/es\/#organization"},"potentialAction":[{"@type":"SearchAction","target":{"@type":"EntryPoint","urlTemplate":"https:\/\/www.datacolor.com\/es\/?s={search_term_string}"},"query-input":{"@type":"PropertyValueSpecification","valueRequired":true,"valueName":"search_term_string"}}],"inLanguage":"es-ES"},{"@type":"Organization","@id":"https:\/\/www.datacolor.com\/es\/#organization","name":"Datacolor","url":"https:\/\/www.datacolor.com\/es\/","logo":{"@type":"ImageObject","inLanguage":"es-ES","@id":"https:\/\/www.datacolor.com\/es\/#\/schema\/logo\/image\/","url":"https:\/\/www.datacolor.com\/wp-content\/uploads\/2021\/12\/logo-header.jpg","contentUrl":"https:\/\/www.datacolor.com\/wp-content\/uploads\/2021\/12\/logo-header.jpg","width":259,"height":45,"caption":"Datacolor"},"image":{"@id":"https:\/\/www.datacolor.com\/es\/#\/schema\/logo\/image\/"},"sameAs":["https:\/\/facebook.com\/DatacolorCorporate","https:\/\/linkedin.com\/company\/datacolor","https:\/\/www.youtube.com\/user\/DatacolorIndustrial"]}]}},"_links":{"self":[{"href":"https:\/\/www.datacolor.com\/es\/wp-json\/wp\/v2\/pages\/160395","targetHints":{"allow":["GET"]}}],"collection":[{"href":"https:\/\/www.datacolor.com\/es\/wp-json\/wp\/v2\/pages"}],"about":[{"href":"https:\/\/www.datacolor.com\/es\/wp-json\/wp\/v2\/types\/page"}],"author":[{"embeddable":true,"href":"https:\/\/www.datacolor.com\/es\/wp-json\/wp\/v2\/users\/2"}],"replies":[{"embeddable":true,"href":"https:\/\/www.datacolor.com\/es\/wp-json\/wp\/v2\/comments?post=160395"}],"version-history":[{"count":0,"href":"https:\/\/www.datacolor.com\/es\/wp-json\/wp\/v2\/pages\/160395\/revisions"}],"up":[{"embeddable":true,"href":"https:\/\/www.datacolor.com\/es\/wp-json\/wp\/v2\/pages\/160258"}],"wp:attachment":[{"href":"https:\/\/www.datacolor.com\/es\/wp-json\/wp\/v2\/media?parent=160395"}],"curies":[{"name":"wp","href":"https:\/\/api.w.org\/{rel}","templated":true}]}}