{"id":160445,"date":"2022-05-25T10:40:17","date_gmt":"2022-05-25T15:40:17","guid":{"rendered":"https:\/\/dev.new.datacolor.eu\/patentes\/"},"modified":"2023-02-06T09:57:05","modified_gmt":"2023-02-06T15:57:05","slug":"patentes","status":"publish","type":"page","link":"https:\/\/www.datacolor.com\/es\/patentes\/","title":{"rendered":"Patentes de Datacolor"},"content":{"rendered":"<div class=\"wp-core-gutenblock gutenblock freeform bg-color-white\">\n            <div class=\"container-fluid\">\n                <div class=\"row\">\n                    <div class=\"column\"><p>Aviso de marcado virtual de patentes de Datacolor: Los siguientes productos est\u00e1n protegidos por patentes en EE.UU. y en otros pa\u00edses para Datacolor. Este sitio web se proporciona para satisfacer las disposiciones de marcado de patentes virtuales de varias jurisdicciones, incluidas las disposiciones de marcado de patentes virtuales de la America Invents Act y proporcionar notificaci\u00f3n en virtud de 35 U.S.C. \u00a7287(a). La siguiente lista de productos y patentes puede no ser exhaustiva. Por ejemplo, algunos productos aqu\u00ed enumerados pueden estar cubiertos por patentes en los Estados Unidos y en otros pa\u00edses que no figuran en la lista, y otros productos no enumerados aqu\u00ed pueden estar protegidos por una o m\u00e1s patentes en los Estados Unidos y en otros pa\u00edses. La siguiente lista de productos puede estar cubierta por una o m\u00e1s de las siguientes patentes estadounidenses:<\/p><\/div>\n                <\/div>\n            <\/div>\n        <\/div><div class=\"wp-core-gutenblock gutenblock bg-color-white core_table\">\n            <div class=\"container-fluid\">\n                <div class=\"row\">\n                    <div class=\"column\"><figure class=\"wp-block-table\"><table><tbody><tr><td><strong>Producto<\/strong><\/td><td><strong>Patente #<\/strong><\/td><\/tr><tr><td>45G<\/td><td>US 8.130.377<\/td><\/tr><tr><td>Ahiba<\/td><td>US 7.971.454<\/td><\/tr><tr><td>MatchAFX<\/td><td>US 8.108.169<\/td><\/tr><tr><td>MatchPigment<\/td><td>US 8.108.169<\/td><\/tr><tr><td>MatchTextile<\/td><td>US 8.108.169<\/td><\/tr><tr><td>Pintura<\/td><td>US 8.108.169<\/td><\/tr><tr><td>SpectraVision<\/td><td>US 9.784.614<br\/>US 10.302.485<br\/>US 10.564.036<\/td><\/tr><tr><td>Spyder LensCal<\/td><td>US 8.581.986<\/td><\/tr><tr><td>SpyderX<\/td><td>US 9.952.102<br\/>US 11.112.312<\/td><\/tr><tr><td>ColorReader<\/td><td>US 10.502.628<br\/>US 10.928.251<\/td><\/tr><tr><td>ColorReader Pro<\/td><td>US 10.502.628<br\/>US 10.928.251<\/td><\/tr><tr><td>ColorReader EZ<\/td><td>US 10.502.628<br\/>US 10.928.251<\/td><\/tr><tr><td>ColorReader Spectro<\/td><td>US 10.444.074<br\/>US 10.768.098<br\/>US 11.340.156<\/td><\/tr><\/tbody><\/table><figcaption>Actualizado el 9 de enero de 2023<\/figcaption><\/figure><\/div>\n                <\/div>\n            <\/div>\n        <\/div>","protected":false},"excerpt":{"rendered":"<p>Aviso de marcado virtual de patentes de Datacolor: Los siguientes productos est\u00e1n protegidos por patentes en EE.UU. y en otros pa\u00edses para Datacolor. Este sitio web se proporciona para satisfacer&#8230;<\/p>\n","protected":false},"author":24,"featured_media":0,"parent":0,"menu_order":0,"comment_status":"closed","ping_status":"closed","template":"","meta":{"_acf_changed":false,"_relevanssi_hide_post":"","_relevanssi_hide_content":"","_relevanssi_pin_for_all":"","_relevanssi_pin_keywords":"","_relevanssi_unpin_keywords":"","_relevanssi_related_keywords":"","_relevanssi_related_include_ids":"","_relevanssi_related_exclude_ids":"","_relevanssi_related_no_append":"","_relevanssi_related_not_related":"","_relevanssi_related_posts":"","_relevanssi_noindex_reason":"","footnotes":""},"class_list":["post-160445","page","type-page","status-publish","hentry"],"acf":[],"yoast_head":"<!-- This site is optimized with the Yoast SEO plugin v26.6 - https:\/\/yoast.com\/wordpress\/plugins\/seo\/ -->\n<title>Patentes de Datacolor | Datacolor<\/title>\n<meta name=\"robots\" content=\"index, follow, max-snippet:-1, max-image-preview:large, max-video-preview:-1\" \/>\n<link rel=\"canonical\" href=\"https:\/\/www.datacolor.com\/es\/patentes\/\" \/>\n<meta property=\"og:locale\" content=\"es_ES\" \/>\n<meta property=\"og:type\" content=\"article\" \/>\n<meta property=\"og:title\" content=\"Patentes de Datacolor | Datacolor\" \/>\n<meta property=\"og:description\" content=\"Aviso de marcado virtual de patentes de Datacolor: Los siguientes productos est\u00e1n protegidos por patentes en EE.UU. y en otros pa\u00edses para Datacolor. Este sitio web se proporciona para satisfacer...\" \/>\n<meta property=\"og:url\" content=\"https:\/\/www.datacolor.com\/es\/patentes\/\" \/>\n<meta property=\"og:site_name\" content=\"Datacolor\" \/>\n<meta property=\"article:publisher\" content=\"https:\/\/facebook.com\/DatacolorCorporate\" \/>\n<meta property=\"article:modified_time\" content=\"2023-02-06T15:57:05+00:00\" \/>\n<meta property=\"og:image\" content=\"https:\/\/www.datacolor.com\/wp-content\/uploads\/2022\/01\/collage-careers-800x700-1.jpg\" \/>\n\t<meta property=\"og:image:width\" content=\"800\" \/>\n\t<meta property=\"og:image:height\" content=\"700\" \/>\n\t<meta property=\"og:image:type\" content=\"image\/jpeg\" \/>\n<meta name=\"twitter:card\" content=\"summary_large_image\" \/>\n<meta name=\"twitter:label1\" content=\"Tiempo de lectura\" \/>\n\t<meta name=\"twitter:data1\" content=\"1 minute\" \/>\n<!-- \/ Yoast SEO plugin. -->","yoast_head_json":{"title":"Patentes de Datacolor | Datacolor","robots":{"index":"index","follow":"follow","max-snippet":"max-snippet:-1","max-image-preview":"max-image-preview:large","max-video-preview":"max-video-preview:-1"},"canonical":"https:\/\/www.datacolor.com\/es\/patentes\/","og_locale":"es_ES","og_type":"article","og_title":"Patentes de Datacolor | Datacolor","og_description":"Aviso de marcado virtual de patentes de Datacolor: Los siguientes productos est\u00e1n protegidos por patentes en EE.UU. y en otros pa\u00edses para Datacolor. Este sitio web se proporciona para satisfacer...","og_url":"https:\/\/www.datacolor.com\/es\/patentes\/","og_site_name":"Datacolor","article_publisher":"https:\/\/facebook.com\/DatacolorCorporate","article_modified_time":"2023-02-06T15:57:05+00:00","og_image":[{"width":800,"height":700,"url":"https:\/\/www.datacolor.com\/wp-content\/uploads\/2022\/01\/collage-careers-800x700-1.jpg","type":"image\/jpeg"}],"twitter_card":"summary_large_image","twitter_misc":{"Tiempo de lectura":"1 minute"},"schema":{"@context":"https:\/\/schema.org","@graph":[{"@type":"WebPage","@id":"https:\/\/www.datacolor.com\/es\/patentes\/","url":"https:\/\/www.datacolor.com\/es\/patentes\/","name":"Patentes de Datacolor | Datacolor","isPartOf":{"@id":"https:\/\/www.datacolor.com\/es\/#website"},"datePublished":"2022-05-25T15:40:17+00:00","dateModified":"2023-02-06T15:57:05+00:00","inLanguage":"es-ES","potentialAction":[{"@type":"ReadAction","target":["https:\/\/www.datacolor.com\/es\/patentes\/"]}]},{"@type":"WebSite","@id":"https:\/\/www.datacolor.com\/es\/#website","url":"https:\/\/www.datacolor.com\/es\/","name":"Datacolor","description":"Color Management Solutions","publisher":{"@id":"https:\/\/www.datacolor.com\/es\/#organization"},"potentialAction":[{"@type":"SearchAction","target":{"@type":"EntryPoint","urlTemplate":"https:\/\/www.datacolor.com\/es\/?s={search_term_string}"},"query-input":{"@type":"PropertyValueSpecification","valueRequired":true,"valueName":"search_term_string"}}],"inLanguage":"es-ES"},{"@type":"Organization","@id":"https:\/\/www.datacolor.com\/es\/#organization","name":"Datacolor","url":"https:\/\/www.datacolor.com\/es\/","logo":{"@type":"ImageObject","inLanguage":"es-ES","@id":"https:\/\/www.datacolor.com\/es\/#\/schema\/logo\/image\/","url":"https:\/\/www.datacolor.com\/wp-content\/uploads\/2021\/12\/logo-header.jpg","contentUrl":"https:\/\/www.datacolor.com\/wp-content\/uploads\/2021\/12\/logo-header.jpg","width":259,"height":45,"caption":"Datacolor"},"image":{"@id":"https:\/\/www.datacolor.com\/es\/#\/schema\/logo\/image\/"},"sameAs":["https:\/\/facebook.com\/DatacolorCorporate","https:\/\/linkedin.com\/company\/datacolor","https:\/\/www.youtube.com\/user\/DatacolorIndustrial"]}]}},"_links":{"self":[{"href":"https:\/\/www.datacolor.com\/es\/wp-json\/wp\/v2\/pages\/160445","targetHints":{"allow":["GET"]}}],"collection":[{"href":"https:\/\/www.datacolor.com\/es\/wp-json\/wp\/v2\/pages"}],"about":[{"href":"https:\/\/www.datacolor.com\/es\/wp-json\/wp\/v2\/types\/page"}],"author":[{"embeddable":true,"href":"https:\/\/www.datacolor.com\/es\/wp-json\/wp\/v2\/users\/24"}],"replies":[{"embeddable":true,"href":"https:\/\/www.datacolor.com\/es\/wp-json\/wp\/v2\/comments?post=160445"}],"version-history":[{"count":2,"href":"https:\/\/www.datacolor.com\/es\/wp-json\/wp\/v2\/pages\/160445\/revisions"}],"predecessor-version":[{"id":166518,"href":"https:\/\/www.datacolor.com\/es\/wp-json\/wp\/v2\/pages\/160445\/revisions\/166518"}],"wp:attachment":[{"href":"https:\/\/www.datacolor.com\/es\/wp-json\/wp\/v2\/media?parent=160445"}],"curies":[{"name":"wp","href":"https:\/\/api.w.org\/{rel}","templated":true}]}}