{"id":160468,"date":"2022-07-07T06:03:54","date_gmt":"2022-07-07T11:03:54","guid":{"rendered":"https:\/\/dev.new.datacolor.eu\/eula-desktop-software\/"},"modified":"2022-09-07T07:59:50","modified_gmt":"2022-09-07T12:59:50","slug":"eula-desktop-software","status":"publish","type":"page","link":"https:\/\/www.datacolor.com\/es\/eula-desktop-software\/","title":{"rendered":"Acuerdo de licencia de usuario final (EULA) para el software de escritorio"},"content":{"rendered":"<div class=\"wp-core-gutenblock gutenblock bg-color-white core_html\">\n            <div class=\"container-fluid\">\n                <div class=\"row\">\n                    <div class=\"column\"><section id=\"privacy-policy\"><style>.olalpha li { list-style: lower-alpha !important; } .ulbull li { list-style: disc !important; }<\/style>\n\n<h2>ACUERDO DE LICENCIA DEL USUARIO FINAL<\/h2>\n\n<p>Este acuerdo de licencia (&#8220;Licencia&#8221;) es un acuerdo legal entre usted y Datacolor, Inc. (&#8220;Datacolor&#8221;) que le otorga ciertos derechos de acceso y uso del Software Datacolor propiedad de Datacolor y contenido en este sobre (el &#8220;Software&#8221;). POR LA PRESENTE, USTED ACEPTA, TANTO EN SU PROPIO NOMBRE COMO EN CALIDAD DE REPRESENTANTE AUTORIZADO DE CUALQUIER ORGANIZACI\u00d3N PARA LA QUE UTILICE EL SOFTWARE (&#8220;EMPLEADOR&#8221;), QUE USTED Y SU EMPLEADOR UTILIZAR\u00c1N EL SOFTWARE \u00daNICAMENTE DE ACUERDO CON LOS SIGUIENTES T\u00c9RMINOS:  <\/p>\n<p> <\/p>\n\n<h2>1. GARANT\u00cdA LIMITADA en los soportes (si procede).  <\/h2>\n<p>Datacolor garantiza que los soportes en los que se graba el Software est\u00e1n libres de defectos de materiales y mano de obra en condiciones normales de uso durante un per\u00edodo de noventa (90) d\u00edas a partir de la fecha de compra original al por menor.  <\/p>\n<p>Su recurso exclusivo bajo este p\u00e1rrafo ser\u00e1, a opci\u00f3n de Datacolor, un reembolso del precio de compra del producto que contiene el Software o el reemplazo del Software que es devuelto a Datacolor o a un representante autorizado de Datacolor con una copia del recibo. Datacolor, 5 Princess Road, Lawrenceville, NJ 08648, Attn: Customer Service, o llame al 1-800-554-8688 para que le atienda un representante autorizado de Datacolor.  <\/p>\n<p>ESTA GARANT\u00cdA LIMITADA Y CUALQUIER OTRA GARANT\u00cdA IMPL\u00cdCITA EN EL SOPORTE, INCLUIDAS LAS GARANT\u00cdAS IMPL\u00cdCITAS DE COMERCIABILIDAD E IDONEIDAD PARA UN FIN DETERMINADO, TIENEN UNA DURACI\u00d3N LIMITADA A NOVENTA (90) D\u00cdAS A PARTIR DE LA FECHA DE COMPRA ORIGINAL AL POR MENOR.  <\/p>\n<p>Algunos estados no permiten limitar la duraci\u00f3n de una garant\u00eda impl\u00edcita, por lo que esta limitaci\u00f3n puede no aplicarse en su caso. La Garant\u00eda Limitada establecida en este documento es exclusiva y sustituye a cualquier otra, ya sea oral o escrita, expresa o impl\u00edcita.  <\/p>\n<p>DATACOLOR RECHAZA ESPEC\u00cdFICAMENTE CUALQUIER OTRA GARANT\u00cdA, EXPRESA O IMPL\u00cdCITA, CON RESPECTO A LOS SOPORTES. Esta Garant\u00eda Limitada le otorga derechos legales espec\u00edficos, y tambi\u00e9n puede tener otros derechos que var\u00edan de un estado a otro.  <\/p>\n<p> <\/p>\n\n<h2>2. Renuncia a la garant\u00eda del software.  <\/h2>\n<p>Usted reconoce y acepta expresamente que el uso del Software es por su cuenta y riesgo.  <\/p>\n<p>EL SOFTWARE SE PROPORCIONA &#8220;TAL CUAL&#8221;, CON TODOS LOS DEFECTOS Y SIN GARANT\u00cdA DE NING\u00daN TIPO.  <\/p>\n<p>Datacolor no garantiza que las funciones contenidas en el Software satisfagan sus necesidades, o que el funcionamiento del Software sea ininterrumpido o est\u00e9 libre de errores, o que los defectos del Software sean corregidos. Adem\u00e1s, Datacolor no garantiza ni hace ninguna representaci\u00f3n con respecto al uso o los resultados del uso del Software o la documentaci\u00f3n relacionada en t\u00e9rminos de su correcci\u00f3n, exactitud, confiabilidad u otros. Si el software resulta defectuoso, usted (y no Datacolor o un representante autorizado de Datacolor) asume el coste total de todo el servicio, reparaci\u00f3n o correcci\u00f3n necesarios. Algunos estados no permiten la exclusi\u00f3n o limitaci\u00f3n de las garant\u00edas impl\u00edcitas, por lo que es posible que la exclusi\u00f3n anterior no se aplique en su caso. Los t\u00e9rminos de esta exenci\u00f3n de responsabilidad no afectan ni perjudican los derechos legales de un consumidor que adquiera productos de Datacolor de otra forma que no sea en el curso de un negocio; tampoco limitan ni excluyen ninguna responsabilidad por muerte o da\u00f1os personales causados por la negligencia de Datacolor.  <\/p>\n<p>Si usted ha adquirido el Software para uso empresarial o comercial, tambi\u00e9n acepta que DATACOLOR RECHAZA EXPRESAMENTE CUALQUIER GARANT\u00cdA DE COMERCIALIZACI\u00d3N, IDONEIDAD PARA UN PROP\u00d3SITO PARTICULAR, T\u00cdTULO O NO VIOLACI\u00d3N CON RESPECTO AL SOFTWARE.  <\/p>\n<p> <\/p>\n\n<h2>3. Limitaci\u00f3n de la responsabilidad.  <\/h2>\n<p>BAJO NINGUNA CIRCUNSTANCIA, INCLUIDA LA NEGLIGENCIA, DATACOLOR SER\u00c1 RESPONSABLE DE CUALQUIER DA\u00d1O INCIDENTAL, ESPECIAL, INDIRECTO, PUNITIVO O CONSECUENTE QUE SURJA DE O EST\u00c9 RELACIONADO CON ESTA LICENCIA O EL SOFTWARE.  <\/p>\n<p>Algunas jurisdicciones no permiten la exclusi\u00f3n o limitaci\u00f3n de los da\u00f1os incidentales o consecuentes, por lo que la limitaci\u00f3n anterior puede no ser aplicable en su caso. En ning\u00fan caso la responsabilidad total de Datacolor hacia usted por todos los da\u00f1os exceder\u00e1 la cantidad de cincuenta d\u00f3lares ($50.00). La limitaci\u00f3n anterior se aplicar\u00e1 incluso si el recurso mencionado anteriormente no cumple su objetivo esencial.<\/p>\n<p> <\/p>\n\n<h2>4. Concesi\u00f3n de licencia.  <\/h2>\n<p>Con respecto a cualquier software de calibraci\u00f3n de monitores, Datacolor le concede, y usted acepta, una licencia personal, no exclusiva e intransferible para instalar y utilizar el software en formato de c\u00f3digo objeto en uno o m\u00e1s ordenadores en una \u00fanica ubicaci\u00f3n f\u00edsica, y en cinco ordenadores port\u00e1tiles adicionales.  <\/p>\n<p>Con respecto a cualquier otro software de Datacolor, Datacolor le concede, y usted acepta, una licencia personal, no exclusiva e intransferible para instalar y utilizar el Software en formato de c\u00f3digo objeto en un solo ordenador a la vez. Si desea utilizar el software en una red, p\u00f3ngase en contacto con Datacolor.  <\/p>\n<p>Adem\u00e1s de las copias instaladas, puede hacer una copia del Software en formato legible por m\u00e1quina s\u00f3lo para fines de copia de seguridad. La copia de seguridad debe incluir toda la informaci\u00f3n sobre derechos de autor que figura en el original.  <\/p>\n<p>Datacolor le concede, y usted acepta, una licencia personal, no exclusiva e intransferible para distribuir perfiles en formato .ICM o .ICC (&#8220;Perfiles&#8221;), incluyendo a los clientes de sus servicios de consultor\u00eda o dise\u00f1o, siempre y cuando no venda, arriende o alquile los Perfiles, ni los combine con ning\u00fan hardware, software u otro producto comercial.  <\/p>\n<p>Esta Licencia es efectiva hasta que se termine como se establece en este documento. Usted puede terminar esta Licencia destruyendo el Software y todas las copias del mismo en su posesi\u00f3n. Esta licencia terminar\u00e1 autom\u00e1ticamente en caso de violaci\u00f3n de los t\u00e9rminos de esta licencia. Usted reconoce que esta licencia no le da derecho a ning\u00fan tipo de soporte, mantenimiento o actualizaci\u00f3n por parte de Datacolor.  <\/p>\n<p> <\/p>\n\n<h2>5. Restricciones de la licencia.  <\/h2>\n<p>Usted no puede hacer nada de lo siguiente por s\u00ed mismo, o a trav\u00e9s de cualquier otra persona y no puede permitir que ning\u00fan tercero con el que tenga una relaci\u00f3n comercial haga nada de lo siguiente: (A) copiar, modificar o crear trabajos derivados basados en el Software; (B) descompilar, desensamblar o aplicar ingenier\u00eda inversa al Software en su totalidad o en parte; (C) derrotar, desactivar o eludir cualquier mecanismo de protecci\u00f3n relacionado con el Software; (D) vender, conceder licencias, sublicenciar, arrendar, distribuir, divulgar, permitir el acceso o transferir a terceros, ya sea con \u00e1nimo de lucro o sin cargo, cualquier parte del Software o cualquier producto (como producto independiente o incluido en un paquete con otros productos distintos del Software) creado con el Software (excepto Perfiles, que s\u00f3lo pueden distribuirse seg\u00fan lo establecido en la Secci\u00f3n 4 anterior), o, en particular, sin limitar la generalidad de lo anterior, distribuir el Software o cualquier producto de este tipo en cualquier medio, a trav\u00e9s de redes, tablones de anuncios electr\u00f3nicos o sitios web, o permitir que cualquier tercero utilice el Software; (E) exportar, utilizar o descargar el Software en violaci\u00f3n de cualquier ley o reglamento, incluyendo las regulaciones de la Administraci\u00f3n de Exportaciones del Departamento de Comercio de los Estados Unidos y otras leyes aplicables o (F) utilizar el Software en relaci\u00f3n con sistemas de soporte vital, implantaci\u00f3n humana, dispositivos m\u00e9dicos, instalaciones nucleares, sistemas nucleares o armas, aviaci\u00f3n, transporte masivo o cualquier aplicaci\u00f3n en la que un fallo o mal funcionamiento pueda provocar una posible p\u00e9rdida de vidas o da\u00f1os materiales catastr\u00f3ficos.  <\/p>\n<p> <\/p>\n\n<h2>6. T\u00edtulo y propiedad.  <\/h2>\n<p>A excepci\u00f3n de los derechos expresamente concedidos anteriormente, esta Licencia no le transfiere ning\u00fan derecho, t\u00edtulo o inter\u00e9s en el Software, cualquier producto (incluyendo, sin limitaci\u00f3n, Perfiles) creado con el Software o cualquier derecho de autor, patente, marca registrada, secreto comercial u otra propiedad intelectual o derecho de propiedad en el Software o cualquier producto. Datacolor retiene el t\u00edtulo \u00fanico y exclusivo de todas las porciones del Software y cualquier copia del mismo, y usted por la presente cede a Datacolor todo el derecho, t\u00edtulo e inter\u00e9s en y para cualquier modificaci\u00f3n que usted haga al Software y cualquier producto que haga con el Software, ya sea que dichas modificaciones est\u00e9n o no permitidas. Usted se compromete a no revelar el Software a nadie.  <\/p>\n<p> <\/p>\n\n<h2>7. Garant\u00edas de la Ley de Exportaci\u00f3n.  <\/h2>\n<p>Usted no puede utilizar ni exportar o reexportar el Software de ninguna manera, excepto seg\u00fan lo autorizado por la legislaci\u00f3n de los Estados Unidos y las leyes de la jurisdicci\u00f3n en la que se obtuvo el Software.  <\/p>\n<p> <\/p>\n\n<h2>8. Usuarios finales gubernamentales.  <\/h2>\n<p>Si el Software se suministra al Gobierno de los Estados Unidos, el Software se clasifica como &#8220;software inform\u00e1tico restringido&#8221;, tal como se define en la cl\u00e1usula 52.227-19 de las FAR. Los derechos del Gobierno de los Estados Unidos sobre el Software son los previstos en la cl\u00e1usula 52.227-19 de las FAR.  <\/p>\n<p> <\/p>\n\n<h2>9. Derecho aplicable y divisibilidad.  <\/h2>\n<p>Esta Licencia se regir\u00e1 por las leyes de los Estados Unidos y del Estado de Nueva Jersey. Usted se somete irrevocablemente a la jurisdicci\u00f3n de cualquier tribunal estatal o federal con sede en el condado de Mercer, Nueva Jersey, y cualquier acci\u00f3n o procedimiento que surja de esta Licencia ser\u00e1 escuchado y determinado en dicho tribunal. Si por alguna raz\u00f3n un tribunal de jurisdicci\u00f3n competente considera que alguna disposici\u00f3n, o parte de ella, no es ejecutable, el resto de esta Licencia continuar\u00e1 en pleno vigor y efecto.  <\/p>\n<p> <\/p>\n\n<h2>10. Acuerdo completo.  <\/h2>\n<p>Esta Licencia constituye el acuerdo completo entre las partes con respecto al uso del Software y reemplaza todos los acuerdos anteriores o contempor\u00e1neos con respecto a dicho tema. Ninguna enmienda o modificaci\u00f3n de esta licencia ser\u00e1 vinculante a menos que sea por escrito y est\u00e9 firmada por Datacolor.  <\/p>\n<p> <\/p>\n\n\n<!--This page was last modified on: 08. July 2021-->\n<\/section><\/div>\n                <\/div>\n            <\/div>\n        <\/div>","protected":false},"excerpt":{"rendered":"<p>ACUERDO DE LICENCIA DEL USUARIO FINAL Este acuerdo de licencia (&#8220;Licencia&#8221;) es un acuerdo legal entre usted y Datacolor, Inc. (&#8220;Datacolor&#8221;) que le otorga ciertos derechos de acceso y uso&#8230;<\/p>\n","protected":false},"author":22,"featured_media":0,"parent":0,"menu_order":9,"comment_status":"closed","ping_status":"closed","template":"","meta":{"_acf_changed":false,"_relevanssi_hide_post":"","_relevanssi_hide_content":"","_relevanssi_pin_for_all":"","_relevanssi_pin_keywords":"","_relevanssi_unpin_keywords":"","_relevanssi_related_keywords":"","_relevanssi_related_include_ids":"","_relevanssi_related_exclude_ids":"","_relevanssi_related_no_append":"","_relevanssi_related_not_related":"","_relevanssi_related_posts":"","_relevanssi_noindex_reason":"","footnotes":""},"class_list":["post-160468","page","type-page","status-publish","hentry"],"acf":[],"yoast_head":"<!-- This site is optimized with the Yoast SEO plugin v26.6 - https:\/\/yoast.com\/wordpress\/plugins\/seo\/ -->\n<title>Acuerdo de licencia de usuario final (EULA) para el software de escritorio | Datacolor<\/title>\n<meta name=\"robots\" content=\"index, follow, max-snippet:-1, max-image-preview:large, max-video-preview:-1\" \/>\n<link rel=\"canonical\" href=\"https:\/\/www.datacolor.com\/es\/eula-desktop-software\/\" \/>\n<meta property=\"og:locale\" content=\"es_ES\" \/>\n<meta property=\"og:type\" content=\"article\" \/>\n<meta property=\"og:title\" content=\"Acuerdo de licencia de usuario final (EULA) para el software de escritorio | Datacolor\" \/>\n<meta property=\"og:description\" content=\"ACUERDO DE LICENCIA DEL USUARIO FINAL Este acuerdo de licencia (&quot;Licencia&quot;) es un acuerdo legal entre usted y Datacolor, Inc. (&quot;Datacolor&quot;) que le otorga ciertos derechos de acceso y uso...\" \/>\n<meta property=\"og:url\" content=\"https:\/\/www.datacolor.com\/es\/eula-desktop-software\/\" \/>\n<meta property=\"og:site_name\" content=\"Datacolor\" \/>\n<meta property=\"article:publisher\" content=\"https:\/\/facebook.com\/DatacolorCorporate\" \/>\n<meta property=\"article:modified_time\" content=\"2022-09-07T12:59:50+00:00\" \/>\n<meta property=\"og:image\" content=\"https:\/\/www.datacolor.com\/wp-content\/uploads\/2022\/01\/collage-careers-800x700-1.jpg\" \/>\n\t<meta property=\"og:image:width\" content=\"800\" \/>\n\t<meta property=\"og:image:height\" content=\"700\" \/>\n\t<meta property=\"og:image:type\" content=\"image\/jpeg\" \/>\n<meta name=\"twitter:card\" content=\"summary_large_image\" \/>\n<meta name=\"twitter:label1\" content=\"Tiempo de lectura\" \/>\n\t<meta name=\"twitter:data1\" content=\"8 minutes\" \/>\n<!-- \/ Yoast SEO plugin. -->","yoast_head_json":{"title":"Acuerdo de licencia de usuario final (EULA) para el software de escritorio | Datacolor","robots":{"index":"index","follow":"follow","max-snippet":"max-snippet:-1","max-image-preview":"max-image-preview:large","max-video-preview":"max-video-preview:-1"},"canonical":"https:\/\/www.datacolor.com\/es\/eula-desktop-software\/","og_locale":"es_ES","og_type":"article","og_title":"Acuerdo de licencia de usuario final (EULA) para el software de escritorio | Datacolor","og_description":"ACUERDO DE LICENCIA DEL USUARIO FINAL Este acuerdo de licencia (\"Licencia\") es un acuerdo legal entre usted y Datacolor, Inc. (\"Datacolor\") que le otorga ciertos derechos de acceso y uso...","og_url":"https:\/\/www.datacolor.com\/es\/eula-desktop-software\/","og_site_name":"Datacolor","article_publisher":"https:\/\/facebook.com\/DatacolorCorporate","article_modified_time":"2022-09-07T12:59:50+00:00","og_image":[{"width":800,"height":700,"url":"https:\/\/www.datacolor.com\/wp-content\/uploads\/2022\/01\/collage-careers-800x700-1.jpg","type":"image\/jpeg"}],"twitter_card":"summary_large_image","twitter_misc":{"Tiempo de lectura":"8 minutes"},"schema":{"@context":"https:\/\/schema.org","@graph":[{"@type":"WebPage","@id":"https:\/\/www.datacolor.com\/es\/eula-desktop-software\/","url":"https:\/\/www.datacolor.com\/es\/eula-desktop-software\/","name":"Acuerdo de licencia de usuario final (EULA) para el software de escritorio | Datacolor","isPartOf":{"@id":"https:\/\/www.datacolor.com\/es\/#website"},"datePublished":"2022-07-07T11:03:54+00:00","dateModified":"2022-09-07T12:59:50+00:00","inLanguage":"es-ES","potentialAction":[{"@type":"ReadAction","target":["https:\/\/www.datacolor.com\/es\/eula-desktop-software\/"]}]},{"@type":"WebSite","@id":"https:\/\/www.datacolor.com\/es\/#website","url":"https:\/\/www.datacolor.com\/es\/","name":"Datacolor","description":"Color Management Solutions","publisher":{"@id":"https:\/\/www.datacolor.com\/es\/#organization"},"potentialAction":[{"@type":"SearchAction","target":{"@type":"EntryPoint","urlTemplate":"https:\/\/www.datacolor.com\/es\/?s={search_term_string}"},"query-input":{"@type":"PropertyValueSpecification","valueRequired":true,"valueName":"search_term_string"}}],"inLanguage":"es-ES"},{"@type":"Organization","@id":"https:\/\/www.datacolor.com\/es\/#organization","name":"Datacolor","url":"https:\/\/www.datacolor.com\/es\/","logo":{"@type":"ImageObject","inLanguage":"es-ES","@id":"https:\/\/www.datacolor.com\/es\/#\/schema\/logo\/image\/","url":"https:\/\/www.datacolor.com\/wp-content\/uploads\/2021\/12\/logo-header.jpg","contentUrl":"https:\/\/www.datacolor.com\/wp-content\/uploads\/2021\/12\/logo-header.jpg","width":259,"height":45,"caption":"Datacolor"},"image":{"@id":"https:\/\/www.datacolor.com\/es\/#\/schema\/logo\/image\/"},"sameAs":["https:\/\/facebook.com\/DatacolorCorporate","https:\/\/linkedin.com\/company\/datacolor","https:\/\/www.youtube.com\/user\/DatacolorIndustrial"]}]}},"_links":{"self":[{"href":"https:\/\/www.datacolor.com\/es\/wp-json\/wp\/v2\/pages\/160468","targetHints":{"allow":["GET"]}}],"collection":[{"href":"https:\/\/www.datacolor.com\/es\/wp-json\/wp\/v2\/pages"}],"about":[{"href":"https:\/\/www.datacolor.com\/es\/wp-json\/wp\/v2\/types\/page"}],"author":[{"embeddable":true,"href":"https:\/\/www.datacolor.com\/es\/wp-json\/wp\/v2\/users\/22"}],"replies":[{"embeddable":true,"href":"https:\/\/www.datacolor.com\/es\/wp-json\/wp\/v2\/comments?post=160468"}],"version-history":[{"count":0,"href":"https:\/\/www.datacolor.com\/es\/wp-json\/wp\/v2\/pages\/160468\/revisions"}],"wp:attachment":[{"href":"https:\/\/www.datacolor.com\/es\/wp-json\/wp\/v2\/media?parent=160468"}],"curies":[{"name":"wp","href":"https:\/\/api.w.org\/{rel}","templated":true}]}}