{"id":160469,"date":"2022-06-09T06:01:51","date_gmt":"2022-06-09T11:01:51","guid":{"rendered":"https:\/\/dev.new.datacolor.eu\/soluciones-empresariales\/centro-de-aprendizaje\/cuatro-perspectivas-de-la-mejora-de-la-eficiencia-en-las-operaciones-de-la-demanda\/"},"modified":"2022-09-07T07:59:49","modified_gmt":"2022-09-07T12:59:49","slug":"cuatro-perspectivas-de-la-mejora-de-la-eficiencia-en-las-operaciones-de-la-demanda","status":"publish","type":"page","link":"https:\/\/www.datacolor.com\/es\/soluciones-empresariales\/centro-de-aprendizaje\/cuatro-perspectivas-de-la-mejora-de-la-eficiencia-en-las-operaciones-de-la-demanda\/","title":{"rendered":"Cuatro perspectivas de mejora de la eficiencia en las operaciones de pintura a la carta"},"content":{"rendered":"<section id=\"gutenblock-block_62a1dc8546278\" class=\"gutenblock gutenblock--oms-image-text bg-color-dark_gray text-light image-position-overlap layout-text-image gutenblock-5050\">\n        <div class=\"gutenblock-inner\">\n            <div class=\"container-fluid\">\n\n                \n                                    <div class=\"row l-image-pb__row justify-content-center\">\n\n                                                        <div class=\"l-image-pb__col l-image-pb__col--text col-12 col-md-10 col-lg-6\">\n                                    <div class=\"image-pb__text\">\n                                        <h2>\u00bfSe pregunta c\u00f3mo la digitalizaci\u00f3n y la automatizaci\u00f3n pueden mejorar la eficiencia de las operaciones de pintura?<\/h2>\n<p class=\"intro-text\">  Vea este evento virtual de una hora de duraci\u00f3n en el que reunimos a 5 expertos de cuatro \u00e1reas diferentes para que hablen de sus experiencias compartidas y de las mejores pr\u00e1cticas sobre c\u00f3mo ajustar la forma de trabajar y ayudarnos a navegar por este paisaje cambiante.<\/p>\n                                    <\/div>\n                                <\/div>\n                                                            <div class=\"l-image-pb__col l-image-pb__col--image col-12 col-md-10 col-lg-6\">\n                                    <figure class=\"pb-image pb-image--stylized\"><img decoding=\"async\" width=\"735\" height=\"413\" src=\"https:\/\/www.datacolor.com\/wp-content\/uploads\/2022\/06\/Four-Perspectives-on-efficiency-improvement-in-paint-operations-on-demand-cover-image-735x413.jpg\" class=\"pb-image__image\" alt=\"\" srcset=\"https:\/\/www.datacolor.com\/wp-content\/uploads\/2022\/06\/Four-Perspectives-on-efficiency-improvement-in-paint-operations-on-demand-cover-image-735x413.jpg 735w, https:\/\/www.datacolor.com\/wp-content\/uploads\/2022\/06\/Four-Perspectives-on-efficiency-improvement-in-paint-operations-on-demand-cover-image-300x169.jpg 300w, https:\/\/www.datacolor.com\/wp-content\/uploads\/2022\/06\/Four-Perspectives-on-efficiency-improvement-in-paint-operations-on-demand-cover-image-768x432.jpg 768w, https:\/\/www.datacolor.com\/wp-content\/uploads\/2022\/06\/Four-Perspectives-on-efficiency-improvement-in-paint-operations-on-demand-cover-image-600x338.jpg 600w, https:\/\/www.datacolor.com\/wp-content\/uploads\/2022\/06\/Four-Perspectives-on-efficiency-improvement-in-paint-operations-on-demand-cover-image-350x197.jpg 350w, https:\/\/www.datacolor.com\/wp-content\/uploads\/2022\/06\/Four-Perspectives-on-efficiency-improvement-in-paint-operations-on-demand-cover-image-700x394.jpg 700w, https:\/\/www.datacolor.com\/wp-content\/uploads\/2022\/06\/Four-Perspectives-on-efficiency-improvement-in-paint-operations-on-demand-cover-image-100x56.jpg 100w, https:\/\/www.datacolor.com\/wp-content\/uploads\/2022\/06\/Four-Perspectives-on-efficiency-improvement-in-paint-operations-on-demand-cover-image-40x23.jpg 40w, https:\/\/www.datacolor.com\/wp-content\/uploads\/2022\/06\/Four-Perspectives-on-efficiency-improvement-in-paint-operations-on-demand-cover-image.jpg 800w\" sizes=\"(max-width: 735px) 100vw, 735px\" \/><\/figure>                                <\/div>\n                            \n                    <\/div>\n                \n                \n\n            <\/div>\n        <\/div>\n    <\/section><div class=\"wp-core-gutenblock gutenblock bg-color-white core_html\">\n            <div class=\"container-fluid\">\n                <div class=\"row\">\n                    <div class=\"column\"><div class=\"row\">\n<div class=\"col-xs-12 col-md-6\">\n<strong>MARKUS FRENTROP &#8211; C\u00d3MO LAS NORMAS DE COLOR SIMPLIFICAN EL PROCESO DE SELECCI\u00d3N DE COLORES Y REDUCEN EL IMPACTO MEDIOAMBIENTAL  <\/strong>\n<p>Nuestros ojos perciben unos 15 millones de tonos de color. Sin embargo, para el trabajo diario con los colores, este n\u00famero es poco pr\u00e1ctico e ineficiente, y necesitamos reducir esta complejidad. En su presentaci\u00f3n, Markus mostrar\u00e1 c\u00f3mo los est\u00e1ndares de color fijos ayudan a las empresas, agencias, etc. a trabajar con los colores de forma m\u00e1s r\u00e1pida, eficiente y sostenible.  <\/p>\n<p> <\/p>\n\n<strong>TOM SMITH &#8211; GANANDO EFICIENCIA A TRAV\u00c9S DE LA AUTOMATIZACI\u00d3N  <\/strong>\n<p>La presentaci\u00f3n de Tom destaca c\u00f3mo la automatizaci\u00f3n puede utilizarse en toda la I+D\/fabricaci\u00f3n para ayudar a generar y analizar datos de buena calidad. La presentaci\u00f3n incluye un estudio de caso sobre la automatizaci\u00f3n de los flujos de trabajo experimentales para la comparaci\u00f3n de colores.  <\/p>\n<p> <\/p>\n\n<strong>RIK MERTENS &#8211; EFICIENCIA DEL COLOR DENTRO Y FUERA DE LA TIENDA CON DISPOSITIVOS DE B\u00daSQUEDA Y COINCIDENCIA DE BAJO COSTE  <\/strong>\n<p>Los dispositivos de b\u00fasqueda y concordancia de bajo coste est\u00e1n a nuestro alrededor. Rik nos explicar\u00e1 qu\u00e9 son, c\u00f3mo funcionan y c\u00f3mo pueden utilizarse eficazmente.  <\/p>\n<p> <\/p>\n\n<strong>GIJS HEUKELOM &#8211; CONECTAR EL VIAJE DE TINTADO PARA RACIONALIZAR LAS OPERACIONES  <\/strong>\n<p>Compartiendo la visi\u00f3n de la FFM sobre el futuro de la tintorer\u00eda, \u00a1que est\u00e1 conectada! C\u00f3mo se puede utilizar el poder de lo digital para mejorar a\u00fan m\u00e1s la experiencia de tintado en el punto de venta, as\u00ed como el coste total de propiedad del fabricante de pintura.  <\/p>\n<p> <\/p>\n\n<p>\u00bfTiene alguna pregunta o quiere saber m\u00e1s sobre c\u00f3mo Datacolor puede ayudarle a mejorar su gesti\u00f3n digital del color? <a href=\"\/ask-our-experts\/\">P\u00f3ngase en contacto con nosotros<\/a>.<\/p>\n<\/div>\n<div class=\"col-xs-12 col-md-6\">\n<script src=\"\/\/app-ab31.marketo.com\/js\/forms2\/js\/forms2.min.js\"><\/script>\n<form id=\"mktoForm_4016\"><\/form>\n<script>MktoForms2.loadForm(\"\/\/app-ab31.marketo.com\", \"799-MHA-121\", 4016);<\/script>\n<script>\nMktoForms2.whenReady(function (form){\n  var samePageTYForms = [4016];\n  if ( samePageTYForms.indexOf(form.getId()) != -1 ) {\n     form.onSuccess(function(values, followUpUrl){\n        var oldHeight = form.getFormElem().css('height');\n\tform.getFormElem().html(\"Thank you for your information<br\/>You can <a href='https:\/\/event.on24.com\/wcc\/r\/3654398\/4C93FD7F3A43F074F9AB2837D1D07D92' target='_blank'>watch the webinar now.\");\n\tform.getFormElem().css(\"text-align\",\"center\");\n\tform.getFormElem().css(\"font-weight\",\"bold\");\n\tform.getFormElem().css(\"height\",oldHeight);\n\tform.getFormElem().css(\"padding-top\",\"20%\");\n\treturn false;\n     });\n  }\n});\n<\/script>\n\n<\/div>\n<\/div><\/div>\n                <\/div>\n            <\/div>\n        <\/div>","protected":false},"excerpt":{"rendered":"<p>MARKUS FRENTROP &#8211; C\u00d3MO LAS NORMAS DE COLOR SIMPLIFICAN EL PROCESO DE SELECCI\u00d3N DE COLORES Y REDUCEN EL IMPACTO MEDIOAMBIENTAL Nuestros ojos perciben unos 15 millones de tonos de color&#8230;.<\/p>\n","protected":false},"author":22,"featured_media":0,"parent":160266,"menu_order":0,"comment_status":"closed","ping_status":"closed","template":"","meta":{"_acf_changed":false,"_relevanssi_hide_post":"","_relevanssi_hide_content":"","_relevanssi_pin_for_all":"","_relevanssi_pin_keywords":"","_relevanssi_unpin_keywords":"","_relevanssi_related_keywords":"","_relevanssi_related_include_ids":"","_relevanssi_related_exclude_ids":"","_relevanssi_related_no_append":"","_relevanssi_related_not_related":"","_relevanssi_related_posts":"","_relevanssi_noindex_reason":"","footnotes":""},"class_list":["post-160469","page","type-page","status-publish","hentry"],"acf":[],"yoast_head":"<!-- This site is optimized with the Yoast SEO plugin v26.6 - https:\/\/yoast.com\/wordpress\/plugins\/seo\/ -->\n<title>Cuatro perspectivas de mejora de la eficiencia en las operaciones de pintura a la carta | Datacolor<\/title>\n<meta name=\"robots\" content=\"index, follow, max-snippet:-1, max-image-preview:large, max-video-preview:-1\" \/>\n<link rel=\"canonical\" href=\"https:\/\/www.datacolor.com\/es\/soluciones-empresariales\/centro-de-aprendizaje\/cuatro-perspectivas-de-la-mejora-de-la-eficiencia-en-las-operaciones-de-la-demanda\/\" \/>\n<meta property=\"og:locale\" content=\"es_ES\" \/>\n<meta property=\"og:type\" content=\"article\" \/>\n<meta property=\"og:title\" content=\"Cuatro perspectivas de mejora de la eficiencia en las operaciones de pintura a la carta | Datacolor\" \/>\n<meta property=\"og:description\" content=\"MARKUS FRENTROP - C\u00d3MO LAS NORMAS DE COLOR SIMPLIFICAN EL PROCESO DE SELECCI\u00d3N DE COLORES Y REDUCEN EL IMPACTO MEDIOAMBIENTAL Nuestros ojos perciben unos 15 millones de tonos de color....\" \/>\n<meta property=\"og:url\" content=\"https:\/\/www.datacolor.com\/es\/soluciones-empresariales\/centro-de-aprendizaje\/cuatro-perspectivas-de-la-mejora-de-la-eficiencia-en-las-operaciones-de-la-demanda\/\" \/>\n<meta property=\"og:site_name\" content=\"Datacolor\" \/>\n<meta property=\"article:publisher\" content=\"https:\/\/facebook.com\/DatacolorCorporate\" \/>\n<meta property=\"article:modified_time\" content=\"2022-09-07T12:59:49+00:00\" \/>\n<meta property=\"og:image\" content=\"https:\/\/www.datacolor.com\/wp-content\/uploads\/2022\/01\/collage-careers-800x700-1.jpg\" \/>\n\t<meta property=\"og:image:width\" content=\"800\" \/>\n\t<meta property=\"og:image:height\" content=\"700\" \/>\n\t<meta property=\"og:image:type\" content=\"image\/jpeg\" \/>\n<meta name=\"twitter:card\" content=\"summary_large_image\" \/>\n<meta name=\"twitter:label1\" content=\"Tiempo de lectura\" \/>\n\t<meta name=\"twitter:data1\" content=\"1 minute\" \/>\n<!-- \/ Yoast SEO plugin. -->","yoast_head_json":{"title":"Cuatro perspectivas de mejora de la eficiencia en las operaciones de pintura a la carta | Datacolor","robots":{"index":"index","follow":"follow","max-snippet":"max-snippet:-1","max-image-preview":"max-image-preview:large","max-video-preview":"max-video-preview:-1"},"canonical":"https:\/\/www.datacolor.com\/es\/soluciones-empresariales\/centro-de-aprendizaje\/cuatro-perspectivas-de-la-mejora-de-la-eficiencia-en-las-operaciones-de-la-demanda\/","og_locale":"es_ES","og_type":"article","og_title":"Cuatro perspectivas de mejora de la eficiencia en las operaciones de pintura a la carta | Datacolor","og_description":"MARKUS FRENTROP - C\u00d3MO LAS NORMAS DE COLOR SIMPLIFICAN EL PROCESO DE SELECCI\u00d3N DE COLORES Y REDUCEN EL IMPACTO MEDIOAMBIENTAL Nuestros ojos perciben unos 15 millones de tonos de color....","og_url":"https:\/\/www.datacolor.com\/es\/soluciones-empresariales\/centro-de-aprendizaje\/cuatro-perspectivas-de-la-mejora-de-la-eficiencia-en-las-operaciones-de-la-demanda\/","og_site_name":"Datacolor","article_publisher":"https:\/\/facebook.com\/DatacolorCorporate","article_modified_time":"2022-09-07T12:59:49+00:00","og_image":[{"width":800,"height":700,"url":"https:\/\/www.datacolor.com\/wp-content\/uploads\/2022\/01\/collage-careers-800x700-1.jpg","type":"image\/jpeg"}],"twitter_card":"summary_large_image","twitter_misc":{"Tiempo de lectura":"1 minute"},"schema":{"@context":"https:\/\/schema.org","@graph":[{"@type":"WebPage","@id":"https:\/\/www.datacolor.com\/es\/soluciones-empresariales\/centro-de-aprendizaje\/cuatro-perspectivas-de-la-mejora-de-la-eficiencia-en-las-operaciones-de-la-demanda\/","url":"https:\/\/www.datacolor.com\/es\/soluciones-empresariales\/centro-de-aprendizaje\/cuatro-perspectivas-de-la-mejora-de-la-eficiencia-en-las-operaciones-de-la-demanda\/","name":"Cuatro perspectivas de mejora de la eficiencia en las operaciones de pintura a la carta | Datacolor","isPartOf":{"@id":"https:\/\/www.datacolor.com\/es\/#website"},"datePublished":"2022-06-09T11:01:51+00:00","dateModified":"2022-09-07T12:59:49+00:00","breadcrumb":{"@id":"https:\/\/www.datacolor.com\/es\/soluciones-empresariales\/centro-de-aprendizaje\/cuatro-perspectivas-de-la-mejora-de-la-eficiencia-en-las-operaciones-de-la-demanda\/#breadcrumb"},"inLanguage":"es-ES","potentialAction":[{"@type":"ReadAction","target":["https:\/\/www.datacolor.com\/es\/soluciones-empresariales\/centro-de-aprendizaje\/cuatro-perspectivas-de-la-mejora-de-la-eficiencia-en-las-operaciones-de-la-demanda\/"]}]},{"@type":"BreadcrumbList","@id":"https:\/\/www.datacolor.com\/es\/soluciones-empresariales\/centro-de-aprendizaje\/cuatro-perspectivas-de-la-mejora-de-la-eficiencia-en-las-operaciones-de-la-demanda\/#breadcrumb","itemListElement":[{"@type":"ListItem","position":1,"name":"Soluciones empresariales","item":"https:\/\/www.datacolor.com\/es\/soluciones-empresariales\/"},{"@type":"ListItem","position":2,"name":"Centro de aprendizaje"}]},{"@type":"WebSite","@id":"https:\/\/www.datacolor.com\/es\/#website","url":"https:\/\/www.datacolor.com\/es\/","name":"Datacolor","description":"Color Management Solutions","publisher":{"@id":"https:\/\/www.datacolor.com\/es\/#organization"},"potentialAction":[{"@type":"SearchAction","target":{"@type":"EntryPoint","urlTemplate":"https:\/\/www.datacolor.com\/es\/?s={search_term_string}"},"query-input":{"@type":"PropertyValueSpecification","valueRequired":true,"valueName":"search_term_string"}}],"inLanguage":"es-ES"},{"@type":"Organization","@id":"https:\/\/www.datacolor.com\/es\/#organization","name":"Datacolor","url":"https:\/\/www.datacolor.com\/es\/","logo":{"@type":"ImageObject","inLanguage":"es-ES","@id":"https:\/\/www.datacolor.com\/es\/#\/schema\/logo\/image\/","url":"https:\/\/www.datacolor.com\/wp-content\/uploads\/2021\/12\/logo-header.jpg","contentUrl":"https:\/\/www.datacolor.com\/wp-content\/uploads\/2021\/12\/logo-header.jpg","width":259,"height":45,"caption":"Datacolor"},"image":{"@id":"https:\/\/www.datacolor.com\/es\/#\/schema\/logo\/image\/"},"sameAs":["https:\/\/facebook.com\/DatacolorCorporate","https:\/\/linkedin.com\/company\/datacolor","https:\/\/www.youtube.com\/user\/DatacolorIndustrial"]}]}},"_links":{"self":[{"href":"https:\/\/www.datacolor.com\/es\/wp-json\/wp\/v2\/pages\/160469","targetHints":{"allow":["GET"]}}],"collection":[{"href":"https:\/\/www.datacolor.com\/es\/wp-json\/wp\/v2\/pages"}],"about":[{"href":"https:\/\/www.datacolor.com\/es\/wp-json\/wp\/v2\/types\/page"}],"author":[{"embeddable":true,"href":"https:\/\/www.datacolor.com\/es\/wp-json\/wp\/v2\/users\/22"}],"replies":[{"embeddable":true,"href":"https:\/\/www.datacolor.com\/es\/wp-json\/wp\/v2\/comments?post=160469"}],"version-history":[{"count":0,"href":"https:\/\/www.datacolor.com\/es\/wp-json\/wp\/v2\/pages\/160469\/revisions"}],"up":[{"embeddable":true,"href":"https:\/\/www.datacolor.com\/es\/wp-json\/wp\/v2\/pages\/160266"}],"wp:attachment":[{"href":"https:\/\/www.datacolor.com\/es\/wp-json\/wp\/v2\/media?parent=160469"}],"curies":[{"name":"wp","href":"https:\/\/api.w.org\/{rel}","templated":true}]}}