{"id":161070,"date":"2022-09-15T06:37:42","date_gmt":"2022-09-15T10:37:42","guid":{"rendered":"https:\/\/dev.new.datacolor.eu\/legal\/ema\/politica-de-retorno\/"},"modified":"2026-04-29T10:35:59","modified_gmt":"2026-04-29T14:35:59","slug":"politica-de-retorno-2","status":"publish","type":"page","link":"https:\/\/www.datacolor.com\/es\/legal\/ema\/politica-de-retorno-2\/","title":{"rendered":"Pol\u00edtica de devoluciones"},"content":{"rendered":"<div class=\"wp-core-gutenblock gutenblock freeform bg-color-white\">\n<div class=\"container-fluid\">\n<div class=\"row\">\n<div class=\"column\">Para todos los contratos de venta y las entregas realizadas a trav\u00e9s de la tienda online ubicada en https:\/\/www.datacolor.com\/ y sus subdominios operados por Datacolor GmbH se aplican los siguientes derechos de desistimiento:<\/p>\n<p>Tiene derecho a rescindir el contrato en un plazo de 14 d\u00edas sin necesidad de justificar su decisi\u00f3n.<\/p>\n<p>El plazo de desistimiento expirar\u00e1 transcurridos 14 d\u00edas a partir del d\u00eda en que usted adquiera, o un tercero distinto del transportista e indicado por usted adquiera, la posesi\u00f3n f\u00edsica de los bienes.<\/p>\n<p>Para ejercer el derecho de desistimiento, deber\u00e1 informarnos (Datacolor GmbH, Elbestra\u00dfe 10, 45768 Marl, Alemania, Tel: +49 2365 51090, Fax: +49 2365 510939, eMail: cv-admin@datacolor.com) de su decisi\u00f3n de desistir de este contrato mediante una declaraci\u00f3n inequ\u00edvoca (por ejemplo, una carta enviada por correo, fax o correo electr\u00f3nico). Puede utilizar el modelo de formulario de retirada adjunto, pero no es obligatorio.<\/p>\n<p>Para cumplir el plazo de desistimiento, basta con que env\u00ede su comunicaci\u00f3n sobre el ejercicio del derecho de desistimiento antes de que expire el plazo de desistimiento.<\/p>\n<hr \/>\n<h4>Efectos de la retirada<\/h4>\n<p>Si rescinde el contrato, le reembolsaremos todos los pagos que hayamos recibido de usted, incluidos los gastos de env\u00edo (a excepci\u00f3n de los gastos adicionales resultantes de su elecci\u00f3n de un tipo de env\u00edo distinto al tipo de env\u00edo est\u00e1ndar menos costoso que ofrezcamos), sin ninguna demora indebida y, en cualquier caso, a m\u00e1s tardar 14 d\u00edas a partir del d\u00eda en que se nos informe de su decisi\u00f3n de rescindir el contrato. Llevaremos a cabo dicho reembolso utilizando el mismo medio de pago que usted utiliz\u00f3 para la transacci\u00f3n inicial, a menos que haya acordado expresamente lo contrario; en cualquier caso, usted no incurrir\u00e1 en ninguna comisi\u00f3n como resultado de dicho reembolso.<\/p>\n<p>Podremos retener el reembolso hasta que hayamos recibido la mercanc\u00eda o hasta que usted haya presentado una prueba de haberla devuelto, lo que ocurra primero.<\/p>\n<p>Deber\u00e1 devolver la mercanc\u00eda o entreg\u00e1rnosla a &#8220;<strong>Datacolor c\/o FIEGE NOW, S\u00fclzenbr\u00fccker Stra\u00dfe 7, 99192 Nesse-Apfelst\u00e4dt, Germany<\/strong>&#8221; o &#8220;<strong>SEKO Returns C\/O Datacolor, High Standing, Harding Rd, Brinklow, Milton Keynes MK10 0DF, United Kingdom<\/strong>&#8220;, sin ninguna demora indebida y, en cualquier caso, a m\u00e1s tardar 14 d\u00edas a partir del d\u00eda en que nos comunique su desistimiento del contrato. El plazo se cumple si devuelve la mercanc\u00eda antes de que transcurra el plazo de 14 d\u00edas.<\/p>\n<p>Tendr\u00e1 que asumir el coste directo de la devoluci\u00f3n de la mercanc\u00eda.<\/p>\n<p>Usted s\u00f3lo es responsable de la disminuci\u00f3n del valor de los bienes resultante de una manipulaci\u00f3n distinta a la necesaria para establecer la naturaleza, las caracter\u00edsticas y el funcionamiento de los bienes.<\/p>\n<hr \/>\n<h4>Modelo de formulario de desistimiento<\/h4>\n<p>(Rellene y devuelva este formulario s\u00f3lo si desea rescindir el contrato).<\/p>\n<blockquote>\n<ul style=\"margin-left: 20px;\">\n<li style=\"list-style-type: none;\">A Datacolor GmbH, Elbestra\u00dfe 10, 45768 Marl, Alemania, Tel: +49 2365 51090, Fax: +49 2365 510939, eMail: cv-admin@datacolor.com<\/li>\n<li style=\"list-style-type: none;\">Por la presente, yo\/nosotros (*) notificamos que yo\/nosotros (*) desistimos de mi\/nuestro (*) contrato de venta de los siguientes bienes (*) \/ para la prestaci\u00f3n del siguiente servicio,<\/li>\n<li style=\"list-style-type: none;\">Pedido el (*) \/ recibido el (*)<\/li>\n<li style=\"list-style-type: none;\">Nombre del consumidor(es)<\/li>\n<li style=\"list-style-type: none;\">Direcci\u00f3n del consumidor(es)<\/li>\n<li style=\"list-style-type: none;\">Firma del consumidor o consumidores (s\u00f3lo si este formulario se notifica en papel)<\/li>\n<li style=\"list-style-type: none;\">Fecha<\/li>\n<li style=\"list-style-type: none;\">(*) T\u00e1chese lo que proceda.<\/li>\n<\/ul>\n<\/blockquote>\n<p>La mercanc\u00eda debe devolverse a la siguiente direcci\u00f3n:<\/p>\n<p><strong><u>Europe:<\/u><br \/>\nDatacolor c\/o FIEGE NOW, S\u00fclzenbr\u00fccker Stra\u00dfe 7, 99192 Nesse-Apfelst\u00e4dt, Germany<\/strong><\/p>\n<p><strong><u>UK:<\/u><br \/>\nSEKO Returns C\/O Datacolor, High Standing, Harding Rd, Brinklow, Milton Keynes MK10 0DF<\/strong><\/p>\n<p><strong>Para garantizar un proceso sin problemas, p\u00f3ngase en contacto con nuestro equipo de asistencia con antelaci\u00f3n.<\/strong><\/div>\n<\/p><\/div>\n<\/p><\/div>\n<\/p><\/div>\n","protected":false},"excerpt":{"rendered":"<p>Para todos los contratos de venta y las entregas realizadas a trav\u00e9s de la tienda online ubicada en https:\/\/www.datacolor.com\/ y sus subdominios operados por Datacolor GmbH se aplican los siguientes&#8230;<\/p>\n","protected":false},"author":22,"featured_media":0,"parent":161035,"menu_order":0,"comment_status":"closed","ping_status":"closed","template":"","meta":{"_acf_changed":false,"_relevanssi_hide_post":"","_relevanssi_hide_content":"","_relevanssi_pin_for_all":"","_relevanssi_pin_keywords":"","_relevanssi_unpin_keywords":"","_relevanssi_related_keywords":"","_relevanssi_related_include_ids":"","_relevanssi_related_exclude_ids":"","_relevanssi_related_no_append":"","_relevanssi_related_not_related":"","_relevanssi_related_posts":"160781,160830,160757,160673,160698,160524","_relevanssi_noindex_reason":"","footnotes":""},"class_list":["post-161070","page","type-page","status-publish","hentry"],"acf":[],"yoast_head":"<!-- This site is optimized with the Yoast SEO plugin v26.6 - https:\/\/yoast.com\/wordpress\/plugins\/seo\/ -->\n<title>Pol\u00edtica de devoluciones | Datacolor<\/title>\n<meta name=\"robots\" content=\"index, follow, max-snippet:-1, max-image-preview:large, max-video-preview:-1\" \/>\n<link rel=\"canonical\" href=\"https:\/\/www.datacolor.com\/es\/legal\/ema\/politica-de-retorno-2\/\" \/>\n<meta property=\"og:locale\" content=\"es_ES\" \/>\n<meta property=\"og:type\" content=\"article\" \/>\n<meta property=\"og:title\" content=\"Pol\u00edtica de devoluciones | Datacolor\" \/>\n<meta property=\"og:description\" content=\"Para todos los contratos de venta y las entregas realizadas a trav\u00e9s de la tienda online ubicada en https:\/\/www.datacolor.com\/ y sus subdominios operados por Datacolor GmbH se aplican los siguientes...\" \/>\n<meta property=\"og:url\" content=\"https:\/\/www.datacolor.com\/es\/legal\/ema\/politica-de-retorno-2\/\" \/>\n<meta property=\"og:site_name\" content=\"Datacolor\" \/>\n<meta property=\"article:publisher\" content=\"https:\/\/facebook.com\/DatacolorCorporate\" \/>\n<meta property=\"article:modified_time\" content=\"2026-04-29T14:35:59+00:00\" \/>\n<meta property=\"og:image\" content=\"https:\/\/www.datacolor.com\/wp-content\/uploads\/2022\/01\/collage-careers-800x700-1.jpg\" \/>\n\t<meta property=\"og:image:width\" content=\"800\" \/>\n\t<meta property=\"og:image:height\" content=\"700\" \/>\n\t<meta property=\"og:image:type\" content=\"image\/jpeg\" \/>\n<meta name=\"twitter:card\" content=\"summary_large_image\" \/>\n<meta name=\"twitter:label1\" content=\"Tiempo de lectura\" \/>\n\t<meta name=\"twitter:data1\" content=\"3 minutes\" \/>\n<!-- \/ Yoast SEO plugin. -->","yoast_head_json":{"title":"Pol\u00edtica de devoluciones | Datacolor","robots":{"index":"index","follow":"follow","max-snippet":"max-snippet:-1","max-image-preview":"max-image-preview:large","max-video-preview":"max-video-preview:-1"},"canonical":"https:\/\/www.datacolor.com\/es\/legal\/ema\/politica-de-retorno-2\/","og_locale":"es_ES","og_type":"article","og_title":"Pol\u00edtica de devoluciones | Datacolor","og_description":"Para todos los contratos de venta y las entregas realizadas a trav\u00e9s de la tienda online ubicada en https:\/\/www.datacolor.com\/ y sus subdominios operados por Datacolor GmbH se aplican los siguientes...","og_url":"https:\/\/www.datacolor.com\/es\/legal\/ema\/politica-de-retorno-2\/","og_site_name":"Datacolor","article_publisher":"https:\/\/facebook.com\/DatacolorCorporate","article_modified_time":"2026-04-29T14:35:59+00:00","og_image":[{"width":800,"height":700,"url":"https:\/\/www.datacolor.com\/wp-content\/uploads\/2022\/01\/collage-careers-800x700-1.jpg","type":"image\/jpeg"}],"twitter_card":"summary_large_image","twitter_misc":{"Tiempo de lectura":"3 minutes"},"schema":{"@context":"https:\/\/schema.org","@graph":[{"@type":"WebPage","@id":"https:\/\/www.datacolor.com\/es\/legal\/ema\/politica-de-retorno-2\/","url":"https:\/\/www.datacolor.com\/es\/legal\/ema\/politica-de-retorno-2\/","name":"Pol\u00edtica de devoluciones | Datacolor","isPartOf":{"@id":"https:\/\/www.datacolor.com\/es\/#website"},"datePublished":"2022-09-15T10:37:42+00:00","dateModified":"2026-04-29T14:35:59+00:00","breadcrumb":{"@id":"https:\/\/www.datacolor.com\/es\/legal\/ema\/politica-de-retorno-2\/#breadcrumb"},"inLanguage":"es-ES","potentialAction":[{"@type":"ReadAction","target":["https:\/\/www.datacolor.com\/es\/legal\/ema\/politica-de-retorno-2\/"]}]},{"@type":"BreadcrumbList","@id":"https:\/\/www.datacolor.com\/es\/legal\/ema\/politica-de-retorno-2\/#breadcrumb","itemListElement":[{"@type":"ListItem","position":1,"name":"Legal","item":"https:\/\/www.datacolor.com\/es\/legal\/"},{"@type":"ListItem","position":2,"name":"Legal &#8211; EMA"}]},{"@type":"WebSite","@id":"https:\/\/www.datacolor.com\/es\/#website","url":"https:\/\/www.datacolor.com\/es\/","name":"Datacolor","description":"Color Management Solutions","publisher":{"@id":"https:\/\/www.datacolor.com\/es\/#organization"},"potentialAction":[{"@type":"SearchAction","target":{"@type":"EntryPoint","urlTemplate":"https:\/\/www.datacolor.com\/es\/?s={search_term_string}"},"query-input":{"@type":"PropertyValueSpecification","valueRequired":true,"valueName":"search_term_string"}}],"inLanguage":"es-ES"},{"@type":"Organization","@id":"https:\/\/www.datacolor.com\/es\/#organization","name":"Datacolor","url":"https:\/\/www.datacolor.com\/es\/","logo":{"@type":"ImageObject","inLanguage":"es-ES","@id":"https:\/\/www.datacolor.com\/es\/#\/schema\/logo\/image\/","url":"https:\/\/www.datacolor.com\/wp-content\/uploads\/2021\/12\/logo-header.jpg","contentUrl":"https:\/\/www.datacolor.com\/wp-content\/uploads\/2021\/12\/logo-header.jpg","width":259,"height":45,"caption":"Datacolor"},"image":{"@id":"https:\/\/www.datacolor.com\/es\/#\/schema\/logo\/image\/"},"sameAs":["https:\/\/facebook.com\/DatacolorCorporate","https:\/\/linkedin.com\/company\/datacolor","https:\/\/www.youtube.com\/user\/DatacolorIndustrial"]}]}},"_links":{"self":[{"href":"https:\/\/www.datacolor.com\/es\/wp-json\/wp\/v2\/pages\/161070","targetHints":{"allow":["GET"]}}],"collection":[{"href":"https:\/\/www.datacolor.com\/es\/wp-json\/wp\/v2\/pages"}],"about":[{"href":"https:\/\/www.datacolor.com\/es\/wp-json\/wp\/v2\/types\/page"}],"author":[{"embeddable":true,"href":"https:\/\/www.datacolor.com\/es\/wp-json\/wp\/v2\/users\/22"}],"replies":[{"embeddable":true,"href":"https:\/\/www.datacolor.com\/es\/wp-json\/wp\/v2\/comments?post=161070"}],"version-history":[{"count":4,"href":"https:\/\/www.datacolor.com\/es\/wp-json\/wp\/v2\/pages\/161070\/revisions"}],"predecessor-version":[{"id":187044,"href":"https:\/\/www.datacolor.com\/es\/wp-json\/wp\/v2\/pages\/161070\/revisions\/187044"}],"up":[{"embeddable":true,"href":"https:\/\/www.datacolor.com\/es\/wp-json\/wp\/v2\/pages\/161035"}],"wp:attachment":[{"href":"https:\/\/www.datacolor.com\/es\/wp-json\/wp\/v2\/media?parent=161070"}],"curies":[{"name":"wp","href":"https:\/\/api.w.org\/{rel}","templated":true}]}}