{"id":163685,"date":"2022-03-30T19:28:45","date_gmt":"2022-03-31T00:28:45","guid":{"rendered":"https:\/\/dev.new.datacolor.eu\/soluciones-empresariales\/webinar-serie-color-teoria\/"},"modified":"2022-11-26T14:46:37","modified_gmt":"2022-11-26T20:46:37","slug":"webinar-serie-color-teoria","status":"publish","type":"page","link":"https:\/\/www.datacolor.com\/es\/soluciones-empresariales\/webinar-serie-color-teoria\/","title":{"rendered":"Serie de seminarios web: Teor\u00eda del color"},"content":{"rendered":"<section class=\"gutenblock gutenblock--oms-webinars bg-color-gray\">\n        <div class=\"gutenblock-inner\">\n            <div class=\"container-fluid\">\n            \n                    <div class=\"l-webinars__row row justify-content-center justify-content-lg-start\">\n                        <div class='l-webinars__col l-image-pb__col--image--hold col-12 col-md-10 col-lg-6'>\n<article id=\"post-184403\" class=\"webinar-teaser post-184403 webinar type-webinar status-publish hentry webinar_category-teoria-del-color\">\n    <span id=\"\"><\/span>\n\n    <div class=\"video-wrapper\"><div class=\"embed-responsive embed-responsive-16by9 tester has-image iframe-wrapper js-video\" tabindex=\"0\"><figure class=\"video-overlay pb-image pb-image--stylized\"><img decoding=\"async\" width=\"900\" height=\"505\" src=\"https:\/\/www.datacolor.com\/wp-content\/uploads\/2022\/04\/shutterstock_1724253250-900x505.jpg\" class=\"pb-image__image\" alt=\"\" \/><div class=\"video-button\"><span class=\"play\"><\/span><\/div><figcaption class=\"pb-image__caption\">Color y apariencia<\/figcaption><\/figure><iframe title=\"Color Theory Webinar - Part 1: Color and Appearance\" class=\"video-iframe\" tabindex=\"-1\" data-src=\"https:\/\/player.vimeo.com\/video\/725394656?dnt=1&amp;app_id=122963\" width=\"640\" height=\"360\" frameborder=\"0\" allow=\"autoplay; fullscreen; picture-in-picture; clipboard-write; encrypted-media; web-share\" referrerpolicy=\"strict-origin-when-cross-origin\"><\/iframe><\/div><div class=\"gdpr-consent-overlay cookieconsent-optout-marketing\">Please <a href=\"javascript:Cookiebot.renew()\">accept marketing-cookies<\/a> to view this video.<\/div><\/div>\n    <div class=\"webinar-teaser__content\">\n        <h2 class=\"webinar-teaser__title\">1. Color y apariencia<\/h2>\n        <p>\u00bfQu\u00e9 tienen que ver con el color las propiedades de los objetos, una fuente de luz concreta o incluso las diferencias en la visi\u00f3n humana? Todo, \u00a1porque todos esos aspectos influyen en la percepci\u00f3n del color! \u00a1Mira el seminario web para descubrir c\u00f3mo!  <\/p>\n<p><a href=\"https:\/\/www.datacolor.com\/wp-content\/uploads\/2022\/05\/Datacolor_ColorTheory_Webianr_Part1.pdf\" target=\"_blank\" rel=\"noopener\">Descargar presentaci\u00f3n  &gt;<\/a><\/p>\n    <\/div>\n\n<\/article>\n\n<button type=\"button\" onclick=\"window.open('\/wp-admin\/post.php?post=184403&#038;action=edit')\" class=\"edit-link\" aria-hidden=\"true\">Edit Post<\/button><\/div><div class='l-webinars__col l-image-pb__col--image--hold col-12 col-md-10 col-lg-6'>\n<article id=\"post-184412\" class=\"webinar-teaser post-184412 webinar type-webinar status-publish hentry webinar_category-teoria-del-color\">\n    <span id=\"\"><\/span>\n\n    <div class=\"video-wrapper\"><div class=\"embed-responsive embed-responsive-16by9 tester has-image iframe-wrapper js-video\" tabindex=\"0\"><figure class=\"video-overlay pb-image pb-image--stylized\"><img decoding=\"async\" width=\"800\" height=\"505\" src=\"https:\/\/www.datacolor.com\/wp-content\/uploads\/2022\/04\/Color-Communication-800x505.jpg\" class=\"pb-image__image\" alt=\"\" \/><div class=\"video-button\"><span class=\"play\"><\/span><\/div><figcaption class=\"pb-image__caption\">Comunicaci\u00f3n en color  <\/figcaption><\/figure><iframe title=\"Color Theory Webinar - Part 2: Color Communication\" class=\"video-iframe\" tabindex=\"-1\" data-src=\"https:\/\/player.vimeo.com\/video\/725397551?dnt=1&amp;app_id=122963\" width=\"640\" height=\"360\" frameborder=\"0\" allow=\"autoplay; fullscreen; picture-in-picture; clipboard-write; encrypted-media; web-share\" referrerpolicy=\"strict-origin-when-cross-origin\"><\/iframe><\/div><div class=\"gdpr-consent-overlay cookieconsent-optout-marketing\">Please <a href=\"javascript:Cookiebot.renew()\">accept marketing-cookies<\/a> to view this video.<\/div><\/div>\n    <div class=\"webinar-teaser__content\">\n        <h2 class=\"webinar-teaser__title\">2. Comunicaci\u00f3n en color<\/h2>\n        <p>Todos hablamos de colores, \u00bfverdad? Pero, \u00bfc\u00f3mo se comunica exactamente un color? Vamos a hablarte de L* (Luminosidad), C* (Color) y H* (Tono) y a leer juntos algunas curvas espectrales durante este seminario web.  <\/p>\n<p><a href=\"https:\/\/www.datacolor.com\/wp-content\/uploads\/2022\/05\/Datacolor_ColorTheory_Webianr_Part2.pdf\" target=\"_blank\" rel=\"noopener\">Descargar presentaci\u00f3n  &gt;<\/a><\/p>\n    <\/div>\n\n<\/article>\n\n<button type=\"button\" onclick=\"window.open('\/wp-admin\/post.php?post=184412&#038;action=edit')\" class=\"edit-link\" aria-hidden=\"true\">Edit Post<\/button><\/div><div class='l-webinars__col l-image-pb__col--image--hold col-12 col-md-10 col-lg-6'>\n<article id=\"post-184411\" class=\"webinar-teaser post-184411 webinar type-webinar status-publish hentry webinar_category-teoria-del-color\">\n    <span id=\"\"><\/span>\n\n    <div class=\"video-wrapper\"><div class=\"embed-responsive embed-responsive-16by9 tester has-image iframe-wrapper js-video\" tabindex=\"0\"><figure class=\"video-overlay pb-image pb-image--stylized\"><img decoding=\"async\" width=\"800\" height=\"451\" src=\"https:\/\/www.datacolor.com\/wp-content\/uploads\/2022\/04\/Color-Coordinates.jpg\" class=\"pb-image__image\" alt=\"\" srcset=\"https:\/\/www.datacolor.com\/wp-content\/uploads\/2022\/04\/Color-Coordinates.jpg 800w, https:\/\/www.datacolor.com\/wp-content\/uploads\/2022\/04\/Color-Coordinates-300x169.jpg 300w, https:\/\/www.datacolor.com\/wp-content\/uploads\/2022\/04\/Color-Coordinates-768x433.jpg 768w, https:\/\/www.datacolor.com\/wp-content\/uploads\/2022\/04\/Color-Coordinates-600x338.jpg 600w, https:\/\/www.datacolor.com\/wp-content\/uploads\/2022\/04\/Color-Coordinates-350x197.jpg 350w, https:\/\/www.datacolor.com\/wp-content\/uploads\/2022\/04\/Color-Coordinates-735x414.jpg 735w, https:\/\/www.datacolor.com\/wp-content\/uploads\/2022\/04\/Color-Coordinates-700x395.jpg 700w, https:\/\/www.datacolor.com\/wp-content\/uploads\/2022\/04\/Color-Coordinates-100x56.jpg 100w, https:\/\/www.datacolor.com\/wp-content\/uploads\/2022\/04\/Color-Coordinates-40x23.jpg 40w\" sizes=\"(max-width: 800px) 100vw, 800px\" \/><div class=\"video-button\"><span class=\"play\"><\/span><\/div><figcaption class=\"pb-image__caption\">Coordenadas y diferencia de color<\/figcaption><\/figure><iframe title=\"Color Theory Webinar - Part 3: Color Coordinates and Color Difference\" class=\"video-iframe\" tabindex=\"-1\" data-src=\"https:\/\/player.vimeo.com\/video\/725398590?dnt=1&amp;app_id=122963\" width=\"640\" height=\"360\" frameborder=\"0\" allow=\"autoplay; fullscreen; picture-in-picture; clipboard-write; encrypted-media; web-share\" referrerpolicy=\"strict-origin-when-cross-origin\"><\/iframe><\/div><div class=\"gdpr-consent-overlay cookieconsent-optout-marketing\">Please <a href=\"javascript:Cookiebot.renew()\">accept marketing-cookies<\/a> to view this video.<\/div><\/div>\n    <div class=\"webinar-teaser__content\">\n        <h2 class=\"webinar-teaser__title\">3. Coordenadas y diferencia de color<\/h2>\n        <p>En este seminario web, \u00a1aprende a expresar mejor el color que necesitas para tu pintura, tu revestimiento o cualquier otro objeto! \u00danete a nosotros para explorar los valores triest\u00edmulos CIE y el espacio de color CIELAB, y calcularemos juntos las diferencias de color. <\/p>\n<p><a href=\"https:\/\/www.datacolor.com\/wp-content\/uploads\/2022\/05\/Datacolor_ColorTheory_Webianr_Part3.pdf\" target=\"_blank\" rel=\"noopener\">Descargar presentaci\u00f3n  &gt;<\/a><\/p>\n    <\/div>\n\n<\/article>\n\n<button type=\"button\" onclick=\"window.open('\/wp-admin\/post.php?post=184411&#038;action=edit')\" class=\"edit-link\" aria-hidden=\"true\">Edit Post<\/button><\/div><div class='l-webinars__col l-image-pb__col--image--hold col-12 col-md-10 col-lg-6'>\n<article id=\"post-184418\" class=\"webinar-teaser post-184418 webinar type-webinar status-publish hentry webinar_category-teoria-del-color\">\n    <span id=\"\"><\/span>\n\n    <div class=\"video-wrapper\"><div class=\"embed-responsive embed-responsive-16by9 tester has-image iframe-wrapper js-video\" tabindex=\"0\"><figure class=\"video-overlay pb-image pb-image--stylized\"><img decoding=\"async\" width=\"800\" height=\"505\" src=\"https:\/\/www.datacolor.com\/wp-content\/uploads\/2022\/04\/Color-Tolerances-800x505.jpg\" class=\"pb-image__image\" alt=\"\" srcset=\"https:\/\/www.datacolor.com\/wp-content\/uploads\/2022\/04\/Color-Tolerances-800x505.jpg 800w, https:\/\/www.datacolor.com\/wp-content\/uploads\/2022\/04\/Color-Tolerances-100x64.jpg 100w, https:\/\/www.datacolor.com\/wp-content\/uploads\/2022\/04\/Color-Tolerances-40x26.jpg 40w\" sizes=\"(max-width: 800px) 100vw, 800px\" \/><div class=\"video-button\"><span class=\"play\"><\/span><\/div><figcaption class=\"pb-image__caption\">Tolerancia de color<\/figcaption><\/figure><iframe title=\"Color Theory Webinar - Part 4: Color Tolerances\" class=\"video-iframe\" tabindex=\"-1\" data-src=\"https:\/\/player.vimeo.com\/video\/725401736?dnt=1&amp;app_id=122963\" width=\"640\" height=\"360\" frameborder=\"0\" allow=\"autoplay; fullscreen; picture-in-picture; clipboard-write; encrypted-media; web-share\" referrerpolicy=\"strict-origin-when-cross-origin\"><\/iframe><\/div><div class=\"gdpr-consent-overlay cookieconsent-optout-marketing\">Please <a href=\"javascript:Cookiebot.renew()\">accept marketing-cookies<\/a> to view this video.<\/div><\/div>\n    <div class=\"webinar-teaser__content\">\n        <h2 class=\"webinar-teaser__title\">4. Tolerancia de color<\/h2>\n        <p>En la mayor\u00eda de las industrias, se requiere coherencia de color en m\u00faltiples materiales e iteraciones. Ahora que hemos adquirido un lenguaje com\u00fan en materia de color, centr\u00e9monos en la colorimetr\u00eda y en c\u00f3mo medir y registrar las diferencias de color. Trataremos el Delta E, la tolerancia del color y la aceptabilidad del color.  <\/p>\n<p><a href=\"https:\/\/www.datacolor.com\/wp-content\/uploads\/2022\/05\/Datacolor_ColorTheory_Webianr_Part4.pdf\" target=\"_blank\" rel=\"noopener\">Descargar presentaci\u00f3n  &gt;<\/a><\/p>\n    <\/div>\n\n<\/article>\n\n<button type=\"button\" onclick=\"window.open('\/wp-admin\/post.php?post=184418&#038;action=edit')\" class=\"edit-link\" aria-hidden=\"true\">Edit Post<\/button><\/div><div class='l-webinars__col l-image-pb__col--image--hold col-12 col-md-10 col-lg-6'>\n<article id=\"post-184427\" class=\"webinar-teaser post-184427 webinar type-webinar status-publish hentry webinar_category-teoria-del-color\">\n    <span id=\"\"><\/span>\n\n    <div class=\"video-wrapper\"><div class=\"embed-responsive embed-responsive-16by9 tester has-image iframe-wrapper js-video\" tabindex=\"0\"><figure class=\"video-overlay pb-image pb-image--stylized\"><img decoding=\"async\" width=\"800\" height=\"457\" src=\"https:\/\/www.datacolor.com\/wp-content\/uploads\/2022\/04\/visual-illusion.jpg\" class=\"pb-image__image\" alt=\"\" srcset=\"https:\/\/www.datacolor.com\/wp-content\/uploads\/2022\/04\/visual-illusion.jpg 800w, https:\/\/www.datacolor.com\/wp-content\/uploads\/2022\/04\/visual-illusion-300x171.jpg 300w, https:\/\/www.datacolor.com\/wp-content\/uploads\/2022\/04\/visual-illusion-768x439.jpg 768w, https:\/\/www.datacolor.com\/wp-content\/uploads\/2022\/04\/visual-illusion-600x343.jpg 600w, https:\/\/www.datacolor.com\/wp-content\/uploads\/2022\/04\/visual-illusion-350x200.jpg 350w, https:\/\/www.datacolor.com\/wp-content\/uploads\/2022\/04\/visual-illusion-735x420.jpg 735w, https:\/\/www.datacolor.com\/wp-content\/uploads\/2022\/04\/visual-illusion-700x400.jpg 700w, https:\/\/www.datacolor.com\/wp-content\/uploads\/2022\/04\/visual-illusion-100x57.jpg 100w, https:\/\/www.datacolor.com\/wp-content\/uploads\/2022\/04\/visual-illusion-40x23.jpg 40w\" sizes=\"(max-width: 800px) 100vw, 800px\" \/><div class=\"video-button\"><span class=\"play\"><\/span><\/div><figcaption class=\"pb-image__caption\">Evaluaci\u00f3n visual e instrumental del color<\/figcaption><\/figure><iframe title=\"Color Theory Webinar - Part 5: Visual and Instrumental Evaluation\" class=\"video-iframe\" tabindex=\"-1\" data-src=\"https:\/\/player.vimeo.com\/video\/725402827?dnt=1&amp;app_id=122963\" width=\"640\" height=\"360\" frameborder=\"0\" allow=\"autoplay; fullscreen; picture-in-picture; clipboard-write; encrypted-media; web-share\" referrerpolicy=\"strict-origin-when-cross-origin\"><\/iframe><\/div><div class=\"gdpr-consent-overlay cookieconsent-optout-marketing\">Please <a href=\"javascript:Cookiebot.renew()\">accept marketing-cookies<\/a> to view this video.<\/div><\/div>\n    <div class=\"webinar-teaser__content\">\n        <h2 class=\"webinar-teaser__title\">5. Evaluaci\u00f3n visual e instrumental del color<\/h2>\n        <p>\u00bfTe preguntas cu\u00e1l es la mejor forma de evaluar el color? Definamos las condiciones necesarias para evaluar el color, y repasemos c\u00f3mo un color\u00edmetro o un espectrofot\u00f3metro pueden hacer el trabajo por ti. <\/p>\n<p><a href=\"https:\/\/www.datacolor.com\/wp-content\/uploads\/2022\/05\/Datacolor_ColorTheory_Webianr_Part5.pdf\" target=\"_blank\" rel=\"noopener\">Descargar presentaci\u00f3n  &gt;<\/a><\/p>\n    <\/div>\n\n<\/article>\n\n<button type=\"button\" onclick=\"window.open('\/wp-admin\/post.php?post=184427&#038;action=edit')\" class=\"edit-link\" aria-hidden=\"true\">Edit Post<\/button><\/div>                    <\/div>\n                            <\/div>\n        <\/div>\n    <\/section>","protected":false},"excerpt":{"rendered":"<p>\u00bfTe preguntas cu\u00e1l es la mejor forma de evaluar el color? Definamos las condiciones necesarias para evaluar el color, y repasemos c\u00f3mo un color\u00edmetro o un espectrofot\u00f3metro pueden hacer el&#8230;<\/p>\n","protected":false},"author":2,"featured_media":0,"parent":160258,"menu_order":0,"comment_status":"closed","ping_status":"closed","template":"","meta":{"_acf_changed":false,"_relevanssi_hide_post":"","_relevanssi_hide_content":"","_relevanssi_pin_for_all":"","_relevanssi_pin_keywords":"","_relevanssi_unpin_keywords":"","_relevanssi_related_keywords":"","_relevanssi_related_include_ids":"","_relevanssi_related_exclude_ids":"","_relevanssi_related_no_append":"","_relevanssi_related_not_related":"","_relevanssi_related_posts":"","_relevanssi_noindex_reason":"","footnotes":""},"class_list":["post-163685","page","type-page","status-publish","hentry"],"acf":[],"yoast_head":"<!-- This site is optimized with the Yoast SEO plugin v26.6 - https:\/\/yoast.com\/wordpress\/plugins\/seo\/ -->\n<title>Serie de seminarios web sobre teor\u00eda del color | Datacolor<\/title>\n<meta name=\"description\" content=\"Aprenda la ciencia del color y c\u00f3mo comunicar el lenguaje del color en esta serie de seminarios web de 5 partes.\" \/>\n<meta name=\"robots\" content=\"index, follow, max-snippet:-1, max-image-preview:large, max-video-preview:-1\" \/>\n<link rel=\"canonical\" href=\"https:\/\/www.datacolor.com\/es\/soluciones-empresariales\/webinar-serie-color-teoria\/\" \/>\n<meta property=\"og:locale\" content=\"es_ES\" \/>\n<meta property=\"og:type\" content=\"article\" \/>\n<meta property=\"og:title\" content=\"Serie de seminarios web sobre teor\u00eda del color | Datacolor\" \/>\n<meta property=\"og:description\" content=\"Aprenda la ciencia del color y c\u00f3mo comunicar el lenguaje del color en esta serie de seminarios web de 5 partes.\" \/>\n<meta property=\"og:url\" content=\"https:\/\/www.datacolor.com\/es\/soluciones-empresariales\/webinar-serie-color-teoria\/\" \/>\n<meta property=\"og:site_name\" content=\"Datacolor\" \/>\n<meta property=\"article:publisher\" content=\"https:\/\/facebook.com\/DatacolorCorporate\" \/>\n<meta property=\"article:modified_time\" content=\"2022-11-26T20:46:37+00:00\" \/>\n<meta property=\"og:image\" content=\"https:\/\/www.datacolor.com\/wp-content\/uploads\/2022\/01\/collage-careers-800x700-1.jpg\" \/>\n\t<meta property=\"og:image:width\" content=\"800\" \/>\n\t<meta property=\"og:image:height\" content=\"700\" \/>\n\t<meta property=\"og:image:type\" content=\"image\/jpeg\" \/>\n<meta name=\"twitter:card\" content=\"summary_large_image\" \/>\n<!-- \/ Yoast SEO plugin. -->","yoast_head_json":{"title":"Serie de seminarios web sobre teor\u00eda del color | Datacolor","description":"Aprenda la ciencia del color y c\u00f3mo comunicar el lenguaje del color en esta serie de seminarios web de 5 partes.","robots":{"index":"index","follow":"follow","max-snippet":"max-snippet:-1","max-image-preview":"max-image-preview:large","max-video-preview":"max-video-preview:-1"},"canonical":"https:\/\/www.datacolor.com\/es\/soluciones-empresariales\/webinar-serie-color-teoria\/","og_locale":"es_ES","og_type":"article","og_title":"Serie de seminarios web sobre teor\u00eda del color | Datacolor","og_description":"Aprenda la ciencia del color y c\u00f3mo comunicar el lenguaje del color en esta serie de seminarios web de 5 partes.","og_url":"https:\/\/www.datacolor.com\/es\/soluciones-empresariales\/webinar-serie-color-teoria\/","og_site_name":"Datacolor","article_publisher":"https:\/\/facebook.com\/DatacolorCorporate","article_modified_time":"2022-11-26T20:46:37+00:00","og_image":[{"width":800,"height":700,"url":"https:\/\/www.datacolor.com\/wp-content\/uploads\/2022\/01\/collage-careers-800x700-1.jpg","type":"image\/jpeg"}],"twitter_card":"summary_large_image","schema":{"@context":"https:\/\/schema.org","@graph":[{"@type":"WebPage","@id":"https:\/\/www.datacolor.com\/es\/soluciones-empresariales\/webinar-serie-color-teoria\/","url":"https:\/\/www.datacolor.com\/es\/soluciones-empresariales\/webinar-serie-color-teoria\/","name":"Serie de seminarios web sobre teor\u00eda del color | Datacolor","isPartOf":{"@id":"https:\/\/www.datacolor.com\/es\/#website"},"datePublished":"2022-03-31T00:28:45+00:00","dateModified":"2022-11-26T20:46:37+00:00","description":"Aprenda la ciencia del color y c\u00f3mo comunicar el lenguaje del color en esta serie de seminarios web de 5 partes.","inLanguage":"es-ES","potentialAction":[{"@type":"ReadAction","target":["https:\/\/www.datacolor.com\/es\/soluciones-empresariales\/webinar-serie-color-teoria\/"]}]},{"@type":"WebSite","@id":"https:\/\/www.datacolor.com\/es\/#website","url":"https:\/\/www.datacolor.com\/es\/","name":"Datacolor","description":"Color Management Solutions","publisher":{"@id":"https:\/\/www.datacolor.com\/es\/#organization"},"potentialAction":[{"@type":"SearchAction","target":{"@type":"EntryPoint","urlTemplate":"https:\/\/www.datacolor.com\/es\/?s={search_term_string}"},"query-input":{"@type":"PropertyValueSpecification","valueRequired":true,"valueName":"search_term_string"}}],"inLanguage":"es-ES"},{"@type":"Organization","@id":"https:\/\/www.datacolor.com\/es\/#organization","name":"Datacolor","url":"https:\/\/www.datacolor.com\/es\/","logo":{"@type":"ImageObject","inLanguage":"es-ES","@id":"https:\/\/www.datacolor.com\/es\/#\/schema\/logo\/image\/","url":"https:\/\/www.datacolor.com\/wp-content\/uploads\/2021\/12\/logo-header.jpg","contentUrl":"https:\/\/www.datacolor.com\/wp-content\/uploads\/2021\/12\/logo-header.jpg","width":259,"height":45,"caption":"Datacolor"},"image":{"@id":"https:\/\/www.datacolor.com\/es\/#\/schema\/logo\/image\/"},"sameAs":["https:\/\/facebook.com\/DatacolorCorporate","https:\/\/linkedin.com\/company\/datacolor","https:\/\/www.youtube.com\/user\/DatacolorIndustrial"]}]}},"_links":{"self":[{"href":"https:\/\/www.datacolor.com\/es\/wp-json\/wp\/v2\/pages\/163685","targetHints":{"allow":["GET"]}}],"collection":[{"href":"https:\/\/www.datacolor.com\/es\/wp-json\/wp\/v2\/pages"}],"about":[{"href":"https:\/\/www.datacolor.com\/es\/wp-json\/wp\/v2\/types\/page"}],"author":[{"embeddable":true,"href":"https:\/\/www.datacolor.com\/es\/wp-json\/wp\/v2\/users\/2"}],"replies":[{"embeddable":true,"href":"https:\/\/www.datacolor.com\/es\/wp-json\/wp\/v2\/comments?post=163685"}],"version-history":[{"count":0,"href":"https:\/\/www.datacolor.com\/es\/wp-json\/wp\/v2\/pages\/163685\/revisions"}],"up":[{"embeddable":true,"href":"https:\/\/www.datacolor.com\/es\/wp-json\/wp\/v2\/pages\/160258"}],"wp:attachment":[{"href":"https:\/\/www.datacolor.com\/es\/wp-json\/wp\/v2\/media?parent=163685"}],"curies":[{"name":"wp","href":"https:\/\/api.w.org\/{rel}","templated":true}]}}