{"id":163888,"date":"2022-11-15T15:37:28","date_gmt":"2022-11-15T21:37:28","guid":{"rendered":"https:\/\/dev.new.datacolor.eu\/producto-eliminacion\/"},"modified":"2022-11-29T14:19:34","modified_gmt":"2022-11-29T20:19:34","slug":"producto-eliminacion","status":"publish","type":"page","link":"https:\/\/www.datacolor.com\/es\/producto-eliminacion\/","title":{"rendered":"Eliminaci\u00f3n de productos"},"content":{"rendered":"<section id=\"gutenblock-block_af2ceb15579cedc416a13a7033b150ea\" class=\"gutenblock gutenblock--oms-blurbs layout_blurb_columns_2 bg-color-gray\">\n        <div class=\"gutenblock-inner\">\n            <div class=\"container-fluid\">\n\n                <div class=\"row l-blurbs__row justify-content-center l-blurbs__row--layout-5050\">\n                    \n                            <div class=\"col-12 l-blurbs__col l-blurbs__col--content\">\n                                <div class=\"blurbs-content\"><p>El compromiso de Datacolorcon el cuidado del medio ambiente se extiende desde el desarrollo del producto hasta el final de su vida \u00fatil\/eliminaci\u00f3n, con el objetivo de que nuestros productos nunca acaben en un vertedero. A continuaci\u00f3n encontrar\u00e1 las directrices relativas al reciclaje\/eliminaci\u00f3n de nuestros productos y envases.<\/p>\n<\/div>\n                            <\/div>\n                        <div class=\"col-12 l-blurbs__col l-blurbs__col--blurbs\"><div class=\"l-blurb\"><article aria-labelledby=\"blurb-title-block_af2ceb15579cedc416a13a7033b150ea0\" class=\"blurb \">\n    <div class=\"l-blurb__col l-blurb__col--content\">\n        <div class=\"blurb__content\">\n\n            <h3 id=\"blurb-title-block_af2ceb15579cedc416a13a7033b150ea0\" class=\"blurb__title\">Envases de cart\u00f3n  <\/h3>\n\n            <p>El embalaje de cart\u00f3n de nuestros productos es 100% reciclable. Aseg\u00farese de retirar cualquier material de embalaje interior, como espuma de poliestireno, cacahuetes de embalaje, pl\u00e1stico de burbujas, etc., antes de reciclar el embalaje de cart\u00f3n, y siga las directrices de reciclaje locales.<\/p>\n\n        <\/div>\n    <\/div>\n\n    <\/article><\/div><div class=\"l-blurb\"><article aria-labelledby=\"blurb-title-block_af2ceb15579cedc416a13a7033b150ea1\" class=\"blurb \">\n    <div class=\"l-blurb__col l-blurb__col--content\">\n        <div class=\"blurb__content\">\n\n            <h3 id=\"blurb-title-block_af2ceb15579cedc416a13a7033b150ea1\" class=\"blurb__title\">Bater\u00edas<\/h3>\n\n            <p>Dado que contienen diversos materiales peligrosos, como metales pesados y \u00e1cidos, las pilas pueden causar graves da\u00f1os al medio ambiente si no se desechan correctamente. Las leyes para la eliminaci\u00f3n de las pilas pueden variar mucho entre regiones y municipios, as\u00ed que consulte el sitio web de su gobierno local para conocer las normas y las opciones para la eliminaci\u00f3n adecuada, que pueden incluir instalaciones de reciclaje, instalaciones de residuos peligrosos o lugares de entrega designados en su comunidad. Aseg\u00farese de almacenar y cuidar adecuadamente las pilas usadas antes de deshacerse de ellas para minimizar el riesgo de incendio y de fugas qu\u00edmicas peligrosas.<\/p>\n\n        <\/div>\n    <\/div>\n\n    <\/article><\/div><div class=\"l-blurb\"><article aria-labelledby=\"blurb-title-block_af2ceb15579cedc416a13a7033b150ea2\" class=\"blurb \">\n    <div class=\"l-blurb__col l-blurb__col--content\">\n        <div class=\"blurb__content\">\n\n            <h3 id=\"blurb-title-block_af2ceb15579cedc416a13a7033b150ea2\" class=\"blurb__title\">Productos industriales<\/h3>\n\n            <p>\u00bfHa llegado el momento de sustituir o eliminar uno de nuestros productos industriales? S\u00f3lo tiene que ponerse en contacto con su representante de ventas para obtener m\u00e1s detalles.<\/p>\n\n        <\/div>\n    <\/div>\n\n    <\/article><\/div><\/div>                <\/div>\n            <\/div>\n        <\/div>\n    <\/section>","protected":false},"excerpt":{"rendered":"","protected":false},"author":25,"featured_media":0,"parent":0,"menu_order":0,"comment_status":"closed","ping_status":"closed","template":"","meta":{"_acf_changed":false,"_relevanssi_hide_post":"","_relevanssi_hide_content":"","_relevanssi_pin_for_all":"","_relevanssi_pin_keywords":"","_relevanssi_unpin_keywords":"","_relevanssi_related_keywords":"","_relevanssi_related_include_ids":"","_relevanssi_related_exclude_ids":"","_relevanssi_related_no_append":"","_relevanssi_related_not_related":"","_relevanssi_related_posts":"","_relevanssi_noindex_reason":"","footnotes":""},"class_list":["post-163888","page","type-page","status-publish","hentry"],"acf":[],"yoast_head":"<!-- This site is optimized with the Yoast SEO plugin v26.6 - https:\/\/yoast.com\/wordpress\/plugins\/seo\/ -->\n<title>Eliminaci\u00f3n de productos | Datacolor<\/title>\n<meta name=\"robots\" content=\"index, follow, max-snippet:-1, max-image-preview:large, max-video-preview:-1\" \/>\n<link rel=\"canonical\" href=\"https:\/\/www.datacolor.com\/es\/producto-eliminacion\/\" \/>\n<meta property=\"og:locale\" content=\"es_ES\" \/>\n<meta property=\"og:type\" content=\"article\" \/>\n<meta property=\"og:title\" content=\"Eliminaci\u00f3n de productos | Datacolor\" \/>\n<meta property=\"og:url\" content=\"https:\/\/www.datacolor.com\/es\/producto-eliminacion\/\" \/>\n<meta property=\"og:site_name\" content=\"Datacolor\" \/>\n<meta property=\"article:publisher\" content=\"https:\/\/facebook.com\/DatacolorCorporate\" \/>\n<meta property=\"article:modified_time\" content=\"2022-11-29T20:19:34+00:00\" \/>\n<meta property=\"og:image\" content=\"https:\/\/www.datacolor.com\/wp-content\/uploads\/2022\/01\/collage-careers-800x700-1.jpg\" \/>\n\t<meta property=\"og:image:width\" content=\"800\" \/>\n\t<meta property=\"og:image:height\" content=\"700\" \/>\n\t<meta property=\"og:image:type\" content=\"image\/jpeg\" \/>\n<meta name=\"twitter:card\" content=\"summary_large_image\" \/>\n<!-- \/ Yoast SEO plugin. -->","yoast_head_json":{"title":"Eliminaci\u00f3n de productos | Datacolor","robots":{"index":"index","follow":"follow","max-snippet":"max-snippet:-1","max-image-preview":"max-image-preview:large","max-video-preview":"max-video-preview:-1"},"canonical":"https:\/\/www.datacolor.com\/es\/producto-eliminacion\/","og_locale":"es_ES","og_type":"article","og_title":"Eliminaci\u00f3n de productos | Datacolor","og_url":"https:\/\/www.datacolor.com\/es\/producto-eliminacion\/","og_site_name":"Datacolor","article_publisher":"https:\/\/facebook.com\/DatacolorCorporate","article_modified_time":"2022-11-29T20:19:34+00:00","og_image":[{"width":800,"height":700,"url":"https:\/\/www.datacolor.com\/wp-content\/uploads\/2022\/01\/collage-careers-800x700-1.jpg","type":"image\/jpeg"}],"twitter_card":"summary_large_image","schema":{"@context":"https:\/\/schema.org","@graph":[{"@type":"WebPage","@id":"https:\/\/www.datacolor.com\/es\/producto-eliminacion\/","url":"https:\/\/www.datacolor.com\/es\/producto-eliminacion\/","name":"Eliminaci\u00f3n de productos | Datacolor","isPartOf":{"@id":"https:\/\/www.datacolor.com\/es\/#website"},"datePublished":"2022-11-15T21:37:28+00:00","dateModified":"2022-11-29T20:19:34+00:00","inLanguage":"es-ES","potentialAction":[{"@type":"ReadAction","target":["https:\/\/www.datacolor.com\/es\/producto-eliminacion\/"]}]},{"@type":"WebSite","@id":"https:\/\/www.datacolor.com\/es\/#website","url":"https:\/\/www.datacolor.com\/es\/","name":"Datacolor","description":"Color Management Solutions","publisher":{"@id":"https:\/\/www.datacolor.com\/es\/#organization"},"potentialAction":[{"@type":"SearchAction","target":{"@type":"EntryPoint","urlTemplate":"https:\/\/www.datacolor.com\/es\/?s={search_term_string}"},"query-input":{"@type":"PropertyValueSpecification","valueRequired":true,"valueName":"search_term_string"}}],"inLanguage":"es-ES"},{"@type":"Organization","@id":"https:\/\/www.datacolor.com\/es\/#organization","name":"Datacolor","url":"https:\/\/www.datacolor.com\/es\/","logo":{"@type":"ImageObject","inLanguage":"es-ES","@id":"https:\/\/www.datacolor.com\/es\/#\/schema\/logo\/image\/","url":"https:\/\/www.datacolor.com\/wp-content\/uploads\/2021\/12\/logo-header.jpg","contentUrl":"https:\/\/www.datacolor.com\/wp-content\/uploads\/2021\/12\/logo-header.jpg","width":259,"height":45,"caption":"Datacolor"},"image":{"@id":"https:\/\/www.datacolor.com\/es\/#\/schema\/logo\/image\/"},"sameAs":["https:\/\/facebook.com\/DatacolorCorporate","https:\/\/linkedin.com\/company\/datacolor","https:\/\/www.youtube.com\/user\/DatacolorIndustrial"]}]}},"_links":{"self":[{"href":"https:\/\/www.datacolor.com\/es\/wp-json\/wp\/v2\/pages\/163888","targetHints":{"allow":["GET"]}}],"collection":[{"href":"https:\/\/www.datacolor.com\/es\/wp-json\/wp\/v2\/pages"}],"about":[{"href":"https:\/\/www.datacolor.com\/es\/wp-json\/wp\/v2\/types\/page"}],"author":[{"embeddable":true,"href":"https:\/\/www.datacolor.com\/es\/wp-json\/wp\/v2\/users\/25"}],"replies":[{"embeddable":true,"href":"https:\/\/www.datacolor.com\/es\/wp-json\/wp\/v2\/comments?post=163888"}],"version-history":[{"count":0,"href":"https:\/\/www.datacolor.com\/es\/wp-json\/wp\/v2\/pages\/163888\/revisions"}],"wp:attachment":[{"href":"https:\/\/www.datacolor.com\/es\/wp-json\/wp\/v2\/media?parent=163888"}],"curies":[{"name":"wp","href":"https:\/\/api.w.org\/{rel}","templated":true}]}}