{"id":170070,"date":"2023-08-23T08:52:34","date_gmt":"2023-08-23T12:52:34","guid":{"rendered":"https:\/\/dev.new.datacolor.eu\/?page_id=170070"},"modified":"2026-01-28T03:53:56","modified_gmt":"2026-01-28T08:53:56","slug":"aviso-legal","status":"publish","type":"page","link":"https:\/\/www.datacolor.com\/es\/legal\/ema\/aviso-legal\/","title":{"rendered":"Aviso legal"},"content":{"rendered":"<div class=\"wp-core-gutenblock gutenblock freeform bg-color-white\">\n<div class=\"container-fluid\">\n<div class=\"row\">\n<div class=\"column\">\n<h4>Informaci\u00f3n con arreglo al art. 5 de la Ley alemana de medios de comunicaci\u00f3n (TMG): <\/h4>\n<p>Datacolor GmbH<br \/>\nElbestra\u00dfe 10<br \/>\n45768 Marl<br \/>\nGermany<\/p>\n<p>eMail: websitegovernance@datacolor.com<br \/>\nTel: \u202d+49 2365 510923<br \/>\nFax: \u202d+49 2365 510939\u202c<\/p>\n<hr>\n<h4>Representante legal:<\/h4>\n<p>Philipp Andr\u00e9 Hediger<br \/>\n(Direcci\u00f3n como la anterior)<\/p>\n<hr>\n<h4>N\u00famero de registro mercantil:<\/h4>\n<p>HRB 5849 inscrita en el Handelsregister Gelsenkirchen<\/p>\n<hr>\n<h5>NIF IVA:<\/h5>\n<p>Sales tax identification number according to Sect. 27 a of the Sales Tax Law:<br \/>\nDE170261436 <\/p>\n<hr>\n<h4>Responsable del contenido seg\u00fan \u00a7 55 Abs. 2 RStV: <\/h4>\n<p>Albert Busch<\/p>\n<hr>\n<h4>Resoluci\u00f3n de litigios en la UE:<\/h4>\n<p>La Comisi\u00f3n Europea ofrece una plataforma para la resoluci\u00f3n de litigios en l\u00ednea (ODR): <a href=\"https:\/\/ec.europa.eu\/consumers\/odr\">https:\/\/ec.europa.eu\/consumers\/odr<\/a>.<br \/>\nNuestra direcci\u00f3n de correo electr\u00f3nico figura m\u00e1s arriba, en el aviso del sitio.<\/p>\n<hr>\n<h4>Responsabilidad por los contenidos:<\/h4>\n<p>Como proveedores de servicios, somos responsables de los contenidos propios de estos sitios web de acuerdo con el P\u00e1rrafo 7, Secc. 1 de la Ley alemana de medios de telecomunicaci\u00f3n (TMG).  Sin embargo, seg\u00fan los art\u00edculos 8 a 10 de la Ley alemana de Telemedios (TMG), los proveedores de servicios no est\u00e1n obligados a controlar permanentemente la informaci\u00f3n enviada o almacenada ni a buscar pruebas que indiquen actividades ilegales.<\/p>\n<p>Las obligaciones legales de retirar informaci\u00f3n o bloquear su uso siguen siendo indiscutibles. En este caso, la responsabilidad s\u00f3lo es posible en el momento en que se tiene conocimiento de una infracci\u00f3n concreta de la ley. Los contenidos ilegales se eliminar\u00e1n inmediatamente en el momento en que tengamos conocimiento de ellos.  <\/p>\n<hr>\n<h4>Responsabilidad de los enlaces:<\/h4>\n<p>Nuestra oferta incluye enlaces a sitios web externos de terceros. No tenemos ninguna influencia sobre los contenidos de esos sitios web, por lo que no podemos garantizar dichos contenidos. Los proveedores o administradores de los sitios web enlazados son siempre responsables de sus propios contenidos.  <\/p>\n<p>En el momento de establecer el enlace se comprob\u00f3 si los sitios web enlazados infring\u00edan la ley. No se detectaron contenidos ilegales en el momento de establecer el enlace.  No se puede imponer un control permanente de los contenidos de los sitios web enlazados sin indicios razonables de que se ha producido una infracci\u00f3n de la ley. Los enlaces ilegales se eliminar\u00e1n inmediatamente en el momento en que tengamos conocimiento de ellos. <\/p>\n<hr>\n<h4>Derechos de autor:<\/h4>\n<p>Los contenidos y compilaciones publicados en estos sitios web por los proveedores est\u00e1n sujetos a la legislaci\u00f3n alemana sobre derechos de autor. La reproducci\u00f3n, edici\u00f3n y distribuci\u00f3n, as\u00ed como cualquier tipo de utilizaci\u00f3n fuera del \u00e1mbito de la ley de propiedad intelectual, requieren la autorizaci\u00f3n por escrito del autor o creador. Las descargas y copias de estos sitios web s\u00f3lo est\u00e1n permitidas para uso privado. Queda prohibido el uso comercial de nuestros contenidos sin permiso del autor.   <\/p>\n<p>Se respetan los derechos de autor de terceros siempre que los contenidos de estos sitios web no procedan del proveedor. Las contribuciones de terceros en este sitio se indican como tales. No obstante, si observa alguna infracci\u00f3n de la legislaci\u00f3n sobre derechos de autor, le rogamos que nos lo comunique. Dichos contenidos ser\u00e1n retirados inmediatamente.<\/p><\/div>\n<\/p><\/div>\n<\/p><\/div>\n<\/p><\/div>\n","protected":false},"excerpt":{"rendered":"<p>Informaci\u00f3n con arreglo al art. 5 de la Ley alemana de medios de comunicaci\u00f3n (TMG): Datacolor GmbH Elbestra\u00dfe 10 45768 Marl Germany eMail: websitegovernance@datacolor.com Tel: \u202d+49 2365 510923 Fax: \u202d+49&#8230;<\/p>\n","protected":false},"author":22,"featured_media":0,"parent":161035,"menu_order":0,"comment_status":"closed","ping_status":"closed","template":"","meta":{"_acf_changed":false,"_relevanssi_hide_post":"","_relevanssi_hide_content":"","_relevanssi_pin_for_all":"","_relevanssi_pin_keywords":"","_relevanssi_unpin_keywords":"","_relevanssi_related_keywords":"","_relevanssi_related_include_ids":"","_relevanssi_related_exclude_ids":"","_relevanssi_related_no_append":"","_relevanssi_related_not_related":"","_relevanssi_related_posts":"160732,160674,160640,160566,160733,160825","_relevanssi_noindex_reason":"","footnotes":""},"class_list":["post-170070","page","type-page","status-publish","hentry"],"acf":[],"yoast_head":"<!-- This site is optimized with the Yoast SEO plugin v26.6 - https:\/\/yoast.com\/wordpress\/plugins\/seo\/ -->\n<title>Aviso legal | Datacolor<\/title>\n<meta name=\"robots\" content=\"index, follow, max-snippet:-1, max-image-preview:large, max-video-preview:-1\" \/>\n<link rel=\"canonical\" href=\"https:\/\/www.datacolor.com\/es\/legal\/ema\/aviso-legal\/\" \/>\n<meta property=\"og:locale\" content=\"es_ES\" \/>\n<meta property=\"og:type\" content=\"article\" \/>\n<meta property=\"og:title\" content=\"Aviso legal | Datacolor\" \/>\n<meta property=\"og:description\" content=\"Informaci\u00f3n con arreglo al art. 5 de la Ley alemana de medios de comunicaci\u00f3n (TMG): Datacolor GmbH Elbestra\u00dfe 10 45768 Marl Germany eMail: websitegovernance@datacolor.com Tel: \u202d+49 2365 510923 Fax: \u202d+49...\" \/>\n<meta property=\"og:url\" content=\"https:\/\/www.datacolor.com\/es\/legal\/ema\/aviso-legal\/\" \/>\n<meta property=\"og:site_name\" content=\"Datacolor\" \/>\n<meta property=\"article:publisher\" content=\"https:\/\/facebook.com\/DatacolorCorporate\" \/>\n<meta property=\"article:modified_time\" content=\"2026-01-28T08:53:56+00:00\" \/>\n<meta property=\"og:image\" content=\"https:\/\/www.datacolor.com\/wp-content\/uploads\/2022\/01\/collage-careers-800x700-1.jpg\" \/>\n\t<meta property=\"og:image:width\" content=\"800\" \/>\n\t<meta property=\"og:image:height\" content=\"700\" \/>\n\t<meta property=\"og:image:type\" content=\"image\/jpeg\" \/>\n<meta name=\"twitter:card\" content=\"summary_large_image\" \/>\n<meta name=\"twitter:label1\" content=\"Tiempo de lectura\" \/>\n\t<meta name=\"twitter:data1\" content=\"3 minutes\" \/>\n<!-- \/ Yoast SEO plugin. -->","yoast_head_json":{"title":"Aviso legal | Datacolor","robots":{"index":"index","follow":"follow","max-snippet":"max-snippet:-1","max-image-preview":"max-image-preview:large","max-video-preview":"max-video-preview:-1"},"canonical":"https:\/\/www.datacolor.com\/es\/legal\/ema\/aviso-legal\/","og_locale":"es_ES","og_type":"article","og_title":"Aviso legal | Datacolor","og_description":"Informaci\u00f3n con arreglo al art. 5 de la Ley alemana de medios de comunicaci\u00f3n (TMG): Datacolor GmbH Elbestra\u00dfe 10 45768 Marl Germany eMail: websitegovernance@datacolor.com Tel: \u202d+49 2365 510923 Fax: \u202d+49...","og_url":"https:\/\/www.datacolor.com\/es\/legal\/ema\/aviso-legal\/","og_site_name":"Datacolor","article_publisher":"https:\/\/facebook.com\/DatacolorCorporate","article_modified_time":"2026-01-28T08:53:56+00:00","og_image":[{"width":800,"height":700,"url":"https:\/\/www.datacolor.com\/wp-content\/uploads\/2022\/01\/collage-careers-800x700-1.jpg","type":"image\/jpeg"}],"twitter_card":"summary_large_image","twitter_misc":{"Tiempo de lectura":"3 minutes"},"schema":{"@context":"https:\/\/schema.org","@graph":[{"@type":"WebPage","@id":"https:\/\/www.datacolor.com\/es\/legal\/ema\/aviso-legal\/","url":"https:\/\/www.datacolor.com\/es\/legal\/ema\/aviso-legal\/","name":"Aviso legal | Datacolor","isPartOf":{"@id":"https:\/\/www.datacolor.com\/es\/#website"},"datePublished":"2023-08-23T12:52:34+00:00","dateModified":"2026-01-28T08:53:56+00:00","breadcrumb":{"@id":"https:\/\/www.datacolor.com\/es\/legal\/ema\/aviso-legal\/#breadcrumb"},"inLanguage":"es-ES","potentialAction":[{"@type":"ReadAction","target":["https:\/\/www.datacolor.com\/es\/legal\/ema\/aviso-legal\/"]}]},{"@type":"BreadcrumbList","@id":"https:\/\/www.datacolor.com\/es\/legal\/ema\/aviso-legal\/#breadcrumb","itemListElement":[{"@type":"ListItem","position":1,"name":"Legal","item":"https:\/\/www.datacolor.com\/es\/legal\/"},{"@type":"ListItem","position":2,"name":"Legal &#8211; EMA"}]},{"@type":"WebSite","@id":"https:\/\/www.datacolor.com\/es\/#website","url":"https:\/\/www.datacolor.com\/es\/","name":"Datacolor","description":"Color Management Solutions","publisher":{"@id":"https:\/\/www.datacolor.com\/es\/#organization"},"potentialAction":[{"@type":"SearchAction","target":{"@type":"EntryPoint","urlTemplate":"https:\/\/www.datacolor.com\/es\/?s={search_term_string}"},"query-input":{"@type":"PropertyValueSpecification","valueRequired":true,"valueName":"search_term_string"}}],"inLanguage":"es-ES"},{"@type":"Organization","@id":"https:\/\/www.datacolor.com\/es\/#organization","name":"Datacolor","url":"https:\/\/www.datacolor.com\/es\/","logo":{"@type":"ImageObject","inLanguage":"es-ES","@id":"https:\/\/www.datacolor.com\/es\/#\/schema\/logo\/image\/","url":"https:\/\/www.datacolor.com\/wp-content\/uploads\/2021\/12\/logo-header.jpg","contentUrl":"https:\/\/www.datacolor.com\/wp-content\/uploads\/2021\/12\/logo-header.jpg","width":259,"height":45,"caption":"Datacolor"},"image":{"@id":"https:\/\/www.datacolor.com\/es\/#\/schema\/logo\/image\/"},"sameAs":["https:\/\/facebook.com\/DatacolorCorporate","https:\/\/linkedin.com\/company\/datacolor","https:\/\/www.youtube.com\/user\/DatacolorIndustrial"]}]}},"_links":{"self":[{"href":"https:\/\/www.datacolor.com\/es\/wp-json\/wp\/v2\/pages\/170070","targetHints":{"allow":["GET"]}}],"collection":[{"href":"https:\/\/www.datacolor.com\/es\/wp-json\/wp\/v2\/pages"}],"about":[{"href":"https:\/\/www.datacolor.com\/es\/wp-json\/wp\/v2\/types\/page"}],"author":[{"embeddable":true,"href":"https:\/\/www.datacolor.com\/es\/wp-json\/wp\/v2\/users\/22"}],"replies":[{"embeddable":true,"href":"https:\/\/www.datacolor.com\/es\/wp-json\/wp\/v2\/comments?post=170070"}],"version-history":[{"count":5,"href":"https:\/\/www.datacolor.com\/es\/wp-json\/wp\/v2\/pages\/170070\/revisions"}],"predecessor-version":[{"id":185672,"href":"https:\/\/www.datacolor.com\/es\/wp-json\/wp\/v2\/pages\/170070\/revisions\/185672"}],"up":[{"embeddable":true,"href":"https:\/\/www.datacolor.com\/es\/wp-json\/wp\/v2\/pages\/161035"}],"wp:attachment":[{"href":"https:\/\/www.datacolor.com\/es\/wp-json\/wp\/v2\/media?parent=170070"}],"curies":[{"name":"wp","href":"https:\/\/api.w.org\/{rel}","templated":true}]}}