{"id":170161,"date":"2023-08-24T13:25:33","date_gmt":"2023-08-24T17:25:33","guid":{"rendered":"https:\/\/dev.new.datacolor.eu\/?page_id=170161"},"modified":"2025-11-12T07:16:45","modified_gmt":"2025-11-12T12:16:45","slug":"colibri-software-soportado","status":"publish","type":"page","link":"https:\/\/www.datacolor.com\/es\/soluciones-empresariales\/servicio-de-atencion-al-cliente\/colibri-software-soportado\/","title":{"rendered":"Versiones de software compatibles con Colibri"},"content":{"rendered":"<div class=\"wp-core-gutenblock gutenblock freeform bg-color-white\">\n            <div class=\"container-fluid\">\n                <div class=\"row\">\n                    <div class=\"column\"><h5>\u00bfQu\u00e9 significa para usted &#8220;apoyado&#8221;?<\/h5>\n<p>Versi\u00f3n de software que se lanza y se mantendr\u00e1 durante un periodo determinado. El periodo se definir\u00e1 por &#8220;Fin de la ayuda&#8221;.<br \/>Las versiones compatibles incluir\u00e1n correcciones de errores y cambios de software de emergencia.<\/p>\n<h5>\u00bfQu\u00e9 significa &#8220;Claves de licencia sustituidas&#8221;?<\/h5>\n<p>La \u00faltima fecha en la que puede solicitar una clave de sustituci\u00f3n de software. Despu\u00e9s de esta fecha, ya no se emitir\u00e1n nuevas claves de licencia para esa versi\u00f3n.<\/p>\n<p>Las claves de licencia se proporcionar\u00e1n gratuitamente a los clientes con un contrato v\u00e1lido de Soporte de Mantenimiento de Software. Para los clientes sin un contrato v\u00e1lido de Soporte de Mantenimiento de Software, las claves de licencia tendr\u00e1n un coste. <\/p>\n<table class=\"table table-bordered\" style=\"height: 1427px; width: 101.207%;\">\n<thead>\n<tr style=\"height: 71px;\">\n<th style=\"height: 26px;\" scope=\"col\">Versi\u00f3n<\/th>\n<th style=\"height: 26px;\" scope=\"col\">Fecha de publicaci\u00f3n<\/th>\n<th style=\"height: 26px;\" scope=\"col\">Fin de soporte<\/th>\n<th style=\"height: 26px;\" scope=\"col\">Claves de licencia sustituidas<\/th>\n<\/tr>\n<\/thead>\n<tbody>\n<tr style=\"height: 26px;\">\n<td style=\"height: 26px;\">25.2<\/td>\n<td style=\"height: 26px;\">31.10.2025<\/td>\n<td style=\"height: 26px;\">31.10.2026<\/td>\n<td style=\"height: 26px;\">31.10.2030<\/td>\n<\/tr>\n<tr style=\"height: 26px;\">\n<td style=\"height: 26px;\">25.1<\/td>\n<td style=\"height: 26px;\">13.05.2025<\/td>\n<td style=\"height: 26px;\">13.05.2026<\/td>\n<td style=\"height: 26px;\">13.05.2030<\/td>\n<\/tr>\n<tr style=\"height: 26px;\">\n<td style=\"height: 26px;\">24.3<\/td>\n<td style=\"height: 26px;\">09.01.2025<\/td>\n<td style=\"height: 26px;\">09.01.2026<\/td>\n<td style=\"height: 26px;\">09.01.2030<\/td>\n<\/tr>\n<tr style=\"height: 26px;\">\n<td style=\"height: 26px;\">24.2<\/td>\n<td style=\"height: 26px;\">23.08.2024<\/td>\n<td style=\"height: 26px;\">23.08.2025<\/td>\n<td style=\"height: 26px;\">23.08.2029<\/td>\n<\/tr>\n<tr style=\"height: 26px;\">\n<td style=\"height: 26px;\">24.1<\/td>\n<td style=\"height: 26px;\">08.05.2024<\/td>\n<td style=\"height: 26px;\">08.05.2025<\/td>\n<td style=\"height: 26px;\">08.05.2029<\/td>\n<\/tr>\n<tr style=\"height: 26px;\">\n<td style=\"height: 26px;\">23.3<\/td>\n<td style=\"height: 26px;\">14.02.2024<\/td>\n<td style=\"height: 26px;\">14.02.2025<\/td>\n<td style=\"height: 26px;\">14.02.2029<\/td>\n<\/tr>\n<tr style=\"height: 26px;\">\n<td style=\"height: 26px;\">23.2<\/td>\n<td style=\"height: 26px;\">24.11.2023<\/td>\n<td style=\"height: 26px;\">24.11.2024<\/td>\n<td style=\"height: 26px;\">24.11.2028<\/td>\n<\/tr>\n<tr style=\"height: 26px;\">\n<td style=\"height: 26px;\">23.1<\/td>\n<td style=\"height: 26px;\">27.07.2023<\/td>\n<td style=\"height: 26px;\">27.07.2024<\/td>\n<td style=\"height: 26px;\">27.07.2027<\/td>\n<\/tr>\n<tr style=\"height: 26px;\">\n<td style=\"height: 26px;\">22.3<\/td>\n<td style=\"height: 26px;\">30.01.2023<\/td>\n<td style=\"height: 26px;\">30.01.2024<\/td>\n<td style=\"height: 26px;\">30.01.2027<\/td>\n<\/tr>\n<tr style=\"height: 26px;\">\n<td style=\"height: 26px;\">22.2<\/td>\n<td style=\"height: 26px;\">25.07.2022<\/td>\n<td style=\"height: 26px;\">25.07.2023<\/td>\n<td style=\"height: 26px;\">25.07.2026<\/td>\n<\/tr>\n<tr style=\"height: 26px;\">\n<td style=\"height: 26px;\">22.1<\/td>\n<td style=\"height: 26px;\">12.04.2022<\/td>\n<td style=\"height: 26px;\">12.04.2023<\/td>\n<td style=\"height: 26px;\">12.04.2026<\/td>\n<\/tr>\n<tr style=\"height: 26px;\">\n<td style=\"height: 26px;\">21.4<\/td>\n<td style=\"height: 26px;\">09.12.2021<\/td>\n<td style=\"height: 26px;\">09.12.2022<\/td>\n<td style=\"height: 26px;\">09.12.2025<\/td>\n<\/tr>\n<tr style=\"height: 26px;\">\n<td style=\"height: 26px;\">21.3<\/td>\n<td style=\"height: 26px;\">05.10.2021<\/td>\n<td style=\"height: 26px;\">31.03.2023<\/td>\n<td style=\"height: 26px;\">31.03.2026<\/td>\n<\/tr>\n<tr style=\"height: 26px;\">\n<td style=\"height: 26px;\">21.2<\/td>\n<td style=\"height: 26px;\">02.07.2021<\/td>\n<td style=\"height: 26px;\">02.07.2022<\/td>\n<td style=\"height: 26px;\">02.07.2025<\/td>\n<\/tr>\n<tr style=\"height: 26px;\">\n<td style=\"height: 26px;\">21.1<\/td>\n<td style=\"height: 26px;\">01.04.2021<\/td>\n<td style=\"height: 26px;\">01.04.2022<\/td>\n<td style=\"height: 26px;\">01.04.2025<\/td>\n<\/tr>\n<tr style=\"height: 26px;\">\n<td style=\"height: 26px;\">20.2<\/td>\n<td style=\"height: 26px;\">10.08.2020<\/td>\n<td style=\"height: 26px;\">31.03.2023<\/td>\n<td style=\"height: 26px;\">31.03.2026<\/td>\n<\/tr>\n<tr style=\"height: 26px;\">\n<td style=\"height: 26px;\">20.1<\/td>\n<td style=\"height: 26px;\">08.06.2020<\/td>\n<td style=\"height: 26px;\">08.06.2021<\/td>\n<td style=\"height: 26px;\">08.06.2025<\/td>\n<\/tr>\n<tr style=\"height: 26px;\">\n<td style=\"height: 26px;\">19.4<\/td>\n<td style=\"height: 26px;\">23.01.2020<\/td>\n<td style=\"height: 26px;\">23.01.2021<\/td>\n<td style=\"height: 26px;\">23.01.2025<\/td>\n<\/tr>\n<tr style=\"height: 26px;\">\n<td style=\"height: 26px;\">19.3<\/td>\n<td style=\"height: 26px;\">01.10.2019<\/td>\n<td style=\"height: 26px;\">01.10.2020<\/td>\n<td style=\"height: 26px;\">01.10.2024<\/td>\n<\/tr>\n<tr style=\"height: 26px;\">\n<td style=\"height: 26px;\">19.2<\/td>\n<td style=\"height: 26px;\">21.08.2019<\/td>\n<td style=\"height: 26px;\">21.08.2020<\/td>\n<td style=\"height: 26px;\">21.08.2024<\/td>\n<\/tr>\n<tr style=\"height: 26px;\">\n<td style=\"height: 26px;\">19.1<\/td>\n<td style=\"height: 26px;\">05.06.2019<\/td>\n<td style=\"height: 26px;\">01.10.2019<\/td>\n<td style=\"height: 26px;\">21.08.2023<\/td>\n<\/tr>\n<tr style=\"height: 26px;\">\n<td style=\"height: 26px;\">18.3<\/td>\n<td style=\"height: 26px;\">01.02.2019<\/td>\n<td style=\"height: 26px;\">05.06.2019<\/td>\n<td style=\"height: 26px;\">21.08.2023<\/td>\n<\/tr>\n<tr style=\"height: 26px;\">\n<td style=\"height: 26px;\">3.8.16<\/td>\n<td style=\"height: 26px;\">10.08.2018<\/td>\n<td style=\"height: 26px;\">16.08.2018<\/td>\n<td style=\"height: 26px;\">21.08.2022<\/td>\n<\/tr>\n<tr style=\"height: 26px;\">\n<td style=\"height: 26px;\">3.8.14<\/td>\n<td style=\"height: 26px;\">11.06.2017<\/td>\n<td style=\"height: 26px;\">10.08.2018<\/td>\n<td style=\"height: 26px;\">21.08.2022<\/td>\n<\/tr>\n<tr style=\"height: 26px;\">\n<td style=\"height: 26px;\">3.8.12<\/td>\n<td style=\"height: 26px;\">14.12.2016<\/td>\n<td style=\"height: 26px;\">31.05.2024<\/td>\n<td style=\"height: 26px;\">31.05.2028<\/td>\n<\/tr>\n<tr style=\"height: 26px;\">\n<td style=\"height: 26px;\">3.8.10<\/td>\n<td style=\"height: 26px;\">08.03.2016<\/td>\n<td style=\"height: 26px;\">14.12.2016<\/td>\n<td style=\"height: 26px;\">31.12.2022<\/td>\n<\/tr>\n<tr style=\"height: 26px;\">\n<td style=\"height: 26px;\">3.8.8<\/td>\n<td style=\"height: 26px;\">02.06.2015<\/td>\n<td style=\"height: 26px;\">08.06.2016<\/td>\n<td style=\"height: 26px;\">31.12.2022<\/td>\n<\/tr>\n<tr style=\"height: 26px;\">\n<td style=\"height: 26px;\">3.8.6<\/td>\n<td style=\"height: 26px;\">14.07.2014<\/td>\n<td style=\"height: 26px;\">14.07.2018<\/td>\n<td style=\"height: 26px;\">31.12.2022<\/td>\n<\/tr>\n<tr style=\"height: 26px;\">\n<td style=\"height: 26px;\">3.8.4<\/td>\n<td style=\"height: 26px;\">19.12.2013<\/td>\n<td style=\"height: 26px;\">19.12.2016<\/td>\n<td style=\"height: 26px;\">31.12.2021<\/td>\n<\/tr>\n<\/tbody>\n<\/table><\/div>\n                <\/div>\n            <\/div>\n        <\/div><section id=\"gutenblock-block_5dc68a769d12cf2ba090c4175321172c\" class=\"gutenblock gutenblock--oms-resource-feed feed--feed bg-color-white u-dots-bg\">\n        <div class=\"gutenblock-inner\">\n            <div class=\"container-fluid\">\n\n                    <div class=\"gutenblock-header \">\n        <div class=\"row header_row justify-content-center\">\n            <div class=\"header_column\">\n                <h2>Las ideas empiezan aqu\u00ed<\/h2>\n<p>Explore los \u00faltimos art\u00edculos, eventos y noticias de Datacolor.<\/p>\n<p><a class=\"cta-link\" href=\"https:\/\/www.datacolor.com\/zh-hans\/business-solutions\/learning-center\/\">Visite el Centro de Aprendizaje<\/a><\/p>\n            <\/div>\n        <\/div>\n    <\/div>\n\n                <div class=\"l-archive-results__row row justify-content-center justify-content-md-start\">\n                    <div class=\"l-archive-results__col col-12 col-sm-10 col-md-6 col-lg-4 col-xl-3\">\n<a href=\"https:\/\/www.datacolor.com\/es\/business-solutions\/blog\/datacolor-spectro-1000-vs-competitor-benchtop-spectrophotometers\/\" id=\"post-186638\" class=\"teaser teaser--blog teaser--vertical post-186638 post type-post status-publish format-standard has-post-thumbnail hentry category-elegir-la-solucion-adecuada\">\n    <div class=\"teaser__main\">\n\n        <img decoding=\"async\" width=\"368\" height=\"476\" src=\"https:\/\/www.datacolor.com\/wp-content\/uploads\/2023\/12\/Spectro-1000-368x476.jpg\" class=\"attachment-cpt-feed size-cpt-feed\" alt=\"\" \/>\n        <div class=\"teaser__overlay\">\n\n            \n            <h2 class=\"teaser__title\">Datacolor Spectro 1000 frente a los espectrofot\u00f3metros de sobremesa de la competencia<\/h2>\n\n            <p class=\"post-meta post-meta--teaser\"><i class=\"fas fa-list-ul\"><\/i> Elegir la soluci\u00f3n adecuada<\/p>\n        <\/div>\n\n        \n    <\/div>\n\n    <\/a>\n\n<button type=\"button\" onclick=\"window.open('\/wp-admin\/post.php?post=186638&#038;action=edit')\" class=\"edit-link\" aria-hidden=\"true\">Edit Post<\/button><\/div><div class=\"l-archive-results__col col-12 col-sm-10 col-md-6 col-lg-4 col-xl-3\">\n<a href=\"https:\/\/www.datacolor.com\/es\/business-solutions\/blog\/espectrofotometro-portatil-frente-a-de-sobremesa\/\" id=\"post-186675\" class=\"teaser teaser--blog teaser--vertical post-186675 post type-post status-publish format-standard has-post-thumbnail hentry category-elegir-la-solucion-adecuada\">\n    <div class=\"teaser__main\">\n\n        <img decoding=\"async\" width=\"368\" height=\"476\" src=\"https:\/\/www.datacolor.com\/wp-content\/uploads\/2026\/03\/Benchtop-vs-portable-368x476.jpg\" class=\"attachment-cpt-feed size-cpt-feed\" alt=\"\" \/>\n        <div class=\"teaser__overlay\">\n\n            \n            <h2 class=\"teaser__title\">Espectrofot\u00f3metro port\u00e1til vs. de mesa de trabajo: \u00bfCu\u00e1l es el adecuado para tus necesidades de gesti\u00f3n del color?<\/h2>\n\n            <p class=\"post-meta post-meta--teaser\"><i class=\"fas fa-list-ul\"><\/i> Elegir la soluci\u00f3n adecuada<\/p>\n        <\/div>\n\n        \n    <\/div>\n\n    <\/a>\n\n<button type=\"button\" onclick=\"window.open('\/wp-admin\/post.php?post=186675&#038;action=edit')\" class=\"edit-link\" aria-hidden=\"true\">Edit Post<\/button><\/div><div class=\"l-archive-results__col col-12 col-sm-10 col-md-6 col-lg-4 col-xl-3\">\n<a href=\"https:\/\/www.datacolor.com\/es\/business-solutions\/blog\/mastering-color-management-in-plastics-manufacturing\/\" id=\"post-185073\" class=\"teaser teaser--blog teaser--vertical post-185073 post type-post status-publish format-standard has-post-thumbnail hentry category-formulacion-de-colores-y-control-de-calidad tag-datacolor-para-plasticos tag-gestion-del-color tag-igualacion-de-colores-para-plasticos\">\n    <div class=\"teaser__main\">\n\n        <img decoding=\"async\" width=\"368\" height=\"476\" src=\"https:\/\/www.datacolor.com\/wp-content\/uploads\/2025\/11\/industry-guide-lp-banner-1536x1191-1-368x476.jpg\" class=\"attachment-cpt-feed size-cpt-feed\" alt=\"Gesti\u00f3n del color del pl\u00e1stico\" \/>\n        <div class=\"teaser__overlay\">\n\n            \n            <h2 class=\"teaser__title\">Dominar la gesti\u00f3n del color en la fabricaci\u00f3n de pl\u00e1sticos<\/h2>\n\n            <p class=\"post-meta post-meta--teaser\"><i class=\"fas fa-list-ul\"><\/i> Formulaci\u00f3n de colores y control de calidad<\/p>\n        <\/div>\n\n        \n    <\/div>\n\n    <\/a>\n\n<button type=\"button\" onclick=\"window.open('\/wp-admin\/post.php?post=185073&#038;action=edit')\" class=\"edit-link\" aria-hidden=\"true\">Edit Post<\/button><\/div><div class=\"l-archive-results__col col-12 col-sm-10 col-md-6 col-lg-4 col-xl-3\">\n<a href=\"https:\/\/www.datacolor.com\/es\/business-solutions\/blog\/que-color-elegir-como-fondo-en-su-cabina-de-luz\/\" id=\"post-184871\" class=\"teaser teaser--blog teaser--vertical post-184871 post type-post status-publish format-standard has-post-thumbnail hentry category-elegir-la-solucion-adecuada\">\n    <div class=\"teaser__main\">\n\n        <img decoding=\"async\" width=\"368\" height=\"476\" src=\"https:\/\/www.datacolor.com\/wp-content\/uploads\/2025\/04\/ps-side-368x476.png\" class=\"attachment-cpt-feed size-cpt-feed\" alt=\"\" \/>\n        <div class=\"teaser__overlay\">\n\n            \n            <h2 class=\"teaser__title\">\u00bfQu\u00e9 color elegir como fondo en su cabina de luz?<\/h2>\n\n            <p class=\"post-meta post-meta--teaser\"><i class=\"fas fa-list-ul\"><\/i> Elegir la soluci\u00f3n adecuada<\/p>\n        <\/div>\n\n        \n    <\/div>\n\n    <\/a>\n\n<button type=\"button\" onclick=\"window.open('\/wp-admin\/post.php?post=184871&#038;action=edit')\" class=\"edit-link\" aria-hidden=\"true\">Edit Post<\/button><\/div>                <\/div>\n            <\/div>\n        <\/div>\n    <\/section><section id=\"gutenblock-block_395be056f508857ab06ca06ef74661ed\" class=\"gutenblock gutenblock--oms-cta \">\n\n        <img decoding=\"async\" width=\"1600\" height=\"500\" src=\"https:\/\/www.datacolor.com\/wp-content\/uploads\/2022\/03\/team-bg-hero-1600x500-1-1600x500.jpg\" class=\"bg_image\" alt=\"\" srcset=\"https:\/\/www.datacolor.com\/wp-content\/uploads\/2022\/03\/team-bg-hero-1600x500-1.jpg 1600w, https:\/\/www.datacolor.com\/wp-content\/uploads\/2022\/03\/team-bg-hero-1600x500-1-300x94.jpg 300w, https:\/\/www.datacolor.com\/wp-content\/uploads\/2022\/03\/team-bg-hero-1600x500-1-1024x320.jpg 1024w, https:\/\/www.datacolor.com\/wp-content\/uploads\/2022\/03\/team-bg-hero-1600x500-1-768x240.jpg 768w, https:\/\/www.datacolor.com\/wp-content\/uploads\/2022\/03\/team-bg-hero-1600x500-1-1536x480.jpg 1536w, https:\/\/www.datacolor.com\/wp-content\/uploads\/2022\/03\/team-bg-hero-1600x500-1-600x188.jpg 600w, https:\/\/www.datacolor.com\/wp-content\/uploads\/2022\/03\/team-bg-hero-1600x500-1-992x310.jpg 992w, https:\/\/www.datacolor.com\/wp-content\/uploads\/2022\/03\/team-bg-hero-1600x500-1-1200x375.jpg 1200w, https:\/\/www.datacolor.com\/wp-content\/uploads\/2022\/03\/team-bg-hero-1600x500-1-1000x313.jpg 1000w, https:\/\/www.datacolor.com\/wp-content\/uploads\/2022\/03\/team-bg-hero-1600x500-1-350x109.jpg 350w, https:\/\/www.datacolor.com\/wp-content\/uploads\/2022\/03\/team-bg-hero-1600x500-1-735x230.jpg 735w, https:\/\/www.datacolor.com\/wp-content\/uploads\/2022\/03\/team-bg-hero-1600x500-1-700x219.jpg 700w, https:\/\/www.datacolor.com\/wp-content\/uploads\/2022\/03\/team-bg-hero-1600x500-1-100x31.jpg 100w\" sizes=\"(max-width: 1600px) 100vw, 1600px\" \/>\n        <div class=\"gutenblock-inner\">\n\n            <div class=\"container-fluid l-cta__container\">\n\n                <div class=\"row l-cta__row l-cta__row--left\">\n\n                    <div class=\"col-12 col-lg-6 l-cta__col\">\n                        <div class=\"cta__content text-white\">\n\n\t\t\t    <h3>Presencia mundial, apoyo local<\/h3>\n<p>Sus retos de color son importantes. Hable con un experto en color hoy mismo para ver si podemos ayudarle.<\/p>\n\n                                                            <div class=\"cta_links_container mt-4\">\n                                    <a href=\"https:\/\/www.datacolor.com\/es\/soluciones-empresariales\/solicitar-mas-informacion\/\" target=\"\" class=\"cta_link btn-secondary\">Hablemos de color<\/a>                                <\/div>\n                            \n                        <\/div>\n                    <\/div>\n                <\/div>\n            <\/div>\n        <\/div>\n    <\/section>","protected":false},"excerpt":{"rendered":"","protected":false},"author":25,"featured_media":0,"parent":160284,"menu_order":0,"comment_status":"closed","ping_status":"closed","template":"","meta":{"_acf_changed":false,"_relevanssi_hide_post":"","_relevanssi_hide_content":"","_relevanssi_pin_for_all":"","_relevanssi_pin_keywords":"","_relevanssi_unpin_keywords":"","_relevanssi_related_keywords":"","_relevanssi_related_include_ids":"","_relevanssi_related_exclude_ids":"","_relevanssi_related_no_append":"","_relevanssi_related_not_related":"","_relevanssi_related_posts":"160673,160721,161361,160791,160719,160696","_relevanssi_noindex_reason":"","footnotes":""},"class_list":["post-170161","page","type-page","status-publish","hentry"],"acf":[],"yoast_head":"<!-- This site is optimized with the Yoast SEO plugin v26.6 - https:\/\/yoast.com\/wordpress\/plugins\/seo\/ -->\n<title>Versiones de software compatibles con Colibri | Datacolor<\/title>\n<meta name=\"description\" content=\"Averigua qu\u00e9 versiones del software Colibri son compatibles.\" \/>\n<meta name=\"robots\" content=\"index, follow, max-snippet:-1, max-image-preview:large, max-video-preview:-1\" \/>\n<link rel=\"canonical\" href=\"https:\/\/www.datacolor.com\/es\/soluciones-empresariales\/servicio-de-atencion-al-cliente\/colibri-software-soportado\/\" \/>\n<meta property=\"og:locale\" content=\"es_ES\" \/>\n<meta property=\"og:type\" content=\"article\" \/>\n<meta property=\"og:title\" content=\"Versiones de software compatibles con Colibri | Datacolor\" \/>\n<meta property=\"og:description\" content=\"Averigua qu\u00e9 versiones del software Colibri son compatibles.\" \/>\n<meta property=\"og:url\" content=\"https:\/\/www.datacolor.com\/es\/soluciones-empresariales\/servicio-de-atencion-al-cliente\/colibri-software-soportado\/\" \/>\n<meta property=\"og:site_name\" content=\"Datacolor\" \/>\n<meta property=\"article:publisher\" content=\"https:\/\/facebook.com\/DatacolorCorporate\" \/>\n<meta property=\"article:modified_time\" content=\"2025-11-12T12:16:45+00:00\" \/>\n<meta property=\"og:image\" content=\"https:\/\/www.datacolor.com\/wp-content\/uploads\/2022\/01\/collage-careers-800x700-1.jpg\" \/>\n\t<meta property=\"og:image:width\" content=\"800\" \/>\n\t<meta property=\"og:image:height\" content=\"700\" \/>\n\t<meta property=\"og:image:type\" content=\"image\/jpeg\" \/>\n<meta name=\"twitter:card\" content=\"summary_large_image\" \/>\n<meta name=\"twitter:label1\" content=\"Tiempo de lectura\" \/>\n\t<meta name=\"twitter:data1\" content=\"1 minute\" \/>\n<!-- \/ Yoast SEO plugin. -->","yoast_head_json":{"title":"Versiones de software compatibles con Colibri | Datacolor","description":"Averigua qu\u00e9 versiones del software Colibri son compatibles.","robots":{"index":"index","follow":"follow","max-snippet":"max-snippet:-1","max-image-preview":"max-image-preview:large","max-video-preview":"max-video-preview:-1"},"canonical":"https:\/\/www.datacolor.com\/es\/soluciones-empresariales\/servicio-de-atencion-al-cliente\/colibri-software-soportado\/","og_locale":"es_ES","og_type":"article","og_title":"Versiones de software compatibles con Colibri | Datacolor","og_description":"Averigua qu\u00e9 versiones del software Colibri son compatibles.","og_url":"https:\/\/www.datacolor.com\/es\/soluciones-empresariales\/servicio-de-atencion-al-cliente\/colibri-software-soportado\/","og_site_name":"Datacolor","article_publisher":"https:\/\/facebook.com\/DatacolorCorporate","article_modified_time":"2025-11-12T12:16:45+00:00","og_image":[{"width":800,"height":700,"url":"https:\/\/www.datacolor.com\/wp-content\/uploads\/2022\/01\/collage-careers-800x700-1.jpg","type":"image\/jpeg"}],"twitter_card":"summary_large_image","twitter_misc":{"Tiempo de lectura":"1 minute"},"schema":{"@context":"https:\/\/schema.org","@graph":[{"@type":"WebPage","@id":"https:\/\/www.datacolor.com\/es\/soluciones-empresariales\/servicio-de-atencion-al-cliente\/colibri-software-soportado\/","url":"https:\/\/www.datacolor.com\/es\/soluciones-empresariales\/servicio-de-atencion-al-cliente\/colibri-software-soportado\/","name":"Versiones de software compatibles con Colibri | Datacolor","isPartOf":{"@id":"https:\/\/www.datacolor.com\/es\/#website"},"datePublished":"2023-08-24T17:25:33+00:00","dateModified":"2025-11-12T12:16:45+00:00","description":"Averigua qu\u00e9 versiones del software Colibri son compatibles.","breadcrumb":{"@id":"https:\/\/www.datacolor.com\/es\/soluciones-empresariales\/servicio-de-atencion-al-cliente\/colibri-software-soportado\/#breadcrumb"},"inLanguage":"es-ES","potentialAction":[{"@type":"ReadAction","target":["https:\/\/www.datacolor.com\/es\/soluciones-empresariales\/servicio-de-atencion-al-cliente\/colibri-software-soportado\/"]}]},{"@type":"BreadcrumbList","@id":"https:\/\/www.datacolor.com\/es\/soluciones-empresariales\/servicio-de-atencion-al-cliente\/colibri-software-soportado\/#breadcrumb","itemListElement":[{"@type":"ListItem","position":1,"name":"Soluciones empresariales","item":"https:\/\/www.datacolor.com\/es\/soluciones-empresariales\/"},{"@type":"ListItem","position":2,"name":"Asistencia al cliente"}]},{"@type":"WebSite","@id":"https:\/\/www.datacolor.com\/es\/#website","url":"https:\/\/www.datacolor.com\/es\/","name":"Datacolor","description":"Color Management Solutions","publisher":{"@id":"https:\/\/www.datacolor.com\/es\/#organization"},"potentialAction":[{"@type":"SearchAction","target":{"@type":"EntryPoint","urlTemplate":"https:\/\/www.datacolor.com\/es\/?s={search_term_string}"},"query-input":{"@type":"PropertyValueSpecification","valueRequired":true,"valueName":"search_term_string"}}],"inLanguage":"es-ES"},{"@type":"Organization","@id":"https:\/\/www.datacolor.com\/es\/#organization","name":"Datacolor","url":"https:\/\/www.datacolor.com\/es\/","logo":{"@type":"ImageObject","inLanguage":"es-ES","@id":"https:\/\/www.datacolor.com\/es\/#\/schema\/logo\/image\/","url":"https:\/\/www.datacolor.com\/wp-content\/uploads\/2021\/12\/logo-header.jpg","contentUrl":"https:\/\/www.datacolor.com\/wp-content\/uploads\/2021\/12\/logo-header.jpg","width":259,"height":45,"caption":"Datacolor"},"image":{"@id":"https:\/\/www.datacolor.com\/es\/#\/schema\/logo\/image\/"},"sameAs":["https:\/\/facebook.com\/DatacolorCorporate","https:\/\/linkedin.com\/company\/datacolor","https:\/\/www.youtube.com\/user\/DatacolorIndustrial"]}]}},"_links":{"self":[{"href":"https:\/\/www.datacolor.com\/es\/wp-json\/wp\/v2\/pages\/170161","targetHints":{"allow":["GET"]}}],"collection":[{"href":"https:\/\/www.datacolor.com\/es\/wp-json\/wp\/v2\/pages"}],"about":[{"href":"https:\/\/www.datacolor.com\/es\/wp-json\/wp\/v2\/types\/page"}],"author":[{"embeddable":true,"href":"https:\/\/www.datacolor.com\/es\/wp-json\/wp\/v2\/users\/25"}],"replies":[{"embeddable":true,"href":"https:\/\/www.datacolor.com\/es\/wp-json\/wp\/v2\/comments?post=170161"}],"version-history":[{"count":5,"href":"https:\/\/www.datacolor.com\/es\/wp-json\/wp\/v2\/pages\/170161\/revisions"}],"predecessor-version":[{"id":184763,"href":"https:\/\/www.datacolor.com\/es\/wp-json\/wp\/v2\/pages\/170161\/revisions\/184763"}],"up":[{"embeddable":true,"href":"https:\/\/www.datacolor.com\/es\/wp-json\/wp\/v2\/pages\/160284"}],"wp:attachment":[{"href":"https:\/\/www.datacolor.com\/es\/wp-json\/wp\/v2\/media?parent=170161"}],"curies":[{"name":"wp","href":"https:\/\/api.w.org\/{rel}","templated":true}]}}