{"id":175901,"date":"2024-05-29T06:01:09","date_gmt":"2024-05-29T11:01:09","guid":{"rendered":"https:\/\/dev.new.datacolor.eu\/soluciones-empresariales\/descargas-productos-descatalogados\/"},"modified":"2024-05-29T09:11:46","modified_gmt":"2024-05-29T14:11:46","slug":"descargas-productos-descatalogados","status":"publish","type":"page","link":"https:\/\/www.datacolor.com\/es\/soluciones-empresariales\/descargas-productos-descatalogados\/","title":{"rendered":"Descargar productos descatalogados"},"content":{"rendered":"<div class=\"wp-core-gutenblock gutenblock bg-color-white core_html\">\n            <div class=\"container-fluid\">\n                <div class=\"row\">\n                    <div class=\"column\"><p>\nLas descargas enumeradas aqu\u00ed contienen versiones que ya no son compatibles. S\u00f3lo sirven como copia de seguridad en caso de que quieras reinstalar una versi\u00f3n antigua. Si est\u00e1s interesado en actualizarte a una versi\u00f3n actual, ponte en contacto con nuestro <a href=\"https:\/\/www.datacolor.com\/es\/soluciones-empresariales\/servicio-de-atencion-al-cliente\/contacto-soporte-cliente\/\">equipo de asistencia<\/a>.\n<\/p>\n<p>\nLa versi\u00f3n actual del software Colibri se <a href=\"https:\/\/www.datacolor.com\/es\/soluciones-empresariales\/servicio-de-atencion-al-cliente\/colibri-software-downloads\/\">encuentra aqu\u00ed<\/a>.\n<\/p>\n\n<div id=\"download-navigation\"><div class=\"download-navigation-title\">Seleccione el software que desea descargar:<\/div><ul id=\"download-navigation-list\"><li><a href=\"#download-colibri25.1.5\" class=\"download-jump\"><nobr>Colibri 25.1.5<\/nobr><\/a> <\/li><li><a href=\"#download-colibri25.1.5classic\" class=\"download-jump\"><nobr>Colibri 25.1.5 Classic<\/nobr><\/a> <\/li><li><a href=\"#download-colibri24.3.2\" class=\"download-jump\"><nobr>Colibri 24.3.2<\/nobr><\/a> <\/li><li><a href=\"#download-colibri24.2.0\" class=\"download-jump\"><nobr>Colibri 24.2.0<\/nobr><\/a> <\/li><li><a href=\"#download-colibri3.8.12\" class=\"download-jump\"><nobr>Colibri 3.8.12<\/nobr><\/a> <\/li><\/ul><\/div>\n<section id=\"software-download\"><div class=\"accordion\"><div id=\"download-colibri25.1.5\" class=\"download-anchor\"><\/div><div id=\"accordion-group\"><div class=\"row\"><div class=\"col-6\">  <h2 style=\"margin-bottom: 32px;\"><strong>Datacolor<\/strong> <span class=\"titleproductname\">Colibri 25.1.5<\/span><\/h2><\/div><div class=\"col-6 text-right download-support-link\"><a href=\"https:\/\/www.datacolor.com\/business-solutions\/customer-support\/contact-customer-support\/\" target=\"_blank\">Necesito ayuda con Colibri 25.1.5?<\/a><\/div><\/div>  <div class=\"accordion-box\">    <div class=\"accordion-header\">      <h2>Descargas disponibles<\/h2>      <span class=\"fa fa-chevron-right\"><\/span>    <\/div>    <div class=\"accordion-body content_con\">      <ul>     <li><a href=\"https:\/\/cdn.matchmycolor.com\/colibri\/25.1.5\/Colibri_25.1.5.exe\" target=\"_blank\" rel=\"noopener\">Colibri 25.1.5<\/a><\/li>     <li><a href=\"https:\/\/cdn.matchmycolor.com\/colibri\/25.1.5\/Colibri_DotNet_25.1.5.exe\" target=\"_blank\" rel=\"noopener\">Colibri 25.1.5 with .net prerequisites<\/a><\/li>     <li><a href=\"https:\/\/cdn.matchmycolor.com\/colibri\/25.1.5\/Colibri_DotNet_SqlServer_25.1.5.exe\" target=\"_blank\" rel=\"noopener\">Colibri 25.1.5 with .net. and SQL Server Express prerequisites<\/a><\/li>      <\/ul>    <\/div>  <\/div>  <div class=\"accordion-box\">    <div class=\"accordion-header\">      <h2>Requisitos del sistema<\/h2>      <span class=\"fa fa-chevron-right\"><\/span>    <\/div>    <div class=\"accordion-body\"><div class=\"row\">  <div class=\"col-4\">Operating System<\/div>  <div class=\"col-8\">Windows 10 version 1809 or newer \u2013 Windows 11 (all 64bit)  <\/div><\/div><div class=\"row\">  <div class=\"col-4\">NET<\/div>  <div class=\"col-8\">Microsoft .NET 8.0 Desktop Runtime (x86)<br\/>Microsoft .NET 8.0 Desktop Runtime (x64)<br\/>Microsoft .NET 8.0 Runtime (x64)<br\/>Microsoft .NET 8.0 Runtime (x86)<br\/>Microsoft ASP.NET Core 8.0 Runtime (x64)<br\/>Microsoft ASP.NET Core 8.0 Runtime (x86)<br\/>Microsoft Visual C++ Runtime for Visual Studio 2022 v.17 (x86)<br\/>  <\/div><\/div><div class=\"row\">  <div class=\"col-4\">Processor<\/div>  <div class=\"col-8\">With local SQL Server Express: Quad Core or higher (64bit)<br\/>Without SQL Server Express: Dual Core or higher (64bit)<br\/>  <\/div><\/div><div class=\"row\">  <div class=\"col-4\">Memory<\/div>  <div class=\"col-8\">With local SQL Server Express: 16 GB or more<br\/>Without SQL Server Express: 16 GB or more<br\/>  <\/div><\/div><div class=\"row\">  <div class=\"col-4\">Hard drive<\/div>  <div class=\"col-8\">Without local Database: Approximately 10GB of available hard-disk or Solid-state drive space<br\/>With local Database: 40 GB of available Solid-state drive space<br\/>  <\/div><\/div><div class=\"row\">  <div class=\"col-4\">Display<\/div>  <div class=\"col-8\"> 1920\u00d71080, 1920\u00d71200, high DPI Displays not recommended  <\/div><\/div><div class=\"row\">  <div class=\"col-4\">Graphic card<\/div>  <div class=\"col-8\">Graphic card supporting OpenGL 2.1 (only for 3D Gamut Viewer)  <\/div><\/div><div class=\"row\">  <div class=\"col-4\">Connectors<\/div>  <div class=\"col-8\">Serial or USB or Bluetooth (depending on spectrophotometer model)  <\/div><\/div><div class=\"row\">  <div class=\"col-4\">Other Requirements<\/div>  <div class=\"col-8\">For local database, Microsoft SQL Server Express Edition 2017 and newer.<br\/>For Microsoft SQL Server system requirements and licensing, please look at http:\/\/www.microsoft.com\/sqlserver<br\/>  <\/div><\/div>    <\/div>\n  <\/div>\n<\/div>\n<br>&nbsp;<br><div id=\"download-colibri25.1.5classic\" class=\"download-anchor\"><\/div><div id=\"accordion-group\"><div class=\"row\"><div class=\"col-6\">  <h2 style=\"margin-bottom: 32px;\"><strong>Datacolor<\/strong> <span class=\"titleproductname\">Colibri 25.1.5 Classic<\/span><\/h2><\/div><div class=\"col-6 text-right download-support-link\"><a href=\"https:\/\/www.datacolor.com\/business-solutions\/customer-support\/contact-customer-support\/\" target=\"_blank\">Necesito ayuda con Colibri 25.1.5 Classic?<\/a><\/div><\/div>  <div class=\"accordion-box\">    <div class=\"accordion-header\">      <h2>Descargas disponibles<\/h2>      <span class=\"fa fa-chevron-right\"><\/span>    <\/div>    <div class=\"accordion-body content_con\">      <ul>     <li><a href=\"https:\/\/cdn.matchmycolor.com\/colibri\/25.1.5\/ColibriClassic_25.1.5.exe\" target=\"_blank\" rel=\"noopener\">Colibri 25.1.5 Classic<\/a><\/li>     <li><a href=\"https:\/\/cdn.matchmycolor.com\/colibri\/25.1.5\/ColibriClassic_DotNet_25.1.5.exe\" target=\"_blank\" rel=\"noopener\">Colibri 25.1.5 Classic with .net prerequisites<\/a><\/li>     <li><a href=\"https:\/\/cdn.matchmycolor.com\/colibri\/25.1.5\/ColibriClassic_DotNet_SqlServer_25.1.5.exe\" target=\"_blank\" rel=\"noopener\">Colibri 25.1.5 Classic with .net. and SQL Server Express prerequisites<\/a><\/li>      <\/ul>    <\/div>  <\/div>  <div class=\"accordion-box\">    <div class=\"accordion-header\">      <h2>Requisitos del sistema<\/h2>      <span class=\"fa fa-chevron-right\"><\/span>    <\/div>    <div class=\"accordion-body\"><div class=\"row\">  <div class=\"col-4\">Operating System<\/div>  <div class=\"col-8\">Windows 10 version 1809 or newer \u2013 Windows 11 (all 64bit)  <\/div><\/div><div class=\"row\">  <div class=\"col-4\">NET<\/div>  <div class=\"col-8\">Microsoft .NET 8.0 Desktop Runtime (x86)<br\/>Microsoft .NET 8.0 Desktop Runtime (x64)<br\/>Microsoft .NET 8.0 Runtime (x64)<br\/>Microsoft .NET 8.0 Runtime (x86)<br\/>Microsoft ASP.NET Core 8.0 Runtime (x64)<br\/>Microsoft ASP.NET Core 8.0 Runtime (x86)<br\/>Microsoft Visual C++ Runtime for Visual Studio 2022 v.17 (x86)<br\/>  <\/div><\/div><div class=\"row\">  <div class=\"col-4\">Processor<\/div>  <div class=\"col-8\">With local SQL Server Express: Quad Core or higher (64bit)<br\/>Without SQL Server Express: Dual Core or higher (64bit)<br\/>  <\/div><\/div><div class=\"row\">  <div class=\"col-4\">Memory<\/div>  <div class=\"col-8\">With local SQL Server Express: 16 GB or more<br\/>Without SQL Server Express: 16 GB or more<br\/>  <\/div><\/div><div class=\"row\">  <div class=\"col-4\">Hard drive<\/div>  <div class=\"col-8\">Without local Database: Approximately 10GB of available hard-disk or Solid-state drive space<br\/>With local Database: 40 GB of available Solid-state drive space<br\/>  <\/div><\/div><div class=\"row\">  <div class=\"col-4\">Display<\/div>  <div class=\"col-8\"> 1920\u00d71080, 1920\u00d71200, high DPI Displays not recommended  <\/div><\/div><div class=\"row\">  <div class=\"col-4\">Graphic card<\/div>  <div class=\"col-8\">Graphic card supporting OpenGL 2.1 (only for 3D Gamut Viewer)  <\/div><\/div><div class=\"row\">  <div class=\"col-4\">Connectors<\/div>  <div class=\"col-8\">Serial or USB or Bluetooth (depending on spectrophotometer model)  <\/div><\/div><div class=\"row\">  <div class=\"col-4\">Other Requirements<\/div>  <div class=\"col-8\">For local database, Microsoft SQL Server Express Edition 2017 and newer.<br\/>For Microsoft SQL Server system requirements and licensing, please look at http:\/\/www.microsoft.com\/sqlserver<br\/>  <\/div><\/div>    <\/div>\n  <\/div>\n<\/div>\n<br>&nbsp;<br><div id=\"download-colibri24.3.2\" class=\"download-anchor\"><\/div><div id=\"accordion-group\"><div class=\"row\"><div class=\"col-6\">  <h2 style=\"margin-bottom: 32px;\"><strong>Datacolor<\/strong> <span class=\"titleproductname\">Colibri 24.3.2<\/span><\/h2><\/div><div class=\"col-6 text-right download-support-link\"><a href=\"https:\/\/www.datacolor.com\/business-solutions\/customer-support\/contact-customer-support\/\" target=\"_blank\">Necesito ayuda con Colibri 24.3.2?<\/a><\/div><\/div>  <div class=\"accordion-box\">    <div class=\"accordion-header\">      <h2>Descargas disponibles<\/h2>      <span class=\"fa fa-chevron-right\"><\/span>    <\/div>    <div class=\"accordion-body content_con\">      <ul>     <li><a href=\"https:\/\/cdn.matchmycolor.com\/colibri\/24.3.2\/Colibri_24.3.2.exe\" target=\"_blank\" rel=\"noopener\">Colibri 24.3.2<\/a><\/li>     <li><a href=\"https:\/\/cdn.matchmycolor.com\/colibri\/24.3.2\/Colibri_DotNet_24.3.2.exe\" target=\"_blank\" rel=\"noopener\">Colibri 24.3.2 with .net prerequisites<\/a><\/li>     <li><a href=\"https:\/\/cdn.matchmycolor.com\/colibri\/24.3.2\/Colibri_DotNet_SqlServer_24.3.2.exe\" target=\"_blank\" rel=\"noopener\">Colibri 24.3.2 with .net. and SQL Server Express prerequisites<\/a><\/li>      <\/ul>    <\/div>  <\/div>  <div class=\"accordion-box\">    <div class=\"accordion-header\">      <h2>Requisitos del sistema<\/h2>      <span class=\"fa fa-chevron-right\"><\/span>    <\/div>    <div class=\"accordion-body\"><div class=\"row\">  <div class=\"col-4\">Operating System<\/div>  <div class=\"col-8\"> Windows 10 and 11 (all 64 Bit)  <\/div><\/div><div class=\"row\">  <div class=\"col-4\">NET<\/div>  <div class=\"col-8\">Microsoft .NET 8.0 Desktop Runtime (x86)<br\/>Microsoft .NET 8.0 Runtime (x64)<br\/>Microsoft .NET 8.0 Runtime (x86)<br\/>Microsoft ASP.NET Core 8.0 Runtime (x64)<br\/>Microsoft ASP.NET Core 8.0 Runtime (x86)<br\/>Microsoft Visual C++ Runtime for Visual Studio 2022 v.17 (x86)<br\/>  <\/div><\/div><div class=\"row\">  <div class=\"col-4\">Processor<\/div>  <div class=\"col-8\">With local SQL Server Express: Quad Core or higher (64bit)<br\/>Without SQL Server Express: Dual Core or higher (64bit)<br\/>  <\/div><\/div><div class=\"row\">  <div class=\"col-4\">Memory<\/div>  <div class=\"col-8\">With local SQL Server Express: 16 GB or more<br\/>Without SQL Server Express: 16 GB or more<br\/>  <\/div><\/div><div class=\"row\">  <div class=\"col-4\">Hard drive<\/div>  <div class=\"col-8\">Without local Database: Approximately 10GB of available hard-disk or Solid-state drive space<br\/>With local Database: 40 GB of available Solid-state drive space<br\/>  <\/div><\/div><div class=\"row\">  <div class=\"col-4\">Display<\/div>  <div class=\"col-8\"> 1920\u00d71080, 1920\u00d71200, high DPI Displays not recommended  <\/div><\/div><div class=\"row\">  <div class=\"col-4\">Graphic card<\/div>  <div class=\"col-8\">Graphic card supporting OpenGL 2.1 (only for 3D Gamut Viewer)  <\/div><\/div><div class=\"row\">  <div class=\"col-4\">Connectors<\/div>  <div class=\"col-8\">Serial or USB or Bluetooth (depending on spectrophotometer model)  <\/div><\/div><div class=\"row\">  <div class=\"col-4\">Other Requirements<\/div>  <div class=\"col-8\">For local database, Microsoft SQL Server Express Edition 2017 and newer.<br\/>For Microsoft SQL Server system requirements and licensing, please look at http:\/\/www.microsoft.com\/sqlserver<br\/>  <\/div><\/div>    <\/div>\n  <\/div>\n<\/div>\n<br>&nbsp;<br><div id=\"download-colibri24.2.0\" class=\"download-anchor\"><\/div><div id=\"accordion-group\"><div class=\"row\"><div class=\"col-6\">  <h2 style=\"margin-bottom: 32px;\"><strong>Datacolor<\/strong> <span class=\"titleproductname\">Colibri 24.2.0<\/span><\/h2><\/div><div class=\"col-6 text-right download-support-link\"><a href=\"https:\/\/www.datacolor.com\/business-solutions\/customer-support\/contact-customer-support\/\" target=\"_blank\">Necesito ayuda con Colibri 24.2.0?<\/a><\/div><\/div>  <div class=\"accordion-box\">    <div class=\"accordion-header\">      <h2>Descargas disponibles<\/h2>      <span class=\"fa fa-chevron-right\"><\/span>    <\/div>    <div class=\"accordion-body content_con\">      <ul>     <li><a href=\"https:\/\/cdn.matchmycolor.com\/colibri\/24.2.0\/Colibri_24.2.0.exe\" target=\"_blank\" rel=\"noopener\">Colibri 24.2.0<\/a><\/li>     <li><a href=\"https:\/\/cdn.matchmycolor.com\/colibri\/24.2.0\/Colibri_DotNet_24.2.0.exe\" target=\"_blank\" rel=\"noopener\">Colibri 24.2.0 with .net prerequisites<\/a><\/li>     <li><a href=\"https:\/\/cdn.matchmycolor.com\/colibri\/24.2.0\/Colibri_DotNet_SqlServer_24.2.0.exe\" target=\"_blank\" rel=\"noopener\">Colibri 24.2.0 with .net. and SQL Server Express prerequisites<\/a><\/li>      <\/ul>    <\/div>  <\/div>  <div class=\"accordion-box\">    <div class=\"accordion-header\">      <h2>Requisitos del sistema<\/h2>      <span class=\"fa fa-chevron-right\"><\/span>    <\/div>    <div class=\"accordion-body\"><div class=\"row\">  <div class=\"col-4\">Operating System<\/div>  <div class=\"col-8\"> Windows 10 and 11 (all 64 Bit)  <\/div><\/div><div class=\"row\">  <div class=\"col-4\">NET<\/div>  <div class=\"col-8\">Microsoft .NET 6.0 Desktop Runtime (x86)<br\/>Microsoft .NET 6.0 Runtime (x64)<br\/>Microsoft .NET 6.0 Runtime (x86)<br\/>Microsoft ASP.NET Core 6.0 Runtime (x64)<br\/>Microsoft ASP.NET Core 6.0 Runtime (x86)<br\/>Microsoft Visual C++ Runtime for Visual Studio 2022 v.17 (x86)<br\/>  <\/div><\/div><div class=\"row\">  <div class=\"col-4\">Processor<\/div>  <div class=\"col-8\">With local SQL Server Express: Quad Core or higher (64bit)<br\/>Without SQL Server Express: Dual Core or higher (64bit)<br\/>  <\/div><\/div><div class=\"row\">  <div class=\"col-4\">Memory<\/div>  <div class=\"col-8\">With local SQL Server Express: 16 GB or more<br\/>Without SQL Server Express: 16 GB or more<br\/>  <\/div><\/div><div class=\"row\">  <div class=\"col-4\">Hard drive<\/div>  <div class=\"col-8\">Without local Database: Approximately 10GB of available hard-disk or Solid-state drive space<br\/>With local Database: 40 GB of available Solid-state drive space<br\/>  <\/div><\/div><div class=\"row\">  <div class=\"col-4\">Display<\/div>  <div class=\"col-8\"> 1920\u00d71080, 1920\u00d71200, high DPI Displays not recommended  <\/div><\/div><div class=\"row\">  <div class=\"col-4\">Graphic card<\/div>  <div class=\"col-8\">Graphic card supporting OpenGL 2.1 (only for 3D Gamut Viewer)  <\/div><\/div><div class=\"row\">  <div class=\"col-4\">Connectors<\/div>  <div class=\"col-8\">Serial or USB or Bluetooth (depending on spectrophotometer model)  <\/div><\/div><div class=\"row\">  <div class=\"col-4\">Other Requirements<\/div>  <div class=\"col-8\">For local database, Microsoft SQL Server Express Edition 2017 and newer.<br\/>For Microsoft SQL Server system requirements and licensing, please look at http:\/\/www.microsoft.com\/sqlserver<br\/>  <\/div><\/div>    <\/div>\n  <\/div>\n<\/div>\n<br>&nbsp;<br><div id=\"download-colibri3.8.12\" class=\"download-anchor\"><\/div><div id=\"accordion-group\"><div class=\"row\"><div class=\"col-6\">  <h2 style=\"margin-bottom: 32px;\"><strong>Datacolor<\/strong> <span class=\"titleproductname\">Colibri 3.8.12<\/span><\/h2><\/div><div class=\"col-6 text-right download-support-link\"><a href=\"https:\/\/www.datacolor.com\/business-solutions\/customer-support\/contact-customer-support\/\" target=\"_blank\">Necesito ayuda con Colibri 3.8.12?<\/a><\/div><\/div>  <div class=\"accordion-box\">    <div class=\"accordion-header\">      <h2>Descargas disponibles<\/h2>      <span class=\"fa fa-chevron-right\"><\/span>    <\/div>    <div class=\"accordion-body content_con\">      <ul>     <li><a href=\"https:\/\/cdn.matchmycolor.com\/downloads\/ColibriInstaller_3.8.12.20450.exe\" target=\"_blank\" rel=\"noopener\">Colibri 3.8.12 Build 20450<\/a><\/li>     <li><a href=\"https:\/\/cdn.matchmycolor.com\/downloads\/ColibriInstaller_DotNet_SqlServer_3.8.12.20450.exe\" target=\"_blank\" rel=\"noopener\">Colibri 3.8.12 Build 20450 with prerequisites<\/a><\/li>      <\/ul>    <\/div>  <\/div>  <div class=\"accordion-box\">    <div class=\"accordion-header\">      <h2>Requisitos del sistema<\/h2>      <span class=\"fa fa-chevron-right\"><\/span>    <\/div>    <div class=\"accordion-body\"><div class=\"row\">  <div class=\"col-4\">Operating System<\/div>  <div class=\"col-8\">Windows 10 and 11 (add 64 Bit)  <\/div><\/div><div class=\"row\">  <div class=\"col-4\">Framework<\/div>  <div class=\"col-8\">Microsoft .NET Framework 4.7.2 or higher  <\/div><\/div><div class=\"row\">  <div class=\"col-4\">Processor<\/div>  <div class=\"col-8\">With local SQL Server Express: Quad Core or higher (64bit)<br\/>Without SQL Server Express: Dual Core or higher (64bit)<br\/>  <\/div><\/div><div class=\"row\">  <div class=\"col-4\">Memory<\/div>  <div class=\"col-8\">With local SQL Server Express: 8 GB or more<br\/>Without SQL Server Express: 4GB or more<br\/>  <\/div><\/div><div class=\"row\">  <div class=\"col-4\">Hard drive<\/div>  <div class=\"col-8\">Without local Database: Approximately 2GB of available hard-disk or Solid-state drive space<br\/>With local Database: 20 GB of available Solid-state drive space<br\/>  <\/div><\/div><div class=\"row\">  <div class=\"col-4\">Display<\/div>  <div class=\"col-8\">1920\u00d71080, 1920\u00d71200, high DPI Displays not recommended  <\/div><\/div><div class=\"row\">  <div class=\"col-4\">Graphic card<\/div>  <div class=\"col-8\">Graphic card supporting OpenGL 2.1 (only for 3D Gamut Viewer)  <\/div><\/div><div class=\"row\">  <div class=\"col-4\">Connectors<\/div>  <div class=\"col-8\">Serial or USB or Bluetooth (depending on spectrophotometer model)  <\/div><\/div><div class=\"row\">  <div class=\"col-4\">Other Requirements<\/div>  <div class=\"col-8\">For local database, Microsoft SQL Server Express Edition 2016 or 2019.<br\/>For Microsoft SQL Server system requirements and licensing, please look at http:\/\/www.microsoft.com\/sqlserver<br\/>  <\/div><\/div>    <\/div>\n  <\/div>\n<\/div>\n<br>&nbsp;<br><\/div><\/section><\/div>\n                <\/div>\n            <\/div>\n        <\/div>","protected":false},"excerpt":{"rendered":"<p>Las descargas enumeradas aqu\u00ed contienen versiones que ya no son compatibles. S\u00f3lo sirven como copia de seguridad en caso de que quieras reinstalar una versi\u00f3n antigua. Si est\u00e1s interesado en&#8230;<\/p>\n","protected":false},"author":18,"featured_media":0,"parent":160258,"menu_order":0,"comment_status":"closed","ping_status":"closed","template":"","meta":{"_acf_changed":false,"_relevanssi_hide_post":"","_relevanssi_hide_content":"","_relevanssi_pin_for_all":"","_relevanssi_pin_keywords":"","_relevanssi_unpin_keywords":"","_relevanssi_related_keywords":"","_relevanssi_related_include_ids":"","_relevanssi_related_exclude_ids":"","_relevanssi_related_no_append":"","_relevanssi_related_not_related":"","_relevanssi_related_posts":"","_relevanssi_noindex_reason":"","footnotes":""},"class_list":["post-175901","page","type-page","status-publish","hentry"],"acf":[],"yoast_head":"<!-- This site is optimized with the Yoast SEO plugin v26.6 - https:\/\/yoast.com\/wordpress\/plugins\/seo\/ -->\n<title>Descargar productos descatalogados | Datacolor<\/title>\n<meta name=\"robots\" content=\"index, follow, max-snippet:-1, max-image-preview:large, max-video-preview:-1\" \/>\n<link rel=\"canonical\" href=\"https:\/\/www.datacolor.com\/es\/soluciones-empresariales\/descargas-productos-descatalogados\/\" \/>\n<meta property=\"og:locale\" content=\"es_ES\" \/>\n<meta property=\"og:type\" content=\"article\" \/>\n<meta property=\"og:title\" content=\"Descargar productos descatalogados | Datacolor\" \/>\n<meta property=\"og:description\" content=\"Las descargas enumeradas aqu\u00ed contienen versiones que ya no son compatibles. S\u00f3lo sirven como copia de seguridad en caso de que quieras reinstalar una versi\u00f3n antigua. Si est\u00e1s interesado en...\" \/>\n<meta property=\"og:url\" content=\"https:\/\/www.datacolor.com\/es\/soluciones-empresariales\/descargas-productos-descatalogados\/\" \/>\n<meta property=\"og:site_name\" content=\"Datacolor\" \/>\n<meta property=\"article:publisher\" content=\"https:\/\/facebook.com\/DatacolorCorporate\" \/>\n<meta property=\"article:modified_time\" content=\"2024-05-29T14:11:46+00:00\" \/>\n<meta property=\"og:image\" content=\"https:\/\/www.datacolor.com\/wp-content\/uploads\/2022\/01\/collage-careers-800x700-1.jpg\" \/>\n\t<meta property=\"og:image:width\" content=\"800\" \/>\n\t<meta property=\"og:image:height\" content=\"700\" \/>\n\t<meta property=\"og:image:type\" content=\"image\/jpeg\" \/>\n<meta name=\"twitter:card\" content=\"summary_large_image\" \/>\n<!-- \/ Yoast SEO plugin. -->","yoast_head_json":{"title":"Descargar productos descatalogados | Datacolor","robots":{"index":"index","follow":"follow","max-snippet":"max-snippet:-1","max-image-preview":"max-image-preview:large","max-video-preview":"max-video-preview:-1"},"canonical":"https:\/\/www.datacolor.com\/es\/soluciones-empresariales\/descargas-productos-descatalogados\/","og_locale":"es_ES","og_type":"article","og_title":"Descargar productos descatalogados | Datacolor","og_description":"Las descargas enumeradas aqu\u00ed contienen versiones que ya no son compatibles. S\u00f3lo sirven como copia de seguridad en caso de que quieras reinstalar una versi\u00f3n antigua. Si est\u00e1s interesado en...","og_url":"https:\/\/www.datacolor.com\/es\/soluciones-empresariales\/descargas-productos-descatalogados\/","og_site_name":"Datacolor","article_publisher":"https:\/\/facebook.com\/DatacolorCorporate","article_modified_time":"2024-05-29T14:11:46+00:00","og_image":[{"width":800,"height":700,"url":"https:\/\/www.datacolor.com\/wp-content\/uploads\/2022\/01\/collage-careers-800x700-1.jpg","type":"image\/jpeg"}],"twitter_card":"summary_large_image","schema":{"@context":"https:\/\/schema.org","@graph":[{"@type":"WebPage","@id":"https:\/\/www.datacolor.com\/es\/soluciones-empresariales\/descargas-productos-descatalogados\/","url":"https:\/\/www.datacolor.com\/es\/soluciones-empresariales\/descargas-productos-descatalogados\/","name":"Descargar productos descatalogados | Datacolor","isPartOf":{"@id":"https:\/\/www.datacolor.com\/es\/#website"},"datePublished":"2024-05-29T11:01:09+00:00","dateModified":"2024-05-29T14:11:46+00:00","inLanguage":"es-ES","potentialAction":[{"@type":"ReadAction","target":["https:\/\/www.datacolor.com\/es\/soluciones-empresariales\/descargas-productos-descatalogados\/"]}]},{"@type":"WebSite","@id":"https:\/\/www.datacolor.com\/es\/#website","url":"https:\/\/www.datacolor.com\/es\/","name":"Datacolor","description":"Color Management Solutions","publisher":{"@id":"https:\/\/www.datacolor.com\/es\/#organization"},"potentialAction":[{"@type":"SearchAction","target":{"@type":"EntryPoint","urlTemplate":"https:\/\/www.datacolor.com\/es\/?s={search_term_string}"},"query-input":{"@type":"PropertyValueSpecification","valueRequired":true,"valueName":"search_term_string"}}],"inLanguage":"es-ES"},{"@type":"Organization","@id":"https:\/\/www.datacolor.com\/es\/#organization","name":"Datacolor","url":"https:\/\/www.datacolor.com\/es\/","logo":{"@type":"ImageObject","inLanguage":"es-ES","@id":"https:\/\/www.datacolor.com\/es\/#\/schema\/logo\/image\/","url":"https:\/\/www.datacolor.com\/wp-content\/uploads\/2021\/12\/logo-header.jpg","contentUrl":"https:\/\/www.datacolor.com\/wp-content\/uploads\/2021\/12\/logo-header.jpg","width":259,"height":45,"caption":"Datacolor"},"image":{"@id":"https:\/\/www.datacolor.com\/es\/#\/schema\/logo\/image\/"},"sameAs":["https:\/\/facebook.com\/DatacolorCorporate","https:\/\/linkedin.com\/company\/datacolor","https:\/\/www.youtube.com\/user\/DatacolorIndustrial"]}]}},"_links":{"self":[{"href":"https:\/\/www.datacolor.com\/es\/wp-json\/wp\/v2\/pages\/175901","targetHints":{"allow":["GET"]}}],"collection":[{"href":"https:\/\/www.datacolor.com\/es\/wp-json\/wp\/v2\/pages"}],"about":[{"href":"https:\/\/www.datacolor.com\/es\/wp-json\/wp\/v2\/types\/page"}],"author":[{"embeddable":true,"href":"https:\/\/www.datacolor.com\/es\/wp-json\/wp\/v2\/users\/18"}],"replies":[{"embeddable":true,"href":"https:\/\/www.datacolor.com\/es\/wp-json\/wp\/v2\/comments?post=175901"}],"version-history":[{"count":2,"href":"https:\/\/www.datacolor.com\/es\/wp-json\/wp\/v2\/pages\/175901\/revisions"}],"predecessor-version":[{"id":175911,"href":"https:\/\/www.datacolor.com\/es\/wp-json\/wp\/v2\/pages\/175901\/revisions\/175911"}],"up":[{"embeddable":true,"href":"https:\/\/www.datacolor.com\/es\/wp-json\/wp\/v2\/pages\/160258"}],"wp:attachment":[{"href":"https:\/\/www.datacolor.com\/es\/wp-json\/wp\/v2\/media?parent=175901"}],"curies":[{"name":"wp","href":"https:\/\/api.w.org\/{rel}","templated":true}]}}