{"id":178509,"date":"2024-08-19T05:48:10","date_gmt":"2024-08-19T09:48:10","guid":{"rendered":"https:\/\/dev.new.datacolor.eu\/soluciones-empresariales\/servicio-de-atencion-al-cliente\/versiones-de-software-soportadas\/"},"modified":"2025-08-13T10:12:01","modified_gmt":"2025-08-13T14:12:01","slug":"versiones-de-software-soportadas","status":"publish","type":"page","link":"https:\/\/www.datacolor.com\/es\/soluciones-empresariales\/servicio-de-atencion-al-cliente\/versiones-de-software-soportadas\/","title":{"rendered":"Versiones de software compatibles"},"content":{"rendered":"<div class=\"wp-core-gutenblock gutenblock freeform bg-color-white\">\n            <div class=\"container-fluid\">\n                <div class=\"row\">\n                    <div class=\"column\"><h5>\u00bfQu\u00e9 significa &#8220;apoyado&#8221;?<\/h5>\n<p>Una versi\u00f3n de software &#8220;Soportada&#8221; es aquella que es mantenida activamente por Datacolor desde su lanzamiento hasta la fecha especificada de &#8220;Fin de Soporte&#8221;. Durante este periodo, las versiones compatibles reciben correcciones de errores y actualizaciones cr\u00edticas para garantizar un rendimiento y una seguridad \u00f3ptimos. <\/p>\n<p>Los clientes con un contrato v\u00e1lido de Soporte de Mantenimiento de Software<a href=\"https:\/\/www.datacolor.com\/wp-content\/uploads\/2024\/05\/software-maintenance-support-EN-02052024.pdf\" target=\"_blank\" rel=\"noopener\">(m\u00e1s informaci\u00f3n aqu\u00ed<\/a>) tendr\u00e1n acceso gratuito a las \u00faltimas versiones. Los clientes sin contrato v\u00e1lido pueden acceder mediante una ruta de actualizaci\u00f3n de pago. <\/p>\n<h5>Solicitud de claves de licencia<\/h5>\n<p>Esta es la fecha l\u00edmite en la que puedes solicitar una clave de sustituci\u00f3n para tu software. Despu\u00e9s de esta fecha, ya no se emitir\u00e1n nuevas claves de licencia para esa versi\u00f3n.<\/p>\n<p>Las claves de licencia se proporcionar\u00e1n gratuitamente a los clientes con un contrato <a href=\"https:\/\/www.datacolor.com\/wp-content\/uploads\/2024\/05\/software-maintenance-support-EN-02052024.pdf\" target=\"_blank\" rel=\"noopener\">v\u00e1lido de Soporte de Mantenimiento de Software<\/a>. Para los clientes sin un contrato v\u00e1lido de Soporte de Mantenimiento de Software, las claves de licencia tendr\u00e1n un coste. <\/p>\n<p>Para obtener informaci\u00f3n sobre las versiones de software que ya no son compatibles, visita nuestra p\u00e1gina <a href=\"https:\/\/www.datacolor.com\/es\/soluciones-empresariales\/servicio-de-atencion-al-cliente\/productos-descatalogados\/\" target=\"_blank\" rel=\"noopener\">Productos descatalogados<\/a>.<\/p>\n<p style=\"text-align: center;\"><a class=\"btn-primary btn-primary--no-arrow\" href=\"#ss_tools\" target=\"_blank\" rel=\"noopener\">Herramientas<\/a> <a class=\"btn-primary btn-primary--no-arrow\" href=\"#ss_matchpigment\" target=\"_blank\" rel=\"noopener\">Pigmento Match<\/a> <a class=\"btn-primary btn-primary--no-arrow\" href=\"#ss_matchtextile\" target=\"_blank\" rel=\"noopener\">Match Textil<\/a> <a class=\"btn-primary btn-primary--no-arrow\" href=\"#ss_paint\" target=\"_blank\" rel=\"noopener\">Pintura<\/a><\/p>\n<h5 id=\"ss_tools\">Herramientas<\/h5>\n<table class=\"table table-bordered\" style=\"width: 100%;\">\n<thead>\n<tr>\n<th>Versi\u00f3n<\/th>\n<th>Fecha de publicaci\u00f3n<\/th>\n<th>Fecha de fin de soporte<\/th>\n<th>Fin de la sustituci\u00f3n de la clave de licencia<\/th>\n<\/tr>\n<\/thead>\n<tbody>\n<tr>\n<td>Herramientas 25.1<\/td>\n<td>30 de mayo de 2025<\/td>\n<td>30 de mayo de 2026<\/td>\n<td>30 de mayo de 2030<\/td>\n<\/tr>\n<tr>\n<td>Herramientas 24.1<\/td>\n<td>30 de julio de 2024<\/td>\n<td>30 de julio de 2025<\/td>\n<td>30 de julio de 2029<\/td>\n<\/tr>\n<tr>\n<td>Herramientas 2.x<\/td>\n<td>\n<\/td>\n<td>30 de julio de 2024<\/td>\n<td>30 de julio de 2026<\/td>\n<\/tr>\n<\/tbody>\n<\/table>\n<h5> <\/h5>\n<h5 id=\"ss_matchpigment\">Pigmento del partido<\/h5>\n<table class=\"table table-bordered\" style=\"width: 100%;\">\n<thead>\n<tr>\n<th>Versi\u00f3n<\/th>\n<th>Fecha de publicaci\u00f3n<\/th>\n<th>Fecha de fin de soporte<\/th>\n<th>Fin de la sustituci\u00f3n de la clave de licencia<\/th>\n<\/tr>\n<\/thead>\n<tbody>\n<tr>\n<td>Pigmento F\u00f3sforo 25.1<\/td>\n<td>30 mayo 2025<\/td>\n<td>30 de mayo de 2026<\/td>\n<td>30 de mayo de 2030<\/td>\n<\/tr>\n<tr>\n<td>Pigmento F\u00f3sforo 24.1<\/td>\n<td>30 de julio de 2024<\/td>\n<td>30 de julio de 2025<\/td>\n<td>30 de julio de 2029<\/td>\n<\/tr>\n<tr>\n<td>Pigmento F\u00f3sforo 4.x<\/td>\n<td>\n<\/td>\n<td>30 de julio de 2024<\/td>\n<td>30 de julio de 2026<\/td>\n<\/tr>\n<\/tbody>\n<\/table>\n<h5> <\/h5>\n<h5 id=\"ss_matchtextile\">Textil Match<\/h5>\n<table class=\"table table-bordered\" style=\"width: 100%;\">\n<thead>\n<tr>\n<th>Versi\u00f3n<\/th>\n<th>Fecha de publicaci\u00f3n<\/th>\n<th>Fecha de fin de soporte<\/th>\n<th>Fin de la sustituci\u00f3n de la clave de licencia<\/th>\n<\/tr>\n<\/thead>\n<tbody>\n<tr>\n<td>Match Textil 25.1<\/td>\n<td>8 abril 2025<\/td>\n<td>8 de abril de 2026<\/td>\n<td>8 de abril de 2030<\/td>\n<\/tr>\n<tr>\n<td>Match Textil 24.1<\/td>\n<td>30 julio 2024<\/td>\n<td>30 de julio de 2025<\/td>\n<td>30 de julio de 2029<\/td>\n<\/tr>\n<tr>\n<td>Match Textil 2.x<\/td>\n<td>\n<\/td>\n<td>30 de julio de 2024<\/td>\n<td>30 de julio de 2026<\/td>\n<\/tr>\n<\/tbody>\n<\/table>\n<h5 id=\"ss_matchtextile\">Pintura<\/h5>\n<table class=\"table table-bordered\" style=\"width: 100%;\">\n<thead>\n<tr>\n<th>Versi\u00f3n<\/th>\n<th>Fecha de publicaci\u00f3n<\/th>\n<th>Fecha de fin de soporte<\/th>\n<th>Fin de la sustituci\u00f3n de la clave de licencia<\/th>\n<\/tr>\n<\/thead>\n<tbody>\n<tr>\n<td>Pintura 25,2<\/td>\n<td>28 de julio de 2025<\/td>\n<td>28 de julio de 2026<\/td>\n<td>28 de julio de 2030<\/td>\n<\/tr>\n<tr>\n<td>Pintura 25.1<\/td>\n<td>30 de mayo de 2025<\/td>\n<td>30 de mayo de 2026<\/td>\n<td>30 de mayo de 2030<\/td>\n<\/tr>\n<tr>\n<td>Paint 2.x<\/td>\n<td>\n<\/td>\n<td>30 de mayo de 2025<\/td>\n<td> <\/td>\n<\/tr>\n<\/tbody>\n<\/table><\/div>\n                <\/div>\n            <\/div>\n        <\/div><section id=\"gutenblock-block_b1943a43568b2b6c7a2c3990aa1f0317\" class=\"gutenblock gutenblock--oms-resource-feed feed--feed bg-color-white u-dots-bg\">\n        <div class=\"gutenblock-inner\">\n            <div class=\"container-fluid\">\n\n                    <div class=\"gutenblock-header \">\n        <div class=\"row header_row justify-content-center\">\n            <div class=\"header_column\">\n                <h2>Las ideas empiezan aqu\u00ed<\/h2>\n<p>Explore los \u00faltimos art\u00edculos, eventos y noticias de Datacolor.<\/p>\n<p><a class=\"cta-link\" href=\"https:\/\/www.datacolor.com\/zh-hans\/business-solutions\/learning-center\/\">Visite el Centro de Aprendizaje<\/a><\/p>\n            <\/div>\n        <\/div>\n    <\/div>\n\n                <div class=\"l-archive-results__row row justify-content-center justify-content-md-start\">\n                    <div class=\"l-archive-results__col col-12 col-sm-10 col-md-6 col-lg-4 col-xl-3\">\n<a href=\"https:\/\/www.datacolor.com\/es\/business-solutions\/blog\/mastering-color-management-in-plastics-manufacturing\/\" id=\"post-185073\" class=\"teaser teaser--blog teaser--vertical post-185073 post type-post status-publish format-standard has-post-thumbnail hentry category-formulacion-de-colores-y-control-de-calidad tag-datacolor-para-plasticos tag-gestion-del-color tag-igualacion-de-colores-para-plasticos\">\n    <div class=\"teaser__main\">\n\n        <img decoding=\"async\" width=\"368\" height=\"476\" src=\"https:\/\/www.datacolor.com\/wp-content\/uploads\/2025\/11\/industry-guide-lp-banner-1536x1191-1-368x476.jpg\" class=\"attachment-cpt-feed size-cpt-feed\" alt=\"Gesti\u00f3n del color del pl\u00e1stico\" \/>\n        <div class=\"teaser__overlay\">\n\n            \n            <h2 class=\"teaser__title\">Dominar la gesti\u00f3n del color en la fabricaci\u00f3n de pl\u00e1sticos<\/h2>\n\n            <p class=\"post-meta post-meta--teaser\"><i class=\"fas fa-list-ul\"><\/i> Formulaci\u00f3n de colores y control de calidad<\/p>\n        <\/div>\n\n        \n    <\/div>\n\n    <\/a>\n\n<button type=\"button\" onclick=\"window.open('\/wp-admin\/post.php?post=185073&#038;action=edit')\" class=\"edit-link\" aria-hidden=\"true\">Edit Post<\/button><\/div><div class=\"l-archive-results__col col-12 col-sm-10 col-md-6 col-lg-4 col-xl-3\">\n<a href=\"https:\/\/www.datacolor.com\/es\/business-solutions\/blog\/que-color-elegir-como-fondo-en-su-cabina-de-luz\/\" id=\"post-184871\" class=\"teaser teaser--blog teaser--vertical post-184871 post type-post status-publish format-standard has-post-thumbnail hentry category-elegir-la-solucion-adecuada\">\n    <div class=\"teaser__main\">\n\n        <img decoding=\"async\" width=\"368\" height=\"476\" src=\"https:\/\/www.datacolor.com\/wp-content\/uploads\/2025\/04\/ps-side-368x476.png\" class=\"attachment-cpt-feed size-cpt-feed\" alt=\"\" \/>\n        <div class=\"teaser__overlay\">\n\n            \n            <h2 class=\"teaser__title\">\u00bfQu\u00e9 color elegir como fondo en su cabina de luz?<\/h2>\n\n            <p class=\"post-meta post-meta--teaser\"><i class=\"fas fa-list-ul\"><\/i> Elegir la soluci\u00f3n adecuada<\/p>\n        <\/div>\n\n        \n    <\/div>\n\n    <\/a>\n\n<button type=\"button\" onclick=\"window.open('\/wp-admin\/post.php?post=184871&#038;action=edit')\" class=\"edit-link\" aria-hidden=\"true\">Edit Post<\/button><\/div><div class=\"l-archive-results__col col-12 col-sm-10 col-md-6 col-lg-4 col-xl-3\">\n<a href=\"https:\/\/www.datacolor.com\/es\/business-solutions\/blog\/color-match-in-design-and-industry\/\" id=\"post-185188\" class=\"teaser teaser--blog teaser--vertical post-185188 post type-post status-publish format-standard has-post-thumbnail hentry category-formulacion-de-colores-y-control-de-calidad\">\n    <div class=\"teaser__main\">\n\n        <img decoding=\"async\" width=\"368\" height=\"476\" src=\"https:\/\/www.datacolor.com\/wp-content\/uploads\/2025\/04\/shutterstock_1939661890-368x476.jpg\" class=\"attachment-cpt-feed size-cpt-feed\" alt=\"\" \/>\n        <div class=\"teaser__overlay\">\n\n            \n            <h2 class=\"teaser__title\">Combinaci\u00f3n de colores en el dise\u00f1o y la fabricaci\u00f3n.<\/h2>\n\n            <p class=\"post-meta post-meta--teaser\"><i class=\"fas fa-list-ul\"><\/i> Formulaci\u00f3n de colores y control de calidad<\/p>\n        <\/div>\n\n        \n    <\/div>\n\n    <\/a>\n\n<button type=\"button\" onclick=\"window.open('\/wp-admin\/post.php?post=185188&#038;action=edit')\" class=\"edit-link\" aria-hidden=\"true\">Edit Post<\/button><\/div><div class=\"l-archive-results__col col-12 col-sm-10 col-md-6 col-lg-4 col-xl-3\">\n<a href=\"https:\/\/www.datacolor.com\/es\/business-solutions\/blog\/certificacion-de-la-cadena-de-suministro-la-clave-para-una-marca-fuerte\/\" id=\"post-179103\" class=\"teaser teaser--blog teaser--vertical post-179103 post type-post status-publish format-standard has-post-thumbnail hentry category-elegir-la-solucion-adecuada\">\n    <div class=\"teaser__main\">\n\n        <img decoding=\"async\" width=\"368\" height=\"476\" src=\"https:\/\/www.datacolor.com\/wp-content\/uploads\/2024\/10\/datacolor-certify-assessment-service-368x476.jpg\" class=\"attachment-cpt-feed size-cpt-feed\" alt=\"man checking off a list\" \/>\n        <div class=\"teaser__overlay\">\n\n            \n            <h2 class=\"teaser__title\">Certificaci\u00f3n de la Cadena de Suministro: La clave para una marca fuerte<\/h2>\n\n            <p class=\"post-meta post-meta--teaser\"><i class=\"fas fa-list-ul\"><\/i> Elegir la soluci\u00f3n adecuada<\/p>\n        <\/div>\n\n        \n    <\/div>\n\n    <\/a>\n\n<button type=\"button\" onclick=\"window.open('\/wp-admin\/post.php?post=179103&#038;action=edit')\" class=\"edit-link\" aria-hidden=\"true\">Edit Post<\/button><\/div>                <\/div>\n            <\/div>\n        <\/div>\n    <\/section><section id=\"gutenblock-block_1ef54c754e09652febc1bd697929132c\" class=\"gutenblock gutenblock--oms-cta \">\n\n        <img decoding=\"async\" width=\"1600\" height=\"500\" src=\"https:\/\/www.datacolor.com\/wp-content\/uploads\/2022\/03\/team-bg-hero-1600x500-1-1600x500.jpg\" class=\"bg_image\" alt=\"\" srcset=\"https:\/\/www.datacolor.com\/wp-content\/uploads\/2022\/03\/team-bg-hero-1600x500-1.jpg 1600w, https:\/\/www.datacolor.com\/wp-content\/uploads\/2022\/03\/team-bg-hero-1600x500-1-300x94.jpg 300w, https:\/\/www.datacolor.com\/wp-content\/uploads\/2022\/03\/team-bg-hero-1600x500-1-1024x320.jpg 1024w, https:\/\/www.datacolor.com\/wp-content\/uploads\/2022\/03\/team-bg-hero-1600x500-1-768x240.jpg 768w, https:\/\/www.datacolor.com\/wp-content\/uploads\/2022\/03\/team-bg-hero-1600x500-1-1536x480.jpg 1536w, https:\/\/www.datacolor.com\/wp-content\/uploads\/2022\/03\/team-bg-hero-1600x500-1-600x188.jpg 600w, https:\/\/www.datacolor.com\/wp-content\/uploads\/2022\/03\/team-bg-hero-1600x500-1-992x310.jpg 992w, https:\/\/www.datacolor.com\/wp-content\/uploads\/2022\/03\/team-bg-hero-1600x500-1-1200x375.jpg 1200w, https:\/\/www.datacolor.com\/wp-content\/uploads\/2022\/03\/team-bg-hero-1600x500-1-1000x313.jpg 1000w, https:\/\/www.datacolor.com\/wp-content\/uploads\/2022\/03\/team-bg-hero-1600x500-1-350x109.jpg 350w, https:\/\/www.datacolor.com\/wp-content\/uploads\/2022\/03\/team-bg-hero-1600x500-1-735x230.jpg 735w, https:\/\/www.datacolor.com\/wp-content\/uploads\/2022\/03\/team-bg-hero-1600x500-1-700x219.jpg 700w, https:\/\/www.datacolor.com\/wp-content\/uploads\/2022\/03\/team-bg-hero-1600x500-1-100x31.jpg 100w\" sizes=\"(max-width: 1600px) 100vw, 1600px\" \/>\n        <div class=\"gutenblock-inner\">\n\n            <div class=\"container-fluid l-cta__container\">\n\n                <div class=\"row l-cta__row l-cta__row--left\">\n\n                    <div class=\"col-12 col-lg-6 l-cta__col\">\n                        <div class=\"cta__content text-white\">\n\n\t\t\t    <h3>Presencia mundial, apoyo local<\/h3>\n<p>Sus retos de color son importantes. Hable con un experto en color hoy mismo para ver si podemos ayudarle.<\/p>\n\n                                                            <div class=\"cta_links_container mt-4\">\n                                    <a href=\"https:\/\/www.datacolor.com\/es\/soluciones-empresariales\/solicitar-mas-informacion\/\" target=\"\" class=\"cta_link btn-secondary\">Hablemos de color<\/a>                                <\/div>\n                            \n                        <\/div>\n                    <\/div>\n                <\/div>\n            <\/div>\n        <\/div>\n    <\/section>","protected":false},"excerpt":{"rendered":"","protected":false},"author":17,"featured_media":0,"parent":160284,"menu_order":0,"comment_status":"closed","ping_status":"closed","template":"","meta":{"_acf_changed":false,"_relevanssi_hide_post":"","_relevanssi_hide_content":"","_relevanssi_pin_for_all":"","_relevanssi_pin_keywords":"","_relevanssi_unpin_keywords":"","_relevanssi_related_keywords":"","_relevanssi_related_include_ids":"","_relevanssi_related_exclude_ids":"","_relevanssi_related_no_append":"","_relevanssi_related_not_related":"","_relevanssi_related_posts":"","_relevanssi_noindex_reason":"","footnotes":""},"class_list":["post-178509","page","type-page","status-publish","hentry"],"acf":[],"yoast_head":"<!-- This site is optimized with the Yoast SEO plugin v26.6 - https:\/\/yoast.com\/wordpress\/plugins\/seo\/ -->\n<title>Versiones de software compatibles | Datacolor<\/title>\n<meta name=\"robots\" content=\"index, follow, max-snippet:-1, max-image-preview:large, max-video-preview:-1\" \/>\n<link rel=\"canonical\" href=\"https:\/\/www.datacolor.com\/es\/soluciones-empresariales\/servicio-de-atencion-al-cliente\/versiones-de-software-soportadas\/\" \/>\n<meta property=\"og:locale\" content=\"es_ES\" \/>\n<meta property=\"og:type\" content=\"article\" \/>\n<meta property=\"og:title\" content=\"Versiones de software compatibles | Datacolor\" \/>\n<meta property=\"og:url\" content=\"https:\/\/www.datacolor.com\/es\/soluciones-empresariales\/servicio-de-atencion-al-cliente\/versiones-de-software-soportadas\/\" \/>\n<meta property=\"og:site_name\" content=\"Datacolor\" \/>\n<meta property=\"article:publisher\" content=\"https:\/\/facebook.com\/DatacolorCorporate\" \/>\n<meta property=\"article:modified_time\" content=\"2025-08-13T14:12:01+00:00\" \/>\n<meta property=\"og:image\" content=\"https:\/\/www.datacolor.com\/wp-content\/uploads\/2022\/01\/collage-careers-800x700-1.jpg\" \/>\n\t<meta property=\"og:image:width\" content=\"800\" \/>\n\t<meta property=\"og:image:height\" content=\"700\" \/>\n\t<meta property=\"og:image:type\" content=\"image\/jpeg\" \/>\n<meta name=\"twitter:card\" content=\"summary_large_image\" \/>\n<meta name=\"twitter:label1\" content=\"Tiempo de lectura\" \/>\n\t<meta name=\"twitter:data1\" content=\"2 minutes\" \/>\n<!-- \/ Yoast SEO plugin. -->","yoast_head_json":{"title":"Versiones de software compatibles | Datacolor","robots":{"index":"index","follow":"follow","max-snippet":"max-snippet:-1","max-image-preview":"max-image-preview:large","max-video-preview":"max-video-preview:-1"},"canonical":"https:\/\/www.datacolor.com\/es\/soluciones-empresariales\/servicio-de-atencion-al-cliente\/versiones-de-software-soportadas\/","og_locale":"es_ES","og_type":"article","og_title":"Versiones de software compatibles | Datacolor","og_url":"https:\/\/www.datacolor.com\/es\/soluciones-empresariales\/servicio-de-atencion-al-cliente\/versiones-de-software-soportadas\/","og_site_name":"Datacolor","article_publisher":"https:\/\/facebook.com\/DatacolorCorporate","article_modified_time":"2025-08-13T14:12:01+00:00","og_image":[{"width":800,"height":700,"url":"https:\/\/www.datacolor.com\/wp-content\/uploads\/2022\/01\/collage-careers-800x700-1.jpg","type":"image\/jpeg"}],"twitter_card":"summary_large_image","twitter_misc":{"Tiempo de lectura":"2 minutes"},"schema":{"@context":"https:\/\/schema.org","@graph":[{"@type":"WebPage","@id":"https:\/\/www.datacolor.com\/es\/soluciones-empresariales\/servicio-de-atencion-al-cliente\/versiones-de-software-soportadas\/","url":"https:\/\/www.datacolor.com\/es\/soluciones-empresariales\/servicio-de-atencion-al-cliente\/versiones-de-software-soportadas\/","name":"Versiones de software compatibles | Datacolor","isPartOf":{"@id":"https:\/\/www.datacolor.com\/es\/#website"},"datePublished":"2024-08-19T09:48:10+00:00","dateModified":"2025-08-13T14:12:01+00:00","breadcrumb":{"@id":"https:\/\/www.datacolor.com\/es\/soluciones-empresariales\/servicio-de-atencion-al-cliente\/versiones-de-software-soportadas\/#breadcrumb"},"inLanguage":"es-ES","potentialAction":[{"@type":"ReadAction","target":["https:\/\/www.datacolor.com\/es\/soluciones-empresariales\/servicio-de-atencion-al-cliente\/versiones-de-software-soportadas\/"]}]},{"@type":"BreadcrumbList","@id":"https:\/\/www.datacolor.com\/es\/soluciones-empresariales\/servicio-de-atencion-al-cliente\/versiones-de-software-soportadas\/#breadcrumb","itemListElement":[{"@type":"ListItem","position":1,"name":"Soluciones empresariales","item":"https:\/\/www.datacolor.com\/es\/soluciones-empresariales\/"},{"@type":"ListItem","position":2,"name":"Asistencia al cliente"}]},{"@type":"WebSite","@id":"https:\/\/www.datacolor.com\/es\/#website","url":"https:\/\/www.datacolor.com\/es\/","name":"Datacolor","description":"Color Management Solutions","publisher":{"@id":"https:\/\/www.datacolor.com\/es\/#organization"},"potentialAction":[{"@type":"SearchAction","target":{"@type":"EntryPoint","urlTemplate":"https:\/\/www.datacolor.com\/es\/?s={search_term_string}"},"query-input":{"@type":"PropertyValueSpecification","valueRequired":true,"valueName":"search_term_string"}}],"inLanguage":"es-ES"},{"@type":"Organization","@id":"https:\/\/www.datacolor.com\/es\/#organization","name":"Datacolor","url":"https:\/\/www.datacolor.com\/es\/","logo":{"@type":"ImageObject","inLanguage":"es-ES","@id":"https:\/\/www.datacolor.com\/es\/#\/schema\/logo\/image\/","url":"https:\/\/www.datacolor.com\/wp-content\/uploads\/2021\/12\/logo-header.jpg","contentUrl":"https:\/\/www.datacolor.com\/wp-content\/uploads\/2021\/12\/logo-header.jpg","width":259,"height":45,"caption":"Datacolor"},"image":{"@id":"https:\/\/www.datacolor.com\/es\/#\/schema\/logo\/image\/"},"sameAs":["https:\/\/facebook.com\/DatacolorCorporate","https:\/\/linkedin.com\/company\/datacolor","https:\/\/www.youtube.com\/user\/DatacolorIndustrial"]}]}},"_links":{"self":[{"href":"https:\/\/www.datacolor.com\/es\/wp-json\/wp\/v2\/pages\/178509","targetHints":{"allow":["GET"]}}],"collection":[{"href":"https:\/\/www.datacolor.com\/es\/wp-json\/wp\/v2\/pages"}],"about":[{"href":"https:\/\/www.datacolor.com\/es\/wp-json\/wp\/v2\/types\/page"}],"author":[{"embeddable":true,"href":"https:\/\/www.datacolor.com\/es\/wp-json\/wp\/v2\/users\/17"}],"replies":[{"embeddable":true,"href":"https:\/\/www.datacolor.com\/es\/wp-json\/wp\/v2\/comments?post=178509"}],"version-history":[{"count":2,"href":"https:\/\/www.datacolor.com\/es\/wp-json\/wp\/v2\/pages\/178509\/revisions"}],"predecessor-version":[{"id":183718,"href":"https:\/\/www.datacolor.com\/es\/wp-json\/wp\/v2\/pages\/178509\/revisions\/183718"}],"up":[{"embeddable":true,"href":"https:\/\/www.datacolor.com\/es\/wp-json\/wp\/v2\/pages\/160284"}],"wp:attachment":[{"href":"https:\/\/www.datacolor.com\/es\/wp-json\/wp\/v2\/media?parent=178509"}],"curies":[{"name":"wp","href":"https:\/\/api.w.org\/{rel}","templated":true}]}}