{"id":185807,"date":"2026-02-05T03:43:05","date_gmt":"2026-02-05T08:43:05","guid":{"rendered":"https:\/\/dev.new.datacolor.eu\/sb-1215-covered-battery-embedded-products\/"},"modified":"2026-02-05T10:51:05","modified_gmt":"2026-02-05T15:51:05","slug":"sb-1215-covered-battery-embedded-products","status":"publish","type":"page","link":"https:\/\/www.datacolor.com\/es\/sb-1215-covered-battery-embedded-products\/","title":{"rendered":"SB 1215 Productos con bater\u00eda incorporada cubiertos"},"content":{"rendered":"<div class=\"wp-core-gutenblock gutenblock freeform bg-color-white\">\n            <div class=\"container-fluid\">\n                <div class=\"row\">\n                    <div class=\"column\"><p>California SB1215 Recycling Fee &#8211; Informaci\u00f3n para clientes de Datacolor en California<\/p>\n<p>A partir del 1 de enero de 2026, determinados productos Datacolor vendidos en California incluir\u00e1n una Tasa de Reciclaje de Productos con Pilas Incorporadas Cubiertas. Esta tasa es obligatoria en virtud de la Ley del Senado (SB) 1215, que actualiza la Ley de Reciclaje de Residuos Electr\u00f3nicos de California de 2003 para incluir los productos con pilas incrustadas, no f\u00e1cilmente extra\u00edbles. La ley pretende reducir los riesgos de incendio y garantizar un reciclaje seguro.  <\/p>\n<p><strong>C\u00f3mo funciona la tasa<\/strong><\/p>\n<ul>\n<li>Comienza el 1 de enero de 2026<\/li>\n<li>Recogido en la caja como una partida separada<\/li>\n<li>Importe de la tasa fijado por CalRecycle y puede ajustarse anualmente<\/li>\n<\/ul>\n<p><strong>Consulta la lista de productos Datacolor con bater\u00eda integrada cubiertos y sus tipos de bater\u00eda:<\/strong><\/p><\/div>\n                <\/div>\n            <\/div>\n        <\/div><div class=\"wp-core-gutenblock gutenblock bg-color-white core_table\">\n            <div class=\"container-fluid\">\n                <div class=\"row\">\n                    <div class=\"column\"><figure class=\"wp-block-table\"><table class=\"has-fixed-layout\"><thead><tr><th>Modelo de producto<\/th><th>Datacolor SKU<\/th><th>N\u00famero de pieza de la bater\u00eda Datacolor<\/th><th>Descripci\u00f3n de la bater\u00eda<\/th><th>Qu\u00edmica de la bater\u00eda<\/th><th>Fabricante de bater\u00edas<\/th><th>MSDS Bater\u00eda Enlace<\/th><\/tr><\/thead><tbody><tr><td>Datacolor 45IR<\/td><td>1030-1607<\/td><td>4000-0096<\/td><td>Bater\u00eda NiMH de 4,8 V &#8211; 2000 mAh (SD0026-V02)<\/td><td>Pila de n\u00edquel e hidruro met\u00e1lico<\/td><td>Accu-by-Seidel<\/td><td><a href=\"https:\/\/www.datacolor.com\/wp-content\/uploads\/2026\/02\/4000-0096-PSDS.pdf\">4000-0096-PSDS.PDF<\/a><\/td><\/tr><tr><td>Datacolor 45G \/ 45S<\/td><td>1030-1605<br\/>1030-1606<br\/>1090-0080<\/td><td>4000-0086<\/td><td>Bater\u00eda de pol\u00edmero de litio de 3,6 V &#8211; 7,2 Ah (UBBL07)<\/td><td>Bater\u00eda de iones de litio<\/td><td>Ultralife<\/td><td><a href=\"https:\/\/www.datacolor.com\/wp-content\/uploads\/2026\/02\/4000-0086-SDS.pdf\">4000-0086-SDS.PDF<\/a><\/td><\/tr><tr><td>Datacolor 45G \/ 45S<\/td><td>1030-1605<br\/>1030-1606<br\/>1090-0080<\/td><td>008-500043<\/td><td>Pila de bot\u00f3n CR2032<\/td><td>Di\u00f3xido de manganeso y litio<\/td><td>FDK<\/td><td><a href=\"https:\/\/www.datacolor.com\/wp-content\/uploads\/2026\/02\/008-500043-SDS.pdf\">008-500043-SDS.PDF<\/a><\/td><\/tr><tr><td>Datacolor 20D  <\/td><td>1030-1627  <\/td><td>4000-0086  <\/td><td>Bater\u00eda de pol\u00edmero de litio de 3,6 V &#8211; 7,2 Ah (UBBL07)  <\/td><td>Bater\u00eda de iones de litio  <\/td><td>Ultralife  <\/td><td><a href=\"https:\/\/www.datacolor.com\/wp-content\/uploads\/2026\/02\/4000-0086-SDS.pdf\">4000-0086-SDS.PDF  <\/a><\/td><\/tr><tr><td>Datacolor 20D  <\/td><td>1030-1627<\/td><td>008-500043<\/td><td>Pila de bot\u00f3n CR2032<\/td><td>Di\u00f3xido de manganeso y litio<\/td><td>FDK<\/td><td><a href=\"https:\/\/www.datacolor.com\/wp-content\/uploads\/2026\/02\/008-500043-SDS.pdf\">008-500043-SDS.PDF<\/a><\/td><\/tr><tr><td>Datacolor P200 \/ P300<\/td><td>1030-1657<br\/>1030-1658<br\/>1030-1659<br\/>1030-1663<br\/>1030-1664<br\/>1030-1665<\/td><td>008-500042<\/td><td>Pila de bot\u00f3n CR1220<\/td><td>Di\u00f3xido de manganeso y litio<\/td><td>FDK<\/td><td><a href=\"https:\/\/www.datacolor.com\/wp-content\/uploads\/2026\/02\/008-500042-SDS.pdf\">008-500042-SDS.PDF<\/a><\/td><\/tr><tr><td>Datacolor ColorReader Spectro \/<br\/>OEM ColorReader Spectro<\/td><td>CRS100<br\/>CRS-XXX<\/td><td>013-500012<\/td><td>Bater\u00eda de pol\u00edmero de litio de 3,7 V &#8211; 280 mAh (601245)<\/td><td>Bater\u00eda de pol\u00edmero de iones de litio<\/td><td>Hangzhou Future Power Technology S.L.<\/td><td><a href=\"https:\/\/www.datacolor.com\/wp-content\/uploads\/2026\/02\/013-500012-MSDS.pdf\">013-500012-MSDS.PDF<\/a><\/td><\/tr><tr><td>Datacolor ColorReader <nobr>Pro<\/nobr> \/ <br\/>OEM ColorReader Pro  <\/td><td>CRP100<br\/>CRP100-XXX<\/td><td>013-500012<\/td><td>Bater\u00eda de pol\u00edmero de litio de 3,7 V &#8211; 280 mAh (601245)<\/td><td>Bater\u00eda de pol\u00edmero de iones de litio<\/td><td>Hangzhou Future Power Technology S.L.<\/td><td><a href=\"https:\/\/www.datacolor.com\/wp-content\/uploads\/2026\/02\/013-500012-MSDS.pdf\">013-500012-MSDS.PDF<\/a><\/td><\/tr><tr><td>Datacolor ColorReader \/<br\/>OEM ColorReader<\/td><td>CR100<br\/>CR100-XXX<\/td><td>013-510002<\/td><td>Bater\u00eda de pol\u00edmero de litio de 3,7 V &#8211; 160 mAh (GEB 502023)<\/td><td>Bater\u00eda de pol\u00edmero de litio<\/td><td>Tecnolog\u00eda Electr\u00f3nica General<\/td><td><a href=\"https:\/\/www.datacolor.com\/wp-content\/uploads\/2026\/02\/013-510002-MSDS.pdf\">013-510002-MSDS.PDF<\/a><\/td><\/tr><\/tbody><\/table><\/figure><\/div>\n                <\/div>\n            <\/div>\n        <\/div>","protected":false},"excerpt":{"rendered":"<p>California SB1215 Recycling Fee &#8211; Informaci\u00f3n para clientes de Datacolor en California A partir del 1 de enero de 2026, determinados productos Datacolor vendidos en California incluir\u00e1n una Tasa de&#8230;<\/p>\n","protected":false},"author":18,"featured_media":0,"parent":0,"menu_order":0,"comment_status":"closed","ping_status":"closed","template":"","meta":{"_acf_changed":false,"_relevanssi_hide_post":"","_relevanssi_hide_content":"","_relevanssi_pin_for_all":"","_relevanssi_pin_keywords":"","_relevanssi_unpin_keywords":"","_relevanssi_related_keywords":"","_relevanssi_related_include_ids":"","_relevanssi_related_exclude_ids":"","_relevanssi_related_no_append":"","_relevanssi_related_not_related":"","_relevanssi_related_posts":"","_relevanssi_noindex_reason":"","footnotes":""},"class_list":["post-185807","page","type-page","status-publish","hentry"],"acf":[],"yoast_head":"<!-- This site is optimized with the Yoast SEO plugin v26.6 - https:\/\/yoast.com\/wordpress\/plugins\/seo\/ -->\n<title>SB 1215 Productos con bater\u00eda incorporada cubiertos | Datacolor<\/title>\n<meta name=\"robots\" content=\"index, follow, max-snippet:-1, max-image-preview:large, max-video-preview:-1\" \/>\n<link rel=\"canonical\" href=\"https:\/\/www.datacolor.com\/es\/sb-1215-covered-battery-embedded-products\/\" \/>\n<meta property=\"og:locale\" content=\"es_ES\" \/>\n<meta property=\"og:type\" content=\"article\" \/>\n<meta property=\"og:title\" content=\"SB 1215 Productos con bater\u00eda incorporada cubiertos | Datacolor\" \/>\n<meta property=\"og:description\" content=\"California SB1215 Recycling Fee - Informaci\u00f3n para clientes de Datacolor en California A partir del 1 de enero de 2026, determinados productos Datacolor vendidos en California incluir\u00e1n una Tasa de...\" \/>\n<meta property=\"og:url\" content=\"https:\/\/www.datacolor.com\/es\/sb-1215-covered-battery-embedded-products\/\" \/>\n<meta property=\"og:site_name\" content=\"Datacolor\" \/>\n<meta property=\"article:publisher\" content=\"https:\/\/facebook.com\/DatacolorCorporate\" \/>\n<meta property=\"article:modified_time\" content=\"2026-02-05T15:51:05+00:00\" \/>\n<meta property=\"og:image\" content=\"https:\/\/www.datacolor.com\/wp-content\/uploads\/2022\/01\/collage-careers-800x700-1.jpg\" \/>\n\t<meta property=\"og:image:width\" content=\"800\" \/>\n\t<meta property=\"og:image:height\" content=\"700\" \/>\n\t<meta property=\"og:image:type\" content=\"image\/jpeg\" \/>\n<meta name=\"twitter:card\" content=\"summary_large_image\" \/>\n<meta name=\"twitter:label1\" content=\"Tiempo de lectura\" \/>\n\t<meta name=\"twitter:data1\" content=\"2 minutes\" \/>\n<!-- \/ Yoast SEO plugin. -->","yoast_head_json":{"title":"SB 1215 Productos con bater\u00eda incorporada cubiertos | Datacolor","robots":{"index":"index","follow":"follow","max-snippet":"max-snippet:-1","max-image-preview":"max-image-preview:large","max-video-preview":"max-video-preview:-1"},"canonical":"https:\/\/www.datacolor.com\/es\/sb-1215-covered-battery-embedded-products\/","og_locale":"es_ES","og_type":"article","og_title":"SB 1215 Productos con bater\u00eda incorporada cubiertos | Datacolor","og_description":"California SB1215 Recycling Fee - Informaci\u00f3n para clientes de Datacolor en California A partir del 1 de enero de 2026, determinados productos Datacolor vendidos en California incluir\u00e1n una Tasa de...","og_url":"https:\/\/www.datacolor.com\/es\/sb-1215-covered-battery-embedded-products\/","og_site_name":"Datacolor","article_publisher":"https:\/\/facebook.com\/DatacolorCorporate","article_modified_time":"2026-02-05T15:51:05+00:00","og_image":[{"width":800,"height":700,"url":"https:\/\/www.datacolor.com\/wp-content\/uploads\/2022\/01\/collage-careers-800x700-1.jpg","type":"image\/jpeg"}],"twitter_card":"summary_large_image","twitter_misc":{"Tiempo de lectura":"2 minutes"},"schema":{"@context":"https:\/\/schema.org","@graph":[{"@type":"WebPage","@id":"https:\/\/www.datacolor.com\/es\/sb-1215-covered-battery-embedded-products\/","url":"https:\/\/www.datacolor.com\/es\/sb-1215-covered-battery-embedded-products\/","name":"SB 1215 Productos con bater\u00eda incorporada cubiertos | Datacolor","isPartOf":{"@id":"https:\/\/www.datacolor.com\/es\/#website"},"datePublished":"2026-02-05T08:43:05+00:00","dateModified":"2026-02-05T15:51:05+00:00","inLanguage":"es-ES","potentialAction":[{"@type":"ReadAction","target":["https:\/\/www.datacolor.com\/es\/sb-1215-covered-battery-embedded-products\/"]}]},{"@type":"WebSite","@id":"https:\/\/www.datacolor.com\/es\/#website","url":"https:\/\/www.datacolor.com\/es\/","name":"Datacolor","description":"Color Management Solutions","publisher":{"@id":"https:\/\/www.datacolor.com\/es\/#organization"},"potentialAction":[{"@type":"SearchAction","target":{"@type":"EntryPoint","urlTemplate":"https:\/\/www.datacolor.com\/es\/?s={search_term_string}"},"query-input":{"@type":"PropertyValueSpecification","valueRequired":true,"valueName":"search_term_string"}}],"inLanguage":"es-ES"},{"@type":"Organization","@id":"https:\/\/www.datacolor.com\/es\/#organization","name":"Datacolor","url":"https:\/\/www.datacolor.com\/es\/","logo":{"@type":"ImageObject","inLanguage":"es-ES","@id":"https:\/\/www.datacolor.com\/es\/#\/schema\/logo\/image\/","url":"https:\/\/www.datacolor.com\/wp-content\/uploads\/2021\/12\/logo-header.jpg","contentUrl":"https:\/\/www.datacolor.com\/wp-content\/uploads\/2021\/12\/logo-header.jpg","width":259,"height":45,"caption":"Datacolor"},"image":{"@id":"https:\/\/www.datacolor.com\/es\/#\/schema\/logo\/image\/"},"sameAs":["https:\/\/facebook.com\/DatacolorCorporate","https:\/\/linkedin.com\/company\/datacolor","https:\/\/www.youtube.com\/user\/DatacolorIndustrial"]}]}},"_links":{"self":[{"href":"https:\/\/www.datacolor.com\/es\/wp-json\/wp\/v2\/pages\/185807","targetHints":{"allow":["GET"]}}],"collection":[{"href":"https:\/\/www.datacolor.com\/es\/wp-json\/wp\/v2\/pages"}],"about":[{"href":"https:\/\/www.datacolor.com\/es\/wp-json\/wp\/v2\/types\/page"}],"author":[{"embeddable":true,"href":"https:\/\/www.datacolor.com\/es\/wp-json\/wp\/v2\/users\/18"}],"replies":[{"embeddable":true,"href":"https:\/\/www.datacolor.com\/es\/wp-json\/wp\/v2\/comments?post=185807"}],"version-history":[{"count":1,"href":"https:\/\/www.datacolor.com\/es\/wp-json\/wp\/v2\/pages\/185807\/revisions"}],"predecessor-version":[{"id":185808,"href":"https:\/\/www.datacolor.com\/es\/wp-json\/wp\/v2\/pages\/185807\/revisions\/185808"}],"wp:attachment":[{"href":"https:\/\/www.datacolor.com\/es\/wp-json\/wp\/v2\/media?parent=185807"}],"curies":[{"name":"wp","href":"https:\/\/api.w.org\/{rel}","templated":true}]}}