{"id":169977,"date":"2023-08-24T13:23:09","date_gmt":"2023-08-24T18:23:09","guid":{"rendered":"https:\/\/dev.new.datacolor.eu\/?post_type=product&#038;p=169977"},"modified":"2023-10-17T04:18:26","modified_gmt":"2023-10-17T09:18:26","slug":"colibri-colorquality-correct","status":"publish","type":"product","link":"https:\/\/www.datacolor.com\/es\/business-solutions\/product\/colibri-colorquality-correct\/","title":{"rendered":"Colibri ColorQuality&amp;Correct"},"content":{"rendered":"<section id=\"gutenblock-block_f4ef67c3442c46b5afe216446c889013\" class=\"gutenblock gutenblock--oms-faqs bg-color-white\">\n        <div class=\"gutenblock-inner\">\n            <div class=\"container-fluid\">\n\n                    <div class=\"gutenblock-header \">\n        <div class=\"row header_row justify-content-center\">\n            <div class=\"header_column\">\n                <h2>Visite el <a href=\"https:\/\/www.datacolor.com\/es\/soluciones-empresariales\/servicio-de-atencion-al-cliente\/faq\/\" target=\"_blank\" rel=\"noopener\">Centro de Preguntas Frecuentes<\/a> para obtener respuesta a todas sus preguntas<\/h2>\n<p>&nbsp;<\/p>\n            <\/div>\n        <\/div>\n    <\/div>\n\n                \n            <\/div>\n        <\/div>\n    <\/section><section id=\"gutenblock-block_4d12f503a995d53cfaac71b8371fd94b\" class=\"gutenblock gutenblock--oms-resource-feed feed--feed bg-color-white u-dots-bg\">\n        <div class=\"gutenblock-inner\">\n            <div class=\"container-fluid\">\n\n                    <div class=\"gutenblock-header \">\n        <div class=\"row header_row justify-content-center\">\n            <div class=\"header_column\">\n                <h2>Las ideas empiezan aqu\u00ed<\/h2>\n<p>Explore los \u00faltimos art\u00edculos, eventos y noticias de Datacolor.<\/p>\n<p><a class=\"cta-link\" href=\"https:\/\/www.datacolor.com\/zh-hans\/business-solutions\/learning-center\/\">Visite el Centro de Aprendizaje<\/a><\/p>\n            <\/div>\n        <\/div>\n    <\/div>\n\n                <div class=\"l-archive-results__row row justify-content-center justify-content-md-start\">\n                    <div class=\"l-archive-results__col col-12 col-sm-10 col-md-6 col-lg-4 col-xl-3\">\n<a href=\"https:\/\/www.datacolor.com\/es\/business-solutions\/blog\/datacolor-spectro-1000-vs-competitor-benchtop-spectrophotometers\/\" id=\"post-186638\" class=\"teaser teaser--blog teaser--vertical post-186638 post type-post status-publish format-standard has-post-thumbnail hentry category-elegir-la-solucion-adecuada\">\n    <div class=\"teaser__main\">\n\n        <img decoding=\"async\" width=\"368\" height=\"476\" src=\"https:\/\/www.datacolor.com\/wp-content\/uploads\/2023\/12\/Spectro-1000-368x476.jpg\" class=\"attachment-cpt-feed size-cpt-feed\" alt=\"\" \/>\n        <div class=\"teaser__overlay\">\n\n            \n            <h2 class=\"teaser__title\">Datacolor Spectro 1000 frente a los espectrofot\u00f3metros de sobremesa de la competencia<\/h2>\n\n            <p class=\"post-meta post-meta--teaser\"><i class=\"fas fa-list-ul\"><\/i> Elegir la soluci\u00f3n adecuada<\/p>\n        <\/div>\n\n        \n    <\/div>\n\n    <\/a>\n\n<button type=\"button\" onclick=\"window.open('\/wp-admin\/post.php?post=186638&#038;action=edit')\" class=\"edit-link\" aria-hidden=\"true\">Edit Post<\/button><\/div><div class=\"l-archive-results__col col-12 col-sm-10 col-md-6 col-lg-4 col-xl-3\">\n<a href=\"https:\/\/www.datacolor.com\/es\/business-solutions\/blog\/mastering-color-management-in-plastics-manufacturing\/\" id=\"post-185073\" class=\"teaser teaser--blog teaser--vertical post-185073 post type-post status-publish format-standard has-post-thumbnail hentry category-formulacion-de-colores-y-control-de-calidad tag-datacolor-para-plasticos tag-gestion-del-color tag-igualacion-de-colores-para-plasticos\">\n    <div class=\"teaser__main\">\n\n        <img decoding=\"async\" width=\"368\" height=\"476\" src=\"https:\/\/www.datacolor.com\/wp-content\/uploads\/2025\/11\/industry-guide-lp-banner-1536x1191-1-368x476.jpg\" class=\"attachment-cpt-feed size-cpt-feed\" alt=\"Gesti\u00f3n del color del pl\u00e1stico\" \/>\n        <div class=\"teaser__overlay\">\n\n            \n            <h2 class=\"teaser__title\">Dominar la gesti\u00f3n del color en la fabricaci\u00f3n de pl\u00e1sticos<\/h2>\n\n            <p class=\"post-meta post-meta--teaser\"><i class=\"fas fa-list-ul\"><\/i> Formulaci\u00f3n de colores y control de calidad<\/p>\n        <\/div>\n\n        \n    <\/div>\n\n    <\/a>\n\n<button type=\"button\" onclick=\"window.open('\/wp-admin\/post.php?post=185073&#038;action=edit')\" class=\"edit-link\" aria-hidden=\"true\">Edit Post<\/button><\/div><div class=\"l-archive-results__col col-12 col-sm-10 col-md-6 col-lg-4 col-xl-3\">\n<a href=\"https:\/\/www.datacolor.com\/es\/business-solutions\/blog\/que-color-elegir-como-fondo-en-su-cabina-de-luz\/\" id=\"post-184871\" class=\"teaser teaser--blog teaser--vertical post-184871 post type-post status-publish format-standard has-post-thumbnail hentry category-elegir-la-solucion-adecuada\">\n    <div class=\"teaser__main\">\n\n        <img decoding=\"async\" width=\"368\" height=\"476\" src=\"https:\/\/www.datacolor.com\/wp-content\/uploads\/2025\/04\/ps-side-368x476.png\" class=\"attachment-cpt-feed size-cpt-feed\" alt=\"\" \/>\n        <div class=\"teaser__overlay\">\n\n            \n            <h2 class=\"teaser__title\">\u00bfQu\u00e9 color elegir como fondo en su cabina de luz?<\/h2>\n\n            <p class=\"post-meta post-meta--teaser\"><i class=\"fas fa-list-ul\"><\/i> Elegir la soluci\u00f3n adecuada<\/p>\n        <\/div>\n\n        \n    <\/div>\n\n    <\/a>\n\n<button type=\"button\" onclick=\"window.open('\/wp-admin\/post.php?post=184871&#038;action=edit')\" class=\"edit-link\" aria-hidden=\"true\">Edit Post<\/button><\/div><div class=\"l-archive-results__col col-12 col-sm-10 col-md-6 col-lg-4 col-xl-3\">\n<a href=\"https:\/\/www.datacolor.com\/es\/business-solutions\/blog\/color-match-in-design-and-industry\/\" id=\"post-185188\" class=\"teaser teaser--blog teaser--vertical post-185188 post type-post status-publish format-standard has-post-thumbnail hentry category-formulacion-de-colores-y-control-de-calidad\">\n    <div class=\"teaser__main\">\n\n        <img decoding=\"async\" width=\"368\" height=\"476\" src=\"https:\/\/www.datacolor.com\/wp-content\/uploads\/2025\/04\/shutterstock_1939661890-368x476.jpg\" class=\"attachment-cpt-feed size-cpt-feed\" alt=\"\" \/>\n        <div class=\"teaser__overlay\">\n\n            \n            <h2 class=\"teaser__title\">Combinaci\u00f3n de colores en el dise\u00f1o y la fabricaci\u00f3n.<\/h2>\n\n            <p class=\"post-meta post-meta--teaser\"><i class=\"fas fa-list-ul\"><\/i> Formulaci\u00f3n de colores y control de calidad<\/p>\n        <\/div>\n\n        \n    <\/div>\n\n    <\/a>\n\n<button type=\"button\" onclick=\"window.open('\/wp-admin\/post.php?post=185188&#038;action=edit')\" class=\"edit-link\" aria-hidden=\"true\">Edit Post<\/button><\/div>                <\/div>\n            <\/div>\n        <\/div>\n    <\/section><section id=\"gutenblock-block_bef712f648bf7e4a3e0dcc3e7b100b43\" class=\"gutenblock gutenblock--oms-product-feed bg-color-white u-dots-bg\">\n        <div class=\"gutenblock-inner\">\n            <div class=\"container-fluid\">\n\n                    <div class=\"gutenblock-header \">\n        <div class=\"row header_row justify-content-center\">\n            <div class=\"header_column\">\n                <h2>Otros productos de color que pueden gustarle<\/h2>\n            <\/div>\n        <\/div>\n    <\/div>\n\n                                    <div class=\"l-products__row row justify-content-center\">\n                        <div class='l-products__col col-12 col-sm-6 col-md-4'>\n<a href=\"https:\/\/www.datacolor.com\/es\/business-solutions\/product\/espectro-1000\/\" class=\"product-teaser post-160877 product type-product status-publish has-post-thumbnail hentry product_category-espectrofotometros-de-escritorio\">\n            <div class=\"product-teaser__image-wrap\">\n            <img decoding=\"async\" width=\"350\" height=\"350\" src=\"https:\/\/www.datacolor.com\/wp-content\/uploads\/2022\/04\/700x700-Product-Spectro-1000-350x350.png\" class=\"product-teaser__image wp-post-image\" alt=\"Datacolor Spectro 1000 benchtop spectrophotometer.\" srcset=\"https:\/\/www.datacolor.com\/wp-content\/uploads\/2022\/04\/700x700-Product-Spectro-1000-350x350.png 350w, https:\/\/www.datacolor.com\/wp-content\/uploads\/2022\/04\/700x700-Product-Spectro-1000-300x300.png 300w, https:\/\/www.datacolor.com\/wp-content\/uploads\/2022\/04\/700x700-Product-Spectro-1000-150x150.png 150w, https:\/\/www.datacolor.com\/wp-content\/uploads\/2022\/04\/700x700-Product-Spectro-1000-600x600.png 600w, https:\/\/www.datacolor.com\/wp-content\/uploads\/2022\/04\/700x700-Product-Spectro-1000.png 700w, https:\/\/www.datacolor.com\/wp-content\/uploads\/2022\/04\/700x700-Product-Spectro-1000-200x200.png 200w, https:\/\/www.datacolor.com\/wp-content\/uploads\/2022\/04\/700x700-Product-Spectro-1000-100x100.png 100w, https:\/\/www.datacolor.com\/wp-content\/uploads\/2022\/04\/700x700-Product-Spectro-1000-40x40.png 40w, https:\/\/www.datacolor.com\/wp-content\/uploads\/2022\/04\/700x700-Product-Spectro-1000-175x175.png 175w\" sizes=\"(max-width: 350px) 100vw, 350px\" \/>        <\/div>\n    \n    <p class=\"product-teaser__title\">Familia Spectro 1000<\/p>\n\n                <p class=\"product-teaser__excerpt\">El Spectro 1000 ofrece la mayor precisi\u00f3n de la flota de espectrofot\u00f3metros de sobremesa de Datacolor y est\u00e1 dise\u00f1ado para ofrecer una gran eficacia y confianza en la formulaci\u00f3n del color y el control de calidad.<\/p>\n    <\/a>\n\n<button type=\"button\" onclick=\"window.open('\/wp-admin\/post.php?post=160877&#038;action=edit')\" class=\"edit-link\" aria-hidden=\"true\">Edit Post<\/button><\/div><div class='l-products__col col-12 col-sm-6 col-md-4'>\n<a href=\"https:\/\/www.datacolor.com\/es\/business-solutions\/product\/colibri-colorquality\/\" class=\"product-teaser post-169928 product type-product status-publish has-post-thumbnail hentry product_category-colibri-cloud-platform\">\n            <div class=\"product-teaser__image-wrap\">\n            <img decoding=\"async\" width=\"350\" height=\"350\" src=\"https:\/\/www.datacolor.com\/wp-content\/uploads\/2023\/08\/Colibri-ColorQuality-working-from-home-735x735-1-350x350.jpg\" class=\"product-teaser__image wp-post-image\" alt=\"\" srcset=\"https:\/\/www.datacolor.com\/wp-content\/uploads\/2023\/08\/Colibri-ColorQuality-working-from-home-735x735-1-350x350.jpg 350w, https:\/\/www.datacolor.com\/wp-content\/uploads\/2023\/08\/Colibri-ColorQuality-working-from-home-735x735-1-300x300.jpg 300w, https:\/\/www.datacolor.com\/wp-content\/uploads\/2023\/08\/Colibri-ColorQuality-working-from-home-735x735-1-150x150.jpg 150w, https:\/\/www.datacolor.com\/wp-content\/uploads\/2023\/08\/Colibri-ColorQuality-working-from-home-735x735-1-600x600.jpg 600w, https:\/\/www.datacolor.com\/wp-content\/uploads\/2023\/08\/Colibri-ColorQuality-working-from-home-735x735-1-700x700.jpg 700w, https:\/\/www.datacolor.com\/wp-content\/uploads\/2023\/08\/Colibri-ColorQuality-working-from-home-735x735-1-200x200.jpg 200w, https:\/\/www.datacolor.com\/wp-content\/uploads\/2023\/08\/Colibri-ColorQuality-working-from-home-735x735-1-100x100.jpg 100w, https:\/\/www.datacolor.com\/wp-content\/uploads\/2023\/08\/Colibri-ColorQuality-working-from-home-735x735-1-40x40.jpg 40w, https:\/\/www.datacolor.com\/wp-content\/uploads\/2023\/08\/Colibri-ColorQuality-working-from-home-735x735-1-175x175.jpg 175w, https:\/\/www.datacolor.com\/wp-content\/uploads\/2023\/08\/Colibri-ColorQuality-working-from-home-735x735-1.jpg 735w\" sizes=\"(max-width: 350px) 100vw, 350px\" \/>        <\/div>\n    \n    <p class=\"product-teaser__title\">Software de Control de Calidad del Color: Colibri ColorQuality<\/p>\n\n                <p class=\"product-teaser__excerpt\">Gestionar globalmente la calidad de los productos de color.<\/p>\n    <\/a>\n\n<button type=\"button\" onclick=\"window.open('\/wp-admin\/post.php?post=169928&#038;action=edit')\" class=\"edit-link\" aria-hidden=\"true\">Edit Post<\/button><\/div><div class='l-products__col col-12 col-sm-6 col-md-4'>\n<a href=\"https:\/\/www.datacolor.com\/es\/business-solutions\/product\/colibri-hub\/\" class=\"product-teaser post-169963 product type-product status-publish has-post-thumbnail hentry product_category-colibri-cloud-platform\">\n            <div class=\"product-teaser__image-wrap\">\n            <img decoding=\"async\" width=\"350\" height=\"350\" src=\"https:\/\/www.datacolor.com\/wp-content\/uploads\/2023\/08\/ColorHub-350x350.jpg\" class=\"product-teaser__image wp-post-image\" alt=\"\" srcset=\"https:\/\/www.datacolor.com\/wp-content\/uploads\/2023\/08\/ColorHub-350x350.jpg 350w, https:\/\/www.datacolor.com\/wp-content\/uploads\/2023\/08\/ColorHub-300x300.jpg 300w, https:\/\/www.datacolor.com\/wp-content\/uploads\/2023\/08\/ColorHub-150x150.jpg 150w, https:\/\/www.datacolor.com\/wp-content\/uploads\/2023\/08\/ColorHub-768x768.jpg 768w, https:\/\/www.datacolor.com\/wp-content\/uploads\/2023\/08\/ColorHub-600x600.jpg 600w, https:\/\/www.datacolor.com\/wp-content\/uploads\/2023\/08\/ColorHub-735x735.jpg 735w, https:\/\/www.datacolor.com\/wp-content\/uploads\/2023\/08\/ColorHub-700x700.jpg 700w, https:\/\/www.datacolor.com\/wp-content\/uploads\/2023\/08\/ColorHub-200x200.jpg 200w, https:\/\/www.datacolor.com\/wp-content\/uploads\/2023\/08\/ColorHub-100x100.jpg 100w, https:\/\/www.datacolor.com\/wp-content\/uploads\/2023\/08\/ColorHub-40x40.jpg 40w, https:\/\/www.datacolor.com\/wp-content\/uploads\/2023\/08\/ColorHub-175x175.jpg 175w, https:\/\/www.datacolor.com\/wp-content\/uploads\/2023\/08\/ColorHub.jpg 800w\" sizes=\"(max-width: 350px) 100vw, 350px\" \/>        <\/div>\n    \n    <p class=\"product-teaser__title\">Colibri Hub<\/p>\n\n                <p class=\"product-teaser__excerpt\">Gestione y comunique sin problemas los datos maestros con sistemas de terceros. <\/p>\n    <\/a>\n\n<button type=\"button\" onclick=\"window.open('\/wp-admin\/post.php?post=169963&#038;action=edit')\" class=\"edit-link\" aria-hidden=\"true\">Edit Post<\/button><\/div><div class='l-products__col col-12 col-sm-6 col-md-4'>\n<a href=\"https:\/\/www.datacolor.com\/es\/business-solutions\/product\/colibri-analytics\/\" class=\"product-teaser post-169970 product type-product status-publish has-post-thumbnail hentry product_category-colibri-cloud-platform\">\n            <div class=\"product-teaser__image-wrap\">\n            <img decoding=\"async\" width=\"350\" height=\"290\" src=\"https:\/\/www.datacolor.com\/wp-content\/uploads\/2023\/08\/Analytics-350x290.png\" class=\"product-teaser__image wp-post-image\" alt=\"\" srcset=\"https:\/\/www.datacolor.com\/wp-content\/uploads\/2023\/08\/Analytics-350x290.png 350w, https:\/\/www.datacolor.com\/wp-content\/uploads\/2023\/08\/Analytics-300x249.png 300w, https:\/\/www.datacolor.com\/wp-content\/uploads\/2023\/08\/Analytics-1024x849.png 1024w, https:\/\/www.datacolor.com\/wp-content\/uploads\/2023\/08\/Analytics-768x637.png 768w, https:\/\/www.datacolor.com\/wp-content\/uploads\/2023\/08\/Analytics-1536x1273.png 1536w, https:\/\/www.datacolor.com\/wp-content\/uploads\/2023\/08\/Analytics-600x497.png 600w, https:\/\/www.datacolor.com\/wp-content\/uploads\/2023\/08\/Analytics-992x822.png 992w, https:\/\/www.datacolor.com\/wp-content\/uploads\/2023\/08\/Analytics-1200x995.png 1200w, https:\/\/www.datacolor.com\/wp-content\/uploads\/2023\/08\/Analytics-735x609.png 735w, https:\/\/www.datacolor.com\/wp-content\/uploads\/2023\/08\/Analytics-700x580.png 700w, https:\/\/www.datacolor.com\/wp-content\/uploads\/2023\/08\/Analytics-241x200.png 241w, https:\/\/www.datacolor.com\/wp-content\/uploads\/2023\/08\/Analytics-100x83.png 100w, https:\/\/www.datacolor.com\/wp-content\/uploads\/2023\/08\/Analytics-40x33.png 40w, https:\/\/www.datacolor.com\/wp-content\/uploads\/2023\/08\/Analytics-211x175.png 211w, https:\/\/www.datacolor.com\/wp-content\/uploads\/2023\/08\/Analytics.png 1708w\" sizes=\"(max-width: 350px) 100vw, 350px\" \/>        <\/div>\n    \n    <p class=\"product-teaser__title\">Colibri Analytics<\/p>\n\n                <p class=\"product-teaser__excerpt\">Impulse la eficiencia con decisiones fundamentadas y basadas en datos.<\/p>\n    <\/a>\n\n<button type=\"button\" onclick=\"window.open('\/wp-admin\/post.php?post=169970&#038;action=edit')\" class=\"edit-link\" aria-hidden=\"true\">Edit Post<\/button><\/div>                    <\/div>\n                \n            <\/div>\n        <\/div>\n    <\/section><section id=\"gutenblock-block_6254cdb4b78b825035e01aaaf0cb8227\" class=\"gutenblock gutenblock--oms-cta \">\n\n        <img decoding=\"async\" width=\"1600\" height=\"500\" src=\"https:\/\/www.datacolor.com\/wp-content\/uploads\/2022\/01\/hero-footer-texture1-1600x500-1-1600x500.jpg\" class=\"bg_image\" alt=\"\" srcset=\"https:\/\/www.datacolor.com\/wp-content\/uploads\/2022\/01\/hero-footer-texture1-1600x500-1.jpg 1600w, https:\/\/www.datacolor.com\/wp-content\/uploads\/2022\/01\/hero-footer-texture1-1600x500-1-300x94.jpg 300w, https:\/\/www.datacolor.com\/wp-content\/uploads\/2022\/01\/hero-footer-texture1-1600x500-1-1024x320.jpg 1024w, https:\/\/www.datacolor.com\/wp-content\/uploads\/2022\/01\/hero-footer-texture1-1600x500-1-768x240.jpg 768w, https:\/\/www.datacolor.com\/wp-content\/uploads\/2022\/01\/hero-footer-texture1-1600x500-1-1536x480.jpg 1536w, https:\/\/www.datacolor.com\/wp-content\/uploads\/2022\/01\/hero-footer-texture1-1600x500-1-600x188.jpg 600w, https:\/\/www.datacolor.com\/wp-content\/uploads\/2022\/01\/hero-footer-texture1-1600x500-1-992x310.jpg 992w, https:\/\/www.datacolor.com\/wp-content\/uploads\/2022\/01\/hero-footer-texture1-1600x500-1-1200x375.jpg 1200w, https:\/\/www.datacolor.com\/wp-content\/uploads\/2022\/01\/hero-footer-texture1-1600x500-1-1000x313.jpg 1000w, https:\/\/www.datacolor.com\/wp-content\/uploads\/2022\/01\/hero-footer-texture1-1600x500-1-350x109.jpg 350w, https:\/\/www.datacolor.com\/wp-content\/uploads\/2022\/01\/hero-footer-texture1-1600x500-1-735x230.jpg 735w, https:\/\/www.datacolor.com\/wp-content\/uploads\/2022\/01\/hero-footer-texture1-1600x500-1-700x219.jpg 700w, https:\/\/www.datacolor.com\/wp-content\/uploads\/2022\/01\/hero-footer-texture1-1600x500-1-100x31.jpg 100w\" sizes=\"(max-width: 1600px) 100vw, 1600px\" \/>\n        <div class=\"gutenblock-inner\">\n\n            <div class=\"container-fluid l-cta__container\">\n\n                <div class=\"row l-cta__row l-cta__row--left\">\n\n                    <div class=\"col-12 col-lg-6 l-cta__col\">\n                        <div class=\"cta__content text-white\">\n\n\t\t\t    <h3>Inspeccione y corrija f\u00e1cilmente los lotes de producci\u00f3n mediante Colibri ColorQuality&amp;Correct.<\/h3>\n<p>Consigue el color adecuado. Hable hoy mismo con un experto en color.<\/p>\n\n                                                            <div class=\"cta_links_container mt-4\">\n                                    <a href=\"https:\/\/www.datacolor.com\/business-solutions\/request-product-info\/\" target=\"En blanco\" class=\"cta_link btn-secondary\">Hablemos de color<\/a>                                <\/div>\n                            \n                        <\/div>\n                    <\/div>\n                <\/div>\n            <\/div>\n        <\/div>\n    <\/section>","protected":false},"excerpt":{"rendered":"","protected":false},"featured_media":169911,"parent":0,"template":"","meta":{"_acf_changed":false,"_relevanssi_hide_post":"","_relevanssi_hide_content":"","_relevanssi_pin_for_all":"","_relevanssi_pin_keywords":"","_relevanssi_unpin_keywords":"","_relevanssi_related_keywords":"","_relevanssi_related_include_ids":"","_relevanssi_related_exclude_ids":"","_relevanssi_related_no_append":"","_relevanssi_related_not_related":"","_relevanssi_related_posts":"160867,160719,160731,160687,160755,160825","_relevanssi_noindex_reason":"","_links_to":"","_links_to_target":""},"product_category":[1438],"class_list":["post-169977","product","type-product","status-publish","has-post-thumbnail","hentry","product_category-colibri-cloud-platform"],"acf":[],"yoast_head":"<!-- This site is optimized with the Yoast SEO plugin v26.6 - https:\/\/yoast.com\/wordpress\/plugins\/seo\/ -->\n<title>Colibri ColorQuality&amp;Correct para producci\u00f3n | Datacolor<\/title>\n<meta name=\"description\" content=\"Colibri ColorQuality&amp;Correct facilita a producci\u00f3n la realizaci\u00f3n de evaluaciones de lotes de inspecci\u00f3n, facilitando la decisi\u00f3n de aceptar o corregir lotes.\" \/>\n<meta name=\"robots\" content=\"index, follow, max-snippet:-1, max-image-preview:large, max-video-preview:-1\" \/>\n<link rel=\"canonical\" href=\"https:\/\/www.datacolor.com\/es\/business-solutions\/product\/colibri-colorquality-correct\/\" \/>\n<meta property=\"og:locale\" content=\"es_ES\" \/>\n<meta property=\"og:type\" content=\"article\" \/>\n<meta property=\"og:title\" content=\"Colibri ColorQuality&amp;Correct para producci\u00f3n | Datacolor\" \/>\n<meta property=\"og:description\" content=\"Colibri ColorQuality&amp;Correct facilita a producci\u00f3n la realizaci\u00f3n de evaluaciones de lotes de inspecci\u00f3n, facilitando la decisi\u00f3n de aceptar o corregir lotes.\" \/>\n<meta property=\"og:url\" content=\"https:\/\/www.datacolor.com\/es\/business-solutions\/product\/colibri-colorquality-correct\/\" \/>\n<meta property=\"og:site_name\" content=\"Datacolor\" \/>\n<meta property=\"article:publisher\" content=\"https:\/\/facebook.com\/DatacolorCorporate\" \/>\n<meta property=\"article:modified_time\" content=\"2023-10-17T09:18:26+00:00\" \/>\n<meta property=\"og:image\" content=\"https:\/\/www.datacolor.com\/wp-content\/uploads\/2023\/08\/QualityCorrection.jpg\" \/>\n\t<meta property=\"og:image:width\" content=\"800\" \/>\n\t<meta property=\"og:image:height\" content=\"668\" \/>\n\t<meta property=\"og:image:type\" content=\"image\/jpeg\" \/>\n<meta name=\"twitter:card\" content=\"summary_large_image\" \/>\n<!-- \/ Yoast SEO plugin. -->","yoast_head_json":{"title":"Colibri ColorQuality&Correct para producci\u00f3n | Datacolor","description":"Colibri ColorQuality&Correct facilita a producci\u00f3n la realizaci\u00f3n de evaluaciones de lotes de inspecci\u00f3n, facilitando la decisi\u00f3n de aceptar o corregir lotes.","robots":{"index":"index","follow":"follow","max-snippet":"max-snippet:-1","max-image-preview":"max-image-preview:large","max-video-preview":"max-video-preview:-1"},"canonical":"https:\/\/www.datacolor.com\/es\/business-solutions\/product\/colibri-colorquality-correct\/","og_locale":"es_ES","og_type":"article","og_title":"Colibri ColorQuality&Correct para producci\u00f3n | Datacolor","og_description":"Colibri ColorQuality&Correct facilita a producci\u00f3n la realizaci\u00f3n de evaluaciones de lotes de inspecci\u00f3n, facilitando la decisi\u00f3n de aceptar o corregir lotes.","og_url":"https:\/\/www.datacolor.com\/es\/business-solutions\/product\/colibri-colorquality-correct\/","og_site_name":"Datacolor","article_publisher":"https:\/\/facebook.com\/DatacolorCorporate","article_modified_time":"2023-10-17T09:18:26+00:00","og_image":[{"width":800,"height":668,"url":"https:\/\/www.datacolor.com\/wp-content\/uploads\/2023\/08\/QualityCorrection.jpg","type":"image\/jpeg"}],"twitter_card":"summary_large_image","schema":{"@context":"https:\/\/schema.org","@graph":[{"@type":"WebPage","@id":"https:\/\/www.datacolor.com\/es\/business-solutions\/product\/colibri-colorquality-correct\/","url":"https:\/\/www.datacolor.com\/es\/business-solutions\/product\/colibri-colorquality-correct\/","name":"Colibri ColorQuality&Correct para producci\u00f3n | Datacolor","isPartOf":{"@id":"https:\/\/www.datacolor.com\/es\/#website"},"primaryImageOfPage":{"@id":"https:\/\/www.datacolor.com\/es\/business-solutions\/product\/colibri-colorquality-correct\/#primaryimage"},"image":{"@id":"https:\/\/www.datacolor.com\/es\/business-solutions\/product\/colibri-colorquality-correct\/#primaryimage"},"thumbnailUrl":"https:\/\/www.datacolor.com\/wp-content\/uploads\/2023\/08\/QualityCorrection.jpg","datePublished":"2023-08-24T18:23:09+00:00","dateModified":"2023-10-17T09:18:26+00:00","description":"Colibri ColorQuality&Correct facilita a producci\u00f3n la realizaci\u00f3n de evaluaciones de lotes de inspecci\u00f3n, facilitando la decisi\u00f3n de aceptar o corregir lotes.","inLanguage":"es-ES","potentialAction":[{"@type":"ReadAction","target":["https:\/\/www.datacolor.com\/es\/business-solutions\/product\/colibri-colorquality-correct\/"]}]},{"@type":"ImageObject","inLanguage":"es-ES","@id":"https:\/\/www.datacolor.com\/es\/business-solutions\/product\/colibri-colorquality-correct\/#primaryimage","url":"https:\/\/www.datacolor.com\/wp-content\/uploads\/2023\/08\/QualityCorrection.jpg","contentUrl":"https:\/\/www.datacolor.com\/wp-content\/uploads\/2023\/08\/QualityCorrection.jpg","width":800,"height":668},{"@type":"WebSite","@id":"https:\/\/www.datacolor.com\/es\/#website","url":"https:\/\/www.datacolor.com\/es\/","name":"Datacolor","description":"Color Management Solutions","publisher":{"@id":"https:\/\/www.datacolor.com\/es\/#organization"},"potentialAction":[{"@type":"SearchAction","target":{"@type":"EntryPoint","urlTemplate":"https:\/\/www.datacolor.com\/es\/?s={search_term_string}"},"query-input":{"@type":"PropertyValueSpecification","valueRequired":true,"valueName":"search_term_string"}}],"inLanguage":"es-ES"},{"@type":"Organization","@id":"https:\/\/www.datacolor.com\/es\/#organization","name":"Datacolor","url":"https:\/\/www.datacolor.com\/es\/","logo":{"@type":"ImageObject","inLanguage":"es-ES","@id":"https:\/\/www.datacolor.com\/es\/#\/schema\/logo\/image\/","url":"https:\/\/www.datacolor.com\/wp-content\/uploads\/2021\/12\/logo-header.jpg","contentUrl":"https:\/\/www.datacolor.com\/wp-content\/uploads\/2021\/12\/logo-header.jpg","width":259,"height":45,"caption":"Datacolor"},"image":{"@id":"https:\/\/www.datacolor.com\/es\/#\/schema\/logo\/image\/"},"sameAs":["https:\/\/facebook.com\/DatacolorCorporate","https:\/\/linkedin.com\/company\/datacolor","https:\/\/www.youtube.com\/user\/DatacolorIndustrial"]}]}},"_links":{"self":[{"href":"https:\/\/www.datacolor.com\/es\/wp-json\/wp\/v2\/product\/169977","targetHints":{"allow":["GET"]}}],"collection":[{"href":"https:\/\/www.datacolor.com\/es\/wp-json\/wp\/v2\/product"}],"about":[{"href":"https:\/\/www.datacolor.com\/es\/wp-json\/wp\/v2\/types\/product"}],"version-history":[{"count":0,"href":"https:\/\/www.datacolor.com\/es\/wp-json\/wp\/v2\/product\/169977\/revisions"}],"wp:featuredmedia":[{"embeddable":true,"href":"https:\/\/www.datacolor.com\/es\/wp-json\/wp\/v2\/media\/169911"}],"wp:attachment":[{"href":"https:\/\/www.datacolor.com\/es\/wp-json\/wp\/v2\/media?parent=169977"}],"wp:term":[{"taxonomy":"product_category","embeddable":true,"href":"https:\/\/www.datacolor.com\/es\/wp-json\/wp\/v2\/product_category?post=169977"}],"curies":[{"name":"wp","href":"https:\/\/api.w.org\/{rel}","templated":true}]}}