{"id":161072,"date":"2022-09-15T06:37:42","date_gmt":"2022-09-15T11:37:42","guid":{"rendered":"https:\/\/dev.new.datacolor.eu\/politica-di-ritorno\/"},"modified":"2025-01-29T10:36:29","modified_gmt":"2025-01-29T16:36:29","slug":"politica-di-ritorno","status":"publish","type":"page","link":"https:\/\/www.datacolor.com\/it\/legale\/ema\/politica-di-ritorno\/","title":{"rendered":"Politica di restituzione"},"content":{"rendered":"<div class=\"wp-core-gutenblock gutenblock freeform bg-color-white\">\n<div class=\"container-fluid\">\n<div class=\"row\">\n<div class=\"column\">Per tutti i contratti di vendita e le consegne effettuate attraverso l&#8217;Onlinestore situato su https:\/\/www.datacolor.com\/ e i suoi sottodomini gestiti da Datacolor GmbH si applicano i seguenti diritti di recesso:<\/p>\n<p>Il cliente ha il diritto di recedere dal presente contratto entro 14 giorni senza fornire alcuna motivazione.<\/p>\n<p>Il periodo di recesso scadr\u00e0 dopo 14 giorni dal giorno in cui il cliente acquisisce, o un terzo diverso dal vettore e da lui indicato acquisisce, il possesso fisico della merce.<\/p>\n<p>Per esercitare il diritto di recesso, l&#8217;utente deve informarci (Datacolor GmbH, Elbestra\u00dfe 10, 45768 Marl, Germania, Tel: +49 2365 51090\u202c, Fax: +49 2365 510939, eMail: cv-admin@datacolor.com) della sua decisione di recedere dal presente contratto tramite una dichiarazione inequivocabile (ad esempio, una lettera inviata per posta, fax o e-mail). \u00c8 possibile utilizzare il modello di modulo di ritiro allegato, ma non \u00e8 obbligatorio.<\/p>\n<p>Per rispettare il termine di recesso, \u00e8 sufficiente inviare la comunicazione relativa all&#8217;esercizio del diritto di recesso prima della scadenza del periodo di recesso.<\/p>\n<hr \/>\n<h4>Effetti dell&#8217;astinenza<\/h4>\n<p>Se Lei recede dal presente contratto, Le rimborseremo tutti i pagamenti da Lei ricevuti, compresi i costi di consegna (ad eccezione dei costi supplementari derivanti dalla Sua scelta di un tipo di consegna diverso dal tipo meno costoso di consegna standard da noi offerto), senza indebito ritardo e in ogni caso non oltre 14 giorni dal giorno in cui siamo informati della Sua decisione di recedere dal presente contratto. Il rimborso verr\u00e0 effettuato utilizzando lo stesso mezzo di pagamento utilizzato dall&#8217;utente per la transazione iniziale, a meno che l&#8217;utente non abbia espressamente concordato diversamente; in ogni caso, l&#8217;utente non dovr\u00e0 sostenere alcuna spesa in seguito a tale rimborso.<\/p>\n<p>Possiamo trattenere il rimborso finch\u00e9 non avremo ricevuto la merce o finch\u00e9 il cliente non avr\u00e0 fornito la prova di averla rispedita, a seconda di quale dei due casi si verifichi per primo.<\/p>\n<p>Dovrete rispedire i beni o consegnarli a &#8220;FIEGE Returns C\/O Datacolor, Havellandstra\u00dfe 6, 14656 Brieselang, Germania&#8221; o &#8220;SEKO Returns C\/O Datacolor, High Standing, Harding Rd, Brinklow, Milton Keynes MK10 0DF, United Kingdom&#8221; senza indebiti ritardi e in ogni caso non oltre 14 giorni dal giorno in cui ci avete comunicato il vostro recesso dal presente contratto. Il termine \u00e8 rispettato se si rispedisce la merce prima della scadenza del periodo di 14 giorni.<\/p>\n<p>Il cliente dovr\u00e0 sostenere il costo diretto della restituzione della merce.<\/p>\n<p>Il cliente \u00e8 responsabile solo della diminuzione del valore dei beni risultante da una manipolazione diversa da quella necessaria per stabilire la natura, le caratteristiche e il funzionamento dei beni.<\/p>\n<hr \/>\n<h4>Modello di modulo di recesso<\/h4>\n<p>(Compilare e restituire questo modulo solo se si desidera recedere dal contratto).<\/p>\n<blockquote>\n<ul style=\"margin-left: 20px;\">\n<li style=\"list-style-type: none;\">A Datacolor GmbH, Elbestra\u00dfe 10, 45768 Marl, Germania, Tel: +49 2365 51090\u202c, Fax: +49 2365 510939, eMail: cv-admin@datacolor.com<\/li>\n<li style=\"list-style-type: none;\">Con la presente io\/noi (*) comunichiamo che io\/noi (*) recediamo dal mio\/nostro (*) contratto di vendita dei seguenti beni (*) \/ per la fornitura del seguente servizio,<\/li>\n<li style=\"list-style-type: none;\">Ordinato il (*) \/ ricevuto il (*)<\/li>\n<li style=\"list-style-type: none;\">Nome del\/i consumatore\/i<\/li>\n<li style=\"list-style-type: none;\">Indirizzo del\/i consumatore\/i<\/li>\n<li style=\"list-style-type: none;\">Firma del\/i consumatore\/i (solo se il presente modulo viene notificato su carta)<\/li>\n<li style=\"list-style-type: none;\">Data<\/li>\n<li style=\"list-style-type: none;\">(*) Cancellare la dicitura appropriata.<\/li>\n<\/ul>\n<\/blockquote>\n<p>La merce deve essere restituita al seguente indirizzo:<\/p>\n<p><strong><u>Europe:<\/u><br \/>\nFIEGE Returns C\/O Datacolor, Havellandstra\u00dfe 6, 14656 Brieselang, Germany<\/strong><\/p>\n<p><strong><u>UK:<\/u><br \/>\nSEKO Returns C\/O Datacolor, High Standing, Harding Rd, Brinklow, Milton Keynes MK10 0DF, United Kingdom<\/strong><\/p>\n<p>Per garantire un processo senza intoppi, si prega di contattare il nostro team di assistenza in anticipo.<\/p><\/div>\n<\/p><\/div>\n<\/p><\/div>\n<\/p><\/div>\n","protected":false},"excerpt":{"rendered":"<p>Per tutti i contratti di vendita e le consegne effettuate attraverso l&#8217;Onlinestore situato su https:\/\/www.datacolor.com\/ e i suoi sottodomini gestiti da Datacolor GmbH si applicano i seguenti diritti di recesso:&#8230;<\/p>\n","protected":false},"author":22,"featured_media":0,"parent":165998,"menu_order":0,"comment_status":"closed","ping_status":"closed","template":"","meta":{"_acf_changed":false,"_relevanssi_hide_post":"","_relevanssi_hide_content":"","_relevanssi_pin_for_all":"","_relevanssi_pin_keywords":"","_relevanssi_unpin_keywords":"","_relevanssi_related_keywords":"","_relevanssi_related_include_ids":"","_relevanssi_related_exclude_ids":"","_relevanssi_related_no_append":"","_relevanssi_related_not_related":"","_relevanssi_related_posts":"161326","_relevanssi_noindex_reason":"","footnotes":""},"class_list":["post-161072","page","type-page","status-publish","hentry"],"acf":[],"yoast_head":"<!-- This site is optimized with the Yoast SEO plugin v26.6 - https:\/\/yoast.com\/wordpress\/plugins\/seo\/ -->\n<title>Politica di restituzione | Datacolor<\/title>\n<meta name=\"robots\" content=\"index, follow, max-snippet:-1, max-image-preview:large, max-video-preview:-1\" \/>\n<link rel=\"canonical\" href=\"https:\/\/www.datacolor.com\/it\/legale\/ema\/politica-di-ritorno\/\" \/>\n<meta property=\"og:locale\" content=\"it_IT\" \/>\n<meta property=\"og:type\" content=\"article\" \/>\n<meta property=\"og:title\" content=\"Politica di restituzione | Datacolor\" \/>\n<meta property=\"og:description\" content=\"Per tutti i contratti di vendita e le consegne effettuate attraverso l&#039;Onlinestore situato su https:\/\/www.datacolor.com\/ e i suoi sottodomini gestiti da Datacolor GmbH si applicano i seguenti diritti di recesso:...\" \/>\n<meta property=\"og:url\" content=\"https:\/\/www.datacolor.com\/it\/legale\/ema\/politica-di-ritorno\/\" \/>\n<meta property=\"og:site_name\" content=\"Datacolor\" \/>\n<meta property=\"article:publisher\" content=\"https:\/\/facebook.com\/DatacolorCorporate\" \/>\n<meta property=\"article:modified_time\" content=\"2025-01-29T16:36:29+00:00\" \/>\n<meta property=\"og:image\" content=\"https:\/\/www.datacolor.com\/wp-content\/uploads\/2022\/01\/collage-careers-800x700-1.jpg\" \/>\n\t<meta property=\"og:image:width\" content=\"800\" \/>\n\t<meta property=\"og:image:height\" content=\"700\" \/>\n\t<meta property=\"og:image:type\" content=\"image\/jpeg\" \/>\n<meta name=\"twitter:card\" content=\"summary_large_image\" \/>\n<meta name=\"twitter:label1\" content=\"Tempo di lettura stimato\" \/>\n\t<meta name=\"twitter:data1\" content=\"3 minuti\" \/>\n<!-- \/ Yoast SEO plugin. -->","yoast_head_json":{"title":"Politica di restituzione | Datacolor","robots":{"index":"index","follow":"follow","max-snippet":"max-snippet:-1","max-image-preview":"max-image-preview:large","max-video-preview":"max-video-preview:-1"},"canonical":"https:\/\/www.datacolor.com\/it\/legale\/ema\/politica-di-ritorno\/","og_locale":"it_IT","og_type":"article","og_title":"Politica di restituzione | Datacolor","og_description":"Per tutti i contratti di vendita e le consegne effettuate attraverso l'Onlinestore situato su https:\/\/www.datacolor.com\/ e i suoi sottodomini gestiti da Datacolor GmbH si applicano i seguenti diritti di recesso:...","og_url":"https:\/\/www.datacolor.com\/it\/legale\/ema\/politica-di-ritorno\/","og_site_name":"Datacolor","article_publisher":"https:\/\/facebook.com\/DatacolorCorporate","article_modified_time":"2025-01-29T16:36:29+00:00","og_image":[{"width":800,"height":700,"url":"https:\/\/www.datacolor.com\/wp-content\/uploads\/2022\/01\/collage-careers-800x700-1.jpg","type":"image\/jpeg"}],"twitter_card":"summary_large_image","twitter_misc":{"Tempo di lettura stimato":"3 minuti"},"schema":{"@context":"https:\/\/schema.org","@graph":[{"@type":"WebPage","@id":"https:\/\/www.datacolor.com\/it\/legale\/ema\/politica-di-ritorno\/","url":"https:\/\/www.datacolor.com\/it\/legale\/ema\/politica-di-ritorno\/","name":"Politica di restituzione | Datacolor","isPartOf":{"@id":"https:\/\/www.datacolor.com\/it\/#website"},"datePublished":"2022-09-15T11:37:42+00:00","dateModified":"2025-01-29T16:36:29+00:00","breadcrumb":{"@id":"https:\/\/www.datacolor.com\/it\/legale\/ema\/politica-di-ritorno\/#breadcrumb"},"inLanguage":"it-IT","potentialAction":[{"@type":"ReadAction","target":["https:\/\/www.datacolor.com\/it\/legale\/ema\/politica-di-ritorno\/"]}]},{"@type":"BreadcrumbList","@id":"https:\/\/www.datacolor.com\/it\/legale\/ema\/politica-di-ritorno\/#breadcrumb","itemListElement":[{"@type":"ListItem","position":1,"name":"Legale","item":"https:\/\/www.datacolor.com\/it\/legale\/"},{"@type":"ListItem","position":2,"name":"Legale &#8211; EMA"}]},{"@type":"WebSite","@id":"https:\/\/www.datacolor.com\/it\/#website","url":"https:\/\/www.datacolor.com\/it\/","name":"Datacolor","description":"Color Management Solutions","publisher":{"@id":"https:\/\/www.datacolor.com\/it\/#organization"},"potentialAction":[{"@type":"SearchAction","target":{"@type":"EntryPoint","urlTemplate":"https:\/\/www.datacolor.com\/it\/?s={search_term_string}"},"query-input":{"@type":"PropertyValueSpecification","valueRequired":true,"valueName":"search_term_string"}}],"inLanguage":"it-IT"},{"@type":"Organization","@id":"https:\/\/www.datacolor.com\/it\/#organization","name":"Datacolor","url":"https:\/\/www.datacolor.com\/it\/","logo":{"@type":"ImageObject","inLanguage":"it-IT","@id":"https:\/\/www.datacolor.com\/it\/#\/schema\/logo\/image\/","url":"https:\/\/www.datacolor.com\/wp-content\/uploads\/2021\/12\/logo-header.jpg","contentUrl":"https:\/\/www.datacolor.com\/wp-content\/uploads\/2021\/12\/logo-header.jpg","width":259,"height":45,"caption":"Datacolor"},"image":{"@id":"https:\/\/www.datacolor.com\/it\/#\/schema\/logo\/image\/"},"sameAs":["https:\/\/facebook.com\/DatacolorCorporate","https:\/\/linkedin.com\/company\/datacolor","https:\/\/www.youtube.com\/user\/DatacolorIndustrial"]}]}},"_links":{"self":[{"href":"https:\/\/www.datacolor.com\/it\/wp-json\/wp\/v2\/pages\/161072","targetHints":{"allow":["GET"]}}],"collection":[{"href":"https:\/\/www.datacolor.com\/it\/wp-json\/wp\/v2\/pages"}],"about":[{"href":"https:\/\/www.datacolor.com\/it\/wp-json\/wp\/v2\/types\/page"}],"author":[{"embeddable":true,"href":"https:\/\/www.datacolor.com\/it\/wp-json\/wp\/v2\/users\/22"}],"replies":[{"embeddable":true,"href":"https:\/\/www.datacolor.com\/it\/wp-json\/wp\/v2\/comments?post=161072"}],"version-history":[{"count":4,"href":"https:\/\/www.datacolor.com\/it\/wp-json\/wp\/v2\/pages\/161072\/revisions"}],"predecessor-version":[{"id":180598,"href":"https:\/\/www.datacolor.com\/it\/wp-json\/wp\/v2\/pages\/161072\/revisions\/180598"}],"up":[{"embeddable":true,"href":"https:\/\/www.datacolor.com\/it\/wp-json\/wp\/v2\/pages\/165998"}],"wp:attachment":[{"href":"https:\/\/www.datacolor.com\/it\/wp-json\/wp\/v2\/media?parent=161072"}],"curies":[{"name":"wp","href":"https:\/\/api.w.org\/{rel}","templated":true}]}}