{"id":161183,"date":"2022-09-15T09:51:25","date_gmt":"2022-09-15T14:51:25","guid":{"rendered":"https:\/\/dev.new.datacolor.eu\/termini-e-condizioni\/"},"modified":"2023-08-23T08:00:11","modified_gmt":"2023-08-23T13:00:11","slug":"termini-e-condizioni","status":"publish","type":"page","link":"https:\/\/www.datacolor.com\/it\/legale\/ema\/termini-e-condizioni\/","title":{"rendered":"Termini e condizioni"},"content":{"rendered":"<div class=\"wp-core-gutenblock gutenblock bg-color-white core_html\">\n            <div class=\"container-fluid\">\n                <div class=\"row\">\n                    <div class=\"column\"><div id=\"termsandcondition\">\n<ol>\n\n<li class=\"headline\">Generale, Clienti, Lingua<br> \n  <ol>\n    <li>Tutte le offerte, i contratti di vendita, le consegne e i servizi effettuati sulla base di eventuali ordini da parte dei nostri clienti (ciascuno, un &#8220;Cliente&#8221;) attraverso questo negozio online \/ (il &#8220;Negozio online&#8221;) gestito da noi,  \n<p>  <\/p>\n\nDatacolor GmbH<br>\nElbestra\u00dfe 10, 45768 Marl, Germania<br>\nTel: +41 44 835 38 00, Fax: +41 44 835 38 88,<br>eMail: info@datacolor.eu,  <br>\n<p>  <\/p>\n<p>  <\/p>\n\n  rappresentata da Philipp Andr\u00e9 Hediger, Christian Grosse, Handelsregister Gelsenkirchen HRB 5849 sar\u00e0 regolata dalle presenti condizioni generali di vendita (le &#8220;Condizioni Generali&#8221;).<\/li>\n\n    <li>Le offerte di prodotti nel Negozio online sono rivolte sia ai Consumatori che ai Clienti commerciali (come definiti di seguito), ma in ogni caso solo agli utenti finali. Ai fini delle presenti Condizioni Generali, (i) per &#8220;consumatore&#8221; si intende qualsiasi persona fisica che stipula il contratto per uno scopo non connesso alla propria attivit\u00e0 imprenditoriale, commerciale o professionale autonoma (art. 13 del Codice Civile tedesco), e (ii) un &#8220;Cliente commerciale&#8221; \u00e8 una persona fisica, un&#8217;azienda o una societ\u00e0 di persone dotata di capacit\u00e0 giuridica che stipula il contratto in questione nell&#8217;esercizio della propria attivit\u00e0 commerciale o professionale autonoma (Sec. 14 (1) del Codice civile tedesco).<\/li>\n\n    <li>Non si applicano le condizioni commerciali standard del cliente, indipendentemente dal fatto che noi le contestiamo espressamente in un caso specifico.<\/li>\n\n    <li>I nostri contratti con il Cliente saranno stipulati esclusivamente in lingua tedesca o inglese, in ogni caso a seconda che il Cliente effettui il relativo acquisto sul nostro sito web in lingua inglese o su quello in lingua tedesca. Pertanto, se l&#8217;ordine viene effettuato sul nostro sito web tedesco, sar\u00e0 rilevante esclusivamente la versione tedesca dei presenti Termini e Condizioni Generali. Se l&#8217;ordine viene effettuato sul nostro sito web inglese, far\u00e0 fede esclusivamente la versione inglese delle presenti Condizioni Generali.<\/li>\n\n    <li>Se il contratto prevede la vendita di qualsiasi tipo di licenza software, al posto delle presenti Condizioni generali si applicheranno i nostri termini e condizioni specifici relativi alla distribuzione delle licenze software.<\/li>\n  <\/ol>\n  <\/li>\n\n\n<li class=\"headline\">Conclusione del contratto<br> \n  <ol>\n    <li>Le nostre offerte nell&#8217;Online Shop non sono vincolanti.<\/li>\n    <li>Effettuando un ordine nel Negozio Online, il Cliente fa un&#8217;offerta vincolante nei confronti di Datacolor AG Europe per l&#8217;acquisto del prodotto in questione. L&#8217;offerta rimarr\u00e0 aperta all&#8217;accettazione da parte nostra per un periodo che terminer\u00e0 alla fine del terzo giorno lavorativo successivo al giorno dell&#8217;offerta.<\/li>\n    <li>Al ricevimento dell&#8217;ordine, invieremo senza indugio al Cliente una conferma di ricezione via e-mail, che non costituir\u00e0 un&#8217;accettazione dell&#8217;ordine. L&#8217;ordine si intende accettato da parte nostra con la successiva accettazione (via e-mail) dell&#8217;ordine o con la spedizione del prodotto. Il contratto di vendita con il Cliente diventer\u00e0 effettivo solo dopo la nostra accettazione.<\/li>\n    <\/ol>\n<\/li>\n\n\n<li class=\"headline\">Diritto di recesso<br> \n  <ol>\n    <li>Qualsiasi Cliente che sia un Consumatore avr\u00e0 il diritto di recedere dall&#8217;offerta e di restituire il prodotto in conformit\u00e0 con la politica di cancellazione e restituzione resa disponibile separatamente al Cliente sul nostro sito web durante il processo di ordinazione.<\/li>\n    <li>Se non diversamente concordato, il diritto di recesso non sussiste per i contratti di fornitura di software informatici sigillati, se questi sono stati dissigillati dopo la consegna.<\/li>\n    <li>Nel caso di un contratto per la fornitura di contenuti digitali che non sono contenuti in un supporto tangibile e che sono prodotti e resi disponibili in forma digitale (contenuti digitali), il diritto di recesso decade anche se abbiamo iniziato l&#8217;esecuzione del contratto dopo che il Cliente\n     \n    <ul>\n      <li>aveva espressamente acconsentito a iniziare l&#8217;esecuzione del contratto prima della scadenza del periodo di recesso, e<\/li>\n      <li>aveva riconosciuto che, con il suo consenso, avrebbe perso il diritto di recedere dal contratto una volta iniziata l&#8217;esecuzione dello stesso.<\/li>\n    <\/ul>\n    <\/li>\n  <\/ol>\n<\/li>\n\n\n<li class=\"headline\">Prezzi e pagamenti<br> \n  <ol>\n    <li>I nostri prezzi sono comprensivi di IVA, ma al netto delle spese di spedizione. Eventuali dazi doganali e oneri pubblici analoghi sono a carico del Cliente.<\/li>\n    <li>Il pagamento per tutti i prodotti deve essere effettuato con carte di credito (Visa e Mastercard) e con pagamento upfont.<\/li>\n    <li>Se non espressamente concordato diversamente, tutte le spedizioni da parte nostra richiederanno un pagamento anticipato (da effettuarsi secondo le modalit\u00e0 specificate nel nostro modulo d&#8217;ordine disponibile nel Negozio online).<\/li>\n    <li>Se il Cliente \u00e8 in mora, dovr\u00e0 sostenere gli interessi di mora. Se il Cliente \u00e8 un Consumatore, il tasso di interesse sar\u00e0 pari al 5% in pi\u00f9 del rispettivo tasso di interesse di base applicabile, se il Cliente \u00e8 un Cliente Business, il tasso di interesse sar\u00e0 pari al 9% in pi\u00f9 del rispettivo tasso di interesse di base applicabile. L&#8217;obbligo del Cliente di pagare gli interessi di mora non preclude la possibilit\u00e0 di rivendicare da parte nostra ulteriori danni causati dal ritardo.<\/li>\n    <li>Il Cliente non avr\u00e0 alcun diritto di compensazione o di ritenzione, tranne nel caso in cui la domanda riconvenzionale non sia stata contestata da noi o sia stata determinata da una decisione definitiva e vincolante.<\/li>\n  <\/ol>\n<\/li>\n\n\n<li class=\"headline\">Spedizione del prodotto<br> \n  <ol>\n    <li>Qualsiasi data di spedizione da noi comunicata sar\u00e0 solo approssimativa, tranne nel caso in cui sia stata concordata una data di spedizione fissa.<\/li>\n    <li>Qualsiasi periodo di tempo rilevante per determinare la data di spedizione ai sensi della presente Sezione 4 (come specificato da noi al momento dell&#8217;ordine o come altrimenti concordato) inizier\u00e0, se \u00e8 stato concordato il pagamento anticipato, al momento del ricevimento da parte nostra dell&#8217;intero prezzo di acquisto (IVA e spese di spedizione incluse) alla conclusione del contratto di vendita.<\/li>\n    <li>La data di spedizione \u00e8 il giorno in cui il prodotto viene consegnato da noi al vettore.<\/li>\n    <li>Indipendentemente dal fatto che un prodotto sia indicato nel modulo d&#8217;ordine come &#8220;in stock&#8221;, possiamo vendere tale prodotto in qualsiasi momento, a condizione che\n       \n      <ul>\n        <li>il modulo d&#8217;ordine abbia incluso un avviso di disponibilit\u00e0 limitata del prodotto o<\/li>\n        <li>\u00e8 stato concordato un pagamento anticipato e tale importo non viene ricevuto da noi entro un periodo di cinque giorni lavorativi dalla nostra accettazione dell&#8217;ordine.\n         <\/li>\n      <\/ul>\n  In questi casi, saremo obbligati a spedire il prodotto entro il periodo di tempo concordato o indicato da noi solo fino a esaurimento scorte.<\/li>\n    <li>Nel caso in cui non sia stata specificata o altrimenti concordata una data di spedizione o non siamo pi\u00f9 tenuti a consegnare entro un periodo di tempo concordato ai sensi della sottosezione 4, saremo tenuti a spedire il prodotto entro un periodo di 30 giorni dalla Data di riferimento ai sensi della sottosezione 1.<\/li>\n    <li>Nel caso in cui il nostro fornitore non riesca a consegnare tempestivamente un prodotto che \u00e8 stato indicato nel modulo d&#8217;ordine come &#8220;non disponibile a magazzino&#8221; o che \u00e8 stato venduto in conformit\u00e0 alla sottosezione 4 di cui sopra, qualsiasi termine di consegna applicabile ai sensi della presente Sezione 5 sar\u00e0 considerato esteso fino alla consegna da parte del nostro fornitore pi\u00f9 un ulteriore periodo di tre giorni lavorativi, ma in nessun caso per un periodo superiore a tre settimane, a condizione che la mancata fornitura tempestiva dei prodotti da parte del nostro fornitore non sia dovuta a nostra colpa o negligenza e che abbiamo ordinato senza indebito ritardo i prodotti in questione dal fornitore.<\/li>\n    <li>Nel caso in cui il prodotto non sia pi\u00f9 disponibile o non possa essere consegnato tempestivamente, per uno qualsiasi dei motivi indicati nella Sezione 5 (6), ne informeremo senza indebito ritardo il Cliente. Se il prodotto non \u00e8 pi\u00f9 disponibile presso i nostri fornitori in un futuro prevedibile, avremo il diritto di rescindere il contratto di vendita. In caso di tale risoluzione, rimborseremo senza indugio al Cliente tutti i pagamenti che questi ha effettuato a nostro favore in relazione all&#8217;ordine. La presente disposizione non pregiudica i diritti legali del Cliente derivanti da una consegna tardiva; tuttavia, il Cliente pu\u00f2 richiedere il risarcimento dei danni solo in base alle disposizioni della Sezione 10 delle presenti Condizioni generali.<\/li>\n    <li>Le consegne parziali di prodotti inclusi nello stesso ordine sono consentite, a condizione che i prodotti possano essere utilizzati separatamente e che siano a nostro carico le eventuali spese di spedizione aggiuntive.<\/li>\n  <\/ol>\n<\/li>\n\n\n<li class=\"headline\">Spedizione, assicurazione e trasferimento del rischio<br> \n  <ol>\n    <li>Se non espressamente concordato diversamente, saremo liberi di determinare la modalit\u00e0 di spedizione appropriata e di scegliere il vettore a nostra ragionevole discrezione.<\/li>\n    <li>Siamo obbligati solo a consegnare correttamente e tempestivamente il prodotto al vettore e non siamo responsabili di eventuali ritardi causati dal vettore. I tempi di transito da noi indicati sono pertanto solo stime non vincolanti.<\/li>\n    <li>Se il Cliente \u00e8 un Consumatore, il rischio di distruzione accidentale, danneggiamento o perdita del prodotto consegnato passer\u00e0 al Cliente al momento della consegna del prodotto al Cliente o della mancata accettazione da parte del Cliente. In tutti gli altri casi, tale rischio passer\u00e0 al Cliente al momento della consegna del prodotto da parte nostra al vettore.<\/li>\n    <li>Assicureremo il prodotto contro i normali rischi di trasporto a nostre spese.<\/li>\n  <\/ol>\n<\/li>\n\n\n<li class=\"headline\">Riserva di propriet\u00e0 e rivendita<br> \n  <ol>\n    <li>Conserviamo la propriet\u00e0 legale di qualsiasi prodotto da noi fornito fino al completo pagamento del prezzo di acquisto (IVA e spese di spedizione incluse) di tale prodotto.<\/li>\n    <li>Il Cliente non potr\u00e0 rivendere i prodotti da noi consegnati con riserva di propriet\u00e0, salvo previo consenso scritto da parte nostra.<\/li>\n  <\/ol>\n<\/li>\n\n<li class=\"headline\">Garanzia<br> \n  <ol>\n    <li>In caso di difetti del prodotto consegnato, il Cliente avr\u00e0 il diritto di richiedere a noi la riparazione del difetto o la fornitura di un altro prodotto (come ordinato) privo di difetti.\n         \n  La nostra responsabilit\u00e0 per i difetti del prodotto consegnato \u00e8 disciplinata dalle disposizioni di legge applicabili.  \n         \n  In deroga a quanto sopra, se il Cliente \u00e8 un Cliente commerciale, avremo il diritto di scegliere tra i suddetti rimedi a nostra discrezione, a condizione che tale scelta venga effettuata da noi mediante comunicazione scritta (in &#8220;forma di testo&#8221;, anche via fax o via e-mail) entro un periodo di tre giorni lavorativi dal ricevimento della notifica del difetto da parte del Cliente. Possiamo rifiutarci di porre rimedio a un prodotto difettoso nel modo richiesto dal Cliente se tale rimedio comporterebbe costi irragionevoli.<\/li>\n    <li>Se il rimedio (prestazione supplementare) ai sensi della Sezione 8 (1) non riesce o non pu\u00f2 essere ragionevolmente atteso dal Cliente o se noi ci rifiutiamo di porre rimedio al difetto, il Cliente avr\u00e0 il diritto di risolvere il contratto di vendita, di ridurre il prezzo di acquisto o di richiedere il risarcimento dei danni o delle spese vanificate, in ogni caso in conformit\u00e0 con la legge applicabile; a condizione, tuttavia, che le richieste di risarcimento dei danni del Cliente siano soggette alle disposizioni contenute nella Sezione 10 dei presenti Termini e condizioni generali.<\/li>\n    <li>Il periodo di garanzia sar\u00e0 di due anni dalla consegna del Prodotto se il Cliente \u00e8 un Consumatore o altrimenti di dodici mesi dalla consegna del prodotto.<\/li>\n    <li>Per quanto riguarda i soli Clienti commerciali, si applica quanto segue: Il Cliente dovr\u00e0 prontamente ispezionare il prodotto con la dovuta attenzione al momento della consegna. Il prodotto consegnato si considera approvato dal Cliente, a meno che il difetto non venga notificato a noi. (i) in caso di difetti evidenti entro un periodo di cinque giorni lavorativi dalla consegna oppure (ii) altrimenti entro cinque giorni lavorativi dal giorno in cui il difetto \u00e8 stato identificato.<\/li>\n  <\/ol>\n<\/li>\n\n\n<li class=\"headline\">Diritti di propriet\u00e0 intellettuale<br> \n  <ol>\n    <li>Al Cliente viene concesso il diritto non esclusivo di utilizzare qualsiasi software fornito con il prodotto per l&#8217;utilizzo in relazione al prodotto stesso.<\/li>\n    <li>Il Cliente non avr\u00e0 il diritto di fare copie del software, se non per l&#8217;utilizzo del software ai sensi della Sezione 9 (1) o per scopi di back-up.<\/li>\n    <li>Il Cliente pu\u00f2 trasferire i diritti sul software a terzi solo se allo stesso tempo la propriet\u00e0 del prodotto in questione (in particolare un prodotto hardware) viene trasferita a tali terzi e il Cliente non conserva alcuna copia del software.<\/li>\n    <li>In nessun caso saremo tenuti a rendere disponibile il codice sorgente del software.<\/li>\n  <\/ol>\n<\/li>\n\n\n<li class=\"headline\">Responsabilit\u00e0<br> \n  <ol>\n    <li>Le richieste di risarcimento danni da parte del Cliente sono escluse. Sono escluse le richieste di risarcimento danni del Cliente in caso di morte, lesioni personali o danni fisici al Cliente o di violazione di obblighi contrattuali essenziali (obblighi cardinali), nonch\u00e9 la responsabilit\u00e0 per altri danni che si basano su un comportamento intenzionale o gravemente negligente da parte nostra o di uno dei nostri rappresentanti legali o agenti vicari. Gli obblighi contrattuali essenziali sono quelli il cui adempimento \u00e8 necessario per il raggiungimento dello scopo del contratto.<\/li>\n    <li>In caso di violazione di obblighi contrattuali essenziali, la nostra responsabilit\u00e0 sar\u00e0 limitata ai danni ragionevolmente prevedibili e tipici per questo tipo di contratto, se tali danni sono stati causati da un semplice comportamento negligente, a meno che non si tratti di richieste di risarcimento del Cliente per danni alla vita, al corpo o alla salute.<\/li>\n    <li>Le limitazioni di cui all&#8217;art. 10 (1) e (2) si applicano anche a favore dei nostri rappresentanti legali e agenti ausiliari se le rivendicazioni vengono fatte valere direttamente nei loro confronti.<\/li>\n    <li>Le disposizioni della legge tedesca sulla responsabilit\u00e0 del prodotto rimangono inalterate.<\/li>\n  <\/ol>\n<\/li>\n\n\n<li class=\"headline\">Protezione dei dati<br> \n  <ol>\n    <li>Possiamo salvare ed elaborare qualsiasi dato relativo al Cliente, nella misura necessaria ai fini dell&#8217;esecuzione e dell&#8217;attuazione del contratto di vendita e per tutto il tempo in cui siamo tenuti a conservare tali dati in conformit\u00e0 alla legge applicabile.<\/li>\n    <li>Avremo il diritto di trasmettere i dati personali del Cliente alle agenzie di credito, nella misura in cui ci\u00f2 sia necessario per un controllo del credito, a condizione tuttavia che il Cliente dia il proprio consenso in ogni singolo caso. Non renderemo disponibili i dati personali del Cliente a terzi senza l&#8217;esplicito consenso del Cliente, tranne nel caso in cui la divulgazione sia richiesta dalla legge.<\/li>\n    <li>Non ci \u00e8 consentito raccogliere, sottoporre a terzi o trattare in altro modo i dati personali del Cliente per scopi diversi da quelli stabiliti nella presente Sezione 11.<\/li>\n  <\/ol>\n<\/li>\n\n\n<li class=\"headline\">Legge applicabile e tribunali competenti<br> \n  <ol>\n    <li>Si applicano le leggi della Repubblica Federale di Germania, ad esclusione della Convenzione delle Nazioni Unite sulla Vendita Internazionale di Beni (CISG). Se avete effettuato l&#8217;ordine in qualit\u00e0 di Consumatore e, al momento dell&#8217;ordine, avete la vostra residenza abituale in un altro paese, l&#8217;applicazione delle disposizioni obbligatorie di tale paese rester\u00e0 impregiudicata dalla scelta della legge di cui al punto 1.<\/li>\n    <li>Se il Cliente \u00e8 una societ\u00e0 per azioni, una societ\u00e0 a responsabilit\u00e0 limitata o una societ\u00e0 commerciale o gestisce in altro modo un&#8217;attivit\u00e0 commerciale (Kaufmann ai sensi dell&#8217;articolo 1 (1) del Codice commerciale tedesco) o \u00e8 una persona giuridica o un fondo speciale organizzato secondo il diritto pubblico, i tribunali di Monaco di Baviera (Muenchen), Germania, avranno la competenza esclusiva per tutte le controversie derivanti da o in connessione con il contratto in questione. In tutti gli altri casi, noi o il Cliente possiamo intentare una causa presso qualsiasi tribunale della giurisdizione competente ai sensi della legge applicabile.<\/li>\n  <\/ol>\n<\/li>\n\n<\/ol>\n<\/div><\/div>\n                <\/div>\n            <\/div>\n        <\/div>","protected":false},"excerpt":{"rendered":"<p>Generale, Clienti, Lingua Tutte le offerte, i contratti di vendita, le consegne e i servizi effettuati sulla base di eventuali ordini da parte dei nostri clienti (ciascuno, un &#8220;Cliente&#8221;) attraverso&#8230;<\/p>\n","protected":false},"author":22,"featured_media":0,"parent":165998,"menu_order":0,"comment_status":"closed","ping_status":"closed","template":"","meta":{"_acf_changed":false,"_relevanssi_hide_post":"","_relevanssi_hide_content":"","_relevanssi_pin_for_all":"","_relevanssi_pin_keywords":"","_relevanssi_unpin_keywords":"","_relevanssi_related_keywords":"","_relevanssi_related_include_ids":"","_relevanssi_related_exclude_ids":"","_relevanssi_related_no_append":"","_relevanssi_related_not_related":"","_relevanssi_related_posts":"166081,166189,166095,166021,166174,166198","_relevanssi_noindex_reason":"","footnotes":""},"class_list":["post-161183","page","type-page","status-publish","hentry"],"acf":[],"yoast_head":"<!-- This site is optimized with the Yoast SEO plugin v26.6 - https:\/\/yoast.com\/wordpress\/plugins\/seo\/ -->\n<title>Termini e condizioni | Datacolor<\/title>\n<meta name=\"robots\" content=\"index, follow, max-snippet:-1, max-image-preview:large, max-video-preview:-1\" \/>\n<link rel=\"canonical\" href=\"https:\/\/www.datacolor.com\/it\/legale\/ema\/termini-e-condizioni\/\" \/>\n<meta property=\"og:locale\" content=\"it_IT\" \/>\n<meta property=\"og:type\" content=\"article\" \/>\n<meta property=\"og:title\" content=\"Termini e condizioni | Datacolor\" \/>\n<meta property=\"og:description\" content=\"Generale, Clienti, Lingua Tutte le offerte, i contratti di vendita, le consegne e i servizi effettuati sulla base di eventuali ordini da parte dei nostri clienti (ciascuno, un &quot;Cliente&quot;) attraverso...\" \/>\n<meta property=\"og:url\" content=\"https:\/\/www.datacolor.com\/it\/legale\/ema\/termini-e-condizioni\/\" \/>\n<meta property=\"og:site_name\" content=\"Datacolor\" \/>\n<meta property=\"article:publisher\" content=\"https:\/\/facebook.com\/DatacolorCorporate\" \/>\n<meta property=\"article:modified_time\" content=\"2023-08-23T13:00:11+00:00\" \/>\n<meta property=\"og:image\" content=\"https:\/\/www.datacolor.com\/wp-content\/uploads\/2022\/01\/collage-careers-800x700-1.jpg\" \/>\n\t<meta property=\"og:image:width\" content=\"800\" \/>\n\t<meta property=\"og:image:height\" content=\"700\" \/>\n\t<meta property=\"og:image:type\" content=\"image\/jpeg\" \/>\n<meta name=\"twitter:card\" content=\"summary_large_image\" \/>\n<meta name=\"twitter:label1\" content=\"Tempo di lettura stimato\" \/>\n\t<meta name=\"twitter:data1\" content=\"11 minuti\" \/>\n<!-- \/ Yoast SEO plugin. -->","yoast_head_json":{"title":"Termini e condizioni | Datacolor","robots":{"index":"index","follow":"follow","max-snippet":"max-snippet:-1","max-image-preview":"max-image-preview:large","max-video-preview":"max-video-preview:-1"},"canonical":"https:\/\/www.datacolor.com\/it\/legale\/ema\/termini-e-condizioni\/","og_locale":"it_IT","og_type":"article","og_title":"Termini e condizioni | Datacolor","og_description":"Generale, Clienti, Lingua Tutte le offerte, i contratti di vendita, le consegne e i servizi effettuati sulla base di eventuali ordini da parte dei nostri clienti (ciascuno, un \"Cliente\") attraverso...","og_url":"https:\/\/www.datacolor.com\/it\/legale\/ema\/termini-e-condizioni\/","og_site_name":"Datacolor","article_publisher":"https:\/\/facebook.com\/DatacolorCorporate","article_modified_time":"2023-08-23T13:00:11+00:00","og_image":[{"width":800,"height":700,"url":"https:\/\/www.datacolor.com\/wp-content\/uploads\/2022\/01\/collage-careers-800x700-1.jpg","type":"image\/jpeg"}],"twitter_card":"summary_large_image","twitter_misc":{"Tempo di lettura stimato":"11 minuti"},"schema":{"@context":"https:\/\/schema.org","@graph":[{"@type":"WebPage","@id":"https:\/\/www.datacolor.com\/it\/legale\/ema\/termini-e-condizioni\/","url":"https:\/\/www.datacolor.com\/it\/legale\/ema\/termini-e-condizioni\/","name":"Termini e condizioni | Datacolor","isPartOf":{"@id":"https:\/\/www.datacolor.com\/it\/#website"},"datePublished":"2022-09-15T14:51:25+00:00","dateModified":"2023-08-23T13:00:11+00:00","breadcrumb":{"@id":"https:\/\/www.datacolor.com\/it\/legale\/ema\/termini-e-condizioni\/#breadcrumb"},"inLanguage":"it-IT","potentialAction":[{"@type":"ReadAction","target":["https:\/\/www.datacolor.com\/it\/legale\/ema\/termini-e-condizioni\/"]}]},{"@type":"BreadcrumbList","@id":"https:\/\/www.datacolor.com\/it\/legale\/ema\/termini-e-condizioni\/#breadcrumb","itemListElement":[{"@type":"ListItem","position":1,"name":"Legale","item":"https:\/\/www.datacolor.com\/it\/legale\/"},{"@type":"ListItem","position":2,"name":"Legale &#8211; EMA"}]},{"@type":"WebSite","@id":"https:\/\/www.datacolor.com\/it\/#website","url":"https:\/\/www.datacolor.com\/it\/","name":"Datacolor","description":"Color Management Solutions","publisher":{"@id":"https:\/\/www.datacolor.com\/it\/#organization"},"potentialAction":[{"@type":"SearchAction","target":{"@type":"EntryPoint","urlTemplate":"https:\/\/www.datacolor.com\/it\/?s={search_term_string}"},"query-input":{"@type":"PropertyValueSpecification","valueRequired":true,"valueName":"search_term_string"}}],"inLanguage":"it-IT"},{"@type":"Organization","@id":"https:\/\/www.datacolor.com\/it\/#organization","name":"Datacolor","url":"https:\/\/www.datacolor.com\/it\/","logo":{"@type":"ImageObject","inLanguage":"it-IT","@id":"https:\/\/www.datacolor.com\/it\/#\/schema\/logo\/image\/","url":"https:\/\/www.datacolor.com\/wp-content\/uploads\/2021\/12\/logo-header.jpg","contentUrl":"https:\/\/www.datacolor.com\/wp-content\/uploads\/2021\/12\/logo-header.jpg","width":259,"height":45,"caption":"Datacolor"},"image":{"@id":"https:\/\/www.datacolor.com\/it\/#\/schema\/logo\/image\/"},"sameAs":["https:\/\/facebook.com\/DatacolorCorporate","https:\/\/linkedin.com\/company\/datacolor","https:\/\/www.youtube.com\/user\/DatacolorIndustrial"]}]}},"_links":{"self":[{"href":"https:\/\/www.datacolor.com\/it\/wp-json\/wp\/v2\/pages\/161183","targetHints":{"allow":["GET"]}}],"collection":[{"href":"https:\/\/www.datacolor.com\/it\/wp-json\/wp\/v2\/pages"}],"about":[{"href":"https:\/\/www.datacolor.com\/it\/wp-json\/wp\/v2\/types\/page"}],"author":[{"embeddable":true,"href":"https:\/\/www.datacolor.com\/it\/wp-json\/wp\/v2\/users\/22"}],"replies":[{"embeddable":true,"href":"https:\/\/www.datacolor.com\/it\/wp-json\/wp\/v2\/comments?post=161183"}],"version-history":[{"count":2,"href":"https:\/\/www.datacolor.com\/it\/wp-json\/wp\/v2\/pages\/161183\/revisions"}],"predecessor-version":[{"id":170055,"href":"https:\/\/www.datacolor.com\/it\/wp-json\/wp\/v2\/pages\/161183\/revisions\/170055"}],"up":[{"embeddable":true,"href":"https:\/\/www.datacolor.com\/it\/wp-json\/wp\/v2\/pages\/165998"}],"wp:attachment":[{"href":"https:\/\/www.datacolor.com\/it\/wp-json\/wp\/v2\/media?parent=161183"}],"curies":[{"name":"wp","href":"https:\/\/api.w.org\/{rel}","templated":true}]}}