{"id":165830,"date":"2022-05-25T10:40:17","date_gmt":"2022-05-25T15:40:17","guid":{"rendered":"https:\/\/dev.new.datacolor.eu\/brevetti\/"},"modified":"2023-01-30T08:41:56","modified_gmt":"2023-01-30T14:41:56","slug":"brevetti","status":"publish","type":"page","link":"https:\/\/www.datacolor.com\/it\/brevetti\/","title":{"rendered":"Brevetti Datacolor"},"content":{"rendered":"<div class=\"wp-core-gutenblock gutenblock freeform bg-color-white\">\n            <div class=\"container-fluid\">\n                <div class=\"row\">\n                    <div class=\"column\"><p>Avviso di marcatura virtuale del brevetto da parte di Datacolor: I seguenti prodotti sono protetti da brevetti negli Stati Uniti e altrove per Datacolor. Questo sito web viene fornito per soddisfare le disposizioni in materia di marchiatura virtuale dei brevetti di varie giurisdizioni, comprese le disposizioni in materia di marchiatura virtuale dei brevetti dell&#8217;America Invents Act e per fornire un avviso ai sensi del 35 U.S.C. \u00a7287(a). Il seguente elenco di prodotti e brevetti potrebbe non essere esaustivo. Ad esempio, alcuni prodotti qui elencati possono essere coperti da brevetti negli Stati Uniti e altrove che non sono elencati, e altri prodotti non elencati possono essere protetti da uno o pi\u00f9 brevetti negli Stati Uniti e altrove. Il seguente elenco di prodotti pu\u00f2 essere coperto da uno o pi\u00f9 dei seguenti brevetti statunitensi:<\/p><\/div>\n                <\/div>\n            <\/div>\n        <\/div><div class=\"wp-core-gutenblock gutenblock bg-color-white core_table\">\n            <div class=\"container-fluid\">\n                <div class=\"row\">\n                    <div class=\"column\"><figure class=\"wp-block-table\"><table><tbody><tr><td><strong>Prodotto<\/strong><\/td><td><strong>Brevetto #<\/strong><\/td><\/tr><tr><td>45G<\/td><td>USA 8.130.377<\/td><\/tr><tr><td>Ahiba<\/td><td>USA 7.971.454<\/td><\/tr><tr><td>MatchAFX<\/td><td>USA 8.108.169<\/td><\/tr><tr><td>AbbinamentoPigmento<\/td><td>USA 8.108.169<\/td><\/tr><tr><td>MatchTextile<\/td><td>USA 8.108.169<\/td><\/tr><tr><td>Vernice<\/td><td>USA 8.108.169<\/td><\/tr><tr><td>SpectraVision<\/td><td>USA 9.784.614<br\/>USA 10.302.485<br\/>USA 10.564.036<\/td><\/tr><tr><td>Spyder LensCal<\/td><td>USA 8.581.986<\/td><\/tr><tr><td>SpyderX<\/td><td>US 9,952,102<br\/>US 11,112,312<\/td><\/tr><tr><td>ColorReader\n<\/td><td>USA 10.502.628<br\/>USA 10.928.251<\/td><\/tr><tr><td>ColorReader\n Pro<\/td><td>USA 10.502.628<br\/>USA 10.928.251<\/td><\/tr><tr><td>ColorReader\n EZ<\/td><td>USA 10.502.628<br\/>USA 10.928.251<\/td><\/tr><tr><td>ColorReader Spectro<\/td><td>USA 10.444.074<br\/>USA 10.768.098<br\/>US 11,340,156<\/td><\/tr><\/tbody><\/table><figcaption>Aggiornato al 9 gennaio 2023<\/figcaption><\/figure><\/div>\n                <\/div>\n            <\/div>\n        <\/div>","protected":false},"excerpt":{"rendered":"<p>Avviso di marcatura virtuale del brevetto da parte di Datacolor: I seguenti prodotti sono protetti da brevetti negli Stati Uniti e altrove per Datacolor. Questo sito web viene fornito per&#8230;<\/p>\n","protected":false},"author":24,"featured_media":0,"parent":0,"menu_order":0,"comment_status":"closed","ping_status":"closed","template":"","meta":{"_acf_changed":false,"_relevanssi_hide_post":"","_relevanssi_hide_content":"","_relevanssi_pin_for_all":"","_relevanssi_pin_keywords":"","_relevanssi_unpin_keywords":"","_relevanssi_related_keywords":"","_relevanssi_related_include_ids":"","_relevanssi_related_exclude_ids":"","_relevanssi_related_no_append":"","_relevanssi_related_not_related":"","_relevanssi_related_posts":"","_relevanssi_noindex_reason":"","footnotes":""},"class_list":["post-165830","page","type-page","status-publish","hentry"],"acf":[],"yoast_head":"<!-- This site is optimized with the Yoast SEO plugin v26.6 - https:\/\/yoast.com\/wordpress\/plugins\/seo\/ -->\n<title>Brevetti Datacolor | Datacolor<\/title>\n<meta name=\"robots\" content=\"index, follow, max-snippet:-1, max-image-preview:large, max-video-preview:-1\" \/>\n<link rel=\"canonical\" href=\"https:\/\/www.datacolor.com\/it\/brevetti\/\" \/>\n<meta property=\"og:locale\" content=\"it_IT\" \/>\n<meta property=\"og:type\" content=\"article\" \/>\n<meta property=\"og:title\" content=\"Brevetti Datacolor | Datacolor\" \/>\n<meta property=\"og:description\" content=\"Avviso di marcatura virtuale del brevetto da parte di Datacolor: I seguenti prodotti sono protetti da brevetti negli Stati Uniti e altrove per Datacolor. Questo sito web viene fornito per...\" \/>\n<meta property=\"og:url\" content=\"https:\/\/www.datacolor.com\/it\/brevetti\/\" \/>\n<meta property=\"og:site_name\" content=\"Datacolor\" \/>\n<meta property=\"article:publisher\" content=\"https:\/\/facebook.com\/DatacolorCorporate\" \/>\n<meta property=\"article:modified_time\" content=\"2023-01-30T14:41:56+00:00\" \/>\n<meta property=\"og:image\" content=\"https:\/\/www.datacolor.com\/wp-content\/uploads\/2022\/01\/collage-careers-800x700-1.jpg\" \/>\n\t<meta property=\"og:image:width\" content=\"800\" \/>\n\t<meta property=\"og:image:height\" content=\"700\" \/>\n\t<meta property=\"og:image:type\" content=\"image\/jpeg\" \/>\n<meta name=\"twitter:card\" content=\"summary_large_image\" \/>\n<meta name=\"twitter:label1\" content=\"Tempo di lettura stimato\" \/>\n\t<meta name=\"twitter:data1\" content=\"1 minuto\" \/>\n<!-- \/ Yoast SEO plugin. -->","yoast_head_json":{"title":"Brevetti Datacolor | Datacolor","robots":{"index":"index","follow":"follow","max-snippet":"max-snippet:-1","max-image-preview":"max-image-preview:large","max-video-preview":"max-video-preview:-1"},"canonical":"https:\/\/www.datacolor.com\/it\/brevetti\/","og_locale":"it_IT","og_type":"article","og_title":"Brevetti Datacolor | Datacolor","og_description":"Avviso di marcatura virtuale del brevetto da parte di Datacolor: I seguenti prodotti sono protetti da brevetti negli Stati Uniti e altrove per Datacolor. Questo sito web viene fornito per...","og_url":"https:\/\/www.datacolor.com\/it\/brevetti\/","og_site_name":"Datacolor","article_publisher":"https:\/\/facebook.com\/DatacolorCorporate","article_modified_time":"2023-01-30T14:41:56+00:00","og_image":[{"width":800,"height":700,"url":"https:\/\/www.datacolor.com\/wp-content\/uploads\/2022\/01\/collage-careers-800x700-1.jpg","type":"image\/jpeg"}],"twitter_card":"summary_large_image","twitter_misc":{"Tempo di lettura stimato":"1 minuto"},"schema":{"@context":"https:\/\/schema.org","@graph":[{"@type":"WebPage","@id":"https:\/\/www.datacolor.com\/it\/brevetti\/","url":"https:\/\/www.datacolor.com\/it\/brevetti\/","name":"Brevetti Datacolor | Datacolor","isPartOf":{"@id":"https:\/\/www.datacolor.com\/it\/#website"},"datePublished":"2022-05-25T15:40:17+00:00","dateModified":"2023-01-30T14:41:56+00:00","inLanguage":"it-IT","potentialAction":[{"@type":"ReadAction","target":["https:\/\/www.datacolor.com\/it\/brevetti\/"]}]},{"@type":"WebSite","@id":"https:\/\/www.datacolor.com\/it\/#website","url":"https:\/\/www.datacolor.com\/it\/","name":"Datacolor","description":"Color Management Solutions","publisher":{"@id":"https:\/\/www.datacolor.com\/it\/#organization"},"potentialAction":[{"@type":"SearchAction","target":{"@type":"EntryPoint","urlTemplate":"https:\/\/www.datacolor.com\/it\/?s={search_term_string}"},"query-input":{"@type":"PropertyValueSpecification","valueRequired":true,"valueName":"search_term_string"}}],"inLanguage":"it-IT"},{"@type":"Organization","@id":"https:\/\/www.datacolor.com\/it\/#organization","name":"Datacolor","url":"https:\/\/www.datacolor.com\/it\/","logo":{"@type":"ImageObject","inLanguage":"it-IT","@id":"https:\/\/www.datacolor.com\/it\/#\/schema\/logo\/image\/","url":"https:\/\/www.datacolor.com\/wp-content\/uploads\/2021\/12\/logo-header.jpg","contentUrl":"https:\/\/www.datacolor.com\/wp-content\/uploads\/2021\/12\/logo-header.jpg","width":259,"height":45,"caption":"Datacolor"},"image":{"@id":"https:\/\/www.datacolor.com\/it\/#\/schema\/logo\/image\/"},"sameAs":["https:\/\/facebook.com\/DatacolorCorporate","https:\/\/linkedin.com\/company\/datacolor","https:\/\/www.youtube.com\/user\/DatacolorIndustrial"]}]}},"_links":{"self":[{"href":"https:\/\/www.datacolor.com\/it\/wp-json\/wp\/v2\/pages\/165830","targetHints":{"allow":["GET"]}}],"collection":[{"href":"https:\/\/www.datacolor.com\/it\/wp-json\/wp\/v2\/pages"}],"about":[{"href":"https:\/\/www.datacolor.com\/it\/wp-json\/wp\/v2\/types\/page"}],"author":[{"embeddable":true,"href":"https:\/\/www.datacolor.com\/it\/wp-json\/wp\/v2\/users\/24"}],"replies":[{"embeddable":true,"href":"https:\/\/www.datacolor.com\/it\/wp-json\/wp\/v2\/comments?post=165830"}],"version-history":[{"count":1,"href":"https:\/\/www.datacolor.com\/it\/wp-json\/wp\/v2\/pages\/165830\/revisions"}],"predecessor-version":[{"id":165835,"href":"https:\/\/www.datacolor.com\/it\/wp-json\/wp\/v2\/pages\/165830\/revisions\/165835"}],"wp:attachment":[{"href":"https:\/\/www.datacolor.com\/it\/wp-json\/wp\/v2\/media?parent=165830"}],"curies":[{"name":"wp","href":"https:\/\/api.w.org\/{rel}","templated":true}]}}