{"id":165957,"date":"2022-05-25T10:56:46","date_gmt":"2022-05-25T15:56:46","guid":{"rendered":"https:\/\/dev.new.datacolor.eu\/soluzioni-aziendali\/win-11\/"},"modified":"2023-01-30T09:03:18","modified_gmt":"2023-01-30T15:03:18","slug":"win-11","status":"publish","type":"page","link":"https:\/\/www.datacolor.com\/it\/soluzioni-aziendali\/win-11\/","title":{"rendered":"Compatibilit\u00e0 del software Windows 11"},"content":{"rendered":"<div class=\"wp-core-gutenblock gutenblock bg-color-white core_table\">\n            <div class=\"container-fluid\">\n                <div class=\"row\">\n                    <div class=\"column\"><figure class=\"wp-block-table\"><table><thead><tr><th class=\"has-text-align-left\" data-align=\"left\">Software<\/th><th>Compatibilit\u00e0 con Windows 11<\/th><\/tr><\/thead><tbody><tr><td class=\"has-text-align-left\" data-align=\"left\">Abbinare il pigmento<\/td><td>4.2.5 o pi\u00f9 recente<\/td><\/tr><tr><td class=\"has-text-align-left\" data-align=\"left\">Tessile Match<\/td><td>2.6.2 o pi\u00f9 recente<\/td><\/tr><tr><td class=\"has-text-align-left\" data-align=\"left\">Ordinamento<\/td><td>2.6.2 o pi\u00f9 recente<\/td><\/tr><tr><td class=\"has-text-align-left\" data-align=\"left\">Processo<\/td><td>2.7.7 o pi\u00f9 recente<\/td><\/tr><tr><td class=\"has-text-align-left\" data-align=\"left\">Vernice<\/td><td>2.13.0 o pi\u00f9 recente<\/td><\/tr><tr><td class=\"has-text-align-left\" data-align=\"left\">Strumenti &#8211; Impostazione del pigmento<\/td><td>2.8.1 o pi\u00f9 recente<\/td><\/tr><tr><td class=\"has-text-align-left\" data-align=\"left\">Strumenti &#8211; Impostazione del tessuto<\/td><td>2.8.1 o pi\u00f9 recente<\/td><\/tr><tr><td class=\"has-text-align-left\" data-align=\"left\">Strumenti &#8211; Impostazione del server SQL tessile<\/td><td>2.8.1 o pi\u00f9 recente<\/td><\/tr><tr><td class=\"has-text-align-left\" data-align=\"left\">Strumenti SV &#8211; Impostazione del pigmento<\/td><td>1.2.2 o pi\u00f9 recente<\/td><\/tr><tr><td class=\"has-text-align-left\" data-align=\"left\">Strumenti SV &#8211; Impostazione del tessuto<\/td><td>1.2.2 o pi\u00f9 recente<\/td><\/tr><tr><td class=\"has-text-align-left\" data-align=\"left\">Strumenti SV &#8211; Configurazione del server SQL tessile<\/td><td>1.2.2 o pi\u00f9 recente<\/td><\/tr><tr><td class=\"has-text-align-left\" data-align=\"left\">Guardiano<\/td><td>3.4.0 o pi\u00f9 recente<\/td><\/tr><\/tbody><\/table><figcaption>Non vedete la versione del vostro prodotto nell&#8217;elenco?<br\/>Se si dispone di una release dot pi\u00f9 vecchia, contattare il proprio account manager per ottenere l&#8217;ultimo aggiornamento del software.<br\/>Se si dispone di una versione del <a href=\"https:\/\/www.datacolor.com\/it\/soluzioni-aziendali\/assistenza-clienti\/prodotti-fuori-produzione\/\" target=\"_blank\" rel=\"noreferrer noopener\">software Datacolor<\/a> pi\u00f9 vecchia e <a href=\"https:\/\/www.datacolor.com\/it\/soluzioni-aziendali\/assistenza-clienti\/prodotti-fuori-produzione\/\" target=\"_blank\" rel=\"noreferrer noopener\">non pi\u00f9 disponibile<\/a> o se si utilizza ancora Windows 8, Windows 7 o versioni precedenti, \u00e8 il momento di considerare un aggiornamento.  <br\/>Con i nuovi e pi\u00f9 sicuri sistemi operativi Windows e i nuovi miglioramenti e funzionalit\u00e0 del software Datacolor, potrete svolgere il vostro lavoro pi\u00f9 facilmente e con maggiore tranquillit\u00e0. Scoprite <a href=\"https:\/\/lp.datacolor.com\/sw-upgrade-en-btb.html\">i 3 motivi per effettuare l&#8217;aggiornamento<\/a>.<\/figcaption><\/figure><\/div>\n                <\/div>\n            <\/div>\n        <\/div>","protected":false},"excerpt":{"rendered":"<p>SoftwareCompatibilit\u00e0 con Windows 11Abbinare il pigmento4.2.5 o pi\u00f9 recenteTessile Match2.6.2 o pi\u00f9 recenteOrdinamento2.6.2 o pi\u00f9 recenteProcesso2.7.7 o pi\u00f9 recenteVernice2.13.0 o pi\u00f9 recenteStrumenti &#8211; Impostazione del pigmento2.8.1 o pi\u00f9 recenteStrumenti -&#8230;<\/p>\n","protected":false},"author":24,"featured_media":0,"parent":138966,"menu_order":0,"comment_status":"closed","ping_status":"closed","template":"","meta":{"_acf_changed":false,"_relevanssi_hide_post":"","_relevanssi_hide_content":"","_relevanssi_pin_for_all":"","_relevanssi_pin_keywords":"","_relevanssi_unpin_keywords":"","_relevanssi_related_keywords":"","_relevanssi_related_include_ids":"","_relevanssi_related_exclude_ids":"","_relevanssi_related_no_append":"","_relevanssi_related_not_related":"","_relevanssi_related_posts":"","_relevanssi_noindex_reason":"","footnotes":""},"class_list":["post-165957","page","type-page","status-publish","hentry"],"acf":[],"yoast_head":"<!-- This site is optimized with the Yoast SEO plugin v26.6 - https:\/\/yoast.com\/wordpress\/plugins\/seo\/ -->\n<title>Compatibilit\u00e0 del software Windows 11 | Datacolor<\/title>\n<meta name=\"robots\" content=\"index, follow, max-snippet:-1, max-image-preview:large, max-video-preview:-1\" \/>\n<link rel=\"canonical\" href=\"https:\/\/www.datacolor.com\/it\/soluzioni-aziendali\/win-11\/\" \/>\n<meta property=\"og:locale\" content=\"it_IT\" \/>\n<meta property=\"og:type\" content=\"article\" \/>\n<meta property=\"og:title\" content=\"Compatibilit\u00e0 del software Windows 11 | Datacolor\" \/>\n<meta property=\"og:description\" content=\"SoftwareCompatibilit\u00e0 con Windows 11Abbinare il pigmento4.2.5 o pi\u00f9 recenteTessile Match2.6.2 o pi\u00f9 recenteOrdinamento2.6.2 o pi\u00f9 recenteProcesso2.7.7 o pi\u00f9 recenteVernice2.13.0 o pi\u00f9 recenteStrumenti - Impostazione del pigmento2.8.1 o pi\u00f9 recenteStrumenti -...\" \/>\n<meta property=\"og:url\" content=\"https:\/\/www.datacolor.com\/it\/soluzioni-aziendali\/win-11\/\" \/>\n<meta property=\"og:site_name\" content=\"Datacolor\" \/>\n<meta property=\"article:publisher\" content=\"https:\/\/facebook.com\/DatacolorCorporate\" \/>\n<meta property=\"article:modified_time\" content=\"2023-01-30T15:03:18+00:00\" \/>\n<meta property=\"og:image\" content=\"https:\/\/www.datacolor.com\/wp-content\/uploads\/2022\/01\/collage-careers-800x700-1.jpg\" \/>\n\t<meta property=\"og:image:width\" content=\"800\" \/>\n\t<meta property=\"og:image:height\" content=\"700\" \/>\n\t<meta property=\"og:image:type\" content=\"image\/jpeg\" \/>\n<meta name=\"twitter:card\" content=\"summary_large_image\" \/>\n<meta name=\"twitter:label1\" content=\"Tempo di lettura stimato\" \/>\n\t<meta name=\"twitter:data1\" content=\"1 minuto\" \/>\n<!-- \/ Yoast SEO plugin. -->","yoast_head_json":{"title":"Compatibilit\u00e0 del software Windows 11 | Datacolor","robots":{"index":"index","follow":"follow","max-snippet":"max-snippet:-1","max-image-preview":"max-image-preview:large","max-video-preview":"max-video-preview:-1"},"canonical":"https:\/\/www.datacolor.com\/it\/soluzioni-aziendali\/win-11\/","og_locale":"it_IT","og_type":"article","og_title":"Compatibilit\u00e0 del software Windows 11 | Datacolor","og_description":"SoftwareCompatibilit\u00e0 con Windows 11Abbinare il pigmento4.2.5 o pi\u00f9 recenteTessile Match2.6.2 o pi\u00f9 recenteOrdinamento2.6.2 o pi\u00f9 recenteProcesso2.7.7 o pi\u00f9 recenteVernice2.13.0 o pi\u00f9 recenteStrumenti - Impostazione del pigmento2.8.1 o pi\u00f9 recenteStrumenti -...","og_url":"https:\/\/www.datacolor.com\/it\/soluzioni-aziendali\/win-11\/","og_site_name":"Datacolor","article_publisher":"https:\/\/facebook.com\/DatacolorCorporate","article_modified_time":"2023-01-30T15:03:18+00:00","og_image":[{"width":800,"height":700,"url":"https:\/\/www.datacolor.com\/wp-content\/uploads\/2022\/01\/collage-careers-800x700-1.jpg","type":"image\/jpeg"}],"twitter_card":"summary_large_image","twitter_misc":{"Tempo di lettura stimato":"1 minuto"},"schema":{"@context":"https:\/\/schema.org","@graph":[{"@type":"WebPage","@id":"https:\/\/www.datacolor.com\/it\/soluzioni-aziendali\/win-11\/","url":"https:\/\/www.datacolor.com\/it\/soluzioni-aziendali\/win-11\/","name":"Compatibilit\u00e0 del software Windows 11 | Datacolor","isPartOf":{"@id":"https:\/\/www.datacolor.com\/it\/#website"},"datePublished":"2022-05-25T15:56:46+00:00","dateModified":"2023-01-30T15:03:18+00:00","inLanguage":"it-IT","potentialAction":[{"@type":"ReadAction","target":["https:\/\/www.datacolor.com\/it\/soluzioni-aziendali\/win-11\/"]}]},{"@type":"WebSite","@id":"https:\/\/www.datacolor.com\/it\/#website","url":"https:\/\/www.datacolor.com\/it\/","name":"Datacolor","description":"Color Management Solutions","publisher":{"@id":"https:\/\/www.datacolor.com\/it\/#organization"},"potentialAction":[{"@type":"SearchAction","target":{"@type":"EntryPoint","urlTemplate":"https:\/\/www.datacolor.com\/it\/?s={search_term_string}"},"query-input":{"@type":"PropertyValueSpecification","valueRequired":true,"valueName":"search_term_string"}}],"inLanguage":"it-IT"},{"@type":"Organization","@id":"https:\/\/www.datacolor.com\/it\/#organization","name":"Datacolor","url":"https:\/\/www.datacolor.com\/it\/","logo":{"@type":"ImageObject","inLanguage":"it-IT","@id":"https:\/\/www.datacolor.com\/it\/#\/schema\/logo\/image\/","url":"https:\/\/www.datacolor.com\/wp-content\/uploads\/2021\/12\/logo-header.jpg","contentUrl":"https:\/\/www.datacolor.com\/wp-content\/uploads\/2021\/12\/logo-header.jpg","width":259,"height":45,"caption":"Datacolor"},"image":{"@id":"https:\/\/www.datacolor.com\/it\/#\/schema\/logo\/image\/"},"sameAs":["https:\/\/facebook.com\/DatacolorCorporate","https:\/\/linkedin.com\/company\/datacolor","https:\/\/www.youtube.com\/user\/DatacolorIndustrial"]}]}},"_links":{"self":[{"href":"https:\/\/www.datacolor.com\/it\/wp-json\/wp\/v2\/pages\/165957","targetHints":{"allow":["GET"]}}],"collection":[{"href":"https:\/\/www.datacolor.com\/it\/wp-json\/wp\/v2\/pages"}],"about":[{"href":"https:\/\/www.datacolor.com\/it\/wp-json\/wp\/v2\/types\/page"}],"author":[{"embeddable":true,"href":"https:\/\/www.datacolor.com\/it\/wp-json\/wp\/v2\/users\/24"}],"replies":[{"embeddable":true,"href":"https:\/\/www.datacolor.com\/it\/wp-json\/wp\/v2\/comments?post=165957"}],"version-history":[{"count":1,"href":"https:\/\/www.datacolor.com\/it\/wp-json\/wp\/v2\/pages\/165957\/revisions"}],"predecessor-version":[{"id":165966,"href":"https:\/\/www.datacolor.com\/it\/wp-json\/wp\/v2\/pages\/165957\/revisions\/165966"}],"up":[{"embeddable":true,"href":"https:\/\/www.datacolor.com\/it\/wp-json\/wp\/v2\/pages\/138966"}],"wp:attachment":[{"href":"https:\/\/www.datacolor.com\/it\/wp-json\/wp\/v2\/media?parent=165957"}],"curies":[{"name":"wp","href":"https:\/\/api.w.org\/{rel}","templated":true}]}}