{"id":165971,"date":"2022-06-09T06:01:51","date_gmt":"2022-06-09T11:01:51","guid":{"rendered":"https:\/\/dev.new.datacolor.eu\/soluzioni-aziendali\/centro-di-apprendimento\/quattro-prospettive-sul-miglioramento-dellefficienza-nelle-operazioni-di-dolore-su-richiesta\/"},"modified":"2023-01-30T09:03:15","modified_gmt":"2023-01-30T15:03:15","slug":"quattro-prospettive-sul-miglioramento-dellefficienza-nelle-operazioni-di-dolore-su-richiesta","status":"publish","type":"page","link":"https:\/\/www.datacolor.com\/it\/soluzioni-aziendali\/learning-center\/quattro-prospettive-sul-miglioramento-dellefficienza-nelle-operazioni-di-dolore-su-richiesta\/","title":{"rendered":"Quattro prospettive di miglioramento dell&#8217;efficienza nelle operazioni di verniciatura su richiesta"},"content":{"rendered":"<section id=\"gutenblock-block_62a1dc8546278\" class=\"gutenblock gutenblock--oms-image-text bg-color-dark_gray text-light image-position-overlap layout-text-image gutenblock-5050\">\n        <div class=\"gutenblock-inner\">\n            <div class=\"container-fluid\">\n\n                \n                                    <div class=\"row l-image-pb__row justify-content-center\">\n\n                                                        <div class=\"l-image-pb__col l-image-pb__col--text col-12 col-md-10 col-lg-6\">\n                                    <div class=\"image-pb__text\">\n                                        <h2>Vi state chiedendo come la digitalizzazione e l&#8217;automazione possano migliorare l&#8217;efficienza delle operazioni di verniciatura?<\/h2>\n<p class=\"intro-text\">  Guardate questo evento virtuale di un&#8217;ora in cui abbiamo riunito 5 esperti di quattro settori diversi per parlare delle loro esperienze condivise e delle migliori pratiche su come adattare il nostro modo di lavorare e aiutarci a navigare in questo paesaggio in evoluzione.<\/p>\n                                    <\/div>\n                                <\/div>\n                                                            <div class=\"l-image-pb__col l-image-pb__col--image col-12 col-md-10 col-lg-6\">\n                                    <figure class=\"pb-image pb-image--stylized\"><img decoding=\"async\" width=\"735\" height=\"413\" src=\"https:\/\/www.datacolor.com\/wp-content\/uploads\/2022\/06\/Four-Perspectives-on-efficiency-improvement-in-paint-operations-on-demand-cover-image-735x413.jpg\" class=\"pb-image__image\" alt=\"\" srcset=\"https:\/\/www.datacolor.com\/wp-content\/uploads\/2022\/06\/Four-Perspectives-on-efficiency-improvement-in-paint-operations-on-demand-cover-image-735x413.jpg 735w, https:\/\/www.datacolor.com\/wp-content\/uploads\/2022\/06\/Four-Perspectives-on-efficiency-improvement-in-paint-operations-on-demand-cover-image-300x169.jpg 300w, https:\/\/www.datacolor.com\/wp-content\/uploads\/2022\/06\/Four-Perspectives-on-efficiency-improvement-in-paint-operations-on-demand-cover-image-768x432.jpg 768w, https:\/\/www.datacolor.com\/wp-content\/uploads\/2022\/06\/Four-Perspectives-on-efficiency-improvement-in-paint-operations-on-demand-cover-image-600x338.jpg 600w, https:\/\/www.datacolor.com\/wp-content\/uploads\/2022\/06\/Four-Perspectives-on-efficiency-improvement-in-paint-operations-on-demand-cover-image-350x197.jpg 350w, https:\/\/www.datacolor.com\/wp-content\/uploads\/2022\/06\/Four-Perspectives-on-efficiency-improvement-in-paint-operations-on-demand-cover-image-700x394.jpg 700w, https:\/\/www.datacolor.com\/wp-content\/uploads\/2022\/06\/Four-Perspectives-on-efficiency-improvement-in-paint-operations-on-demand-cover-image-100x56.jpg 100w, https:\/\/www.datacolor.com\/wp-content\/uploads\/2022\/06\/Four-Perspectives-on-efficiency-improvement-in-paint-operations-on-demand-cover-image-40x23.jpg 40w, https:\/\/www.datacolor.com\/wp-content\/uploads\/2022\/06\/Four-Perspectives-on-efficiency-improvement-in-paint-operations-on-demand-cover-image.jpg 800w\" sizes=\"(max-width: 735px) 100vw, 735px\" \/><\/figure>                                <\/div>\n                            \n                    <\/div>\n                \n                \n\n            <\/div>\n        <\/div>\n    <\/section><div class=\"wp-core-gutenblock gutenblock bg-color-white core_html\">\n            <div class=\"container-fluid\">\n                <div class=\"row\">\n                    <div class=\"column\"><div class=\"row\">\n<div class=\"col-xs-12 col-md-6\">\n<strong>MARKUS FRENTROP &#8211; COME GLI STANDARD CROMATICI SEMPLIFICANO IL PROCESSO DI SELEZIONE DEI COLORI E RIDUCONO L&#8217;IMPATTO AMBIENTALE  <\/strong>\n<p>I nostri occhi percepiscono circa 15 milioni di sfumature di colore. Tuttavia, per il lavoro quotidiano con i colori, questo numero \u00e8 poco pratico e inefficiente e dobbiamo ridurre questa complessit\u00e0. Nella sua presentazione, Markus mostrer\u00e0 come gli standard cromatici fissi aiutino le aziende, le agenzie, ecc. a lavorare con i colori in modo pi\u00f9 rapido, efficiente e sostenibile.  <\/p>\n<p> <\/p>\n\n<strong>TOM SMITH &#8211; GUADAGNARE EFFICIENZA ATTRAVERSO L&#8217;AUTOMAZIONE  <\/strong>\n<p>La presentazione di Tom evidenzia come l&#8217;automazione possa essere utilizzata in tutte le attivit\u00e0 di R&#038;S\/produzione per contribuire alla generazione e all&#8217;analisi di dati di buona qualit\u00e0. La presentazione comprende un caso di studio sull&#8217;automazione dei flussi di lavoro sperimentali per la corrispondenza dei colori.  <\/p>\n<p> <\/p>\n\n<strong>RIK MERTENS &#8211; EFFICIENZA DEL COLORE DENTRO E FUORI IL PUNTO VENDITA POS CON DISPOSITIVI DI RICERCA E ABBINAMENTO A BASSO COSTO  <\/strong>\n<p>I dispositivi di ricerca e abbinamento a basso costo sono tutti intorno a noi. Rik ci spiegher\u00e0 cosa sono, come funzionano e come possono essere utilizzati in modo efficace.  <\/p>\n<p> <\/p>\n\n<strong>GIJS HEUKELOM &#8211; COLLEGARE IL PERCORSO TINTOMETRICO PER OTTIMIZZARE LE OPERAZIONI  <\/strong>\n<p>Condividere la visione di FFM sul futuro della tintura, che \u00e8 un futuro connesso! In che modo la potenza del digitale pu\u00f2 essere utilizzata per migliorare ulteriormente l&#8217;esperienza di tintura nel POS e il costo totale di propriet\u00e0 del produttore di vernici.  <\/p>\n<p> <\/p>\n\n<p>Avete domande o volete saperne di pi\u00f9 su come Datacolor pu\u00f2 aiutarvi a migliorare la gestione del colore digitale? <a href=\"\/ask-our-experts\/\">Contattateci<\/a>.<\/p>\n<\/div>\n<div class=\"col-xs-12 col-md-6\">\n<script src=\"\/\/app-ab31.marketo.com\/js\/forms2\/js\/forms2.min.js\"><\/script>\n<form id=\"mktoForm_4016\"><\/form>\n<script>MktoForms2.loadForm(\"\/\/app-ab31.marketo.com\", \"799-MHA-121\", 4016);<\/script>\n<script>\nMktoForms2.whenReady(function (form){\n  var samePageTYForms = [4016];\n  if ( samePageTYForms.indexOf(form.getId()) != -1 ) {\n     form.onSuccess(function(values, followUpUrl){\n        var oldHeight = form.getFormElem().css('height');\n\tform.getFormElem().html(\"Thank you for your information<br\/>You can <a href='https:\/\/event.on24.com\/wcc\/r\/3654398\/4C93FD7F3A43F074F9AB2837D1D07D92' target='_blank'>watch the webinar now.\");\n\tform.getFormElem().css(\"text-align\",\"center\");\n\tform.getFormElem().css(\"font-weight\",\"bold\");\n\tform.getFormElem().css(\"height\",oldHeight);\n\tform.getFormElem().css(\"padding-top\",\"20%\");\n\treturn false;\n     });\n  }\n});\n<\/script>\n\n<\/div>\n<\/div><\/div>\n                <\/div>\n            <\/div>\n        <\/div>","protected":false},"excerpt":{"rendered":"<p>MARKUS FRENTROP &#8211; COME GLI STANDARD CROMATICI SEMPLIFICANO IL PROCESSO DI SELEZIONE DEI COLORI E RIDUCONO L&#8217;IMPATTO AMBIENTALE I nostri occhi percepiscono circa 15 milioni di sfumature di colore. Tuttavia,&#8230;<\/p>\n","protected":false},"author":22,"featured_media":0,"parent":165764,"menu_order":0,"comment_status":"closed","ping_status":"closed","template":"","meta":{"_acf_changed":false,"_relevanssi_hide_post":"","_relevanssi_hide_content":"","_relevanssi_pin_for_all":"","_relevanssi_pin_keywords":"","_relevanssi_unpin_keywords":"","_relevanssi_related_keywords":"","_relevanssi_related_include_ids":"","_relevanssi_related_exclude_ids":"","_relevanssi_related_no_append":"","_relevanssi_related_not_related":"","_relevanssi_related_posts":"","_relevanssi_noindex_reason":"","footnotes":""},"class_list":["post-165971","page","type-page","status-publish","hentry"],"acf":[],"yoast_head":"<!-- This site is optimized with the Yoast SEO plugin v26.6 - https:\/\/yoast.com\/wordpress\/plugins\/seo\/ -->\n<title>Quattro prospettive di miglioramento dell&#039;efficienza nelle operazioni di verniciatura su richiesta | Datacolor<\/title>\n<meta name=\"robots\" content=\"index, follow, max-snippet:-1, max-image-preview:large, max-video-preview:-1\" \/>\n<link rel=\"canonical\" href=\"https:\/\/www.datacolor.com\/it\/soluzioni-aziendali\/learning-center\/quattro-prospettive-sul-miglioramento-dellefficienza-nelle-operazioni-di-dolore-su-richiesta\/\" \/>\n<meta property=\"og:locale\" content=\"it_IT\" \/>\n<meta property=\"og:type\" content=\"article\" \/>\n<meta property=\"og:title\" content=\"Quattro prospettive di miglioramento dell&#039;efficienza nelle operazioni di verniciatura su richiesta | Datacolor\" \/>\n<meta property=\"og:description\" content=\"MARKUS FRENTROP - COME GLI STANDARD CROMATICI SEMPLIFICANO IL PROCESSO DI SELEZIONE DEI COLORI E RIDUCONO L&#039;IMPATTO AMBIENTALE I nostri occhi percepiscono circa 15 milioni di sfumature di colore. Tuttavia,...\" \/>\n<meta property=\"og:url\" content=\"https:\/\/www.datacolor.com\/it\/soluzioni-aziendali\/learning-center\/quattro-prospettive-sul-miglioramento-dellefficienza-nelle-operazioni-di-dolore-su-richiesta\/\" \/>\n<meta property=\"og:site_name\" content=\"Datacolor\" \/>\n<meta property=\"article:publisher\" content=\"https:\/\/facebook.com\/DatacolorCorporate\" \/>\n<meta property=\"article:modified_time\" content=\"2023-01-30T15:03:15+00:00\" \/>\n<meta property=\"og:image\" content=\"https:\/\/www.datacolor.com\/wp-content\/uploads\/2022\/01\/collage-careers-800x700-1.jpg\" \/>\n\t<meta property=\"og:image:width\" content=\"800\" \/>\n\t<meta property=\"og:image:height\" content=\"700\" \/>\n\t<meta property=\"og:image:type\" content=\"image\/jpeg\" \/>\n<meta name=\"twitter:card\" content=\"summary_large_image\" \/>\n<meta name=\"twitter:label1\" content=\"Tempo di lettura stimato\" \/>\n\t<meta name=\"twitter:data1\" content=\"1 minuto\" \/>\n<!-- \/ Yoast SEO plugin. -->","yoast_head_json":{"title":"Quattro prospettive di miglioramento dell'efficienza nelle operazioni di verniciatura su richiesta | Datacolor","robots":{"index":"index","follow":"follow","max-snippet":"max-snippet:-1","max-image-preview":"max-image-preview:large","max-video-preview":"max-video-preview:-1"},"canonical":"https:\/\/www.datacolor.com\/it\/soluzioni-aziendali\/learning-center\/quattro-prospettive-sul-miglioramento-dellefficienza-nelle-operazioni-di-dolore-su-richiesta\/","og_locale":"it_IT","og_type":"article","og_title":"Quattro prospettive di miglioramento dell'efficienza nelle operazioni di verniciatura su richiesta | Datacolor","og_description":"MARKUS FRENTROP - COME GLI STANDARD CROMATICI SEMPLIFICANO IL PROCESSO DI SELEZIONE DEI COLORI E RIDUCONO L'IMPATTO AMBIENTALE I nostri occhi percepiscono circa 15 milioni di sfumature di colore. Tuttavia,...","og_url":"https:\/\/www.datacolor.com\/it\/soluzioni-aziendali\/learning-center\/quattro-prospettive-sul-miglioramento-dellefficienza-nelle-operazioni-di-dolore-su-richiesta\/","og_site_name":"Datacolor","article_publisher":"https:\/\/facebook.com\/DatacolorCorporate","article_modified_time":"2023-01-30T15:03:15+00:00","og_image":[{"width":800,"height":700,"url":"https:\/\/www.datacolor.com\/wp-content\/uploads\/2022\/01\/collage-careers-800x700-1.jpg","type":"image\/jpeg"}],"twitter_card":"summary_large_image","twitter_misc":{"Tempo di lettura stimato":"1 minuto"},"schema":{"@context":"https:\/\/schema.org","@graph":[{"@type":"WebPage","@id":"https:\/\/www.datacolor.com\/it\/soluzioni-aziendali\/learning-center\/quattro-prospettive-sul-miglioramento-dellefficienza-nelle-operazioni-di-dolore-su-richiesta\/","url":"https:\/\/www.datacolor.com\/it\/soluzioni-aziendali\/learning-center\/quattro-prospettive-sul-miglioramento-dellefficienza-nelle-operazioni-di-dolore-su-richiesta\/","name":"Quattro prospettive di miglioramento dell'efficienza nelle operazioni di verniciatura su richiesta | Datacolor","isPartOf":{"@id":"https:\/\/www.datacolor.com\/it\/#website"},"datePublished":"2022-06-09T11:01:51+00:00","dateModified":"2023-01-30T15:03:15+00:00","breadcrumb":{"@id":"https:\/\/www.datacolor.com\/it\/soluzioni-aziendali\/learning-center\/quattro-prospettive-sul-miglioramento-dellefficienza-nelle-operazioni-di-dolore-su-richiesta\/#breadcrumb"},"inLanguage":"it-IT","potentialAction":[{"@type":"ReadAction","target":["https:\/\/www.datacolor.com\/it\/soluzioni-aziendali\/learning-center\/quattro-prospettive-sul-miglioramento-dellefficienza-nelle-operazioni-di-dolore-su-richiesta\/"]}]},{"@type":"BreadcrumbList","@id":"https:\/\/www.datacolor.com\/it\/soluzioni-aziendali\/learning-center\/quattro-prospettive-sul-miglioramento-dellefficienza-nelle-operazioni-di-dolore-su-richiesta\/#breadcrumb","itemListElement":[{"@type":"ListItem","position":1,"name":"Soluzioni di business","item":"https:\/\/www.datacolor.com\/it\/soluzioni-aziendali\/"},{"@type":"ListItem","position":2,"name":"Centro di apprendimento"}]},{"@type":"WebSite","@id":"https:\/\/www.datacolor.com\/it\/#website","url":"https:\/\/www.datacolor.com\/it\/","name":"Datacolor","description":"Color Management Solutions","publisher":{"@id":"https:\/\/www.datacolor.com\/it\/#organization"},"potentialAction":[{"@type":"SearchAction","target":{"@type":"EntryPoint","urlTemplate":"https:\/\/www.datacolor.com\/it\/?s={search_term_string}"},"query-input":{"@type":"PropertyValueSpecification","valueRequired":true,"valueName":"search_term_string"}}],"inLanguage":"it-IT"},{"@type":"Organization","@id":"https:\/\/www.datacolor.com\/it\/#organization","name":"Datacolor","url":"https:\/\/www.datacolor.com\/it\/","logo":{"@type":"ImageObject","inLanguage":"it-IT","@id":"https:\/\/www.datacolor.com\/it\/#\/schema\/logo\/image\/","url":"https:\/\/www.datacolor.com\/wp-content\/uploads\/2021\/12\/logo-header.jpg","contentUrl":"https:\/\/www.datacolor.com\/wp-content\/uploads\/2021\/12\/logo-header.jpg","width":259,"height":45,"caption":"Datacolor"},"image":{"@id":"https:\/\/www.datacolor.com\/it\/#\/schema\/logo\/image\/"},"sameAs":["https:\/\/facebook.com\/DatacolorCorporate","https:\/\/linkedin.com\/company\/datacolor","https:\/\/www.youtube.com\/user\/DatacolorIndustrial"]}]}},"_links":{"self":[{"href":"https:\/\/www.datacolor.com\/it\/wp-json\/wp\/v2\/pages\/165971","targetHints":{"allow":["GET"]}}],"collection":[{"href":"https:\/\/www.datacolor.com\/it\/wp-json\/wp\/v2\/pages"}],"about":[{"href":"https:\/\/www.datacolor.com\/it\/wp-json\/wp\/v2\/types\/page"}],"author":[{"embeddable":true,"href":"https:\/\/www.datacolor.com\/it\/wp-json\/wp\/v2\/users\/22"}],"replies":[{"embeddable":true,"href":"https:\/\/www.datacolor.com\/it\/wp-json\/wp\/v2\/comments?post=165971"}],"version-history":[{"count":1,"href":"https:\/\/www.datacolor.com\/it\/wp-json\/wp\/v2\/pages\/165971\/revisions"}],"predecessor-version":[{"id":165978,"href":"https:\/\/www.datacolor.com\/it\/wp-json\/wp\/v2\/pages\/165971\/revisions\/165978"}],"up":[{"embeddable":true,"href":"https:\/\/www.datacolor.com\/it\/wp-json\/wp\/v2\/pages\/165764"}],"wp:attachment":[{"href":"https:\/\/www.datacolor.com\/it\/wp-json\/wp\/v2\/media?parent=165971"}],"curies":[{"name":"wp","href":"https:\/\/api.w.org\/{rel}","templated":true}]}}