{"id":165999,"date":"2022-07-07T06:03:54","date_gmt":"2022-07-07T11:03:54","guid":{"rendered":"https:\/\/dev.new.datacolor.eu\/eula-desktop-software\/"},"modified":"2023-01-30T09:03:24","modified_gmt":"2023-01-30T15:03:24","slug":"eula-desktop-software","status":"publish","type":"page","link":"https:\/\/www.datacolor.com\/it\/eula-desktop-software\/","title":{"rendered":"Contratto di licenza con l&#8217;utente finale (EULA) per il software desktop"},"content":{"rendered":"<div class=\"wp-core-gutenblock gutenblock bg-color-white core_html\">\n            <div class=\"container-fluid\">\n                <div class=\"row\">\n                    <div class=\"column\"><section id=\"privacy-policy\"><style>.olalpha li { list-style: lower-alpha !important; } .ulbull li { list-style: disc !important; }<\/style>\n\n<h2>CONTRATTO DI LICENZA CON L&#8217;UTENTE FINALE<\/h2>\n\n<p>Questo accordo di licenza (&#8220;Licenza&#8221;) \u00e8 un accordo legale tra l&#8217;utente e Datacolor, Inc. (Datacolor&#8221;) che concede all&#8217;utente alcuni diritti di accesso e utilizzo del Software Datacolor di propriet\u00e0 di Datacolor e contenuto in questa busta (il &#8220;Software&#8221;). CON LA PRESENTE ACCETTATE, SIA A NOME VOSTRO CHE COME RAPPRESENTANTE AUTORIZZATO DI QUALSIASI ORGANIZZAZIONE PER LA QUALE UTILIZZATE IL SOFTWARE (&#8220;DATORE DI LAVORO&#8221;), CHE VOI E IL VOSTRO DATORE DI LAVORO UTILIZZERETE IL SOFTWARE SOLO IN CONFORMIT\u00c0 CON I SEGUENTI TERMINI:  <\/p>\n<p> <\/p>\n\n<h2>1. GARANZIA LIMITATA sui supporti (se applicabile).  <\/h2>\n<p>Datacolor garantisce che i supporti su cui \u00e8 registrato il Software sono privi di difetti nei materiali e nella lavorazione in condizioni di uso normale per un periodo di novanta (90) giorni dalla data di acquisto originale.  <\/p>\n<p>Il rimedio esclusivo dell&#8217;utente ai sensi del presente paragrafo sar\u00e0, a discrezione di Datacolor, il rimborso del prezzo di acquisto del prodotto contenente il Software o la sostituzione del Software restituito a Datacolor o a un rappresentante autorizzato Datacolor con una copia della ricevuta. Datacolor, 5 Princess Road, Lawrenceville, NJ 08648, Attn: Customer Service, oppure chiamare il numero 1-800-554-8688 per contattare un rappresentante autorizzato Datacolor.  <\/p>\n<p>LA PRESENTE GARANZIA LIMITATA E QUALSIASI GARANZIA IMPLICITA SUI SUPPORTI, COMPRESE LE GARANZIE IMPLICITE DI COMMERCIABILIT\u00c0 E IDONEIT\u00c0 A UNO SCOPO PARTICOLARE, HANNO UNA DURATA LIMITATA A NOVANTA (90) GIORNI DALLA DATA DI ACQUISTO ORIGINALE.  <\/p>\n<p>Alcuni stati non consentono limitazioni sulla durata di una garanzia implicita, pertanto questa limitazione potrebbe non essere applicabile. La Garanzia limitata qui riportata \u00e8 esclusiva e sostituisce ogni altra, orale o scritta, espressa o implicita.  <\/p>\n<p>DATACOLOR DECLINA SPECIFICAMENTE TUTTE LE ALTRE GARANZIE, ESPRESSE O IMPLICITE, RELATIVE AI SUPPORTI. La presente Garanzia Limitata conferisce all&#8217;utente specifici diritti legali e pu\u00f2 godere di altri diritti che variano da stato a stato.  <\/p>\n<p> <\/p>\n\n<h2>2. Esclusione della garanzia sul software.  <\/h2>\n<p>L&#8217;utente riconosce e accetta espressamente che l&#8217;uso del Software \u00e8 a suo esclusivo rischio.  <\/p>\n<p>IL SOFTWARE VIENE FORNITO &#8220;COS\u00cc COM&#8217;\u00c8&#8221;, CON TUTTI I DIFETTI E SENZA GARANZIE DI ALCUN TIPO.  <\/p>\n<p>Datacolor non garantisce che le funzioni contenute nel Software soddisfino i requisiti dell&#8217;utente, o che il funzionamento del Software sia ininterrotto o privo di errori, o che i difetti del Software vengano corretti. Inoltre, Datacolor non garantisce n\u00e9 rilascia alcuna dichiarazione in merito all&#8217;uso o ai risultati dell&#8217;uso del Software o della relativa documentazione in termini di correttezza, accuratezza, affidabilit\u00e0 o altro. Se il Software dovesse risultare difettoso, l&#8217;utente (e non Datacolor o un rappresentante autorizzato Datacolor ) si assume l&#8217;intero costo di tutti gli interventi di assistenza, riparazione o correzione necessari. Alcuni stati non consentono l&#8217;esclusione o la limitazione delle garanzie implicite, pertanto la suddetta esclusione potrebbe non essere applicabile. I termini della presente clausola di esclusione della responsabilit\u00e0 non pregiudicano i diritti legali di un consumatore che acquista prodotti Datacolor in modo diverso da quello commerciale, n\u00e9 limitano o escludono qualsiasi responsabilit\u00e0 per morte o lesioni personali causate dalla negligenza di Datacolor.  <\/p>\n<p>Se l&#8217;utente ha acquistato il Software per uso aziendale o commerciale, accetta anche che DATACOLOR ESPRESSAMENTE DECLINA QUALSIASI GARANZIA DI COMMERCIABILIT\u00c0, IDONEIT\u00c0 PER UNO SCOPO PARTICOLARE, TITOLO O NON VIOLAZIONE PER QUANTO RIGUARDA IL SOFTWARE.  <\/p>\n<p> <\/p>\n\n<h2>3. Limitazione di responsabilit\u00e0.  <\/h2>\n<p>IN NESSUNA CIRCOSTANZA, INCLUSA LA NEGLIGENZA, DATACOLOR SAR\u00c0 RESPONSABILE PER QUALSIASI DANNO INCIDENTALE, SPECIALE, INDIRETTO, PUNITIVO O CONSEQUENZIALE DERIVANTE DA O RELATIVO ALLA PRESENTE LICENZA O AL SOFTWARE.  <\/p>\n<p>Alcune giurisdizioni non consentono l&#8217;esclusione o la limitazione di danni incidentali o consequenziali, pertanto la limitazione di cui sopra potrebbe non essere applicabile. In nessun caso la responsabilit\u00e0 totale di Datacolor nei confronti dell&#8217;utente per tutti i danni superer\u00e0 l&#8217;importo di cinquanta dollari ($50.00). La limitazione di cui sopra si applicher\u00e0 anche nel caso in cui il rimedio sopra indicato fallisca il suo scopo essenziale.<\/p>\n<p> <\/p>\n\n<h2>4. Concessione di licenza.  <\/h2>\n<p>Per quanto riguarda qualsiasi software di calibrazione del monitor, Datacolor concede all&#8217;utente, e l&#8217;utente accetta, una licenza personale, non esclusiva e non trasferibile per installare e utilizzare il Software in formato codice oggetto su uno o pi\u00f9 computer in un&#8217;unica sede fisica e su cinque computer portatili, notebook o altri computer portatili aggiuntivi.  <\/p>\n<p>Per quanto riguarda qualsiasi altro software Datacolor, Datacolor concede all&#8217;utente, e l&#8217;utente accetta, una licenza personale, non esclusiva e non trasferibile per installare e utilizzare il Software in formato codice oggetto su un singolo computer alla volta. Se si desidera utilizzare il Software su una rete, contattare Datacolor.  <\/p>\n<p>Oltre alle copie installate, \u00e8 possibile effettuare una copia del Software in forma leggibile a macchina solo a scopo di backup. La copia di backup deve includere tutte le informazioni sul copyright contenute nell&#8217;originale.  <\/p>\n<p>Datacolor vi concede, e voi accettate, una licenza personale, non esclusiva e non trasferibile per distribuire profili in formato .ICM o .ICC (&#8220;Profili&#8221;), anche ai clienti dei vostri servizi di consulenza o di progettazione, a condizione che non vendiate, affittiate o noleggiate Profili, n\u00e9 abbiniate i Profili a qualsiasi hardware, software o altro prodotto commerciale.  <\/p>\n<p>La presente Licenza \u00e8 valida fino alla sua cessazione come previsto dal presente documento. L&#8217;utente pu\u00f2 porre fine alla presente Licenza distruggendo il Software e tutte le copie del Software in suo possesso. La presente Licenza si estingue automaticamente in caso di violazione dei termini della stessa. L&#8217;utente riconosce che questa Licenza non d\u00e0 diritto ad alcun supporto, manutenzione o aggiornamento da parte di Datacolor.  <\/p>\n<p> <\/p>\n\n<h2>5. Restrizioni della licenza.  <\/h2>\n<p>L&#8217;utente non pu\u00f2 fare nulla di quanto segue da solo o tramite un&#8217;altra persona e non pu\u00f2 permettere a terzi con cui ha un rapporto d&#8217;affari di fare nulla di quanto segue: (A) copiare, modificare o creare opere derivate basate sul Software; (B) decompilare, disassemblare o decodificare il Software in tutto o in parte; (C) sconfiggere, disattivare o aggirare qualsiasi meccanismo di protezione relativo al Software; (D) vendere, concedere in licenza, sublicenziare, affittare, distribuire, divulgare, consentire l&#8217;accesso o trasferire a terzi, a titolo oneroso o a scopo di lucro, qualsiasi parte del Software o qualsiasi prodotto (come prodotto separato o in bundle con altri prodotti diversi dal Software) creato con il Software (ad eccezione di Profili, che possono essere distribuiti solo come indicato nella Sezione 4 di cui sopra), o, in particolare, senza limitare la generalit\u00e0 di quanto sopra, distribuire il Software o qualsiasi prodotto su qualsiasi supporto, su reti, bacheche elettroniche o siti web, o consentire a terzi di utilizzare il Software; (E) esportare, utilizzare o scaricare il Software in violazione di qualsiasi legge o regolamento, compresi i regolamenti del Dipartimento del Commercio degli Stati Uniti sull&#8217;amministrazione delle esportazioni e altre leggi o regolamenti applicabili. (F) utilizzare il Software in relazione a sistemi di supporto vitale, impianti umani, dispositivi medici, impianti nucleari, sistemi o armi nucleari, aviazione, trasporto di massa o qualsiasi applicazione in cui un guasto o un malfunzionamento possa comportare la possibile perdita di vite umane o danni materiali catastrofici.  <\/p>\n<p> <\/p>\n\n<h2>6. Titolo e propriet\u00e0.  <\/h2>\n<p>Fatta eccezione per i diritti espressamente concessi sopra, la presente Licenza non trasferisce all&#8217;utente alcun diritto, titolo o interesse sul Software, su qualsiasi prodotto (inclusi, senza limitazioni, i Profili) creato con il Software o su qualsiasi diritto d&#8217;autore, brevetto, marchio di fabbrica, segreto commerciale o altra propriet\u00e0 intellettuale o diritto di propriet\u00e0 sul Software o su tali prodotti. Datacolor mantiene il titolo unico ed esclusivo di tutte le parti del Software e di qualsiasi copia dello stesso, e con la presente si assegnano a Datacolor tutti i diritti, titoli e interessi relativi a qualsiasi modifica apportata al Software e a qualsiasi prodotto realizzato con il Software, indipendentemente dal fatto che tali modifiche siano consentite o meno. L&#8217;utente accetta di non divulgare il Software a nessuno.  <\/p>\n<p> <\/p>\n\n<h2>7. Garanzie sulla legislazione in materia di esportazione.  <\/h2>\n<p>L&#8217;utente non pu\u00f2 utilizzare o esportare o riesportare in altro modo il Software se non come autorizzato dalle leggi degli Stati Uniti e dalle leggi della giurisdizione in cui il Software \u00e8 stato ottenuto.  <\/p>\n<p> <\/p>\n\n<h2>8. Utenti finali governativi.  <\/h2>\n<p>Se il Software viene fornito al Governo degli Stati Uniti, il Software \u00e8 classificato come &#8220;software informatico limitato&#8221; come definito nella clausola 52.227-19 del FAR. I diritti del Governo degli Stati Uniti sul Software sono quelli previsti dalla clausola 52.227-19 del FAR.  <\/p>\n<p> <\/p>\n\n<h2>9. Legge di controllo e clausola di separazione.  <\/h2>\n<p>La presente Licenza \u00e8 disciplinata dalle leggi degli Stati Uniti e dello Stato del New Jersey. L&#8217;utente si sottopone irrevocabilmente alla giurisdizione di qualsiasi tribunale statale o federale con sede nella Contea di Mercer, New Jersey, e qualsiasi azione o procedimento derivante dalla presente Licenza sar\u00e0 giudicato da tale tribunale. Se per qualsiasi motivo un tribunale della giurisdizione competente dovesse ritenere inapplicabile una qualsiasi disposizione, o parte di essa, la parte restante della presente Licenza continuer\u00e0 ad avere pieno vigore ed effetto.  <\/p>\n<p> <\/p>\n\n<h2>10. Accordo completo.  <\/h2>\n<p>La presente Licenza costituisce l&#8217;intero accordo tra le parti in merito all&#8217;utilizzo del Software e sostituisce tutte le intese precedenti o contemporanee relative a tale argomento. Nessun emendamento o modifica di questa Licenza sar\u00e0 vincolante se non in forma scritta e firmata da Datacolor.  <\/p>\n<p> <\/p>\n\n\n<!--This page was last modified on: 08. July 2021-->\n<\/section><\/div>\n                <\/div>\n            <\/div>\n        <\/div>","protected":false},"excerpt":{"rendered":"<p>CONTRATTO DI LICENZA CON L&#8217;UTENTE FINALE Questo accordo di licenza (&#8220;Licenza&#8221;) \u00e8 un accordo legale tra l&#8217;utente e Datacolor, Inc. (Datacolor&#8221;) che concede all&#8217;utente alcuni diritti di accesso e utilizzo&#8230;<\/p>\n","protected":false},"author":22,"featured_media":0,"parent":0,"menu_order":9,"comment_status":"closed","ping_status":"closed","template":"","meta":{"_acf_changed":false,"_relevanssi_hide_post":"","_relevanssi_hide_content":"","_relevanssi_pin_for_all":"","_relevanssi_pin_keywords":"","_relevanssi_unpin_keywords":"","_relevanssi_related_keywords":"","_relevanssi_related_include_ids":"","_relevanssi_related_exclude_ids":"","_relevanssi_related_no_append":"","_relevanssi_related_not_related":"","_relevanssi_related_posts":"","_relevanssi_noindex_reason":"","footnotes":""},"class_list":["post-165999","page","type-page","status-publish","hentry"],"acf":[],"yoast_head":"<!-- This site is optimized with the Yoast SEO plugin v26.6 - https:\/\/yoast.com\/wordpress\/plugins\/seo\/ -->\n<title>Contratto di licenza con l&#039;utente finale (EULA) per il software desktop | Datacolor<\/title>\n<meta name=\"robots\" content=\"index, follow, max-snippet:-1, max-image-preview:large, max-video-preview:-1\" \/>\n<link rel=\"canonical\" href=\"https:\/\/www.datacolor.com\/it\/eula-desktop-software\/\" \/>\n<meta property=\"og:locale\" content=\"it_IT\" \/>\n<meta property=\"og:type\" content=\"article\" \/>\n<meta property=\"og:title\" content=\"Contratto di licenza con l&#039;utente finale (EULA) per il software desktop | Datacolor\" \/>\n<meta property=\"og:description\" content=\"CONTRATTO DI LICENZA CON L&#039;UTENTE FINALE Questo accordo di licenza (&quot;Licenza&quot;) \u00e8 un accordo legale tra l&#039;utente e Datacolor, Inc. (Datacolor&quot;) che concede all&#039;utente alcuni diritti di accesso e utilizzo...\" \/>\n<meta property=\"og:url\" content=\"https:\/\/www.datacolor.com\/it\/eula-desktop-software\/\" \/>\n<meta property=\"og:site_name\" content=\"Datacolor\" \/>\n<meta property=\"article:publisher\" content=\"https:\/\/facebook.com\/DatacolorCorporate\" \/>\n<meta property=\"article:modified_time\" content=\"2023-01-30T15:03:24+00:00\" \/>\n<meta property=\"og:image\" content=\"https:\/\/www.datacolor.com\/wp-content\/uploads\/2022\/01\/collage-careers-800x700-1.jpg\" \/>\n\t<meta property=\"og:image:width\" content=\"800\" \/>\n\t<meta property=\"og:image:height\" content=\"700\" \/>\n\t<meta property=\"og:image:type\" content=\"image\/jpeg\" \/>\n<meta name=\"twitter:card\" content=\"summary_large_image\" \/>\n<meta name=\"twitter:label1\" content=\"Tempo di lettura stimato\" \/>\n\t<meta name=\"twitter:data1\" content=\"7 minuti\" \/>\n<!-- \/ Yoast SEO plugin. -->","yoast_head_json":{"title":"Contratto di licenza con l'utente finale (EULA) per il software desktop | Datacolor","robots":{"index":"index","follow":"follow","max-snippet":"max-snippet:-1","max-image-preview":"max-image-preview:large","max-video-preview":"max-video-preview:-1"},"canonical":"https:\/\/www.datacolor.com\/it\/eula-desktop-software\/","og_locale":"it_IT","og_type":"article","og_title":"Contratto di licenza con l'utente finale (EULA) per il software desktop | Datacolor","og_description":"CONTRATTO DI LICENZA CON L'UTENTE FINALE Questo accordo di licenza (\"Licenza\") \u00e8 un accordo legale tra l'utente e Datacolor, Inc. (Datacolor\") che concede all'utente alcuni diritti di accesso e utilizzo...","og_url":"https:\/\/www.datacolor.com\/it\/eula-desktop-software\/","og_site_name":"Datacolor","article_publisher":"https:\/\/facebook.com\/DatacolorCorporate","article_modified_time":"2023-01-30T15:03:24+00:00","og_image":[{"width":800,"height":700,"url":"https:\/\/www.datacolor.com\/wp-content\/uploads\/2022\/01\/collage-careers-800x700-1.jpg","type":"image\/jpeg"}],"twitter_card":"summary_large_image","twitter_misc":{"Tempo di lettura stimato":"7 minuti"},"schema":{"@context":"https:\/\/schema.org","@graph":[{"@type":"WebPage","@id":"https:\/\/www.datacolor.com\/it\/eula-desktop-software\/","url":"https:\/\/www.datacolor.com\/it\/eula-desktop-software\/","name":"Contratto di licenza con l'utente finale (EULA) per il software desktop | Datacolor","isPartOf":{"@id":"https:\/\/www.datacolor.com\/it\/#website"},"datePublished":"2022-07-07T11:03:54+00:00","dateModified":"2023-01-30T15:03:24+00:00","inLanguage":"it-IT","potentialAction":[{"@type":"ReadAction","target":["https:\/\/www.datacolor.com\/it\/eula-desktop-software\/"]}]},{"@type":"WebSite","@id":"https:\/\/www.datacolor.com\/it\/#website","url":"https:\/\/www.datacolor.com\/it\/","name":"Datacolor","description":"Color Management Solutions","publisher":{"@id":"https:\/\/www.datacolor.com\/it\/#organization"},"potentialAction":[{"@type":"SearchAction","target":{"@type":"EntryPoint","urlTemplate":"https:\/\/www.datacolor.com\/it\/?s={search_term_string}"},"query-input":{"@type":"PropertyValueSpecification","valueRequired":true,"valueName":"search_term_string"}}],"inLanguage":"it-IT"},{"@type":"Organization","@id":"https:\/\/www.datacolor.com\/it\/#organization","name":"Datacolor","url":"https:\/\/www.datacolor.com\/it\/","logo":{"@type":"ImageObject","inLanguage":"it-IT","@id":"https:\/\/www.datacolor.com\/it\/#\/schema\/logo\/image\/","url":"https:\/\/www.datacolor.com\/wp-content\/uploads\/2021\/12\/logo-header.jpg","contentUrl":"https:\/\/www.datacolor.com\/wp-content\/uploads\/2021\/12\/logo-header.jpg","width":259,"height":45,"caption":"Datacolor"},"image":{"@id":"https:\/\/www.datacolor.com\/it\/#\/schema\/logo\/image\/"},"sameAs":["https:\/\/facebook.com\/DatacolorCorporate","https:\/\/linkedin.com\/company\/datacolor","https:\/\/www.youtube.com\/user\/DatacolorIndustrial"]}]}},"_links":{"self":[{"href":"https:\/\/www.datacolor.com\/it\/wp-json\/wp\/v2\/pages\/165999","targetHints":{"allow":["GET"]}}],"collection":[{"href":"https:\/\/www.datacolor.com\/it\/wp-json\/wp\/v2\/pages"}],"about":[{"href":"https:\/\/www.datacolor.com\/it\/wp-json\/wp\/v2\/types\/page"}],"author":[{"embeddable":true,"href":"https:\/\/www.datacolor.com\/it\/wp-json\/wp\/v2\/users\/22"}],"replies":[{"embeddable":true,"href":"https:\/\/www.datacolor.com\/it\/wp-json\/wp\/v2\/comments?post=165999"}],"version-history":[{"count":1,"href":"https:\/\/www.datacolor.com\/it\/wp-json\/wp\/v2\/pages\/165999\/revisions"}],"predecessor-version":[{"id":166000,"href":"https:\/\/www.datacolor.com\/it\/wp-json\/wp\/v2\/pages\/165999\/revisions\/166000"}],"wp:attachment":[{"href":"https:\/\/www.datacolor.com\/it\/wp-json\/wp\/v2\/media?parent=165999"}],"curies":[{"name":"wp","href":"https:\/\/api.w.org\/{rel}","templated":true}]}}