{"id":183498,"date":"2025-01-31T10:18:17","date_gmt":"2025-01-31T15:18:17","guid":{"rendered":"https:\/\/dev.new.datacolor.eu\/lp\/download-our-free-industry-guide\/"},"modified":"2025-08-27T07:42:24","modified_gmt":"2025-08-27T11:42:24","slug":"download-our-free-industry-guide","status":"publish","type":"page","link":"https:\/\/www.datacolor.com\/it\/lp\/download-our-free-industry-guide\/","title":{"rendered":"Scarica la nostra guida gratuita del settore"},"content":{"rendered":"<div class=\"wp-core-gutenblock gutenblock bg-color-white core_html\">\n            <div class=\"container-fluid\">\n                <div class=\"row\">\n                    <div class=\"column\"><div id=\"intro\" class=\"row\">\n<div class=\"lp-left-col col-12 col-lg-4 order-2 order-lg-1\">\n<h5><strong>Scarica la nostra guida gratuita del settore<\/strong><\/h5>\n<script src=\"\/\/lp.datacolor.com\/js\/forms2\/js\/forms2.min.js\"><\/script> <form id=\"mktoForm_6950\"><\/form><form id=\"mktoForm_7298\"><\/form><form id=\"mktoForm_7296\"><\/form><form id=\"mktoForm_7299\"><\/form><form id=\"mktoForm_7297\"><\/form><form id=\"mktoForm_7295\"><\/form><form id=\"mktoForm_7294\"><\/form>\n<script>var formId = 6950; var urlLang = window.location.pathname.split(\"\/\")[1]; if (urlLang == 'de') { formId = 7298; } if (urlLang == 'fr') { formId = 7296; } if (urlLang == 'es') { formId = 7297; } if (urlLang == 'pt-br') { formId = 7294; } if (urlLang == 'zh-hans') { formId = 7299; }  if (urlLang == 'it') { formId = 7295; } \n MktoForms2.loadForm(\"\/\/lp.datacolor.com\", \"799-MHA-121\", formId);<\/script>\n\n\n<p id=\"btn-accept-marketing\" style=\"text-align: center; margin-top: -40px; margin-bottom: 40px; display: none;\"><em>(Per far funzionare questo pulsante, accettare i cookie di marketing).<\/em><\/p>\n<\/div>\n\n<div class=\"lp-right-col col-12 col-lg-8 order-1 order-lg-2\">\n<h2><strong>Ottieni un colore preciso e uniforme nelle materie plastiche<\/strong><\/h2>\n\n<p style=\"text-align:center; margin-bottom:40px;\"><img decoding=\"async\" src=\"https:\/\/www.datacolor.com\/wp-content\/uploads\/2025\/02\/industry-guide-lp-banner-1024x794.jpg\" alt=\"\" width=\"1024\" height=\"794\" class=\"size-large wp-image-181175\" srcset=\"https:\/\/www.datacolor.com\/wp-content\/uploads\/2025\/02\/industry-guide-lp-banner-1024x794.jpg 1024w, https:\/\/www.datacolor.com\/wp-content\/uploads\/2025\/02\/industry-guide-lp-banner-300x233.jpg 300w, https:\/\/www.datacolor.com\/wp-content\/uploads\/2025\/02\/industry-guide-lp-banner-768x596.jpg 768w, https:\/\/www.datacolor.com\/wp-content\/uploads\/2025\/02\/industry-guide-lp-banner-1536x1191.jpg 1536w, https:\/\/www.datacolor.com\/wp-content\/uploads\/2025\/02\/industry-guide-lp-banner-2048x1588.jpg 2048w, https:\/\/www.datacolor.com\/wp-content\/uploads\/2025\/02\/industry-guide-lp-banner-600x465.jpg 600w, https:\/\/www.datacolor.com\/wp-content\/uploads\/2025\/02\/industry-guide-lp-banner-992x769.jpg 992w, https:\/\/www.datacolor.com\/wp-content\/uploads\/2025\/02\/industry-guide-lp-banner-1200x931.jpg 1200w, https:\/\/www.datacolor.com\/wp-content\/uploads\/2025\/02\/industry-guide-lp-banner-350x271.jpg 350w, https:\/\/www.datacolor.com\/wp-content\/uploads\/2025\/02\/industry-guide-lp-banner-735x570.jpg 735w, https:\/\/www.datacolor.com\/wp-content\/uploads\/2025\/02\/industry-guide-lp-banner-700x543.jpg 700w, https:\/\/www.datacolor.com\/wp-content\/uploads\/2025\/02\/industry-guide-lp-banner-258x200.jpg 258w, https:\/\/www.datacolor.com\/wp-content\/uploads\/2025\/02\/industry-guide-lp-banner-100x78.jpg 100w, https:\/\/www.datacolor.com\/wp-content\/uploads\/2025\/02\/industry-guide-lp-banner-40x31.jpg 40w, https:\/\/www.datacolor.com\/wp-content\/uploads\/2025\/02\/industry-guide-lp-banner-226x175.jpg 226w, https:\/\/www.datacolor.com\/wp-content\/uploads\/2025\/02\/industry-guide-lp-banner.jpg 1600w\" sizes=\"(max-width: 1024px) 100vw, 1024px\" \/><\/p>\n\n<p>La precisione del colore nei prodotti in plastica \u00e8 essenziale sia per l&#8217;estetica che per la funzionalit\u00e0, ma ottenerla pu\u00f2 essere complesso. Le variazioni dei materiali, i processi di produzione e i fattori ambientali rendono difficile un controllo preciso del colore. Un solido sistema di gestione del colore aiuta a garantire la qualit\u00e0, a ridurre gli sprechi e a migliorare l&#8217;efficienza.  <\/p>\n<p style=\"text-align:left;\">Scarica la nostra guida del settore per saperne di pi\u00f9:<\/p><p>\n\n<\/p><ul>\n<li>L&#8217;importanza del controllo del colore &#8211; Perch\u00e9 una formulazione accurata e il controllo della qualit\u00e0 sono importanti fin dall&#8217;inizio.<\/li>\n<li>Sfide per la corrispondenza dei colori al primo colpo: come ridurre al minimo le rilavorazioni e migliorare l&#8217;efficienza.<\/li>\n<li>Creare un sistema di gestione del colore efficace &#8211; Le migliori pratiche per ottenere coerenza nella tua catena di fornitura.<\/li>\n<li>Casi di studio &#8211; Scopri come aziende come Pioneer e Sekisui Polymer Innovations hanno migliorato il controllo qualit\u00e0 con le soluzioni Datacolor.<\/li>\n<\/ul>\n\n<p style=\"text-align:left;\">Prendi il controllo dei tuoi processi cromatici e ottimizza la produzione con le conoscenze degli esperti.<\/p><p>\n\n<\/p><\/div>\n<\/div>\n\n<!--div id=\"confirmform\" style=\"display: none;\">\n<p>Thank you! Your industry guide is now ready for download. We\u2019re here to support you\u2014if you have any questions, feel free to reach out. Enjoy exploring!<\/p>\n<p><a class=\"btn-primary\" href=\"https:\/\/www.datacolor.com\/wp-content\/uploads\/2024\/07\/EN_Datacolor_Plastic_Industry_Guide.pdf\">Download Our Free Industry Guide <\/a><\/p>\n<\/div--><\/div>\n                <\/div>\n            <\/div>\n        <\/div><div class=\"wp-core-gutenblock gutenblock bg-color-white core_html\">\n            <div class=\"container-fluid\">\n                <div class=\"row\">\n                    <div class=\"column\"><style type=\"text\/css\">.hero-simple__content { display:none;}\n    .lp-left-col { background-color: #f5f5f5; padding:30px 20px;}\n    .lp-right-col {padding:30px 25px;}\n    #confirmform {text-align:center; padding: 50px 30px; background-color:#f5f5f5;}\n    .gutenblock--oms-resource-feed, .gutenblock--oms-cta {display:none;}\n    #site-header .justify-content-center {justify-content: left !important;}\n\n    .mktoForm {width: 100% !important;}\n    .mktoForm .mktoFormCol {float: none !important;}\n    .mktoForm .mktoOffset {float: none !important; height:0.5em !important;}\n    .mktoForm .mktoFieldWrap {float: none !important;} \n    .mktoForm .mktoGutter {height:0.5em !important;}\n\n    .mktoForm fieldset {border: none !important;}\n    .mktoForm fieldset .mktoFormCol {float: left !important; max-width: 70%  !important;}\n    .mktoForm fieldset .mktoFieldWrap > #LblrequestOptIn {display: none;}\n    set .mktoFieldWrap > .mktoGutter {display: none;}\n\n    .mktoForm .mktoLabel {float: none !important; width: 100% !important; margin-bottom: 0 !important;}\n\n    .mktoForm fieldset  #Lbloptin {float: left !important; width: auto !important;}\n    .mktoForm fieldset  #LblprivacyConsent {float: left !important; width: auto !important;}\n    .mktoForm fieldset  #optin {width: 0 !important; margin-left:18px;}\n    .mktoForm fieldset  #privacyConsent {width: 0 !important;}\n    .mktoForm fieldset .mktoGutter {width: 0 !important;}\n    .mktoForm fieldset .mktoRequiredField .mktoCheckboxList {width: auto !important;}\n\n    .mktoForm input[type=text], .mktoForm input[type=url], .mktoForm input[type=email], .mktoForm input[type=tel], .mktoForm input[type=number], .mktoForm input[type=date], .mktoForm select.mktoField, .mktoForm textarea.mktoField {width: 100% !important; padding: 0.5em 0.3em !important; border-radius: 4px !important; }\n    .mktoForm .mktoLogicalField {width: 100% !important;}\n    .mktoForm .mktoHtmlText {width: 100% !important;}\n    .mktoButtonRow {display: block !important; text-align: center !important; margin-top:30px !important;}\n    .mktoButtonRow .mktoButtonWrap {margin-left: 0 !important;}\n\t.mktoForm .mktoButtonRow .mktoButtonWrap.mktoThoughtbot .mktoButton {\n\t    transition: color .3s ease-out;\n\t    border-radius: 0;\n\t    box-shadow: none;\n\t    background: #d7172f;\n\t    border: 0;\n\t    bottom: auto;\n\t    box-sizing: border-box;\n\t    clip: auto;\n\t    float: none;\n\t    font-family: inherit;\n\t    height: auto;\n\t    left: auto;\n\t    list-style-type: none;\n\t    min-height: auto;\n\t    max-height: none;\n\t    min-width: auto;\n\t    max-width: none;\n\t    opacity: 1;\n\t    outline: 0;\n\t    pointer-events: auto;\n\t    right: auto;\n\t    text-indent: 0;\n\t    text-transform: none;\n\t    transform: none;\n\t    top: auto;\n\t    visibility: inherit;\n\t    width: auto;\n\t    word-wrap: break-word;\n\t    white-space: normal;\n\t    border: none;\n\t    box-shadow: 0 5px 10px 0 rgb(0 0 0 \/ 15%);\n\t    color: #fff;\n\t    display: inline-block;\n\t    font-weight: 900;\n\t    letter-spacing: normal;\n\t    overflow: hidden;\n\t    position: relative;\n\t    text-align: center;\n\t    text-decoration: none;\n\t    vertical-align: middle;\n\t    z-index: 1;\n\t    font-size: 1rem;\n\t    line-height: 1.25rem;\n\t    padding: 13px 18px;\n\t    margin: 0;\n\t}\n\t.mktoForm .mktoButtonRow .mktoButtonWrap.mktoThoughtbot .mktoButton:before {\n\t    content: \"\";\n\t    position: absolute;\n\t    z-index: -1;\n\t    background-color: #c0152a;\n\t    top: 0;\n\t    left: 0;\n\t    bottom: 0;\n\t    right: -1px;\n\t    transform: scaleX(0);\n\t    transform-origin: 0 50%;\n\t    transition: transform .2s ease-out;\n\t}\n\t.mktoForm .mktoButtonRow .mktoButtonWrap.mktoThoughtbot .mktoButton:hover:before {\n    \ttransform: scaleX(1);\n\t}\n\t.mktoForm .mktoButtonRow .mktoButtonWrap.mktoThoughtbot .mktoButton:after {\n\t    content: \"\u203a\";\n\t    display: inline-block;\n\t    margin-left: 5px;\n\t}\n\t.mktoForm .mktoRequiredField .mktoAsterix {\n\t\tdisplay: inline-block;\n\t\tfloat: none;\n\t\tmargin-right: 5px;\n\t}\n<\/style><\/div>\n                <\/div>\n            <\/div>\n        <\/div><div class=\"wp-core-gutenblock gutenblock bg-color-white core_html\">\n            <div class=\"container-fluid\">\n                <div class=\"row\">\n                    <div class=\"column\"><script>\/\/ <![CDATA[\n\/\/var block_feed = document.getElementsByClassName('gutenblock--oms-resource-feed');\n\/\/var block_cta = document.getElementsByClassName('gutenblock--oms-cta');\n\n\/\/MktoForms2.whenReady(function (form){\n\/\/    form.onSuccess(function(values, followUpUrl){\n\/\/        form.getFormElem().hide();\n\/\/        document.getElementById('confirmform').style.display = 'block';\n\/\/        document.getElementById('intro').style.display = 'none';\n\/\/        block_feed[0].style.display = 'block';\n\/\/        block_cta[0].style.display = 'block';\n\/\/        window.scrollTo({ top: 0, behavior: 'smooth' });\n\/\/        return false;\n\/\/    });\n\/\/});\n\/\/ ]]]]]]><![CDATA[><![CDATA[><\/script><\/div>\n                <\/div>\n            <\/div>\n        <\/div>","protected":false},"excerpt":{"rendered":"<p>Scarica la nostra guida gratuita del settore (Per far funzionare questo pulsante, accettare i cookie di marketing). Ottieni un colore preciso e uniforme nelle materie plastiche La precisione del colore&#8230;<\/p>\n","protected":false},"author":17,"featured_media":0,"parent":139112,"menu_order":0,"comment_status":"closed","ping_status":"closed","template":"","meta":{"_acf_changed":false,"_relevanssi_hide_post":"","_relevanssi_hide_content":"","_relevanssi_pin_for_all":"","_relevanssi_pin_keywords":"","_relevanssi_unpin_keywords":"","_relevanssi_related_keywords":"","_relevanssi_related_include_ids":"","_relevanssi_related_exclude_ids":"","_relevanssi_related_no_append":"","_relevanssi_related_not_related":"","_relevanssi_related_posts":"","_relevanssi_noindex_reason":"","footnotes":""},"class_list":["post-183498","page","type-page","status-publish","hentry"],"acf":[],"yoast_head":"<!-- This site is optimized with the Yoast SEO plugin v26.6 - https:\/\/yoast.com\/wordpress\/plugins\/seo\/ -->\n<title>Scarica la nostra guida gratuita del settore | Datacolor<\/title>\n<meta name=\"robots\" content=\"index, follow, max-snippet:-1, max-image-preview:large, max-video-preview:-1\" \/>\n<link rel=\"canonical\" href=\"https:\/\/www.datacolor.com\/it\/lp\/download-our-free-industry-guide\/\" \/>\n<meta property=\"og:locale\" content=\"it_IT\" \/>\n<meta property=\"og:type\" content=\"article\" \/>\n<meta property=\"og:title\" content=\"Scarica la nostra guida gratuita del settore | Datacolor\" \/>\n<meta property=\"og:description\" content=\"Scarica la nostra guida gratuita del settore (Per far funzionare questo pulsante, accettare i cookie di marketing). Ottieni un colore preciso e uniforme nelle materie plastiche La precisione del colore...\" \/>\n<meta property=\"og:url\" content=\"https:\/\/www.datacolor.com\/it\/lp\/download-our-free-industry-guide\/\" \/>\n<meta property=\"og:site_name\" content=\"Datacolor\" \/>\n<meta property=\"article:publisher\" content=\"https:\/\/facebook.com\/DatacolorCorporate\" \/>\n<meta property=\"article:modified_time\" content=\"2025-08-27T11:42:24+00:00\" \/>\n<meta property=\"og:image\" content=\"https:\/\/www.datacolor.com\/wp-content\/uploads\/2025\/02\/industry-guide-lp-banner.jpg\" \/>\n\t<meta property=\"og:image:width\" content=\"1600\" \/>\n\t<meta property=\"og:image:height\" content=\"1241\" \/>\n\t<meta property=\"og:image:type\" content=\"image\/jpeg\" \/>\n<meta name=\"twitter:card\" content=\"summary_large_image\" \/>\n<meta name=\"twitter:label1\" content=\"Tempo di lettura stimato\" \/>\n\t<meta name=\"twitter:data1\" content=\"1 minuto\" \/>\n<!-- \/ Yoast SEO plugin. -->","yoast_head_json":{"title":"Scarica la nostra guida gratuita del settore | Datacolor","robots":{"index":"index","follow":"follow","max-snippet":"max-snippet:-1","max-image-preview":"max-image-preview:large","max-video-preview":"max-video-preview:-1"},"canonical":"https:\/\/www.datacolor.com\/it\/lp\/download-our-free-industry-guide\/","og_locale":"it_IT","og_type":"article","og_title":"Scarica la nostra guida gratuita del settore | Datacolor","og_description":"Scarica la nostra guida gratuita del settore (Per far funzionare questo pulsante, accettare i cookie di marketing). Ottieni un colore preciso e uniforme nelle materie plastiche La precisione del colore...","og_url":"https:\/\/www.datacolor.com\/it\/lp\/download-our-free-industry-guide\/","og_site_name":"Datacolor","article_publisher":"https:\/\/facebook.com\/DatacolorCorporate","article_modified_time":"2025-08-27T11:42:24+00:00","og_image":[{"width":1600,"height":1241,"url":"https:\/\/www.datacolor.com\/wp-content\/uploads\/2025\/02\/industry-guide-lp-banner.jpg","type":"image\/jpeg"}],"twitter_card":"summary_large_image","twitter_misc":{"Tempo di lettura stimato":"1 minuto"},"schema":{"@context":"https:\/\/schema.org","@graph":[{"@type":"WebPage","@id":"https:\/\/www.datacolor.com\/it\/lp\/download-our-free-industry-guide\/","url":"https:\/\/www.datacolor.com\/it\/lp\/download-our-free-industry-guide\/","name":"Scarica la nostra guida gratuita del settore | Datacolor","isPartOf":{"@id":"https:\/\/www.datacolor.com\/it\/#website"},"primaryImageOfPage":{"@id":"https:\/\/www.datacolor.com\/it\/lp\/download-our-free-industry-guide\/#primaryimage"},"image":{"@id":"https:\/\/www.datacolor.com\/it\/lp\/download-our-free-industry-guide\/#primaryimage"},"thumbnailUrl":"https:\/\/www.datacolor.com\/wp-content\/uploads\/2025\/02\/industry-guide-lp-banner-1024x794.jpg","datePublished":"2025-01-31T15:18:17+00:00","dateModified":"2025-08-27T11:42:24+00:00","inLanguage":"it-IT","potentialAction":[{"@type":"ReadAction","target":["https:\/\/www.datacolor.com\/it\/lp\/download-our-free-industry-guide\/"]}]},{"@type":"ImageObject","inLanguage":"it-IT","@id":"https:\/\/www.datacolor.com\/it\/lp\/download-our-free-industry-guide\/#primaryimage","url":"https:\/\/www.datacolor.com\/wp-content\/uploads\/2025\/02\/industry-guide-lp-banner-1024x794.jpg","contentUrl":"https:\/\/www.datacolor.com\/wp-content\/uploads\/2025\/02\/industry-guide-lp-banner-1024x794.jpg"},{"@type":"WebSite","@id":"https:\/\/www.datacolor.com\/it\/#website","url":"https:\/\/www.datacolor.com\/it\/","name":"Datacolor","description":"Color Management Solutions","publisher":{"@id":"https:\/\/www.datacolor.com\/it\/#organization"},"potentialAction":[{"@type":"SearchAction","target":{"@type":"EntryPoint","urlTemplate":"https:\/\/www.datacolor.com\/it\/?s={search_term_string}"},"query-input":{"@type":"PropertyValueSpecification","valueRequired":true,"valueName":"search_term_string"}}],"inLanguage":"it-IT"},{"@type":"Organization","@id":"https:\/\/www.datacolor.com\/it\/#organization","name":"Datacolor","url":"https:\/\/www.datacolor.com\/it\/","logo":{"@type":"ImageObject","inLanguage":"it-IT","@id":"https:\/\/www.datacolor.com\/it\/#\/schema\/logo\/image\/","url":"https:\/\/www.datacolor.com\/wp-content\/uploads\/2021\/12\/logo-header.jpg","contentUrl":"https:\/\/www.datacolor.com\/wp-content\/uploads\/2021\/12\/logo-header.jpg","width":259,"height":45,"caption":"Datacolor"},"image":{"@id":"https:\/\/www.datacolor.com\/it\/#\/schema\/logo\/image\/"},"sameAs":["https:\/\/facebook.com\/DatacolorCorporate","https:\/\/linkedin.com\/company\/datacolor","https:\/\/www.youtube.com\/user\/DatacolorIndustrial"]}]}},"_links":{"self":[{"href":"https:\/\/www.datacolor.com\/it\/wp-json\/wp\/v2\/pages\/183498","targetHints":{"allow":["GET"]}}],"collection":[{"href":"https:\/\/www.datacolor.com\/it\/wp-json\/wp\/v2\/pages"}],"about":[{"href":"https:\/\/www.datacolor.com\/it\/wp-json\/wp\/v2\/types\/page"}],"author":[{"embeddable":true,"href":"https:\/\/www.datacolor.com\/it\/wp-json\/wp\/v2\/users\/17"}],"replies":[{"embeddable":true,"href":"https:\/\/www.datacolor.com\/it\/wp-json\/wp\/v2\/comments?post=183498"}],"version-history":[{"count":5,"href":"https:\/\/www.datacolor.com\/it\/wp-json\/wp\/v2\/pages\/183498\/revisions"}],"predecessor-version":[{"id":183846,"href":"https:\/\/www.datacolor.com\/it\/wp-json\/wp\/v2\/pages\/183498\/revisions\/183846"}],"up":[{"embeddable":true,"href":"https:\/\/www.datacolor.com\/it\/wp-json\/wp\/v2\/pages\/139112"}],"wp:attachment":[{"href":"https:\/\/www.datacolor.com\/it\/wp-json\/wp\/v2\/media?parent=183498"}],"curies":[{"name":"wp","href":"https:\/\/api.w.org\/{rel}","templated":true}]}}