{"id":165728,"date":"2022-01-17T20:41:15","date_gmt":"2022-01-18T02:41:15","guid":{"rendered":"https:\/\/dev.new.datacolor.eu\/business-solutions\/product\/datacolor-elrepho\/"},"modified":"2024-08-14T08:13:01","modified_gmt":"2024-08-14T13:13:01","slug":"datacolor-elrepho","status":"publish","type":"product","link":"https:\/\/www.datacolor.com\/it\/business-solutions\/product\/datacolor-elrepho\/","title":{"rendered":"Elrepho 1000: Controllo qualit\u00e0 per l&#8217;industria della carta, della cellulosa e dei minerali"},"content":{"rendered":"<section id=\"gutenblock-block_e789febdb1fe50389e60516a6f7d7f8d\" class=\"gutenblock gutenblock--oms-testimonials bg-color-white\">\n        <div class=\"gutenblock-inner\">\n            <div class=\"container-fluid\">\n\n                \n                                    <div class=\"l-testimonial\">\n                        <div class=\"testimonial\">\n                                                            <div class=\"testimonial__quote\">\n                                    <p>&#8220;Dopo 3 anni di approfondite valutazioni tecniche, possiamo affermare che Datacolor offre il software e gli strumenti migliori per le nostre esigenze. Inoltre, Datacolor fornisce un eccellente supporto a livello mondiale e ha dimostrato di essere un partner affidabile.&#8221;<\/p>\n                                <\/div>\n                            \n                                                            <div class=\"testimonial__author\">\n                                    Dr. Sebastian Sch\u00e4fer                                <\/div>\n                            \n                                                            <div class=\"testimonial__byline\">\n                                    <p>Responsabile di progetto, Color Matching | Jotun<\/p>\n                                <\/div>\n                                                    <\/div>\n                    <\/div>\n                \n            <\/div>\n        <\/div>\n    <\/section><section id=\"gutenblock-block_e314820c96fefc93a2cf9e0150a42834\" class=\"gutenblock gutenblock--oms-blurbs layout_blurb_columns_1 bg-color-\">\n        <div class=\"gutenblock-inner\">\n            <div class=\"container-fluid\">\n\n                <div class=\"row l-blurbs__row justify-content-center l-blurbs__row--layout-5050\">\n                    \n                            <div class=\"col-12 l-blurbs__col l-blurbs__col--content\">\n                                <div class=\"blurbs-content\"><h1>Per saperne di pi\u00f9 sulle nostre soluzioni di gestione del colore!<\/h1>\n<pre>The possibilities are endless.<\/pre>\n<\/div>\n                            <\/div>\n                        <div class=\"col-12 l-blurbs__col l-blurbs__col--blurbs\"><div class=\"l-blurb\"><a aria-labelledby=\"blurb-title-block_e314820c96fefc93a2cf9e0150a428340\" class=\"blurb \"href=\"https:\/\/www.datacolor.com\/business-solutions\/customer-support\/faq\/\" target=\"\" title=\"FAQ\"><div class=\"l-blurb__col l-blurb__col--image\" data-image-style=\"icon\"><img decoding=\"async\" src=\"https:\/\/www.datacolor.com\/wp-content\/uploads\/2022\/01\/icon-lightbulb-sustainability100x100.svg\" class=\"blurb__icon\" alt=\"\" \/><\/div>\n    <div class=\"l-blurb__col l-blurb__col--content\">\n        <div class=\"blurb__content\">\n\n            <h3 id=\"blurb-title-block_e314820c96fefc93a2cf9e0150a428340\" class=\"blurb__title\">FAQs<\/h3>\n\n            <p>Visitate l&#8217;hub FAQ della comunit\u00e0 del Learning Center per scoprire come i vostri colleghi utilizzano l&#8217;hardware e il software Datacolor.<\/p>\n\n        <\/div>\n    <\/div>\n\n    <\/a><\/div><div class=\"l-blurb\"><a aria-labelledby=\"blurb-title-block_e314820c96fefc93a2cf9e0150a428341\" class=\"blurb \"href=\"https:\/\/www.datacolor.com\/business-solutions\/color-management-solutions\/color-management-software\/\" target=\"\" title=\"Software per gestione del colore\"><div class=\"l-blurb__col l-blurb__col--image\" data-image-style=\"icon\"><img decoding=\"async\" src=\"https:\/\/www.datacolor.com\/wp-content\/uploads\/2022\/01\/icon-gear100x100.svg\" class=\"blurb__icon\" alt=\"\" \/><\/div>\n    <div class=\"l-blurb__col l-blurb__col--content\">\n        <div class=\"blurb__content\">\n\n            <h3 id=\"blurb-title-block_e314820c96fefc93a2cf9e0150a428341\" class=\"blurb__title\">Software<\/h3>\n\n            <p>Trovate le integrazioni software per creare un sistema completo di gestione del colore.<\/p>\n\n        <\/div>\n    <\/div>\n\n    <\/a><\/div><div class=\"l-blurb\"><a aria-labelledby=\"blurb-title-block_e314820c96fefc93a2cf9e0150a428342\" class=\"blurb \"href=\"https:\/\/www.datacolor.com\/business-solutions\/customer-support\/contact-customer-support\/\" target=\"\" title=\"Contatta l'assistenza clienti\"><div class=\"l-blurb__col l-blurb__col--image\" data-image-style=\"icon\"><img decoding=\"async\" src=\"https:\/\/www.datacolor.com\/wp-content\/uploads\/2022\/01\/icon-team100x100.svg\" class=\"blurb__icon\" alt=\"\" \/><\/div>\n    <div class=\"l-blurb__col l-blurb__col--content\">\n        <div class=\"blurb__content\">\n\n            <h3 id=\"blurb-title-block_e314820c96fefc93a2cf9e0150a428342\" class=\"blurb__title\">Supporto<\/h3>\n\n            <p>Accesso a una rete mondiale di tecnici dell&#8217;assistenza Datacolor sul campo o presso uno dei nostri centri di assistenza globale per un supporto virtuale o di persona.<\/p>\n\n        <\/div>\n    <\/div>\n\n    <\/a><\/div><\/div>                <\/div>\n            <\/div>\n        <\/div>\n    <\/section><section id=\"gutenblock-block_9e4aaf412d80e922ab748ae3fcb7dad5\" class=\"gutenblock gutenblock--oms-resource-feed feed--feed bg-color-white u-dots-bg\">\n        <div class=\"gutenblock-inner\">\n            <div class=\"container-fluid\">\n\n                    <div class=\"gutenblock-header \">\n        <div class=\"row header_row justify-content-center\">\n            <div class=\"header_column\">\n                <h2>Le idee partono da qui<\/h2>\n<p>Esplora gli ultimi articoli, eventi e notizie di Datacolor.<\/p>\n<p><a class=\"cta-link\" href=\"https:\/\/www.datacolor.com\/it\/soluzioni-aziendali\/learning-center\/\">Visita il Learning Center<\/a><\/p>\n            <\/div>\n        <\/div>\n    <\/div>\n\n                <div class=\"l-archive-results__row row justify-content-center justify-content-md-start\">\n                    <div class=\"l-archive-results__col col-12 col-sm-10 col-md-6 col-lg-4 col-xl-3\">\n<a href=\"https:\/\/www.datacolor.com\/it\/business-solutions\/blog\/mastering-color-management-in-plastics-manufacturing\/\" id=\"post-185071\" class=\"teaser teaser--blog teaser--vertical post-185071 post type-post status-publish format-standard has-post-thumbnail hentry category-formulazione-del-colore-e-controllo-della-qualita tag-abbinamento-dei-colori-per-le-materie-plastiche tag-datacolor-per-materie-plastiche tag-gestione-del-colore\">\n    <div class=\"teaser__main\">\n\n        <img decoding=\"async\" width=\"368\" height=\"476\" src=\"https:\/\/www.datacolor.com\/wp-content\/uploads\/2025\/11\/industry-guide-lp-banner-1536x1191-1-368x476.jpg\" class=\"attachment-cpt-feed size-cpt-feed\" alt=\"Gestione del colore della plastica\" \/>\n        <div class=\"teaser__overlay\">\n\n            \n            <h2 class=\"teaser__title\">Padroneggiare la gestione del colore nella produzione di materie plastiche<\/h2>\n\n            <p class=\"post-meta post-meta--teaser\"><i class=\"fas fa-list-ul\"><\/i> formulazione del colore e controllo della qualit\u00e0<\/p>\n        <\/div>\n\n        \n    <\/div>\n\n    <\/a>\n\n<button type=\"button\" onclick=\"window.open('\/wp-admin\/post.php?post=185071&#038;action=edit')\" class=\"edit-link\" aria-hidden=\"true\">Edit Post<\/button><\/div><div class=\"l-archive-results__col col-12 col-sm-10 col-md-6 col-lg-4 col-xl-3\">\n<a href=\"https:\/\/www.datacolor.com\/it\/business-solutions\/blog\/color-match-in-design-and-industry\/\" id=\"post-185186\" class=\"teaser teaser--blog teaser--vertical post-185186 post type-post status-publish format-standard has-post-thumbnail hentry category-formulazione-del-colore-e-controllo-della-qualita\">\n    <div class=\"teaser__main\">\n\n        <img decoding=\"async\" width=\"368\" height=\"476\" src=\"https:\/\/www.datacolor.com\/wp-content\/uploads\/2025\/04\/shutterstock_1939661890-368x476.jpg\" class=\"attachment-cpt-feed size-cpt-feed\" alt=\"\" \/>\n        <div class=\"teaser__overlay\">\n\n            \n            <h2 class=\"teaser__title\">Abbinamento dei colori nella progettazione e nella produzione.<\/h2>\n\n            <p class=\"post-meta post-meta--teaser\"><i class=\"fas fa-list-ul\"><\/i> formulazione del colore e controllo della qualit\u00e0<\/p>\n        <\/div>\n\n        \n    <\/div>\n\n    <\/a>\n\n<button type=\"button\" onclick=\"window.open('\/wp-admin\/post.php?post=185186&#038;action=edit')\" class=\"edit-link\" aria-hidden=\"true\">Edit Post<\/button><\/div><div class=\"l-archive-results__col col-12 col-sm-10 col-md-6 col-lg-4 col-xl-3\">\n<a href=\"https:\/\/www.datacolor.com\/it\/business-solutions\/blog\/5-passi-per-un-efficace-programma-di-controllo-della-qualita-del-colore\/\" id=\"post-178489\" class=\"teaser teaser--blog teaser--vertical post-178489 post type-post status-publish format-standard has-post-thumbnail hentry category-formulazione-del-colore-e-controllo-della-qualita\">\n    <div class=\"teaser__main\">\n\n        <img decoding=\"async\" width=\"368\" height=\"476\" src=\"https:\/\/www.datacolor.com\/wp-content\/uploads\/2024\/09\/choosing-colors-368x476.jpg\" class=\"attachment-cpt-feed size-cpt-feed\" alt=\"people choosing fabric samples\" \/>\n        <div class=\"teaser__overlay\">\n\n            \n            <h2 class=\"teaser__title\">5 passi per un programma efficace di controllo della qualit\u00e0 del colore<\/h2>\n\n            <p class=\"post-meta post-meta--teaser\"><i class=\"fas fa-list-ul\"><\/i> formulazione del colore e controllo della qualit\u00e0<\/p>\n        <\/div>\n\n        \n    <\/div>\n\n    <\/a>\n\n<button type=\"button\" onclick=\"window.open('\/wp-admin\/post.php?post=178489&#038;action=edit')\" class=\"edit-link\" aria-hidden=\"true\">Edit Post<\/button><\/div><div class=\"l-archive-results__col col-12 col-sm-10 col-md-6 col-lg-4 col-xl-3\">\n<a href=\"https:\/\/www.datacolor.com\/it\/business-solutions\/blog\/la-gestione-digitale-del-colore-la-produzione-di-pelle-personalizzata-si-distingue-per-la-sua-qualita\/\" id=\"post-175990\" class=\"teaser teaser--blog teaser--vertical post-175990 post type-post status-publish format-standard has-post-thumbnail hentry category-formulazione-del-colore-e-controllo-della-qualita\">\n    <div class=\"teaser__main\">\n\n        <img decoding=\"async\" width=\"368\" height=\"476\" src=\"https:\/\/www.datacolor.com\/wp-content\/uploads\/2024\/05\/leather-seat-1-368x476.jpg\" class=\"attachment-cpt-feed size-cpt-feed\" alt=\"leather car seat\" \/>\n        <div class=\"teaser__overlay\">\n\n            \n            <h2 class=\"teaser__title\">La gestione digitale del colore ottimizza la produzione di pelle personalizzata<\/h2>\n\n            <p class=\"post-meta post-meta--teaser\"><i class=\"fas fa-list-ul\"><\/i> formulazione del colore e controllo della qualit\u00e0<\/p>\n        <\/div>\n\n        \n    <\/div>\n\n    <\/a>\n\n<button type=\"button\" onclick=\"window.open('\/wp-admin\/post.php?post=175990&#038;action=edit')\" class=\"edit-link\" aria-hidden=\"true\">Edit Post<\/button><\/div>                <\/div>\n            <\/div>\n        <\/div>\n    <\/section><section id=\"gutenblock-block_346463727fe42a86e64b48dfc424b201\" class=\"gutenblock gutenblock--oms-product-feed bg-color-white u-dots-bg\">\n        <div class=\"gutenblock-inner\">\n            <div class=\"container-fluid\">\n\n                    <div class=\"gutenblock-header \">\n        <div class=\"row header_row justify-content-center\">\n            <div class=\"header_column\">\n                <h3>Altri prodotti che potrebbero interessarti<\/h3>\n            <\/div>\n        <\/div>\n    <\/div>\n\n                                    <div class=\"l-products__row row justify-content-center\">\n                        <div class='l-products__col col-12 col-sm-6 col-md-4'>\n<a href=\"https:\/\/www.datacolor.com\/it\/business-solutions\/product\/datacolor-tools\/\" class=\"product-teaser post-165858 product type-product status-publish has-post-thumbnail hentry product_category-software-di-gestione-del-colore\">\n            <div class=\"product-teaser__image-wrap\">\n            <img decoding=\"async\" width=\"350\" height=\"350\" src=\"https:\/\/www.datacolor.com\/wp-content\/uploads\/2022\/04\/800x800-Lifestyle-Tools-1-350x350.jpg\" class=\"product-teaser__image wp-post-image\" alt=\"Donna seduta a un tavolo che lavora su un computer portatile accanto a uno Spectro 1000 di Datacolor.\" srcset=\"https:\/\/www.datacolor.com\/wp-content\/uploads\/2022\/04\/800x800-Lifestyle-Tools-1-350x350.jpg 350w, https:\/\/www.datacolor.com\/wp-content\/uploads\/2022\/04\/800x800-Lifestyle-Tools-1-300x300.jpg 300w, https:\/\/www.datacolor.com\/wp-content\/uploads\/2022\/04\/800x800-Lifestyle-Tools-1-150x150.jpg 150w, https:\/\/www.datacolor.com\/wp-content\/uploads\/2022\/04\/800x800-Lifestyle-Tools-1-768x768.jpg 768w, https:\/\/www.datacolor.com\/wp-content\/uploads\/2022\/04\/800x800-Lifestyle-Tools-1-600x600.jpg 600w, https:\/\/www.datacolor.com\/wp-content\/uploads\/2022\/04\/800x800-Lifestyle-Tools-1-735x735.jpg 735w, https:\/\/www.datacolor.com\/wp-content\/uploads\/2022\/04\/800x800-Lifestyle-Tools-1-700x700.jpg 700w, https:\/\/www.datacolor.com\/wp-content\/uploads\/2022\/04\/800x800-Lifestyle-Tools-1-200x200.jpg 200w, https:\/\/www.datacolor.com\/wp-content\/uploads\/2022\/04\/800x800-Lifestyle-Tools-1-100x100.jpg 100w, https:\/\/www.datacolor.com\/wp-content\/uploads\/2022\/04\/800x800-Lifestyle-Tools-1-40x40.jpg 40w, https:\/\/www.datacolor.com\/wp-content\/uploads\/2022\/04\/800x800-Lifestyle-Tools-1-175x175.jpg 175w, https:\/\/www.datacolor.com\/wp-content\/uploads\/2022\/04\/800x800-Lifestyle-Tools-1.jpg 800w\" sizes=\"(max-width: 350px) 100vw, 350px\" \/>        <\/div>\n    \n    <p class=\"product-teaser__title\">Software per il controllo della qualit\u00e0 del colore: Datacolor Tools<\/p>\n\n                <p class=\"product-teaser__excerpt\">Consente l&#8217;analisi oggettiva, la creazione di report, la comunicazione e la visualizzazione di risultati di controllo del colore accurati.<\/p>\n    <\/a>\n\n<button type=\"button\" onclick=\"window.open('\/wp-admin\/post.php?post=165858&#038;action=edit')\" class=\"edit-link\" aria-hidden=\"true\">Edit Post<\/button><\/div><div class='l-products__col col-12 col-sm-6 col-md-4'>\n<a href=\"https:\/\/www.datacolor.com\/it\/business-solutions\/product\/datacolor-lightbooth\/\" class=\"product-teaser post-165754 product type-product status-publish has-post-thumbnail hentry product_category-valutazione-visiva-strumenti-di-laboratorio\">\n            <div class=\"product-teaser__image-wrap\">\n            <img decoding=\"async\" width=\"350\" height=\"350\" src=\"https:\/\/www.datacolor.com\/wp-content\/uploads\/2022\/01\/800x800-Product-Lightbooth-1-1-350x350.jpg\" class=\"product-teaser__image wp-post-image\" alt=\"\" srcset=\"https:\/\/www.datacolor.com\/wp-content\/uploads\/2022\/01\/800x800-Product-Lightbooth-1-1-350x350.jpg 350w, https:\/\/www.datacolor.com\/wp-content\/uploads\/2022\/01\/800x800-Product-Lightbooth-1-1-300x300.jpg 300w, https:\/\/www.datacolor.com\/wp-content\/uploads\/2022\/01\/800x800-Product-Lightbooth-1-1-150x150.jpg 150w, https:\/\/www.datacolor.com\/wp-content\/uploads\/2022\/01\/800x800-Product-Lightbooth-1-1-600x600.jpg 600w, https:\/\/www.datacolor.com\/wp-content\/uploads\/2022\/01\/800x800-Product-Lightbooth-1-1.jpg 700w, https:\/\/www.datacolor.com\/wp-content\/uploads\/2022\/01\/800x800-Product-Lightbooth-1-1-200x200.jpg 200w, https:\/\/www.datacolor.com\/wp-content\/uploads\/2022\/01\/800x800-Product-Lightbooth-1-1-100x100.jpg 100w, https:\/\/www.datacolor.com\/wp-content\/uploads\/2022\/01\/800x800-Product-Lightbooth-1-1-40x40.jpg 40w, https:\/\/www.datacolor.com\/wp-content\/uploads\/2022\/01\/800x800-Product-Lightbooth-1-1-175x175.jpg 175w\" sizes=\"(max-width: 350px) 100vw, 350px\" \/>        <\/div>\n    \n    <p class=\"product-teaser__title\">Strumento di valutazione visiva del colore: Cabine luminose<\/p>\n\n                <p class=\"product-teaser__excerpt\">Strumenti di valutazione del colore della lightbox<\/p>\n    <\/a>\n\n<button type=\"button\" onclick=\"window.open('\/wp-admin\/post.php?post=165754&#038;action=edit')\" class=\"edit-link\" aria-hidden=\"true\">Edit Post<\/button><\/div>                    <\/div>\n                \n            <\/div>\n        <\/div>\n    <\/section><section id=\"gutenblock-block_300620211c82b8d321f1c875e22fab32\" class=\"gutenblock gutenblock--oms-cta \">\n\n        <img decoding=\"async\" width=\"1600\" height=\"500\" src=\"https:\/\/www.datacolor.com\/wp-content\/uploads\/2022\/01\/hero-footer-colorwork4-1600x500-1-1600x500.jpg\" class=\"bg_image\" alt=\"\" srcset=\"https:\/\/www.datacolor.com\/wp-content\/uploads\/2022\/01\/hero-footer-colorwork4-1600x500-1.jpg 1600w, https:\/\/www.datacolor.com\/wp-content\/uploads\/2022\/01\/hero-footer-colorwork4-1600x500-1-300x94.jpg 300w, https:\/\/www.datacolor.com\/wp-content\/uploads\/2022\/01\/hero-footer-colorwork4-1600x500-1-1024x320.jpg 1024w, https:\/\/www.datacolor.com\/wp-content\/uploads\/2022\/01\/hero-footer-colorwork4-1600x500-1-768x240.jpg 768w, https:\/\/www.datacolor.com\/wp-content\/uploads\/2022\/01\/hero-footer-colorwork4-1600x500-1-1536x480.jpg 1536w, https:\/\/www.datacolor.com\/wp-content\/uploads\/2022\/01\/hero-footer-colorwork4-1600x500-1-600x188.jpg 600w, https:\/\/www.datacolor.com\/wp-content\/uploads\/2022\/01\/hero-footer-colorwork4-1600x500-1-992x310.jpg 992w, https:\/\/www.datacolor.com\/wp-content\/uploads\/2022\/01\/hero-footer-colorwork4-1600x500-1-1200x375.jpg 1200w, https:\/\/www.datacolor.com\/wp-content\/uploads\/2022\/01\/hero-footer-colorwork4-1600x500-1-1000x313.jpg 1000w, https:\/\/www.datacolor.com\/wp-content\/uploads\/2022\/01\/hero-footer-colorwork4-1600x500-1-350x109.jpg 350w, https:\/\/www.datacolor.com\/wp-content\/uploads\/2022\/01\/hero-footer-colorwork4-1600x500-1-735x230.jpg 735w, https:\/\/www.datacolor.com\/wp-content\/uploads\/2022\/01\/hero-footer-colorwork4-1600x500-1-700x219.jpg 700w, https:\/\/www.datacolor.com\/wp-content\/uploads\/2022\/01\/hero-footer-colorwork4-1600x500-1-100x31.jpg 100w\" sizes=\"(max-width: 1600px) 100vw, 1600px\" \/>\n        <div class=\"gutenblock-inner\">\n\n            <div class=\"container-fluid l-cta__container\">\n\n                <div class=\"row l-cta__row l-cta__row--right\">\n\n                    <div class=\"col-12 col-lg-6 l-cta__col\">\n                        <div class=\"cta__content text-white\">\n\n\t\t\t    <h3>Le sfide del colore sono importanti.<\/h3>\n<p>  Parla con un esperto del colore per sapere se Datacolor Elrepho fa al caso tuo.<\/p>\n\n                                                            <div class=\"cta_links_container mt-4\">\n                                    <a href=\"https:\/\/www.datacolor.com\/it\/soluzioni-aziendali\/richiesta-di-informazioni-sul-prodotto\/\" target=\"\" class=\"cta_link btn-secondary\">Parliamo di Colore<\/a>                                <\/div>\n                            \n                        <\/div>\n                    <\/div>\n                <\/div>\n            <\/div>\n        <\/div>\n    <\/section>","protected":false},"excerpt":{"rendered":"","protected":false},"featured_media":176806,"parent":0,"template":"","meta":{"_acf_changed":false,"_relevanssi_hide_post":"","_relevanssi_hide_content":"","_relevanssi_pin_for_all":"","_relevanssi_pin_keywords":"","_relevanssi_unpin_keywords":"","_relevanssi_related_keywords":"","_relevanssi_related_include_ids":"","_relevanssi_related_exclude_ids":"","_relevanssi_related_no_append":"","_relevanssi_related_not_related":"","_relevanssi_related_posts":"","_relevanssi_noindex_reason":"","_links_to":"","_links_to_target":""},"product_category":[1404],"class_list":["post-165728","product","type-product","status-publish","has-post-thumbnail","hentry","product_category-benchtop-spectrophotometers-it"],"acf":[],"yoast_head":"<!-- This site is optimized with the Yoast SEO plugin v26.6 - https:\/\/yoast.com\/wordpress\/plugins\/seo\/ -->\n<title>Spettrofotometro ELREPHO per l&#039;industria della carta | Datacolor<\/title>\n<meta name=\"description\" content=\"Datacolor Elrepho \u00e8 uno spettrofotometro ad alte prestazioni per il controllo del colore, della luminosit\u00e0, dell&#039;opacit\u00e0 e del bianco di pasta, carta e prodotti chimici.\" \/>\n<meta name=\"robots\" content=\"index, follow, max-snippet:-1, max-image-preview:large, max-video-preview:-1\" \/>\n<link rel=\"canonical\" href=\"https:\/\/www.datacolor.com\/it\/business-solutions\/product\/datacolor-elrepho\/\" \/>\n<meta property=\"og:locale\" content=\"it_IT\" \/>\n<meta property=\"og:type\" content=\"article\" \/>\n<meta property=\"og:title\" content=\"Spettrofotometro ELREPHO per l&#039;industria della carta | Datacolor\" \/>\n<meta property=\"og:description\" content=\"Datacolor Elrepho \u00e8 uno spettrofotometro ad alte prestazioni per il controllo del colore, della luminosit\u00e0, dell&#039;opacit\u00e0 e del bianco di pasta, carta e prodotti chimici.\" \/>\n<meta property=\"og:url\" content=\"https:\/\/www.datacolor.com\/it\/business-solutions\/product\/datacolor-elrepho\/\" \/>\n<meta property=\"og:site_name\" content=\"Datacolor\" \/>\n<meta property=\"article:publisher\" content=\"https:\/\/facebook.com\/DatacolorCorporate\" \/>\n<meta property=\"article:modified_time\" content=\"2024-08-14T13:13:01+00:00\" \/>\n<meta property=\"og:image\" content=\"https:\/\/www.datacolor.com\/wp-content\/uploads\/2022\/01\/DCElrepho1000-FR-S-800x800-1.png\" \/>\n\t<meta property=\"og:image:width\" content=\"800\" \/>\n\t<meta property=\"og:image:height\" content=\"800\" \/>\n\t<meta property=\"og:image:type\" content=\"image\/png\" \/>\n<meta name=\"twitter:card\" content=\"summary_large_image\" \/>\n<!-- \/ Yoast SEO plugin. -->","yoast_head_json":{"title":"Spettrofotometro ELREPHO per l'industria della carta | Datacolor","description":"Datacolor Elrepho \u00e8 uno spettrofotometro ad alte prestazioni per il controllo del colore, della luminosit\u00e0, dell'opacit\u00e0 e del bianco di pasta, carta e prodotti chimici.","robots":{"index":"index","follow":"follow","max-snippet":"max-snippet:-1","max-image-preview":"max-image-preview:large","max-video-preview":"max-video-preview:-1"},"canonical":"https:\/\/www.datacolor.com\/it\/business-solutions\/product\/datacolor-elrepho\/","og_locale":"it_IT","og_type":"article","og_title":"Spettrofotometro ELREPHO per l'industria della carta | Datacolor","og_description":"Datacolor Elrepho \u00e8 uno spettrofotometro ad alte prestazioni per il controllo del colore, della luminosit\u00e0, dell'opacit\u00e0 e del bianco di pasta, carta e prodotti chimici.","og_url":"https:\/\/www.datacolor.com\/it\/business-solutions\/product\/datacolor-elrepho\/","og_site_name":"Datacolor","article_publisher":"https:\/\/facebook.com\/DatacolorCorporate","article_modified_time":"2024-08-14T13:13:01+00:00","og_image":[{"width":800,"height":800,"url":"https:\/\/www.datacolor.com\/wp-content\/uploads\/2022\/01\/DCElrepho1000-FR-S-800x800-1.png","type":"image\/png"}],"twitter_card":"summary_large_image","schema":{"@context":"https:\/\/schema.org","@graph":[{"@type":"WebPage","@id":"https:\/\/www.datacolor.com\/it\/business-solutions\/product\/datacolor-elrepho\/","url":"https:\/\/www.datacolor.com\/it\/business-solutions\/product\/datacolor-elrepho\/","name":"Spettrofotometro ELREPHO per l'industria della carta | Datacolor","isPartOf":{"@id":"https:\/\/www.datacolor.com\/it\/#website"},"primaryImageOfPage":{"@id":"https:\/\/www.datacolor.com\/it\/business-solutions\/product\/datacolor-elrepho\/#primaryimage"},"image":{"@id":"https:\/\/www.datacolor.com\/it\/business-solutions\/product\/datacolor-elrepho\/#primaryimage"},"thumbnailUrl":"https:\/\/www.datacolor.com\/wp-content\/uploads\/2022\/01\/DCElrepho1000-FR-S-800x800-1.png","datePublished":"2022-01-18T02:41:15+00:00","dateModified":"2024-08-14T13:13:01+00:00","description":"Datacolor Elrepho \u00e8 uno spettrofotometro ad alte prestazioni per il controllo del colore, della luminosit\u00e0, dell'opacit\u00e0 e del bianco di pasta, carta e prodotti chimici.","inLanguage":"it-IT","potentialAction":[{"@type":"ReadAction","target":["https:\/\/www.datacolor.com\/it\/business-solutions\/product\/datacolor-elrepho\/"]}]},{"@type":"ImageObject","inLanguage":"it-IT","@id":"https:\/\/www.datacolor.com\/it\/business-solutions\/product\/datacolor-elrepho\/#primaryimage","url":"https:\/\/www.datacolor.com\/wp-content\/uploads\/2022\/01\/DCElrepho1000-FR-S-800x800-1.png","contentUrl":"https:\/\/www.datacolor.com\/wp-content\/uploads\/2022\/01\/DCElrepho1000-FR-S-800x800-1.png","width":800,"height":800},{"@type":"WebSite","@id":"https:\/\/www.datacolor.com\/it\/#website","url":"https:\/\/www.datacolor.com\/it\/","name":"Datacolor","description":"Color Management Solutions","publisher":{"@id":"https:\/\/www.datacolor.com\/it\/#organization"},"potentialAction":[{"@type":"SearchAction","target":{"@type":"EntryPoint","urlTemplate":"https:\/\/www.datacolor.com\/it\/?s={search_term_string}"},"query-input":{"@type":"PropertyValueSpecification","valueRequired":true,"valueName":"search_term_string"}}],"inLanguage":"it-IT"},{"@type":"Organization","@id":"https:\/\/www.datacolor.com\/it\/#organization","name":"Datacolor","url":"https:\/\/www.datacolor.com\/it\/","logo":{"@type":"ImageObject","inLanguage":"it-IT","@id":"https:\/\/www.datacolor.com\/it\/#\/schema\/logo\/image\/","url":"https:\/\/www.datacolor.com\/wp-content\/uploads\/2021\/12\/logo-header.jpg","contentUrl":"https:\/\/www.datacolor.com\/wp-content\/uploads\/2021\/12\/logo-header.jpg","width":259,"height":45,"caption":"Datacolor"},"image":{"@id":"https:\/\/www.datacolor.com\/it\/#\/schema\/logo\/image\/"},"sameAs":["https:\/\/facebook.com\/DatacolorCorporate","https:\/\/linkedin.com\/company\/datacolor","https:\/\/www.youtube.com\/user\/DatacolorIndustrial"]}]}},"_links":{"self":[{"href":"https:\/\/www.datacolor.com\/it\/wp-json\/wp\/v2\/product\/165728","targetHints":{"allow":["GET"]}}],"collection":[{"href":"https:\/\/www.datacolor.com\/it\/wp-json\/wp\/v2\/product"}],"about":[{"href":"https:\/\/www.datacolor.com\/it\/wp-json\/wp\/v2\/types\/product"}],"version-history":[{"count":4,"href":"https:\/\/www.datacolor.com\/it\/wp-json\/wp\/v2\/product\/165728\/revisions"}],"predecessor-version":[{"id":177199,"href":"https:\/\/www.datacolor.com\/it\/wp-json\/wp\/v2\/product\/165728\/revisions\/177199"}],"wp:featuredmedia":[{"embeddable":true,"href":"https:\/\/www.datacolor.com\/it\/wp-json\/wp\/v2\/media\/176806"}],"wp:attachment":[{"href":"https:\/\/www.datacolor.com\/it\/wp-json\/wp\/v2\/media?parent=165728"}],"wp:term":[{"taxonomy":"product_category","embeddable":true,"href":"https:\/\/www.datacolor.com\/it\/wp-json\/wp\/v2\/product_category?post=165728"}],"curies":[{"name":"wp","href":"https:\/\/api.w.org\/{rel}","templated":true}]}}