{"id":160237,"date":"2021-12-17T16:36:01","date_gmt":"2021-12-17T21:36:01","guid":{"rendered":"https:\/\/dev.new.datacolor.eu\/request-a-quote\/"},"modified":"2024-12-17T09:06:08","modified_gmt":"2024-12-17T15:06:08","slug":"pedir-uma-cotacao","status":"publish","type":"page","link":"https:\/\/www.datacolor.com\/pt-br\/business-solutions\/pedir-uma-cotacao\/","title":{"rendered":"Solicitar Cota\u00e7\u00e3o"},"content":{"rendered":"<section id=\"gutenblock-block_f55ea6cba9d27074ce4672ed13e75986\" class=\"gutenblock gutenblock--oms-form bg-color-white u-dots-bg\">\n                <span id=\"talk-to-us\"><\/span>\n        <div class=\"gutenblock-inner\">\n            <div class=\"container-fluid\">\n                <div class=\"row justify-content-center\">\n                    <div class=\"col-12 col-xl-10 col-xxl-8 d-flex flex-column-reverse flex-sm-column\">\n\n                        <div class=\"l-form-block__row row flex-direction-row\">\n                                    <div class=\"l-form-block__col col-12 col-sm-6\">\n                                        <div class=\"form-block bg-color-gray text-center\">\n                                            <p class=\"form-block__icon\"><i class=\"fas fa-headset\" aria-hidden=\"true\"><\/i>\n                                            <p class=\"form-block__title\">\u00c9 um cliente atual?<\/p>\n                                            <p><a class=\"cta-link\" href=\"https:\/\/www.datacolor.com\/pt-br\/business-solutions\/apoio-ao-cliente\/apoio-ao-cliente\/\">Obter suporte ao produto<\/a><\/p>\n\n                                        <\/div>\n                                    <\/div>\n                                    <div class=\"l-form-block__col col-12 col-sm-6\">\n                                        <div class=\"form-block bg-color-gray text-center\">\n                                            <p class=\"form-block__icon\"><i class=\"fas fa-envelope\" aria-hidden=\"true\"><\/i>\n                                            <p class=\"form-block__title\">Ainda n\u00e3o est\u00e1 pronto para a cota\u00e7\u00e3o?<\/p>\n                                            <p><a class=\"cta-link\" href=\"https:\/\/www.datacolor.com\/pt-br\/business-solutions\/pedir-mais-informacoes\/\">Pedir mais informa\u00e7\u00f5es<\/a><\/p>\n\n                                        <\/div>\n                                    <\/div><\/div>\n                        <div class=\"form bg-color-gray\">\n                            <div class=\"form__inner\">\n                                    <div class=\"gutenblock-header \">\n        <div class=\"row header_row justify-content-center\">\n            <div class=\"header_column\">\n                <h2 style=\"text-align: center;\">Obtemos a cor certa.<\/h2>\n<p class=\"intro-text\" style=\"text-align: center;\">Se a cor \u00e9 importante para a sua empresa, ent\u00e3o veio ao lugar certo. Ajudamos milhares de clientes, tais como voc\u00ea, a obter a cor certa.<\/p>\n            <\/div>\n        <\/div>\n    <\/div>\n<script src=\"\/\/lp.datacolor.com\/js\/forms2\/js\/forms2.min.js\"><\/script> <form id=\"mktoForm_4132\"><\/form><form id=\"mktoForm_4131\"><\/form><form id=\"mktoForm_4363\"><\/form> <form id=\"mktoForm_4448\"><\/form> <form id=\"mktoForm_4449\"><\/form> <form id=\"mktoForm_4188\"><\/form> <form id=\"mktoForm_5895\"><\/form><script>var formId = 4132; var urlLang = window.location.pathname.split(\"\/\")[1]; if (urlLang == 'de') { formId = 4131; } if (urlLang == 'fr') { formId = 4363; } if (urlLang == 'es') { formId = 4448; } if (urlLang == 'pt-br') { formId = 4449; } if (urlLang == 'zh-hans') { formId = 4188; }  if (urlLang == 'it') { formId = 5895; } \n MktoForms2.loadForm(\"\/\/lp.datacolor.com\", \"799-MHA-121\", formId);<\/script>\n                            <\/div>\n                        <\/div>\n\n                    <\/div>\n                <\/div>\n            <\/div>\n        <\/div>\n    <\/section><div class=\"wp-core-gutenblock gutenblock bg-color-white core_html\">\n            <div class=\"container-fluid\">\n                <div class=\"row\">\n                    <div class=\"column\"><style type=\"text\/css\">.mktoForm {width: 100% !important;}\n    .mktoForm .mktoFormCol {float: none !important;}\n    .mktoForm .mktoOffset {float: none !important;}\n    .mktoForm .mktoFieldWrap {float: none !important;} \n\n    .mktoForm fieldset {border: none !important;}\n    .mktoForm fieldset .mktoFormCol {float: left !important; max-width: 90%  !important;}\n    .mktoForm fieldset .mktoFieldWrap > #LblrequestOptIn {display: none;}\n    set .mktoFieldWrap > .mktoGutter {display: none;}\n\n    .mktoForm .mktoLabel {float: none !important; width: 100% !important; margin-bottom: 10px;}\n\n    .mktoForm fieldset  #Lbloptin {float: left !important; width: auto !important;}\n    .mktoForm fieldset  #LblprivacyConsent {float: left !important; width: auto !important;}\n    .mktoForm fieldset  #optin {width: 0 !important; margin-left:18px;}\n    .mktoForm fieldset  #privacyConsent {width: 0 !important;}\n    .mktoForm fieldset .mktoGutter {width: 0 !important;}\n    .mktoForm fieldset .mktoRequiredField .mktoCheckboxList {width: auto !important;}\n\n    .mktoForm input[type=text], .mktoForm input[type=url], .mktoForm input[type=email], .mktoForm input[type=tel], .mktoForm input[type=number], .mktoForm input[type=date], .mktoForm select.mktoField, .mktoForm textarea.mktoField {width: 100% !important; padding: 0.5em 0.3em !important; border-radius: 4px !important; }\n    .mktoForm .mktoLogicalField {width: 100% !important;}\n    .mktoForm .mktoHtmlText {width: 100% !important;}\n    .mktoButtonRow {display: block !important; text-align: center !important; margin-top:30px !important;}\n    .mktoButtonRow .mktoButtonWrap {margin-left: 0 !important;}\n\t.mktoForm .mktoButtonRow .mktoButtonWrap.mktoThoughtbot .mktoButton {\n\t    transition: color .3s ease-out;\n\t    border-radius: 0;\n\t    box-shadow: none;\n\t    background: #d7172f;\n\t    border: 0;\n\t    bottom: auto;\n\t    box-sizing: border-box;\n\t    clip: auto;\n\t    float: none;\n\t    font-family: inherit;\n\t    height: auto;\n\t    left: auto;\n\t    list-style-type: none;\n\t    min-height: auto;\n\t    max-height: none;\n\t    min-width: auto;\n\t    max-width: none;\n\t    opacity: 1;\n\t    outline: 0;\n\t    pointer-events: auto;\n\t    right: auto;\n\t    text-indent: 0;\n\t    text-transform: none;\n\t    transform: none;\n\t    top: auto;\n\t    visibility: inherit;\n\t    width: auto;\n\t    word-wrap: break-word;\n\t    white-space: normal;\n\t    border: none;\n\t    box-shadow: 0 5px 10px 0 rgb(0 0 0 \/ 15%);\n\t    color: #fff;\n\t    display: inline-block;\n\t    font-weight: 900;\n\t    letter-spacing: normal;\n\t    overflow: hidden;\n\t    position: relative;\n\t    text-align: center;\n\t    text-decoration: none;\n\t    vertical-align: middle;\n\t    z-index: 1;\n\t    font-size: 1rem;\n\t    line-height: 1.25rem;\n\t    padding: 13px 18px;\n\t    margin: 0;\n\t}\n\t.mktoForm .mktoButtonRow .mktoButtonWrap.mktoThoughtbot .mktoButton:before {\n\t    content: \"\";\n\t    position: absolute;\n\t    z-index: -1;\n\t    background-color: #c0152a;\n\t    top: 0;\n\t    left: 0;\n\t    bottom: 0;\n\t    right: -1px;\n\t    transform: scaleX(0);\n\t    transform-origin: 0 50%;\n\t    transition: transform .2s ease-out;\n\t}\n\t.mktoForm .mktoButtonRow .mktoButtonWrap.mktoThoughtbot .mktoButton:hover:before {\n    \ttransform: scaleX(1);\n\t}\n\t.mktoForm .mktoButtonRow .mktoButtonWrap.mktoThoughtbot .mktoButton:after {\n\t    content: \"\u203a\";\n\t    display: inline-block;\n\t    margin-left: 5px;\n\t}\n\t.mktoForm .mktoRequiredField .mktoAsterix {\n\t\tdisplay: inline-block;\n\t\tfloat: none;\n\t\tmargin-right: 5px;\n\t}\n<\/style><\/div>\n                <\/div>\n            <\/div>\n        <\/div>","protected":false},"excerpt":{"rendered":"","protected":false},"author":2,"featured_media":0,"parent":160248,"menu_order":6,"comment_status":"closed","ping_status":"closed","template":"","meta":{"_acf_changed":false,"_relevanssi_hide_post":"","_relevanssi_hide_content":"","_relevanssi_pin_for_all":"","_relevanssi_pin_keywords":"","_relevanssi_unpin_keywords":"","_relevanssi_related_keywords":"","_relevanssi_related_include_ids":"","_relevanssi_related_exclude_ids":"","_relevanssi_related_no_append":"","_relevanssi_related_not_related":"","_relevanssi_related_posts":"160799,160534,160824,160857,161359,160669","_relevanssi_noindex_reason":"","footnotes":""},"class_list":["post-160237","page","type-page","status-publish","hentry"],"acf":[],"yoast_head":"<!-- This site is optimized with the Yoast SEO plugin v26.6 - https:\/\/yoast.com\/wordpress\/plugins\/seo\/ -->\n<title>Solicite uma cota\u00e7\u00e3o para fazer parceria com a Datacolor | Datacolor<\/title>\n<meta name=\"description\" content=\"Estamos entusiasmados em fazer parceria com voc\u00ea para encontrar as solu\u00e7\u00f5es de gerenciamento de cores de que voc\u00ea precisa. Nossos especialistas em cores entrar\u00e3o em contato para que voc\u00ea comece no caminho certo.\" \/>\n<meta name=\"robots\" content=\"index, follow, max-snippet:-1, max-image-preview:large, max-video-preview:-1\" \/>\n<link rel=\"canonical\" href=\"https:\/\/www.datacolor.com\/pt-br\/business-solutions\/pedir-uma-cotacao\/\" \/>\n<meta property=\"og:locale\" content=\"pt_BR\" \/>\n<meta property=\"og:type\" content=\"article\" \/>\n<meta property=\"og:title\" content=\"Solicite uma cota\u00e7\u00e3o para fazer parceria com a Datacolor | Datacolor\" \/>\n<meta property=\"og:description\" content=\"Estamos entusiasmados em fazer parceria com voc\u00ea para encontrar as solu\u00e7\u00f5es de gerenciamento de cores de que voc\u00ea precisa. Nossos especialistas em cores entrar\u00e3o em contato para que voc\u00ea comece no caminho certo.\" \/>\n<meta property=\"og:url\" content=\"https:\/\/www.datacolor.com\/pt-br\/business-solutions\/pedir-uma-cotacao\/\" \/>\n<meta property=\"og:site_name\" content=\"Datacolor\" \/>\n<meta property=\"article:publisher\" content=\"https:\/\/facebook.com\/DatacolorCorporate\" \/>\n<meta property=\"article:modified_time\" content=\"2024-12-17T15:06:08+00:00\" \/>\n<meta property=\"og:image\" content=\"https:\/\/www.datacolor.com\/wp-content\/uploads\/2022\/01\/collage-careers-800x700-1.jpg\" \/>\n\t<meta property=\"og:image:width\" content=\"800\" \/>\n\t<meta property=\"og:image:height\" content=\"700\" \/>\n\t<meta property=\"og:image:type\" content=\"image\/jpeg\" \/>\n<meta name=\"twitter:card\" content=\"summary_large_image\" \/>\n<!-- \/ Yoast SEO plugin. -->","yoast_head_json":{"title":"Solicite uma cota\u00e7\u00e3o para fazer parceria com a Datacolor | Datacolor","description":"Estamos entusiasmados em fazer parceria com voc\u00ea para encontrar as solu\u00e7\u00f5es de gerenciamento de cores de que voc\u00ea precisa. Nossos especialistas em cores entrar\u00e3o em contato para que voc\u00ea comece no caminho certo.","robots":{"index":"index","follow":"follow","max-snippet":"max-snippet:-1","max-image-preview":"max-image-preview:large","max-video-preview":"max-video-preview:-1"},"canonical":"https:\/\/www.datacolor.com\/pt-br\/business-solutions\/pedir-uma-cotacao\/","og_locale":"pt_BR","og_type":"article","og_title":"Solicite uma cota\u00e7\u00e3o para fazer parceria com a Datacolor | Datacolor","og_description":"Estamos entusiasmados em fazer parceria com voc\u00ea para encontrar as solu\u00e7\u00f5es de gerenciamento de cores de que voc\u00ea precisa. Nossos especialistas em cores entrar\u00e3o em contato para que voc\u00ea comece no caminho certo.","og_url":"https:\/\/www.datacolor.com\/pt-br\/business-solutions\/pedir-uma-cotacao\/","og_site_name":"Datacolor","article_publisher":"https:\/\/facebook.com\/DatacolorCorporate","article_modified_time":"2024-12-17T15:06:08+00:00","og_image":[{"width":800,"height":700,"url":"https:\/\/www.datacolor.com\/wp-content\/uploads\/2022\/01\/collage-careers-800x700-1.jpg","type":"image\/jpeg"}],"twitter_card":"summary_large_image","schema":{"@context":"https:\/\/schema.org","@graph":[{"@type":"WebPage","@id":"https:\/\/www.datacolor.com\/pt-br\/business-solutions\/pedir-uma-cotacao\/","url":"https:\/\/www.datacolor.com\/pt-br\/business-solutions\/pedir-uma-cotacao\/","name":"Solicite uma cota\u00e7\u00e3o para fazer parceria com a Datacolor | Datacolor","isPartOf":{"@id":"https:\/\/www.datacolor.com\/pt-br\/#website"},"datePublished":"2021-12-17T21:36:01+00:00","dateModified":"2024-12-17T15:06:08+00:00","description":"Estamos entusiasmados em fazer parceria com voc\u00ea para encontrar as solu\u00e7\u00f5es de gerenciamento de cores de que voc\u00ea precisa. Nossos especialistas em cores entrar\u00e3o em contato para que voc\u00ea comece no caminho certo.","inLanguage":"pt-BR","potentialAction":[{"@type":"ReadAction","target":["https:\/\/www.datacolor.com\/pt-br\/business-solutions\/pedir-uma-cotacao\/"]}]},{"@type":"WebSite","@id":"https:\/\/www.datacolor.com\/pt-br\/#website","url":"https:\/\/www.datacolor.com\/pt-br\/","name":"Datacolor","description":"Color Management Solutions","publisher":{"@id":"https:\/\/www.datacolor.com\/pt-br\/#organization"},"potentialAction":[{"@type":"SearchAction","target":{"@type":"EntryPoint","urlTemplate":"https:\/\/www.datacolor.com\/pt-br\/?s={search_term_string}"},"query-input":{"@type":"PropertyValueSpecification","valueRequired":true,"valueName":"search_term_string"}}],"inLanguage":"pt-BR"},{"@type":"Organization","@id":"https:\/\/www.datacolor.com\/pt-br\/#organization","name":"Datacolor","url":"https:\/\/www.datacolor.com\/pt-br\/","logo":{"@type":"ImageObject","inLanguage":"pt-BR","@id":"https:\/\/www.datacolor.com\/pt-br\/#\/schema\/logo\/image\/","url":"https:\/\/www.datacolor.com\/wp-content\/uploads\/2021\/12\/logo-header.jpg","contentUrl":"https:\/\/www.datacolor.com\/wp-content\/uploads\/2021\/12\/logo-header.jpg","width":259,"height":45,"caption":"Datacolor"},"image":{"@id":"https:\/\/www.datacolor.com\/pt-br\/#\/schema\/logo\/image\/"},"sameAs":["https:\/\/facebook.com\/DatacolorCorporate","https:\/\/linkedin.com\/company\/datacolor","https:\/\/www.youtube.com\/user\/DatacolorIndustrial"]}]}},"_links":{"self":[{"href":"https:\/\/www.datacolor.com\/pt-br\/wp-json\/wp\/v2\/pages\/160237","targetHints":{"allow":["GET"]}}],"collection":[{"href":"https:\/\/www.datacolor.com\/pt-br\/wp-json\/wp\/v2\/pages"}],"about":[{"href":"https:\/\/www.datacolor.com\/pt-br\/wp-json\/wp\/v2\/types\/page"}],"author":[{"embeddable":true,"href":"https:\/\/www.datacolor.com\/pt-br\/wp-json\/wp\/v2\/users\/2"}],"replies":[{"embeddable":true,"href":"https:\/\/www.datacolor.com\/pt-br\/wp-json\/wp\/v2\/comments?post=160237"}],"version-history":[{"count":11,"href":"https:\/\/www.datacolor.com\/pt-br\/wp-json\/wp\/v2\/pages\/160237\/revisions"}],"predecessor-version":[{"id":180144,"href":"https:\/\/www.datacolor.com\/pt-br\/wp-json\/wp\/v2\/pages\/160237\/revisions\/180144"}],"up":[{"embeddable":true,"href":"https:\/\/www.datacolor.com\/pt-br\/wp-json\/wp\/v2\/pages\/160248"}],"wp:attachment":[{"href":"https:\/\/www.datacolor.com\/pt-br\/wp-json\/wp\/v2\/media?parent=160237"}],"curies":[{"name":"wp","href":"https:\/\/api.w.org\/{rel}","templated":true}]}}