{"id":160265,"date":"2021-12-17T16:45:20","date_gmt":"2021-12-17T22:45:20","guid":{"rendered":"https:\/\/dev.new.datacolor.eu\/noticias-impressao\/"},"modified":"2022-12-01T13:18:11","modified_gmt":"2022-12-01T19:18:11","slug":"noticias-imprensa","status":"publish","type":"page","link":"https:\/\/www.datacolor.com\/pt-br\/noticias-imprensa\/","title":{"rendered":"Not\u00edcias + Imprensa"},"content":{"rendered":"<section id=\"gutenblock-block_b21403a54c7ae9aba91099112d348e06\" class=\"gutenblock gutenblock--oms-newsletter-bar bg-color-black text-white\">\n        <div class=\"container-fluid\">\n            <div class=\"l-newsletter-form__row row justify-content-center\">\n                <div class=\"l-newsletter-form__col col-12 col-lg-6 col-xxl-5\">\n                    <div class=\"newsletter-bar__content d-flex align-items-center\">\n                        <img decoding=\"async\" class=\"alignleft wp-image-17411\" src=\"https:\/\/www.datacolor.com\/wp-content\/uploads\/2022\/01\/color-wheel-300x300.png\" alt=\"Icon of a Color Wheel\" width=\"75\" height=\"75\" srcset=\"https:\/\/www.datacolor.com\/wp-content\/uploads\/2022\/01\/color-wheel-300x300.png 300w, https:\/\/www.datacolor.com\/wp-content\/uploads\/2022\/01\/color-wheel-150x150.png 150w, https:\/\/www.datacolor.com\/wp-content\/uploads\/2022\/01\/color-wheel-350x350.png 350w, https:\/\/www.datacolor.com\/wp-content\/uploads\/2022\/01\/color-wheel-500x500.png 500w, https:\/\/www.datacolor.com\/wp-content\/uploads\/2022\/01\/color-wheel.png 512w, https:\/\/www.datacolor.com\/wp-content\/uploads\/2022\/01\/color-wheel-200x200.png 200w, https:\/\/www.datacolor.com\/wp-content\/uploads\/2022\/01\/color-wheel-100x100.png 100w, https:\/\/www.datacolor.com\/wp-content\/uploads\/2022\/01\/color-wheel-175x175.png 175w\" sizes=\"(max-width: 75px) 100vw, 75px\" \/>\n                        <p>Obtenha o comprimento de onda certo para o gerenciamento de cores, com dicas e insights mensais compartilhados por mais de 10.000 profissionais de cor em todo o mundo.<\/p>\n                    <\/div>\n                <\/div>\n                <div class=\"l-newsletter-form__col col-12 col-lg-6 col-xxl-5 d-flex\">\n                    <form action=\"https:\/\/www.datacolor.com\/pt-br\/business-solutions\/assinatura-de-newsletter\/\" method=\"get\" class=\"newsletter-bar__form d-flex align-items-center\">\n    <label for=\"email-newsletter-block\" class=\"sr-only\">Email Address<\/label><input id=\"email-newsletter-block\" type=\"email\" name=\"email\" placeholder=\"Email Address\" \/><button type=\"submit\" class=\"btn-primary btn-primary--no-arrow\"><i class=\"u-icon fas fa-envelope\"><\/i> Inscri\u00e7\u00e3o para Insights<\/button>\n<\/form>\n                <\/div>\n            <\/div>\n        <\/div>\n    <\/section><section id=\"gutenblock-block_46891d90e6bf550890d95a09082c734c\" class=\"gutenblock gutenblock--oms-archive bg-color-white\">\n        <div class=\"gutenblock-inner\">\n            <div class=\"container-fluid\">\n\n                \n                <div class=\"l-archive\">\n    <div class=\"l-archive__filters d-flex flex-column flex-md-row align-items-center\">\n        <div class=\"facetwp-filters-wrapper d-flex align-items-center flex-column flex-md-row\">\n            <div class=\"facetwp-facet facetwp-facet-press_search facetwp-type-search\" data-name=\"press_search\" data-type=\"search\"><\/div>        <\/div>\n        <button class=\"btn-secondary btn-secondary--no-arrow facetwp-submit\" onclick=\"FWP.refresh()\"><i class=\"fas fa-search\"><\/i>Find<\/button>\n        <button type=\"reset\" class=\"u-button-link facet-reset js-facet-reset\" onclick=\"FWP.reset()\"><i class=\"fas fa-times-circle\"><\/i> &#8211; Reset<\/button>\n    <\/div>\n    <div class=\"l-archive__count\">\n        <div class=\"facetwp-counts\"><\/div>    <\/div>\n    <a name=\"filter-top\"><\/a>\n    <div class=\"l-archive__results\">\n        <div class=\"facetwp-template\" data-name=\"press\">    <div class=\"row l-archive-results__row justify-content-start\">\n        \n            <div class=\"col-12 col-sm-6 col-lg-4 col-xl-3 l-archive-results__col\">\n                \n<a href=\"https:\/\/www.datacolor.com\/pt-br\/news-press\/press-release\/datacolor-announces-partnership-with-brazilian-color-experts\/\" id=\"post-184667\" class=\"teaser teaser--press teaser--vertical post-184667 news_press type-news_press status-publish has-post-thumbnail hentry\">\n    <div class=\"teaser__main\">\n\n        <img decoding=\"async\" width=\"368\" height=\"476\" src=\"https:\/\/www.datacolor.com\/wp-content\/uploads\/2024\/05\/measure-color-of-plastic-368x476.jpg\" class=\"attachment-cpt-feed size-cpt-feed\" alt=\"\" \/>\n        <div class=\"teaser__overlay\">\n\n            \n            <h2 class=\"teaser__title\">Datacolor anuncia parceria com especialistas brasileiros em cores<\/h2>\n\n            \n        <\/div>\n\n        \n    <\/div>\n\n    <\/a>\n\n<button type=\"button\" onclick=\"window.open('\/wp-admin\/post.php?post=184667&#038;action=edit')\" class=\"edit-link\" aria-hidden=\"true\">Edit Post<\/button>            <\/div>\n\n        \n            <div class=\"col-12 col-sm-6 col-lg-4 col-xl-3 l-archive-results__col\">\n                \n<a href=\"https:\/\/www.datacolor.com\/pt-br\/news-press\/press-release\/datacolor-expands-global-color-technology-leadership-with-acquisition-of-techkon-2\/\" id=\"post-183330\" class=\"teaser teaser--press teaser--vertical post-183330 news_press type-news_press status-publish has-post-thumbnail hentry press_category-empresa-pt-br\">\n    <div class=\"teaser__main\">\n\n        <img decoding=\"async\" width=\"368\" height=\"476\" src=\"https:\/\/www.datacolor.com\/wp-content\/uploads\/2025\/07\/TechkonUSA-platereader-spectroplate-900x560-1-368x476.jpg\" class=\"attachment-cpt-feed size-cpt-feed\" alt=\"\" \/>\n        <div class=\"teaser__overlay\">\n\n            \n            <h2 class=\"teaser__title\">Datacolor Adquire a TECHKON USA, ampliando sua presen\u00e7a no setor de impress\u00e3o e embalagens<\/h2>\n\n            <p class=\"post-meta post-meta--teaser\"><i class=\"fas fa-list-ul\"><\/i> Empresa<\/p>\n        <\/div>\n\n        \n    <\/div>\n\n    <\/a>\n\n<button type=\"button\" onclick=\"window.open('\/wp-admin\/post.php?post=183330&#038;action=edit')\" class=\"edit-link\" aria-hidden=\"true\">Edit Post<\/button>            <\/div>\n\n        \n            <div class=\"col-12 col-sm-6 col-lg-4 col-xl-3 l-archive-results__col\">\n                \n<a href=\"https:\/\/www.datacolor.com\/pt-br\/news-press\/press-release\/datacolor-announces-launch-of-next-generation-of-precision-portable-spectrophotometers-spectro-p-series\/\" id=\"post-181878\" class=\"teaser teaser--press teaser--vertical post-181878 news_press type-news_press status-publish has-post-thumbnail hentry press_category-lancamento-de-produtos\">\n    <div class=\"teaser__main\">\n\n        <img decoding=\"async\" width=\"368\" height=\"476\" src=\"https:\/\/www.datacolor.com\/wp-content\/uploads\/2025\/03\/PSeries-Industrial-368x476.jpg\" class=\"attachment-cpt-feed size-cpt-feed\" alt=\"\" \/>\n        <div class=\"teaser__overlay\">\n\n            \n            <h2 class=\"teaser__title\">Datacolor Anuncia o lan\u00e7amento da pr\u00f3xima gera\u00e7\u00e3o de espectrofot\u00f4metros port\u00e1teis de precis\u00e3o, a s\u00e9rie Spectro P<\/h2>\n\n            <p class=\"post-meta post-meta--teaser\"><i class=\"fas fa-list-ul\"><\/i> Lan\u00e7amento de produtos<\/p>\n        <\/div>\n\n        \n    <\/div>\n\n    <\/a>\n\n<button type=\"button\" onclick=\"window.open('\/wp-admin\/post.php?post=181878&#038;action=edit')\" class=\"edit-link\" aria-hidden=\"true\">Edit Post<\/button>            <\/div>\n\n        \n            <div class=\"col-12 col-sm-6 col-lg-4 col-xl-3 l-archive-results__col\">\n                \n<a href=\"https:\/\/www.datacolor.com\/pt-br\/news-press\/press-release\/datacolor-adquire-a-matchmycolor\/\" id=\"post-168065\" class=\"teaser teaser--press teaser--vertical post-168065 news_press type-news_press status-publish has-post-thumbnail hentry\">\n    <div class=\"teaser__main\">\n\n        <img decoding=\"async\" width=\"368\" height=\"476\" src=\"https:\/\/www.datacolor.com\/wp-content\/uploads\/2022\/03\/business-home-hero-1-368x476.png\" class=\"attachment-cpt-feed size-cpt-feed\" alt=\"\" \/>\n        <div class=\"teaser__overlay\">\n\n            \n            <h2 class=\"teaser__title\">Datacolor adquire a matchmycolor<\/h2>\n\n            \n        <\/div>\n\n        \n    <\/div>\n\n    <\/a>\n\n<button type=\"button\" onclick=\"window.open('\/wp-admin\/post.php?post=168065&#038;action=edit')\" class=\"edit-link\" aria-hidden=\"true\">Edit Post<\/button>            <\/div>\n\n        \n            <div class=\"col-12 col-sm-6 col-lg-4 col-xl-3 l-archive-results__col\">\n                \n<a href=\"https:\/\/www.datacolor.com\/pt-br\/news-press\/press-release\/new-datacolor-spyder-checkr-photo-get-color-right-from-the-start\/\" id=\"post-161609\" class=\"teaser teaser--press teaser--vertical post-161609 news_press type-news_press status-publish has-post-thumbnail hentry press_category-lancamento-de-produtos\">\n    <div class=\"teaser__main\">\n\n        <img decoding=\"async\" width=\"368\" height=\"476\" src=\"https:\/\/www.datacolor.com\/wp-content\/uploads\/2022\/10\/SpyderCheckrPhoto-IMG_1000-700-368x476.jpg\" class=\"attachment-cpt-feed size-cpt-feed\" alt=\"Spyder Checkr Photo\" \/>\n        <div class=\"teaser__overlay\">\n\n            \n            <h2 class=\"teaser__title\">Novo! Datacolor\u00ae Spyder\u00ae Checkr Photo; Obtenha cor certa desde o in\u00edcio<\/h2>\n\n            <p class=\"post-meta post-meta--teaser\"><i class=\"fas fa-list-ul\"><\/i> Lan\u00e7amento de produtos<\/p>\n        <\/div>\n\n        \n    <\/div>\n\n    <\/a>\n\n<button type=\"button\" onclick=\"window.open('\/wp-admin\/post.php?post=161609&#038;action=edit')\" class=\"edit-link\" aria-hidden=\"true\">Edit Post<\/button>            <\/div>\n\n        \n            <div class=\"col-12 col-sm-6 col-lg-4 col-xl-3 l-archive-results__col\">\n                \n<a href=\"https:\/\/www.datacolor.com\/pt-br\/news-press\/press-release\/datacolor-introduz-subscricao-pagamento-programa-para-desktop-software\/\" id=\"post-161608\" class=\"teaser teaser--press teaser--vertical post-161608 news_press type-news_press status-publish has-post-thumbnail hentry press_category-lancamento-de-produtos\">\n    <div class=\"teaser__main\">\n\n        <img decoding=\"async\" width=\"368\" height=\"476\" src=\"https:\/\/www.datacolor.com\/wp-content\/uploads\/2022\/01\/800x800-Lifestyle-MatchPigment-1-368x476.jpg\" class=\"attachment-cpt-feed size-cpt-feed\" alt=\"\" \/>\n        <div class=\"teaser__overlay\">\n\n            \n            <h2 class=\"teaser__title\">Datacolor\u00ae Introduz Programa de Pagamento por Assinatura para Software Desktop<\/h2>\n\n            <p class=\"post-meta post-meta--teaser\"><i class=\"fas fa-list-ul\"><\/i> Lan\u00e7amento de produtos<\/p>\n        <\/div>\n\n        \n    <\/div>\n\n    <\/a>\n\n<button type=\"button\" onclick=\"window.open('\/wp-admin\/post.php?post=161608&#038;action=edit')\" class=\"edit-link\" aria-hidden=\"true\">Edit Post<\/button>            <\/div>\n\n        \n            <div class=\"col-12 col-sm-6 col-lg-4 col-xl-3 l-archive-results__col\">\n                \n<a href=\"https:\/\/www.datacolor.com\/pt-br\/news-press\/press-release\/datacolor-e-samplize-alinhamento-pintura-pintura-pintura-mais-facil-do-que-nunca\/\" id=\"post-161614\" class=\"teaser teaser--press teaser--vertical post-161614 news_press type-news_press status-publish has-post-thumbnail hentry press_category-lancamento-de-produtos\">\n    <div class=\"teaser__main\">\n\n        <img decoding=\"async\" width=\"368\" height=\"476\" src=\"https:\/\/www.datacolor.com\/wp-content\/uploads\/2021\/11\/Colorreader-Samplize-368x476.jpg\" class=\"attachment-cpt-feed size-cpt-feed\" alt=\"\" \/>\n        <div class=\"teaser__overlay\">\n\n            \n            <h2 class=\"teaser__title\">Datacolor e Samplize Align para tornar a sele\u00e7\u00e3o da cor da tinta mais f\u00e1cil do que nunca!<\/h2>\n\n            <p class=\"post-meta post-meta--teaser\"><i class=\"fas fa-list-ul\"><\/i> Lan\u00e7amento de produtos<\/p>\n        <\/div>\n\n        \n    <\/div>\n\n    <\/a>\n\n<button type=\"button\" onclick=\"window.open('\/wp-admin\/post.php?post=161614&#038;action=edit')\" class=\"edit-link\" aria-hidden=\"true\">Edit Post<\/button>            <\/div>\n\n        \n            <div class=\"col-12 col-sm-6 col-lg-4 col-xl-3 l-archive-results__col\">\n                \n<a href=\"https:\/\/www.datacolor.com\/pt-br\/news-press\/press-release\/datacolor-introduz-cloudc-viewer-a-saas-color-quality-control-application\/\" id=\"post-161602\" class=\"teaser teaser--press teaser--vertical post-161602 news_press type-news_press status-publish has-post-thumbnail hentry press_category-lancamento-de-produtos\">\n    <div class=\"teaser__main\">\n\n        <img decoding=\"async\" width=\"368\" height=\"476\" src=\"https:\/\/www.datacolor.com\/wp-content\/uploads\/2021\/10\/CloudQC-Viewer-Dashbaord2-368x476.png\" class=\"attachment-cpt-feed size-cpt-feed\" alt=\"\" \/>\n        <div class=\"teaser__overlay\">\n\n            \n            <h2 class=\"teaser__title\">Datacolor\u00ae introduz o CloudQC Viewer, uma aplica\u00e7\u00e3o de controle de qualidade de cor SaaS<\/h2>\n\n            <p class=\"post-meta post-meta--teaser\"><i class=\"fas fa-list-ul\"><\/i> Lan\u00e7amento de produtos<\/p>\n        <\/div>\n\n        \n    <\/div>\n\n    <\/a>\n\n<button type=\"button\" onclick=\"window.open('\/wp-admin\/post.php?post=161602&#038;action=edit')\" class=\"edit-link\" aria-hidden=\"true\">Edit Post<\/button>            <\/div>\n\n        \n            <div class=\"col-12 col-sm-6 col-lg-4 col-xl-3 l-archive-results__col\">\n                \n<a href=\"https:\/\/www.datacolor.com\/pt-br\/news-press\/press-release\/introducao-e-leitor-de-cor-precisa-portatil-de-cor-e-ferramenta-para-profissionais-e-consumidores\/\" id=\"post-161607\" class=\"teaser teaser--press teaser--vertical post-161607 news_press type-news_press status-publish has-post-thumbnail hentry press_category-lancamento-de-produtos\">\n    <div class=\"teaser__main\">\n\n        <img decoding=\"async\" width=\"368\" height=\"476\" src=\"https:\/\/www.datacolor.com\/wp-content\/uploads\/2021\/09\/RAL-ColorReader-368x476.jpg\" class=\"attachment-cpt-feed size-cpt-feed\" alt=\"\" \/>\n        <div class=\"teaser__overlay\">\n\n            \n            <h2 class=\"teaser__title\">Apresentamos o RAL COLORREADER &#8211; Ferramenta de Correspond\u00eancia de Cor Precisa e Port\u00e1til para Profissionais e Consumidores<\/h2>\n\n            <p class=\"post-meta post-meta--teaser\"><i class=\"fas fa-list-ul\"><\/i> Lan\u00e7amento de produtos<\/p>\n        <\/div>\n\n        \n    <\/div>\n\n    <\/a>\n\n<button type=\"button\" onclick=\"window.open('\/wp-admin\/post.php?post=161607&#038;action=edit')\" class=\"edit-link\" aria-hidden=\"true\">Edit Post<\/button>            <\/div>\n\n        \n        \n    <\/div>\n<\/div><div class=\"facetwp-pager\"><\/div>    <\/div>\n<\/div>\n                \n\n            <\/div>\n        <\/div>\n    <\/section>","protected":false},"excerpt":{"rendered":"","protected":false},"author":2,"featured_media":0,"parent":0,"menu_order":17,"comment_status":"open","ping_status":"closed","template":"","meta":{"_acf_changed":false,"_relevanssi_hide_post":"","_relevanssi_hide_content":"","_relevanssi_pin_for_all":"","_relevanssi_pin_keywords":"","_relevanssi_unpin_keywords":"","_relevanssi_related_keywords":"","_relevanssi_related_include_ids":"","_relevanssi_related_exclude_ids":"","_relevanssi_related_no_append":"","_relevanssi_related_not_related":"","_relevanssi_related_posts":"160622,160768,160510,160869,160600,160658","_relevanssi_noindex_reason":"","footnotes":""},"class_list":["post-160265","page","type-page","status-publish","hentry"],"acf":[],"yoast_head":"<!-- This site is optimized with the Yoast SEO plugin v26.6 - https:\/\/yoast.com\/wordpress\/plugins\/seo\/ -->\n<title>Datacolor Not\u00edcias &amp; Informa\u00e7\u00f5es de Imprensa | Datacolor<\/title>\n<meta name=\"robots\" content=\"index, follow, max-snippet:-1, max-image-preview:large, max-video-preview:-1\" \/>\n<link rel=\"canonical\" href=\"https:\/\/www.datacolor.com\/pt-br\/noticias-imprensa\/\" \/>\n<meta property=\"og:locale\" content=\"pt_BR\" \/>\n<meta property=\"og:type\" content=\"article\" \/>\n<meta property=\"og:title\" content=\"Datacolor Not\u00edcias &amp; Informa\u00e7\u00f5es de Imprensa | Datacolor\" \/>\n<meta property=\"og:url\" content=\"https:\/\/www.datacolor.com\/pt-br\/noticias-imprensa\/\" \/>\n<meta property=\"og:site_name\" content=\"Datacolor\" \/>\n<meta property=\"article:publisher\" content=\"https:\/\/facebook.com\/DatacolorCorporate\" \/>\n<meta property=\"article:modified_time\" content=\"2022-12-01T19:18:11+00:00\" \/>\n<meta property=\"og:image\" content=\"https:\/\/www.datacolor.com\/wp-content\/uploads\/2022\/01\/collage-careers-800x700-1.jpg\" \/>\n\t<meta property=\"og:image:width\" content=\"800\" \/>\n\t<meta property=\"og:image:height\" content=\"700\" \/>\n\t<meta property=\"og:image:type\" content=\"image\/jpeg\" \/>\n<meta name=\"twitter:card\" content=\"summary_large_image\" \/>\n<!-- \/ Yoast SEO plugin. -->","yoast_head_json":{"title":"Datacolor Not\u00edcias & Informa\u00e7\u00f5es de Imprensa | Datacolor","robots":{"index":"index","follow":"follow","max-snippet":"max-snippet:-1","max-image-preview":"max-image-preview:large","max-video-preview":"max-video-preview:-1"},"canonical":"https:\/\/www.datacolor.com\/pt-br\/noticias-imprensa\/","og_locale":"pt_BR","og_type":"article","og_title":"Datacolor Not\u00edcias & Informa\u00e7\u00f5es de Imprensa | Datacolor","og_url":"https:\/\/www.datacolor.com\/pt-br\/noticias-imprensa\/","og_site_name":"Datacolor","article_publisher":"https:\/\/facebook.com\/DatacolorCorporate","article_modified_time":"2022-12-01T19:18:11+00:00","og_image":[{"width":800,"height":700,"url":"https:\/\/www.datacolor.com\/wp-content\/uploads\/2022\/01\/collage-careers-800x700-1.jpg","type":"image\/jpeg"}],"twitter_card":"summary_large_image","schema":{"@context":"https:\/\/schema.org","@graph":[{"@type":"WebPage","@id":"https:\/\/www.datacolor.com\/pt-br\/noticias-imprensa\/","url":"https:\/\/www.datacolor.com\/pt-br\/noticias-imprensa\/","name":"Datacolor Not\u00edcias & Informa\u00e7\u00f5es de Imprensa | Datacolor","isPartOf":{"@id":"https:\/\/www.datacolor.com\/pt-br\/#website"},"datePublished":"2021-12-17T22:45:20+00:00","dateModified":"2022-12-01T19:18:11+00:00","inLanguage":"pt-BR","potentialAction":[{"@type":"ReadAction","target":["https:\/\/www.datacolor.com\/pt-br\/noticias-imprensa\/"]}]},{"@type":"WebSite","@id":"https:\/\/www.datacolor.com\/pt-br\/#website","url":"https:\/\/www.datacolor.com\/pt-br\/","name":"Datacolor","description":"Color Management Solutions","publisher":{"@id":"https:\/\/www.datacolor.com\/pt-br\/#organization"},"potentialAction":[{"@type":"SearchAction","target":{"@type":"EntryPoint","urlTemplate":"https:\/\/www.datacolor.com\/pt-br\/?s={search_term_string}"},"query-input":{"@type":"PropertyValueSpecification","valueRequired":true,"valueName":"search_term_string"}}],"inLanguage":"pt-BR"},{"@type":"Organization","@id":"https:\/\/www.datacolor.com\/pt-br\/#organization","name":"Datacolor","url":"https:\/\/www.datacolor.com\/pt-br\/","logo":{"@type":"ImageObject","inLanguage":"pt-BR","@id":"https:\/\/www.datacolor.com\/pt-br\/#\/schema\/logo\/image\/","url":"https:\/\/www.datacolor.com\/wp-content\/uploads\/2021\/12\/logo-header.jpg","contentUrl":"https:\/\/www.datacolor.com\/wp-content\/uploads\/2021\/12\/logo-header.jpg","width":259,"height":45,"caption":"Datacolor"},"image":{"@id":"https:\/\/www.datacolor.com\/pt-br\/#\/schema\/logo\/image\/"},"sameAs":["https:\/\/facebook.com\/DatacolorCorporate","https:\/\/linkedin.com\/company\/datacolor","https:\/\/www.youtube.com\/user\/DatacolorIndustrial"]}]}},"_links":{"self":[{"href":"https:\/\/www.datacolor.com\/pt-br\/wp-json\/wp\/v2\/pages\/160265","targetHints":{"allow":["GET"]}}],"collection":[{"href":"https:\/\/www.datacolor.com\/pt-br\/wp-json\/wp\/v2\/pages"}],"about":[{"href":"https:\/\/www.datacolor.com\/pt-br\/wp-json\/wp\/v2\/types\/page"}],"author":[{"embeddable":true,"href":"https:\/\/www.datacolor.com\/pt-br\/wp-json\/wp\/v2\/users\/2"}],"replies":[{"embeddable":true,"href":"https:\/\/www.datacolor.com\/pt-br\/wp-json\/wp\/v2\/comments?post=160265"}],"version-history":[{"count":0,"href":"https:\/\/www.datacolor.com\/pt-br\/wp-json\/wp\/v2\/pages\/160265\/revisions"}],"wp:attachment":[{"href":"https:\/\/www.datacolor.com\/pt-br\/wp-json\/wp\/v2\/media?parent=160265"}],"curies":[{"name":"wp","href":"https:\/\/api.w.org\/{rel}","templated":true}]}}