{"id":160407,"date":"2022-04-18T14:03:23","date_gmt":"2022-04-18T19:03:23","guid":{"rendered":"https:\/\/dev.new.datacolor.eu\/business-solutions\/webinar-series-spectro-1000-700-family\/"},"modified":"2022-09-07T07:53:38","modified_gmt":"2022-09-07T12:53:38","slug":"webinar-series-spectro-1000-700-family","status":"publish","type":"page","link":"https:\/\/www.datacolor.com\/pt-br\/business-solutions\/webinar-series-spectro-1000-700-family\/","title":{"rendered":"S\u00e9rie de Webinars: Fam\u00edlia Spectro 1000\/700"},"content":{"rendered":"<section class=\"gutenblock gutenblock--oms-webinars bg-color-gray\">\n        <div class=\"gutenblock-inner\">\n            <div class=\"container-fluid\">\n            \n                    <div class=\"l-webinars__row row justify-content-center justify-content-lg-start\">\n                        <div class='l-webinars__col l-image-pb__col--image--hold col-12 col-md-10 col-lg-6'>\n<article id=\"post-184429\" class=\"webinar-teaser post-184429 webinar type-webinar status-publish hentry webinar_category-spectro-1000-pt-br\">\n    <span id=\"\"><\/span>\n\n    <div class=\"video-wrapper\"><div class=\"embed-responsive embed-responsive-16by9 tester has-image iframe-wrapper js-video\" tabindex=\"0\"><figure class=\"video-overlay pb-image pb-image--stylized\"><img decoding=\"async\" width=\"700\" height=\"505\" src=\"https:\/\/www.datacolor.com\/wp-content\/uploads\/2022\/04\/700x505-Featured-Library-Resource.jpg\" class=\"pb-image__image\" alt=\"\" srcset=\"https:\/\/www.datacolor.com\/wp-content\/uploads\/2022\/04\/700x505-Featured-Library-Resource.jpg 700w, https:\/\/www.datacolor.com\/wp-content\/uploads\/2022\/04\/700x505-Featured-Library-Resource-300x216.jpg 300w, https:\/\/www.datacolor.com\/wp-content\/uploads\/2022\/04\/700x505-Featured-Library-Resource-600x433.jpg 600w, https:\/\/www.datacolor.com\/wp-content\/uploads\/2022\/04\/700x505-Featured-Library-Resource-350x253.jpg 350w, https:\/\/www.datacolor.com\/wp-content\/uploads\/2022\/04\/700x505-Featured-Library-Resource-277x200.jpg 277w, https:\/\/www.datacolor.com\/wp-content\/uploads\/2022\/04\/700x505-Featured-Library-Resource-100x72.jpg 100w, https:\/\/www.datacolor.com\/wp-content\/uploads\/2022\/04\/700x505-Featured-Library-Resource-40x29.jpg 40w, https:\/\/www.datacolor.com\/wp-content\/uploads\/2022\/04\/700x505-Featured-Library-Resource-243x175.jpg 243w\" sizes=\"(max-width: 700px) 100vw, 700px\" \/><div class=\"video-button\"><span class=\"play\"><\/span><\/div><\/figure><iframe title=\"Discover the Latest Generation of Spectrophotometer\" class=\"video-iframe\" tabindex=\"-1\" data-src=\"https:\/\/player.vimeo.com\/video\/726096186?dnt=1&amp;app_id=122963\" width=\"640\" height=\"360\" frameborder=\"0\" allow=\"autoplay; fullscreen; picture-in-picture; clipboard-write; encrypted-media; web-share\" referrerpolicy=\"strict-origin-when-cross-origin\"><\/iframe><\/div><div class=\"gdpr-consent-overlay cookieconsent-optout-marketing\">Please <a href=\"javascript:Cookiebot.renew()\">accept marketing-cookies<\/a> to view this video.<\/div><\/div>\n    <div class=\"webinar-teaser__content\">\n        <h2 class=\"webinar-teaser__title\">Descubra a \u00faltima gera\u00e7\u00e3o de espectrofot\u00f4metros<\/h2>\n        <p>Voc\u00ea est\u00e1 curioso sobre as \u00faltimas evolu\u00e7\u00f5es na medi\u00e7\u00e3o e no gerenciamento de cores? Ent\u00e3o, reserve cerca de 45 minutos para ouvir nossos especialistas em cores darem uma vis\u00e3o geral das \u00faltimas inova\u00e7\u00f5es, funcionalidades e aplica\u00e7\u00f5es da s\u00e9rie Datacolor Spectro 1000 + 700. <\/p>\n    <\/div>\n\n<\/article>\n\n<button type=\"button\" onclick=\"window.open('\/wp-admin\/post.php?post=184429&#038;action=edit')\" class=\"edit-link\" aria-hidden=\"true\">Edit Post<\/button><\/div><div class='l-webinars__col l-image-pb__col--image--hold col-12 col-md-10 col-lg-6'>\n<article id=\"post-184439\" class=\"webinar-teaser post-184439 webinar type-webinar status-publish hentry webinar_category-spectro-1000-pt-br\">\n    <span id=\"\"><\/span>\n\n    <div class=\"video-wrapper\"><div class=\"embed-responsive embed-responsive-16by9 tester has-image iframe-wrapper js-video\" tabindex=\"0\"><figure class=\"video-overlay pb-image pb-image--stylized\"><img decoding=\"async\" width=\"800\" height=\"505\" src=\"https:\/\/www.datacolor.com\/wp-content\/uploads\/2022\/01\/800x800-Lifestyle-MatchPigment-1-800x505.jpg\" class=\"pb-image__image\" alt=\"\" \/><div class=\"video-button\"><span class=\"play\"><\/span><\/div><\/figure><iframe title=\"Datacolor Spectro 1000X Tutorial.mp4\" class=\"video-iframe\" tabindex=\"-1\" data-src=\"https:\/\/player.vimeo.com\/video\/735520066?dnt=1&amp;app_id=122963\" width=\"640\" height=\"360\" frameborder=\"0\" allow=\"autoplay; fullscreen; picture-in-picture; clipboard-write; encrypted-media; web-share\" referrerpolicy=\"strict-origin-when-cross-origin\"><\/iframe><\/div><div class=\"gdpr-consent-overlay cookieconsent-optout-marketing\">Please <a href=\"javascript:Cookiebot.renew()\">accept marketing-cookies<\/a> to view this video.<\/div><\/div>\n    <div class=\"webinar-teaser__content\">\n        <h2 class=\"webinar-teaser__title\">Tutorial do Spectro 1000X<\/h2>\n        <p>O Datacolor Spectro 1000X foi projetado para medir l\u00edquidos, pastas, p\u00f3s e outras amostras exclusivas. Assista a este v\u00eddeo para ver como. <\/p>\n    <\/div>\n\n<\/article>\n\n<button type=\"button\" onclick=\"window.open('\/wp-admin\/post.php?post=184439&#038;action=edit')\" class=\"edit-link\" aria-hidden=\"true\">Edit Post<\/button><\/div><div class='l-webinars__col l-image-pb__col--image--hold col-12 col-md-10 col-lg-6'>\n<article id=\"post-184430\" class=\"webinar-teaser post-184430 webinar type-webinar status-publish hentry webinar_category-spectro-1000-pt-br\">\n    <span id=\"\"><\/span>\n\n    <div class=\"video-wrapper\"><div class=\"embed-responsive embed-responsive-16by9 tester has-image iframe-wrapper js-video\" tabindex=\"0\"><figure class=\"video-overlay pb-image pb-image--stylized\"><img decoding=\"async\" width=\"800\" height=\"505\" src=\"https:\/\/www.datacolor.com\/wp-content\/uploads\/2022\/04\/Plastics-molding-800x500-1-800x505.png\" class=\"pb-image__image\" alt=\"\" \/><div class=\"video-button\"><span class=\"play\"><\/span><\/div><\/figure><iframe title=\"Thermochromism and Other Factors Impacting Color in Plastics Production\" class=\"video-iframe\" tabindex=\"-1\" data-src=\"https:\/\/player.vimeo.com\/video\/726094790?dnt=1&amp;app_id=122963\" width=\"640\" height=\"360\" frameborder=\"0\" allow=\"autoplay; fullscreen; picture-in-picture; clipboard-write; encrypted-media; web-share\" referrerpolicy=\"strict-origin-when-cross-origin\"><\/iframe><\/div><div class=\"gdpr-consent-overlay cookieconsent-optout-marketing\">Please <a href=\"javascript:Cookiebot.renew()\">accept marketing-cookies<\/a> to view this video.<\/div><\/div>\n    <div class=\"webinar-teaser__content\">\n        <h2 class=\"webinar-teaser__title\">Termocromismo e outros fatores que afetam a cor na produ\u00e7\u00e3o de pl\u00e1sticos<\/h2>\n        <p>O termocromismo \u00e9 o fen\u00f4meno da mudan\u00e7a revers\u00edvel da cor de uma subst\u00e2ncia com a mudan\u00e7a de temperatura. Para produtores e conversores de pl\u00e1sticos de alto volume, esse fen\u00f4meno pode causar atrasos na produ\u00e7\u00e3o e afetar a qualidade do produto. Este breve v\u00eddeo explica como voc\u00ea pode superar esse desafio.  <\/p>\n    <\/div>\n\n<\/article>\n\n<button type=\"button\" onclick=\"window.open('\/wp-admin\/post.php?post=184430&#038;action=edit')\" class=\"edit-link\" aria-hidden=\"true\">Edit Post<\/button><\/div>                    <\/div>\n                            <\/div>\n        <\/div>\n    <\/section><section id=\"gutenblock-block_625db4e70c1ea\" class=\"gutenblock gutenblock--oms-featured-product bg-color-red\">\n        <div class=\"gutenblock-inner\">\n            <div class=\"container-fluid\">\n                <div class=\"row l-fifty__row justify-content-start align-items-center\">\n\n                    <!-- Image Column -->\n                    <div class=\"l-fifty__col l-fifty__col--overlap-image col-12 col-lg-6 order-2 order-lg-1\">\n                        <a href=\"https:\/\/www.datacolor.com\/pt-br\/business-solutions\/product\/spectro-1000\/\"><img decoding=\"async\" width=\"700\" height=\"700\" src=\"https:\/\/www.datacolor.com\/wp-content\/uploads\/2022\/04\/700x700-Product-Spectro-1000-700x700.png\" class=\"attachment-product size-product wp-post-image\" alt=\"Datacolor Spectro 1000 benchtop spectrophotometer.\" srcset=\"https:\/\/www.datacolor.com\/wp-content\/uploads\/2022\/04\/700x700-Product-Spectro-1000.png 700w, https:\/\/www.datacolor.com\/wp-content\/uploads\/2022\/04\/700x700-Product-Spectro-1000-300x300.png 300w, https:\/\/www.datacolor.com\/wp-content\/uploads\/2022\/04\/700x700-Product-Spectro-1000-150x150.png 150w, https:\/\/www.datacolor.com\/wp-content\/uploads\/2022\/04\/700x700-Product-Spectro-1000-600x600.png 600w, https:\/\/www.datacolor.com\/wp-content\/uploads\/2022\/04\/700x700-Product-Spectro-1000-350x350.png 350w, https:\/\/www.datacolor.com\/wp-content\/uploads\/2022\/04\/700x700-Product-Spectro-1000-200x200.png 200w, https:\/\/www.datacolor.com\/wp-content\/uploads\/2022\/04\/700x700-Product-Spectro-1000-100x100.png 100w, https:\/\/www.datacolor.com\/wp-content\/uploads\/2022\/04\/700x700-Product-Spectro-1000-40x40.png 40w, https:\/\/www.datacolor.com\/wp-content\/uploads\/2022\/04\/700x700-Product-Spectro-1000-175x175.png 175w\" sizes=\"(max-width: 700px) 100vw, 700px\" \/><\/a>                    <\/div>\n\n                    <!-- Text Column -->\n                    <div class=\"l-fifty__col l-fifty__col--content col-12 col-lg-6 col-xxl-5 order-1 order-lg-2\">\n                        <div class=\"detail-hero__content text-white\">\n                            <p class=\"pre-title\">Espectrofot\u00f3metros de bancada<\/p><h2>Fam\u00edlia Spectro 1000<\/h2><p>Spectro 1000 proporciona a mais alta precis\u00e3o na frota de espectrofot\u00f3metros de bancada da Datacolor e foi concebido para uma elevada efici\u00eancia e confian\u00e7a na formula\u00e7\u00e3o de cores e no&#8230;<\/p><a href=\"https:\/\/www.datacolor.com\/pt-br\/business-solutions\/product\/spectro-1000\/\" class=\"btn-secondary\">More About Fam\u00edlia Spectro 1000<\/a>                        <\/div>\n                    <\/div>\n\n                <\/div>\n            <\/div>\n        <\/div>\n    <\/section>","protected":false},"excerpt":{"rendered":"","protected":false},"author":24,"featured_media":0,"parent":160248,"menu_order":0,"comment_status":"closed","ping_status":"closed","template":"","meta":{"_acf_changed":false,"_relevanssi_hide_post":"","_relevanssi_hide_content":"","_relevanssi_pin_for_all":"","_relevanssi_pin_keywords":"","_relevanssi_unpin_keywords":"","_relevanssi_related_keywords":"","_relevanssi_related_include_ids":"","_relevanssi_related_exclude_ids":"","_relevanssi_related_no_append":"","_relevanssi_related_not_related":"","_relevanssi_related_posts":"","_relevanssi_noindex_reason":"","footnotes":""},"class_list":["post-160407","page","type-page","status-publish","hentry"],"acf":[],"yoast_head":"<!-- This site is optimized with the Yoast SEO plugin v26.6 - https:\/\/yoast.com\/wordpress\/plugins\/seo\/ -->\n<title>Produtos da Fam\u00edlia Spectro S\u00e9rie de Webinars Webinar S\u00e9rie Datacolor<\/title>\n<meta name=\"description\" content=\"Os nossos especialistas em cor d\u00e3o uma vis\u00e3o geral das \u00faltimas inova\u00e7\u00f5es, funcionalidades e aplica\u00e7\u00f5es da s\u00e9rie Datacolor Spectro 1000 + 700.\" \/>\n<meta name=\"robots\" content=\"index, follow, max-snippet:-1, max-image-preview:large, max-video-preview:-1\" \/>\n<link rel=\"canonical\" href=\"https:\/\/www.datacolor.com\/pt-br\/business-solutions\/webinar-series-spectro-1000-700-family\/\" \/>\n<meta property=\"og:locale\" content=\"pt_BR\" \/>\n<meta property=\"og:type\" content=\"article\" \/>\n<meta property=\"og:title\" content=\"Produtos da Fam\u00edlia Spectro S\u00e9rie de Webinars Webinar S\u00e9rie Datacolor\" \/>\n<meta property=\"og:description\" content=\"Os nossos especialistas em cor d\u00e3o uma vis\u00e3o geral das \u00faltimas inova\u00e7\u00f5es, funcionalidades e aplica\u00e7\u00f5es da s\u00e9rie Datacolor Spectro 1000 + 700.\" \/>\n<meta property=\"og:url\" content=\"https:\/\/www.datacolor.com\/pt-br\/business-solutions\/webinar-series-spectro-1000-700-family\/\" \/>\n<meta property=\"og:site_name\" content=\"Datacolor\" \/>\n<meta property=\"article:publisher\" content=\"https:\/\/facebook.com\/DatacolorCorporate\" \/>\n<meta property=\"article:modified_time\" content=\"2022-09-07T12:53:38+00:00\" \/>\n<meta property=\"og:image\" content=\"https:\/\/www.datacolor.com\/wp-content\/uploads\/2022\/01\/collage-careers-800x700-1.jpg\" \/>\n\t<meta property=\"og:image:width\" content=\"800\" \/>\n\t<meta property=\"og:image:height\" content=\"700\" \/>\n\t<meta property=\"og:image:type\" content=\"image\/jpeg\" \/>\n<meta name=\"twitter:card\" content=\"summary_large_image\" \/>\n<!-- \/ Yoast SEO plugin. -->","yoast_head_json":{"title":"Produtos da Fam\u00edlia Spectro S\u00e9rie de Webinars Webinar S\u00e9rie Datacolor","description":"Os nossos especialistas em cor d\u00e3o uma vis\u00e3o geral das \u00faltimas inova\u00e7\u00f5es, funcionalidades e aplica\u00e7\u00f5es da s\u00e9rie Datacolor Spectro 1000 + 700.","robots":{"index":"index","follow":"follow","max-snippet":"max-snippet:-1","max-image-preview":"max-image-preview:large","max-video-preview":"max-video-preview:-1"},"canonical":"https:\/\/www.datacolor.com\/pt-br\/business-solutions\/webinar-series-spectro-1000-700-family\/","og_locale":"pt_BR","og_type":"article","og_title":"Produtos da Fam\u00edlia Spectro S\u00e9rie de Webinars Webinar S\u00e9rie Datacolor","og_description":"Os nossos especialistas em cor d\u00e3o uma vis\u00e3o geral das \u00faltimas inova\u00e7\u00f5es, funcionalidades e aplica\u00e7\u00f5es da s\u00e9rie Datacolor Spectro 1000 + 700.","og_url":"https:\/\/www.datacolor.com\/pt-br\/business-solutions\/webinar-series-spectro-1000-700-family\/","og_site_name":"Datacolor","article_publisher":"https:\/\/facebook.com\/DatacolorCorporate","article_modified_time":"2022-09-07T12:53:38+00:00","og_image":[{"width":800,"height":700,"url":"https:\/\/www.datacolor.com\/wp-content\/uploads\/2022\/01\/collage-careers-800x700-1.jpg","type":"image\/jpeg"}],"twitter_card":"summary_large_image","schema":{"@context":"https:\/\/schema.org","@graph":[{"@type":"WebPage","@id":"https:\/\/www.datacolor.com\/pt-br\/business-solutions\/webinar-series-spectro-1000-700-family\/","url":"https:\/\/www.datacolor.com\/pt-br\/business-solutions\/webinar-series-spectro-1000-700-family\/","name":"Produtos da Fam\u00edlia Spectro S\u00e9rie de Webinars Webinar S\u00e9rie Datacolor","isPartOf":{"@id":"https:\/\/www.datacolor.com\/pt-br\/#website"},"datePublished":"2022-04-18T19:03:23+00:00","dateModified":"2022-09-07T12:53:38+00:00","description":"Os nossos especialistas em cor d\u00e3o uma vis\u00e3o geral das \u00faltimas inova\u00e7\u00f5es, funcionalidades e aplica\u00e7\u00f5es da s\u00e9rie Datacolor Spectro 1000 + 700.","inLanguage":"pt-BR","potentialAction":[{"@type":"ReadAction","target":["https:\/\/www.datacolor.com\/pt-br\/business-solutions\/webinar-series-spectro-1000-700-family\/"]}]},{"@type":"WebSite","@id":"https:\/\/www.datacolor.com\/pt-br\/#website","url":"https:\/\/www.datacolor.com\/pt-br\/","name":"Datacolor","description":"Color Management Solutions","publisher":{"@id":"https:\/\/www.datacolor.com\/pt-br\/#organization"},"potentialAction":[{"@type":"SearchAction","target":{"@type":"EntryPoint","urlTemplate":"https:\/\/www.datacolor.com\/pt-br\/?s={search_term_string}"},"query-input":{"@type":"PropertyValueSpecification","valueRequired":true,"valueName":"search_term_string"}}],"inLanguage":"pt-BR"},{"@type":"Organization","@id":"https:\/\/www.datacolor.com\/pt-br\/#organization","name":"Datacolor","url":"https:\/\/www.datacolor.com\/pt-br\/","logo":{"@type":"ImageObject","inLanguage":"pt-BR","@id":"https:\/\/www.datacolor.com\/pt-br\/#\/schema\/logo\/image\/","url":"https:\/\/www.datacolor.com\/wp-content\/uploads\/2021\/12\/logo-header.jpg","contentUrl":"https:\/\/www.datacolor.com\/wp-content\/uploads\/2021\/12\/logo-header.jpg","width":259,"height":45,"caption":"Datacolor"},"image":{"@id":"https:\/\/www.datacolor.com\/pt-br\/#\/schema\/logo\/image\/"},"sameAs":["https:\/\/facebook.com\/DatacolorCorporate","https:\/\/linkedin.com\/company\/datacolor","https:\/\/www.youtube.com\/user\/DatacolorIndustrial"]}]}},"_links":{"self":[{"href":"https:\/\/www.datacolor.com\/pt-br\/wp-json\/wp\/v2\/pages\/160407","targetHints":{"allow":["GET"]}}],"collection":[{"href":"https:\/\/www.datacolor.com\/pt-br\/wp-json\/wp\/v2\/pages"}],"about":[{"href":"https:\/\/www.datacolor.com\/pt-br\/wp-json\/wp\/v2\/types\/page"}],"author":[{"embeddable":true,"href":"https:\/\/www.datacolor.com\/pt-br\/wp-json\/wp\/v2\/users\/24"}],"replies":[{"embeddable":true,"href":"https:\/\/www.datacolor.com\/pt-br\/wp-json\/wp\/v2\/comments?post=160407"}],"version-history":[{"count":0,"href":"https:\/\/www.datacolor.com\/pt-br\/wp-json\/wp\/v2\/pages\/160407\/revisions"}],"up":[{"embeddable":true,"href":"https:\/\/www.datacolor.com\/pt-br\/wp-json\/wp\/v2\/pages\/160248"}],"wp:attachment":[{"href":"https:\/\/www.datacolor.com\/pt-br\/wp-json\/wp\/v2\/media?parent=160407"}],"curies":[{"name":"wp","href":"https:\/\/api.w.org\/{rel}","templated":true}]}}