{"id":160439,"date":"2022-05-25T10:40:17","date_gmt":"2022-05-25T15:40:17","guid":{"rendered":"https:\/\/dev.new.datacolor.eu\/patentes\/"},"modified":"2023-02-06T09:57:08","modified_gmt":"2023-02-06T15:57:08","slug":"patentes","status":"publish","type":"page","link":"https:\/\/www.datacolor.com\/pt-br\/patentes\/","title":{"rendered":"Patentes Datacolor"},"content":{"rendered":"<div class=\"wp-core-gutenblock gutenblock freeform bg-color-white\">\n            <div class=\"container-fluid\">\n                <div class=\"row\">\n                    <div class=\"column\"><p>Aviso Virtual de Marca\u00e7\u00e3o de Patentes da Datacolor: Os seguintes produtos s\u00e3o protegidos por patentes nos EUA e noutros locais para a Datacolor. Este website \u00e9 fornecido para satisfazer as disposi\u00e7\u00f5es de marca\u00e7\u00e3o virtual de patentes de v\u00e1rias jurisdi\u00e7\u00f5es, incluindo as disposi\u00e7\u00f5es de marca\u00e7\u00e3o virtual de patentes da lei &#8220;America Invents Act&#8221; e fornece notifica\u00e7\u00e3o sob 35 U.S.C. \u00a7287(a). A seguinte lista de produtos e patentes pode n\u00e3o ser totalmente inclusiva. Por exemplo, alguns produtos aqui listados podem estar cobertos por patentes nos Estados Unidos e noutros lugares que n\u00e3o est\u00e3o listados, e outros produtos n\u00e3o listados aqui podem estar protegidos por uma ou mais patentes nos Estados Unidos e noutros lugares. A seguinte lista de produtos pode ser coberta por uma ou mais das seguintes Patentes dos EUA:<\/p><\/div>\n                <\/div>\n            <\/div>\n        <\/div><div class=\"wp-core-gutenblock gutenblock bg-color-white core_table\">\n            <div class=\"container-fluid\">\n                <div class=\"row\">\n                    <div class=\"column\"><figure class=\"wp-block-table\"><table><tbody><tr><td><strong>Produto<\/strong><\/td><td><strong>Patente #<\/strong><\/td><\/tr><tr><td>45G<\/td><td>US 8,130,377<\/td><\/tr><tr><td>Ahiba<\/td><td>US 7,971,454<\/td><\/tr><tr><td>MatchAFX<\/td><td>US 8,108,169<\/td><\/tr><tr><td>MatchPigment<\/td><td>US 8,108,169<\/td><\/tr><tr><td>MatchTextile<\/td><td>US 8,108,169<\/td><\/tr><tr><td>Tinta<\/td><td>US 8,108,169<\/td><\/tr><tr><td>SpectraVision<\/td><td>US 9,784,614<br\/>US 10,302,485<br\/>US 10,564,036<\/td><\/tr><tr><td>Spyder LensCal<\/td><td>US 8,581,986<\/td><\/tr><tr><td>SpyderX<\/td><td>US 9,952,102<br\/>US 11,112,312<\/td><\/tr><tr><td>ColorReader<\/td><td>US 10,502,628<br\/>US 10,928,251<\/td><\/tr><tr><td>ColorReader Pro<\/td><td>US 10,502,628<br\/>US 10,928,251<\/td><\/tr><tr><td>ColorReader EZ<\/td><td>US 10,502,628<br\/>US 10,928,251<\/td><\/tr><tr><td>ColorReader Spectro<\/td><td>US 10,444,074<br\/>US 10,768,098<br\/>US 11,340,156<\/td><\/tr><\/tbody><\/table><figcaption>Actualizado a 9 de Janeiro de 2023<\/figcaption><\/figure><\/div>\n                <\/div>\n            <\/div>\n        <\/div>","protected":false},"excerpt":{"rendered":"<p>Aviso Virtual de Marca\u00e7\u00e3o de Patentes da Datacolor: Os seguintes produtos s\u00e3o protegidos por patentes nos EUA e noutros locais para a Datacolor. Este website \u00e9 fornecido para satisfazer as&#8230;<\/p>\n","protected":false},"author":24,"featured_media":0,"parent":0,"menu_order":0,"comment_status":"closed","ping_status":"closed","template":"","meta":{"_acf_changed":false,"_relevanssi_hide_post":"","_relevanssi_hide_content":"","_relevanssi_pin_for_all":"","_relevanssi_pin_keywords":"","_relevanssi_unpin_keywords":"","_relevanssi_related_keywords":"","_relevanssi_related_include_ids":"","_relevanssi_related_exclude_ids":"","_relevanssi_related_no_append":"","_relevanssi_related_not_related":"","_relevanssi_related_posts":"","_relevanssi_noindex_reason":"","footnotes":""},"class_list":["post-160439","page","type-page","status-publish","hentry"],"acf":[],"yoast_head":"<!-- This site is optimized with the Yoast SEO plugin v26.6 - https:\/\/yoast.com\/wordpress\/plugins\/seo\/ -->\n<title>Patentes Datacolor | Datacolor<\/title>\n<meta name=\"robots\" content=\"index, follow, max-snippet:-1, max-image-preview:large, max-video-preview:-1\" \/>\n<link rel=\"canonical\" href=\"https:\/\/www.datacolor.com\/pt-br\/patentes\/\" \/>\n<meta property=\"og:locale\" content=\"pt_BR\" \/>\n<meta property=\"og:type\" content=\"article\" \/>\n<meta property=\"og:title\" content=\"Patentes Datacolor | Datacolor\" \/>\n<meta property=\"og:description\" content=\"Aviso Virtual de Marca\u00e7\u00e3o de Patentes da Datacolor: Os seguintes produtos s\u00e3o protegidos por patentes nos EUA e noutros locais para a Datacolor. Este website \u00e9 fornecido para satisfazer as...\" \/>\n<meta property=\"og:url\" content=\"https:\/\/www.datacolor.com\/pt-br\/patentes\/\" \/>\n<meta property=\"og:site_name\" content=\"Datacolor\" \/>\n<meta property=\"article:publisher\" content=\"https:\/\/facebook.com\/DatacolorCorporate\" \/>\n<meta property=\"article:modified_time\" content=\"2023-02-06T15:57:08+00:00\" \/>\n<meta property=\"og:image\" content=\"https:\/\/www.datacolor.com\/wp-content\/uploads\/2022\/01\/collage-careers-800x700-1.jpg\" \/>\n\t<meta property=\"og:image:width\" content=\"800\" \/>\n\t<meta property=\"og:image:height\" content=\"700\" \/>\n\t<meta property=\"og:image:type\" content=\"image\/jpeg\" \/>\n<meta name=\"twitter:card\" content=\"summary_large_image\" \/>\n<meta name=\"twitter:label1\" content=\"Est. tempo de leitura\" \/>\n\t<meta name=\"twitter:data1\" content=\"1 minute\" \/>\n<!-- \/ Yoast SEO plugin. -->","yoast_head_json":{"title":"Patentes Datacolor | Datacolor","robots":{"index":"index","follow":"follow","max-snippet":"max-snippet:-1","max-image-preview":"max-image-preview:large","max-video-preview":"max-video-preview:-1"},"canonical":"https:\/\/www.datacolor.com\/pt-br\/patentes\/","og_locale":"pt_BR","og_type":"article","og_title":"Patentes Datacolor | Datacolor","og_description":"Aviso Virtual de Marca\u00e7\u00e3o de Patentes da Datacolor: Os seguintes produtos s\u00e3o protegidos por patentes nos EUA e noutros locais para a Datacolor. Este website \u00e9 fornecido para satisfazer as...","og_url":"https:\/\/www.datacolor.com\/pt-br\/patentes\/","og_site_name":"Datacolor","article_publisher":"https:\/\/facebook.com\/DatacolorCorporate","article_modified_time":"2023-02-06T15:57:08+00:00","og_image":[{"width":800,"height":700,"url":"https:\/\/www.datacolor.com\/wp-content\/uploads\/2022\/01\/collage-careers-800x700-1.jpg","type":"image\/jpeg"}],"twitter_card":"summary_large_image","twitter_misc":{"Est. tempo de leitura":"1 minute"},"schema":{"@context":"https:\/\/schema.org","@graph":[{"@type":"WebPage","@id":"https:\/\/www.datacolor.com\/pt-br\/patentes\/","url":"https:\/\/www.datacolor.com\/pt-br\/patentes\/","name":"Patentes Datacolor | Datacolor","isPartOf":{"@id":"https:\/\/www.datacolor.com\/pt-br\/#website"},"datePublished":"2022-05-25T15:40:17+00:00","dateModified":"2023-02-06T15:57:08+00:00","inLanguage":"pt-BR","potentialAction":[{"@type":"ReadAction","target":["https:\/\/www.datacolor.com\/pt-br\/patentes\/"]}]},{"@type":"WebSite","@id":"https:\/\/www.datacolor.com\/pt-br\/#website","url":"https:\/\/www.datacolor.com\/pt-br\/","name":"Datacolor","description":"Color Management Solutions","publisher":{"@id":"https:\/\/www.datacolor.com\/pt-br\/#organization"},"potentialAction":[{"@type":"SearchAction","target":{"@type":"EntryPoint","urlTemplate":"https:\/\/www.datacolor.com\/pt-br\/?s={search_term_string}"},"query-input":{"@type":"PropertyValueSpecification","valueRequired":true,"valueName":"search_term_string"}}],"inLanguage":"pt-BR"},{"@type":"Organization","@id":"https:\/\/www.datacolor.com\/pt-br\/#organization","name":"Datacolor","url":"https:\/\/www.datacolor.com\/pt-br\/","logo":{"@type":"ImageObject","inLanguage":"pt-BR","@id":"https:\/\/www.datacolor.com\/pt-br\/#\/schema\/logo\/image\/","url":"https:\/\/www.datacolor.com\/wp-content\/uploads\/2021\/12\/logo-header.jpg","contentUrl":"https:\/\/www.datacolor.com\/wp-content\/uploads\/2021\/12\/logo-header.jpg","width":259,"height":45,"caption":"Datacolor"},"image":{"@id":"https:\/\/www.datacolor.com\/pt-br\/#\/schema\/logo\/image\/"},"sameAs":["https:\/\/facebook.com\/DatacolorCorporate","https:\/\/linkedin.com\/company\/datacolor","https:\/\/www.youtube.com\/user\/DatacolorIndustrial"]}]}},"_links":{"self":[{"href":"https:\/\/www.datacolor.com\/pt-br\/wp-json\/wp\/v2\/pages\/160439","targetHints":{"allow":["GET"]}}],"collection":[{"href":"https:\/\/www.datacolor.com\/pt-br\/wp-json\/wp\/v2\/pages"}],"about":[{"href":"https:\/\/www.datacolor.com\/pt-br\/wp-json\/wp\/v2\/types\/page"}],"author":[{"embeddable":true,"href":"https:\/\/www.datacolor.com\/pt-br\/wp-json\/wp\/v2\/users\/24"}],"replies":[{"embeddable":true,"href":"https:\/\/www.datacolor.com\/pt-br\/wp-json\/wp\/v2\/comments?post=160439"}],"version-history":[{"count":2,"href":"https:\/\/www.datacolor.com\/pt-br\/wp-json\/wp\/v2\/pages\/160439\/revisions"}],"predecessor-version":[{"id":166525,"href":"https:\/\/www.datacolor.com\/pt-br\/wp-json\/wp\/v2\/pages\/160439\/revisions\/166525"}],"wp:attachment":[{"href":"https:\/\/www.datacolor.com\/pt-br\/wp-json\/wp\/v2\/media?parent=160439"}],"curies":[{"name":"wp","href":"https:\/\/api.w.org\/{rel}","templated":true}]}}