{"id":160465,"date":"2022-06-09T06:01:51","date_gmt":"2022-06-09T11:01:51","guid":{"rendered":"https:\/\/dev.new.datacolor.eu\/business-solutions\/centro-de-aprendizagem\/four-perspectives-on-efficiency-improvement-in-paint-operations-on-demand\/"},"modified":"2022-09-07T07:59:49","modified_gmt":"2022-09-07T12:59:49","slug":"four-perspectives-on-efficiency-improvement-in-paint-operations-on-demand","status":"publish","type":"page","link":"https:\/\/www.datacolor.com\/pt-br\/business-solutions\/centro-de-aprendizagem\/four-perspectives-on-efficiency-improvement-in-paint-operations-on-demand\/","title":{"rendered":"Quatro Perspectivas de melhoria da efici\u00eancia nas opera\u00e7\u00f5es de pintura a pedido"},"content":{"rendered":"<section id=\"gutenblock-block_62a1dc8546278\" class=\"gutenblock gutenblock--oms-image-text bg-color-dark_gray text-light image-position-overlap layout-text-image gutenblock-5050\">\n        <div class=\"gutenblock-inner\">\n            <div class=\"container-fluid\">\n\n                \n                                    <div class=\"row l-image-pb__row justify-content-center\">\n\n                                                        <div class=\"l-image-pb__col l-image-pb__col--text col-12 col-md-10 col-lg-6\">\n                                    <div class=\"image-pb__text\">\n                                        <h2>A imaginar como a digitaliza\u00e7\u00e3o e a automatiza\u00e7\u00e3o podem melhorar a efici\u00eancia nas opera\u00e7\u00f5es de pintura?<\/h2>\n<p class=\"intro-text\">  Assista a este evento virtual de 1 hora onde reunimos 5 especialistas de quatro \u00e1reas diferentes para falar sobre as suas experi\u00eancias partilhadas e melhores pr\u00e1ticas sobre como ajustar a nossa forma de trabalhar e ajudar-nos a navegar nesta paisagem em mudan\u00e7a.<\/p>\n                                    <\/div>\n                                <\/div>\n                                                            <div class=\"l-image-pb__col l-image-pb__col--image col-12 col-md-10 col-lg-6\">\n                                    <figure class=\"pb-image pb-image--stylized\"><img decoding=\"async\" width=\"735\" height=\"413\" src=\"https:\/\/www.datacolor.com\/wp-content\/uploads\/2022\/06\/Four-Perspectives-on-efficiency-improvement-in-paint-operations-on-demand-cover-image-735x413.jpg\" class=\"pb-image__image\" alt=\"\" srcset=\"https:\/\/www.datacolor.com\/wp-content\/uploads\/2022\/06\/Four-Perspectives-on-efficiency-improvement-in-paint-operations-on-demand-cover-image-735x413.jpg 735w, https:\/\/www.datacolor.com\/wp-content\/uploads\/2022\/06\/Four-Perspectives-on-efficiency-improvement-in-paint-operations-on-demand-cover-image-300x169.jpg 300w, https:\/\/www.datacolor.com\/wp-content\/uploads\/2022\/06\/Four-Perspectives-on-efficiency-improvement-in-paint-operations-on-demand-cover-image-768x432.jpg 768w, https:\/\/www.datacolor.com\/wp-content\/uploads\/2022\/06\/Four-Perspectives-on-efficiency-improvement-in-paint-operations-on-demand-cover-image-600x338.jpg 600w, https:\/\/www.datacolor.com\/wp-content\/uploads\/2022\/06\/Four-Perspectives-on-efficiency-improvement-in-paint-operations-on-demand-cover-image-350x197.jpg 350w, https:\/\/www.datacolor.com\/wp-content\/uploads\/2022\/06\/Four-Perspectives-on-efficiency-improvement-in-paint-operations-on-demand-cover-image-700x394.jpg 700w, https:\/\/www.datacolor.com\/wp-content\/uploads\/2022\/06\/Four-Perspectives-on-efficiency-improvement-in-paint-operations-on-demand-cover-image-100x56.jpg 100w, https:\/\/www.datacolor.com\/wp-content\/uploads\/2022\/06\/Four-Perspectives-on-efficiency-improvement-in-paint-operations-on-demand-cover-image-40x23.jpg 40w, https:\/\/www.datacolor.com\/wp-content\/uploads\/2022\/06\/Four-Perspectives-on-efficiency-improvement-in-paint-operations-on-demand-cover-image.jpg 800w\" sizes=\"(max-width: 735px) 100vw, 735px\" \/><\/figure>                                <\/div>\n                            \n                    <\/div>\n                \n                \n\n            <\/div>\n        <\/div>\n    <\/section><div class=\"wp-core-gutenblock gutenblock bg-color-white core_html\">\n            <div class=\"container-fluid\">\n                <div class=\"row\">\n                    <div class=\"column\"><div class=\"row\">\n<div class=\"col-xs-12 col-md-6\">\n<strong>MARKUS FRENTROP &#8211; COMO OS PADR\u00d5ES DE COR SIMPLIFICAM O PROCESSO DE SELEC\u00c7\u00c3O DE COR E REDUZEM O IMPACTO AMBIENTAL  <\/strong>\n<p>Os nossos olhos percebem cerca de 15 milh\u00f5es de tonalidades de cor. No entanto, para o trabalho di\u00e1rio com cores, este n\u00famero \u00e9 impratic\u00e1vel e ineficiente, e precisamos de reduzir esta complexidade. Na sua apresenta\u00e7\u00e3o, Markus mostrar\u00e1 como padr\u00f5es fixos de cores ajudam empresas, ag\u00eancias, etc. a tornar o trabalho com cores mais r\u00e1pido, mais eficiente, e mais sustent\u00e1vel.  <\/p>\n<p> <\/p>\n\n<strong>TOM SMITH &#8211; GANHAR EFIC\u00c1CIA ATRAV\u00c9S DA AUTOMATIZA\u00c7\u00c3O  <\/strong>\n<p>A apresenta\u00e7\u00e3o de Tom destaca como a automatiza\u00e7\u00e3o pode ser utilizada em toda a I&#038;D\/fabrica\u00e7\u00e3o para ajudar na gera\u00e7\u00e3o e an\u00e1lise de dados de boa qualidade. A apresenta\u00e7\u00e3o inclui um estudo de caso sobre a automatiza\u00e7\u00e3o dos fluxos de trabalho experimentais para a correspond\u00eancia de cores.  <\/p>\n<p> <\/p>\n\n<strong>RIK MERTENS &#8211; EFICI\u00caNCIA DE COR DENTRO E FORA DA LOJA DE CORREIO COM DISPOSITIVOS DE PESQUISA E CORRESPOND\u00caNCIA DE BAIXO CUSTO  <\/strong>\n<p>Os dispositivos de pesquisa e correspond\u00eancia de baixo custo est\u00e3o \u00e0 nossa volta. Rik dir-nos-\u00e1 tudo o que s\u00e3o, como funcionam, e como podem ser utilizados eficazmente.  <\/p>\n<p> <\/p>\n\n<strong>GIJS HEUKELOM &#8211; LIGANDO O PERCURSO DA TINTURARIA \u00c0S OPERA\u00c7\u00d5ES DE RACIONALIZA\u00c7\u00c3O  <\/strong>\n<p>Partilhar a vis\u00e3o da FFM sobre o futuro da colora\u00e7\u00e3o, que \u00e9 uma vis\u00e3o ligada! Como o poder do digital pode ser utilizado para melhorar ainda mais a experi\u00eancia da colora\u00e7\u00e3o nos POS, bem como o Custo Total de Propriedade da tinta OEM.  <\/p>\n<p> <\/p>\n\n<p>Tem alguma pergunta ou quer saber mais sobre como a Datacolor o pode ajudar a melhorar a sua gest\u00e3o digital de cor? <a href=\"\/ask-our-experts\/\">Contacte-nos<\/a>.<\/p>\n<\/div>\n<div class=\"col-xs-12 col-md-6\">\n<script src=\"\/\/app-ab31.marketo.com\/js\/forms2\/js\/forms2.min.js\"><\/script>\n<form id=\"mktoForm_4016\"><\/form>\n<script>MktoForms2.loadForm(\"\/\/app-ab31.marketo.com\", \"799-MHA-121\", 4016);<\/script>\n<script>\nMktoForms2.whenReady(function (form){\n  var samePageTYForms = [4016];\n  if ( samePageTYForms.indexOf(form.getId()) != -1 ) {\n     form.onSuccess(function(values, followUpUrl){\n        var oldHeight = form.getFormElem().css('height');\n\tform.getFormElem().html(\"Thank you for your information<br\/>You can <a href='https:\/\/event.on24.com\/wcc\/r\/3654398\/4C93FD7F3A43F074F9AB2837D1D07D92' target='_blank'>watch the webinar now.\");\n\tform.getFormElem().css(\"text-align\",\"center\");\n\tform.getFormElem().css(\"font-weight\",\"bold\");\n\tform.getFormElem().css(\"height\",oldHeight);\n\tform.getFormElem().css(\"padding-top\",\"20%\");\n\treturn false;\n     });\n  }\n});\n<\/script>\n\n<\/div>\n<\/div><\/div>\n                <\/div>\n            <\/div>\n        <\/div>","protected":false},"excerpt":{"rendered":"<p>MARKUS FRENTROP &#8211; COMO OS PADR\u00d5ES DE COR SIMPLIFICAM O PROCESSO DE SELEC\u00c7\u00c3O DE COR E REDUZEM O IMPACTO AMBIENTAL Os nossos olhos percebem cerca de 15 milh\u00f5es de tonalidades&#8230;<\/p>\n","protected":false},"author":22,"featured_media":0,"parent":160254,"menu_order":0,"comment_status":"closed","ping_status":"closed","template":"","meta":{"_acf_changed":false,"_relevanssi_hide_post":"","_relevanssi_hide_content":"","_relevanssi_pin_for_all":"","_relevanssi_pin_keywords":"","_relevanssi_unpin_keywords":"","_relevanssi_related_keywords":"","_relevanssi_related_include_ids":"","_relevanssi_related_exclude_ids":"","_relevanssi_related_no_append":"","_relevanssi_related_not_related":"","_relevanssi_related_posts":"","_relevanssi_noindex_reason":"","footnotes":""},"class_list":["post-160465","page","type-page","status-publish","hentry"],"acf":[],"yoast_head":"<!-- This site is optimized with the Yoast SEO plugin v26.6 - https:\/\/yoast.com\/wordpress\/plugins\/seo\/ -->\n<title>Quatro Perspectivas de melhoria da efici\u00eancia nas opera\u00e7\u00f5es de pintura a pedido | Datacolor<\/title>\n<meta name=\"robots\" content=\"index, follow, max-snippet:-1, max-image-preview:large, max-video-preview:-1\" \/>\n<link rel=\"canonical\" href=\"https:\/\/www.datacolor.com\/pt-br\/business-solutions\/centro-de-aprendizagem\/four-perspectives-on-efficiency-improvement-in-paint-operations-on-demand\/\" \/>\n<meta property=\"og:locale\" content=\"pt_BR\" \/>\n<meta property=\"og:type\" content=\"article\" \/>\n<meta property=\"og:title\" content=\"Quatro Perspectivas de melhoria da efici\u00eancia nas opera\u00e7\u00f5es de pintura a pedido | Datacolor\" \/>\n<meta property=\"og:description\" content=\"MARKUS FRENTROP - COMO OS PADR\u00d5ES DE COR SIMPLIFICAM O PROCESSO DE SELEC\u00c7\u00c3O DE COR E REDUZEM O IMPACTO AMBIENTAL Os nossos olhos percebem cerca de 15 milh\u00f5es de tonalidades...\" \/>\n<meta property=\"og:url\" content=\"https:\/\/www.datacolor.com\/pt-br\/business-solutions\/centro-de-aprendizagem\/four-perspectives-on-efficiency-improvement-in-paint-operations-on-demand\/\" \/>\n<meta property=\"og:site_name\" content=\"Datacolor\" \/>\n<meta property=\"article:publisher\" content=\"https:\/\/facebook.com\/DatacolorCorporate\" \/>\n<meta property=\"article:modified_time\" content=\"2022-09-07T12:59:49+00:00\" \/>\n<meta property=\"og:image\" content=\"https:\/\/www.datacolor.com\/wp-content\/uploads\/2022\/01\/collage-careers-800x700-1.jpg\" \/>\n\t<meta property=\"og:image:width\" content=\"800\" \/>\n\t<meta property=\"og:image:height\" content=\"700\" \/>\n\t<meta property=\"og:image:type\" content=\"image\/jpeg\" \/>\n<meta name=\"twitter:card\" content=\"summary_large_image\" \/>\n<meta name=\"twitter:label1\" content=\"Est. tempo de leitura\" \/>\n\t<meta name=\"twitter:data1\" content=\"1 minute\" \/>\n<!-- \/ Yoast SEO plugin. -->","yoast_head_json":{"title":"Quatro Perspectivas de melhoria da efici\u00eancia nas opera\u00e7\u00f5es de pintura a pedido | Datacolor","robots":{"index":"index","follow":"follow","max-snippet":"max-snippet:-1","max-image-preview":"max-image-preview:large","max-video-preview":"max-video-preview:-1"},"canonical":"https:\/\/www.datacolor.com\/pt-br\/business-solutions\/centro-de-aprendizagem\/four-perspectives-on-efficiency-improvement-in-paint-operations-on-demand\/","og_locale":"pt_BR","og_type":"article","og_title":"Quatro Perspectivas de melhoria da efici\u00eancia nas opera\u00e7\u00f5es de pintura a pedido | Datacolor","og_description":"MARKUS FRENTROP - COMO OS PADR\u00d5ES DE COR SIMPLIFICAM O PROCESSO DE SELEC\u00c7\u00c3O DE COR E REDUZEM O IMPACTO AMBIENTAL Os nossos olhos percebem cerca de 15 milh\u00f5es de tonalidades...","og_url":"https:\/\/www.datacolor.com\/pt-br\/business-solutions\/centro-de-aprendizagem\/four-perspectives-on-efficiency-improvement-in-paint-operations-on-demand\/","og_site_name":"Datacolor","article_publisher":"https:\/\/facebook.com\/DatacolorCorporate","article_modified_time":"2022-09-07T12:59:49+00:00","og_image":[{"width":800,"height":700,"url":"https:\/\/www.datacolor.com\/wp-content\/uploads\/2022\/01\/collage-careers-800x700-1.jpg","type":"image\/jpeg"}],"twitter_card":"summary_large_image","twitter_misc":{"Est. tempo de leitura":"1 minute"},"schema":{"@context":"https:\/\/schema.org","@graph":[{"@type":"WebPage","@id":"https:\/\/www.datacolor.com\/pt-br\/business-solutions\/centro-de-aprendizagem\/four-perspectives-on-efficiency-improvement-in-paint-operations-on-demand\/","url":"https:\/\/www.datacolor.com\/pt-br\/business-solutions\/centro-de-aprendizagem\/four-perspectives-on-efficiency-improvement-in-paint-operations-on-demand\/","name":"Quatro Perspectivas de melhoria da efici\u00eancia nas opera\u00e7\u00f5es de pintura a pedido | Datacolor","isPartOf":{"@id":"https:\/\/www.datacolor.com\/pt-br\/#website"},"datePublished":"2022-06-09T11:01:51+00:00","dateModified":"2022-09-07T12:59:49+00:00","breadcrumb":{"@id":"https:\/\/www.datacolor.com\/pt-br\/business-solutions\/centro-de-aprendizagem\/four-perspectives-on-efficiency-improvement-in-paint-operations-on-demand\/#breadcrumb"},"inLanguage":"pt-BR","potentialAction":[{"@type":"ReadAction","target":["https:\/\/www.datacolor.com\/pt-br\/business-solutions\/centro-de-aprendizagem\/four-perspectives-on-efficiency-improvement-in-paint-operations-on-demand\/"]}]},{"@type":"BreadcrumbList","@id":"https:\/\/www.datacolor.com\/pt-br\/business-solutions\/centro-de-aprendizagem\/four-perspectives-on-efficiency-improvement-in-paint-operations-on-demand\/#breadcrumb","itemListElement":[{"@type":"ListItem","position":1,"name":"Solu\u00e7\u00f5es Empresariais","item":"https:\/\/www.datacolor.com\/pt-br\/business-solutions\/"},{"@type":"ListItem","position":2,"name":"Centro de Aprendizagem"}]},{"@type":"WebSite","@id":"https:\/\/www.datacolor.com\/pt-br\/#website","url":"https:\/\/www.datacolor.com\/pt-br\/","name":"Datacolor","description":"Color Management Solutions","publisher":{"@id":"https:\/\/www.datacolor.com\/pt-br\/#organization"},"potentialAction":[{"@type":"SearchAction","target":{"@type":"EntryPoint","urlTemplate":"https:\/\/www.datacolor.com\/pt-br\/?s={search_term_string}"},"query-input":{"@type":"PropertyValueSpecification","valueRequired":true,"valueName":"search_term_string"}}],"inLanguage":"pt-BR"},{"@type":"Organization","@id":"https:\/\/www.datacolor.com\/pt-br\/#organization","name":"Datacolor","url":"https:\/\/www.datacolor.com\/pt-br\/","logo":{"@type":"ImageObject","inLanguage":"pt-BR","@id":"https:\/\/www.datacolor.com\/pt-br\/#\/schema\/logo\/image\/","url":"https:\/\/www.datacolor.com\/wp-content\/uploads\/2021\/12\/logo-header.jpg","contentUrl":"https:\/\/www.datacolor.com\/wp-content\/uploads\/2021\/12\/logo-header.jpg","width":259,"height":45,"caption":"Datacolor"},"image":{"@id":"https:\/\/www.datacolor.com\/pt-br\/#\/schema\/logo\/image\/"},"sameAs":["https:\/\/facebook.com\/DatacolorCorporate","https:\/\/linkedin.com\/company\/datacolor","https:\/\/www.youtube.com\/user\/DatacolorIndustrial"]}]}},"_links":{"self":[{"href":"https:\/\/www.datacolor.com\/pt-br\/wp-json\/wp\/v2\/pages\/160465","targetHints":{"allow":["GET"]}}],"collection":[{"href":"https:\/\/www.datacolor.com\/pt-br\/wp-json\/wp\/v2\/pages"}],"about":[{"href":"https:\/\/www.datacolor.com\/pt-br\/wp-json\/wp\/v2\/types\/page"}],"author":[{"embeddable":true,"href":"https:\/\/www.datacolor.com\/pt-br\/wp-json\/wp\/v2\/users\/22"}],"replies":[{"embeddable":true,"href":"https:\/\/www.datacolor.com\/pt-br\/wp-json\/wp\/v2\/comments?post=160465"}],"version-history":[{"count":0,"href":"https:\/\/www.datacolor.com\/pt-br\/wp-json\/wp\/v2\/pages\/160465\/revisions"}],"up":[{"embeddable":true,"href":"https:\/\/www.datacolor.com\/pt-br\/wp-json\/wp\/v2\/pages\/160254"}],"wp:attachment":[{"href":"https:\/\/www.datacolor.com\/pt-br\/wp-json\/wp\/v2\/media?parent=160465"}],"curies":[{"name":"wp","href":"https:\/\/api.w.org\/{rel}","templated":true}]}}