{"id":163884,"date":"2022-11-15T15:37:28","date_gmt":"2022-11-15T21:37:28","guid":{"rendered":"https:\/\/dev.new.datacolor.eu\/proposta-de-produto\/"},"modified":"2022-11-29T14:19:08","modified_gmt":"2022-11-29T20:19:08","slug":"proposta-de-produto","status":"publish","type":"page","link":"https:\/\/www.datacolor.com\/pt-br\/proposta-de-produto\/","title":{"rendered":"Elimina\u00e7\u00e3o do produto"},"content":{"rendered":"<section id=\"gutenblock-block_c593dcb64a25d8fc70446e773251cca0\" class=\"gutenblock gutenblock--oms-blurbs layout_blurb_columns_2 bg-color-gray\">\n        <div class=\"gutenblock-inner\">\n            <div class=\"container-fluid\">\n\n                <div class=\"row l-blurbs__row justify-content-center l-blurbs__row--layout-5050\">\n                    \n                            <div class=\"col-12 l-blurbs__col l-blurbs__col--content\">\n                                <div class=\"blurbs-content\"><p>O compromisso da Datacolorcom a gest\u00e3o ambiental estende-se desde o desenvolvimento do produto at\u00e9 ao fim de vida \u00fatil\/disposi\u00e7\u00e3o do produto, com o objectivo de que os nossos produtos nunca acabem num aterro sanit\u00e1rio. Abaixo encontram-se directrizes relativas \u00e0 reciclagem\/disposi\u00e7\u00e3o dos nossos produtos e embalagens.<\/p>\n<\/div>\n                            <\/div>\n                        <div class=\"col-12 l-blurbs__col l-blurbs__col--blurbs\"><div class=\"l-blurb\"><article aria-labelledby=\"blurb-title-block_c593dcb64a25d8fc70446e773251cca00\" class=\"blurb \">\n    <div class=\"l-blurb__col l-blurb__col--content\">\n        <div class=\"blurb__content\">\n\n            <h3 id=\"blurb-title-block_c593dcb64a25d8fc70446e773251cca00\" class=\"blurb__title\">Embalagens de papel\u00e3o  <\/h3>\n\n            <p>A embalagem em cart\u00e3o dos nossos produtos \u00e9 100% recicl\u00e1vel. Certifique-se de remover quaisquer materiais de embalagem interior, tais como isopor, amendoins de embalagem, pl\u00e1stico bolha, etc., antes de reciclar embalagens de cart\u00e3o, e siga as suas directrizes locais de reciclagem.<\/p>\n\n        <\/div>\n    <\/div>\n\n    <\/article><\/div><div class=\"l-blurb\"><article aria-labelledby=\"blurb-title-block_c593dcb64a25d8fc70446e773251cca01\" class=\"blurb \">\n    <div class=\"l-blurb__col l-blurb__col--content\">\n        <div class=\"blurb__content\">\n\n            <h3 id=\"blurb-title-block_c593dcb64a25d8fc70446e773251cca01\" class=\"blurb__title\">Pilhas<\/h3>\n\n            <p>Uma vez que cont\u00eam v\u00e1rios materiais perigosos, incluindo metais pesados e \u00e1cidos, as baterias podem causar s\u00e9rios danos ambientais se n\u00e3o forem descartadas adequadamente. As leis de elimina\u00e7\u00e3o de baterias podem variar muito entre regi\u00f5es e munic\u00edpios, por isso verifique no website do seu governo local os regulamentos e op\u00e7\u00f5es para uma elimina\u00e7\u00e3o adequada que podem incluir instala\u00e7\u00f5es de reciclagem, instala\u00e7\u00f5es de res\u00edduos perigosos, ou locais de entrega designados na sua comunidade. Assegure-se de armazenar e cuidar devidamente das pilhas usadas antes de as eliminar para minimizar o risco de inc\u00eandio e de fugas qu\u00edmicas perigosas.<\/p>\n\n        <\/div>\n    <\/div>\n\n    <\/article><\/div><div class=\"l-blurb\"><article aria-labelledby=\"blurb-title-block_c593dcb64a25d8fc70446e773251cca02\" class=\"blurb \">\n    <div class=\"l-blurb__col l-blurb__col--content\">\n        <div class=\"blurb__content\">\n\n            <h3 id=\"blurb-title-block_c593dcb64a25d8fc70446e773251cca02\" class=\"blurb__title\">Produtos Industriais<\/h3>\n\n            <p>Tempo para substituir ou eliminar um dos nossos produtos industriais? Basta contactar o seu representante de vendas para obter mais detalhes.<\/p>\n\n        <\/div>\n    <\/div>\n\n    <\/article><\/div><\/div>                <\/div>\n            <\/div>\n        <\/div>\n    <\/section>","protected":false},"excerpt":{"rendered":"","protected":false},"author":25,"featured_media":0,"parent":0,"menu_order":0,"comment_status":"closed","ping_status":"closed","template":"","meta":{"_acf_changed":false,"_relevanssi_hide_post":"","_relevanssi_hide_content":"","_relevanssi_pin_for_all":"","_relevanssi_pin_keywords":"","_relevanssi_unpin_keywords":"","_relevanssi_related_keywords":"","_relevanssi_related_include_ids":"","_relevanssi_related_exclude_ids":"","_relevanssi_related_no_append":"","_relevanssi_related_not_related":"","_relevanssi_related_posts":"","_relevanssi_noindex_reason":"","footnotes":""},"class_list":["post-163884","page","type-page","status-publish","hentry"],"acf":[],"yoast_head":"<!-- This site is optimized with the Yoast SEO plugin v26.6 - https:\/\/yoast.com\/wordpress\/plugins\/seo\/ -->\n<title>Elimina\u00e7\u00e3o do produto | Datacolor<\/title>\n<meta name=\"robots\" content=\"index, follow, max-snippet:-1, max-image-preview:large, max-video-preview:-1\" \/>\n<link rel=\"canonical\" href=\"https:\/\/www.datacolor.com\/pt-br\/proposta-de-produto\/\" \/>\n<meta property=\"og:locale\" content=\"pt_BR\" \/>\n<meta property=\"og:type\" content=\"article\" \/>\n<meta property=\"og:title\" content=\"Elimina\u00e7\u00e3o do produto | Datacolor\" \/>\n<meta property=\"og:url\" content=\"https:\/\/www.datacolor.com\/pt-br\/proposta-de-produto\/\" \/>\n<meta property=\"og:site_name\" content=\"Datacolor\" \/>\n<meta property=\"article:publisher\" content=\"https:\/\/facebook.com\/DatacolorCorporate\" \/>\n<meta property=\"article:modified_time\" content=\"2022-11-29T20:19:08+00:00\" \/>\n<meta property=\"og:image\" content=\"https:\/\/www.datacolor.com\/wp-content\/uploads\/2022\/01\/collage-careers-800x700-1.jpg\" \/>\n\t<meta property=\"og:image:width\" content=\"800\" \/>\n\t<meta property=\"og:image:height\" content=\"700\" \/>\n\t<meta property=\"og:image:type\" content=\"image\/jpeg\" \/>\n<meta name=\"twitter:card\" content=\"summary_large_image\" \/>\n<!-- \/ Yoast SEO plugin. -->","yoast_head_json":{"title":"Elimina\u00e7\u00e3o do produto | Datacolor","robots":{"index":"index","follow":"follow","max-snippet":"max-snippet:-1","max-image-preview":"max-image-preview:large","max-video-preview":"max-video-preview:-1"},"canonical":"https:\/\/www.datacolor.com\/pt-br\/proposta-de-produto\/","og_locale":"pt_BR","og_type":"article","og_title":"Elimina\u00e7\u00e3o do produto | Datacolor","og_url":"https:\/\/www.datacolor.com\/pt-br\/proposta-de-produto\/","og_site_name":"Datacolor","article_publisher":"https:\/\/facebook.com\/DatacolorCorporate","article_modified_time":"2022-11-29T20:19:08+00:00","og_image":[{"width":800,"height":700,"url":"https:\/\/www.datacolor.com\/wp-content\/uploads\/2022\/01\/collage-careers-800x700-1.jpg","type":"image\/jpeg"}],"twitter_card":"summary_large_image","schema":{"@context":"https:\/\/schema.org","@graph":[{"@type":"WebPage","@id":"https:\/\/www.datacolor.com\/pt-br\/proposta-de-produto\/","url":"https:\/\/www.datacolor.com\/pt-br\/proposta-de-produto\/","name":"Elimina\u00e7\u00e3o do produto | Datacolor","isPartOf":{"@id":"https:\/\/www.datacolor.com\/pt-br\/#website"},"datePublished":"2022-11-15T21:37:28+00:00","dateModified":"2022-11-29T20:19:08+00:00","inLanguage":"pt-BR","potentialAction":[{"@type":"ReadAction","target":["https:\/\/www.datacolor.com\/pt-br\/proposta-de-produto\/"]}]},{"@type":"WebSite","@id":"https:\/\/www.datacolor.com\/pt-br\/#website","url":"https:\/\/www.datacolor.com\/pt-br\/","name":"Datacolor","description":"Color Management Solutions","publisher":{"@id":"https:\/\/www.datacolor.com\/pt-br\/#organization"},"potentialAction":[{"@type":"SearchAction","target":{"@type":"EntryPoint","urlTemplate":"https:\/\/www.datacolor.com\/pt-br\/?s={search_term_string}"},"query-input":{"@type":"PropertyValueSpecification","valueRequired":true,"valueName":"search_term_string"}}],"inLanguage":"pt-BR"},{"@type":"Organization","@id":"https:\/\/www.datacolor.com\/pt-br\/#organization","name":"Datacolor","url":"https:\/\/www.datacolor.com\/pt-br\/","logo":{"@type":"ImageObject","inLanguage":"pt-BR","@id":"https:\/\/www.datacolor.com\/pt-br\/#\/schema\/logo\/image\/","url":"https:\/\/www.datacolor.com\/wp-content\/uploads\/2021\/12\/logo-header.jpg","contentUrl":"https:\/\/www.datacolor.com\/wp-content\/uploads\/2021\/12\/logo-header.jpg","width":259,"height":45,"caption":"Datacolor"},"image":{"@id":"https:\/\/www.datacolor.com\/pt-br\/#\/schema\/logo\/image\/"},"sameAs":["https:\/\/facebook.com\/DatacolorCorporate","https:\/\/linkedin.com\/company\/datacolor","https:\/\/www.youtube.com\/user\/DatacolorIndustrial"]}]}},"_links":{"self":[{"href":"https:\/\/www.datacolor.com\/pt-br\/wp-json\/wp\/v2\/pages\/163884","targetHints":{"allow":["GET"]}}],"collection":[{"href":"https:\/\/www.datacolor.com\/pt-br\/wp-json\/wp\/v2\/pages"}],"about":[{"href":"https:\/\/www.datacolor.com\/pt-br\/wp-json\/wp\/v2\/types\/page"}],"author":[{"embeddable":true,"href":"https:\/\/www.datacolor.com\/pt-br\/wp-json\/wp\/v2\/users\/25"}],"replies":[{"embeddable":true,"href":"https:\/\/www.datacolor.com\/pt-br\/wp-json\/wp\/v2\/comments?post=163884"}],"version-history":[{"count":0,"href":"https:\/\/www.datacolor.com\/pt-br\/wp-json\/wp\/v2\/pages\/163884\/revisions"}],"wp:attachment":[{"href":"https:\/\/www.datacolor.com\/pt-br\/wp-json\/wp\/v2\/media?parent=163884"}],"curies":[{"name":"wp","href":"https:\/\/api.w.org\/{rel}","templated":true}]}}