{"id":170073,"date":"2023-08-23T08:52:34","date_gmt":"2023-08-23T12:52:34","guid":{"rendered":"https:\/\/dev.new.datacolor.eu\/?page_id=170073"},"modified":"2026-01-28T03:51:15","modified_gmt":"2026-01-28T08:51:15","slug":"divulgacao-legal","status":"publish","type":"page","link":"https:\/\/www.datacolor.com\/pt-br\/legal\/ema\/divulgacao-legal\/","title":{"rendered":"Divulga\u00e7\u00e3o legal"},"content":{"rendered":"<div class=\"wp-core-gutenblock gutenblock freeform bg-color-white\">\n<div class=\"container-fluid\">\n<div class=\"row\">\n<div class=\"column\">\n<h4>Informa\u00e7\u00e3o de acordo com a Sect. 5 Lei Alem\u00e3 de Telemedia (TMG): <\/h4>\n<p>Datacolor GmbH<br \/>\nElbestra\u00dfe 10<br \/>\n45768 Marl<br \/>\nGermany<\/p>\n<p>eMail: websitegovernance@datacolor.com<br \/>\nTel: \u202d+49 2365 510923<br \/>\nFax: \u202d+49 2365 510939\u202c<\/p>\n<hr>\n<h4>Representante legal:<\/h4>\n<p>Philipp Andr\u00e9 Hediger<br \/>\n(Endere\u00e7o como acima)<\/p>\n<hr>\n<h4>N\u00famero de registo comercial:<\/h4>\n<p>HRB 5849 registada no Handelsregister Gelsenkirchen<\/p>\n<hr>\n<h5>ID IVA:<\/h5>\n<p>Sales tax identification number according to Sect. 27 a of the Sales Tax Law:<br \/>\nDE170261436 <\/p>\n<hr>\n<h4>Respons\u00e1vel pelo conte\u00fado de acordo com \u00a7 55 Abs. 2 RStV: <\/h4>\n<p>Albert Busch<\/p>\n<hr>\n<h4>Resolu\u00e7\u00e3o de lit\u00edgios na UE:<\/h4>\n<p>A Comiss\u00e3o Europeia disponibiliza uma plataforma para a resolu\u00e7\u00e3o de lit\u00edgios em linha (RLL): <a href=\"https:\/\/ec.europa.eu\/consumers\/odr\">https:\/\/ec.europa.eu\/consumers\/odr.<\/a><br \/>\nO nosso endere\u00e7o eletr\u00f3nico pode ser consultado acima, no aviso do s\u00edtio.<\/p>\n<hr>\n<h4>Responsabilidade pelo conte\u00fado:<\/h4>\n<p>Como fornecedores de servi\u00e7os, somos respons\u00e1veis pelo conte\u00fado pr\u00f3prio destes s\u00edtios web de acordo com o Par\u00e1grafo 7, Seita. 1 Lei Alem\u00e3 de Telemedia (TMG).  No entanto, de acordo com os par\u00e1grafos 8 a 10 da Lei Alem\u00e3 de Telem\u00e9dia (TMG), os prestadores de servi\u00e7os n\u00e3o s\u00e3o obrigados a monitorizar permanentemente as informa\u00e7\u00f5es apresentadas ou armazenadas ou a procurar provas que indiquem actividades ilegais.<\/p>\n<p>As obriga\u00e7\u00f5es legais de remover informa\u00e7\u00e3o ou de bloquear a utiliza\u00e7\u00e3o da informa\u00e7\u00e3o permanecem incontestadas. Neste caso, a responsabilidade s\u00f3 \u00e9 poss\u00edvel no momento do conhecimento de uma viola\u00e7\u00e3o espec\u00edfica da lei. Os conte\u00fados ilegais ser\u00e3o removidos imediatamente no momento em que tivermos conhecimento dos mesmos.  <\/p>\n<hr>\n<h4>Responsabilidade pelas liga\u00e7\u00f5es:<\/h4>\n<p>A nossa oferta inclui links para websites externos de terceiros. N\u00e3o temos qualquer influ\u00eancia sobre o conte\u00fado desses s\u00edtios web, pelo que n\u00e3o podemos garantir esses conte\u00fados. Os fornecedores ou administradores dos s\u00edtios Web ligados s\u00e3o sempre respons\u00e1veis pelos seus pr\u00f3prios conte\u00fados.  <\/p>\n<p>Os s\u00edtios Web ligados tinham sido verificados quanto a poss\u00edveis viola\u00e7\u00f5es da lei na altura do estabelecimento da liga\u00e7\u00e3o. Os conte\u00fados ilegais n\u00e3o foram detectados no momento da liga\u00e7\u00e3o.  N\u00e3o pode ser imposta uma monitoriza\u00e7\u00e3o permanente do conte\u00fado dos websites ligados sem indica\u00e7\u00f5es razo\u00e1veis de que houve uma viola\u00e7\u00e3o da lei. As liga\u00e7\u00f5es ilegais ser\u00e3o removidas imediatamente no momento em que tivermos conhecimento das mesmas. <\/p>\n<hr>\n<h4>Direitos de autor:<\/h4>\n<p>Os conte\u00fados e compila\u00e7\u00f5es publicados nestes websites pelos fornecedores est\u00e3o sujeitos \u00e0s leis alem\u00e3s de direitos de autor. A reprodu\u00e7\u00e3o, edi\u00e7\u00e3o, distribui\u00e7\u00e3o, bem como a utiliza\u00e7\u00e3o de qualquer tipo fora do \u00e2mbito da lei de direitos de autor requerem uma autoriza\u00e7\u00e3o escrita do autor ou do autor. Os downloads e c\u00f3pias destes s\u00edtios web s\u00e3o permitidos apenas para uso privado. A utiliza\u00e7\u00e3o comercial do nosso conte\u00fado sem autoriza\u00e7\u00e3o do autor \u00e9 proibida.   <\/p>\n<p>As leis de direitos de autor de terceiros s\u00e3o respeitadas desde que o conte\u00fado destes s\u00edtios web n\u00e3o seja origin\u00e1rio do fornecedor. As contribui\u00e7\u00f5es de terceiros neste s\u00edtio s\u00e3o indicadas como tal. No entanto, se notar qualquer viola\u00e7\u00e3o da lei de direitos de autor, por favor informe-nos. Tais conte\u00fados ser\u00e3o removidos imediatamente.<\/p><\/div>\n<\/p><\/div>\n<\/p><\/div>\n<\/p><\/div>\n","protected":false},"excerpt":{"rendered":"<p>Informa\u00e7\u00e3o de acordo com a Sect. 5 Lei Alem\u00e3 de Telemedia (TMG): Datacolor GmbH Elbestra\u00dfe 10 45768 Marl Germany eMail: websitegovernance@datacolor.com Tel: \u202d+49 2365 510923 Fax: \u202d+49 2365 510939\u202c Representante&#8230;<\/p>\n","protected":false},"author":22,"featured_media":0,"parent":161031,"menu_order":0,"comment_status":"closed","ping_status":"closed","template":"","meta":{"_acf_changed":false,"_relevanssi_hide_post":"","_relevanssi_hide_content":"","_relevanssi_pin_for_all":"","_relevanssi_pin_keywords":"","_relevanssi_unpin_keywords":"","_relevanssi_related_keywords":"","_relevanssi_related_include_ids":"","_relevanssi_related_exclude_ids":"","_relevanssi_related_no_append":"","_relevanssi_related_not_related":"","_relevanssi_related_posts":"160777,160669,160723,160521,168826,160828","_relevanssi_noindex_reason":"","footnotes":""},"class_list":["post-170073","page","type-page","status-publish","hentry"],"acf":[],"yoast_head":"<!-- This site is optimized with the Yoast SEO plugin v26.6 - https:\/\/yoast.com\/wordpress\/plugins\/seo\/ -->\n<title>Divulga\u00e7\u00e3o legal | Datacolor<\/title>\n<meta name=\"robots\" content=\"index, follow, max-snippet:-1, max-image-preview:large, max-video-preview:-1\" \/>\n<link rel=\"canonical\" href=\"https:\/\/www.datacolor.com\/pt-br\/legal\/ema\/divulgacao-legal\/\" \/>\n<meta property=\"og:locale\" content=\"pt_BR\" \/>\n<meta property=\"og:type\" content=\"article\" \/>\n<meta property=\"og:title\" content=\"Divulga\u00e7\u00e3o legal | Datacolor\" \/>\n<meta property=\"og:description\" content=\"Informa\u00e7\u00e3o de acordo com a Sect. 5 Lei Alem\u00e3 de Telemedia (TMG): Datacolor GmbH Elbestra\u00dfe 10 45768 Marl Germany eMail: websitegovernance@datacolor.com Tel: \u202d+49 2365 510923 Fax: \u202d+49 2365 510939\u202c Representante...\" \/>\n<meta property=\"og:url\" content=\"https:\/\/www.datacolor.com\/pt-br\/legal\/ema\/divulgacao-legal\/\" \/>\n<meta property=\"og:site_name\" content=\"Datacolor\" \/>\n<meta property=\"article:publisher\" content=\"https:\/\/facebook.com\/DatacolorCorporate\" \/>\n<meta property=\"article:modified_time\" content=\"2026-01-28T08:51:15+00:00\" \/>\n<meta property=\"og:image\" content=\"https:\/\/www.datacolor.com\/wp-content\/uploads\/2022\/01\/collage-careers-800x700-1.jpg\" \/>\n\t<meta property=\"og:image:width\" content=\"800\" \/>\n\t<meta property=\"og:image:height\" content=\"700\" \/>\n\t<meta property=\"og:image:type\" content=\"image\/jpeg\" \/>\n<meta name=\"twitter:card\" content=\"summary_large_image\" \/>\n<meta name=\"twitter:label1\" content=\"Est. tempo de leitura\" \/>\n\t<meta name=\"twitter:data1\" content=\"3 minutes\" \/>\n<!-- \/ Yoast SEO plugin. -->","yoast_head_json":{"title":"Divulga\u00e7\u00e3o legal | Datacolor","robots":{"index":"index","follow":"follow","max-snippet":"max-snippet:-1","max-image-preview":"max-image-preview:large","max-video-preview":"max-video-preview:-1"},"canonical":"https:\/\/www.datacolor.com\/pt-br\/legal\/ema\/divulgacao-legal\/","og_locale":"pt_BR","og_type":"article","og_title":"Divulga\u00e7\u00e3o legal | Datacolor","og_description":"Informa\u00e7\u00e3o de acordo com a Sect. 5 Lei Alem\u00e3 de Telemedia (TMG): Datacolor GmbH Elbestra\u00dfe 10 45768 Marl Germany eMail: websitegovernance@datacolor.com Tel: \u202d+49 2365 510923 Fax: \u202d+49 2365 510939\u202c Representante...","og_url":"https:\/\/www.datacolor.com\/pt-br\/legal\/ema\/divulgacao-legal\/","og_site_name":"Datacolor","article_publisher":"https:\/\/facebook.com\/DatacolorCorporate","article_modified_time":"2026-01-28T08:51:15+00:00","og_image":[{"width":800,"height":700,"url":"https:\/\/www.datacolor.com\/wp-content\/uploads\/2022\/01\/collage-careers-800x700-1.jpg","type":"image\/jpeg"}],"twitter_card":"summary_large_image","twitter_misc":{"Est. tempo de leitura":"3 minutes"},"schema":{"@context":"https:\/\/schema.org","@graph":[{"@type":"WebPage","@id":"https:\/\/www.datacolor.com\/pt-br\/legal\/ema\/divulgacao-legal\/","url":"https:\/\/www.datacolor.com\/pt-br\/legal\/ema\/divulgacao-legal\/","name":"Divulga\u00e7\u00e3o legal | Datacolor","isPartOf":{"@id":"https:\/\/www.datacolor.com\/pt-br\/#website"},"datePublished":"2023-08-23T12:52:34+00:00","dateModified":"2026-01-28T08:51:15+00:00","breadcrumb":{"@id":"https:\/\/www.datacolor.com\/pt-br\/legal\/ema\/divulgacao-legal\/#breadcrumb"},"inLanguage":"pt-BR","potentialAction":[{"@type":"ReadAction","target":["https:\/\/www.datacolor.com\/pt-br\/legal\/ema\/divulgacao-legal\/"]}]},{"@type":"BreadcrumbList","@id":"https:\/\/www.datacolor.com\/pt-br\/legal\/ema\/divulgacao-legal\/#breadcrumb","itemListElement":[{"@type":"ListItem","position":1,"name":"Legal","item":"https:\/\/www.datacolor.com\/pt-br\/legal\/"},{"@type":"ListItem","position":2,"name":"Legal &#8211; EMA"}]},{"@type":"WebSite","@id":"https:\/\/www.datacolor.com\/pt-br\/#website","url":"https:\/\/www.datacolor.com\/pt-br\/","name":"Datacolor","description":"Color Management Solutions","publisher":{"@id":"https:\/\/www.datacolor.com\/pt-br\/#organization"},"potentialAction":[{"@type":"SearchAction","target":{"@type":"EntryPoint","urlTemplate":"https:\/\/www.datacolor.com\/pt-br\/?s={search_term_string}"},"query-input":{"@type":"PropertyValueSpecification","valueRequired":true,"valueName":"search_term_string"}}],"inLanguage":"pt-BR"},{"@type":"Organization","@id":"https:\/\/www.datacolor.com\/pt-br\/#organization","name":"Datacolor","url":"https:\/\/www.datacolor.com\/pt-br\/","logo":{"@type":"ImageObject","inLanguage":"pt-BR","@id":"https:\/\/www.datacolor.com\/pt-br\/#\/schema\/logo\/image\/","url":"https:\/\/www.datacolor.com\/wp-content\/uploads\/2021\/12\/logo-header.jpg","contentUrl":"https:\/\/www.datacolor.com\/wp-content\/uploads\/2021\/12\/logo-header.jpg","width":259,"height":45,"caption":"Datacolor"},"image":{"@id":"https:\/\/www.datacolor.com\/pt-br\/#\/schema\/logo\/image\/"},"sameAs":["https:\/\/facebook.com\/DatacolorCorporate","https:\/\/linkedin.com\/company\/datacolor","https:\/\/www.youtube.com\/user\/DatacolorIndustrial"]}]}},"_links":{"self":[{"href":"https:\/\/www.datacolor.com\/pt-br\/wp-json\/wp\/v2\/pages\/170073","targetHints":{"allow":["GET"]}}],"collection":[{"href":"https:\/\/www.datacolor.com\/pt-br\/wp-json\/wp\/v2\/pages"}],"about":[{"href":"https:\/\/www.datacolor.com\/pt-br\/wp-json\/wp\/v2\/types\/page"}],"author":[{"embeddable":true,"href":"https:\/\/www.datacolor.com\/pt-br\/wp-json\/wp\/v2\/users\/22"}],"replies":[{"embeddable":true,"href":"https:\/\/www.datacolor.com\/pt-br\/wp-json\/wp\/v2\/comments?post=170073"}],"version-history":[{"count":4,"href":"https:\/\/www.datacolor.com\/pt-br\/wp-json\/wp\/v2\/pages\/170073\/revisions"}],"predecessor-version":[{"id":185671,"href":"https:\/\/www.datacolor.com\/pt-br\/wp-json\/wp\/v2\/pages\/170073\/revisions\/185671"}],"up":[{"embeddable":true,"href":"https:\/\/www.datacolor.com\/pt-br\/wp-json\/wp\/v2\/pages\/161031"}],"wp:attachment":[{"href":"https:\/\/www.datacolor.com\/pt-br\/wp-json\/wp\/v2\/media?parent=170073"}],"curies":[{"name":"wp","href":"https:\/\/api.w.org\/{rel}","templated":true}]}}