{"id":170164,"date":"2023-08-24T13:25:33","date_gmt":"2023-08-24T17:25:33","guid":{"rendered":"https:\/\/dev.new.datacolor.eu\/?page_id=170164"},"modified":"2025-11-12T07:15:09","modified_gmt":"2025-11-12T12:15:09","slug":"colibri-supported-software","status":"publish","type":"page","link":"https:\/\/www.datacolor.com\/pt-br\/business-solutions\/apoio-ao-cliente\/colibri-supported-software\/","title":{"rendered":"Vers\u00f5es de software compat\u00edveis com o Colibri"},"content":{"rendered":"<div class=\"wp-core-gutenblock gutenblock freeform bg-color-white\">\n            <div class=\"container-fluid\">\n                <div class=\"row\">\n                    <div class=\"column\"><h5>O que \u00e9 que &#8220;Apoiado&#8221; significa para si:<\/h5>\n<p>Uma vers\u00e3o de software que \u00e9 lan\u00e7ada e ser\u00e1 mantida durante um determinado per\u00edodo. O per\u00edodo ser\u00e1 definido por &#8220;Fim do apoio&#8221;.<br \/>As vers\u00f5es suportadas incluir\u00e3o correc\u00e7\u00f5es de erros e altera\u00e7\u00f5es de software de emerg\u00eancia.<\/p>\n<h5>O que significa &#8220;Chaves de licen\u00e7a substitu\u00eddas&#8221;:<\/h5>\n<p>A \u00faltima data em que pode solicitar uma chave de substitui\u00e7\u00e3o de software. Ap\u00f3s essa data, n\u00e3o ser\u00e3o mais emitidas novas chaves de licen\u00e7a para essa vers\u00e3o.<\/p>\n<p>As chaves de licen\u00e7a ser\u00e3o fornecidas gratuitamente aos clientes com um contrato v\u00e1lido de Suporte de Manuten\u00e7\u00e3o de Software. Para clientes sem um contrato v\u00e1lido de Suporte de Manuten\u00e7\u00e3o de Software, as chaves de licen\u00e7a ser\u00e3o cobradas. <\/p>\n<table class=\"table table-bordered\" style=\"height: 1427px; width: 101.207%;\">\n<thead>\n<tr style=\"height: 71px;\">\n<th style=\"height: 26px;\" scope=\"col\">Vers\u00e3o<\/th>\n<th style=\"height: 26px;\" scope=\"col\">Data de lan\u00e7amento<\/th>\n<th style=\"height: 26px;\" scope=\"col\">Fim do suporte<\/th>\n<th style=\"height: 26px;\" scope=\"col\">Chaves de licen\u00e7a substitu\u00eddas<\/th>\n<\/tr>\n<\/thead>\n<tbody>\n<tr style=\"height: 26px;\">\n<td style=\"height: 26px;\">25.2<\/td>\n<td style=\"height: 26px;\">31.10.2025<\/td>\n<td style=\"height: 26px;\">31.10.2026<\/td>\n<td style=\"height: 26px;\">31.10.2030<\/td>\n<\/tr>\n<tr style=\"height: 26px;\">\n<td style=\"height: 26px;\">25.1<\/td>\n<td style=\"height: 26px;\">13.05.2025<\/td>\n<td style=\"height: 26px;\">13.05.2026<\/td>\n<td style=\"height: 26px;\">13.05.2030<\/td>\n<\/tr>\n<tr style=\"height: 26px;\">\n<td style=\"height: 26px;\">24.3<\/td>\n<td style=\"height: 26px;\">09.01.2025<\/td>\n<td style=\"height: 26px;\">09.01.2026<\/td>\n<td style=\"height: 26px;\">09.01.2030<\/td>\n<\/tr>\n<tr style=\"height: 26px;\">\n<td style=\"height: 26px;\">24.2<\/td>\n<td style=\"height: 26px;\">23.08.2024<\/td>\n<td style=\"height: 26px;\">23.08.2025<\/td>\n<td style=\"height: 26px;\">23.08.2029<\/td>\n<\/tr>\n<tr style=\"height: 26px;\">\n<td style=\"height: 26px;\">24.1<\/td>\n<td style=\"height: 26px;\">08.05.2024<\/td>\n<td style=\"height: 26px;\">08.05.2025<\/td>\n<td style=\"height: 26px;\">08.05.2029<\/td>\n<\/tr>\n<tr style=\"height: 26px;\">\n<td style=\"height: 26px;\">23.3<\/td>\n<td style=\"height: 26px;\">14.02.2024<\/td>\n<td style=\"height: 26px;\">14.02.2025<\/td>\n<td style=\"height: 26px;\">14.02.2029<\/td>\n<\/tr>\n<tr style=\"height: 26px;\">\n<td style=\"height: 26px;\">23.2<\/td>\n<td style=\"height: 26px;\">24.11.2023<\/td>\n<td style=\"height: 26px;\">24.11.2024<\/td>\n<td style=\"height: 26px;\">24.11.2028<\/td>\n<\/tr>\n<tr style=\"height: 26px;\">\n<td style=\"height: 26px;\">23.1<\/td>\n<td style=\"height: 26px;\">27.07.2023<\/td>\n<td style=\"height: 26px;\">27.07.2024<\/td>\n<td style=\"height: 26px;\">27.07.2027<\/td>\n<\/tr>\n<tr style=\"height: 26px;\">\n<td style=\"height: 26px;\">22.3<\/td>\n<td style=\"height: 26px;\">30.01.2023<\/td>\n<td style=\"height: 26px;\">30.01.2024<\/td>\n<td style=\"height: 26px;\">30.01.2027<\/td>\n<\/tr>\n<tr style=\"height: 26px;\">\n<td style=\"height: 26px;\">22.2<\/td>\n<td style=\"height: 26px;\">25.07.2022<\/td>\n<td style=\"height: 26px;\">25.07.2023<\/td>\n<td style=\"height: 26px;\">25.07.2026<\/td>\n<\/tr>\n<tr style=\"height: 26px;\">\n<td style=\"height: 26px;\">22.1<\/td>\n<td style=\"height: 26px;\">12.04.2022<\/td>\n<td style=\"height: 26px;\">12.04.2023<\/td>\n<td style=\"height: 26px;\">12.04.2026<\/td>\n<\/tr>\n<tr style=\"height: 26px;\">\n<td style=\"height: 26px;\">21.4<\/td>\n<td style=\"height: 26px;\">09.12.2021<\/td>\n<td style=\"height: 26px;\">09.12.2022<\/td>\n<td style=\"height: 26px;\">09.12.2025<\/td>\n<\/tr>\n<tr style=\"height: 26px;\">\n<td style=\"height: 26px;\">21.3<\/td>\n<td style=\"height: 26px;\">05.10.2021<\/td>\n<td style=\"height: 26px;\">31.03.2023<\/td>\n<td style=\"height: 26px;\">31.03.2026<\/td>\n<\/tr>\n<tr style=\"height: 26px;\">\n<td style=\"height: 26px;\">21.2<\/td>\n<td style=\"height: 26px;\">02.07.2021<\/td>\n<td style=\"height: 26px;\">02.07.2022<\/td>\n<td style=\"height: 26px;\">02.07.2025<\/td>\n<\/tr>\n<tr style=\"height: 26px;\">\n<td style=\"height: 26px;\">21.1<\/td>\n<td style=\"height: 26px;\">01.04.2021<\/td>\n<td style=\"height: 26px;\">01.04.2022<\/td>\n<td style=\"height: 26px;\">01.04.2025<\/td>\n<\/tr>\n<tr style=\"height: 26px;\">\n<td style=\"height: 26px;\">20.2<\/td>\n<td style=\"height: 26px;\">10.08.2020<\/td>\n<td style=\"height: 26px;\">31.03.2023<\/td>\n<td style=\"height: 26px;\">31.03.2026<\/td>\n<\/tr>\n<tr style=\"height: 26px;\">\n<td style=\"height: 26px;\">20.1<\/td>\n<td style=\"height: 26px;\">08.06.2020<\/td>\n<td style=\"height: 26px;\">08.06.2021<\/td>\n<td style=\"height: 26px;\">08.06.2025<\/td>\n<\/tr>\n<tr style=\"height: 26px;\">\n<td style=\"height: 26px;\">19.4<\/td>\n<td style=\"height: 26px;\">23.01.2020<\/td>\n<td style=\"height: 26px;\">23.01.2021<\/td>\n<td style=\"height: 26px;\">23.01.2025<\/td>\n<\/tr>\n<tr style=\"height: 26px;\">\n<td style=\"height: 26px;\">19.3<\/td>\n<td style=\"height: 26px;\">01.10.2019<\/td>\n<td style=\"height: 26px;\">01.10.2020<\/td>\n<td style=\"height: 26px;\">01.10.2024<\/td>\n<\/tr>\n<tr style=\"height: 26px;\">\n<td style=\"height: 26px;\">19.2<\/td>\n<td style=\"height: 26px;\">21.08.2019<\/td>\n<td style=\"height: 26px;\">21.08.2020<\/td>\n<td style=\"height: 26px;\">21.08.2024<\/td>\n<\/tr>\n<tr style=\"height: 26px;\">\n<td style=\"height: 26px;\">19.1<\/td>\n<td style=\"height: 26px;\">05.06.2019<\/td>\n<td style=\"height: 26px;\">01.10.2019<\/td>\n<td style=\"height: 26px;\">21.08.2023<\/td>\n<\/tr>\n<tr style=\"height: 26px;\">\n<td style=\"height: 26px;\">18.3<\/td>\n<td style=\"height: 26px;\">01.02.2019<\/td>\n<td style=\"height: 26px;\">05.06.2019<\/td>\n<td style=\"height: 26px;\">21.08.2023<\/td>\n<\/tr>\n<tr style=\"height: 26px;\">\n<td style=\"height: 26px;\">3.8.16<\/td>\n<td style=\"height: 26px;\">10.08.2018<\/td>\n<td style=\"height: 26px;\">16.08.2018<\/td>\n<td style=\"height: 26px;\">21.08.2022<\/td>\n<\/tr>\n<tr style=\"height: 26px;\">\n<td style=\"height: 26px;\">3.8.14<\/td>\n<td style=\"height: 26px;\">11.06.2017<\/td>\n<td style=\"height: 26px;\">10.08.2018<\/td>\n<td style=\"height: 26px;\">21.08.2022<\/td>\n<\/tr>\n<tr style=\"height: 26px;\">\n<td style=\"height: 26px;\">3.8.12<\/td>\n<td style=\"height: 26px;\">14.12.2016<\/td>\n<td style=\"height: 26px;\">31.05.2024<\/td>\n<td style=\"height: 26px;\">31.05.2028<\/td>\n<\/tr>\n<tr style=\"height: 26px;\">\n<td style=\"height: 26px;\">3.8.10<\/td>\n<td style=\"height: 26px;\">08.03.2016<\/td>\n<td style=\"height: 26px;\">14.12.2016<\/td>\n<td style=\"height: 26px;\">31.12.2022<\/td>\n<\/tr>\n<tr style=\"height: 26px;\">\n<td style=\"height: 26px;\">3.8.8<\/td>\n<td style=\"height: 26px;\">02.06.2015<\/td>\n<td style=\"height: 26px;\">08.06.2016<\/td>\n<td style=\"height: 26px;\">31.12.2022<\/td>\n<\/tr>\n<tr style=\"height: 26px;\">\n<td style=\"height: 26px;\">3.8.6<\/td>\n<td style=\"height: 26px;\">14.07.2014<\/td>\n<td style=\"height: 26px;\">14.07.2018<\/td>\n<td style=\"height: 26px;\">31.12.2022<\/td>\n<\/tr>\n<tr style=\"height: 26px;\">\n<td style=\"height: 26px;\">3.8.4<\/td>\n<td style=\"height: 26px;\">19.12.2013<\/td>\n<td style=\"height: 26px;\">19.12.2016<\/td>\n<td style=\"height: 26px;\">31.12.2021<\/td>\n<\/tr>\n<\/tbody>\n<\/table><\/div>\n                <\/div>\n            <\/div>\n        <\/div><section id=\"gutenblock-block_c728a35c621e43b0ce9792c13374ff8d\" class=\"gutenblock gutenblock--oms-resource-feed feed--feed bg-color-white u-dots-bg\">\n        <div class=\"gutenblock-inner\">\n            <div class=\"container-fluid\">\n\n                    <div class=\"gutenblock-header \">\n        <div class=\"row header_row justify-content-center\">\n            <div class=\"header_column\">\n                <h2>As ideias come\u00e7am aqui<\/h2>\n<p>Explore os \u00faltimos artigos, eventos, e not\u00edcias da Datacolor.<\/p>\n<p><a class=\"cta-link\" href=\"https:\/\/www.datacolor.com\/zh-hans\/business-solutions\/learning-center\/\">Visite o Centro de Aprendizagem<\/a><\/p>\n            <\/div>\n        <\/div>\n    <\/div>\n\n                <div class=\"l-archive-results__row row justify-content-center justify-content-md-start\">\n                    <div class=\"l-archive-results__col col-12 col-sm-10 col-md-6 col-lg-4 col-xl-3\">\n<a href=\"https:\/\/www.datacolor.com\/pt-br\/business-solutions\/blog\/datacolor-spectro-1000-vs-competitor-benchtop-spectrophotometers\/\" id=\"post-186641\" class=\"teaser teaser--blog teaser--vertical post-186641 post type-post status-publish format-standard has-post-thumbnail hentry category-escolhendo-a-solucao-certa\">\n    <div class=\"teaser__main\">\n\n        <img decoding=\"async\" width=\"368\" height=\"476\" src=\"https:\/\/www.datacolor.com\/wp-content\/uploads\/2023\/12\/Spectro-1000-368x476.jpg\" class=\"attachment-cpt-feed size-cpt-feed\" alt=\"\" \/>\n        <div class=\"teaser__overlay\">\n\n            \n            <h2 class=\"teaser__title\">Datacolor Spectro 1000 vs. Espectrofot\u00f4metros de bancada da concorr\u00eancia<\/h2>\n\n            <p class=\"post-meta post-meta--teaser\"><i class=\"fas fa-list-ul\"><\/i> Escolhendo a solu\u00e7\u00e3o certa<\/p>\n        <\/div>\n\n        \n    <\/div>\n\n    <\/a>\n\n<button type=\"button\" onclick=\"window.open('\/wp-admin\/post.php?post=186641&#038;action=edit')\" class=\"edit-link\" aria-hidden=\"true\">Edit Post<\/button><\/div><div class=\"l-archive-results__col col-12 col-sm-10 col-md-6 col-lg-4 col-xl-3\">\n<a href=\"https:\/\/www.datacolor.com\/pt-br\/business-solutions\/blog\/espectrofotometro-portatil-versus-de-bancada\/\" id=\"post-186672\" class=\"teaser teaser--blog teaser--vertical post-186672 post type-post status-publish format-standard has-post-thumbnail hentry category-escolhendo-a-solucao-certa\">\n    <div class=\"teaser__main\">\n\n        <img decoding=\"async\" width=\"368\" height=\"476\" src=\"https:\/\/www.datacolor.com\/wp-content\/uploads\/2026\/03\/Benchtop-vs-portable-368x476.jpg\" class=\"attachment-cpt-feed size-cpt-feed\" alt=\"\" \/>\n        <div class=\"teaser__overlay\">\n\n            \n            <h2 class=\"teaser__title\">Espectrofot\u00f4metro port\u00e1til vs. de bancada: Qual \u00e9 o mais adequado para suas necessidades de gerenciamento de cores?<\/h2>\n\n            <p class=\"post-meta post-meta--teaser\"><i class=\"fas fa-list-ul\"><\/i> Escolhendo a solu\u00e7\u00e3o certa<\/p>\n        <\/div>\n\n        \n    <\/div>\n\n    <\/a>\n\n<button type=\"button\" onclick=\"window.open('\/wp-admin\/post.php?post=186672&#038;action=edit')\" class=\"edit-link\" aria-hidden=\"true\">Edit Post<\/button><\/div><div class=\"l-archive-results__col col-12 col-sm-10 col-md-6 col-lg-4 col-xl-3\">\n<a href=\"https:\/\/www.datacolor.com\/pt-br\/business-solutions\/blog\/mastering-color-management-in-plastics-manufacturing\/\" id=\"post-185075\" class=\"teaser teaser--blog teaser--vertical post-185075 post type-post status-publish format-standard has-post-thumbnail hentry category-formulacao-de-cor-e-controlo-de-qualidade tag-correspondencia-de-cores-para-plasticos tag-datacolor-para-plasticos tag-gestao-de-cores\">\n    <div class=\"teaser__main\">\n\n        <img decoding=\"async\" width=\"368\" height=\"476\" src=\"https:\/\/www.datacolor.com\/wp-content\/uploads\/2025\/11\/industry-guide-lp-banner-1536x1191-1-368x476.jpg\" class=\"attachment-cpt-feed size-cpt-feed\" alt=\"Gerenciamento de cores de pl\u00e1stico\" \/>\n        <div class=\"teaser__overlay\">\n\n            \n            <h2 class=\"teaser__title\">Dominando o gerenciamento de cores na fabrica\u00e7\u00e3o de pl\u00e1sticos<\/h2>\n\n            <p class=\"post-meta post-meta--teaser\"><i class=\"fas fa-list-ul\"><\/i> Formula\u00e7\u00e3o de cor e controlo de qualidade<\/p>\n        <\/div>\n\n        \n    <\/div>\n\n    <\/a>\n\n<button type=\"button\" onclick=\"window.open('\/wp-admin\/post.php?post=185075&#038;action=edit')\" class=\"edit-link\" aria-hidden=\"true\">Edit Post<\/button><\/div><div class=\"l-archive-results__col col-12 col-sm-10 col-md-6 col-lg-4 col-xl-3\">\n<a href=\"https:\/\/www.datacolor.com\/pt-br\/business-solutions\/blog\/qual-cor-escolher-como-fundo-na-sua-cabine-de-luz\/\" id=\"post-184869\" class=\"teaser teaser--blog teaser--vertical post-184869 post type-post status-publish format-standard has-post-thumbnail hentry category-escolhendo-a-solucao-certa\">\n    <div class=\"teaser__main\">\n\n        <img decoding=\"async\" width=\"368\" height=\"476\" src=\"https:\/\/www.datacolor.com\/wp-content\/uploads\/2025\/04\/ps-side-368x476.png\" class=\"attachment-cpt-feed size-cpt-feed\" alt=\"\" \/>\n        <div class=\"teaser__overlay\">\n\n            \n            <h2 class=\"teaser__title\">Qual cor escolher como fundo na sua cabine de luz?<\/h2>\n\n            <p class=\"post-meta post-meta--teaser\"><i class=\"fas fa-list-ul\"><\/i> Escolhendo a solu\u00e7\u00e3o certa<\/p>\n        <\/div>\n\n        \n    <\/div>\n\n    <\/a>\n\n<button type=\"button\" onclick=\"window.open('\/wp-admin\/post.php?post=184869&#038;action=edit')\" class=\"edit-link\" aria-hidden=\"true\">Edit Post<\/button><\/div>                <\/div>\n            <\/div>\n        <\/div>\n    <\/section><section id=\"gutenblock-block_1b606453b0f480f22c294fec46ed21e6\" class=\"gutenblock gutenblock--oms-cta \">\n\n        <img decoding=\"async\" width=\"1600\" height=\"500\" src=\"https:\/\/www.datacolor.com\/wp-content\/uploads\/2022\/03\/team-bg-hero-1600x500-1-1600x500.jpg\" class=\"bg_image\" alt=\"\" srcset=\"https:\/\/www.datacolor.com\/wp-content\/uploads\/2022\/03\/team-bg-hero-1600x500-1.jpg 1600w, https:\/\/www.datacolor.com\/wp-content\/uploads\/2022\/03\/team-bg-hero-1600x500-1-300x94.jpg 300w, https:\/\/www.datacolor.com\/wp-content\/uploads\/2022\/03\/team-bg-hero-1600x500-1-1024x320.jpg 1024w, https:\/\/www.datacolor.com\/wp-content\/uploads\/2022\/03\/team-bg-hero-1600x500-1-768x240.jpg 768w, https:\/\/www.datacolor.com\/wp-content\/uploads\/2022\/03\/team-bg-hero-1600x500-1-1536x480.jpg 1536w, https:\/\/www.datacolor.com\/wp-content\/uploads\/2022\/03\/team-bg-hero-1600x500-1-600x188.jpg 600w, https:\/\/www.datacolor.com\/wp-content\/uploads\/2022\/03\/team-bg-hero-1600x500-1-992x310.jpg 992w, https:\/\/www.datacolor.com\/wp-content\/uploads\/2022\/03\/team-bg-hero-1600x500-1-1200x375.jpg 1200w, https:\/\/www.datacolor.com\/wp-content\/uploads\/2022\/03\/team-bg-hero-1600x500-1-1000x313.jpg 1000w, https:\/\/www.datacolor.com\/wp-content\/uploads\/2022\/03\/team-bg-hero-1600x500-1-350x109.jpg 350w, https:\/\/www.datacolor.com\/wp-content\/uploads\/2022\/03\/team-bg-hero-1600x500-1-735x230.jpg 735w, https:\/\/www.datacolor.com\/wp-content\/uploads\/2022\/03\/team-bg-hero-1600x500-1-700x219.jpg 700w, https:\/\/www.datacolor.com\/wp-content\/uploads\/2022\/03\/team-bg-hero-1600x500-1-100x31.jpg 100w\" sizes=\"(max-width: 1600px) 100vw, 1600px\" \/>\n        <div class=\"gutenblock-inner\">\n\n            <div class=\"container-fluid l-cta__container\">\n\n                <div class=\"row l-cta__row l-cta__row--left\">\n\n                    <div class=\"col-12 col-lg-6 l-cta__col\">\n                        <div class=\"cta__content text-white\">\n\n\t\t\t    <h3>Presen\u00e7a global, apoio local<\/h3>\n<p>Os seus desafios de cor s\u00e3o importantes. Fale hoje com um especialista em cores para ver se podemos ajudar.<\/p>\n\n                                                            <div class=\"cta_links_container mt-4\">\n                                    <a href=\"https:\/\/www.datacolor.com\/pt-br\/business-solutions\/pedir-mais-informacoes\/\" target=\"\" class=\"cta_link btn-secondary\">Vamos falar de cor<\/a>                                <\/div>\n                            \n                        <\/div>\n                    <\/div>\n                <\/div>\n            <\/div>\n        <\/div>\n    <\/section>","protected":false},"excerpt":{"rendered":"","protected":false},"author":25,"featured_media":0,"parent":160276,"menu_order":0,"comment_status":"closed","ping_status":"closed","template":"","meta":{"_acf_changed":false,"_relevanssi_hide_post":"","_relevanssi_hide_content":"","_relevanssi_pin_for_all":"","_relevanssi_pin_keywords":"","_relevanssi_unpin_keywords":"","_relevanssi_related_keywords":"","_relevanssi_related_include_ids":"","_relevanssi_related_exclude_ids":"","_relevanssi_related_no_append":"","_relevanssi_related_not_related":"","_relevanssi_related_posts":"160708,160710,160613,160683,160484,160778","_relevanssi_noindex_reason":"","footnotes":""},"class_list":["post-170164","page","type-page","status-publish","hentry"],"acf":[],"yoast_head":"<!-- This site is optimized with the Yoast SEO plugin v26.6 - https:\/\/yoast.com\/wordpress\/plugins\/seo\/ -->\n<title>Vers\u00f5es de software compat\u00edveis com o Colibri | Datacolor<\/title>\n<meta name=\"description\" content=\"Descubra quais vers\u00f5es do software Colibri s\u00e3o compat\u00edveis.\" \/>\n<meta name=\"robots\" content=\"index, follow, max-snippet:-1, max-image-preview:large, max-video-preview:-1\" \/>\n<link rel=\"canonical\" href=\"https:\/\/www.datacolor.com\/pt-br\/business-solutions\/apoio-ao-cliente\/colibri-supported-software\/\" \/>\n<meta property=\"og:locale\" content=\"pt_BR\" \/>\n<meta property=\"og:type\" content=\"article\" \/>\n<meta property=\"og:title\" content=\"Vers\u00f5es de software compat\u00edveis com o Colibri | Datacolor\" \/>\n<meta property=\"og:description\" content=\"Descubra quais vers\u00f5es do software Colibri s\u00e3o compat\u00edveis.\" \/>\n<meta property=\"og:url\" content=\"https:\/\/www.datacolor.com\/pt-br\/business-solutions\/apoio-ao-cliente\/colibri-supported-software\/\" \/>\n<meta property=\"og:site_name\" content=\"Datacolor\" \/>\n<meta property=\"article:publisher\" content=\"https:\/\/facebook.com\/DatacolorCorporate\" \/>\n<meta property=\"article:modified_time\" content=\"2025-11-12T12:15:09+00:00\" \/>\n<meta property=\"og:image\" content=\"https:\/\/www.datacolor.com\/wp-content\/uploads\/2022\/01\/collage-careers-800x700-1.jpg\" \/>\n\t<meta property=\"og:image:width\" content=\"800\" \/>\n\t<meta property=\"og:image:height\" content=\"700\" \/>\n\t<meta property=\"og:image:type\" content=\"image\/jpeg\" \/>\n<meta name=\"twitter:card\" content=\"summary_large_image\" \/>\n<meta name=\"twitter:label1\" content=\"Est. tempo de leitura\" \/>\n\t<meta name=\"twitter:data1\" content=\"1 minute\" \/>\n<!-- \/ Yoast SEO plugin. -->","yoast_head_json":{"title":"Vers\u00f5es de software compat\u00edveis com o Colibri | Datacolor","description":"Descubra quais vers\u00f5es do software Colibri s\u00e3o compat\u00edveis.","robots":{"index":"index","follow":"follow","max-snippet":"max-snippet:-1","max-image-preview":"max-image-preview:large","max-video-preview":"max-video-preview:-1"},"canonical":"https:\/\/www.datacolor.com\/pt-br\/business-solutions\/apoio-ao-cliente\/colibri-supported-software\/","og_locale":"pt_BR","og_type":"article","og_title":"Vers\u00f5es de software compat\u00edveis com o Colibri | Datacolor","og_description":"Descubra quais vers\u00f5es do software Colibri s\u00e3o compat\u00edveis.","og_url":"https:\/\/www.datacolor.com\/pt-br\/business-solutions\/apoio-ao-cliente\/colibri-supported-software\/","og_site_name":"Datacolor","article_publisher":"https:\/\/facebook.com\/DatacolorCorporate","article_modified_time":"2025-11-12T12:15:09+00:00","og_image":[{"width":800,"height":700,"url":"https:\/\/www.datacolor.com\/wp-content\/uploads\/2022\/01\/collage-careers-800x700-1.jpg","type":"image\/jpeg"}],"twitter_card":"summary_large_image","twitter_misc":{"Est. tempo de leitura":"1 minute"},"schema":{"@context":"https:\/\/schema.org","@graph":[{"@type":"WebPage","@id":"https:\/\/www.datacolor.com\/pt-br\/business-solutions\/apoio-ao-cliente\/colibri-supported-software\/","url":"https:\/\/www.datacolor.com\/pt-br\/business-solutions\/apoio-ao-cliente\/colibri-supported-software\/","name":"Vers\u00f5es de software compat\u00edveis com o Colibri | Datacolor","isPartOf":{"@id":"https:\/\/www.datacolor.com\/pt-br\/#website"},"datePublished":"2023-08-24T17:25:33+00:00","dateModified":"2025-11-12T12:15:09+00:00","description":"Descubra quais vers\u00f5es do software Colibri s\u00e3o compat\u00edveis.","breadcrumb":{"@id":"https:\/\/www.datacolor.com\/pt-br\/business-solutions\/apoio-ao-cliente\/colibri-supported-software\/#breadcrumb"},"inLanguage":"pt-BR","potentialAction":[{"@type":"ReadAction","target":["https:\/\/www.datacolor.com\/pt-br\/business-solutions\/apoio-ao-cliente\/colibri-supported-software\/"]}]},{"@type":"BreadcrumbList","@id":"https:\/\/www.datacolor.com\/pt-br\/business-solutions\/apoio-ao-cliente\/colibri-supported-software\/#breadcrumb","itemListElement":[{"@type":"ListItem","position":1,"name":"Solu\u00e7\u00f5es Empresariais","item":"https:\/\/www.datacolor.com\/pt-br\/business-solutions\/"},{"@type":"ListItem","position":2,"name":"Apoio ao Cliente"}]},{"@type":"WebSite","@id":"https:\/\/www.datacolor.com\/pt-br\/#website","url":"https:\/\/www.datacolor.com\/pt-br\/","name":"Datacolor","description":"Color Management Solutions","publisher":{"@id":"https:\/\/www.datacolor.com\/pt-br\/#organization"},"potentialAction":[{"@type":"SearchAction","target":{"@type":"EntryPoint","urlTemplate":"https:\/\/www.datacolor.com\/pt-br\/?s={search_term_string}"},"query-input":{"@type":"PropertyValueSpecification","valueRequired":true,"valueName":"search_term_string"}}],"inLanguage":"pt-BR"},{"@type":"Organization","@id":"https:\/\/www.datacolor.com\/pt-br\/#organization","name":"Datacolor","url":"https:\/\/www.datacolor.com\/pt-br\/","logo":{"@type":"ImageObject","inLanguage":"pt-BR","@id":"https:\/\/www.datacolor.com\/pt-br\/#\/schema\/logo\/image\/","url":"https:\/\/www.datacolor.com\/wp-content\/uploads\/2021\/12\/logo-header.jpg","contentUrl":"https:\/\/www.datacolor.com\/wp-content\/uploads\/2021\/12\/logo-header.jpg","width":259,"height":45,"caption":"Datacolor"},"image":{"@id":"https:\/\/www.datacolor.com\/pt-br\/#\/schema\/logo\/image\/"},"sameAs":["https:\/\/facebook.com\/DatacolorCorporate","https:\/\/linkedin.com\/company\/datacolor","https:\/\/www.youtube.com\/user\/DatacolorIndustrial"]}]}},"_links":{"self":[{"href":"https:\/\/www.datacolor.com\/pt-br\/wp-json\/wp\/v2\/pages\/170164","targetHints":{"allow":["GET"]}}],"collection":[{"href":"https:\/\/www.datacolor.com\/pt-br\/wp-json\/wp\/v2\/pages"}],"about":[{"href":"https:\/\/www.datacolor.com\/pt-br\/wp-json\/wp\/v2\/types\/page"}],"author":[{"embeddable":true,"href":"https:\/\/www.datacolor.com\/pt-br\/wp-json\/wp\/v2\/users\/25"}],"replies":[{"embeddable":true,"href":"https:\/\/www.datacolor.com\/pt-br\/wp-json\/wp\/v2\/comments?post=170164"}],"version-history":[{"count":5,"href":"https:\/\/www.datacolor.com\/pt-br\/wp-json\/wp\/v2\/pages\/170164\/revisions"}],"predecessor-version":[{"id":184762,"href":"https:\/\/www.datacolor.com\/pt-br\/wp-json\/wp\/v2\/pages\/170164\/revisions\/184762"}],"up":[{"embeddable":true,"href":"https:\/\/www.datacolor.com\/pt-br\/wp-json\/wp\/v2\/pages\/160276"}],"wp:attachment":[{"href":"https:\/\/www.datacolor.com\/pt-br\/wp-json\/wp\/v2\/media?parent=170164"}],"curies":[{"name":"wp","href":"https:\/\/api.w.org\/{rel}","templated":true}]}}