{"id":172449,"date":"2023-11-29T04:17:52","date_gmt":"2023-11-29T09:17:52","guid":{"rendered":"https:\/\/dev.new.datacolor.eu\/relatorios-de-sustentabilidade\/"},"modified":"2026-01-30T11:43:42","modified_gmt":"2026-01-30T16:43:42","slug":"sustainability-reports","status":"publish","type":"page","link":"https:\/\/www.datacolor.com\/pt-br\/sustainability-reports\/","title":{"rendered":"Relat\u00f3rios de sustentabilidade"},"content":{"rendered":"<div class=\"wp-core-gutenblock gutenblock bg-color-white core_table\">\n            <div class=\"container-fluid\">\n                <div class=\"row\">\n                    <div class=\"column\"><figure class=\"wp-block-table\"><table><tbody><tr><td>2024-2025 Sustainability Reports<\/td><td><a href=\"https:\/\/www.datacolor.com\/wp-content\/uploads\/2026\/01\/Datacolor-Sustainability-Report-2024-25.pdf\">Descarregar<\/a><\/td><\/tr><tr><td>Relat\u00f3rios de sustentabilidade 2023-2024<\/td><td><a href=\"https:\/\/www.datacolor.com\/wp-content\/uploads\/2025\/02\/Datacolor_Sustainability-Report-2023-24-10022025.pdf\">Descarregar<\/a><\/td><\/tr><tr><td>Relat\u00f3rios de sustentabilidade 2022-2023<\/td><td><a href=\"https:\/\/www.datacolor.com\/wp-content\/uploads\/2023\/11\/Datacolor_Sustainability_Report-2022-23-20231120.pdf\">Descarregar<\/a><\/td><\/tr><tr><td>Relat\u00f3rios de sustentabilidade 2021-2022<\/td><td><a href=\"https:\/\/www.datacolor.com\/wp-content\/uploads\/2022\/11\/Datacolor_Sustainability-Report-2022-final.pdf\">Descarregar<\/a><\/td><\/tr><\/tbody><\/table><\/figure><\/div>\n                <\/div>\n            <\/div>\n        <\/div>","protected":false},"excerpt":{"rendered":"<p>2024-2025 Sustainability ReportsDescarregarRelat\u00f3rios de sustentabilidade 2023-2024DescarregarRelat\u00f3rios de sustentabilidade 2022-2023DescarregarRelat\u00f3rios de sustentabilidade 2021-2022Descarregar<\/p>\n","protected":false},"author":17,"featured_media":0,"parent":0,"menu_order":0,"comment_status":"closed","ping_status":"closed","template":"","meta":{"_acf_changed":false,"_relevanssi_hide_post":"","_relevanssi_hide_content":"","_relevanssi_pin_for_all":"","_relevanssi_pin_keywords":"","_relevanssi_unpin_keywords":"","_relevanssi_related_keywords":"","_relevanssi_related_include_ids":"","_relevanssi_related_exclude_ids":"","_relevanssi_related_no_append":"","_relevanssi_related_not_related":"","_relevanssi_related_posts":"","_relevanssi_noindex_reason":"","footnotes":""},"class_list":["post-172449","page","type-page","status-publish","hentry"],"acf":[],"yoast_head":"<!-- This site is optimized with the Yoast SEO plugin v26.6 - https:\/\/yoast.com\/wordpress\/plugins\/seo\/ -->\n<title>Relat\u00f3rios de sustentabilidade | Datacolor<\/title>\n<meta name=\"robots\" content=\"index, follow, max-snippet:-1, max-image-preview:large, max-video-preview:-1\" \/>\n<link rel=\"canonical\" href=\"https:\/\/www.datacolor.com\/pt-br\/sustainability-reports\/\" \/>\n<meta property=\"og:locale\" content=\"pt_BR\" \/>\n<meta property=\"og:type\" content=\"article\" \/>\n<meta property=\"og:title\" content=\"Relat\u00f3rios de sustentabilidade | Datacolor\" \/>\n<meta property=\"og:description\" content=\"2024-2025 Sustainability ReportsDescarregarRelat\u00f3rios de sustentabilidade 2023-2024DescarregarRelat\u00f3rios de sustentabilidade 2022-2023DescarregarRelat\u00f3rios de sustentabilidade 2021-2022Descarregar\" \/>\n<meta property=\"og:url\" content=\"https:\/\/www.datacolor.com\/pt-br\/sustainability-reports\/\" \/>\n<meta property=\"og:site_name\" content=\"Datacolor\" \/>\n<meta property=\"article:publisher\" content=\"https:\/\/facebook.com\/DatacolorCorporate\" \/>\n<meta property=\"article:modified_time\" content=\"2026-01-30T16:43:42+00:00\" \/>\n<meta property=\"og:image\" content=\"https:\/\/www.datacolor.com\/wp-content\/uploads\/2022\/01\/collage-careers-800x700-1.jpg\" \/>\n\t<meta property=\"og:image:width\" content=\"800\" \/>\n\t<meta property=\"og:image:height\" content=\"700\" \/>\n\t<meta property=\"og:image:type\" content=\"image\/jpeg\" \/>\n<meta name=\"twitter:card\" content=\"summary_large_image\" \/>\n<!-- \/ Yoast SEO plugin. -->","yoast_head_json":{"title":"Relat\u00f3rios de sustentabilidade | Datacolor","robots":{"index":"index","follow":"follow","max-snippet":"max-snippet:-1","max-image-preview":"max-image-preview:large","max-video-preview":"max-video-preview:-1"},"canonical":"https:\/\/www.datacolor.com\/pt-br\/sustainability-reports\/","og_locale":"pt_BR","og_type":"article","og_title":"Relat\u00f3rios de sustentabilidade | Datacolor","og_description":"2024-2025 Sustainability ReportsDescarregarRelat\u00f3rios de sustentabilidade 2023-2024DescarregarRelat\u00f3rios de sustentabilidade 2022-2023DescarregarRelat\u00f3rios de sustentabilidade 2021-2022Descarregar","og_url":"https:\/\/www.datacolor.com\/pt-br\/sustainability-reports\/","og_site_name":"Datacolor","article_publisher":"https:\/\/facebook.com\/DatacolorCorporate","article_modified_time":"2026-01-30T16:43:42+00:00","og_image":[{"width":800,"height":700,"url":"https:\/\/www.datacolor.com\/wp-content\/uploads\/2022\/01\/collage-careers-800x700-1.jpg","type":"image\/jpeg"}],"twitter_card":"summary_large_image","schema":{"@context":"https:\/\/schema.org","@graph":[{"@type":"WebPage","@id":"https:\/\/www.datacolor.com\/pt-br\/sustainability-reports\/","url":"https:\/\/www.datacolor.com\/pt-br\/sustainability-reports\/","name":"Relat\u00f3rios de sustentabilidade | Datacolor","isPartOf":{"@id":"https:\/\/www.datacolor.com\/pt-br\/#website"},"datePublished":"2023-11-29T09:17:52+00:00","dateModified":"2026-01-30T16:43:42+00:00","inLanguage":"pt-BR","potentialAction":[{"@type":"ReadAction","target":["https:\/\/www.datacolor.com\/pt-br\/sustainability-reports\/"]}]},{"@type":"WebSite","@id":"https:\/\/www.datacolor.com\/pt-br\/#website","url":"https:\/\/www.datacolor.com\/pt-br\/","name":"Datacolor","description":"Color Management Solutions","publisher":{"@id":"https:\/\/www.datacolor.com\/pt-br\/#organization"},"potentialAction":[{"@type":"SearchAction","target":{"@type":"EntryPoint","urlTemplate":"https:\/\/www.datacolor.com\/pt-br\/?s={search_term_string}"},"query-input":{"@type":"PropertyValueSpecification","valueRequired":true,"valueName":"search_term_string"}}],"inLanguage":"pt-BR"},{"@type":"Organization","@id":"https:\/\/www.datacolor.com\/pt-br\/#organization","name":"Datacolor","url":"https:\/\/www.datacolor.com\/pt-br\/","logo":{"@type":"ImageObject","inLanguage":"pt-BR","@id":"https:\/\/www.datacolor.com\/pt-br\/#\/schema\/logo\/image\/","url":"https:\/\/www.datacolor.com\/wp-content\/uploads\/2021\/12\/logo-header.jpg","contentUrl":"https:\/\/www.datacolor.com\/wp-content\/uploads\/2021\/12\/logo-header.jpg","width":259,"height":45,"caption":"Datacolor"},"image":{"@id":"https:\/\/www.datacolor.com\/pt-br\/#\/schema\/logo\/image\/"},"sameAs":["https:\/\/facebook.com\/DatacolorCorporate","https:\/\/linkedin.com\/company\/datacolor","https:\/\/www.youtube.com\/user\/DatacolorIndustrial"]}]}},"_links":{"self":[{"href":"https:\/\/www.datacolor.com\/pt-br\/wp-json\/wp\/v2\/pages\/172449","targetHints":{"allow":["GET"]}}],"collection":[{"href":"https:\/\/www.datacolor.com\/pt-br\/wp-json\/wp\/v2\/pages"}],"about":[{"href":"https:\/\/www.datacolor.com\/pt-br\/wp-json\/wp\/v2\/types\/page"}],"author":[{"embeddable":true,"href":"https:\/\/www.datacolor.com\/pt-br\/wp-json\/wp\/v2\/users\/17"}],"replies":[{"embeddable":true,"href":"https:\/\/www.datacolor.com\/pt-br\/wp-json\/wp\/v2\/comments?post=172449"}],"version-history":[{"count":5,"href":"https:\/\/www.datacolor.com\/pt-br\/wp-json\/wp\/v2\/pages\/172449\/revisions"}],"predecessor-version":[{"id":185726,"href":"https:\/\/www.datacolor.com\/pt-br\/wp-json\/wp\/v2\/pages\/172449\/revisions\/185726"}],"wp:attachment":[{"href":"https:\/\/www.datacolor.com\/pt-br\/wp-json\/wp\/v2\/media?parent=172449"}],"curies":[{"name":"wp","href":"https:\/\/api.w.org\/{rel}","templated":true}]}}