{"id":178507,"date":"2024-08-19T05:48:10","date_gmt":"2024-08-19T09:48:10","guid":{"rendered":"https:\/\/dev.new.datacolor.eu\/business-solutions\/apoio-ao-cliente\/versoes-de-software-compativeis\/"},"modified":"2025-08-13T10:12:14","modified_gmt":"2025-08-13T14:12:14","slug":"supported-software-versions","status":"publish","type":"page","link":"https:\/\/www.datacolor.com\/pt-br\/business-solutions\/apoio-ao-cliente\/supported-software-versions\/","title":{"rendered":"Vers\u00f5es de software suportadas"},"content":{"rendered":"<div class=\"wp-core-gutenblock gutenblock freeform bg-color-white\">\n            <div class=\"container-fluid\">\n                <div class=\"row\">\n                    <div class=\"column\"><h5>O que significa &#8220;suportado&#8221;?<\/h5>\n<p>Uma vers\u00e3o de software &#8220;suportada&#8221; \u00e9 aquela que \u00e9 mantida ativamente pela Datacolor desde seu lan\u00e7amento at\u00e9 a data especificada de &#8220;Fim do suporte&#8221;. Durante esse per\u00edodo, as vers\u00f5es com suporte recebem corre\u00e7\u00f5es de bugs e atualiza\u00e7\u00f5es cr\u00edticas para garantir o desempenho e a seguran\u00e7a ideais. <\/p>\n<p>Os clientes com um contrato v\u00e1lido de suporte de manuten\u00e7\u00e3o de software<a href=\"https:\/\/www.datacolor.com\/wp-content\/uploads\/2024\/05\/software-maintenance-support-EN-02052024.pdf\" target=\"_blank\" rel=\"noopener\">(saiba mais aqui<\/a>) ter\u00e3o acesso gratuito \u00e0s vers\u00f5es mais recentes. Os clientes sem um contrato v\u00e1lido podem acessar por meio de um caminho de upgrade pago. <\/p>\n<h5>Solicita\u00e7\u00f5es de chaves de licen\u00e7a<\/h5>\n<p>Essa \u00e9 a data final em que voc\u00ea pode solicitar uma chave de substitui\u00e7\u00e3o para o seu software. Ap\u00f3s essa data, n\u00e3o ser\u00e3o mais emitidas novas chaves de licen\u00e7a para essa vers\u00e3o.<\/p>\n<p>As chaves de licen\u00e7a ser\u00e3o fornecidas gratuitamente aos clientes com um contrato <a href=\"https:\/\/www.datacolor.com\/wp-content\/uploads\/2024\/05\/software-maintenance-support-EN-02052024.pdf\" target=\"_blank\" rel=\"noopener\">v\u00e1lido de Suporte de Manuten\u00e7\u00e3o de Software<\/a>. Para clientes sem um contrato v\u00e1lido de Suporte de Manuten\u00e7\u00e3o de Software, as chaves de licen\u00e7a ser\u00e3o cobradas. <\/p>\n<p>Para obter informa\u00e7\u00f5es sobre vers\u00f5es de software que n\u00e3o s\u00e3o mais suportadas, visite nossa p\u00e1gina <a href=\"https:\/\/www.datacolor.com\/pt-br\/business-solutions\/apoio-ao-cliente\/produtos-descontinuados\/\" target=\"_blank\" rel=\"noopener\">Produtos descontinuados<\/a>.<\/p>\n<p style=\"text-align: center;\"><a class=\"btn-primary btn-primary--no-arrow\" href=\"#ss_tools\" target=\"_blank\" rel=\"noopener\">Ferramentas<\/a> <a class=\"btn-primary btn-primary--no-arrow\" href=\"#ss_matchpigment\" target=\"_blank\" rel=\"noopener\">Match Pigment<\/a> <a class=\"btn-primary btn-primary--no-arrow\" href=\"#ss_matchtextile\" target=\"_blank\" rel=\"noopener\">Combina\u00e7\u00e3o de t\u00eaxteis<\/a> <a class=\"btn-primary btn-primary--no-arrow\" href=\"#ss_paint\" target=\"_blank\" rel=\"noopener\">Tinta<\/a><\/p>\n<h5 id=\"ss_tools\">Tools<\/h5>\n<table class=\"table table-bordered\" style=\"width: 100%;\">\n<thead>\n<tr>\n<th>Vers\u00e3o<\/th>\n<th>Data de lan\u00e7amento<\/th>\n<th>Data do fim do suporte<\/th>\n<th>Fim da substitui\u00e7\u00e3o da chave de licen\u00e7a<\/th>\n<\/tr>\n<\/thead>\n<tbody>\n<tr>\n<td>Ferramentas 25.1<\/td>\n<td>30 de maio de 2025<\/td>\n<td>30 de maio de 2026<\/td>\n<td>30 de maio de 2030<\/td>\n<\/tr>\n<tr>\n<td>Ferramentas 24.1<\/td>\n<td>30 de julho de 2024<\/td>\n<td>30 de julho de 2025<\/td>\n<td>30 de julho de 2029<\/td>\n<\/tr>\n<tr>\n<td>Ferramentas 2.x<\/td>\n<td>\n<\/td>\n<td>30 de julho de 2024<\/td>\n<td>30 de julho de 2026<\/td>\n<\/tr>\n<\/tbody>\n<\/table>\n<h5> <\/h5>\n<h5 id=\"ss_matchpigment\">Pigmento de correspond\u00eancia<\/h5>\n<table class=\"table table-bordered\" style=\"width: 100%;\">\n<thead>\n<tr>\n<th>Vers\u00e3o<\/th>\n<th>Data de lan\u00e7amento<\/th>\n<th>Data do fim do suporte<\/th>\n<th>Fim da substitui\u00e7\u00e3o da chave de licen\u00e7a<\/th>\n<\/tr>\n<\/thead>\n<tbody>\n<tr>\n<td>Match Pigment 25.1<\/td>\n<td>30 de maio de 2025<\/td>\n<td>30 de maio de 2026<\/td>\n<td>30 de maio de 2030<\/td>\n<\/tr>\n<tr>\n<td>Match Pigment 24.1<\/td>\n<td>30 de julho de 2024<\/td>\n<td>30 de julho de 2025<\/td>\n<td>30 de julho de 2029<\/td>\n<\/tr>\n<tr>\n<td>Corresponder ao Pigmento 4.x<\/td>\n<td>\n<\/td>\n<td>30 de julho de 2024<\/td>\n<td>30 de julho de 2026<\/td>\n<\/tr>\n<\/tbody>\n<\/table>\n<h5> <\/h5>\n<h5 id=\"ss_matchtextile\">Match Textile<\/h5>\n<table class=\"table table-bordered\" style=\"width: 100%;\">\n<thead>\n<tr>\n<th>Vers\u00e3o<\/th>\n<th>Data de lan\u00e7amento<\/th>\n<th>Data do fim do suporte<\/th>\n<th>Fim da substitui\u00e7\u00e3o da chave de licen\u00e7a<\/th>\n<\/tr>\n<\/thead>\n<tbody>\n<tr>\n<td>Match Textile 25.1<\/td>\n<td>8 de abril de 2025<\/td>\n<td>8 de abril de 2026<\/td>\n<td>8 de abril de 2030<\/td>\n<\/tr>\n<tr>\n<td>Match Textile 24.1<\/td>\n<td>30 de julho de 2024<\/td>\n<td>30 de julho de 2025<\/td>\n<td>30 de julho de 2029<\/td>\n<\/tr>\n<tr>\n<td>Match Textile 2.x<\/td>\n<td>\n<\/td>\n<td>30 de julho de 2024<\/td>\n<td>30 de julho de 2026<\/td>\n<\/tr>\n<\/tbody>\n<\/table>\n<h5 id=\"ss_matchtextile\">Tinta<\/h5>\n<table class=\"table table-bordered\" style=\"width: 100%;\">\n<thead>\n<tr>\n<th>Vers\u00e3o<\/th>\n<th>Data de lan\u00e7amento<\/th>\n<th>Data do fim do suporte<\/th>\n<th>Fim da substitui\u00e7\u00e3o da chave de licen\u00e7a<\/th>\n<\/tr>\n<\/thead>\n<tbody>\n<tr>\n<td>Pintura 25.2<\/td>\n<td>28 de julho de 2025<\/td>\n<td>28 de julho de 2026<\/td>\n<td>28 de julho de 2030<\/td>\n<\/tr>\n<tr>\n<td>Pintura 25.1<\/td>\n<td>30 de maio de 2025<\/td>\n<td>30 de maio de 2026<\/td>\n<td>30 de maio de 2030<\/td>\n<\/tr>\n<tr>\n<td>Paint 2.x<\/td>\n<td>\n<\/td>\n<td>30 de maio de 2025<\/td>\n<td> <\/td>\n<\/tr>\n<\/tbody>\n<\/table><\/div>\n                <\/div>\n            <\/div>\n        <\/div><section id=\"gutenblock-block_8a9fa78aa417511168419546e01056cd\" class=\"gutenblock gutenblock--oms-resource-feed feed--feed bg-color-white u-dots-bg\">\n        <div class=\"gutenblock-inner\">\n            <div class=\"container-fluid\">\n\n                    <div class=\"gutenblock-header \">\n        <div class=\"row header_row justify-content-center\">\n            <div class=\"header_column\">\n                <h2>As ideias come\u00e7am aqui<\/h2>\n<p>Explore os \u00faltimos artigos, eventos, e not\u00edcias da Datacolor.<\/p>\n<p><a class=\"cta-link\" href=\"https:\/\/www.datacolor.com\/zh-hans\/business-solutions\/learning-center\/\">Visite o Centro de Aprendizagem<\/a><\/p>\n            <\/div>\n        <\/div>\n    <\/div>\n\n                <div class=\"l-archive-results__row row justify-content-center justify-content-md-start\">\n                    <div class=\"l-archive-results__col col-12 col-sm-10 col-md-6 col-lg-4 col-xl-3\">\n<a href=\"https:\/\/www.datacolor.com\/pt-br\/business-solutions\/blog\/datacolor-spectro-1000-vs-competitor-benchtop-spectrophotometers\/\" id=\"post-186641\" class=\"teaser teaser--blog teaser--vertical post-186641 post type-post status-publish format-standard has-post-thumbnail hentry category-escolhendo-a-solucao-certa\">\n    <div class=\"teaser__main\">\n\n        <img decoding=\"async\" width=\"368\" height=\"476\" src=\"https:\/\/www.datacolor.com\/wp-content\/uploads\/2023\/12\/Spectro-1000-368x476.jpg\" class=\"attachment-cpt-feed size-cpt-feed\" alt=\"\" \/>\n        <div class=\"teaser__overlay\">\n\n            \n            <h2 class=\"teaser__title\">Datacolor Spectro 1000 vs. Espectrofot\u00f4metros de bancada da concorr\u00eancia<\/h2>\n\n            <p class=\"post-meta post-meta--teaser\"><i class=\"fas fa-list-ul\"><\/i> Escolhendo a solu\u00e7\u00e3o certa<\/p>\n        <\/div>\n\n        \n    <\/div>\n\n    <\/a>\n\n<button type=\"button\" onclick=\"window.open('\/wp-admin\/post.php?post=186641&#038;action=edit')\" class=\"edit-link\" aria-hidden=\"true\">Edit Post<\/button><\/div><div class=\"l-archive-results__col col-12 col-sm-10 col-md-6 col-lg-4 col-xl-3\">\n<a href=\"https:\/\/www.datacolor.com\/pt-br\/business-solutions\/blog\/espectrofotometro-portatil-versus-de-bancada\/\" id=\"post-186672\" class=\"teaser teaser--blog teaser--vertical post-186672 post type-post status-publish format-standard has-post-thumbnail hentry category-escolhendo-a-solucao-certa\">\n    <div class=\"teaser__main\">\n\n        <img decoding=\"async\" width=\"368\" height=\"476\" src=\"https:\/\/www.datacolor.com\/wp-content\/uploads\/2026\/03\/Benchtop-vs-portable-368x476.jpg\" class=\"attachment-cpt-feed size-cpt-feed\" alt=\"\" \/>\n        <div class=\"teaser__overlay\">\n\n            \n            <h2 class=\"teaser__title\">Espectrofot\u00f4metro port\u00e1til vs. de bancada: Qual \u00e9 o mais adequado para suas necessidades de gerenciamento de cores?<\/h2>\n\n            <p class=\"post-meta post-meta--teaser\"><i class=\"fas fa-list-ul\"><\/i> Escolhendo a solu\u00e7\u00e3o certa<\/p>\n        <\/div>\n\n        \n    <\/div>\n\n    <\/a>\n\n<button type=\"button\" onclick=\"window.open('\/wp-admin\/post.php?post=186672&#038;action=edit')\" class=\"edit-link\" aria-hidden=\"true\">Edit Post<\/button><\/div><div class=\"l-archive-results__col col-12 col-sm-10 col-md-6 col-lg-4 col-xl-3\">\n<a href=\"https:\/\/www.datacolor.com\/pt-br\/business-solutions\/blog\/mastering-color-management-in-plastics-manufacturing\/\" id=\"post-185075\" class=\"teaser teaser--blog teaser--vertical post-185075 post type-post status-publish format-standard has-post-thumbnail hentry category-formulacao-de-cor-e-controlo-de-qualidade tag-correspondencia-de-cores-para-plasticos tag-datacolor-para-plasticos tag-gestao-de-cores\">\n    <div class=\"teaser__main\">\n\n        <img decoding=\"async\" width=\"368\" height=\"476\" src=\"https:\/\/www.datacolor.com\/wp-content\/uploads\/2025\/11\/industry-guide-lp-banner-1536x1191-1-368x476.jpg\" class=\"attachment-cpt-feed size-cpt-feed\" alt=\"Gerenciamento de cores de pl\u00e1stico\" \/>\n        <div class=\"teaser__overlay\">\n\n            \n            <h2 class=\"teaser__title\">Dominando o gerenciamento de cores na fabrica\u00e7\u00e3o de pl\u00e1sticos<\/h2>\n\n            <p class=\"post-meta post-meta--teaser\"><i class=\"fas fa-list-ul\"><\/i> Formula\u00e7\u00e3o de cor e controlo de qualidade<\/p>\n        <\/div>\n\n        \n    <\/div>\n\n    <\/a>\n\n<button type=\"button\" onclick=\"window.open('\/wp-admin\/post.php?post=185075&#038;action=edit')\" class=\"edit-link\" aria-hidden=\"true\">Edit Post<\/button><\/div><div class=\"l-archive-results__col col-12 col-sm-10 col-md-6 col-lg-4 col-xl-3\">\n<a href=\"https:\/\/www.datacolor.com\/pt-br\/business-solutions\/blog\/qual-cor-escolher-como-fundo-na-sua-cabine-de-luz\/\" id=\"post-184869\" class=\"teaser teaser--blog teaser--vertical post-184869 post type-post status-publish format-standard has-post-thumbnail hentry category-escolhendo-a-solucao-certa\">\n    <div class=\"teaser__main\">\n\n        <img decoding=\"async\" width=\"368\" height=\"476\" src=\"https:\/\/www.datacolor.com\/wp-content\/uploads\/2025\/04\/ps-side-368x476.png\" class=\"attachment-cpt-feed size-cpt-feed\" alt=\"\" \/>\n        <div class=\"teaser__overlay\">\n\n            \n            <h2 class=\"teaser__title\">Qual cor escolher como fundo na sua cabine de luz?<\/h2>\n\n            <p class=\"post-meta post-meta--teaser\"><i class=\"fas fa-list-ul\"><\/i> Escolhendo a solu\u00e7\u00e3o certa<\/p>\n        <\/div>\n\n        \n    <\/div>\n\n    <\/a>\n\n<button type=\"button\" onclick=\"window.open('\/wp-admin\/post.php?post=184869&#038;action=edit')\" class=\"edit-link\" aria-hidden=\"true\">Edit Post<\/button><\/div>                <\/div>\n            <\/div>\n        <\/div>\n    <\/section><section id=\"gutenblock-block_4998e5aabbc258a71c0ee46c407538ee\" class=\"gutenblock gutenblock--oms-cta \">\n\n        <img decoding=\"async\" width=\"1600\" height=\"500\" src=\"https:\/\/www.datacolor.com\/wp-content\/uploads\/2022\/03\/team-bg-hero-1600x500-1-1600x500.jpg\" class=\"bg_image\" alt=\"\" srcset=\"https:\/\/www.datacolor.com\/wp-content\/uploads\/2022\/03\/team-bg-hero-1600x500-1.jpg 1600w, https:\/\/www.datacolor.com\/wp-content\/uploads\/2022\/03\/team-bg-hero-1600x500-1-300x94.jpg 300w, https:\/\/www.datacolor.com\/wp-content\/uploads\/2022\/03\/team-bg-hero-1600x500-1-1024x320.jpg 1024w, https:\/\/www.datacolor.com\/wp-content\/uploads\/2022\/03\/team-bg-hero-1600x500-1-768x240.jpg 768w, https:\/\/www.datacolor.com\/wp-content\/uploads\/2022\/03\/team-bg-hero-1600x500-1-1536x480.jpg 1536w, https:\/\/www.datacolor.com\/wp-content\/uploads\/2022\/03\/team-bg-hero-1600x500-1-600x188.jpg 600w, https:\/\/www.datacolor.com\/wp-content\/uploads\/2022\/03\/team-bg-hero-1600x500-1-992x310.jpg 992w, https:\/\/www.datacolor.com\/wp-content\/uploads\/2022\/03\/team-bg-hero-1600x500-1-1200x375.jpg 1200w, https:\/\/www.datacolor.com\/wp-content\/uploads\/2022\/03\/team-bg-hero-1600x500-1-1000x313.jpg 1000w, https:\/\/www.datacolor.com\/wp-content\/uploads\/2022\/03\/team-bg-hero-1600x500-1-350x109.jpg 350w, https:\/\/www.datacolor.com\/wp-content\/uploads\/2022\/03\/team-bg-hero-1600x500-1-735x230.jpg 735w, https:\/\/www.datacolor.com\/wp-content\/uploads\/2022\/03\/team-bg-hero-1600x500-1-700x219.jpg 700w, https:\/\/www.datacolor.com\/wp-content\/uploads\/2022\/03\/team-bg-hero-1600x500-1-100x31.jpg 100w\" sizes=\"(max-width: 1600px) 100vw, 1600px\" \/>\n        <div class=\"gutenblock-inner\">\n\n            <div class=\"container-fluid l-cta__container\">\n\n                <div class=\"row l-cta__row l-cta__row--left\">\n\n                    <div class=\"col-12 col-lg-6 l-cta__col\">\n                        <div class=\"cta__content text-white\">\n\n\t\t\t    <h3>Presen\u00e7a global, apoio local<\/h3>\n<p>Os seus desafios de cor s\u00e3o importantes. Fale hoje com um especialista em cores para ver se podemos ajudar.<\/p>\n\n                                                            <div class=\"cta_links_container mt-4\">\n                                    <a href=\"https:\/\/www.datacolor.com\/pt-br\/business-solutions\/pedir-mais-informacoes\/\" target=\"\" class=\"cta_link btn-secondary\">Vamos falar de cor<\/a>                                <\/div>\n                            \n                        <\/div>\n                    <\/div>\n                <\/div>\n            <\/div>\n        <\/div>\n    <\/section>","protected":false},"excerpt":{"rendered":"","protected":false},"author":17,"featured_media":0,"parent":160276,"menu_order":0,"comment_status":"closed","ping_status":"closed","template":"","meta":{"_acf_changed":false,"_relevanssi_hide_post":"","_relevanssi_hide_content":"","_relevanssi_pin_for_all":"","_relevanssi_pin_keywords":"","_relevanssi_unpin_keywords":"","_relevanssi_related_keywords":"","_relevanssi_related_include_ids":"","_relevanssi_related_exclude_ids":"","_relevanssi_related_no_append":"","_relevanssi_related_not_related":"","_relevanssi_related_posts":"","_relevanssi_noindex_reason":"","footnotes":""},"class_list":["post-178507","page","type-page","status-publish","hentry"],"acf":[],"yoast_head":"<!-- This site is optimized with the Yoast SEO plugin v26.6 - https:\/\/yoast.com\/wordpress\/plugins\/seo\/ -->\n<title>Vers\u00f5es de software suportadas | Datacolor<\/title>\n<meta name=\"robots\" content=\"index, follow, max-snippet:-1, max-image-preview:large, max-video-preview:-1\" \/>\n<link rel=\"canonical\" href=\"https:\/\/www.datacolor.com\/pt-br\/business-solutions\/apoio-ao-cliente\/supported-software-versions\/\" \/>\n<meta property=\"og:locale\" content=\"pt_BR\" \/>\n<meta property=\"og:type\" content=\"article\" \/>\n<meta property=\"og:title\" content=\"Vers\u00f5es de software suportadas | Datacolor\" \/>\n<meta property=\"og:url\" content=\"https:\/\/www.datacolor.com\/pt-br\/business-solutions\/apoio-ao-cliente\/supported-software-versions\/\" \/>\n<meta property=\"og:site_name\" content=\"Datacolor\" \/>\n<meta property=\"article:publisher\" content=\"https:\/\/facebook.com\/DatacolorCorporate\" \/>\n<meta property=\"article:modified_time\" content=\"2025-08-13T14:12:14+00:00\" \/>\n<meta property=\"og:image\" content=\"https:\/\/www.datacolor.com\/wp-content\/uploads\/2022\/01\/collage-careers-800x700-1.jpg\" \/>\n\t<meta property=\"og:image:width\" content=\"800\" \/>\n\t<meta property=\"og:image:height\" content=\"700\" \/>\n\t<meta property=\"og:image:type\" content=\"image\/jpeg\" \/>\n<meta name=\"twitter:card\" content=\"summary_large_image\" \/>\n<meta name=\"twitter:label1\" content=\"Est. tempo de leitura\" \/>\n\t<meta name=\"twitter:data1\" content=\"2 minutes\" \/>\n<!-- \/ Yoast SEO plugin. -->","yoast_head_json":{"title":"Vers\u00f5es de software suportadas | Datacolor","robots":{"index":"index","follow":"follow","max-snippet":"max-snippet:-1","max-image-preview":"max-image-preview:large","max-video-preview":"max-video-preview:-1"},"canonical":"https:\/\/www.datacolor.com\/pt-br\/business-solutions\/apoio-ao-cliente\/supported-software-versions\/","og_locale":"pt_BR","og_type":"article","og_title":"Vers\u00f5es de software suportadas | Datacolor","og_url":"https:\/\/www.datacolor.com\/pt-br\/business-solutions\/apoio-ao-cliente\/supported-software-versions\/","og_site_name":"Datacolor","article_publisher":"https:\/\/facebook.com\/DatacolorCorporate","article_modified_time":"2025-08-13T14:12:14+00:00","og_image":[{"width":800,"height":700,"url":"https:\/\/www.datacolor.com\/wp-content\/uploads\/2022\/01\/collage-careers-800x700-1.jpg","type":"image\/jpeg"}],"twitter_card":"summary_large_image","twitter_misc":{"Est. tempo de leitura":"2 minutes"},"schema":{"@context":"https:\/\/schema.org","@graph":[{"@type":"WebPage","@id":"https:\/\/www.datacolor.com\/pt-br\/business-solutions\/apoio-ao-cliente\/supported-software-versions\/","url":"https:\/\/www.datacolor.com\/pt-br\/business-solutions\/apoio-ao-cliente\/supported-software-versions\/","name":"Vers\u00f5es de software suportadas | Datacolor","isPartOf":{"@id":"https:\/\/www.datacolor.com\/pt-br\/#website"},"datePublished":"2024-08-19T09:48:10+00:00","dateModified":"2025-08-13T14:12:14+00:00","breadcrumb":{"@id":"https:\/\/www.datacolor.com\/pt-br\/business-solutions\/apoio-ao-cliente\/supported-software-versions\/#breadcrumb"},"inLanguage":"pt-BR","potentialAction":[{"@type":"ReadAction","target":["https:\/\/www.datacolor.com\/pt-br\/business-solutions\/apoio-ao-cliente\/supported-software-versions\/"]}]},{"@type":"BreadcrumbList","@id":"https:\/\/www.datacolor.com\/pt-br\/business-solutions\/apoio-ao-cliente\/supported-software-versions\/#breadcrumb","itemListElement":[{"@type":"ListItem","position":1,"name":"Solu\u00e7\u00f5es Empresariais","item":"https:\/\/www.datacolor.com\/pt-br\/business-solutions\/"},{"@type":"ListItem","position":2,"name":"Apoio ao Cliente"}]},{"@type":"WebSite","@id":"https:\/\/www.datacolor.com\/pt-br\/#website","url":"https:\/\/www.datacolor.com\/pt-br\/","name":"Datacolor","description":"Color Management Solutions","publisher":{"@id":"https:\/\/www.datacolor.com\/pt-br\/#organization"},"potentialAction":[{"@type":"SearchAction","target":{"@type":"EntryPoint","urlTemplate":"https:\/\/www.datacolor.com\/pt-br\/?s={search_term_string}"},"query-input":{"@type":"PropertyValueSpecification","valueRequired":true,"valueName":"search_term_string"}}],"inLanguage":"pt-BR"},{"@type":"Organization","@id":"https:\/\/www.datacolor.com\/pt-br\/#organization","name":"Datacolor","url":"https:\/\/www.datacolor.com\/pt-br\/","logo":{"@type":"ImageObject","inLanguage":"pt-BR","@id":"https:\/\/www.datacolor.com\/pt-br\/#\/schema\/logo\/image\/","url":"https:\/\/www.datacolor.com\/wp-content\/uploads\/2021\/12\/logo-header.jpg","contentUrl":"https:\/\/www.datacolor.com\/wp-content\/uploads\/2021\/12\/logo-header.jpg","width":259,"height":45,"caption":"Datacolor"},"image":{"@id":"https:\/\/www.datacolor.com\/pt-br\/#\/schema\/logo\/image\/"},"sameAs":["https:\/\/facebook.com\/DatacolorCorporate","https:\/\/linkedin.com\/company\/datacolor","https:\/\/www.youtube.com\/user\/DatacolorIndustrial"]}]}},"_links":{"self":[{"href":"https:\/\/www.datacolor.com\/pt-br\/wp-json\/wp\/v2\/pages\/178507","targetHints":{"allow":["GET"]}}],"collection":[{"href":"https:\/\/www.datacolor.com\/pt-br\/wp-json\/wp\/v2\/pages"}],"about":[{"href":"https:\/\/www.datacolor.com\/pt-br\/wp-json\/wp\/v2\/types\/page"}],"author":[{"embeddable":true,"href":"https:\/\/www.datacolor.com\/pt-br\/wp-json\/wp\/v2\/users\/17"}],"replies":[{"embeddable":true,"href":"https:\/\/www.datacolor.com\/pt-br\/wp-json\/wp\/v2\/comments?post=178507"}],"version-history":[{"count":4,"href":"https:\/\/www.datacolor.com\/pt-br\/wp-json\/wp\/v2\/pages\/178507\/revisions"}],"predecessor-version":[{"id":183719,"href":"https:\/\/www.datacolor.com\/pt-br\/wp-json\/wp\/v2\/pages\/178507\/revisions\/183719"}],"up":[{"embeddable":true,"href":"https:\/\/www.datacolor.com\/pt-br\/wp-json\/wp\/v2\/pages\/160276"}],"wp:attachment":[{"href":"https:\/\/www.datacolor.com\/pt-br\/wp-json\/wp\/v2\/media?parent=178507"}],"curies":[{"name":"wp","href":"https:\/\/api.w.org\/{rel}","templated":true}]}}