{"id":185811,"date":"2026-02-05T03:43:05","date_gmt":"2026-02-05T08:43:05","guid":{"rendered":"https:\/\/dev.new.datacolor.eu\/sb-1215-covered-battery-embedded-products\/"},"modified":"2026-02-05T10:53:54","modified_gmt":"2026-02-05T15:53:54","slug":"sb-1215-covered-battery-embedded-products","status":"publish","type":"page","link":"https:\/\/www.datacolor.com\/pt-br\/sb-1215-covered-battery-embedded-products\/","title":{"rendered":"SB 1215 Covered Battery-Embedded Products"},"content":{"rendered":"<div class=\"wp-core-gutenblock gutenblock freeform bg-color-white\">\n            <div class=\"container-fluid\">\n                <div class=\"row\">\n                    <div class=\"column\"><p>California SB1215 Recycling Fee &#8211; Informa\u00e7\u00f5es para clientes da Datacolor na Calif\u00f3rnia<\/p>\n<p>A partir de 1\u00ba de janeiro de 2026, alguns produtos Datacolor vendidos na Calif\u00f3rnia incluir\u00e3o uma Taxa de Reciclagem de Produto Coberto com Bateria Embutida. Essa taxa \u00e9 exigida pelo Projeto de Lei do Senado (SB) 1215, que atualiza a Lei de Reciclagem de Res\u00edduos Eletr\u00f4nicos da Calif\u00f3rnia de 2003 para incluir produtos com baterias embutidas e n\u00e3o facilmente remov\u00edveis. A lei visa reduzir os riscos de inc\u00eandio e garantir uma reciclagem segura.  <\/p>\n<p><strong>Como funciona a taxa<\/strong><\/p>\n<ul>\n<li>Come\u00e7a em 1\u00ba de janeiro de 2026<\/li>\n<li>Coletado no checkout como um item de linha separado<\/li>\n<li>O valor da taxa \u00e9 definido pelo CalRecycle e pode ser ajustado anualmente<\/li>\n<\/ul>\n<p><strong>Consulte a lista de produtos Datacolor com bateria incorporada cobertos e seus tipos de bateria:<\/strong><\/p><\/div>\n                <\/div>\n            <\/div>\n        <\/div><div class=\"wp-core-gutenblock gutenblock bg-color-white core_table\">\n            <div class=\"container-fluid\">\n                <div class=\"row\">\n                    <div class=\"column\"><figure class=\"wp-block-table\"><table class=\"has-fixed-layout\"><thead><tr><th>Modelo do produto<\/th><th>Datacolor SKU<\/th><th>N\u00famero de pe\u00e7a da bateria Datacolor<\/th><th>Descri\u00e7\u00e3o da bateria<\/th><th>Qu\u00edmica da bateria<\/th><th>Fabricante da bateria<\/th><th>MSDS Link da bateria<\/th><\/tr><\/thead><tbody><tr><td>Datacolor 45IR<\/td><td>1030-1607<\/td><td>4000-0096<\/td><td>Bateria NiMH de 4,8V &#8211; 2000mAh (SD0026-V02)<\/td><td>Bateria de hidreto met\u00e1lico de n\u00edquel<\/td><td>Accu-by-Seidel<\/td><td><a href=\"https:\/\/www.datacolor.com\/wp-content\/uploads\/2026\/02\/4000-0096-PSDS.pdf\">4000-0096-PSDS.PDF<\/a><\/td><\/tr><tr><td>Datacolor 45G \/ 45S<\/td><td>1030-1605<br\/>1030-1606<br\/>1090-0080<\/td><td>4000-0086<\/td><td>Bateria de pol\u00edmero de l\u00edtio de 3,6V &#8211; 7,2Ah (UBBL07)<\/td><td>Bateria de \u00edons de l\u00edtio<\/td><td>Ultralife<\/td><td><a href=\"https:\/\/www.datacolor.com\/wp-content\/uploads\/2026\/02\/4000-0086-SDS.pdf\">4000-0086-SDS.PDF<\/a><\/td><\/tr><tr><td>Datacolor 45G \/ 45S<\/td><td>1030-1605<br\/>1030-1606<br\/>1090-0080<\/td><td>008-500043<\/td><td>C\u00e9lula tipo moeda CR2032<\/td><td>Di\u00f3xido de l\u00edtio e mangan\u00eas<\/td><td>FDK<\/td><td><a href=\"https:\/\/www.datacolor.com\/wp-content\/uploads\/2026\/02\/008-500043-SDS.pdf\">008-500043-SDS.PDF<\/a><\/td><\/tr><tr><td>Datacolor 20D  <\/td><td>1030-1627  <\/td><td>4000-0086  <\/td><td>Bateria de pol\u00edmero de l\u00edtio de 3,6V &#8211; 7,2Ah (UBBL07)  <\/td><td>Bateria de \u00edons de l\u00edtio  <\/td><td>Ultralife  <\/td><td><a href=\"https:\/\/www.datacolor.com\/wp-content\/uploads\/2026\/02\/4000-0086-SDS.pdf\">4000-0086-SDS.PDF  <\/a><\/td><\/tr><tr><td>Datacolor 20D  <\/td><td>1030-1627<\/td><td>008-500043<\/td><td>C\u00e9lula tipo moeda CR2032<\/td><td>Di\u00f3xido de l\u00edtio e mangan\u00eas<\/td><td>FDK<\/td><td><a href=\"https:\/\/www.datacolor.com\/wp-content\/uploads\/2026\/02\/008-500043-SDS.pdf\">008-500043-SDS.PDF<\/a><\/td><\/tr><tr><td>Datacolor P200 \/ P300<\/td><td>1030-1657<br\/>1030-1658<br\/>1030-1659<br\/>1030-1663<br\/>1030-1664<br\/>1030-1665<\/td><td>008-500042<\/td><td>C\u00e9lula tipo moeda CR1220<\/td><td>Di\u00f3xido de l\u00edtio e mangan\u00eas<\/td><td>FDK<\/td><td><a href=\"https:\/\/www.datacolor.com\/wp-content\/uploads\/2026\/02\/008-500042-SDS.pdf\">008-500042-SDS.PDF<\/a><\/td><\/tr><tr><td>Datacolor ColorReader Spectro \/<br\/>OEM ColorReader Spectro<\/td><td>CRS100<br\/>CRS-XXX<\/td><td>013-500012<\/td><td>Bateria de pol\u00edmero de l\u00edtio de 3,7V &#8211; 280mAh (601245)<\/td><td>Bateria de pol\u00edmero de \u00edon de l\u00edtio<\/td><td>Hangzhou Future Power Technology CO., Ltd.<\/td><td><a href=\"https:\/\/www.datacolor.com\/wp-content\/uploads\/2026\/02\/013-500012-MSDS.pdf\">013-500012-MSDS.PDF<\/a><\/td><\/tr><tr><td>Datacolor ColorReader <nobr>Pro<\/nobr> \/ <br\/>OEM ColorReader Pro  <\/td><td>CRP100<br\/>CRP100-XXX<\/td><td>013-500012<\/td><td>Bateria de pol\u00edmero de l\u00edtio de 3,7V &#8211; 280mAh (601245)<\/td><td>Bateria de pol\u00edmero de \u00edon de l\u00edtio<\/td><td>Hangzhou Future Power Technology CO., Ltd.<\/td><td><a href=\"https:\/\/www.datacolor.com\/wp-content\/uploads\/2026\/02\/013-500012-MSDS.pdf\">013-500012-MSDS.PDF<\/a><\/td><\/tr><tr><td>Datacolor ColorReader \/<br\/>OEM ColorReader<\/td><td>CR100<br\/>CR100-XXX<\/td><td>013-510002<\/td><td>Bateria de pol\u00edmero de l\u00edtio de 3,7V &#8211; 160mAh (GEB 502023)<\/td><td>Bateria de pol\u00edmero de l\u00edtio<\/td><td>Tecnologia de Eletr\u00f4nica Geral<\/td><td><a href=\"https:\/\/www.datacolor.com\/wp-content\/uploads\/2026\/02\/013-510002-MSDS.pdf\">013-510002-MSDS.PDF<\/a><\/td><\/tr><\/tbody><\/table><\/figure><\/div>\n                <\/div>\n            <\/div>\n        <\/div>","protected":false},"excerpt":{"rendered":"<p>California SB1215 Recycling Fee &#8211; Informa\u00e7\u00f5es para clientes da Datacolor na Calif\u00f3rnia A partir de 1\u00ba de janeiro de 2026, alguns produtos Datacolor vendidos na Calif\u00f3rnia incluir\u00e3o uma Taxa de&#8230;<\/p>\n","protected":false},"author":18,"featured_media":0,"parent":0,"menu_order":0,"comment_status":"closed","ping_status":"closed","template":"","meta":{"_acf_changed":false,"_relevanssi_hide_post":"","_relevanssi_hide_content":"","_relevanssi_pin_for_all":"","_relevanssi_pin_keywords":"","_relevanssi_unpin_keywords":"","_relevanssi_related_keywords":"","_relevanssi_related_include_ids":"","_relevanssi_related_exclude_ids":"","_relevanssi_related_no_append":"","_relevanssi_related_not_related":"","_relevanssi_related_posts":"","_relevanssi_noindex_reason":"","footnotes":""},"class_list":["post-185811","page","type-page","status-publish","hentry"],"acf":[],"yoast_head":"<!-- This site is optimized with the Yoast SEO plugin v26.6 - https:\/\/yoast.com\/wordpress\/plugins\/seo\/ -->\n<title>SB 1215 Covered Battery-Embedded Products | Datacolor<\/title>\n<meta name=\"robots\" content=\"index, follow, max-snippet:-1, max-image-preview:large, max-video-preview:-1\" \/>\n<link rel=\"canonical\" href=\"https:\/\/www.datacolor.com\/pt-br\/sb-1215-covered-battery-embedded-products\/\" \/>\n<meta property=\"og:locale\" content=\"pt_BR\" \/>\n<meta property=\"og:type\" content=\"article\" \/>\n<meta property=\"og:title\" content=\"SB 1215 Covered Battery-Embedded Products | Datacolor\" \/>\n<meta property=\"og:description\" content=\"California SB1215 Recycling Fee - Informa\u00e7\u00f5es para clientes da Datacolor na Calif\u00f3rnia A partir de 1\u00ba de janeiro de 2026, alguns produtos Datacolor vendidos na Calif\u00f3rnia incluir\u00e3o uma Taxa de...\" \/>\n<meta property=\"og:url\" content=\"https:\/\/www.datacolor.com\/pt-br\/sb-1215-covered-battery-embedded-products\/\" \/>\n<meta property=\"og:site_name\" content=\"Datacolor\" \/>\n<meta property=\"article:publisher\" content=\"https:\/\/facebook.com\/DatacolorCorporate\" \/>\n<meta property=\"article:modified_time\" content=\"2026-02-05T15:53:54+00:00\" \/>\n<meta property=\"og:image\" content=\"https:\/\/www.datacolor.com\/wp-content\/uploads\/2022\/01\/collage-careers-800x700-1.jpg\" \/>\n\t<meta property=\"og:image:width\" content=\"800\" \/>\n\t<meta property=\"og:image:height\" content=\"700\" \/>\n\t<meta property=\"og:image:type\" content=\"image\/jpeg\" \/>\n<meta name=\"twitter:card\" content=\"summary_large_image\" \/>\n<meta name=\"twitter:label1\" content=\"Est. tempo de leitura\" \/>\n\t<meta name=\"twitter:data1\" content=\"2 minutes\" \/>\n<!-- \/ Yoast SEO plugin. -->","yoast_head_json":{"title":"SB 1215 Covered Battery-Embedded Products | Datacolor","robots":{"index":"index","follow":"follow","max-snippet":"max-snippet:-1","max-image-preview":"max-image-preview:large","max-video-preview":"max-video-preview:-1"},"canonical":"https:\/\/www.datacolor.com\/pt-br\/sb-1215-covered-battery-embedded-products\/","og_locale":"pt_BR","og_type":"article","og_title":"SB 1215 Covered Battery-Embedded Products | Datacolor","og_description":"California SB1215 Recycling Fee - Informa\u00e7\u00f5es para clientes da Datacolor na Calif\u00f3rnia A partir de 1\u00ba de janeiro de 2026, alguns produtos Datacolor vendidos na Calif\u00f3rnia incluir\u00e3o uma Taxa de...","og_url":"https:\/\/www.datacolor.com\/pt-br\/sb-1215-covered-battery-embedded-products\/","og_site_name":"Datacolor","article_publisher":"https:\/\/facebook.com\/DatacolorCorporate","article_modified_time":"2026-02-05T15:53:54+00:00","og_image":[{"width":800,"height":700,"url":"https:\/\/www.datacolor.com\/wp-content\/uploads\/2022\/01\/collage-careers-800x700-1.jpg","type":"image\/jpeg"}],"twitter_card":"summary_large_image","twitter_misc":{"Est. tempo de leitura":"2 minutes"},"schema":{"@context":"https:\/\/schema.org","@graph":[{"@type":"WebPage","@id":"https:\/\/www.datacolor.com\/pt-br\/sb-1215-covered-battery-embedded-products\/","url":"https:\/\/www.datacolor.com\/pt-br\/sb-1215-covered-battery-embedded-products\/","name":"SB 1215 Covered Battery-Embedded Products | Datacolor","isPartOf":{"@id":"https:\/\/www.datacolor.com\/pt-br\/#website"},"datePublished":"2026-02-05T08:43:05+00:00","dateModified":"2026-02-05T15:53:54+00:00","inLanguage":"pt-BR","potentialAction":[{"@type":"ReadAction","target":["https:\/\/www.datacolor.com\/pt-br\/sb-1215-covered-battery-embedded-products\/"]}]},{"@type":"WebSite","@id":"https:\/\/www.datacolor.com\/pt-br\/#website","url":"https:\/\/www.datacolor.com\/pt-br\/","name":"Datacolor","description":"Color Management Solutions","publisher":{"@id":"https:\/\/www.datacolor.com\/pt-br\/#organization"},"potentialAction":[{"@type":"SearchAction","target":{"@type":"EntryPoint","urlTemplate":"https:\/\/www.datacolor.com\/pt-br\/?s={search_term_string}"},"query-input":{"@type":"PropertyValueSpecification","valueRequired":true,"valueName":"search_term_string"}}],"inLanguage":"pt-BR"},{"@type":"Organization","@id":"https:\/\/www.datacolor.com\/pt-br\/#organization","name":"Datacolor","url":"https:\/\/www.datacolor.com\/pt-br\/","logo":{"@type":"ImageObject","inLanguage":"pt-BR","@id":"https:\/\/www.datacolor.com\/pt-br\/#\/schema\/logo\/image\/","url":"https:\/\/www.datacolor.com\/wp-content\/uploads\/2021\/12\/logo-header.jpg","contentUrl":"https:\/\/www.datacolor.com\/wp-content\/uploads\/2021\/12\/logo-header.jpg","width":259,"height":45,"caption":"Datacolor"},"image":{"@id":"https:\/\/www.datacolor.com\/pt-br\/#\/schema\/logo\/image\/"},"sameAs":["https:\/\/facebook.com\/DatacolorCorporate","https:\/\/linkedin.com\/company\/datacolor","https:\/\/www.youtube.com\/user\/DatacolorIndustrial"]}]}},"_links":{"self":[{"href":"https:\/\/www.datacolor.com\/pt-br\/wp-json\/wp\/v2\/pages\/185811","targetHints":{"allow":["GET"]}}],"collection":[{"href":"https:\/\/www.datacolor.com\/pt-br\/wp-json\/wp\/v2\/pages"}],"about":[{"href":"https:\/\/www.datacolor.com\/pt-br\/wp-json\/wp\/v2\/types\/page"}],"author":[{"embeddable":true,"href":"https:\/\/www.datacolor.com\/pt-br\/wp-json\/wp\/v2\/users\/18"}],"replies":[{"embeddable":true,"href":"https:\/\/www.datacolor.com\/pt-br\/wp-json\/wp\/v2\/comments?post=185811"}],"version-history":[{"count":1,"href":"https:\/\/www.datacolor.com\/pt-br\/wp-json\/wp\/v2\/pages\/185811\/revisions"}],"predecessor-version":[{"id":185812,"href":"https:\/\/www.datacolor.com\/pt-br\/wp-json\/wp\/v2\/pages\/185811\/revisions\/185812"}],"wp:attachment":[{"href":"https:\/\/www.datacolor.com\/pt-br\/wp-json\/wp\/v2\/media?parent=185811"}],"curies":[{"name":"wp","href":"https:\/\/api.w.org\/{rel}","templated":true}]}}