{"id":187069,"date":"2026-03-02T09:08:38","date_gmt":"2026-03-02T14:08:38","guid":{"rendered":"https:\/\/dev.new.datacolor.eu\/lp\/color-formulation-guide\/"},"modified":"2026-04-30T08:23:25","modified_gmt":"2026-04-30T12:23:25","slug":"color-formulation-guide","status":"publish","type":"page","link":"https:\/\/www.datacolor.com\/pt-br\/lp\/color-formulation-guide\/","title":{"rendered":"Guia de Formula\u00e7\u00e3o de Cores"},"content":{"rendered":"<div class=\"wp-core-gutenblock gutenblock bg-color-white core_html\">\n            <div class=\"container-fluid\">\n                <div class=\"row\">\n                    <div class=\"column\"><h2><strong>Right First Time: O imperativo comercial da formula\u00e7\u00e3o de cores <\/strong><\/h2>\n\n\n<div id=\"intro\" class=\"row\">\n<div class=\"lp-left-col col-12 col-lg-4 order-2 order-lg-1\">\n<h6>Domine seu fluxo de trabalho de formula\u00e7\u00e3o<\/h6>\n<script src=\"\/\/lp.datacolor.com\/js\/forms2\/js\/forms2.min.js\"><\/script> <form id=\"mktoForm_7511\"><\/form><form id=\"mktoForm_7516\"><\/form><form id=\"mktoForm_7514\"><\/form> <form id=\"mktoForm_7515\"><\/form> <form id=\"mktoForm_7512\"><\/form> <form id=\"mktoForm_7517\"><\/form> <form id=\"mktoForm_7513\"><\/form><script>var formId = 7511; var urlLang = window.location.pathname.split(\"\/\")[1]; if (urlLang == 'de') { formId = 7516; } if (urlLang == 'fr') { formId = 7514; } if (urlLang == 'es') { formId = 7515; } if (urlLang == 'pt-br') { formId = 7512; } if (urlLang == 'zh-hans') { formId = 7517; }  if (urlLang == 'it') { formId = 7513; } \n MktoForms2.loadForm(\"\/\/lp.datacolor.com\", \"799-MHA-121\", formId);<\/script>\n\n\n\n<p id=\"btn-accept-marketing\" style=\"text-align: center; margin-top: -40px; margin-bottom: 40px; display: none;\"><em>(Aceite os cookies de marketing para que esse bot\u00e3o funcione).<\/em><\/p>\n<\/div>\n\n<div class=\"lp-right-col col-12 col-lg-8 order-1 order-lg-2\">\n<p style=\"text-align:center; margin-bottom:40px;\"><img decoding=\"async\" src=\"https:\/\/www.datacolor.com\/wp-content\/uploads\/2026\/03\/ColorFormulationGuide.jpg\"\/><\/p>\n<p><strong>Pare de desperdi\u00e7ar tempo e mat\u00e9rias-primas com a correspond\u00eancia manual de cores. Saiba como reduzir seu tempo de formula\u00e7\u00e3o em 50% e, ao mesmo tempo, atender aos padr\u00f5es globais de sustentabilidade e qualidade.  <\/strong><\/p>\n<p>Desenvolver uma nova receita de cor manualmente \u00e9 complexo, demorado e propenso a erros. Vari\u00e1veis como compatibilidade de pigmentos, varia\u00e7\u00f5es de substrato e percep\u00e7\u00e3o humana fazem com que, muitas vezes, sejam necess\u00e1rias 10 ou mais tentativas para obter a correspond\u00eancia desejada. Cada falha prolonga seu ciclo de desenvolvimento e aumenta os custos operacionais.   <\/p>\n\n<p><strong>Otimize o desenvolvimento de suas receitas desde o primeiro dia <\/strong><\/p>\n\n<p>Este guia explora como o software digital de formula\u00e7\u00e3o de cores usa algoritmos avan\u00e7ados para gerenciar com precis\u00e3o receitas de corantes e pigmentos, garantindo o sucesso desde a primeira tentativa. <\/p>\n\n<p><strong>Pontos principais:<\/strong> <\/p>\n<ul>\n<li style=\"font-size:1em;\"><strong>Formula\u00e7\u00e3o 50% mais r\u00e1pida: <\/strong>como construir um banco de dados preciso que reduz drasticamente o tempo de lan\u00e7amento no mercado. <\/li> \n<li style=\"font-size:1em;\"><strong>Sucesso em sustentabilidade:<\/strong> reduza o desperd\u00edcio de material e o uso de energia ao acertar as receitas mais rapidamente. <\/li> \n<li style=\"font-size:1em;\"><strong>O poder dos materiais reciclados: <\/strong>como incorporar com confian\u00e7a insumos reciclados sem sacrificar a qualidade da cor. <\/li> \n<li style=\"font-size:1em;\"><strong>Conectividade global: <\/strong>compartilhe e aplique dados de cor em toda a sua cadeia de suprimentos em tempo real. <\/li> \n<li style=\"font-size:1em;\"><strong>Efici\u00eancia econ\u00f4mica: <\/strong>maximize a lucratividade otimizando o uso de mat\u00e9rias-primas caras. <\/li> \n<\/ul>\n<\/div><\/div><\/div>\n                <\/div>\n            <\/div>\n        <\/div><div class=\"wp-core-gutenblock gutenblock bg-color-white core_html\">\n            <div class=\"container-fluid\">\n                <div class=\"row\">\n                    <div class=\"column\"><style type=\"text\/css\">.hero-simple__content { display:none;}\n    .lp-left-col { background-color: #f5f5f5; padding:30px 20px;}\n    .lp-right-col {padding:30px 25px;}\n    #confirmform {text-align:center; padding: 50px 30px; background-color:#f5f5f5;}\n    .gutenblock--oms-resource-feed, .gutenblock--oms-cta {display:none;}\n    #site-header .justify-content-center {justify-content: left !important;}\n\n    .mktoForm {width: 100% !important;}\n    .mktoForm .mktoFormCol {float: none !important;}\n    .mktoForm .mktoOffset {float: none !important; height:0.5em !important;}\n    .mktoForm .mktoFieldWrap {float: none !important;} \n    .mktoForm .mktoGutter {height:0.5em !important;}\n\n    .mktoForm fieldset {border: none !important;}\n    .mktoForm fieldset .mktoFormCol {float: left !important; max-width: 70%  !important;}\n.mktoForm fieldset .mktoFieldWrap {line-height:20px;}\n    .mktoForm fieldset .mktoFieldWrap > #LblrequestOptIn {display: none;}\n    set .mktoFieldWrap > .mktoGutter {display: none;}\n\n    .mktoForm .mktoLabel {float: none !important; width: 100% !important; margin-bottom: 0 !important;}\n\n    .mktoForm fieldset  #Lbloptin {float: left !important; width: auto !important;}\n    .mktoForm fieldset  #LblprivacyConsent {float: left !important; width: auto !important;}\n    .mktoForm fieldset  #optin {width: 0 !important; margin-left:18px;}\n    .mktoForm fieldset  #privacyConsent {width: 0 !important;}\n    .mktoForm fieldset .mktoGutter {width: 0 !important;}\n    .mktoForm fieldset .mktoRequiredField .mktoCheckboxList {width: auto !important;}\n\n    .mktoForm input[type=text], .mktoForm input[type=url], .mktoForm input[type=email], .mktoForm input[type=tel], .mktoForm input[type=number], .mktoForm input[type=date], .mktoForm select.mktoField, .mktoForm textarea.mktoField {width: 100% !important; padding: 0.5em 0.3em !important; border-radius: 4px !important; }\n    .mktoForm .mktoLogicalField {width: 100% !important;}\n    .mktoForm .mktoHtmlText {width: 100% !important;}\n    .mktoButtonRow {display: block !important; text-align: center !important; margin-top:30px !important;}\n    .mktoButtonRow .mktoButtonWrap {margin-left: 0 !important;}\n\t.mktoForm .mktoButtonRow .mktoButtonWrap.mktoThoughtbot .mktoButton {\n\t    transition: color .3s ease-out;\n\t    border-radius: 0;\n\t    box-shadow: none;\n\t    background: #d7172f;\n\t    border: 0;\n\t    bottom: auto;\n\t    box-sizing: border-box;\n\t    clip: auto;\n\t    float: none;\n\t    font-family: inherit;\n\t    height: auto;\n\t    left: auto;\n\t    list-style-type: none;\n\t    min-height: auto;\n\t    max-height: none;\n\t    min-width: auto;\n\t    max-width: none;\n\t    opacity: 1;\n\t    outline: 0;\n\t    pointer-events: auto;\n\t    right: auto;\n\t    text-indent: 0;\n\t    text-transform: none;\n\t    transform: none;\n\t    top: auto;\n\t    visibility: inherit;\n\t    width: auto;\n\t    word-wrap: break-word;\n\t    white-space: normal;\n\t    border: none;\n\t    box-shadow: 0 5px 10px 0 rgb(0 0 0 \/ 15%);\n\t    color: #fff;\n\t    display: inline-block;\n\t    font-weight: 900;\n\t    letter-spacing: normal;\n\t    overflow: hidden;\n\t    position: relative;\n\t    text-align: center;\n\t    text-decoration: none;\n\t    vertical-align: middle;\n\t    z-index: 1;\n\t    font-size: 1rem;\n\t    line-height: 1.25rem;\n\t    padding: 13px 18px;\n\t    margin: 0;\n\t}\n\t.mktoForm .mktoButtonRow .mktoButtonWrap.mktoThoughtbot .mktoButton:before {\n\t    content: \"\";\n\t    position: absolute;\n\t    z-index: -1;\n\t    background-color: #c0152a;\n\t    top: 0;\n\t    left: 0;\n\t    bottom: 0;\n\t    right: -1px;\n\t    transform: scaleX(0);\n\t    transform-origin: 0 50%;\n\t    transition: transform .2s ease-out;\n\t}\n\t.mktoForm .mktoButtonRow .mktoButtonWrap.mktoThoughtbot .mktoButton:hover:before {\n    \ttransform: scaleX(1);\n\t}\n\t.mktoForm .mktoButtonRow .mktoButtonWrap.mktoThoughtbot .mktoButton:after {\n\t    content: \"\u203a\";\n\t    display: inline-block;\n\t    margin-left: 5px;\n\t}\n\t.mktoForm .mktoRequiredField .mktoAsterix {\n\t\tdisplay: inline-block;\n\t\tfloat: none;\n\t\tmargin-right: 5px;\n\t}\n<\/style><\/div>\n                <\/div>\n            <\/div>\n        <\/div><div class=\"wp-core-gutenblock gutenblock bg-color-white core_html\">\n            <div class=\"container-fluid\">\n                <div class=\"row\">\n                    <div class=\"column\"><script>\/\/ <![CDATA[\n\/\/var block_feed = document.getElementsByClassName('gutenblock--oms-resource-feed');\n\/\/var block_cta = document.getElementsByClassName('gutenblock--oms-cta');\n\n\/\/MktoForms2.whenReady(function (form){\n\/\/    form.onSuccess(function(values, followUpUrl){\n\/\/        form.getFormElem().hide();\n\/\/        document.getElementById('confirmform').style.display = 'block';\n\/\/        document.getElementById('intro').style.display = 'none';\n\/\/        block_feed[0].style.display = 'block';\n\/\/        block_cta[0].style.display = 'block';\n\/\/        window.scrollTo({ top: 0, behavior: 'smooth' });\n\/\/        return false;\n\/\/    });\n\/\/});\n\/\/ ]]]]]]><![CDATA[><![CDATA[><\/script><\/div>\n                <\/div>\n            <\/div>\n        <\/div>","protected":false},"excerpt":{"rendered":"<p>Right First Time: O imperativo comercial da formula\u00e7\u00e3o de cores Domine seu fluxo de trabalho de formula\u00e7\u00e3o (Aceite os cookies de marketing para que esse bot\u00e3o funcione). Pare de desperdi\u00e7ar&#8230;<\/p>\n","protected":false},"author":17,"featured_media":0,"parent":160403,"menu_order":0,"comment_status":"closed","ping_status":"closed","template":"","meta":{"_acf_changed":false,"_relevanssi_hide_post":"","_relevanssi_hide_content":"","_relevanssi_pin_for_all":"","_relevanssi_pin_keywords":"","_relevanssi_unpin_keywords":"","_relevanssi_related_keywords":"","_relevanssi_related_include_ids":"","_relevanssi_related_exclude_ids":"","_relevanssi_related_no_append":"","_relevanssi_related_not_related":"","_relevanssi_related_posts":"","_relevanssi_noindex_reason":"","footnotes":""},"class_list":["post-187069","page","type-page","status-publish","hentry"],"acf":[],"yoast_head":"<!-- This site is optimized with the Yoast SEO plugin v26.6 - https:\/\/yoast.com\/wordpress\/plugins\/seo\/ -->\n<title>Guia de Formula\u00e7\u00e3o de Cores | Datacolor<\/title>\n<meta name=\"robots\" content=\"index, follow, max-snippet:-1, max-image-preview:large, max-video-preview:-1\" \/>\n<link rel=\"canonical\" href=\"https:\/\/www.datacolor.com\/pt-br\/lp\/color-formulation-guide\/\" \/>\n<meta property=\"og:locale\" content=\"pt_BR\" \/>\n<meta property=\"og:type\" content=\"article\" \/>\n<meta property=\"og:title\" content=\"Guia de Formula\u00e7\u00e3o de Cores | Datacolor\" \/>\n<meta property=\"og:description\" content=\"Right First Time: O imperativo comercial da formula\u00e7\u00e3o de cores Domine seu fluxo de trabalho de formula\u00e7\u00e3o (Aceite os cookies de marketing para que esse bot\u00e3o funcione). Pare de desperdi\u00e7ar...\" \/>\n<meta property=\"og:url\" content=\"https:\/\/www.datacolor.com\/pt-br\/lp\/color-formulation-guide\/\" \/>\n<meta property=\"og:site_name\" content=\"Datacolor\" \/>\n<meta property=\"article:publisher\" content=\"https:\/\/facebook.com\/DatacolorCorporate\" \/>\n<meta property=\"article:modified_time\" content=\"2026-04-30T12:23:25+00:00\" \/>\n<meta property=\"og:image\" content=\"https:\/\/www.datacolor.com\/wp-content\/uploads\/2026\/03\/ColorFormulationGuide.jpg\" \/>\n<meta name=\"twitter:card\" content=\"summary_large_image\" \/>\n<meta name=\"twitter:label1\" content=\"Est. tempo de leitura\" \/>\n\t<meta name=\"twitter:data1\" content=\"1 minute\" \/>\n<!-- \/ Yoast SEO plugin. -->","yoast_head_json":{"title":"Guia de Formula\u00e7\u00e3o de Cores | Datacolor","robots":{"index":"index","follow":"follow","max-snippet":"max-snippet:-1","max-image-preview":"max-image-preview:large","max-video-preview":"max-video-preview:-1"},"canonical":"https:\/\/www.datacolor.com\/pt-br\/lp\/color-formulation-guide\/","og_locale":"pt_BR","og_type":"article","og_title":"Guia de Formula\u00e7\u00e3o de Cores | Datacolor","og_description":"Right First Time: O imperativo comercial da formula\u00e7\u00e3o de cores Domine seu fluxo de trabalho de formula\u00e7\u00e3o (Aceite os cookies de marketing para que esse bot\u00e3o funcione). Pare de desperdi\u00e7ar...","og_url":"https:\/\/www.datacolor.com\/pt-br\/lp\/color-formulation-guide\/","og_site_name":"Datacolor","article_publisher":"https:\/\/facebook.com\/DatacolorCorporate","article_modified_time":"2026-04-30T12:23:25+00:00","og_image":[{"url":"https:\/\/www.datacolor.com\/wp-content\/uploads\/2026\/03\/ColorFormulationGuide.jpg","type":"","width":"","height":""}],"twitter_card":"summary_large_image","twitter_misc":{"Est. tempo de leitura":"1 minute"},"schema":{"@context":"https:\/\/schema.org","@graph":[{"@type":"WebPage","@id":"https:\/\/www.datacolor.com\/pt-br\/lp\/color-formulation-guide\/","url":"https:\/\/www.datacolor.com\/pt-br\/lp\/color-formulation-guide\/","name":"Guia de Formula\u00e7\u00e3o de Cores | Datacolor","isPartOf":{"@id":"https:\/\/www.datacolor.com\/pt-br\/#website"},"primaryImageOfPage":{"@id":"https:\/\/www.datacolor.com\/pt-br\/lp\/color-formulation-guide\/#primaryimage"},"image":{"@id":"https:\/\/www.datacolor.com\/pt-br\/lp\/color-formulation-guide\/#primaryimage"},"thumbnailUrl":"https:\/\/www.datacolor.com\/wp-content\/uploads\/2026\/03\/ColorFormulationGuide.jpg","datePublished":"2026-03-02T14:08:38+00:00","dateModified":"2026-04-30T12:23:25+00:00","inLanguage":"pt-BR","potentialAction":[{"@type":"ReadAction","target":["https:\/\/www.datacolor.com\/pt-br\/lp\/color-formulation-guide\/"]}]},{"@type":"ImageObject","inLanguage":"pt-BR","@id":"https:\/\/www.datacolor.com\/pt-br\/lp\/color-formulation-guide\/#primaryimage","url":"https:\/\/www.datacolor.com\/wp-content\/uploads\/2026\/03\/ColorFormulationGuide.jpg","contentUrl":"https:\/\/www.datacolor.com\/wp-content\/uploads\/2026\/03\/ColorFormulationGuide.jpg"},{"@type":"WebSite","@id":"https:\/\/www.datacolor.com\/pt-br\/#website","url":"https:\/\/www.datacolor.com\/pt-br\/","name":"Datacolor","description":"Color Management Solutions","publisher":{"@id":"https:\/\/www.datacolor.com\/pt-br\/#organization"},"potentialAction":[{"@type":"SearchAction","target":{"@type":"EntryPoint","urlTemplate":"https:\/\/www.datacolor.com\/pt-br\/?s={search_term_string}"},"query-input":{"@type":"PropertyValueSpecification","valueRequired":true,"valueName":"search_term_string"}}],"inLanguage":"pt-BR"},{"@type":"Organization","@id":"https:\/\/www.datacolor.com\/pt-br\/#organization","name":"Datacolor","url":"https:\/\/www.datacolor.com\/pt-br\/","logo":{"@type":"ImageObject","inLanguage":"pt-BR","@id":"https:\/\/www.datacolor.com\/pt-br\/#\/schema\/logo\/image\/","url":"https:\/\/www.datacolor.com\/wp-content\/uploads\/2021\/12\/logo-header.jpg","contentUrl":"https:\/\/www.datacolor.com\/wp-content\/uploads\/2021\/12\/logo-header.jpg","width":259,"height":45,"caption":"Datacolor"},"image":{"@id":"https:\/\/www.datacolor.com\/pt-br\/#\/schema\/logo\/image\/"},"sameAs":["https:\/\/facebook.com\/DatacolorCorporate","https:\/\/linkedin.com\/company\/datacolor","https:\/\/www.youtube.com\/user\/DatacolorIndustrial"]}]}},"_links":{"self":[{"href":"https:\/\/www.datacolor.com\/pt-br\/wp-json\/wp\/v2\/pages\/187069","targetHints":{"allow":["GET"]}}],"collection":[{"href":"https:\/\/www.datacolor.com\/pt-br\/wp-json\/wp\/v2\/pages"}],"about":[{"href":"https:\/\/www.datacolor.com\/pt-br\/wp-json\/wp\/v2\/types\/page"}],"author":[{"embeddable":true,"href":"https:\/\/www.datacolor.com\/pt-br\/wp-json\/wp\/v2\/users\/17"}],"replies":[{"embeddable":true,"href":"https:\/\/www.datacolor.com\/pt-br\/wp-json\/wp\/v2\/comments?post=187069"}],"version-history":[{"count":1,"href":"https:\/\/www.datacolor.com\/pt-br\/wp-json\/wp\/v2\/pages\/187069\/revisions"}],"predecessor-version":[{"id":187070,"href":"https:\/\/www.datacolor.com\/pt-br\/wp-json\/wp\/v2\/pages\/187069\/revisions\/187070"}],"up":[{"embeddable":true,"href":"https:\/\/www.datacolor.com\/pt-br\/wp-json\/wp\/v2\/pages\/160403"}],"wp:attachment":[{"href":"https:\/\/www.datacolor.com\/pt-br\/wp-json\/wp\/v2\/media?parent=187069"}],"curies":[{"name":"wp","href":"https:\/\/api.w.org\/{rel}","templated":true}]}}