{"id":169980,"date":"2023-08-24T13:23:09","date_gmt":"2023-08-24T18:23:09","guid":{"rendered":"https:\/\/dev.new.datacolor.eu\/?post_type=product&#038;p=169980"},"modified":"2023-10-17T04:18:35","modified_gmt":"2023-10-17T09:18:35","slug":"colibri-colorquality-correct","status":"publish","type":"product","link":"https:\/\/www.datacolor.com\/pt-br\/business-solutions\/product\/colibri-colorquality-correct\/","title":{"rendered":"Colibri ColorQuality&amp;Correct"},"content":{"rendered":"<section id=\"gutenblock-block_85a3e159cdeba5466b3f299c8895cecb\" class=\"gutenblock gutenblock--oms-faqs bg-color-white\">\n        <div class=\"gutenblock-inner\">\n            <div class=\"container-fluid\">\n\n                    <div class=\"gutenblock-header \">\n        <div class=\"row header_row justify-content-center\">\n            <div class=\"header_column\">\n                <h2>Visite o <a href=\"https:\/\/www.datacolor.com\/pt-br\/business-solutions\/apoio-ao-cliente\/faq\/\" target=\"_blank\" rel=\"noopener\">Hub FAQ<\/a> para ter todas as suas perguntas respondidas<\/h2>\n<p>&nbsp;<\/p>\n            <\/div>\n        <\/div>\n    <\/div>\n\n                \n            <\/div>\n        <\/div>\n    <\/section><section id=\"gutenblock-block_01e003d9727305ce9c929df016bbdb94\" class=\"gutenblock gutenblock--oms-resource-feed feed--feed bg-color-white u-dots-bg\">\n        <div class=\"gutenblock-inner\">\n            <div class=\"container-fluid\">\n\n                    <div class=\"gutenblock-header \">\n        <div class=\"row header_row justify-content-center\">\n            <div class=\"header_column\">\n                <h2>As ideias come\u00e7am aqui<\/h2>\n<p>Explore os \u00faltimos artigos, eventos, e not\u00edcias da Datacolor.<\/p>\n<p><a class=\"cta-link\" href=\"https:\/\/www.datacolor.com\/zh-hans\/business-solutions\/learning-center\/\">Visite o Centro de Aprendizagem<\/a><\/p>\n            <\/div>\n        <\/div>\n    <\/div>\n\n                <div class=\"l-archive-results__row row justify-content-center justify-content-md-start\">\n                    <div class=\"l-archive-results__col col-12 col-sm-10 col-md-6 col-lg-4 col-xl-3\">\n<a href=\"https:\/\/www.datacolor.com\/pt-br\/business-solutions\/blog\/datacolor-spectro-1000-vs-competitor-benchtop-spectrophotometers\/\" id=\"post-186641\" class=\"teaser teaser--blog teaser--vertical post-186641 post type-post status-publish format-standard has-post-thumbnail hentry category-escolhendo-a-solucao-certa\">\n    <div class=\"teaser__main\">\n\n        <img decoding=\"async\" width=\"368\" height=\"476\" src=\"https:\/\/www.datacolor.com\/wp-content\/uploads\/2023\/12\/Spectro-1000-368x476.jpg\" class=\"attachment-cpt-feed size-cpt-feed\" alt=\"\" \/>\n        <div class=\"teaser__overlay\">\n\n            \n            <h2 class=\"teaser__title\">Datacolor Spectro 1000 vs. Espectrofot\u00f4metros de bancada da concorr\u00eancia<\/h2>\n\n            <p class=\"post-meta post-meta--teaser\"><i class=\"fas fa-list-ul\"><\/i> Escolhendo a solu\u00e7\u00e3o certa<\/p>\n        <\/div>\n\n        \n    <\/div>\n\n    <\/a>\n\n<button type=\"button\" onclick=\"window.open('\/wp-admin\/post.php?post=186641&#038;action=edit')\" class=\"edit-link\" aria-hidden=\"true\">Edit Post<\/button><\/div><div class=\"l-archive-results__col col-12 col-sm-10 col-md-6 col-lg-4 col-xl-3\">\n<a href=\"https:\/\/www.datacolor.com\/pt-br\/business-solutions\/blog\/mastering-color-management-in-plastics-manufacturing\/\" id=\"post-185075\" class=\"teaser teaser--blog teaser--vertical post-185075 post type-post status-publish format-standard has-post-thumbnail hentry category-formulacao-de-cor-e-controlo-de-qualidade tag-correspondencia-de-cores-para-plasticos tag-datacolor-para-plasticos tag-gestao-de-cores\">\n    <div class=\"teaser__main\">\n\n        <img decoding=\"async\" width=\"368\" height=\"476\" src=\"https:\/\/www.datacolor.com\/wp-content\/uploads\/2025\/11\/industry-guide-lp-banner-1536x1191-1-368x476.jpg\" class=\"attachment-cpt-feed size-cpt-feed\" alt=\"Gerenciamento de cores de pl\u00e1stico\" \/>\n        <div class=\"teaser__overlay\">\n\n            \n            <h2 class=\"teaser__title\">Dominando o gerenciamento de cores na fabrica\u00e7\u00e3o de pl\u00e1sticos<\/h2>\n\n            <p class=\"post-meta post-meta--teaser\"><i class=\"fas fa-list-ul\"><\/i> Formula\u00e7\u00e3o de cor e controlo de qualidade<\/p>\n        <\/div>\n\n        \n    <\/div>\n\n    <\/a>\n\n<button type=\"button\" onclick=\"window.open('\/wp-admin\/post.php?post=185075&#038;action=edit')\" class=\"edit-link\" aria-hidden=\"true\">Edit Post<\/button><\/div><div class=\"l-archive-results__col col-12 col-sm-10 col-md-6 col-lg-4 col-xl-3\">\n<a href=\"https:\/\/www.datacolor.com\/pt-br\/business-solutions\/blog\/qual-cor-escolher-como-fundo-na-sua-cabine-de-luz\/\" id=\"post-184869\" class=\"teaser teaser--blog teaser--vertical post-184869 post type-post status-publish format-standard has-post-thumbnail hentry category-escolhendo-a-solucao-certa\">\n    <div class=\"teaser__main\">\n\n        <img decoding=\"async\" width=\"368\" height=\"476\" src=\"https:\/\/www.datacolor.com\/wp-content\/uploads\/2025\/04\/ps-side-368x476.png\" class=\"attachment-cpt-feed size-cpt-feed\" alt=\"\" \/>\n        <div class=\"teaser__overlay\">\n\n            \n            <h2 class=\"teaser__title\">Qual cor escolher como fundo na sua cabine de luz?<\/h2>\n\n            <p class=\"post-meta post-meta--teaser\"><i class=\"fas fa-list-ul\"><\/i> Escolhendo a solu\u00e7\u00e3o certa<\/p>\n        <\/div>\n\n        \n    <\/div>\n\n    <\/a>\n\n<button type=\"button\" onclick=\"window.open('\/wp-admin\/post.php?post=184869&#038;action=edit')\" class=\"edit-link\" aria-hidden=\"true\">Edit Post<\/button><\/div><div class=\"l-archive-results__col col-12 col-sm-10 col-md-6 col-lg-4 col-xl-3\">\n<a href=\"https:\/\/www.datacolor.com\/pt-br\/business-solutions\/blog\/correspondencia-de-cores-em-design-e-fabricacao\/\" id=\"post-185184\" class=\"teaser teaser--blog teaser--vertical post-185184 post type-post status-publish format-standard has-post-thumbnail hentry category-formulacao-de-cor-e-controlo-de-qualidade\">\n    <div class=\"teaser__main\">\n\n        <img decoding=\"async\" width=\"368\" height=\"476\" src=\"https:\/\/www.datacolor.com\/wp-content\/uploads\/2025\/04\/shutterstock_1939661890-368x476.jpg\" class=\"attachment-cpt-feed size-cpt-feed\" alt=\"\" \/>\n        <div class=\"teaser__overlay\">\n\n            \n            <h2 class=\"teaser__title\">Correspond\u00eancia de cores em design e fabrica\u00e7\u00e3o.<\/h2>\n\n            <p class=\"post-meta post-meta--teaser\"><i class=\"fas fa-list-ul\"><\/i> Formula\u00e7\u00e3o de cor e controlo de qualidade<\/p>\n        <\/div>\n\n        \n    <\/div>\n\n    <\/a>\n\n<button type=\"button\" onclick=\"window.open('\/wp-admin\/post.php?post=185184&#038;action=edit')\" class=\"edit-link\" aria-hidden=\"true\">Edit Post<\/button><\/div>                <\/div>\n            <\/div>\n        <\/div>\n    <\/section><section id=\"gutenblock-block_fed85f5cebe45d42e8217092bbdb5ab8\" class=\"gutenblock gutenblock--oms-product-feed bg-color-white u-dots-bg\">\n        <div class=\"gutenblock-inner\">\n            <div class=\"container-fluid\">\n\n                    <div class=\"gutenblock-header \">\n        <div class=\"row header_row justify-content-center\">\n            <div class=\"header_column\">\n                <h2>Outros produtos de cor de que poder\u00e1 gostar<\/h2>\n            <\/div>\n        <\/div>\n    <\/div>\n\n                                    <div class=\"l-products__row row justify-content-center\">\n                        <div class='l-products__col col-12 col-sm-6 col-md-4'>\n<a href=\"https:\/\/www.datacolor.com\/pt-br\/business-solutions\/product\/spectro-1000\/\" class=\"product-teaser post-160904 product type-product status-publish has-post-thumbnail hentry product_category-espectrofotometros-de-bancada\">\n            <div class=\"product-teaser__image-wrap\">\n            <img decoding=\"async\" width=\"350\" height=\"350\" src=\"https:\/\/www.datacolor.com\/wp-content\/uploads\/2022\/04\/700x700-Product-Spectro-1000-350x350.png\" class=\"product-teaser__image wp-post-image\" alt=\"Datacolor Spectro 1000 benchtop spectrophotometer.\" srcset=\"https:\/\/www.datacolor.com\/wp-content\/uploads\/2022\/04\/700x700-Product-Spectro-1000-350x350.png 350w, https:\/\/www.datacolor.com\/wp-content\/uploads\/2022\/04\/700x700-Product-Spectro-1000-300x300.png 300w, https:\/\/www.datacolor.com\/wp-content\/uploads\/2022\/04\/700x700-Product-Spectro-1000-150x150.png 150w, https:\/\/www.datacolor.com\/wp-content\/uploads\/2022\/04\/700x700-Product-Spectro-1000-600x600.png 600w, https:\/\/www.datacolor.com\/wp-content\/uploads\/2022\/04\/700x700-Product-Spectro-1000.png 700w, https:\/\/www.datacolor.com\/wp-content\/uploads\/2022\/04\/700x700-Product-Spectro-1000-200x200.png 200w, https:\/\/www.datacolor.com\/wp-content\/uploads\/2022\/04\/700x700-Product-Spectro-1000-100x100.png 100w, https:\/\/www.datacolor.com\/wp-content\/uploads\/2022\/04\/700x700-Product-Spectro-1000-40x40.png 40w, https:\/\/www.datacolor.com\/wp-content\/uploads\/2022\/04\/700x700-Product-Spectro-1000-175x175.png 175w\" sizes=\"(max-width: 350px) 100vw, 350px\" \/>        <\/div>\n    \n    <p class=\"product-teaser__title\">Fam\u00edlia Spectro 1000<\/p>\n\n                <p class=\"product-teaser__excerpt\">Spectro 1000 proporciona a mais alta precis\u00e3o na frota de espectrofot\u00f3metros de bancada da Datacolor e foi concebido para uma elevada efici\u00eancia e confian\u00e7a na formula\u00e7\u00e3o de cores e no controlo de qualidade.<\/p>\n    <\/a>\n\n<button type=\"button\" onclick=\"window.open('\/wp-admin\/post.php?post=160904&#038;action=edit')\" class=\"edit-link\" aria-hidden=\"true\">Edit Post<\/button><\/div><div class='l-products__col col-12 col-sm-6 col-md-4'>\n<a href=\"https:\/\/www.datacolor.com\/pt-br\/business-solutions\/product\/colibri-colorquality\/\" class=\"product-teaser post-169931 product type-product status-publish has-post-thumbnail hentry product_category-colibri-cloud-platform\">\n            <div class=\"product-teaser__image-wrap\">\n            <img decoding=\"async\" width=\"350\" height=\"350\" src=\"https:\/\/www.datacolor.com\/wp-content\/uploads\/2023\/08\/Colibri-ColorQuality-working-from-home-735x735-1-350x350.jpg\" class=\"product-teaser__image wp-post-image\" alt=\"\" srcset=\"https:\/\/www.datacolor.com\/wp-content\/uploads\/2023\/08\/Colibri-ColorQuality-working-from-home-735x735-1-350x350.jpg 350w, https:\/\/www.datacolor.com\/wp-content\/uploads\/2023\/08\/Colibri-ColorQuality-working-from-home-735x735-1-300x300.jpg 300w, https:\/\/www.datacolor.com\/wp-content\/uploads\/2023\/08\/Colibri-ColorQuality-working-from-home-735x735-1-150x150.jpg 150w, https:\/\/www.datacolor.com\/wp-content\/uploads\/2023\/08\/Colibri-ColorQuality-working-from-home-735x735-1-600x600.jpg 600w, https:\/\/www.datacolor.com\/wp-content\/uploads\/2023\/08\/Colibri-ColorQuality-working-from-home-735x735-1-700x700.jpg 700w, https:\/\/www.datacolor.com\/wp-content\/uploads\/2023\/08\/Colibri-ColorQuality-working-from-home-735x735-1-200x200.jpg 200w, https:\/\/www.datacolor.com\/wp-content\/uploads\/2023\/08\/Colibri-ColorQuality-working-from-home-735x735-1-100x100.jpg 100w, https:\/\/www.datacolor.com\/wp-content\/uploads\/2023\/08\/Colibri-ColorQuality-working-from-home-735x735-1-40x40.jpg 40w, https:\/\/www.datacolor.com\/wp-content\/uploads\/2023\/08\/Colibri-ColorQuality-working-from-home-735x735-1-175x175.jpg 175w, https:\/\/www.datacolor.com\/wp-content\/uploads\/2023\/08\/Colibri-ColorQuality-working-from-home-735x735-1.jpg 735w\" sizes=\"(max-width: 350px) 100vw, 350px\" \/>        <\/div>\n    \n    <p class=\"product-teaser__title\">Software de controle de qualidade de cores: Colibri ColorQuality<\/p>\n\n                <p class=\"product-teaser__excerpt\">Gerir a qualidade dos produtos coloridos a n\u00edvel mundial.<\/p>\n    <\/a>\n\n<button type=\"button\" onclick=\"window.open('\/wp-admin\/post.php?post=169931&#038;action=edit')\" class=\"edit-link\" aria-hidden=\"true\">Edit Post<\/button><\/div><div class='l-products__col col-12 col-sm-6 col-md-4'>\n<a href=\"https:\/\/www.datacolor.com\/pt-br\/business-solutions\/product\/colibri-hub\/\" class=\"product-teaser post-169966 product type-product status-publish has-post-thumbnail hentry product_category-colibri-cloud-platform\">\n            <div class=\"product-teaser__image-wrap\">\n            <img decoding=\"async\" width=\"350\" height=\"350\" src=\"https:\/\/www.datacolor.com\/wp-content\/uploads\/2023\/08\/ColorHub-350x350.jpg\" class=\"product-teaser__image wp-post-image\" alt=\"\" srcset=\"https:\/\/www.datacolor.com\/wp-content\/uploads\/2023\/08\/ColorHub-350x350.jpg 350w, https:\/\/www.datacolor.com\/wp-content\/uploads\/2023\/08\/ColorHub-300x300.jpg 300w, https:\/\/www.datacolor.com\/wp-content\/uploads\/2023\/08\/ColorHub-150x150.jpg 150w, https:\/\/www.datacolor.com\/wp-content\/uploads\/2023\/08\/ColorHub-768x768.jpg 768w, https:\/\/www.datacolor.com\/wp-content\/uploads\/2023\/08\/ColorHub-600x600.jpg 600w, https:\/\/www.datacolor.com\/wp-content\/uploads\/2023\/08\/ColorHub-735x735.jpg 735w, https:\/\/www.datacolor.com\/wp-content\/uploads\/2023\/08\/ColorHub-700x700.jpg 700w, https:\/\/www.datacolor.com\/wp-content\/uploads\/2023\/08\/ColorHub-200x200.jpg 200w, https:\/\/www.datacolor.com\/wp-content\/uploads\/2023\/08\/ColorHub-100x100.jpg 100w, https:\/\/www.datacolor.com\/wp-content\/uploads\/2023\/08\/ColorHub-40x40.jpg 40w, https:\/\/www.datacolor.com\/wp-content\/uploads\/2023\/08\/ColorHub-175x175.jpg 175w, https:\/\/www.datacolor.com\/wp-content\/uploads\/2023\/08\/ColorHub.jpg 800w\" sizes=\"(max-width: 350px) 100vw, 350px\" \/>        <\/div>\n    \n    <p class=\"product-teaser__title\">Colibri Hub<\/p>\n\n                <p class=\"product-teaser__excerpt\">Gerir e comunicar dados principais com sistemas de terceiros sem problemas. <\/p>\n    <\/a>\n\n<button type=\"button\" onclick=\"window.open('\/wp-admin\/post.php?post=169966&#038;action=edit')\" class=\"edit-link\" aria-hidden=\"true\">Edit Post<\/button><\/div><div class='l-products__col col-12 col-sm-6 col-md-4'>\n<a href=\"https:\/\/www.datacolor.com\/pt-br\/business-solutions\/product\/colibri-analytics\/\" class=\"product-teaser post-169973 product type-product status-publish has-post-thumbnail hentry product_category-colibri-cloud-platform\">\n            <div class=\"product-teaser__image-wrap\">\n            <img decoding=\"async\" width=\"350\" height=\"290\" src=\"https:\/\/www.datacolor.com\/wp-content\/uploads\/2023\/08\/Analytics-350x290.png\" class=\"product-teaser__image wp-post-image\" alt=\"\" srcset=\"https:\/\/www.datacolor.com\/wp-content\/uploads\/2023\/08\/Analytics-350x290.png 350w, https:\/\/www.datacolor.com\/wp-content\/uploads\/2023\/08\/Analytics-300x249.png 300w, https:\/\/www.datacolor.com\/wp-content\/uploads\/2023\/08\/Analytics-1024x849.png 1024w, https:\/\/www.datacolor.com\/wp-content\/uploads\/2023\/08\/Analytics-768x637.png 768w, https:\/\/www.datacolor.com\/wp-content\/uploads\/2023\/08\/Analytics-1536x1273.png 1536w, https:\/\/www.datacolor.com\/wp-content\/uploads\/2023\/08\/Analytics-600x497.png 600w, https:\/\/www.datacolor.com\/wp-content\/uploads\/2023\/08\/Analytics-992x822.png 992w, https:\/\/www.datacolor.com\/wp-content\/uploads\/2023\/08\/Analytics-1200x995.png 1200w, https:\/\/www.datacolor.com\/wp-content\/uploads\/2023\/08\/Analytics-735x609.png 735w, https:\/\/www.datacolor.com\/wp-content\/uploads\/2023\/08\/Analytics-700x580.png 700w, https:\/\/www.datacolor.com\/wp-content\/uploads\/2023\/08\/Analytics-241x200.png 241w, https:\/\/www.datacolor.com\/wp-content\/uploads\/2023\/08\/Analytics-100x83.png 100w, https:\/\/www.datacolor.com\/wp-content\/uploads\/2023\/08\/Analytics-40x33.png 40w, https:\/\/www.datacolor.com\/wp-content\/uploads\/2023\/08\/Analytics-211x175.png 211w, https:\/\/www.datacolor.com\/wp-content\/uploads\/2023\/08\/Analytics.png 1708w\" sizes=\"(max-width: 350px) 100vw, 350px\" \/>        <\/div>\n    \n    <p class=\"product-teaser__title\">Colibri Analytics<\/p>\n\n                <p class=\"product-teaser__excerpt\">Impulsionar a efici\u00eancia com decis\u00f5es informadas e baseadas em dados.<\/p>\n    <\/a>\n\n<button type=\"button\" onclick=\"window.open('\/wp-admin\/post.php?post=169973&#038;action=edit')\" class=\"edit-link\" aria-hidden=\"true\">Edit Post<\/button><\/div>                    <\/div>\n                \n            <\/div>\n        <\/div>\n    <\/section><section id=\"gutenblock-block_81517ad12881f898646a58af2ce008ed\" class=\"gutenblock gutenblock--oms-cta \">\n\n        <img decoding=\"async\" width=\"1600\" height=\"500\" src=\"https:\/\/www.datacolor.com\/wp-content\/uploads\/2022\/01\/hero-footer-texture1-1600x500-1-1600x500.jpg\" class=\"bg_image\" alt=\"\" srcset=\"https:\/\/www.datacolor.com\/wp-content\/uploads\/2022\/01\/hero-footer-texture1-1600x500-1.jpg 1600w, https:\/\/www.datacolor.com\/wp-content\/uploads\/2022\/01\/hero-footer-texture1-1600x500-1-300x94.jpg 300w, https:\/\/www.datacolor.com\/wp-content\/uploads\/2022\/01\/hero-footer-texture1-1600x500-1-1024x320.jpg 1024w, https:\/\/www.datacolor.com\/wp-content\/uploads\/2022\/01\/hero-footer-texture1-1600x500-1-768x240.jpg 768w, https:\/\/www.datacolor.com\/wp-content\/uploads\/2022\/01\/hero-footer-texture1-1600x500-1-1536x480.jpg 1536w, https:\/\/www.datacolor.com\/wp-content\/uploads\/2022\/01\/hero-footer-texture1-1600x500-1-600x188.jpg 600w, https:\/\/www.datacolor.com\/wp-content\/uploads\/2022\/01\/hero-footer-texture1-1600x500-1-992x310.jpg 992w, https:\/\/www.datacolor.com\/wp-content\/uploads\/2022\/01\/hero-footer-texture1-1600x500-1-1200x375.jpg 1200w, https:\/\/www.datacolor.com\/wp-content\/uploads\/2022\/01\/hero-footer-texture1-1600x500-1-1000x313.jpg 1000w, https:\/\/www.datacolor.com\/wp-content\/uploads\/2022\/01\/hero-footer-texture1-1600x500-1-350x109.jpg 350w, https:\/\/www.datacolor.com\/wp-content\/uploads\/2022\/01\/hero-footer-texture1-1600x500-1-735x230.jpg 735w, https:\/\/www.datacolor.com\/wp-content\/uploads\/2022\/01\/hero-footer-texture1-1600x500-1-700x219.jpg 700w, https:\/\/www.datacolor.com\/wp-content\/uploads\/2022\/01\/hero-footer-texture1-1600x500-1-100x31.jpg 100w\" sizes=\"(max-width: 1600px) 100vw, 1600px\" \/>\n        <div class=\"gutenblock-inner\">\n\n            <div class=\"container-fluid l-cta__container\">\n\n                <div class=\"row l-cta__row l-cta__row--left\">\n\n                    <div class=\"col-12 col-lg-6 l-cta__col\">\n                        <div class=\"cta__content text-white\">\n\n\t\t\t    <h3>Inspecionar e corrigir facilmente os lotes de produ\u00e7\u00e3o utilizando o Colibri ColorQuality&amp;Correct<\/h3>\n<p>Obter a cor certa. Fale hoje com um especialista em cores.<\/p>\n\n                                                            <div class=\"cta_links_container mt-4\">\n                                    <a href=\"https:\/\/www.datacolor.com\/business-solutions\/request-product-info\/\" target=\"em branco\" class=\"cta_link btn-secondary\">Vamos falar de cor<\/a>                                <\/div>\n                            \n                        <\/div>\n                    <\/div>\n                <\/div>\n            <\/div>\n        <\/div>\n    <\/section>","protected":false},"excerpt":{"rendered":"","protected":false},"featured_media":169910,"parent":0,"template":"","meta":{"_acf_changed":false,"_relevanssi_hide_post":"","_relevanssi_hide_content":"","_relevanssi_pin_for_all":"","_relevanssi_pin_keywords":"","_relevanssi_unpin_keywords":"","_relevanssi_related_keywords":"","_relevanssi_related_include_ids":"","_relevanssi_related_exclude_ids":"","_relevanssi_related_no_append":"","_relevanssi_related_not_related":"","_relevanssi_related_posts":"160778,160708,160857,160676,160683,160686","_relevanssi_noindex_reason":"","_links_to":"","_links_to_target":""},"product_category":[1441],"class_list":["post-169980","product","type-product","status-publish","has-post-thumbnail","hentry","product_category-colibri-cloud-platform"],"acf":[],"yoast_head":"<!-- This site is optimized with the Yoast SEO plugin v26.6 - https:\/\/yoast.com\/wordpress\/plugins\/seo\/ -->\n<title>Colibri ColorQuality&amp;Correct para produ\u00e7\u00e3o | Datacolor<\/title>\n<meta name=\"description\" content=\"Colibri ColorQuality&amp;Correct facilita \u00e0 produ\u00e7\u00e3o a realiza\u00e7\u00e3o de avalia\u00e7\u00f5es de lotes de inspe\u00e7\u00e3o, tornando mais f\u00e1cil a decis\u00e3o de aceitar ou corrigir lotes.\" \/>\n<meta name=\"robots\" content=\"index, follow, max-snippet:-1, max-image-preview:large, max-video-preview:-1\" \/>\n<link rel=\"canonical\" href=\"https:\/\/www.datacolor.com\/pt-br\/business-solutions\/product\/colibri-colorquality-correct\/\" \/>\n<meta property=\"og:locale\" content=\"pt_BR\" \/>\n<meta property=\"og:type\" content=\"article\" \/>\n<meta property=\"og:title\" content=\"Colibri ColorQuality&amp;Correct para produ\u00e7\u00e3o | Datacolor\" \/>\n<meta property=\"og:description\" content=\"Colibri ColorQuality&amp;Correct facilita \u00e0 produ\u00e7\u00e3o a realiza\u00e7\u00e3o de avalia\u00e7\u00f5es de lotes de inspe\u00e7\u00e3o, tornando mais f\u00e1cil a decis\u00e3o de aceitar ou corrigir lotes.\" \/>\n<meta property=\"og:url\" content=\"https:\/\/www.datacolor.com\/pt-br\/business-solutions\/product\/colibri-colorquality-correct\/\" \/>\n<meta property=\"og:site_name\" content=\"Datacolor\" \/>\n<meta property=\"article:publisher\" content=\"https:\/\/facebook.com\/DatacolorCorporate\" \/>\n<meta property=\"article:modified_time\" content=\"2023-10-17T09:18:35+00:00\" \/>\n<meta property=\"og:image\" content=\"https:\/\/www.datacolor.com\/wp-content\/uploads\/2023\/08\/QualityCorrection.jpg\" \/>\n\t<meta property=\"og:image:width\" content=\"800\" \/>\n\t<meta property=\"og:image:height\" content=\"668\" \/>\n\t<meta property=\"og:image:type\" content=\"image\/jpeg\" \/>\n<meta name=\"twitter:card\" content=\"summary_large_image\" \/>\n<!-- \/ Yoast SEO plugin. -->","yoast_head_json":{"title":"Colibri ColorQuality&Correct para produ\u00e7\u00e3o | Datacolor","description":"Colibri ColorQuality&Correct facilita \u00e0 produ\u00e7\u00e3o a realiza\u00e7\u00e3o de avalia\u00e7\u00f5es de lotes de inspe\u00e7\u00e3o, tornando mais f\u00e1cil a decis\u00e3o de aceitar ou corrigir lotes.","robots":{"index":"index","follow":"follow","max-snippet":"max-snippet:-1","max-image-preview":"max-image-preview:large","max-video-preview":"max-video-preview:-1"},"canonical":"https:\/\/www.datacolor.com\/pt-br\/business-solutions\/product\/colibri-colorquality-correct\/","og_locale":"pt_BR","og_type":"article","og_title":"Colibri ColorQuality&Correct para produ\u00e7\u00e3o | Datacolor","og_description":"Colibri ColorQuality&Correct facilita \u00e0 produ\u00e7\u00e3o a realiza\u00e7\u00e3o de avalia\u00e7\u00f5es de lotes de inspe\u00e7\u00e3o, tornando mais f\u00e1cil a decis\u00e3o de aceitar ou corrigir lotes.","og_url":"https:\/\/www.datacolor.com\/pt-br\/business-solutions\/product\/colibri-colorquality-correct\/","og_site_name":"Datacolor","article_publisher":"https:\/\/facebook.com\/DatacolorCorporate","article_modified_time":"2023-10-17T09:18:35+00:00","og_image":[{"width":800,"height":668,"url":"https:\/\/www.datacolor.com\/wp-content\/uploads\/2023\/08\/QualityCorrection.jpg","type":"image\/jpeg"}],"twitter_card":"summary_large_image","schema":{"@context":"https:\/\/schema.org","@graph":[{"@type":"WebPage","@id":"https:\/\/www.datacolor.com\/pt-br\/business-solutions\/product\/colibri-colorquality-correct\/","url":"https:\/\/www.datacolor.com\/pt-br\/business-solutions\/product\/colibri-colorquality-correct\/","name":"Colibri ColorQuality&Correct para produ\u00e7\u00e3o | Datacolor","isPartOf":{"@id":"https:\/\/www.datacolor.com\/pt-br\/#website"},"primaryImageOfPage":{"@id":"https:\/\/www.datacolor.com\/pt-br\/business-solutions\/product\/colibri-colorquality-correct\/#primaryimage"},"image":{"@id":"https:\/\/www.datacolor.com\/pt-br\/business-solutions\/product\/colibri-colorquality-correct\/#primaryimage"},"thumbnailUrl":"https:\/\/www.datacolor.com\/wp-content\/uploads\/2023\/08\/QualityCorrection.jpg","datePublished":"2023-08-24T18:23:09+00:00","dateModified":"2023-10-17T09:18:35+00:00","description":"Colibri ColorQuality&Correct facilita \u00e0 produ\u00e7\u00e3o a realiza\u00e7\u00e3o de avalia\u00e7\u00f5es de lotes de inspe\u00e7\u00e3o, tornando mais f\u00e1cil a decis\u00e3o de aceitar ou corrigir lotes.","inLanguage":"pt-BR","potentialAction":[{"@type":"ReadAction","target":["https:\/\/www.datacolor.com\/pt-br\/business-solutions\/product\/colibri-colorquality-correct\/"]}]},{"@type":"ImageObject","inLanguage":"pt-BR","@id":"https:\/\/www.datacolor.com\/pt-br\/business-solutions\/product\/colibri-colorquality-correct\/#primaryimage","url":"https:\/\/www.datacolor.com\/wp-content\/uploads\/2023\/08\/QualityCorrection.jpg","contentUrl":"https:\/\/www.datacolor.com\/wp-content\/uploads\/2023\/08\/QualityCorrection.jpg","width":800,"height":668},{"@type":"WebSite","@id":"https:\/\/www.datacolor.com\/pt-br\/#website","url":"https:\/\/www.datacolor.com\/pt-br\/","name":"Datacolor","description":"Color Management Solutions","publisher":{"@id":"https:\/\/www.datacolor.com\/pt-br\/#organization"},"potentialAction":[{"@type":"SearchAction","target":{"@type":"EntryPoint","urlTemplate":"https:\/\/www.datacolor.com\/pt-br\/?s={search_term_string}"},"query-input":{"@type":"PropertyValueSpecification","valueRequired":true,"valueName":"search_term_string"}}],"inLanguage":"pt-BR"},{"@type":"Organization","@id":"https:\/\/www.datacolor.com\/pt-br\/#organization","name":"Datacolor","url":"https:\/\/www.datacolor.com\/pt-br\/","logo":{"@type":"ImageObject","inLanguage":"pt-BR","@id":"https:\/\/www.datacolor.com\/pt-br\/#\/schema\/logo\/image\/","url":"https:\/\/www.datacolor.com\/wp-content\/uploads\/2021\/12\/logo-header.jpg","contentUrl":"https:\/\/www.datacolor.com\/wp-content\/uploads\/2021\/12\/logo-header.jpg","width":259,"height":45,"caption":"Datacolor"},"image":{"@id":"https:\/\/www.datacolor.com\/pt-br\/#\/schema\/logo\/image\/"},"sameAs":["https:\/\/facebook.com\/DatacolorCorporate","https:\/\/linkedin.com\/company\/datacolor","https:\/\/www.youtube.com\/user\/DatacolorIndustrial"]}]}},"_links":{"self":[{"href":"https:\/\/www.datacolor.com\/pt-br\/wp-json\/wp\/v2\/product\/169980","targetHints":{"allow":["GET"]}}],"collection":[{"href":"https:\/\/www.datacolor.com\/pt-br\/wp-json\/wp\/v2\/product"}],"about":[{"href":"https:\/\/www.datacolor.com\/pt-br\/wp-json\/wp\/v2\/types\/product"}],"version-history":[{"count":0,"href":"https:\/\/www.datacolor.com\/pt-br\/wp-json\/wp\/v2\/product\/169980\/revisions"}],"wp:featuredmedia":[{"embeddable":true,"href":"https:\/\/www.datacolor.com\/pt-br\/wp-json\/wp\/v2\/media\/169910"}],"wp:attachment":[{"href":"https:\/\/www.datacolor.com\/pt-br\/wp-json\/wp\/v2\/media?parent=169980"}],"wp:term":[{"taxonomy":"product_category","embeddable":true,"href":"https:\/\/www.datacolor.com\/pt-br\/wp-json\/wp\/v2\/product_category?post=169980"}],"curies":[{"name":"wp","href":"https:\/\/api.w.org\/{rel}","templated":true}]}}