{"id":1071,"date":"2020-06-24T13:02:41","date_gmt":"2020-06-24T13:02:41","guid":{"rendered":"http:\/\/new.spyder.datacolor.eu\/spyder\/\/shop\/"},"modified":"2022-03-10T14:49:02","modified_gmt":"2022-03-10T14:49:02","slug":"home","status":"publish","type":"page","link":"https:\/\/www.datacolor.com\/spyder\/de\/home\/","title":{"rendered":"Home"},"content":{"rendered":"<div class=\"wpb-content-wrapper\"><p>[vc_row css=&#8220;.vc_custom_1592967808068{margin-bottom: 60px !important;}&#8220;][vc_column]<div class=\"nm-banner-slider plugin-slick pagination-color-gray slick-slider slick-dots-inside has-pagination pagination-mobile-inside pagination-left\" data-adaptive-height=\"true\" data-arrows=\"true\" data-dots=\"true\" data-infinite=\"true\">\r\n\t\t\t<div class=\"nm-banner content-full image-type-fluid text-color-dark subtitle-below alt-mobile-layout\" style=\"background-color: #f3f3f3;\"><img fetchpriority=\"high\" decoding=\"async\" src=\"https:\/\/www.datacolor.com\/spyder\/wp-content\/uploads\/2020\/09\/homepage-carousel_1.png\" width=\"767\" height=\"579\" alt=\"homepage carousel_1\" \/>\r\n\t\t\t\t<div class=\"nm-banner-content\">\r\n\t\t\t\t\t<div class=\"nm-banner-content-inner h_left v_center align_left\">\r\n\t\t\t\t\t\t<div class=\"nm-banner-text large\" style=\"max-width:45%;\">\r\n\t\t\t\t\t\t\t<div class=\"nm-banner-text-inner\"><h1 class=\"nm-banner-title\">Pr\u00e4zise Farbmessung im Handumdrehen<\/h1><h2 class=\"nm-banner-subtitle nm-alt-font\">Von punktgenauen Farbdaten bis hin zur problemlosen Farbabstimmungen ist der ColorReader das ideale Ger\u00e4t f\u00fcr eine professionelle Farbmessung.<\/h2><a href=\"http:\/\/www.datacolor.com/colorreader\/de\/products\/\" class=\"nm-banner-link type-btn\">Learn More<\/a><\/div>\r\n\t\t\t\t\t\t<\/div>\r\n\t\t\t\t\t<\/div>\r\n\t\t\t\t<\/div>\r\n\t\t\t<\/div>\r\n\t\t\t<div class=\"nm-banner content-full image-type-fluid text-color-dark subtitle-below alt-mobile-layout\" style=\"background-color: #f3f3f3;\"><img decoding=\"async\" src=\"https:\/\/www.datacolor.com\/spyder\/wp-content\/uploads\/2020\/09\/homepage-carousel_2.png\" width=\"767\" height=\"579\" alt=\"homepage carousel_2\" \/>\r\n\t\t\t\t<div class=\"nm-banner-content\">\r\n\t\t\t\t\t<div class=\"nm-banner-content-inner h_left v_center align_left\">\r\n\t\t\t\t\t\t<div class=\"nm-banner-text large\" style=\"max-width:45%;\">\r\n\t\t\t\t\t\t\t<div class=\"nm-banner-text-inner\"><h1 class=\"nm-banner-title\">ColorReader EZ: genaue Farbabstimmung f\u00fcr Zuhause und f\u00fcr kreative Projekte.<\/h1><h2 class=\"nm-banner-subtitle nm-alt-font\">Der ColorReader EZ ist einfach zu bedienen und liefert Ihnen unmittelbar, pr\u00e4zise und ohne gro\u00dfen Aufwand die Zielfarbe Ihres Heimwerkerprojekte.<\/h2><a href=\"http:\/\/www.datacolor.com/colorreader\/de\/products\/colorreader-ez\/\" class=\"nm-banner-link type-btn\">Learn More<\/a><\/div>\r\n\t\t\t\t\t\t<\/div>\r\n\t\t\t\t\t<\/div>\r\n\t\t\t\t<\/div>\r\n\t\t\t<\/div>\r\n\t\t\t<div class=\"nm-banner content-full image-type-fluid text-color-dark subtitle-below alt-mobile-layout\" style=\"background-color: #f3f3f3;\"><img decoding=\"async\" src=\"https:\/\/www.datacolor.com\/spyder\/wp-content\/uploads\/2020\/09\/colorreader-homebanner-03.png\" width=\"767\" height=\"579\" alt=\"colorreader-homebanner-03\" \/>\r\n\t\t\t\t<div class=\"nm-banner-content\">\r\n\t\t\t\t\t<div class=\"nm-banner-content-inner h_left v_center align_left\">\r\n\t\t\t\t\t\t<div class=\"nm-banner-text large\" style=\"max-width:45%;\">\r\n\t\t\t\t\t\t\t<div class=\"nm-banner-text-inner\"><h1 class=\"nm-banner-title\">ColorReader: tragbare und pr\u00e4zise Farbbestimmung<\/h1><h2 class=\"nm-banner-subtitle nm-alt-font\">Der leichte und tragbare ColorReader bietet Ihnen pr\u00e4zise Farbmessung mit nur einem Tastendruck.<\/h2><a href=\"http:\/\/www.datacolor.com/colorreader\/de\/products\/colorreader\/\" class=\"nm-banner-link type-btn\">Learn More<\/a><\/div>\r\n\t\t\t\t\t\t<\/div>\r\n\t\t\t\t\t<\/div>\r\n\t\t\t\t<\/div>\r\n\t\t\t<\/div>\r\n\t\t\t<div class=\"nm-banner content-full image-type-fluid text-color-dark subtitle-below alt-mobile-layout\" style=\"background-color: #f3f3f3;\"><img loading=\"lazy\" decoding=\"async\" src=\"https:\/\/www.datacolor.com\/spyder\/wp-content\/uploads\/2020\/09\/colorreader-homebanner-04.png\" width=\"767\" height=\"579\" alt=\"colorreader-homebanner-04\" \/>\r\n\t\t\t\t<div class=\"nm-banner-content\">\r\n\t\t\t\t\t<div class=\"nm-banner-content-inner h_left v_center align_left\">\r\n\t\t\t\t\t\t<div class=\"nm-banner-text large\" style=\"max-width:45%;\">\r\n\t\t\t\t\t\t\t<div class=\"nm-banner-text-inner\"><h1 class=\"nm-banner-title\">ColorReader Pro: mehr Flexibilit\u00e4t bei gleicher Pr\u00e4zision in der Farbabstimmung.<\/h1><h2 class=\"nm-banner-subtitle nm-alt-font\">Verf\u00fcgt \u00fcber einen Anzeigebildschirm direkt auf dem Ger\u00e4t und kann somit auch ohne Smartphone betrieben werden.<\/h2><a href=\"http:\/\/www.datacolor.com/colorreader\/de\/products\/colorreader-pro\/\" class=\"nm-banner-link type-btn\">Learn More<\/a><\/div>\r\n\t\t\t\t\t\t<\/div>\r\n\t\t\t\t\t<\/div>\r\n\t\t\t\t<\/div>\r\n\t\t\t<\/div><\/div>[\/vc_column][\/vc_row][vc_row type=&#8220;boxed&#8220; equal_height=&#8220;yes&#8220; el_id=&#8220;home_feature&#8220;][vc_column width=&#8220;1\/2&#8243; el_class=&#8220;feature_block&#8220; css=&#8220;.vc_custom_1593499424699{margin-bottom: 30px !important;}&#8220;][vc_row_inner type=&#8220;boxed&#8220; css=&#8220;.vc_custom_1593492537858{margin-right: 12px !important;margin-left: 12px !important;}&#8220;][vc_column_inner css=&#8220;.vc_custom_1594910183363{padding-bottom: 16px !important;background-color: #f2f2f2 !important;}&#8220;][vc_column_text css=&#8220;.vc_custom_1596181318947{margin-top: 30px !important;margin-bottom: 32px !important;padding-right: 15px !important;padding-left: 15px !important;}&#8220; el_class=&#8220;feature_text&#8220;]<\/p>\n<h2 style=\"text-align: center;\">Farbe und Beschichtungen bestimmen<\/h2>\n<p style=\"text-align: center;\">Mit beispielloser Genauigkeit bestimmt ColorReader die Farben der meisten Farbmarken*. Wenn Sie im Voraus mit Datacolor arbeiten, k\u00f6nnen Sie sogar Ihre eigenen benutzerdefinierten Farbsammlungen hinzuf\u00fcgen!<\/p>\n<p>[\/vc_column_text]\r\n\t\t\t<div class=\"nm_btn_align_center\">\r\n\t\t\t\t<a href=\"http:\/\/www.datacolor.com/colorreader\/de\/products\/\" class=\"nm_btn nm_btn_md nm_btn_filled\" title=\"Products\">\r\n\t\t\t\t\t<span class=\"nm_btn_title\">Learn More<\/span>\r\n\t\t\t\t\t<span class=\"nm_btn_bg\" style=\"background-color:#cb333b;\"><\/span>\r\n\t\t\t\t<\/a>\r\n\t\t\t<\/div>[\/vc_column_inner][\/vc_row_inner][vc_row_inner type=&#8220;full-nopad&#8220; content_placement=&#8220;bottom&#8220; css=&#8220;.vc_custom_1593492546205{margin-right: 12px !important;margin-left: 12px !important;padding-right: 0px !important;padding-left: 0px !important;}&#8220; el_class=&#8220;info_img&#8220;][vc_column_inner][vc_single_image image=&#8220;1880&#8243; img_size=&#8220;full&#8220; alignment=&#8220;center&#8220;][\/vc_column_inner][\/vc_row_inner][\/vc_column][vc_column width=&#8220;1\/2&#8243; el_class=&#8220;feature_block&#8220; css=&#8220;.vc_custom_1593499430378{margin-bottom: 30px !important;}&#8220;][vc_row_inner type=&#8220;boxed&#8220; css=&#8220;.vc_custom_1593492558445{margin-right: 12px !important;margin-left: 12px !important;}&#8220;][vc_column_inner css=&#8220;.vc_custom_1594910192959{padding-bottom: 16px !important;background-color: #f2f2f2 !important;}&#8220;][vc_column_text css=&#8220;.vc_custom_1599747572453{margin-top: 30px !important;margin-bottom: 32px !important;padding-right: 15px !important;padding-left: 15px !important;}&#8220; el_class=&#8220;feature_text&#8220;]<\/p>\n<h2 style=\"text-align: center;\">Abgleich mit Farbwerten<\/h2>\n<p style=\"text-align: center;\">Mit einem Tastendruck erhalten Sie pr\u00e4zise Messungen digitaler Farbmodelle wie CIE Lab, RGB und Hex. Mit ColorReader und ColorReader Pro erhalten Sie dar\u00fcber hinaus CMYK-, LCH- und LRV-Werte.<\/p>\n<p>[\/vc_column_text]\r\n\t\t\t<div class=\"nm_btn_align_center\">\r\n\t\t\t\t<a href=\"http:\/\/www.datacolor.com/colorreader\/de\/products\/\" class=\"nm_btn nm_btn_md nm_btn_filled\" title=\"Products\">\r\n\t\t\t\t\t<span class=\"nm_btn_title\">Learn More<\/span>\r\n\t\t\t\t\t<span class=\"nm_btn_bg\" style=\"background-color:#cb333b;\"><\/span>\r\n\t\t\t\t<\/a>\r\n\t\t\t<\/div>[\/vc_column_inner][\/vc_row_inner][vc_row_inner type=&#8220;boxed&#8220; content_placement=&#8220;bottom&#8220; css=&#8220;.vc_custom_1593492551606{margin-right: 12px !important;margin-left: 12px !important;padding-right: 0px !important;padding-left: 0px !important;}&#8220; el_class=&#8220;info_img&#8220;][vc_column_inner][vc_single_image image=&#8220;1876&#8243; img_size=&#8220;full&#8220; alignment=&#8220;center&#8220;][\/vc_column_inner][\/vc_row_inner][\/vc_column][\/vc_row][vc_row type=&#8220;boxed&#8220; css=&#8220;.vc_custom_1593418941482{margin-top: 64px !important;margin-bottom: 64px !important;}&#8220;][vc_column][vc_separator][\/vc_column][\/vc_row][vc_row type=&#8220;boxed&#8220; css=&#8220;.vc_custom_1593012956281{margin-top: 64px !important;margin-bottom: 64px !important;}&#8220;][vc_column][vc_column_text]<\/p>\n<h2 style=\"text-align: left;\">Die Verwendung von ColorReader ist einfach<\/h2>\n<p>Beginnen Sie mit dem Download der ColorReader-App, laden Sie das Ger\u00e4t auf und folgen Sie dann den einfachen Farbkalibrierungsschritten.[\/vc_column_text][\/vc_column][\/vc_row][vc_row type=&#8220;boxed&#8220; equal_height=&#8220;yes&#8220; css=&#8220;.vc_custom_1593010921174{margin-top: 64px !important;margin-bottom: 60px !important;}&#8220;][vc_column width=&#8220;1\/2&#8243; offset=&#8220;vc_col-lg-3 vc_col-md-6 vc_col-xs-12&#8243; css=&#8220;.vc_custom_1593012349952{margin-bottom: 40px !important;}&#8220;][vc_row_inner type=&#8220;full-nopad&#8220; el_class=&#8220;feature_img&#8220;][vc_column_inner][vc_single_image image=&#8220;2121&#8243; img_size=&#8220;570&#215;722&#8243; alignment=&#8220;center&#8220;][\/vc_column_inner][\/vc_row_inner][vc_column_text css=&#8220;.vc_custom_1597326445428{margin-top: 30px !important;padding-right: 15px !important;padding-left: 15px !important;}&#8220;]<strong><span style=\"color: #dd3333;\">Schritt 1<\/span><\/strong><\/p>\n<p>Beim ColorReader EZ dr\u00fccken Sie die gr\u00fcne Taste.<\/p>\n<p>Beim ColorReader dr\u00fccken Sie die Taste neben dem Ladeanschluss.<\/p>\n<p>F\u00fcr ColorReader Pro dr\u00fccken Sie auf die Oberseite des Ger\u00e4ts.[\/vc_column_text][\/vc_column][vc_column width=&#8220;1\/2&#8243; offset=&#8220;vc_col-lg-3 vc_col-md-6 vc_col-xs-12&#8243; css=&#8220;.vc_custom_1593012458470{margin-bottom: 40px !important;}&#8220;][vc_row_inner type=&#8220;full-nopad&#8220; el_class=&#8220;feature_img&#8220;][vc_column_inner][vc_single_image image=&#8220;1957&#8243; img_size=&#8220;570&#215;722&#8243; alignment=&#8220;center&#8220;][\/vc_column_inner][\/vc_row_inner][vc_column_text css=&#8220;.vc_custom_1597326453926{margin-top: 30px !important;padding-right: 15px !important;padding-left: 15px !important;}&#8220;]<strong><span style=\"color: #dd3333;\">Schritt 2<\/span><\/strong><\/p>\n<p>Positionieren Sie das Ger\u00e4t mit der Sensor\u00f6ffnung nach unten auf einer beliebigen ebenen Oberfl\u00e4che und dr\u00fccken Sie in der App die Taste &#8222;Lesen&#8220;.<\/p>\n<p>Beim ColorReader EZ k\u00f6nnen Sie auch die gr\u00fcne Taste dr\u00fccken.<\/p>\n<p>Bei ColorReader Pro k\u00f6nnen Sie auch auf die Oberseite des Ger\u00e4ts dr\u00fccken.[\/vc_column_text][\/vc_column][vc_column width=&#8220;1\/2&#8243; offset=&#8220;vc_col-lg-3 vc_col-md-6 vc_col-xs-12&#8243; css=&#8220;.vc_custom_1592982483445{margin-bottom: 40px !important;}&#8220;][vc_row_inner type=&#8220;full-nopad&#8220; el_class=&#8220;feature_img&#8220;][vc_column_inner][vc_single_image image=&#8220;3080&#8243; img_size=&#8220;570&#215;722&#8243; alignment=&#8220;center&#8220;][\/vc_column_inner][\/vc_row_inner][vc_column_text css=&#8220;.vc_custom_1597326462273{margin-top: 30px !important;padding-right: 15px !important;padding-left: 15px !important;}&#8220;]<strong><span style=\"color: #dd3333;\">Schritt 3<\/span><\/strong><\/p>\n<p>In der App k\u00f6nnen Sie Ihre gemessene Farbe auf der linken Seite und die n\u00e4chstliegenden Farb\u00fcbereinstimmungen mit Farben hinterlegter Farbf\u00e4cher auf der rechten Seite anzeigen.<\/p>\n<p>Beim ColorReader Pro synchronisieren Sie die hinterlegten Farbf\u00e4cher mit dem Ger\u00e4t, um die n\u00e4chstgelegenen Farben der gespeicherten Farbf\u00e4cher auf dem Display anzeigen zu lassen.[\/vc_column_text][\/vc_column][vc_column width=&#8220;1\/2&#8243; css=&#8220;.vc_custom_1592982491174{margin-bottom: 40px !important;}&#8220; offset=&#8220;vc_col-lg-3 vc_col-md-6 vc_col-xs-1&#8243;][vc_row_inner type=&#8220;full-nopad&#8220; el_class=&#8220;feature_img&#8220;][vc_column_inner][vc_single_image image=&#8220;3084&#8243; img_size=&#8220;570&#215;722&#8243; alignment=&#8220;center&#8220;][\/vc_column_inner][\/vc_row_inner][vc_column_text css=&#8220;.vc_custom_1597326519435{margin-top: 30px !important;padding-right: 15px !important;padding-left: 15px !important;}&#8220;]<strong><span style=\"color: #dd3333;\">Schritt 4<\/span><\/strong><\/p>\n<p>Ber\u00fchren Sie den Farbstreifen auf der linken Seite, um die genauen Farbwerte der gemessenen Farbe anzuzeigen.[\/vc_column_text][\/vc_column][\/vc_row][vc_row type=&#8220;boxed&#8220; css=&#8220;.vc_custom_1593418920225{margin-top: 64px !important;margin-bottom: 64px !important;}&#8220;][vc_column][vc_separator][\/vc_column][\/vc_row][vc_row type=&#8220;boxed&#8220; css=&#8220;.vc_custom_1593418937038{margin-top: 64px !important;margin-bottom: 64px !important;}&#8220;][vc_column][vc_column_text]<\/p>\n<h2 style=\"text-align: center;\">Erfassen Sie Farben wie nie zuvor<\/h2>\n<p style=\"text-align: center;\">Profis und Heimwerker verlassen sich auf die F\u00e4higkeit des ColorReaders, Farben schnell und genau zu erkennen. Im Vergleich zur konventionellen Methode, bei der mittels eines Farbf\u00e4chers der richtige Farbton m\u00fchsam gefunden werden muss, kommen Sie mit dem ColorReader direkt auf den Punkt und sparen somit Zeit und Geld.<\/p>\n<p>[\/vc_column_text][\/vc_column][\/vc_row][vc_row type=&#8220;boxed&#8220; equal_height=&#8220;yes&#8220;][vc_column width=&#8220;1\/3&#8243;][vc_row_inner][vc_column_inner width=&#8220;1\/3&#8243; css=&#8220;.vc_custom_1593498044505{margin-bottom: 20px !important;}&#8220;][vc_single_image image=&#8220;1587&#8243; img_size=&#8220;full&#8220; alignment=&#8220;center&#8220; onclick=&#8220;custom_link&#8220; link=&#8220;\/colorreader\/de\/blog\/category\/maler-und-bauunternehmer\/&#8220;][vc_column_text css=&#8220;.vc_custom_1646922477308{margin-top: 16px !important;}&#8220;]<\/p>\n<h6 style=\"text-align: center;\"><span style=\"color: #dd3333;\"><a style=\"color: #dd3333;\" href=\"\/colorreader\/de\/blog\/category\/maler-und-bauunternehmer\/\">Maler und Bauunternehmer<\/a> <\/span><\/h6>\n<p>[\/vc_column_text][\/vc_column_inner][vc_column_inner width=&#8220;1\/3&#8243; offset=&#8220;vc_hidden-xs&#8220;][\/vc_column_inner][vc_column_inner width=&#8220;1\/3&#8243; css=&#8220;.vc_custom_1593498059940{margin-bottom: 20px !important;}&#8220;][vc_single_image image=&#8220;1591&#8243; img_size=&#8220;full&#8220; alignment=&#8220;center&#8220; onclick=&#8220;custom_link&#8220; link=&#8220;\/colorreader\/de\/blog\/category\/textilien\/&#8220;][vc_column_text css=&#8220;.vc_custom_1646922499810{margin-top: 16px !important;}&#8220;]<\/p>\n<h6 style=\"text-align: center;\"><a href=\"\/colorreader\/de\/blog\/category\/textilien\/\"><span style=\"color: #dd3333;\">Textilien<\/span><\/a><\/h6>\n<p>[\/vc_column_text][\/vc_column_inner][\/vc_row_inner][\/vc_column][vc_column width=&#8220;1\/3&#8243; css=&#8220;.vc_custom_1593417574835{margin-bottom: 20px !important;}&#8220;][vc_row_inner][vc_column_inner width=&#8220;1\/3&#8243; offset=&#8220;vc_hidden-xs&#8220;][\/vc_column_inner][vc_column_inner width=&#8220;1\/3&#8243; css=&#8220;.vc_custom_1593498074644{margin-bottom: 20px !important;}&#8220;][vc_single_image image=&#8220;1595&#8243; img_size=&#8220;full&#8220; alignment=&#8220;center&#8220; onclick=&#8220;custom_link&#8220; link=&#8220;\/colorreader\/de\/blog\/category\/grafikdesigner-und-fotografen\/&#8220;][vc_column_text]<\/p>\n<h6 style=\"text-align: center;\"><a href=\"\/colorreader\/de\/blog\/category\/grafikdesigner-und-fotografen\/\"><span style=\"color: #dd3333;\">Grafikdesigner und Fotografen<\/span><\/a><\/h6>\n<p>[\/vc_column_text][\/vc_column_inner][vc_column_inner width=&#8220;1\/3&#8243; offset=&#8220;vc_hidden-xs&#8220;][\/vc_column_inner][\/vc_row_inner][\/vc_column][vc_column width=&#8220;1\/3&#8243; css=&#8220;.vc_custom_1593417580324{margin-bottom: 20px !important;}&#8220;][vc_row_inner][vc_column_inner width=&#8220;1\/3&#8243; css=&#8220;.vc_custom_1593498086603{margin-bottom: 20px !important;}&#8220;][vc_single_image image=&#8220;1599&#8243; img_size=&#8220;full&#8220; alignment=&#8220;center&#8220; onclick=&#8220;custom_link&#8220; link=&#8220;\/colorreader\/de\/blog\/category\/wiederverkaeufer\/&#8220;][vc_column_text]<\/p>\n<h6 style=\"text-align: center;\"><a href=\"\/colorreader\/de\/blog\/category\/wiederverkaeufer\/\"><span style=\"color: #dd3333;\">Wiederverk\u00e4ufer<\/span><\/a><\/h6>\n<p>[\/vc_column_text][\/vc_column_inner][vc_column_inner width=&#8220;1\/3&#8243; offset=&#8220;vc_hidden-xs&#8220;][\/vc_column_inner][vc_column_inner width=&#8220;1\/3&#8243; css=&#8220;.vc_custom_1593498097953{margin-bottom: 20px !important;}&#8220;][vc_single_image image=&#8220;1603&#8243; img_size=&#8220;full&#8220; alignment=&#8220;center&#8220; onclick=&#8220;custom_link&#8220; link=&#8220;\/colorreader\/de\/blog\/category\/architekten\/&#8220;][vc_column_text]<\/p>\n<h6 style=\"text-align: center;\"><a href=\"\/colorreader\/de\/blog\/category\/architekten\/\"><span style=\"color: #dd3333;\">Architekten<\/span><\/a><\/h6>\n<p>[\/vc_column_text][\/vc_column_inner][\/vc_row_inner][\/vc_column][\/vc_row][vc_row type=&#8220;boxed&#8220; equal_height=&#8220;yes&#8220;][vc_column width=&#8220;1\/3&#8243; css=&#8220;.vc_custom_1593416727533{margin-bottom: 20px !important;}&#8220;][vc_row_inner][vc_column_inner width=&#8220;1\/3&#8243; offset=&#8220;vc_hidden-xs&#8220;][\/vc_column_inner][vc_column_inner width=&#8220;1\/3&#8243; css=&#8220;.vc_custom_1593498139579{margin-bottom: 20px !important;}&#8220;][vc_single_image image=&#8220;1607&#8243; img_size=&#8220;full&#8220; alignment=&#8220;center&#8220; onclick=&#8220;custom_link&#8220; link=&#8220;\/colorreader\/de\/blog\/category\/innenarchitekten-und-dekorateure\/&#8220;][vc_column_text]<\/p>\n<h6 style=\"text-align: center;\"><a href=\"\/colorreader\/de\/blog\/category\/innenarchitekten-und-dekorateure\/\"><span style=\"color: #dd3333;\">Innenarchitekten und Dekorateure<\/span><\/a><\/h6>\n<p>[\/vc_column_text][\/vc_column_inner][vc_column_inner width=&#8220;1\/3&#8243; offset=&#8220;vc_hidden-xs&#8220;][\/vc_column_inner][\/vc_row_inner][\/vc_column][vc_column width=&#8220;1\/3&#8243; css=&#8220;.vc_custom_1593416732900{margin-bottom: 20px !important;}&#8220;][vc_row_inner][vc_column_inner width=&#8220;1\/3&#8243; css=&#8220;.vc_custom_1593498174610{margin-bottom: 20px !important;}&#8220;][vc_single_image image=&#8220;1611&#8243; img_size=&#8220;full&#8220; alignment=&#8220;center&#8220; onclick=&#8220;custom_link&#8220; link=&#8220;\/colorreader\/de\/blog\/category\/pulverbeschichtung\/&#8220;][vc_column_text]<\/p>\n<h6 style=\"text-align: center;\"><a href=\"\/colorreader\/de\/blog\/category\/pulverbeschichtung\/\"><span style=\"color: #dd3333;\">Pulverbeschichtungen<\/span><\/a><\/h6>\n<p>[\/vc_column_text][\/vc_column_inner][vc_column_inner width=&#8220;1\/3&#8243; offset=&#8220;vc_hidden-xs&#8220;][\/vc_column_inner][vc_column_inner width=&#8220;1\/3&#8243; css=&#8220;.vc_custom_1593498186986{margin-bottom: 20px !important;}&#8220;][vc_single_image image=&#8220;1615&#8243; img_size=&#8220;full&#8220; alignment=&#8220;center&#8220; onclick=&#8220;custom_link&#8220; link=&#8220;\/colorreader\/de\/blog\/category\/facility-managers-de\/&#8220;][vc_column_text]<\/p>\n<h6 style=\"text-align: center;\"><a href=\"\/colorreader\/de\/blog\/category\/facility-managers-de\/\"><span style=\"color: #dd3333;\">Facility-Manager <\/span><\/a><\/h6>\n<p>[\/vc_column_text][\/vc_column_inner][\/vc_row_inner][\/vc_column][vc_column width=&#8220;1\/3&#8243; css=&#8220;.vc_custom_1593417595107{margin-bottom: 20px !important;}&#8220;][vc_row_inner][vc_column_inner width=&#8220;1\/3&#8243; offset=&#8220;vc_hidden-xs&#8220;][\/vc_column_inner][vc_column_inner width=&#8220;1\/3&#8243; css=&#8220;.vc_custom_1593498197695{margin-bottom: 20px !important;}&#8220;][vc_single_image image=&#8220;1619&#8243; img_size=&#8220;full&#8220; alignment=&#8220;center&#8220; onclick=&#8220;custom_link&#8220; link=&#8220;\/colorreader\/de\/blog\/category\/heimwerker\/&#8220;][vc_column_text]<\/p>\n<h6 style=\"text-align: center;\"><a href=\"\/colorreader\/de\/blog\/category\/heimwerker\/\"><span style=\"color: #dd3333;\">Heimwerker (DIY)<\/span><\/a><\/h6>\n<p>[\/vc_column_text][\/vc_column_inner][vc_column_inner width=&#8220;1\/3&#8243; offset=&#8220;vc_hidden-xs&#8220;][\/vc_column_inner][\/vc_row_inner][\/vc_column][\/vc_row][vc_row type=&#8220;boxed&#8220; css=&#8220;.vc_custom_1593418904859{margin-top: 64px !important;margin-bottom: 64px !important;}&#8220;][vc_column][vc_separator][\/vc_column][\/vc_row][vc_row type=&#8220;boxed&#8220; css=&#8220;.vc_custom_1593012956281{margin-top: 64px !important;margin-bottom: 64px !important;}&#8220;][vc_column][vc_column_text]<\/p>\n<h2 style=\"text-align: left;\">ColorReader in den Medien<\/h2>\n<p>[\/vc_column_text][\/vc_column][\/vc_row][vc_row type=&#8220;boxed&#8220; equal_height=&#8220;yes&#8220;][vc_column width=&#8220;1\/2&#8243;][vc_raw_html]JTNDZGl2JTIwY2xhc3MlM0QlMjJuZXdzX2Jsb2NrJTIwbmV3c19ibG9ja18xJTIyJTIwc3R5bGUlM0QlMjJiYWNrZ3JvdW5kLWltYWdlJTNBdXJsJTI4JTI3JTJGY29sb3JyZWFkZXIlMkZ3cC1jb250ZW50JTJGdXBsb2FkcyUyRjIwMjAlMkYwOCUyRmhvbWVwYWdlX2F3YXJkcy5wbmclMjclMjklM0IlMjIlM0UlMEElM0NhJTIwaHJlZiUzRCUyMiUyRmNvbG9ycmVhZGVyJTJGZGUlMkZyZXZpZXdzLWFuZC1hd2FyZHMlMkYlMjIlM0UlMEElM0NkaXYlMjBjbGFzcyUzRCUyMm5ld3NfaGVhZGVyJTIyJTNFQXdhcmRzJTNDJTJGZGl2JTNFJTBBJTNDJTJGYSUzRSUwQSUzQyUyRmRpdiUzRQ==[\/vc_raw_html][vc_raw_html]JTNDZGl2JTIwY2xhc3MlM0QlMjJuZXdzX2Jsb2NrJTIwbmV3c19ibG9ja18yJTIyJTIwc3R5bGUlM0QlMjJiYWNrZ3JvdW5kLWltYWdlJTNBdXJsJTI4JTI3JTJGY29sb3JyZWFkZXIlMkZ3cC1jb250ZW50JTJGdXBsb2FkcyUyRjIwMjAlMkYwOSUyRkZlYXR1cmVkLVBvc3QtSGVpbXdlcmtlci1UZXN0LVdpcmtsaWNoLUVpbmZhY2hfdjIuanBnJTI3JTI5JTNCJTIyJTNFJTBBJTNDYSUyMGhyZWYlM0QlMjJodHRwcyUzQSUyRiUyRnd3dy5oZWltd2Vya2VyLXRlc3QuZGUlMkZ0ZXN0JTJGZ2V3ZXJibGljaGVfd2Vya3pldWdlJTJGZGF0YWNvbG9yLWZhcmJiZXN0aW1tdW5nc2dlcmFldF9jb2xvcnJlYWRlcl9wcm9fMTk3MTIlMjIlMjB0YXJnZXQlM0QlMjJfYmxhbmslMjIlM0UlMEElM0NkaXYlMjBjbGFzcyUzRCUyMm5ld3NfaGVhZGVyJTIyJTNFV2lya2xpY2glMjBlaW5mYWNoJTNDJTJGZGl2JTNFJTBBJTNDZGl2JTIwY2xhc3MlM0QlMjJuZXdzX3N1YmhlYWRlciUyMiUzRSUyMkRlciUyMENvbG9yUmVhZGVyJTIwUHJvJTIwaXN0JTIwZWluJTIwcHJha3Rpc2NoZXMlMjBIaWxmc21pdHRlbCUyMGYlQzMlQkNyJTIwYWxsZSUyQyUyMGRpZSUyMHp1dmVybCVDMyVBNHNzaWclMjBkaWUlMjByaWNodGlnZSUyMEZhcmJlJTIwdHJlZmZlbiUyMG0lQzMlQkNzc2VuJTIyJTNDJTJGZGl2JTNFJTBBJTNDJTJGYSUzRSUwQSUzQyUyRmRpdiUzRQ==[\/vc_raw_html][\/vc_column][vc_column width=&#8220;1\/2&#8243;][vc_raw_html]JTNDZGl2JTIwY2xhc3MlM0QlMjJuZXdzX2Jsb2NrJTIwbmV3c19ibG9ja18zJTIyJTIwc3R5bGUlM0QlMjJiYWNrZ3JvdW5kLWltYWdlJTNBdXJsJTI4JTI3JTJGY29sb3JyZWFkZXIlMkZ3cC1jb250ZW50JTJGdXBsb2FkcyUyRjIwMjAlMkYwOSUyRkZlYXR1cmVkLVBvc3QtTmljZXN0LVRoaW5nc192My5qcGclMjclMjklM0IlMjIlM0UlMEElM0NhJTIwaHJlZiUzRCUyMmh0dHBzJTNBJTJGJTJGbmljZXN0dGhpbmdzLmNvbSUyRjIwMTglMkYwNiUyRmRhdGFjb2xvci1jb2xvcnJlYWRlci1mYXJibWVzc2dlcmFldC13YW5kZmFyYmUtYWJzdGltbWVuJTJGJTIyJTIwdGFyZ2V0JTNEJTIyX2JsYW5rJTIyJTNFJTBBJTNDZGl2JTIwY2xhc3MlM0QlMjJuZXdzX2hlYWRlciUyMiUzRW5pY2VzdCUyMHRoaW5ncyUzQyUyRmRpdiUzRSUwQSUzQ2RpdiUyMGNsYXNzJTNEJTIybmV3c19zdWJoZWFkZXIlMjIlM0UlMjJNaXQlMjBkZW4lMjBGYXJid2VydGVuJTIwayVDMyVCNm5udCUyMGlociUyMGluJTIwZGVuJTIwQmF1bWFya3QlMjBnZWhlbiUyMHVuZCUyMGJla29tbXQlMjBleGFrdCUyMGRpZSUyMHJpY2h0aWdlbiUyMEZhcmJ0JUMzJUI2bmUlMjBhbmdlbWlzY2h0LiUyMiUzQyUyRmRpdiUzRSUwQSUzQyUyRmElM0UlMEElM0MlMkZkaXYlM0U=[\/vc_raw_html][\/vc_column][\/vc_row]<\/p>\n<\/div>","protected":false},"excerpt":{"rendered":"<p>[vc_row css=&#8220;.vc_custom_1592967808068{margin-bottom: 60px !important;}&#8220;][vc_column][\/vc_column][\/vc_row][vc_row type=&#8220;boxed&#8220; equal_height=&#8220;yes&#8220; el_id=&#8220;home_feature&#8220;][vc_column width=&#8220;1\/2&#8243; el_class=&#8220;feature_block&#8220; css=&#8220;.vc_custom_1593499424699{margin-bottom: 30px !important;}&#8220;][vc_row_inner type=&#8220;boxed&#8220; css=&#8220;.vc_custom_1593492537858{margin-right: 12px !important;margin-left: 12px !important;}&#8220;][vc_column_inner css=&#8220;.vc_custom_1594910183363{padding-bottom: 16px !important;background-color: #f2f2f2 !important;}&#8220;][vc_column_text css=&#8220;.vc_custom_1596181318947{margin-top: 30px !important;margin-bottom: 32px !important;padding-right: 15px !important;padding-left: 15px !important;}&#8220; el_class=&#8220;feature_text&#8220;] Farbe und Beschichtungen bestimmen Mit beispielloser Genauigkeit bestimmt ColorReader die Farben der meisten Farbmarken*. Wenn Sie im Voraus mit Datacolor arbeiten, k\u00f6nnen &hellip;<\/p>\n","protected":false},"author":2,"featured_media":0,"parent":0,"menu_order":0,"comment_status":"closed","ping_status":"closed","template":"","meta":{"_acf_changed":false,"footnotes":""},"class_list":["post-1071","page","type-page","status-publish","hentry"],"acf":[],"_links":{"self":[{"href":"https:\/\/www.datacolor.com\/spyder\/de\/wp-json\/wp\/v2\/pages\/1071","targetHints":{"allow":["GET"]}}],"collection":[{"href":"https:\/\/www.datacolor.com\/spyder\/de\/wp-json\/wp\/v2\/pages"}],"about":[{"href":"https:\/\/www.datacolor.com\/spyder\/de\/wp-json\/wp\/v2\/types\/page"}],"author":[{"embeddable":true,"href":"https:\/\/www.datacolor.com\/spyder\/de\/wp-json\/wp\/v2\/users\/2"}],"replies":[{"embeddable":true,"href":"https:\/\/www.datacolor.com\/spyder\/de\/wp-json\/wp\/v2\/comments?post=1071"}],"version-history":[{"count":0,"href":"https:\/\/www.datacolor.com\/spyder\/de\/wp-json\/wp\/v2\/pages\/1071\/revisions"}],"wp:attachment":[{"href":"https:\/\/www.datacolor.com\/spyder\/de\/wp-json\/wp\/v2\/media?parent=1071"}],"curies":[{"name":"wp","href":"https:\/\/api.w.org\/{rel}","templated":true}]}}