{"id":23651,"date":"2023-04-25T09:50:57","date_gmt":"2023-04-25T09:50:57","guid":{"rendered":"https:\/\/new.spyder.datacolor.eu\/spyder\/welcome-to-spyderx\/"},"modified":"2023-11-07T09:44:30","modified_gmt":"2023-11-07T09:44:30","slug":"welcome-to-spyderx","status":"publish","type":"page","link":"https:\/\/www.datacolor.com\/spyder\/de\/welcome-to-spyderx\/","title":{"rendered":"Welcome to SpyderX"},"content":{"rendered":"<div class=\"wpb-content-wrapper\"><p>[vc_row][vc_column width=&#8220;1\/2&#8243;][vc_empty_space][vc_column_text]<\/p>\n<h1 class=\"mainheader\">Vielen Dank, dass Sie sich f\u00fcr den Spyder X entschieden haben<\/h1>\n<p>[\/vc_column_text][vc_empty_space][vc_column_text]Diese Seite hilft Ihnen bei der Installation Ihres Spyder X Kolorimeters und seiner Software. Zudem stehen Ihnen zahlreiche Support-Informationen zur Verf\u00fcgung.<br \/>\n[\/vc_column_text][vc_empty_space][\/vc_column][vc_column width=&#8220;1\/2&#8243;][vc_empty_space][vc_single_image image=&#8220;23546&#8243; img_size=&#8220;large&#8220; alignment=&#8220;center&#8220;][\/vc_column][\/vc_row][vc_row css=&#8220;.vc_custom_1682353090965{padding-top: 60px !important;padding-bottom: 60px !important;}&#8220;][vc_column][vc_column_text]<\/p>\n<h3>Spyder X Quick Start<\/h3>\n<p>[\/vc_column_text][vc_empty_space][vc_row_inner][vc_column_inner width=&#8220;1\/2&#8243;][vc_column_text]<\/p>\n<div style=\"min-height: 200px;\">\n<p><strong>1. W\u00e4rmen Sie Ihren Monitor auf<\/strong><\/p>\n<p>Ihr Monitor sollte mindestens 30 Minuten lang eingeschaltet sein, bevor Sie mit der Kalibrierung beginnen. Stellen Sie sicher, dass kein direktes Licht auf Ihr Display f\u00e4llt und setzen Sie die Monitorsteuerungen auf die Werkseinstellungen zur\u00fcck, sofern dies m\u00f6glich ist. Bitte deaktivieren Sie die automatische Helligkeitseinstellung Ihres Monitors.<\/p>\n<\/div>\n<p>[\/vc_column_text][vc_empty_space][vc_single_image image=&#8220;23558&#8243; img_size=&#8220;large&#8220; alignment=&#8220;center&#8220;][\/vc_column_inner][vc_column_inner width=&#8220;1\/2&#8243;][vc_column_text]<\/p>\n<div style=\"min-height: 200px;\">\n<p><strong>2. Laden Sie die Software herunter, installieren und aktivieren Sie sie<\/strong><\/p>\n<p>Laden Sie die Spyder X-Software \u00fcber die untenstehenden Links herunter und installieren Sie sie. Schlie\u00dfen Sie nach Abschluss der Installation den Spyder an und starten Sie die Software, um den Aktivierungs- und Registrierungsvorgang zu beginnen. Ihre Garantie wird im Zuge dessen automatisch aktiviert. Verwenden Sie zur Aktivierung die in Ihrer Spyder-Box enthaltene Seriennummer.<\/p>\n<\/div>\n<p>[\/vc_column_text][vc_empty_space][vc_single_image image=&#8220;23568&#8243; img_size=&#8220;large&#8220; alignment=&#8220;center&#8220;][\/vc_column_inner][\/vc_row_inner][\/vc_column][\/vc_row][vc_row bg_type=&#8220;bg_color&#8220; bg_override=&#8220;full&#8220; css=&#8220;.vc_custom_1682353104609{padding-top: 60px !important;padding-bottom: 60px !important;}&#8220; bg_color_value=&#8220;#e7e6e5&#8243;][vc_column][vc_column_text]<\/p>\n<h3>Download der Software<\/h3>\n<p>[\/vc_column_text][vc_empty_space height=&#8220;20px&#8220;][vc_column_text]Klicken Sie auf das entsprechende SpyderX Modell und das pr\u00e4ferierte Betriebssystem, um den Download zu starten.<\/p>\n<p>\u00dcberpr\u00fcfen Sie unbedingt die <a href=\"https:\/\/spyderx.datacolor.com\/datacolor-spyder-software-license\/\">Datacolor Software License<\/a>.[\/vc_column_text][vc_empty_space][vc_row_inner][vc_column_inner width=&#8220;1\/2&#8243;][vc_column_text]<strong>Spyder X Pro<\/strong><br \/>\n[\/vc_column_text][vc_empty_space height=&#8220;20px&#8220;]<div class=\" vc_custom_1682351700188 ubtn-ctn-inline \"><a class=\"ubtn-link ult-adjust-bottom-margin ubtn-inline ubtn-custom \" href=\"https:\/\/goto.datacolor.com\/download\/win\/sxp100\" target=\"_blank\" rel=\"noopener\" ><button type=\"button\" id=\"ubtn-7391\"  class=\"ubtn ult-adjust-bottom-margin ult-responsive ubtn-custom ubtn-no-hover-bg  none  ubtn-sep-icon ubtn-sep-icon-bottom-push  ubtn-inline   tooltip-69e1f33048651\"  data-hover=\"\" data-border-color=\"\" data-bg=\"#000000\" data-hover-bg=\"#aaaaaa\" data-border-hover=\"\" data-shadow-hover=\"\" data-shadow-click=\"none\" data-shadow=\"\" data-shd-shadow=\"\"  data-ultimate-target='#ubtn-7391'  data-responsive-json-new='{\"font-size\":\"desktop:18px;\",\"line-height\":\"\"}'  style=\"font-weight:normal;width:200px;min-height:56px;padding:px px;border:none;background: #000000;color: #ffffff;\"><span class=\"ubtn-data ubtn-icon\"><i class=\"Defaults-download\" style=\"font-size:22px;color:;\"><\/i><\/span><span class=\"ubtn-hover\" style=\"background-color:#aaaaaa\"><\/span><span class=\"ubtn-data ubtn-text \" >Windows Software<\/span><\/button><\/a><\/div><div class=\" ubtn-ctn-inline \"><a class=\"ubtn-link ult-adjust-bottom-margin ubtn-inline ubtn-custom \" href=\"https:\/\/goto.datacolor.com\/download\/mac\/sxp100\" target=\"_blank\" rel=\"noopener\" ><button type=\"button\" id=\"ubtn-5276\"  class=\"ubtn ult-adjust-bottom-margin ult-responsive ubtn-custom ubtn-no-hover-bg  none  ubtn-sep-icon ubtn-sep-icon-bottom-push  ubtn-inline   tooltip-69e1f330486f1\"  data-hover=\"\" data-border-color=\"\" data-bg=\"#000000\" data-hover-bg=\"#aaaaaa\" data-border-hover=\"\" data-shadow-hover=\"\" data-shadow-click=\"none\" data-shadow=\"\" data-shd-shadow=\"\"  data-ultimate-target='#ubtn-5276'  data-responsive-json-new='{\"font-size\":\"desktop:18px;\",\"line-height\":\"\"}'  style=\"font-weight:normal;width:200px;min-height:56px;padding:px px;border:none;background: #000000;color: #ffffff;\"><span class=\"ubtn-data ubtn-icon\"><i class=\"Defaults-download\" style=\"font-size:22px;color:;\"><\/i><\/span><span class=\"ubtn-hover\" style=\"background-color:#aaaaaa\"><\/span><span class=\"ubtn-data ubtn-text \" >MacOS Software<\/span><\/button><\/a><\/div>[vc_empty_space][\/vc_column_inner][vc_column_inner width=&#8220;1\/2&#8243;][vc_column_text]<strong>Spyder X Elite <\/strong>[\/vc_column_text][vc_empty_space height=&#8220;20px&#8220;]<div class=\" vc_custom_1682352724786 ubtn-ctn-inline \"><a class=\"ubtn-link ult-adjust-bottom-margin ubtn-inline ubtn-custom \" href=\"https:\/\/goto.datacolor.com\/download\/win\/sxe100\" target=\"_blank\" rel=\"noopener\" ><button type=\"button\" id=\"ubtn-9285\"  class=\"ubtn ult-adjust-bottom-margin ult-responsive ubtn-custom ubtn-no-hover-bg  none  ubtn-sep-icon ubtn-sep-icon-bottom-push  ubtn-inline   tooltip-69e1f33048737\"  data-hover=\"\" data-border-color=\"\" data-bg=\"#000000\" data-hover-bg=\"#aaaaaa\" data-border-hover=\"\" data-shadow-hover=\"\" data-shadow-click=\"none\" data-shadow=\"\" data-shd-shadow=\"\"  data-ultimate-target='#ubtn-9285'  data-responsive-json-new='{\"font-size\":\"desktop:18px;\",\"line-height\":\"\"}'  style=\"font-weight:normal;width:200px;min-height:56px;padding:px px;border:none;background: #000000;color: #ffffff;\"><span class=\"ubtn-data ubtn-icon\"><i class=\"Defaults-download\" style=\"font-size:22px;color:;\"><\/i><\/span><span class=\"ubtn-hover\" style=\"background-color:#aaaaaa\"><\/span><span class=\"ubtn-data ubtn-text \" >Windows Software<\/span><\/button><\/a><\/div><div class=\" ubtn-ctn-inline \"><a class=\"ubtn-link ult-adjust-bottom-margin ubtn-inline ubtn-custom \" href=\"https:\/\/goto.datacolor.com\/download\/mac\/sxe100\" target=\"_blank\" rel=\"noopener\" ><button type=\"button\" id=\"ubtn-1106\"  class=\"ubtn ult-adjust-bottom-margin ult-responsive ubtn-custom ubtn-no-hover-bg  none  ubtn-sep-icon ubtn-sep-icon-bottom-push  ubtn-inline   tooltip-69e1f33048771\"  data-hover=\"\" data-border-color=\"\" data-bg=\"#000000\" data-hover-bg=\"#aaaaaa\" data-border-hover=\"\" data-shadow-hover=\"\" data-shadow-click=\"none\" data-shadow=\"\" data-shd-shadow=\"\"  data-ultimate-target='#ubtn-1106'  data-responsive-json-new='{\"font-size\":\"desktop:18px;\",\"line-height\":\"\"}'  style=\"font-weight:normal;width:200px;min-height:56px;padding:px px;border:none;background: #000000;color: #ffffff;\"><span class=\"ubtn-data ubtn-icon\"><i class=\"Defaults-download\" style=\"font-size:22px;color:;\"><\/i><\/span><span class=\"ubtn-hover\" style=\"background-color:#aaaaaa\"><\/span><span class=\"ubtn-data ubtn-text \" >MacOS Software<\/span><\/button><\/a><\/div>[vc_empty_space][\/vc_column_inner][\/vc_row_inner][\/vc_column][\/vc_row][vc_row css=&#8220;.vc_custom_1682353090965{padding-top: 60px !important;padding-bottom: 60px !important;}&#8220;][vc_column width=&#8220;1\/2&#8243;][vc_column_text]<\/p>\n<div style=\"min-height: 200px;\">\n<p><strong>3. Schlie\u00dfen Sie den Spyder X an und entfernen Sie den Objektivdeckel<\/strong><\/p>\n<p>Stellen Sie sicher, dass Ihr Spyder X an einen mit Strom versorgten USB-Anschluss Ihres Computers angeschlossen ist, bevor Sie die Anwendung starten. Nehmen Sie den Objektivdeckel vom Spyder X-Kolorimeter ab. Befolgen Sie den Anweisungen auf dem Bildschirm Schritt f\u00fcr Schritt.<\/p>\n<\/div>\n<p>[\/vc_column_text][vc_empty_space][vc_single_image image=&#8220;23593&#8243; img_size=&#8220;large&#8220; alignment=&#8220;center&#8220;][\/vc_column][vc_column width=&#8220;1\/2&#8243;][vc_column_text]<\/p>\n<div style=\"min-height: 200px;\">\n<p><strong>4. H\u00e4ngen Sie den Spyder X \u00fcber den Monitor<\/strong><\/p>\n<p>Wenn Sie dazu aufgefordert werden, h\u00e4ngen Sie den Spyder X \u00fcber Ihren Monitor. Dabei setzen Sie den Objektivdeckel als Gegengewicht ein, das sich entlang des USB-Kabels verschieben l\u00e4sst. So kann der Sensor im angezeigten Messbereich positioniert werden. Neigen Sie den Monitor bei Bedarf leicht nach hinten, sodass der Sensor vollst\u00e4ndig auf dem Bildschirm aufliegt.<\/p>\n<\/div>\n<p>[\/vc_column_text][vc_empty_space][vc_single_image image=&#8220;23603&#8243; img_size=&#8220;large&#8220; alignment=&#8220;center&#8220;][\/vc_column][\/vc_row][vc_row css=&#8220;.vc_custom_1682353090965{padding-top: 60px !important;padding-bottom: 60px !important;}&#8220;][vc_column width=&#8220;1\/2&#8243;][vc_column_text]<\/p>\n<div style=\"min-height: 200px;\">\n<p><strong>5. Kalibrieren Sie<\/strong><\/p>\n<p>Die Spyder X Software f\u00fchrt Sie durch den Kalibrierungs\u00adprozess und erstellt ein benutzerdefiniertes Monitorprofil, das von Ihrem Betriebssystem und den Farbmanagement-Applikationen verwendet wird, um die Farbanzeige Ihres Monitors zu korrigieren. Wenn Sie Ihre Maus auf eine beliebige Funktion bewegen oder \u201eKlicken, um mehr zu erfahren\u201c ausw\u00e4hlen, werden Ihnen die einzelnen Funktionen der Software beschrieben.<\/p>\n<\/div>\n<p>[\/vc_column_text][vc_empty_space][vc_single_image image=&#8220;23613&#8243; img_size=&#8220;large&#8220; alignment=&#8220;center&#8220;][\/vc_column][\/vc_row][vc_row bg_type=&#8220;bg_color&#8220; bg_override=&#8220;full&#8220; bg_color_value=&#8220;#e7e6e5&#8243; css=&#8220;.vc_custom_1682355990413{padding-top: 60px !important;padding-bottom: 60px !important;}&#8220;][vc_column][vc_column_text css=&#8220;.vc_custom_1682415621413{background-color: #e8e8e8 !important;}&#8220;]<\/p>\n<h3>Additional Support<\/h3>\n<p>[\/vc_column_text][vc_empty_space height=&#8220;20px&#8220;][vc_column_text css=&#8220;.vc_custom_1699350267717{background-color: #e8e8e8 !important;}&#8220;]Um die einzelnen Funktionen Ihres Spyder X besser zu verstehen oder falls Sie zus\u00e4tzlichen Support ben\u00f6tigen, lesen Sie bitte das <a href=\"https:\/\/www.datacolor.com\/spyder\/wp-content\/uploads\/2023\/11\/SpyderX-Users-Guide-FINAL-DE.pdf\">Spyder X Benutzerhandbuch<\/a>.<\/p>\n<p>Weitere Informationen zu den Schritten, die zum Installieren und Aktivieren Ihres Spyder X erforderlich sind, finden Sie in unserer <a href=\"https:\/\/www.datacolor.com\/spyder\/wp-content\/uploads\/2023\/04\/SpyderX-QSG-FINAL-EN.pdf\">Schnellstart-Anleitung<\/a>.<\/p>\n<p>For a walkthrough of the calibration process, watch our Demonstration Video.[\/vc_column_text][vc_empty_space][vc_row_inner][vc_column_inner width=&#8220;3\/5&#8243; offset=&#8220;vc_col-lg-offset-1\/5 vc_col-md-offset-1\/5&#8243;]<div id=\"ultimate-video-78369e1f330487ab\" class=\"ult-video  ult-adjust-bottom-margin ultimate-video-78369e1f330487ab ultv-8397 \"><div class=\"ultv-video ultv-aspect-ratio-16_9 ultv-subscribe-responsive-none\" data-videotype=\"uv_iframe\">\n\t\t\t\t\t\t<div class=\"ultv-video__outer-wrap\" data-autoplay=\"0\" data-device=\"false\"  data-iconbg=\"#3A3A3A\" data-overcolor=\"\" data-defaultbg=\"#1f1f1e\" data-defaultplay=\"defaulticon\"><div class=\"ultv-video__play\" data-src=\"https:\/\/www.youtube.com\/embed\/ejEP1HIQIcU?rel=0&#038;start&#038;end&#038;controls=1&#038;mute=0&#038;modestbranding=0&#038;autoplay=1\">\n\t\t\t\t\t\t\t\t<img decoding=\"async\" class=\"ultv-video__thumb\" src=\"https:\/\/i.ytimg.com\/vi\/ejEP1HIQIcU\/maxresdefault.jpg\"\/>\n\t\t\t\t\t\t\t\t<div class=\"ultv-video__play-icon  ultv-animation-none\" style=\"width:75px\"><svg height=\"100%\" version=\"1.1\" viewBox=\"0 0 68 48\" width=\"100%\"><path class=\"ultv-youtube-icon-bg\" d=\"m .66,37.62 c 0,0 .66,4.70 2.70,6.77 2.58,2.71 5.98,2.63 7.49,2.91 5.43,.52 23.10,.68 23.12,.68 .00,-1.3e-5 14.29,-0.02 23.81,-0.71 1.32,-0.15 4.22,-0.17 6.81,-2.89 2.03,-2.07 2.70,-6.77 2.70,-6.77 0,0 .67,-5.52 .67,-11.04 l 0,-5.17 c 0,-5.52 -0.67,-11.04 -0.67,-11.04 0,0 -0.66,-4.70 -2.70,-6.77 C 62.03,.86 59.13,.84 57.80,.69 48.28,0 34.00,0 34.00,0 33.97,0 19.69,0 10.18,.69 8.85,.84 5.95,.86 3.36,3.58 1.32,5.65 .66,10.35 .66,10.35 c 0,0 -0.55,4.50 -0.66,9.45 l 0,8.36 c .10,4.94 .66,9.45 .66,9.45 z\" fill=\"#1f1f1e\" ><\/path><path d=\"m 26.96,13.67 18.37,9.62 -18.37,9.55 -0.00,-19.17 z\" fill=\"#fff\"><\/path><path d=\"M 45.02,23.46 45.32,23.28 26.96,13.67 43.32,22.34 45.02,23.46 z\" fill=\"#ccc\"><\/path><\/svg><\/div> <\/div> <\/div><\/div><\/div>[vc_empty_space][\/vc_column_inner][\/vc_row_inner][vc_column_text css=&#8220;.vc_custom_1682415422713{background-color: #e8e8e8 !important;}&#8220;]Wenn Sie Fragen oder Anregungen haben, k\u00f6nnen Sie uns jederzeit <a href=\"https:\/\/spyder-support.datacolor.com\/hc\/en-us\/requests\/new\">kontaktieren<\/a>.<\/p>\n<p>Weitere Unterst\u00fctzung und Ressourcen, einschlie\u00dflich unserer h\u00e4ufig gestellten Fragen, finden Sie in unserer <a href=\"https:\/\/spyder-support.datacolor.com\/hc\/en-us\"> Wissensdatenbank <\/a>.[\/vc_column_text][\/vc_column][\/vc_row]<\/p>\n<\/div>","protected":false},"excerpt":{"rendered":"<p>[vc_row][vc_column width=&#8220;1\/2&#8243;][vc_empty_space][vc_column_text] Vielen Dank, dass Sie sich f\u00fcr den Spyder X entschieden haben [\/vc_column_text][vc_empty_space][vc_column_text]Diese Seite hilft Ihnen bei der Installation Ihres Spyder X Kolorimeters und seiner Software. Zudem stehen Ihnen zahlreiche Support-Informationen zur Verf\u00fcgung. [\/vc_column_text][vc_empty_space][\/vc_column][vc_column width=&#8220;1\/2&#8243;][vc_empty_space][vc_single_image image=&#8220;23546&#8243; img_size=&#8220;large&#8220; alignment=&#8220;center&#8220;][\/vc_column][\/vc_row][vc_row css=&#8220;.vc_custom_1682353090965{padding-top: 60px !important;padding-bottom: 60px !important;}&#8220;][vc_column][vc_column_text] Spyder X Quick Start [\/vc_column_text][vc_empty_space][vc_row_inner][vc_column_inner width=&#8220;1\/2&#8243;][vc_column_text] 1. W\u00e4rmen Sie Ihren Monitor &hellip;<\/p>\n","protected":false},"author":3,"featured_media":0,"parent":0,"menu_order":0,"comment_status":"closed","ping_status":"closed","template":"","meta":{"_acf_changed":false,"footnotes":""},"class_list":["post-23651","page","type-page","status-publish","hentry"],"acf":[],"_links":{"self":[{"href":"https:\/\/www.datacolor.com\/spyder\/de\/wp-json\/wp\/v2\/pages\/23651","targetHints":{"allow":["GET"]}}],"collection":[{"href":"https:\/\/www.datacolor.com\/spyder\/de\/wp-json\/wp\/v2\/pages"}],"about":[{"href":"https:\/\/www.datacolor.com\/spyder\/de\/wp-json\/wp\/v2\/types\/page"}],"author":[{"embeddable":true,"href":"https:\/\/www.datacolor.com\/spyder\/de\/wp-json\/wp\/v2\/users\/3"}],"replies":[{"embeddable":true,"href":"https:\/\/www.datacolor.com\/spyder\/de\/wp-json\/wp\/v2\/comments?post=23651"}],"version-history":[{"count":0,"href":"https:\/\/www.datacolor.com\/spyder\/de\/wp-json\/wp\/v2\/pages\/23651\/revisions"}],"wp:attachment":[{"href":"https:\/\/www.datacolor.com\/spyder\/de\/wp-json\/wp\/v2\/media?parent=23651"}],"curies":[{"name":"wp","href":"https:\/\/api.w.org\/{rel}","templated":true}]}}