{"id":23710,"date":"2023-04-25T11:25:30","date_gmt":"2023-04-25T11:25:30","guid":{"rendered":"https:\/\/new.spyder.datacolor.eu\/spyder\/spyder-software-license\/"},"modified":"2023-04-25T11:38:02","modified_gmt":"2023-04-25T11:38:02","slug":"datacolor-spyder-software-license","status":"publish","type":"page","link":"https:\/\/www.datacolor.com\/spyder\/de\/datacolor-spyder-software-license\/","title":{"rendered":"Spyder Software License"},"content":{"rendered":"<section id=\"hero\">\n<div class=\"container\">\n<div class=\"row\">\n<div class=\"col-sm-12 contactus-headline\">\n<h1>Datacolor Spyder Softwarelizenz<\/h1>\n<\/p><\/div><\/div>\n<div class=\"row\">\n<div class=\"col-sm-12\">\n<p>Dieser Lizenzvertrag (&#8222;Lizenzvertrag&#8220;) ist ein rechtsg\u00fcltiger Vertrag zwischen Ihnen und Datacolor, Inc. (&#8222;Datacolor&#8220;). Es werden Ihnen darin gewisse Rechte gew\u00e4hrt, auf die Datacolor-Software, die sich im Besitz von Datacolor befindet und in dieser Packung enthalten ist (die &#8222;Software&#8220;), zuzugreifen und sie zu nutzen. SIE VERPFLICHTEN SICH HIERMIT, SOWOHL F\u00dcR SICH SELBST ALS AUCH GEGEBENENFALLS ALS AUTORISIERTER VERTRETER DER ORGANISATION, IN DEREN AUFTRAG SIE DIE SOFTWARE VERWENDEN (&#8222;ARBEITGEBER&#8220;), DASS SOWOHL SIE SELBST ALS AUCH IHR ARBEITGEBER DIE SOFTWARE AUSSCHLIESSLICH UNTER EINHALTUNG DER FOLGENDEN BESTIMMUNGEN NUTZEN WERDEN: <\/p>\n<p>&nbsp;<\/p>\n<p><strong>1. EINGESCHR\u00c4NKTE GARANTIE f\u00fcr Datentr\u00e4ger (wo zutreffend). <\/strong><\/p>\n<p>Datacolor gew\u00e4hrleistet, dass der Datentr\u00e4ger, auf dem die Software aufgezeichnet ist, bei normaler Nutzung f\u00fcr einen Zeitraum von neunzig (90) Tagen ab dem Kaufdatum frei von Material- und Verarbeitungsfehlern ist. <\/p>\n<p>Entsprechend diesem Absatz besteht Ihr einziger Rechtsanspruch, nach Ermessen von Datacolor, ausschlie\u00dflich in der Erstattung des f\u00fcr das Produkt, das die Software enth\u00e4lt, entrichteten Kaufpreises oder im Ersatz der zusammen mit einer Kopie des Kaufbelegs an Datacolor oder einen von Datacolor autorisierten Vertreter zur\u00fcckgegebenen Software. Datacolor, 5 Princess Road, Lawrenceville, NJ 08648, Attn: Customer Service. Einen von Datacolor autorisierten Vertreter erreichen Sie unter 1-800-554-8688. <\/p>\n<p>DIE GELTUNGSDAUER DIESER EINGESCHR\u00c4NKTEN GARANTIE UND S\u00c4MTLICHER STILLSCHWEIGENDEN GARANTIEN F\u00dcR DEN DATENTR\u00c4GER EINSCHLIESSLICH DER STILLSCHWEIGENDEN GARANTIEN DER HANDELS\u00dcBLICHKEIT UND EIGNUNG F\u00dcR EINEN BESTIMMTEN ZWECK IST AUF NEUNZIG (90) TAGE AB DEM KAUFDATUM BESCHR\u00c4NKT. <\/p>\n<p>In bestimmten L\u00e4ndern ist es eventuell nicht gestattet, die G\u00fcltigkeit einer stillschweigenden Gew\u00e4hrleistung einzuschr\u00e4nken. Die oben genannten Einschr\u00e4nkungen treffen dann nicht zu. Die hier festgelegte eingeschr\u00e4nkte Garantie gilt ausschlie\u00dflich und ersetzt alle anderen m\u00fcndlich oder schriftlich gegebenen ausdr\u00fccklichen oder stillschweigenden Garantien. <\/p>\n<p>INSBESONERE LEHNT DATACOLOR S\u00c4MTLICHE SONSTIGEN AUSDR\u00dcCKLICHEN ODER STILLSCHWEIGENDEN GARANTIEN BEZ\u00dcGLICH DER DATENTR\u00c4GER AB. Diese Garantie gew\u00e4hrt Ihnen bestimmte Rechte. Entsprechend der Gesetzgebung Ihres Landes stehen Ihnen eventuell noch weitere Rechte zu. <\/p>\n<p>&nbsp;<\/p>\n<p><strong>2. Ausschluss der Garantie f\u00fcr die Software. <\/strong><\/p>\n<p>Sie erkennen ausdr\u00fccklich an und erkl\u00e4ren sich damit einverstanden, dass das mit der Nutzung der Software verbundene Risiko ausschlie\u00dflich bei Ihnen liegt. <\/p>\n<p>DIE SOFTWARE WIRD WIE BESEHEN (&#8222;AS IS&#8220;) MIT S\u00c4MTLICHEN M\u00c4NGELN UND OHNE GARANTIEN JEGLICHER ART BEREITGESTELLT. <\/p>\n<p>Datacolor \u00fcbernimmt keine Gew\u00e4hr daf\u00fcr, dass die in der Software enthaltenen Funktionen Ihren Anforderungen gen\u00fcgen, dass der Betrieb der Software frei von Unterbrechungen und Fehlern ist oder dass Fehler in der Software behoben werden. Dar\u00fcber hinaus \u00fcbernimmt Datacolor keine Gew\u00e4hr und macht keinerlei Zusicherungen zur Nutzung der Software oder der dazugeh\u00f6rigen Dokumentation bzw. der dabei erzielten Ergebnisse bez\u00fcglich Richtigkeit, Genauigkeit, Zuverl\u00e4ssigkeit usw. Sollte die Software sich als fehlerhaft erweisen, tragen Sie (nicht Datacolor oder ein von Datacolor autorisierter Vertreter) s\u00e4mtliche Kosten f\u00fcr alle notwendigen Wartungs-, Reparatur- oder Korrekturma\u00dfnahmen. Da in manchen L\u00e4ndern der Ausschluss oder die Beschr\u00e4nkung von stillschweigenden Garantien nicht gestattet ist, finden die vorstehenden Einschr\u00e4nkungen unter Umst\u00e4nden in Ihrem Fall keine Anwendung. Die Bestimmungen dieses Haftungsausschlusses beeintr\u00e4chtigen weder die gesetzlich festgelegten Rechte von Konsumenten, die Produkte von Datacolor f\u00fcr den privaten Gebrauch erwerben, noch schr\u00e4nken sie die Haftung f\u00fcr Todesf\u00e4lle und Verletzung von Gesundheit und Leben, die durch Fahrl\u00e4ssigkeit seitens Datacolor verursacht wurden, ein oder schlie\u00dfen sie aus. <\/p>\n<p>Wenn Sie die Software f\u00fcr gesch\u00e4ftliche oder kommerzielle Zwecke erworben haben, erkl\u00e4ren Sie sich dar\u00fcber hinaus damit einverstanden, dass DATACOLOR JEGLICHE GARANTIE F\u00dcR DIE HANDELS\u00dcBLICHKEIT, F\u00dcR DIE EIGNUNG F\u00dcR EINEN BESTIMMTEN ZWECK, F\u00dcR RECHTSTITEL UND DIE NICHTVERLETZUNG VON RECHTEN DRITTER IN BEZUG AUF DIE SOFTWARE AUSDR\u00dcCKLICH ABLEHNT. <\/p>\n<p>&nbsp;<\/p>\n<p><strong>3. Haftungsbeschr\u00e4nkung. <\/strong><\/p>\n<p>DATACOLOR KANN UNTER KEINEN UMST\u00c4NDEN, EINSCHLIESSLICH FAHRL\u00c4SSIGKEIT, HAFTBAR GEMACHT WERDEN F\u00dcR ZUF\u00c4LLIGE, SPEZIELLE, INDIREKTE ODER FOLGESCH\u00c4DEN ODER F\u00dcR VERSCH\u00c4RFTE SCHADENSERSATZFORDERUNGEN, DIE AUS ODER IM ZUSAMMENHANG MIT DIESEM LIZENZVERTRAG ODER DER SOFTWARE ENTSTEHEN. <\/p>\n<p>Da in manchen L\u00e4ndern der Ausschluss oder die Beschr\u00e4nkung der Haftung f\u00fcr zuf\u00e4llige oder Folgesch\u00e4den nicht gestattet ist, finden die vorstehenden Einschr\u00e4nkungen unter Umst\u00e4nden in Ihrem Fall keine Anwendung. In keinem Fall kann der Haftungsumfang von Datacolor f\u00fcr alle Sch\u00e4den den Betrag von f\u00fcnfzig Dollar ($50.00) \u00fcberschreiten.<\/p>\n<p>&nbsp;<\/p>\n<p><strong>4. Lizenzerteilung. <\/strong><\/p>\n<p>F\u00fcr Software zur Monitorkalibrierung gilt: Datacolor gew\u00e4hrt Ihnen und Sie akzeptieren eine pers\u00f6nliche, nicht ausschlie\u00dfliche und nicht \u00fcbertragbare Lizenz zur Installation und Nutzung der Software als Objektcode auf einem oder mehreren Computern an einem einzigen Standort sowie auf maximal f\u00fcnf zus\u00e4tzlichen Laptops, Notebooks oder anderen zus\u00e4tzlichen Computern. <\/p>\n<p>F\u00fcr andere Software von Datacolor gilt: Datacolor gew\u00e4hrt Ihnen und Sie akzeptieren eine pers\u00f6nliche, nicht ausschlie\u00dfliche und nicht \u00fcbertragbare Lizenz zur Installation und Nutzung der Software als Objektcode auf jeweils einem Einzelcomputer. Wenn Sie die Software in einem Netzwerk nutzen m\u00f6chten, wenden Sie sich an Datacolor. <\/p>\n<p>Zus\u00e4tzlich zu den installierten Kopien der Software d\u00fcrfen Sie eine weitere Kopie ausschlie\u00dflich in maschinenlesbarer Form zu Sicherungszwecken erstellen. Die Sicherungskopie muss ebenfalls alle im Original enthaltenen Informationen zum Copyright enthalten. <\/p>\n<p>Datacolor gew\u00e4hrt Ihnen und Sie akzeptieren eine pers\u00f6nliche, nicht ausschlie\u00dfliche und nicht \u00fcbertragbare Lizenz zur Verteilung von Profilen in den Formaten .ICM oder .ICC (&#8222;Profile&#8220;) auch an Kunden Ihrer Consulting- oder Design-Services unter der Bedingung, dass Sie keine Profile anderweitig verkaufen, verleasen oder vermieten oder mit Hardware, Software oder anderen kommerziellen Produkten welcher Art auch immer zu Paketen zusammenfassen. <\/p>\n<p>Dieser Lizenzvertrag ist bis zum Ablauf wirksam. Sie k\u00f6nnen ihn beenden, indem Sie die Software und alle in Ihrem Besitz befindlichen Kopien der Software vernichten. Dieser Lizenzvertrag erlischt automatisch bei jeglichem Versto\u00df gegen die hierin enthaltenen Bestimmungen. Sie erkennen an, dass dieser Lizenzvertrag Sie zu keinerlei Support- und Wartungsleistungen oder Upgrades von Datacolor berechtigt. <\/p>\n<p>&nbsp;<\/p>\n<p><strong>5. Lizenzeinschr\u00e4nkungen. <\/strong><\/p>\n<p>Es ist Ihnen untersagt, die folgenden Handlungen selbst auszuf\u00fchren, durch eine andere Person ausf\u00fchren zu lassen oder Dritten, mit denen Sie gesch\u00e4ftliche Beziehungen unterhalten, zu gestatten: (A) Kopieren oder Modifizieren der Software oder Herstellung darauf aufbauender Produkte; (B) Dekompilieren, Disassemblieren oder Zur\u00fcckentwickeln der Software oder von Teilen der Software; (C) \u00dcberwinden, Unwirksammachen oder Umgehen eventueller Schutzvorrichtungen im Zusammenhang mit der Software; (D) das Verkaufen, Vermieten, Vertreiben, Verleasen, die Weitergabe, \u00dcbertragung, Vergabe von Lizenzen oder Unterlizenzen und das Zug\u00e4nglichmachen der Software bzw. von Teilen der Software oder beliebiger Produkte (sei es in Form eigenst\u00e4ndiger Produkte oder in Paketen mit beliebigen anderen Produkten als der Software), die mithilfe der Software hergestellt wurden (ausgenommen Profile, die ausschlie\u00dflich wie oben in Absatz 4 dargelegt verteilt werden d\u00fcrfen), an Dritte, sei es um Gewinn zu erzielen oder kostenlos, insbesondere, ohne Einschr\u00e4nkung der allgemeinen G\u00fcltigkeit des Vorangehenden, das Verbreiten der Software oder solcher Produkte gleich welcher Art auf beliebigen Datentr\u00e4gern, \u00fcber Netzwerke, elektronische Anschlagbretter (Electronic Bulletin Boards) oder Websites oder das Zulassen der Nutzung der Software durch Dritte; (E) das Exportieren, Nutzen oder Herunterladen der Software, wenn dies einen Versto\u00df gegen Gesetze oder Bestimmungen einschlie\u00dflich der Bestimmungen des U.S. Department of Commerce Export Administration und anderer anwendbarer Gesetze darstellt oder (F) die Nutzung der Software in Verbindung mit Life-Support-Systemen, der Implantationsmedizin, medizinischen Ger\u00e4ten, Nukleareinrichtungen, nuklearen System oder Waffen, der Luftfahrt, dem \u00f6ffentlichen Verkehr oder beliebigen anderen Anwendungsbereichen, in denen ein Ausfall oder eine Fehlfunktion Todesf\u00e4lle oder Sachsch\u00e4den in katastrophenartigem Umfang nach sich ziehen k\u00f6nnte. <\/p>\n<p>&nbsp;<\/p>\n<p><strong>6. Rechtstitel und Eigentum. <\/strong><\/p>\n<p>Mit Ausnahme der oben ausdr\u00fccklich gew\u00e4hrten Rechte werden Ihnen mit diesem Lizenzvertrag keinerlei Rechte, Titel oder Anspr\u00fcche bez\u00fcglich der Software oder der mithilfe der Software hergestellten Produkte (wozu ohne Einschr\u00e4nkung auch Profile geh\u00f6ren) oder andere Rechtsanspr\u00fcche nach dem Copyright oder Patentrecht, bez\u00fcglich Marken oder Gesch\u00e4ftsgeheimnissen oder andere Rechte zum intellektuellen Eigentum und Eigentumsschutz an der Software oder solchen Produkten \u00fcbertragen. Datacolor beh\u00e4lt sich das alleinige und ausschlie\u00dfliche Recht an s\u00e4mtlichen Teilen der Software und allen Kopien davon vor und Sie treten hiermit s\u00e4mtliche Rechte, Titel und Anspr\u00fcche bez\u00fcglich aller \u00c4nderungen, die Sie an der Software und an mithilfe der Software hergestellten Produkten vornehmen, an Datacolor ab, ungeachtet dessen, ob diese \u00c4nderungen zul\u00e4ssig sind oder nicht. Sie verpflichten sich, die Software nicht an andere weiterzugeben. <\/p>\n<p>&nbsp;<\/p>\n<p><strong>7. Hinweise zum Export. <\/strong><\/p>\n<p>Sie d\u00fcrfen die Software nur auf die Weise nutzen, exportieren oder reexportieren, die unter dem Gesetz der Vereinigten Staaten und dem Land, in dem die Software erworben wurde, genehmigt ist. <\/p>\n<p>&nbsp;<\/p>\n<p><strong>8. Benutzer in der Regierung <\/strong><\/p>\n<p>Wird die Software an die Regierung der Vereinigten Staaten ausgeliefert, gilt sie als &#8222;restricted computer software&#8220; (siehe 52.227-19 des FAR). Die Rechte der Regierung der Vereinigten Staaten an der Software entsprechen Klausel 52.227-19 des FAR. <\/p>\n<p>&nbsp;<\/p>\n<p><strong>9. Geltendes Recht und Trennbarkeit. <\/strong><\/p>\n<p>Dieser Lizenzvertrag unterliegt den Gesetzen der Vereinigten Staaten und des Bundesstaats New Jersey. Sie unterstellen sich unwiderruflich der Gerichtsbarkeit der Staats- und Bundesgerichte mit Sitz in Mercer County, New Jersey, und s\u00e4mtliche Rechtsstreitigkeiten, die sich eventuell aus diesem Lizenzvertrag ergeben, werden vor einem solchen Gericht verhandelt und entschieden. Sollte ein berechtigtes Gericht eine Klausel ganz oder teilweise als nicht durchsetzbar ansehen, beh\u00e4lt der Rest dieses Lizenzvertrags weiterhin seine volle G\u00fcltigkeit. <\/p>\n<p>&nbsp;<\/p>\n<p><strong>10. Vollst\u00e4ndiger Vertrag <\/strong><\/p>\n<p>Dieser Lizenzvertrag stellt den gesamten Vertrag zwischen den Parteien bzgl. der Nutzung der Software dar und setzt alle anderen diesbez\u00fcglichen gegenseitigen Vereinbarungen au\u00dfer Kraft. \u00c4nderungen oder Erg\u00e4nzungen dieses Lizenzvertrags sind nur dann g\u00fcltig, wenn sie schriftlich vorliegen und von Datacolor unterzeichnet wurden. <\/p>\n<p>&nbsp;<\/p>\n<\/p><\/div><\/div><\/div>\n<\/section>\n","protected":false},"excerpt":{"rendered":"<p>Datacolor Spyder Softwarelizenz Dieser Lizenzvertrag (&#8222;Lizenzvertrag&#8220;) ist ein rechtsg\u00fcltiger Vertrag zwischen Ihnen und Datacolor, Inc. (&#8222;Datacolor&#8220;). Es werden Ihnen darin gewisse Rechte gew\u00e4hrt, auf die Datacolor-Software, die sich im Besitz von Datacolor befindet und in dieser Packung enthalten ist (die &#8222;Software&#8220;), zuzugreifen und sie zu nutzen. SIE VERPFLICHTEN SICH HIERMIT, SOWOHL F\u00dcR SICH SELBST ALS &hellip;<\/p>\n","protected":false},"author":2,"featured_media":0,"parent":0,"menu_order":0,"comment_status":"closed","ping_status":"closed","template":"","meta":{"_acf_changed":false,"footnotes":""},"class_list":["post-23710","page","type-page","status-publish","hentry"],"acf":[],"_links":{"self":[{"href":"https:\/\/www.datacolor.com\/spyder\/de\/wp-json\/wp\/v2\/pages\/23710","targetHints":{"allow":["GET"]}}],"collection":[{"href":"https:\/\/www.datacolor.com\/spyder\/de\/wp-json\/wp\/v2\/pages"}],"about":[{"href":"https:\/\/www.datacolor.com\/spyder\/de\/wp-json\/wp\/v2\/types\/page"}],"author":[{"embeddable":true,"href":"https:\/\/www.datacolor.com\/spyder\/de\/wp-json\/wp\/v2\/users\/2"}],"replies":[{"embeddable":true,"href":"https:\/\/www.datacolor.com\/spyder\/de\/wp-json\/wp\/v2\/comments?post=23710"}],"version-history":[{"count":0,"href":"https:\/\/www.datacolor.com\/spyder\/de\/wp-json\/wp\/v2\/pages\/23710\/revisions"}],"wp:attachment":[{"href":"https:\/\/www.datacolor.com\/spyder\/de\/wp-json\/wp\/v2\/media?parent=23710"}],"curies":[{"name":"wp","href":"https:\/\/api.w.org\/{rel}","templated":true}]}}