{"id":25593,"date":"2023-05-03T08:46:06","date_gmt":"2023-05-03T08:46:06","guid":{"rendered":"https:\/\/new.spyder.datacolor.eu\/spyder\/produkte\/spyder-stativ\/"},"modified":"2023-05-11T09:59:25","modified_gmt":"2023-05-11T09:59:25","slug":"spyder-tripod","status":"publish","type":"page","link":"https:\/\/www.datacolor.com\/spyder\/de\/produkte\/spyder-tripod\/","title":{"rendered":"Spyder Tripod"},"content":{"rendered":"<div class=\"wpb-content-wrapper\"><p>[vc_row css=&#8220;.vc_custom_1650570904320{margin-bottom: 20px !important;}&#8220;][vc_column]<div class=\"nm-banner-slider plugin-slick pagination-color-gray slick-slider slick-dots-disabled\" data-adaptive-height=\"true\">\r\n\t\t\t<div class=\"nm-banner content-full image-type-fluid text-color-dark subtitle-below alt-mobile-layout\" style=\"background-color: #f3f3f3;\"><img fetchpriority=\"high\" decoding=\"async\" src=\"https:\/\/www.datacolor.com\/spyder\/wp-content\/uploads\/2022\/12\/Spyder_Tripod_Pro_04_1120x572_schatten.png\" width=\"1120\" height=\"572\" alt=\"Spyder_Tripod_Pro_04_1120x572_schatten\" \/>\r\n\t\t\t\t<div class=\"nm-banner-content\">\r\n\t\t\t\t\t<div class=\"nm-banner-content-inner h_left v_top align_left\">\r\n\t\t\t\t\t\t<div class=\"nm-banner-text large\" style=\"max-width:45%;\">\r\n\t\t\t\t\t\t\t<div class=\"nm-banner-text-inner\"><h1 class=\"nm-banner-title\">Spyder Stativ & Spyder Stativ Pro<\/h1><\/div>\r\n\t\t\t\t\t\t<\/div>\r\n\t\t\t\t\t<\/div>\r\n\t\t\t\t<\/div>\r\n\t\t\t<\/div><\/div>[\/vc_column][\/vc_row][vc_row type=&#8220;boxed&#8220; el_id=&#8220;Videoboxen&#8220;][vc_column][vc_empty_space][vc_column_text]<\/p>\n<h2 style=\"text-align: center;\">Spyder-Stativ<\/h2>\n<p>[\/vc_column_text][vc_empty_space][vc_row_inner el_class=&#8220;videoboxes&#8220;][vc_column_inner width=&#8220;1\/3&#8243;][vc_single_image image=&#8220;13129&#8243; img_size=&#8220;full&#8220; onclick=&#8220;custom_link&#8220; img_link_target=&#8220;_blank&#8220; link=&#8220;https:\/\/www.youtube.com\/watch?v=FpZ4yxjNN00&#8243;][vc_column_text css=&#8220;.vc_custom_1671534408733{margin-top: 32px !important;margin-bottom: 32px !important;}&#8220; el_class=&#8220;videoblock&#8220;]<\/p>\n<h3>Spyder Stativ Details<\/h3>\n<p>Mit einer H\u00f6he von 18,5 cm und einem Gewicht von 45 g ist das Spyder-Stativ tragbar genug, um es auf jede fotografische Exkursion mitzunehmen. Die maximale Tragf\u00e4higkeit betr\u00e4gt 275 g. (0,6 lbs.).[\/vc_column_text][vc_empty_space][\/vc_column_inner][vc_column_inner width=&#8220;1\/3&#8243;][vc_single_image image=&#8220;13137&#8243; img_size=&#8220;full&#8220; onclick=&#8220;custom_link&#8220; img_link_target=&#8220;_blank&#8220; link=&#8220;https:\/\/www.youtube.com\/watch?v=VAJ21abXVC4&#8243;][vc_column_text css=&#8220;.vc_custom_1681899600901{margin-top: 32px !important;margin-bottom: 32px !important;}&#8220; el_class=&#8220;videoblock&#8220;]<\/p>\n<h3>Verwendung mit Spyder-Produkten<\/h3>\n<p>Kann mit Spyder X-Monitor-Kalibratoren verwendet werden, um das Umgebungslicht optimal zu messen und zu \u00fcberwachen, wenn es neben einem Monitor aufgestellt wird. Verwenden Sie Spyder Cube, Spyder LensCal und Spyder Checkr als Stabilisator und St\u00e4nder, wenn Sie sie f\u00fcr die Verwendung im Bild aufstellen.[\/vc_column_text][vc_empty_space][\/vc_column_inner][vc_column_inner width=&#8220;1\/3&#8243;][vc_single_image image=&#8220;13145&#8243; img_size=&#8220;full&#8220; onclick=&#8220;custom_link&#8220; img_link_target=&#8220;_blank&#8220; link=&#8220;https:\/\/www.youtube.com\/watch?v=g9hvt_cKs8w&#8220;][vc_column_text css=&#8220;.vc_custom_1671534444899{margin-top: 32px !important;margin-bottom: 32px !important;}&#8220; el_class=&#8220;videoblock&#8220;]<\/p>\n<h3>Kamera-Stabilisierung<\/h3>\n<p>Stabilisieren Sie Ihre Kamera f\u00fcr klare, scharfe Bilder bei schlechten Lichtverh\u00e4ltnissen und langen Belichtungszeiten, ideal f\u00fcr Landschafts- und Architekturfotografie, Nachtaufnahmen, Videos und Vlogging.[\/vc_column_text][vc_empty_space][\/vc_column_inner][\/vc_row_inner][vc_row_inner][vc_column_inner][vc_raw_html]PGRpdiBpZD0icHJvZHVjdC1wcmljZS1pbmxpbmUiIGNsYXNzPSJwcm9kdWN0LXByaWNlIHByb2R1Y3QtcHJpY2UtaW5saW5lIj4KW2RjaS1nZXRwcmljZSBza3U9InN0cDEwMCIgL10KW2RjaS1idXlidXR0b24gc2t1PSJzdHAxMDAiIGJ1dHRvbnRleHQ9IkJ1eSBTcHlkZXIgVHJpcG9kIiAvXQo8ZGl2Pg==[\/vc_raw_html][\/vc_column_inner][\/vc_row_inner][\/vc_column][\/vc_row][vc_row type=&#8220;boxed&#8220;][vc_column][vc_empty_space][vc_column_text]<\/p>\n<h2 style=\"text-align: center;\">Spyder Stativ Pro<\/h2>\n<p>[\/vc_column_text][vc_empty_space][vc_row_inner el_class=&#8220;videoboxes&#8220;][vc_column_inner width=&#8220;1\/3&#8243;][vc_single_image image=&#8220;13157&#8243; img_size=&#8220;full&#8220; onclick=&#8220;custom_link&#8220; img_link_target=&#8220;_blank&#8220; link=&#8220;https:\/\/www.youtube.com\/watch?v=FpZ4yxjNN00&#8243;][vc_column_text css=&#8220;.vc_custom_1671534992442{margin-top: 32px !important;margin-bottom: 32px !important;}&#8220; el_class=&#8220;videoblock&#8220;]<\/p>\n<h3>Spyder Stativ Pro Details<\/h3>\n<p>Mit einer H\u00f6he von 28 cm und einem Gewicht von 156 g bietet das Spyder Stativ Pro eine gro\u00dfe Vielseitigkeit und wird mit einer GoPro-Halterung, einer Smartphone-Halterung und einer Bluetooth-Universalfernbedienung f\u00fcr die ultimative freih\u00e4ndige Bildaufnahme und Videoarbeit geliefert. Die maximale Tragf\u00e4higkeit betr\u00e4gt 800 g. (1,7 lbs.).[\/vc_column_text][vc_empty_space][\/vc_column_inner][vc_column_inner width=&#8220;1\/3&#8243;][vc_single_image image=&#8220;13165&#8243; img_size=&#8220;full&#8220; onclick=&#8220;custom_link&#8220; img_link_target=&#8220;_blank&#8220; link=&#8220;https:\/\/www.youtube.com\/watch?v=VAJ21abXVC4&#8243;][vc_column_text css=&#8220;.vc_custom_1681899607371{margin-top: 32px !important;margin-bottom: 32px !important;}&#8220; el_class=&#8220;videoblock&#8220;]<\/p>\n<h3>Verwendung mit Spyder-Produkten<\/h3>\n<p>Kann mit Spyder X-Monitor-Kalibratoren verwendet werden, um das Umgebungslicht optimal zu messen und zu \u00fcberwachen, wenn es neben einem Monitor aufgestellt wird. Verwenden Sie den Spyder Cube und den Spyder LensCal als Stabilisator und St\u00e4nder, wenn Sie sie f\u00fcr den Einsatz im Rahmen aufstellen.[\/vc_column_text][vc_empty_space][\/vc_column_inner][vc_column_inner width=&#8220;1\/3&#8243;][vc_single_image image=&#8220;13173&#8243; img_size=&#8220;full&#8220; onclick=&#8220;custom_link&#8220; img_link_target=&#8220;_blank&#8220; link=&#8220;https:\/\/www.youtube.com\/watch?v=g9hvt_cKs8w&#8220;][vc_column_text css=&#8220;.vc_custom_1671535036816{margin-top: 32px !important;margin-bottom: 32px !important;}&#8220; el_class=&#8220;videoblock&#8220;]<\/p>\n<h3>Vlogging &amp; Auto-Bracketing<\/h3>\n<p>Das flexible Design erm\u00f6glicht es Ihnen, Ihre Kamera oder Ihr Handy im besten Winkel zu montieren, ohne dass Sie eine ebene Fl\u00e4che suchen, auf einer Leiter stehen oder sich auf den Boden legen m\u00fcssen. Ideal f\u00fcr Vlogging und Selbstportr\u00e4ts sowie automatische Belichtungsreihen f\u00fcr HDR-Bilder, Nachtaufnahmen, schwaches Licht, Landschafts- und Landschaftsaufnahmen.[\/vc_column_text][vc_empty_space][\/vc_column_inner][\/vc_row_inner][vc_row_inner][vc_column_inner][vc_raw_html]PGRpdiBpZD0icHJvZHVjdC1wcmljZS1pbmxpbmUiIGNsYXNzPSJwcm9kdWN0LXByaWNlIHByb2R1Y3QtcHJpY2UtaW5saW5lIj4KW2RjaS1nZXRwcmljZSBza3U9InN0cHAxMDAiIC9dCltkY2ktYnV5YnV0dG9uIHNrdT0ic3RwcDEwMCIgYnV0dG9udGV4dD0iQnV5IFNweWRlciBUcmlwb2QgUHJvIiAvXQo8ZGl2Pg==[\/vc_raw_html][\/vc_column_inner][\/vc_row_inner][\/vc_column][\/vc_row][vc_row][vc_column][vc_raw_html]W2RjaS1zcHlkZXJhd2FyZHMgY2F0ZWdvcnk9ImltYWdlLWNhcHR1cmluZyIgL10=[\/vc_raw_html][\/vc_column][\/vc_row]<\/p>\n<\/div>","protected":false},"excerpt":{"rendered":"<p>[vc_row css=&#8220;.vc_custom_1650570904320{margin-bottom: 20px !important;}&#8220;][vc_column][\/vc_column][\/vc_row][vc_row type=&#8220;boxed&#8220; el_id=&#8220;Videoboxen&#8220;][vc_column][vc_empty_space][vc_column_text] Spyder-Stativ [\/vc_column_text][vc_empty_space][vc_row_inner el_class=&#8220;videoboxes&#8220;][vc_column_inner width=&#8220;1\/3&#8243;][vc_single_image image=&#8220;13129&#8243; img_size=&#8220;full&#8220; onclick=&#8220;custom_link&#8220; img_link_target=&#8220;_blank&#8220; link=&#8220;https:\/\/www.youtube.com\/watch?v=FpZ4yxjNN00&#8243;][vc_column_text css=&#8220;.vc_custom_1671534408733{margin-top: 32px !important;margin-bottom: 32px !important;}&#8220; el_class=&#8220;videoblock&#8220;] Spyder Stativ Details Mit einer H\u00f6he von 18,5 cm und einem Gewicht von 45 g ist das Spyder-Stativ tragbar genug, um es auf jede fotografische Exkursion mitzunehmen. Die maximale Tragf\u00e4higkeit betr\u00e4gt 275 g. (0,6 &hellip;<\/p>\n","protected":false},"author":2,"featured_media":0,"parent":24248,"menu_order":0,"comment_status":"closed","ping_status":"closed","template":"","meta":{"_acf_changed":false,"footnotes":""},"class_list":["post-25593","page","type-page","status-publish","hentry"],"acf":[],"_links":{"self":[{"href":"https:\/\/www.datacolor.com\/spyder\/de\/wp-json\/wp\/v2\/pages\/25593","targetHints":{"allow":["GET"]}}],"collection":[{"href":"https:\/\/www.datacolor.com\/spyder\/de\/wp-json\/wp\/v2\/pages"}],"about":[{"href":"https:\/\/www.datacolor.com\/spyder\/de\/wp-json\/wp\/v2\/types\/page"}],"author":[{"embeddable":true,"href":"https:\/\/www.datacolor.com\/spyder\/de\/wp-json\/wp\/v2\/users\/2"}],"replies":[{"embeddable":true,"href":"https:\/\/www.datacolor.com\/spyder\/de\/wp-json\/wp\/v2\/comments?post=25593"}],"version-history":[{"count":0,"href":"https:\/\/www.datacolor.com\/spyder\/de\/wp-json\/wp\/v2\/pages\/25593\/revisions"}],"up":[{"embeddable":true,"href":"https:\/\/www.datacolor.com\/spyder\/de\/wp-json\/wp\/v2\/pages\/24248"}],"wp:attachment":[{"href":"https:\/\/www.datacolor.com\/spyder\/de\/wp-json\/wp\/v2\/media?parent=25593"}],"curies":[{"name":"wp","href":"https:\/\/api.w.org\/{rel}","templated":true}]}}