{"id":26176,"date":"2023-05-04T13:39:05","date_gmt":"2023-05-04T13:39:05","guid":{"rendered":"https:\/\/new.spyder.datacolor.eu\/spyder\/willkommen-bei-spyder-x2\/"},"modified":"2023-05-11T08:16:14","modified_gmt":"2023-05-11T08:16:14","slug":"welcome-to-spyder-x2","status":"publish","type":"page","link":"https:\/\/www.datacolor.com\/spyder\/de\/welcome-to-spyder-x2\/","title":{"rendered":"Welcome to Spyder X2"},"content":{"rendered":"<div class=\"wpb-content-wrapper\"><p>[vc_row css=&#8220;.vc_custom_1682339726830{padding-top: 60px !important;padding-bottom: 60px !important;}&#8220;][vc_column width=&#8220;2\/5&#8243;][vc_column_text]<\/p>\n<h1 class=\"mainheader\">Herzlichen Gl\u00fcckwunsch zu Ihrem neuen Spyder X2!<\/h1>\n<p>[\/vc_column_text][vc_empty_space][vc_column_text]Auf dieser Seite k\u00f6nnen Sie die Software f\u00fcr Ihren Spyder X2 herunterladen, die Schnellstartanleitung f\u00fcr Ihr Produkt einsehen und hilfreiche Links zu Benutzerhandb\u00fcchern und weiterem Support finden. [\/vc_column_text][vc_empty_space][\/vc_column][vc_column width=&#8220;3\/5&#8243;][vc_empty_space][vc_single_image image=&#8220;26204&#8243; img_size=&#8220;750&#215;500&#8243;][\/vc_column][\/vc_row][vc_row bg_type=&#8220;bg_color&#8220; bg_override=&#8220;full&#8220; bg_color_value=&#8220;#e7e6e5&#8243; css=&#8220;.vc_custom_1682339704660{padding-top: 30px !important;padding-bottom: 60px !important;}&#8220;][vc_column width=&#8220;1\/2&#8243;][vc_column_text]<\/p>\n<h3 style=\"margin-bottom: 20px;\">F\u00fcr den Erfolg ger\u00fcstet<\/h3>\n<p>Bevor Sie mit der Kalibrierung Ihres Monitors beginnen, finden Sie hier einige hilfreiche Tipps:<\/p>\n<ul>\n<li>W\u00e4rmen Sie Ihren Monitor mindestens 30 Minuten lang auf, bevor Sie mit dem Kalibrierungsprozess beginnen.<\/li>\n<li>Achten Sie darauf, dass kein direktes Licht auf Ihr Display f\u00e4llt. F\u00fcr farbkritische Arbeiten ist es am besten, in einer schwach beleuchteten Umgebung zu arbeiten, und die Schreibtischlampen sollten ausgeschaltet werden.<\/li>\n<li>Setzen Sie die Bedienelemente des Monitors auf die werkseitigen Standardeinstellungen zur\u00fcck.<\/li>\n<li>Deaktivieren Sie alle Einstellungen f\u00fcr die automatische Helligkeit oder den HDR\/High-Brightness-Modus, bevor Sie mit der Kalibrierung beginnen.<\/li>\n<\/ul>\n<p>[\/vc_column_text][vc_empty_space][\/vc_column][vc_column width=&#8220;1\/2&#8243;][vc_column_text]<\/p>\n<h3 style=\"margin-bottom: 20px;\">Schnellstart-Anleitung<\/h3>\n<ol>\n<li>Software herunterladen und installieren<\/li>\n<li>Schlie\u00dfen Sie Ihr Ger\u00e4t an, um die Software zu starten<\/li>\n<li>Starten Sie den Aktivierungs-\/Registrierungsprozess (siehe die Software-Seriennummer in der Schachtel unter dem Ger\u00e4t)<\/li>\n<li>Kalibrieren (siehe Schritt-f\u00fcr-Schritt-Anleitung unten)<\/li>\n<\/ol>\n<p>[\/vc_column_text][vc_empty_space][\/vc_column][\/vc_row][vc_row css=&#8220;.vc_custom_1682343562567{padding-top: 60px !important;padding-bottom: 60px !important;}&#8220;][vc_column width=&#8220;2\/3&#8243;][vc_column_text]<\/p>\n<h2>Spyder X2 Software herunterladen<\/h2>\n<p>Pr\u00fcfen Sie die <a href=\"https:\/\/spyderx.datacolor.com\/datacolor-spyder-software-license\/\" target=\"_blank\" rel=\"noopener\">Datacolor Software-Lizenz<\/a>.<\/p>\n<p><em>Alle Spyder-Produkte enthalten eine &#8222;Standortlizenz&#8220; f\u00fcr einen einzelnen Besitzer. Dies erlaubt dem Besitzer, die Software auf allen Computern (Mac oder Windows) zu installieren und zu betreiben, solange diese dem Lizenzinhaber geh\u00f6ren. Wenn der Besitzer mehrere Computer besitzt, kann er das Spyder-Produkt auf allen Computern betreiben. Die Aktivierung auf einem Computer, der nicht im Besitz des K\u00e4ufers ist, oder der Betrieb als Dienstleistung f\u00fcr andere ist verboten.<\/em>[\/vc_column_text][\/vc_column][vc_column width=&#8220;1\/3&#8243;][vc_empty_space]<div class=\" ubtn-ctn-center \"><a class=\"ubtn-link ult-adjust-bottom-margin ubtn-center ubtn-custom \" href=\"https:\/\/goto.datacolor.com\/downloads\/win\/sxu200\" ><button type=\"button\" id=\"ubtn-9332\"  class=\"ubtn ult-adjust-bottom-margin ult-responsive ubtn-custom ubtn-fade-bg  none  ubtn-sep-icon ubtn-sep-icon-bottom-push  ubtn-center   tooltip-69dfcceaa27ab\"  data-hover=\"\" data-border-color=\"\" data-bg=\"#000000\" data-hover-bg=\"#aaaaaa\" data-border-hover=\"\" data-shadow-hover=\"\" data-shadow-click=\"none\" data-shadow=\"\" data-shd-shadow=\"\"  data-ultimate-target='#ubtn-9332'  data-responsive-json-new='{\"font-size\":\"desktop:18px;\",\"line-height\":\"\"}'  style=\"font-weight:normal;width:210px;min-height:56px;padding:px px;border:none;background: #000000;color: #ffffff;\"><span class=\"ubtn-data ubtn-icon\"><i class=\"Defaults-download\" style=\"font-size:22px;color:#ffffff;\"><\/i><\/span><span class=\"ubtn-hover\" style=\"background-color:#aaaaaa\"><\/span><span class=\"ubtn-data ubtn-text \" >Windows Software<\/span><\/button><\/a><\/div>[vc_empty_space height=&#8220;20px&#8220;]<div class=\" ubtn-ctn-center \"><a class=\"ubtn-link ult-adjust-bottom-margin ubtn-center ubtn-custom \" href=\"https:\/\/goto.datacolor.com\/downloads\/mac\/sxu200\" ><button type=\"button\" id=\"ubtn-9228\"  class=\"ubtn ult-adjust-bottom-margin ult-responsive ubtn-custom ubtn-fade-bg  none  ubtn-sep-icon ubtn-sep-icon-bottom-push  ubtn-center   tooltip-69dfcceaa281e\"  data-hover=\"\" data-border-color=\"\" data-bg=\"#000000\" data-hover-bg=\"#aaaaaa\" data-border-hover=\"\" data-shadow-hover=\"\" data-shadow-click=\"none\" data-shadow=\"\" data-shd-shadow=\"\"  data-ultimate-target='#ubtn-9228'  data-responsive-json-new='{\"font-size\":\"desktop:18px;\",\"line-height\":\"\"}'  style=\"font-weight:normal;width:210px;min-height:56px;padding:px px;border:none;background: #000000;color: #ffffff;\"><span class=\"ubtn-data ubtn-icon\"><i class=\"Defaults-download\" style=\"font-size:22px;color:#ffffff;\"><\/i><\/span><span class=\"ubtn-hover\" style=\"background-color:#aaaaaa\"><\/span><span class=\"ubtn-data ubtn-text \" >MacOS Software<\/span><\/button><\/a><\/div>[vc_empty_space][\/vc_column][\/vc_row][vc_row bg_type=&#8220;bg_color&#8220; bg_override=&#8220;full&#8220; css=&#8220;.vc_custom_1682343953296{padding-top: 60px !important;padding-bottom: 60px !important;}&#8220; bg_color_value=&#8220;#e7e6e5&#8243;][vc_column][vc_column_text]<\/p>\n<h2>Zus\u00e4tzliche Unterst\u00fctzung<\/h2>\n<p>[\/vc_column_text][vc_empty_space][vc_row_inner][vc_column_inner width=&#8220;1\/2&#8243;][vc_single_image image=&#8220;27061&#8243; img_size=&#8220;600&#215;450&#8243; onclick=&#8220;custom_link&#8220; img_link_target=&#8220;_blank&#8220; link=&#8220;https:\/\/youtu.be\/Gfhmg7IFZIs&#8220;][vc_column_text]<\/p>\n<p style=\"text-align: center;\"><em>Demo-Video zum Installationsvorgang<\/em><\/p>\n<p>[\/vc_column_text][vc_empty_space][\/vc_column_inner][vc_column_inner width=&#8220;1\/2&#8243;][vc_single_image image=&#8220;27071&#8243; img_size=&#8220;600&#215;450&#8243; onclick=&#8220;custom_link&#8220; img_link_target=&#8220;_blank&#8220; link=&#8220;https:\/\/youtu.be\/vutNFl8wDeA&#8220;][vc_column_text]<\/p>\n<p style=\"text-align: center;\"><em>Demo-Video zum Kalibrierungsprozess<\/em><\/p>\n<p>[\/vc_column_text][vc_empty_space][\/vc_column_inner][\/vc_row_inner][vc_column_text]<a href=\"\/spyder\/wp-content\/uploads\/2023\/05\/Spyder-X2-Quick-Start-Guide-FINAL.pdf\">Schnellstartanleitung herunterladen<\/a><\/p>\n<p><a href=\"\/spyder\/wp-content\/uploads\/2023\/05\/Spyder-X2-User-Guide_Final-EN.pdf\">Spyder X2 Benutzerhandbuch herunterladen<\/a><\/p>\n<p>Wenn Sie Fragen oder Anmerkungen haben,<a href=\"https:\/\/spyder-support.datacolor.com\/hc\/en-us\/requests\/new\" target=\"_blank\" rel=\"noopener\">kontaktieren Sie uns<\/a> bitte.<\/p>\n<p>Weitere FAQs und Ressourcen zur Unterst\u00fctzung finden Sie <a href=\"https:\/\/spyder-support.datacolor.com\/hc\/en-us\" target=\"_blank\" rel=\"noopener\">hier<\/a>.[\/vc_column_text][\/vc_column][\/vc_row][vc_row css=&#8220;.vc_custom_1682345998990{padding-top: 60px !important;padding-bottom: 60px !important;}&#8220;][vc_column][vc_column_text]<\/p>\n<h2>So kalibrieren Sie Ihren Monitor<\/h2>\n<p>[\/vc_column_text][vc_empty_space][vc_row_inner][vc_column_inner width=&#8220;1\/4&#8243;][vc_single_image image=&#8220;26441&#8243; img_size=&#8220;500&#215;500&#8243; alignment=&#8220;center&#8220;][vc_empty_space][vc_column_text]<strong>1. Spyder X2-Ger\u00e4t einstecken<\/strong><br \/>\nIhr Spyder X2 verf\u00fcgt \u00fcber einen nativen USB-C-Anschluss und wird mit einem zus\u00e4tzlichen USB-A-Adapter geliefert. Folgen Sie den schrittweisen Anweisungen auf dem Bildschirm.[\/vc_column_text][\/vc_column_inner][vc_column_inner width=&#8220;1\/4&#8243;][vc_single_image image=&#8220;26451&#8243; img_size=&#8220;500&#215;500&#8243; alignment=&#8220;center&#8220;][vc_empty_space][vc_column_text]<strong>2. \u00d6ffnen Sie die Spyder X2-Software<\/strong><br \/>\nDie Spyder X2-Software f\u00fchrt Sie in nur zwei Bildschirmen durch den Kalibrierungs- und Anzeigeeinrichtungsprozess. W\u00e4hlen Sie die geeignete Hintergrundbeleuchtungstechnologie und die verf\u00fcgbaren Steuerelemente f\u00fcr Ihr Display, um eine m\u00f6glichst genaue Kalibrierung zu gew\u00e4hrleisten. Konfigurieren Sie dann die Art der Kalibrierung (Gammakurve, Wei\u00dfpunkt und Luma-Pegel), um Ihren Bildschirm entsprechend den Anforderungen Ihres Arbeitsablaufs zu kalibrieren.[\/vc_column_text][\/vc_column_inner][vc_column_inner width=&#8220;1\/4&#8243;][vc_single_image image=&#8220;26461&#8243; img_size=&#8220;500&#215;500&#8243; alignment=&#8220;center&#8220;][vc_empty_space][vc_column_text]<strong>3. Platzierung Ihres Spyder X2<\/strong><br \/>\nNehmen Sie den Objektivdeckel vom Spyder X2 ab, und h\u00e4ngen Sie das Ger\u00e4t \u00fcber den Bildschirm, wenn Sie dazu aufgefordert werden. Der Objektivdeckel gleitet entlang des angeschlossenen USB-Kabels und dient als Gegengewicht, um den Spyder X2-Sensor auf dem Bildschirm in Position zu halten. Das Ger\u00e4t sollte durch sein Eigengewicht b\u00fcndig auf dem Monitor aufliegen, halten Sie es nicht gegen den Bildschirm. Kippen Sie den Bildschirm ggf. etwas nach hinten, damit das Ger\u00e4t flach auf dem Bildschirm aufliegt.[\/vc_column_text][\/vc_column_inner][vc_column_inner width=&#8220;1\/4&#8243;][vc_single_image image=&#8220;26471&#8243; img_size=&#8220;500&#215;500&#8243; alignment=&#8220;center&#8220;][vc_empty_space][vc_column_text]<strong>4. Kalibrieren Sie<\/strong><br \/>\nDie Spyder X2-Software erstellt dann ein benutzerdefiniertes Anzeigeprofil, das das Betriebssystem Ihres Computers und die farbverwaltenden Anwendungen zur Korrektur der angezeigten Farben verwenden. Sie k\u00f6nnen jederzeit zu den Standardeinstellungen Ihres Monitors zur\u00fcckkehren, indem Sie das kalibrierte Profil einfach l\u00f6schen.[\/vc_column_text][\/vc_column_inner][\/vc_row_inner][vc_empty_space][vc_column_text]Haben Sie noch Fragen zum Thema? Klicken Sie einfach auf das Symbol (?), um Hilfe zu einer beliebigen Funktion der Software zu erhalten.[\/vc_column_text][\/vc_column][\/vc_row]<\/p>\n<\/div>","protected":false},"excerpt":{"rendered":"<p>[vc_row css=&#8220;.vc_custom_1682339726830{padding-top: 60px !important;padding-bottom: 60px !important;}&#8220;][vc_column width=&#8220;2\/5&#8243;][vc_column_text] Herzlichen Gl\u00fcckwunsch zu Ihrem neuen Spyder X2! [\/vc_column_text][vc_empty_space][vc_column_text]Auf dieser Seite k\u00f6nnen Sie die Software f\u00fcr Ihren Spyder X2 herunterladen, die Schnellstartanleitung f\u00fcr Ihr Produkt einsehen und hilfreiche Links zu Benutzerhandb\u00fcchern und weiterem Support finden. [\/vc_column_text][vc_empty_space][\/vc_column][vc_column width=&#8220;3\/5&#8243;][vc_empty_space][vc_single_image image=&#8220;26204&#8243; img_size=&#8220;750&#215;500&#8243;][\/vc_column][\/vc_row][vc_row bg_type=&#8220;bg_color&#8220; bg_override=&#8220;full&#8220; bg_color_value=&#8220;#e7e6e5&#8243; css=&#8220;.vc_custom_1682339704660{padding-top: 30px !important;padding-bottom: 60px !important;}&#8220;][vc_column width=&#8220;1\/2&#8243;][vc_column_text] F\u00fcr &hellip;<\/p>\n","protected":false},"author":3,"featured_media":0,"parent":0,"menu_order":0,"comment_status":"closed","ping_status":"closed","template":"","meta":{"_acf_changed":false,"footnotes":""},"class_list":["post-26176","page","type-page","status-publish","hentry"],"acf":[],"_links":{"self":[{"href":"https:\/\/www.datacolor.com\/spyder\/de\/wp-json\/wp\/v2\/pages\/26176","targetHints":{"allow":["GET"]}}],"collection":[{"href":"https:\/\/www.datacolor.com\/spyder\/de\/wp-json\/wp\/v2\/pages"}],"about":[{"href":"https:\/\/www.datacolor.com\/spyder\/de\/wp-json\/wp\/v2\/types\/page"}],"author":[{"embeddable":true,"href":"https:\/\/www.datacolor.com\/spyder\/de\/wp-json\/wp\/v2\/users\/3"}],"replies":[{"embeddable":true,"href":"https:\/\/www.datacolor.com\/spyder\/de\/wp-json\/wp\/v2\/comments?post=26176"}],"version-history":[{"count":0,"href":"https:\/\/www.datacolor.com\/spyder\/de\/wp-json\/wp\/v2\/pages\/26176\/revisions"}],"wp:attachment":[{"href":"https:\/\/www.datacolor.com\/spyder\/de\/wp-json\/wp\/v2\/media?parent=26176"}],"curies":[{"name":"wp","href":"https:\/\/api.w.org\/{rel}","templated":true}]}}