{"id":29199,"date":"2023-05-25T12:49:12","date_gmt":"2023-05-25T12:49:12","guid":{"rendered":"https:\/\/new.spyder.datacolor.eu\/spyder\/welcome-to-spyder-cube\/"},"modified":"2023-05-25T13:39:51","modified_gmt":"2023-05-25T13:39:51","slug":"welcome-to-spyder-cube","status":"publish","type":"page","link":"https:\/\/www.datacolor.com\/spyder\/de\/welcome-to-spyder-cube\/","title":{"rendered":"Welcome to Spyder Cube"},"content":{"rendered":"<div class=\"wpb-content-wrapper\"><p>[vc_row css=&#8220;.vc_custom_1684849056130{padding-bottom: 60px !important;}&#8220;][vc_column width=&#8220;1\/2&#8243;][vc_column_text]<\/p>\n<h1 class=\"mainheader\">Sch\u00f6n, dass Sie sich f\u00fcr den Spyder Checkr entschieden haben!<\/h1>\n<p>[\/vc_column_text][vc_empty_space][vc_column_text]Sch\u00f6n, dass Sie sich f\u00fcr den neuen Datacolor\u00ae Spyder Checkr entschieden haben! Diese Seite soll Ihnen den Einstieg in die Verwendung Ihres neuen Werkzeugs f\u00fcr pr\u00e4zise Farben erleichtern. Dar\u00fcber hinaus laden wir Sie herzlich ein, die unten aufgef\u00fchrten Support-Ressourcen zu nutzen, damit Sie Antworten auf alle Ihre Fragen erhalten.<br \/>\n[\/vc_column_text][vc_empty_space][\/vc_column][vc_column width=&#8220;1\/2&#8243;][vc_empty_space][vc_single_image image=&#8220;28763&#8243; img_size=&#8220;750&#215;500&#8243; alignment=&#8220;center&#8220;][\/vc_column][\/vc_row][vc_row css=&#8220;.vc_custom_1684935226551{margin-top: 60px !important;margin-bottom: 60px !important;border-top-width: 1px !important;border-right-width: 1px !important;border-bottom-width: 1px !important;border-left-width: 1px !important;padding-top: 30px !important;padding-right: 30px !important;padding-bottom: 30px !important;padding-left: 30px !important;border-left-color: #cccccc !important;border-left-style: solid !important;border-right-color: #cccccc !important;border-right-style: solid !important;border-top-color: #cccccc !important;border-top-style: solid !important;border-bottom-color: #cccccc !important;border-bottom-style: solid !important;border-radius: 3px !important;}&#8220;][vc_column][vc_column_text]<strong>Schnellstart<\/strong>[\/vc_column_text][vc_empty_space][vc_single_image image=&#8220;29234&#8243; img_size=&#8220;large&#8220; alignment=&#8220;center&#8220;][\/vc_column][\/vc_row][vc_row css=&#8220;.vc_custom_1684849442734{padding-top: 60px !important;padding-bottom: 60px !important;}&#8220;][vc_column width=&#8220;1\/2&#8243;][vc_column_text]<\/p>\n<h3>Handb\u00fccher<\/h3>\n<p>[\/vc_column_text][vc_empty_space][vc_column_text]Diese Anleitungen helfen Ihnen, den Spyder Checkr zu verstehen, und f\u00fchren Sie Schritt f\u00fcr Schritt durch einen Prozess f\u00fcr genaue und konsistente Farben auf all Ihren Fotos.<\/p>\n<p><a href=\"https:\/\/www.datacolor.com\/spyder\/wp-content\/uploads\/2023\/05\/Spyder-Cube-User-Guide.pdf\">Benutzerhandbuch herunterladen<br \/>\n<\/a><br \/>\n<a href=\"https:\/\/www.datacolor.com\/spyder\/wp-content\/uploads\/2023\/05\/Spyder-Cube-Quick-Start-Guide.pdf\">Schnellstartanleitung herunterladen<br \/>\n<\/a>[\/vc_column_text][vc_empty_space][\/vc_column][vc_column width=&#8220;1\/2&#8243;][vc_column_text]<\/p>\n<h3>Demo-Video<\/h3>\n<p>[\/vc_column_text]<div id=\"ultimate-video-351969e7b1ea5d1f1\" class=\"ult-video  ult-adjust-bottom-margin ultimate-video-351969e7b1ea5d1f1 ultv-8346 \"><div class=\"ultv-video ultv-aspect-ratio-3_2 ultv-subscribe-responsive-none\" data-videotype=\"uv_iframe\">\n\t\t\t\t\t\t<div class=\"ultv-video__outer-wrap\" data-autoplay=\"0\" data-device=\"false\"  data-iconbg=\"#3A3A3A\" data-overcolor=\"\" data-defaultbg=\"#1f1f1e\" data-defaultplay=\"defaulticon\"><div class=\"ultv-video__play\" data-src=\"https:\/\/www.youtube.com\/embed\/hDLoM5rw_Qs?rel=0&#038;start&#038;end&#038;controls=1&#038;mute=0&#038;modestbranding=0&#038;autoplay=1\">\n\t\t\t\t\t\t\t\t<img decoding=\"async\" class=\"ultv-video__thumb\" src=\"https:\/\/i.ytimg.com\/vi\/hDLoM5rw_Qs\/maxresdefault.jpg\"\/>\n\t\t\t\t\t\t\t\t<div class=\"ultv-video__play-icon  ultv-animation-none\" style=\"width:75px\"><svg height=\"100%\" version=\"1.1\" viewBox=\"0 0 68 48\" width=\"100%\"><path class=\"ultv-youtube-icon-bg\" d=\"m .66,37.62 c 0,0 .66,4.70 2.70,6.77 2.58,2.71 5.98,2.63 7.49,2.91 5.43,.52 23.10,.68 23.12,.68 .00,-1.3e-5 14.29,-0.02 23.81,-0.71 1.32,-0.15 4.22,-0.17 6.81,-2.89 2.03,-2.07 2.70,-6.77 2.70,-6.77 0,0 .67,-5.52 .67,-11.04 l 0,-5.17 c 0,-5.52 -0.67,-11.04 -0.67,-11.04 0,0 -0.66,-4.70 -2.70,-6.77 C 62.03,.86 59.13,.84 57.80,.69 48.28,0 34.00,0 34.00,0 33.97,0 19.69,0 10.18,.69 8.85,.84 5.95,.86 3.36,3.58 1.32,5.65 .66,10.35 .66,10.35 c 0,0 -0.55,4.50 -0.66,9.45 l 0,8.36 c .10,4.94 .66,9.45 .66,9.45 z\" fill=\"#1f1f1e\" ><\/path><path d=\"m 26.96,13.67 18.37,9.62 -18.37,9.55 -0.00,-19.17 z\" fill=\"#fff\"><\/path><path d=\"M 45.02,23.46 45.32,23.28 26.96,13.67 43.32,22.34 45.02,23.46 z\" fill=\"#ccc\"><\/path><\/svg><\/div> <\/div> <\/div><\/div><\/div>[\/vc_column][\/vc_row][vc_row bg_type=&#8220;bg_color&#8220; bg_override=&#8220;full&#8220; bg_color_value=&#8220;#e7e6e5&#8243; css=&#8220;.vc_custom_1684936601656{padding-top: 60px !important;padding-bottom: 60px !important;}&#8220;][vc_column][vc_column_text]<\/p>\n<h2>Zus\u00e4tzlicher Support<\/h2>\n<p>[\/vc_column_text][vc_empty_space][vc_column_text]<a href=\"https:\/\/spyder-support.datacolor.com\/hc\/de\/requests\/new\" target=\"_blank\" rel=\"noopener\">Bitte kontaktieren Sie uns<\/a> f\u00fcr etwaige Fragen oder Anmerkungen.<\/p>\n<p>Zus\u00e4tzliche Hilfe und Informationen, darunter auch unsere FAQ, finden Sie in unserer <a href=\"https:\/\/spyder-support.datacolor.com\/hc\/de\" target=\"_blank\" rel=\"noopener\">Wissensdatenbank<\/a>.[\/vc_column_text][\/vc_column][\/vc_row]<\/p>\n<\/div>","protected":false},"excerpt":{"rendered":"<p>[vc_row css=&#8220;.vc_custom_1684849056130{padding-bottom: 60px !important;}&#8220;][vc_column width=&#8220;1\/2&#8243;][vc_column_text] Sch\u00f6n, dass Sie sich f\u00fcr den Spyder Checkr entschieden haben! [\/vc_column_text][vc_empty_space][vc_column_text]Sch\u00f6n, dass Sie sich f\u00fcr den neuen Datacolor\u00ae Spyder Checkr entschieden haben! Diese Seite soll Ihnen den Einstieg in die Verwendung Ihres neuen Werkzeugs f\u00fcr pr\u00e4zise Farben erleichtern. Dar\u00fcber hinaus laden wir Sie herzlich ein, die unten aufgef\u00fchrten Support-Ressourcen zu &hellip;<\/p>\n","protected":false},"author":3,"featured_media":0,"parent":0,"menu_order":0,"comment_status":"closed","ping_status":"closed","template":"","meta":{"_acf_changed":false,"footnotes":""},"class_list":["post-29199","page","type-page","status-publish","hentry"],"acf":[],"_links":{"self":[{"href":"https:\/\/www.datacolor.com\/spyder\/de\/wp-json\/wp\/v2\/pages\/29199","targetHints":{"allow":["GET"]}}],"collection":[{"href":"https:\/\/www.datacolor.com\/spyder\/de\/wp-json\/wp\/v2\/pages"}],"about":[{"href":"https:\/\/www.datacolor.com\/spyder\/de\/wp-json\/wp\/v2\/types\/page"}],"author":[{"embeddable":true,"href":"https:\/\/www.datacolor.com\/spyder\/de\/wp-json\/wp\/v2\/users\/3"}],"replies":[{"embeddable":true,"href":"https:\/\/www.datacolor.com\/spyder\/de\/wp-json\/wp\/v2\/comments?post=29199"}],"version-history":[{"count":0,"href":"https:\/\/www.datacolor.com\/spyder\/de\/wp-json\/wp\/v2\/pages\/29199\/revisions"}],"wp:attachment":[{"href":"https:\/\/www.datacolor.com\/spyder\/de\/wp-json\/wp\/v2\/media?parent=29199"}],"curies":[{"name":"wp","href":"https:\/\/api.w.org\/{rel}","templated":true}]}}