{"id":29275,"date":"2023-05-25T14:00:22","date_gmt":"2023-05-25T14:00:22","guid":{"rendered":"https:\/\/new.spyder.datacolor.eu\/spyder\/welcome-to-spyder-print\/"},"modified":"2023-06-15T13:06:58","modified_gmt":"2023-06-15T13:06:58","slug":"welcome-to-spyder-print","status":"publish","type":"page","link":"https:\/\/www.datacolor.com\/spyder\/de\/welcome-to-spyder-print\/","title":{"rendered":"Welcome to Spyder Print"},"content":{"rendered":"<div class=\"wpb-content-wrapper\"><p>[vc_row css=&#8220;.vc_custom_1684849056130{padding-bottom: 60px !important;}&#8220;][vc_column width=&#8220;1\/2&#8243;][vc_column_text]<\/p>\n<h1 class=\"mainheader\">Sch\u00f6n, dass Sie sich f\u00fcr den Spyder Print entschieden haben!<\/h1>\n<p>[\/vc_column_text][vc_empty_space][vc_column_text]Sch\u00f6n, dass Sie sich f\u00fcr den neuen Datacolor Spyder Print entschieden haben! Diese Seite soll Ihnen den Einstieg in die Verwendung Ihres neuen Werkzeugs f\u00fcr pr\u00e4zise Farben erleichtern. Dar\u00fcber hinaus laden wir Sie herzlich ein, die unten aufgef\u00fchrten Support-Ressourcen zu nutzen, damit Sie Antworten auf alle Ihre Fragen erhalten.<br \/>\n[\/vc_column_text][vc_empty_space][\/vc_column][vc_column width=&#8220;1\/2&#8243;][vc_empty_space][vc_single_image image=&#8220;28748&#8243; img_size=&#8220;750&#215;500&#8243; alignment=&#8220;center&#8220;][\/vc_column][\/vc_row][vc_row bg_type=&#8220;bg_color&#8220; bg_override=&#8220;full&#8220; css=&#8220;.vc_custom_1684849083602{padding-top: 60px !important;padding-bottom: 60px !important;}&#8220; bg_color_value=&#8220;#e7e6e5&#8243;][vc_column width=&#8220;2\/3&#8243;][vc_column_text]<\/p>\n<h2>Download der Software<\/h2>\n<p>Klicken Sie auf das entsprechende Produkt und Betriebssystem, um den Download zu starten.<\/p>\n<p>\u00dcberpr\u00fcfen Sie unbedingt die <a href=\"https:\/\/spyderx.datacolor.com\/datacolor-spyder-software-license\/\" target=\"_blank\" rel=\"noopener\">Datacolor-Softwarelizenz<\/a>.[\/vc_column_text][\/vc_column][vc_column width=&#8220;1\/3&#8243;]<div class=\" ubtn-ctn-center btn_download\"><a class=\"ubtn-link ult-adjust-bottom-margin ubtn-center ubtn-custom btn_download\" href=\"https:\/\/goto.datacolor.com\/download\/s5sr100\/win\" target=\"_blank\" rel=\"noopener\" ><button type=\"button\" id=\"ubtn-6456\"  class=\"ubtn ult-adjust-bottom-margin ult-responsive ubtn-custom ubtn-no-hover-bg  none  ubtn-center   tooltip-69d0b1db9c627\"  data-hover=\"\" data-border-color=\"\" data-bg=\"#0a0a0a\" data-hover-bg=\"\" data-border-hover=\"\" data-shadow-hover=\"\" data-shadow-click=\"none\" data-shadow=\"\" data-shd-shadow=\"\"  data-ultimate-target='#ubtn-6456'  data-responsive-json-new='{\"font-size\":\"desktop:18px;\",\"line-height\":\"\"}'  style=\"font-weight:normal;width:210px;min-height:56px;padding:px px;border:none;background: #0a0a0a;color: #ffffff;\"><span class=\"ubtn-hover\" style=\"background-color:\"><\/span><span class=\"ubtn-data ubtn-text \" >Windows Software<\/span><\/button><\/a><\/div>[vc_empty_space]<div class=\" ubtn-ctn-center btn_download\"><a class=\"ubtn-link ult-adjust-bottom-margin ubtn-center ubtn-custom btn_download\" href=\"https:\/\/goto.datacolor.com\/download\/mac\/s5sr100\" target=\"_blank\" rel=\"noopener\" ><button type=\"button\" id=\"ubtn-6979\"  class=\"ubtn ult-adjust-bottom-margin ult-responsive ubtn-custom ubtn-no-hover-bg  none  ubtn-center   tooltip-69d0b1db9c6a7\"  data-hover=\"\" data-border-color=\"\" data-bg=\"#0a0a0a\" data-hover-bg=\"\" data-border-hover=\"\" data-shadow-hover=\"\" data-shadow-click=\"none\" data-shadow=\"\" data-shd-shadow=\"\"  data-ultimate-target='#ubtn-6979'  data-responsive-json-new='{\"font-size\":\"desktop:18px;\",\"line-height\":\"\"}'  style=\"font-weight:normal;width:210px;min-height:56px;padding:px px;border:none;background: #0a0a0a;color: #ffffff;\"><span class=\"ubtn-hover\" style=\"background-color:\"><\/span><span class=\"ubtn-data ubtn-text \" >MacOS Software<\/span><\/button><\/a><\/div>[vc_empty_space][\/vc_column][\/vc_row][vc_row css=&#8220;.vc_custom_1684935226551{margin-top: 60px !important;margin-bottom: 60px !important;border-top-width: 1px !important;border-right-width: 1px !important;border-bottom-width: 1px !important;border-left-width: 1px !important;padding-top: 30px !important;padding-right: 30px !important;padding-bottom: 30px !important;padding-left: 30px !important;border-left-color: #cccccc !important;border-left-style: solid !important;border-right-color: #cccccc !important;border-right-style: solid !important;border-top-color: #cccccc !important;border-top-style: solid !important;border-bottom-color: #cccccc !important;border-bottom-style: solid !important;border-radius: 3px !important;}&#8220;][vc_column][vc_column_text]<strong>Schnellstart<\/strong>[\/vc_column_text][vc_empty_space][vc_single_image image=&#8220;29316&#8243; img_size=&#8220;large&#8220; alignment=&#8220;center&#8220;][\/vc_column][\/vc_row][vc_row css=&#8220;.vc_custom_1684849442734{padding-top: 60px !important;padding-bottom: 60px !important;}&#8220;][vc_column][vc_column_text]<\/p>\n<h3>Handb\u00fccher<\/h3>\n<p>[\/vc_column_text][vc_empty_space][vc_column_text]Diese Anleitungen helfen Ihnen, den Spyder Checkr zu verstehen, und f\u00fchren Sie Schritt f\u00fcr Schritt durch einen Prozess f\u00fcr genaue und konsistente Farben auf all Ihren Fotos.<\/p>\n<p><a href=\"https:\/\/www.datacolor.com\/spyder\/wp-content\/uploads\/2023\/05\/Spyder-Print-User-Guide.pdf\">Benutzerhandbuch herunterladen<br \/>\n<\/a><br \/>\n<a href=\"https:\/\/www.datacolor.com\/spyder\/wp-content\/uploads\/2023\/05\/Spyder-Print-Quick-Start-Guide.pdf\">Schnellstartanleitung herunterladen<\/a>[\/vc_column_text][vc_empty_space][\/vc_column][\/vc_row][vc_row bg_type=&#8220;bg_color&#8220; bg_override=&#8220;full&#8220; bg_color_value=&#8220;#e7e6e5&#8243; css=&#8220;.vc_custom_1684935645315{padding-top: 60px !important;padding-bottom: 60px !important;}&#8220;][vc_column][vc_column_text]<\/p>\n<h2>Zus\u00e4tzlicher Support<\/h2>\n<p>[\/vc_column_text][vc_empty_space][vc_column_text]<a href=\"https:\/\/spyder-support.datacolor.com\/hc\/de\/requests\/new\" target=\"_blank\" rel=\"noopener\">Bitte kontaktieren Sie uns<\/a> f\u00fcr etwaige Fragen oder Anmerkungen.<\/p>\n<p>Zus\u00e4tzliche Hilfe und Informationen, darunter auch unsere FAQ, finden Sie in unserer <a href=\"https:\/\/spyder-support.datacolor.com\/hc\/de\" target=\"_blank\" rel=\"noopener\">Wissensdatenbank<\/a>.[\/vc_column_text][\/vc_column][\/vc_row]<\/p>\n<\/div>","protected":false},"excerpt":{"rendered":"<p>[vc_row css=&#8220;.vc_custom_1684849056130{padding-bottom: 60px !important;}&#8220;][vc_column width=&#8220;1\/2&#8243;][vc_column_text] Sch\u00f6n, dass Sie sich f\u00fcr den Spyder Print entschieden haben! [\/vc_column_text][vc_empty_space][vc_column_text]Sch\u00f6n, dass Sie sich f\u00fcr den neuen Datacolor Spyder Print entschieden haben! Diese Seite soll Ihnen den Einstieg in die Verwendung Ihres neuen Werkzeugs f\u00fcr pr\u00e4zise Farben erleichtern. Dar\u00fcber hinaus laden wir Sie herzlich ein, die unten aufgef\u00fchrten Support-Ressourcen zu &hellip;<\/p>\n","protected":false},"author":3,"featured_media":0,"parent":0,"menu_order":0,"comment_status":"closed","ping_status":"closed","template":"","meta":{"_acf_changed":false,"footnotes":""},"class_list":["post-29275","page","type-page","status-publish","hentry"],"acf":[],"_links":{"self":[{"href":"https:\/\/www.datacolor.com\/spyder\/de\/wp-json\/wp\/v2\/pages\/29275","targetHints":{"allow":["GET"]}}],"collection":[{"href":"https:\/\/www.datacolor.com\/spyder\/de\/wp-json\/wp\/v2\/pages"}],"about":[{"href":"https:\/\/www.datacolor.com\/spyder\/de\/wp-json\/wp\/v2\/types\/page"}],"author":[{"embeddable":true,"href":"https:\/\/www.datacolor.com\/spyder\/de\/wp-json\/wp\/v2\/users\/3"}],"replies":[{"embeddable":true,"href":"https:\/\/www.datacolor.com\/spyder\/de\/wp-json\/wp\/v2\/comments?post=29275"}],"version-history":[{"count":0,"href":"https:\/\/www.datacolor.com\/spyder\/de\/wp-json\/wp\/v2\/pages\/29275\/revisions"}],"wp:attachment":[{"href":"https:\/\/www.datacolor.com\/spyder\/de\/wp-json\/wp\/v2\/media?parent=29275"}],"curies":[{"name":"wp","href":"https:\/\/api.w.org\/{rel}","templated":true}]}}