{"id":29520,"date":"2023-05-31T12:26:52","date_gmt":"2023-05-31T12:26:52","guid":{"rendered":"https:\/\/new.spyder.datacolor.eu\/spyder\/welcome-to-spyder-x-studio\/"},"modified":"2023-05-31T13:46:37","modified_gmt":"2023-05-31T13:46:37","slug":"welcome-to-spyder-x-studio","status":"publish","type":"page","link":"https:\/\/www.datacolor.com\/spyder\/de\/welcome-to-spyder-x-studio\/","title":{"rendered":"Welcome to Spyder X Studio"},"content":{"rendered":"<div class=\"wpb-content-wrapper\"><p>[vc_row css=&#8220;.vc_custom_1684849056130{padding-bottom: 60px !important;}&#8220;][vc_column width=&#8220;1\/2&#8243;][vc_column_text]<\/p>\n<h1 class=\"mainheader\">Herzlichen Gl\u00fcckwunsch zu Ihrem neuen Spyder X Studio!<\/h1>\n<p>[\/vc_column_text][vc_empty_space][vc_column_text]Spyder X Studio ist eine umfassende und kosteng\u00fcnstige M\u00f6glichkeit, Ihre fotografische Vision zu realisieren. Sie k\u00f6nnen die Software f\u00fcr den Spyder X Studio von dieser Seite herunterladen, zusammen mit einer Kurzanleitung und einer Bedienungsanleitung f\u00fcr jedes der einzelnen Tools. Diese Anleitung leitet Sie Schritt f\u00fcr Schritt durch die Prozesse. Falls aber doch noch Fragen offen sein sollten, wenden Sie sich bitte an unsere Support-Team \u00fcber unser Ticket-System. Unser Support-Team antwortet schnell und kompetent, da es auch aus Fotografen besteht und somit ein ausgepr\u00e4gtes Bewusstsein f\u00fcr die Belange unserer Kunden hat.<br \/>\n[\/vc_column_text][vc_empty_space][\/vc_column][vc_column width=&#8220;1\/2&#8243;][vc_empty_space][vc_single_image image=&#8220;28695&#8243; img_size=&#8220;750&#215;500&#8243; alignment=&#8220;center&#8220;][\/vc_column][\/vc_row][vc_row bg_type=&#8220;bg_color&#8220; bg_override=&#8220;full&#8220; css=&#8220;.vc_custom_1684849083602{padding-top: 60px !important;padding-bottom: 60px !important;}&#8220; bg_color_value=&#8220;#e7e6e5&#8243;][vc_column width=&#8220;2\/3&#8243;][vc_column_text]<\/p>\n<h2>Download der Software<\/h2>\n<p>Klicken Sie auf das entsprechende Produkt und Betriebssystem, um den Download zu starten.<\/p>\n<p>\u00dcberpr\u00fcfen Sie unbedingt die <a href=\"https:\/\/spyderx.datacolor.com\/datacolor-spyder-software-license\/\" target=\"_blank\" rel=\"noopener\">Datacolor-Softwarelizenz<\/a>.[\/vc_column_text][\/vc_column][vc_column width=&#8220;1\/3&#8243;][vc_row_inner][vc_column_inner width=&#8220;1\/2&#8243;][vc_column_text]<strong>Spyder X Elite<\/strong>[\/vc_column_text][vc_empty_space height=&#8220;20px&#8220;]<div class=\" ubtn-ctn-left btn_download\"><a class=\"ubtn-link ult-adjust-bottom-margin ubtn-left ubtn-custom btn_download\" href=\"http:\/\/goto.datacolor.com\/download\/win\/sxe100\" target=\"_blank\" rel=\"noopener\" ><button type=\"button\" id=\"ubtn-1295\"  class=\"ubtn ult-adjust-bottom-margin ult-responsive ubtn-custom ubtn-no-hover-bg  none  ubtn-left   tooltip-69d0d831b1c31\"  data-hover=\"\" data-border-color=\"\" data-bg=\"#0a0a0a\" data-hover-bg=\"\" data-border-hover=\"\" data-shadow-hover=\"\" data-shadow-click=\"none\" data-shadow=\"\" data-shd-shadow=\"\"  data-ultimate-target='#ubtn-1295'  data-responsive-json-new='{\"font-size\":\"desktop:18px;\",\"line-height\":\"\"}'  style=\"font-weight:normal;width:210px;min-height:56px;padding:px px;border:none;background: #0a0a0a;color: #ffffff;\"><span class=\"ubtn-hover\" style=\"background-color:\"><\/span><span class=\"ubtn-data ubtn-text \" >Windows Software<\/span><\/button><\/a><\/div><div class=\" ubtn-ctn-left btn_download\"><a class=\"ubtn-link ult-adjust-bottom-margin ubtn-left ubtn-custom btn_download\" href=\"http:\/\/goto.datacolor.com\/download\/mac\/sxe100\" target=\"_blank\" rel=\"noopener\" ><button type=\"button\" id=\"ubtn-9449\"  class=\"ubtn ult-adjust-bottom-margin ult-responsive ubtn-custom ubtn-no-hover-bg  none  ubtn-left   tooltip-69d0d831b1caa\"  data-hover=\"\" data-border-color=\"\" data-bg=\"#0a0a0a\" data-hover-bg=\"\" data-border-hover=\"\" data-shadow-hover=\"\" data-shadow-click=\"none\" data-shadow=\"\" data-shd-shadow=\"\"  data-ultimate-target='#ubtn-9449'  data-responsive-json-new='{\"font-size\":\"desktop:18px;\",\"line-height\":\"\"}'  style=\"font-weight:normal;width:210px;min-height:56px;padding:px px;border:none;background: #0a0a0a;color: #ffffff;\"><span class=\"ubtn-hover\" style=\"background-color:\"><\/span><span class=\"ubtn-data ubtn-text \" >MacOS Software<\/span><\/button><\/a><\/div>[vc_empty_space][\/vc_column_inner][vc_column_inner width=&#8220;1\/2&#8243;][vc_column_text]<strong>Spyder Print<\/strong>[\/vc_column_text][vc_empty_space height=&#8220;20px&#8220;]<div class=\" ubtn-ctn-left btn_download\"><a class=\"ubtn-link ult-adjust-bottom-margin ubtn-left ubtn-custom btn_download\" href=\"https:\/\/goto.datacolor.com\/download\/Win\/S5SR100\" target=\"_blank\" rel=\"noopener\" ><button type=\"button\" id=\"ubtn-7289\"  class=\"ubtn ult-adjust-bottom-margin ult-responsive ubtn-custom ubtn-no-hover-bg  none  ubtn-left   tooltip-69d0d831b1cde\"  data-hover=\"\" data-border-color=\"\" data-bg=\"#0a0a0a\" data-hover-bg=\"\" data-border-hover=\"\" data-shadow-hover=\"\" data-shadow-click=\"none\" data-shadow=\"\" data-shd-shadow=\"\"  data-ultimate-target='#ubtn-7289'  data-responsive-json-new='{\"font-size\":\"desktop:18px;\",\"line-height\":\"\"}'  style=\"font-weight:normal;width:210px;min-height:56px;padding:px px;border:none;background: #0a0a0a;color: #ffffff;\"><span class=\"ubtn-hover\" style=\"background-color:\"><\/span><span class=\"ubtn-data ubtn-text \" >Windows Software<\/span><\/button><\/a><\/div><div class=\" ubtn-ctn-left btn_download\"><a class=\"ubtn-link ult-adjust-bottom-margin ubtn-left ubtn-custom btn_download\" href=\"https:\/\/goto.datacolor.com\/download\/Mac\/S5SR100\" target=\"_blank\" rel=\"noopener\" ><button type=\"button\" id=\"ubtn-6642\"  class=\"ubtn ult-adjust-bottom-margin ult-responsive ubtn-custom ubtn-no-hover-bg  none  ubtn-left   tooltip-69d0d831b1d0b\"  data-hover=\"\" data-border-color=\"\" data-bg=\"#0a0a0a\" data-hover-bg=\"\" data-border-hover=\"\" data-shadow-hover=\"\" data-shadow-click=\"none\" data-shadow=\"\" data-shd-shadow=\"\"  data-ultimate-target='#ubtn-6642'  data-responsive-json-new='{\"font-size\":\"desktop:18px;\",\"line-height\":\"\"}'  style=\"font-weight:normal;width:210px;min-height:56px;padding:px px;border:none;background: #0a0a0a;color: #ffffff;\"><span class=\"ubtn-hover\" style=\"background-color:\"><\/span><span class=\"ubtn-data ubtn-text \" >MacOS Software<\/span><\/button><\/a><\/div>[vc_empty_space][\/vc_column_inner][\/vc_row_inner][\/vc_column][\/vc_row][vc_row css=&#8220;.vc_custom_1684852847049{padding-top: 60px !important;padding-bottom: 60px !important;}&#8220;][vc_column][vc_column_text]<\/p>\n<h2>Die Produkte im Einzelnen<\/h2>\n<p>[\/vc_column_text][vc_empty_space][vc_row_inner][vc_column_inner width=&#8220;2\/3&#8243;][vc_column_text]<\/p>\n<h3>1. Spyder Cube<\/h3>\n<p>[\/vc_column_text][vc_empty_space][vc_column_text]Zur Einstellung von Wei\u00dfabgleich und RAW-Konvertierung. Im Gegensatz zu einer Graukarte k\u00f6nnen Sie mit Spyder Cube absolute Wei\u00df- und Schwarzwerte einstellen und gleichzeitig neutrales Grau definieren.<\/p>\n<p><a href=\"https:\/\/www.datacolor.com\/spyder\/wp-content\/uploads\/2023\/05\/Spyder-Cube-User-Guide.pdf\">Benutzerhandbuch herunterladen<br \/>\n<\/a><br \/>\n<a href=\"https:\/\/www.datacolor.com\/spyder\/wp-content\/uploads\/2023\/05\/Spyder-Cube-Quick-Start-Guide.pdf\">Schnellstartanleitung herunterladen<br \/>\n<\/a>[\/vc_column_text][vc_empty_space][\/vc_column_inner][vc_column_inner width=&#8220;1\/3&#8243;][vc_single_image image=&#8220;28525&#8243; img_size=&#8220;large&#8220; alignment=&#8220;center&#8220;][vc_empty_space][\/vc_column_inner][\/vc_row_inner][vc_row_inner css=&#8220;.vc_custom_1684853377170{border-top-width: 1px !important;border-right-width: 1px !important;border-bottom-width: 1px !important;border-left-width: 1px !important;padding-top: 30px !important;padding-right: 30px !important;padding-bottom: 30px !important;padding-left: 30px !important;border-left-color: #cccccc !important;border-left-style: solid !important;border-right-color: #cccccc !important;border-right-style: solid !important;border-top-color: #cccccc !important;border-top-style: solid !important;border-bottom-color: #cccccc !important;border-bottom-style: solid !important;border-radius: 3px !important;}&#8220;][vc_column_inner][vc_column_text]<strong>Schnellstart<\/strong>[\/vc_column_text][vc_empty_space][vc_single_image image=&#8220;28535&#8243; img_size=&#8220;large&#8220; alignment=&#8220;center&#8220;][vc_empty_space][\/vc_column_inner][\/vc_row_inner][vc_empty_space height=&#8220;60px&#8220;][vc_row_inner][vc_column_inner width=&#8220;2\/3&#8243;][vc_column_text]<\/p>\n<h3>2. Spyder X Elite<\/h3>\n<p>[\/vc_column_text][vc_empty_space][vc_column_text]Der schnellste, genaueste und benutzerfreundlichste Monitorkalibrier-Sensor, den Datacolor je entwickelt hat.<\/p>\n<p><a href=\"https:\/\/www.datacolor.com\/spyder\/wp-content\/uploads\/2023\/05\/SpyderX-User-Guide.pdf\">Benutzerhandbuch herunterladen<br \/>\n<\/a><br \/>\n<a href=\"https:\/\/www.datacolor.com\/spyder\/wp-content\/uploads\/2023\/05\/SpyderX-Quick-Start-Guide.pdf\">Schnellstartanleitung herunterladen<br \/>\n<\/a>[\/vc_column_text][vc_empty_space][\/vc_column_inner][vc_column_inner width=&#8220;1\/3&#8243;][vc_single_image image=&#8220;28596&#8243; img_size=&#8220;large&#8220; alignment=&#8220;center&#8220;][vc_empty_space][\/vc_column_inner][\/vc_row_inner][vc_row_inner css=&#8220;.vc_custom_1684853377170{border-top-width: 1px !important;border-right-width: 1px !important;border-bottom-width: 1px !important;border-left-width: 1px !important;padding-top: 30px !important;padding-right: 30px !important;padding-bottom: 30px !important;padding-left: 30px !important;border-left-color: #cccccc !important;border-left-style: solid !important;border-right-color: #cccccc !important;border-right-style: solid !important;border-top-color: #cccccc !important;border-top-style: solid !important;border-bottom-color: #cccccc !important;border-bottom-style: solid !important;border-radius: 3px !important;}&#8220;][vc_column_inner][vc_column_text]<strong>Schnellstart<\/strong>[\/vc_column_text][vc_empty_space][vc_single_image image=&#8220;28606&#8243; img_size=&#8220;large&#8220; alignment=&#8220;center&#8220;][vc_empty_space][\/vc_column_inner][\/vc_row_inner][vc_empty_space height=&#8220;60px&#8220;][vc_row_inner][vc_column_inner width=&#8220;2\/3&#8243;][vc_column_text]<\/p>\n<h3>3. Spyder Print<\/h3>\n<p>[\/vc_column_text][vc_empty_space][vc_column_text]Druckerprofilierung f\u00fcr jede Drucker\/Tinten\/Papier-Kombination.<\/p>\n<p><a href=\"https:\/\/www.datacolor.com\/spyder\/wp-content\/uploads\/2023\/05\/Spyder-Print-User-Guide.pdf\">Benutzerhandbuch herunterladen<br \/>\n<\/a><br \/>\n<a href=\"https:\/\/www.datacolor.com\/spyder\/wp-content\/uploads\/2023\/05\/Spyder-Print-Quick-Start-Guide.pdf\">Schnellstartanleitung herunterladen<\/a>[\/vc_column_text][vc_empty_space][\/vc_column_inner][vc_column_inner width=&#8220;1\/3&#8243;][vc_single_image image=&#8220;28726&#8243; img_size=&#8220;large&#8220; alignment=&#8220;center&#8220;][vc_empty_space][\/vc_column_inner][\/vc_row_inner][vc_row_inner css=&#8220;.vc_custom_1684853377170{border-top-width: 1px !important;border-right-width: 1px !important;border-bottom-width: 1px !important;border-left-width: 1px !important;padding-top: 30px !important;padding-right: 30px !important;padding-bottom: 30px !important;padding-left: 30px !important;border-left-color: #cccccc !important;border-left-style: solid !important;border-right-color: #cccccc !important;border-right-style: solid !important;border-top-color: #cccccc !important;border-top-style: solid !important;border-bottom-color: #cccccc !important;border-bottom-style: solid !important;border-radius: 3px !important;}&#8220;][vc_column_inner][vc_column_text]<strong>Schnellstart<\/strong>[\/vc_column_text][vc_empty_space][vc_single_image image=&#8220;28736&#8243; img_size=&#8220;large&#8220; alignment=&#8220;center&#8220;][vc_empty_space][\/vc_column_inner][\/vc_row_inner][\/vc_column][\/vc_row][vc_row bg_type=&#8220;bg_color&#8220; bg_override=&#8220;full&#8220; css=&#8220;.vc_custom_1684854122986{padding-top: 60px !important;padding-bottom: 60px !important;}&#8220; bg_color_value=&#8220;#e7e6e5&#8243;][vc_column][vc_column_text]<\/p>\n<h2>Zus\u00e4tzlicher Support<\/h2>\n<p>[\/vc_column_text][vc_empty_space][vc_column_text]<a href=\"https:\/\/spyder-support.datacolor.com\/hc\/de\/requests\/new\" target=\"_blank\" rel=\"noopener\">Bitte kontaktieren Sie uns<\/a> f\u00fcr etwaige Fragen oder Anmerkungen.<\/p>\n<p>Zus\u00e4tzliche Hilfe und Informationen, darunter auch unsere FAQ, finden Sie in unserer <a href=\"https:\/\/spyder-support.datacolor.com\/hc\/de\" target=\"_blank\" rel=\"noopener\">Wissensdatenbank<\/a>.[\/vc_column_text][vc_empty_space][\/vc_column][\/vc_row]<\/p>\n<\/div>","protected":false},"excerpt":{"rendered":"<p>[vc_row css=&#8220;.vc_custom_1684849056130{padding-bottom: 60px !important;}&#8220;][vc_column width=&#8220;1\/2&#8243;][vc_column_text] Herzlichen Gl\u00fcckwunsch zu Ihrem neuen Spyder X Studio! [\/vc_column_text][vc_empty_space][vc_column_text]Spyder X Studio ist eine umfassende und kosteng\u00fcnstige M\u00f6glichkeit, Ihre fotografische Vision zu realisieren. Sie k\u00f6nnen die Software f\u00fcr den Spyder X Studio von dieser Seite herunterladen, zusammen mit einer Kurzanleitung und einer Bedienungsanleitung f\u00fcr jedes der einzelnen Tools. Diese Anleitung leitet &hellip;<\/p>\n","protected":false},"author":3,"featured_media":0,"parent":0,"menu_order":0,"comment_status":"closed","ping_status":"closed","template":"","meta":{"_acf_changed":false,"footnotes":""},"class_list":["post-29520","page","type-page","status-publish","hentry"],"acf":[],"_links":{"self":[{"href":"https:\/\/www.datacolor.com\/spyder\/de\/wp-json\/wp\/v2\/pages\/29520","targetHints":{"allow":["GET"]}}],"collection":[{"href":"https:\/\/www.datacolor.com\/spyder\/de\/wp-json\/wp\/v2\/pages"}],"about":[{"href":"https:\/\/www.datacolor.com\/spyder\/de\/wp-json\/wp\/v2\/types\/page"}],"author":[{"embeddable":true,"href":"https:\/\/www.datacolor.com\/spyder\/de\/wp-json\/wp\/v2\/users\/3"}],"replies":[{"embeddable":true,"href":"https:\/\/www.datacolor.com\/spyder\/de\/wp-json\/wp\/v2\/comments?post=29520"}],"version-history":[{"count":0,"href":"https:\/\/www.datacolor.com\/spyder\/de\/wp-json\/wp\/v2\/pages\/29520\/revisions"}],"wp:attachment":[{"href":"https:\/\/www.datacolor.com\/spyder\/de\/wp-json\/wp\/v2\/media?parent=29520"}],"curies":[{"name":"wp","href":"https:\/\/api.w.org\/{rel}","templated":true}]}}