{"id":32809,"date":"2023-07-12T10:15:30","date_gmt":"2023-07-12T10:15:30","guid":{"rendered":"https:\/\/new.spyder.datacolor.eu\/spyder\/produkte\/promo-ema\/"},"modified":"2024-12-09T08:27:56","modified_gmt":"2024-12-09T08:27:56","slug":"black-friday-2024-ema","status":"publish","type":"page","link":"https:\/\/www.datacolor.com\/spyder\/de\/produkte\/black-friday-2024-ema\/","title":{"rendered":"Black Friday 2024"},"content":{"rendered":"<div class=\"wpb-content-wrapper\"><p>[vc_row][vc_column][vc_empty_space][vc_single_image image=&#8220;49244&#8243; img_size=&#8220;full&#8220; alignment=&#8220;center&#8220;][vc_empty_space height=&#8220;64px&#8220;][\/vc_column][\/vc_row][vc_row css=&#8220;.vc_custom_1683036079720{padding-bottom: 60px !important;}&#8220;][vc_column][vc_column_text css=&#8220;&#8220;]<\/p>\n<h1 style=\"text-align: center; font-weight: bold;\">Genie\u00dfen Sie die speziellen Black Friday Angebote von Datacolor!<\/h1>\n<p>&nbsp;<\/p>\n<p style=\"text-align: center;\">Wir bieten gro\u00dfartige Preisnachl\u00e4sse auf ausgew\u00e4hlte Spyder-Produkte f\u00fcr Fotografen, Videofilmer und Content Creators, einschlie\u00dflich unserer neuen 2024 Spyder- und SpyderPro-Kalibriersensoren. Beide kalibrieren die neuesten Display-Technologien wie OLED, Mini-LED und XDR und bieten zudem unsere exklusive Device Preview\u2122-Funktion, die simuliert, wie Ihr Content auf den neuesten Tablet- und Smartphones dargestellt wird. Lassen Sie sich diese Gelegenheit nicht entgehen!<\/p>\n<p style=\"font-size: 1.5em; text-align: center;\">G\u00fcltig vom: 18.11.2024 bis 06.01.2025<\/p>\n<p style=\"text-align: center;\">Nur g\u00fcltig in der EU\/UK\/CH<\/p>\n<p>[\/vc_column_text][vc_empty_space][\/vc_column][\/vc_row][vc_row][vc_column][vc_raw_html css=&#8220;&#8220;]JTVCZGNpLXNweWRlcnByb2R1Y3RzJTIwY2F0ZWdvcnklM0QlMjJwcm9tby1lbWElMjIlMjByZWdpb25vbmx5JTNEJTIyaWdub3JlJTIyJTIwJTJGJTVE[\/vc_raw_html][\/vc_column][\/vc_row]<\/p>\n<\/div>","protected":false},"excerpt":{"rendered":"<p>[vc_row][vc_column][vc_empty_space][vc_single_image image=&#8220;49244&#8243; img_size=&#8220;full&#8220; alignment=&#8220;center&#8220;][vc_empty_space height=&#8220;64px&#8220;][\/vc_column][\/vc_row][vc_row css=&#8220;.vc_custom_1683036079720{padding-bottom: 60px !important;}&#8220;][vc_column][vc_column_text css=&#8220;&#8220;] Genie\u00dfen Sie die speziellen Black Friday Angebote von Datacolor! &nbsp; Wir bieten gro\u00dfartige Preisnachl\u00e4sse auf ausgew\u00e4hlte Spyder-Produkte f\u00fcr Fotografen, Videofilmer und Content Creators, einschlie\u00dflich unserer neuen 2024 Spyder- und SpyderPro-Kalibriersensoren. Beide kalibrieren die neuesten Display-Technologien wie OLED, Mini-LED und XDR und bieten zudem unsere exklusive Device &hellip;<\/p>\n","protected":false},"author":2,"featured_media":0,"parent":24248,"menu_order":0,"comment_status":"closed","ping_status":"closed","template":"templates\/page-spyder-products.php","meta":{"_acf_changed":false,"footnotes":""},"class_list":["post-32809","page","type-page","status-publish","hentry"],"acf":[],"_links":{"self":[{"href":"https:\/\/www.datacolor.com\/spyder\/de\/wp-json\/wp\/v2\/pages\/32809","targetHints":{"allow":["GET"]}}],"collection":[{"href":"https:\/\/www.datacolor.com\/spyder\/de\/wp-json\/wp\/v2\/pages"}],"about":[{"href":"https:\/\/www.datacolor.com\/spyder\/de\/wp-json\/wp\/v2\/types\/page"}],"author":[{"embeddable":true,"href":"https:\/\/www.datacolor.com\/spyder\/de\/wp-json\/wp\/v2\/users\/2"}],"replies":[{"embeddable":true,"href":"https:\/\/www.datacolor.com\/spyder\/de\/wp-json\/wp\/v2\/comments?post=32809"}],"version-history":[{"count":0,"href":"https:\/\/www.datacolor.com\/spyder\/de\/wp-json\/wp\/v2\/pages\/32809\/revisions"}],"up":[{"embeddable":true,"href":"https:\/\/www.datacolor.com\/spyder\/de\/wp-json\/wp\/v2\/pages\/24248"}],"wp:attachment":[{"href":"https:\/\/www.datacolor.com\/spyder\/de\/wp-json\/wp\/v2\/media?parent=32809"}],"curies":[{"name":"wp","href":"https:\/\/api.w.org\/{rel}","templated":true}]}}